{"id":19899,"date":"2020-02-06T13:20:50","date_gmt":"2020-02-06T12:20:50","guid":{"rendered":"https:\/\/dispotech.test.ddss.ch\/impressum\/"},"modified":"2022-01-20T18:24:17","modified_gmt":"2022-01-20T17:24:17","slug":"impressum","status":"publish","type":"page","link":"https:\/\/dispotech.ch\/de\/impressum\/","title":{"rendered":"Impressum"},"content":{"rendered":"\n<h1 class=\"wp-block-heading\">IMPRESSUM<\/h1>\n\n\n\n<p>Dispotech Sagl<\/p>\n\n\n\n<p>Via Fabrica Ragazzi 196A<\/p>\n\n\n\n<p>7742 Poschiavo<\/p>\n\n\n\n<p>Schweiz<\/p>\n\n\n\n<h1 class=\"wp-block-heading\">HANDELSREGISTER&nbsp;<\/h1>\n\n\n\n<p>Firmenname:&nbsp;Dispotech Sagl<\/p>\n\n\n\n<p>Nummer:&nbsp;CHE-330.001.017<\/p>\n\n\n\n<p>Gesellschaftsform:&nbsp;Sagl<\/p>\n\n\n\n<h1 class=\"wp-block-heading\">MWSt&nbsp;NUMMER&nbsp;<\/h1>\n\n\n\n<h1 class=\"wp-block-heading\">AUSF\u00dcHRUNG&nbsp;<\/h1>\n\n\n\n<p>dynamicstudio&nbsp;GmbH,&nbsp;7742&nbsp;Poschiavo&nbsp;<\/p>\n\n\n\n<p>www.dynamicstudio.ch<br>\u00a9 alle Rechte vorbehalten. Wiedergabe, auch&nbsp;mittels Auszug,&nbsp;nur mit ausdr\u00fccklicher Zustimmung des Herausgebers.&nbsp;<\/p>\n\n\n\n<h1 class=\"wp-block-heading\">RECHTLICHE HINWEISE&nbsp;<\/h1>\n\n\n\n<p>Dispotech Sagl&nbsp;lehnt jegliche Verantwortung bez\u00fcglich der gelieferten Daten ab,&nbsp;garantiert weder die Genauigkeit noch die laufende Aktualisierung der genannten Daten,&nbsp;ist nicht verantwortlich f\u00fcr die Folgen von eventuell im Internet vorhandenen Fehlern,&nbsp;f\u00fcr von Dritten verursachte Sch\u00e4den,&nbsp;f\u00fcr den Inhalt von heruntergeladenen Files (Virus, Worm, Trojaner) und f\u00fcr Links zu anderen Webseiten. Dispotech Sagl&nbsp;f\u00fchrt keine Inhaltskontrollen und Kontrollen bez\u00fcglich Form&nbsp;von anderen Webseiten als shop.dispotech.ch&nbsp;durch.&nbsp;<\/p>\n\n\n\n<p>Dispotech Sagl&nbsp;garantiert nicht die korrekte Funktion von&nbsp;Hardware&nbsp;und&nbsp;Software,&nbsp;weist darauf hin, dass die genannte Webseite technische Ungenauigkeiten und Tippfehler enthalten kann und beh\u00e4lt sich vor die von der Webseite gelieferten Informationen jederzeit, ohne Vorwarnung zu ver\u00e4ndern oder zu aktualisieren.&nbsp;Das gleiche gilt f\u00fcr eventuelle Verbesserungen und\/oder Ver\u00e4nderungen der Produkte und der Programme bez\u00fcglich&nbsp;der oben genannten Webseite.&nbsp;<\/p>\n\n\n\n<p>Dispotech Sagl&nbsp;lehnt jegliche Verantwortung bez\u00fcglich direkten, indirekten, besonderen oder anderen&nbsp;Sch\u00e4den zu&nbsp;Lasten&nbsp;der Nutzer der Webseite oder Dritter, die auf die Nutzung der genannten Webseite oder verlinkter&nbsp;Webseiten zur\u00fcckzuf\u00fchren sind, ab.&nbsp;Des Weiteren wird jegliche Verantwortung&nbsp;bez\u00fcglich finanzieller Verluste, Funktionsausf\u00e4llen, Verlust von Programmen oder&nbsp;Verlust von&nbsp;auf Eurem informatischen System vorhandene Daten&nbsp;abgelehnt.&nbsp;Das gleiche gilt auch falls die Dispotech Sagl&nbsp;explizit die M\u00f6glichkeit eines Vorfalls der genannten Sch\u00e4den&nbsp;kommuniziert. Cookies sind Daten, die von einer Webseite an den Browser des Nutzers gesendet werden, um auf einer Datenbank basierende Systeme zu unterst\u00fctzen.&nbsp;Der Nutzer kann jedoch seinen Browser&nbsp;so einstellen, dass dieser den Empfang eines Cookies&nbsp;im Voraus&nbsp;erkennt. Auf diese Weise kann der Nutzer&nbsp;selbst&nbsp;\u00fcber den Erhalt eines Cookies bestimmen.&nbsp;<\/p>\n\n\n\n<p>Dispotech Sagl&nbsp;lehnt jegliche Verantwortung bez\u00fcglich Links und&nbsp;Referenzierte&nbsp;Webseiten Dritter&nbsp;ab.&nbsp;Das Risiko beim Zutritt und der Nutzung solcher Webseiten liegt beim Nutzer.&nbsp;<\/p>\n","protected":false},"excerpt":{"rendered":"<p>IMPRESSUM Dispotech Sagl Via Fabrica Ragazzi 196A 7742 Poschiavo Schweiz HANDELSREGISTER&nbsp; Firmenname:&nbsp;Dispotech Sagl Nummer:&nbsp;CHE-330.001.017 Gesellschaftsform:&nbsp;Sagl MWSt&nbsp;NUMMER&nbsp; AUSF\u00dcHRUNG&nbsp; dynamicstudio&nbsp;GmbH,&nbsp;7742&nbsp;Poschiavo&nbsp; www.dynamicstudio.ch\u00a9 alle Rechte vorbehalten. Wiedergabe, auch&nbsp;mittels Auszug,&nbsp;nur mit ausdr\u00fccklicher Zustimmung des Herausgebers.&nbsp; RECHTLICHE HINWEISE&nbsp; Dispotech Sagl&nbsp;lehnt jegliche Verantwortung bez\u00fcglich der gelieferten Daten ab,&nbsp;garantiert weder die Genauigkeit noch die laufende Aktualisierung der genannten Daten,&nbsp;ist nicht verantwortlich f\u00fcr die [&hellip;]<\/p>\n","protected":false},"author":1,"featured_media":0,"parent":0,"menu_order":0,"comment_status":"closed","ping_status":"closed","template":"","meta":{"_acf_changed":false,"footnotes":""},"class_list":["post-19899","page","type-page","status-publish","hentry"],"acf":[],"yoast_head":"<!-- This site is optimized with the Yoast SEO plugin v27.3 - https:\/\/yoast.com\/product\/yoast-seo-wordpress\/ -->\n<title>Impressum - Dispotech Shop<\/title>\n<meta name=\"robots\" content=\"index, follow, max-snippet:-1, max-image-preview:large, max-video-preview:-1\" \/>\n<link rel=\"canonical\" href=\"https:\/\/dispotech.ch\/de\/impressum\/\" \/>\n<meta property=\"og:locale\" content=\"de_DE\" \/>\n<meta property=\"og:type\" content=\"article\" \/>\n<meta property=\"og:title\" content=\"Impressum - Dispotech Shop\" \/>\n<meta property=\"og:description\" content=\"IMPRESSUM Dispotech Sagl Via Fabrica Ragazzi 196A 7742 Poschiavo Schweiz HANDELSREGISTER&nbsp; Firmenname:&nbsp;Dispotech Sagl Nummer:&nbsp;CHE-330.001.017 Gesellschaftsform:&nbsp;Sagl MWSt&nbsp;NUMMER&nbsp; AUSF\u00dcHRUNG&nbsp; dynamicstudio&nbsp;GmbH,&nbsp;7742&nbsp;Poschiavo&nbsp; www.dynamicstudio.ch\u00a9 alle Rechte vorbehalten. Wiedergabe, auch&nbsp;mittels Auszug,&nbsp;nur mit ausdr\u00fccklicher Zustimmung des Herausgebers.&nbsp; RECHTLICHE HINWEISE&nbsp; Dispotech Sagl&nbsp;lehnt jegliche Verantwortung bez\u00fcglich der gelieferten Daten ab,&nbsp;garantiert weder die Genauigkeit noch die laufende Aktualisierung der genannten Daten,&nbsp;ist nicht verantwortlich f\u00fcr die [&hellip;]\" \/>\n<meta property=\"og:url\" content=\"https:\/\/dispotech.ch\/de\/impressum\/\" \/>\n<meta property=\"og:site_name\" content=\"Dispotech Shop\" \/>\n<meta property=\"article:modified_time\" content=\"2022-01-20T17:24:17+00:00\" \/>\n<meta name=\"twitter:card\" content=\"summary_large_image\" \/>\n<meta name=\"twitter:label1\" content=\"Gesch\u00e4tzte Lesezeit\" \/>\n\t<meta name=\"twitter:data1\" content=\"2\u00a0Minuten\" \/>\n<script type=\"application\/ld+json\" class=\"yoast-schema-graph\">{\"@context\":\"https:\\\/\\\/schema.org\",\"@graph\":[{\"@type\":\"WebPage\",\"@id\":\"https:\\\/\\\/dispotech.ch\\\/de\\\/impressum\\\/\",\"url\":\"https:\\\/\\\/dispotech.ch\\\/de\\\/impressum\\\/\",\"name\":\"Impressum - Dispotech Shop\",\"isPartOf\":{\"@id\":\"https:\\\/\\\/dispotech.ch\\\/#website\"},\"datePublished\":\"2020-02-06T12:20:50+00:00\",\"dateModified\":\"2022-01-20T17:24:17+00:00\",\"breadcrumb\":{\"@id\":\"https:\\\/\\\/dispotech.ch\\\/de\\\/impressum\\\/#breadcrumb\"},\"inLanguage\":\"de\",\"potentialAction\":[{\"@type\":\"ReadAction\",\"target\":[\"https:\\\/\\\/dispotech.ch\\\/de\\\/impressum\\\/\"]}]},{\"@type\":\"BreadcrumbList\",\"@id\":\"https:\\\/\\\/dispotech.ch\\\/de\\\/impressum\\\/#breadcrumb\",\"itemListElement\":[{\"@type\":\"ListItem\",\"position\":1,\"name\":\"Home\",\"item\":\"https:\\\/\\\/dispotech.ch\\\/de\\\/\"},{\"@type\":\"ListItem\",\"position\":2,\"name\":\"Impressum\"}]},{\"@type\":\"WebSite\",\"@id\":\"https:\\\/\\\/dispotech.ch\\\/#website\",\"url\":\"https:\\\/\\\/dispotech.ch\\\/\",\"name\":\"Dispotech Shop\",\"description\":\"\",\"potentialAction\":[{\"@type\":\"SearchAction\",\"target\":{\"@type\":\"EntryPoint\",\"urlTemplate\":\"https:\\\/\\\/dispotech.ch\\\/?s={search_term_string}\"},\"query-input\":{\"@type\":\"PropertyValueSpecification\",\"valueRequired\":true,\"valueName\":\"search_term_string\"}}],\"inLanguage\":\"de\"}]}<\/script>\n<!-- \/ Yoast SEO plugin. -->","yoast_head_json":{"title":"Impressum - Dispotech Shop","robots":{"index":"index","follow":"follow","max-snippet":"max-snippet:-1","max-image-preview":"max-image-preview:large","max-video-preview":"max-video-preview:-1"},"canonical":"https:\/\/dispotech.ch\/de\/impressum\/","og_locale":"de_DE","og_type":"article","og_title":"Impressum - Dispotech Shop","og_description":"IMPRESSUM Dispotech Sagl Via Fabrica Ragazzi 196A 7742 Poschiavo Schweiz HANDELSREGISTER&nbsp; Firmenname:&nbsp;Dispotech Sagl Nummer:&nbsp;CHE-330.001.017 Gesellschaftsform:&nbsp;Sagl MWSt&nbsp;NUMMER&nbsp; AUSF\u00dcHRUNG&nbsp; dynamicstudio&nbsp;GmbH,&nbsp;7742&nbsp;Poschiavo&nbsp; www.dynamicstudio.ch\u00a9 alle Rechte vorbehalten. Wiedergabe, auch&nbsp;mittels Auszug,&nbsp;nur mit ausdr\u00fccklicher Zustimmung des Herausgebers.&nbsp; RECHTLICHE HINWEISE&nbsp; Dispotech Sagl&nbsp;lehnt jegliche Verantwortung bez\u00fcglich der gelieferten Daten ab,&nbsp;garantiert weder die Genauigkeit noch die laufende Aktualisierung der genannten Daten,&nbsp;ist nicht verantwortlich f\u00fcr die [&hellip;]","og_url":"https:\/\/dispotech.ch\/de\/impressum\/","og_site_name":"Dispotech Shop","article_modified_time":"2022-01-20T17:24:17+00:00","twitter_card":"summary_large_image","twitter_misc":{"Gesch\u00e4tzte Lesezeit":"2\u00a0Minuten"},"schema":{"@context":"https:\/\/schema.org","@graph":[{"@type":"WebPage","@id":"https:\/\/dispotech.ch\/de\/impressum\/","url":"https:\/\/dispotech.ch\/de\/impressum\/","name":"Impressum - Dispotech Shop","isPartOf":{"@id":"https:\/\/dispotech.ch\/#website"},"datePublished":"2020-02-06T12:20:50+00:00","dateModified":"2022-01-20T17:24:17+00:00","breadcrumb":{"@id":"https:\/\/dispotech.ch\/de\/impressum\/#breadcrumb"},"inLanguage":"de","potentialAction":[{"@type":"ReadAction","target":["https:\/\/dispotech.ch\/de\/impressum\/"]}]},{"@type":"BreadcrumbList","@id":"https:\/\/dispotech.ch\/de\/impressum\/#breadcrumb","itemListElement":[{"@type":"ListItem","position":1,"name":"Home","item":"https:\/\/dispotech.ch\/de\/"},{"@type":"ListItem","position":2,"name":"Impressum"}]},{"@type":"WebSite","@id":"https:\/\/dispotech.ch\/#website","url":"https:\/\/dispotech.ch\/","name":"Dispotech Shop","description":"","potentialAction":[{"@type":"SearchAction","target":{"@type":"EntryPoint","urlTemplate":"https:\/\/dispotech.ch\/?s={search_term_string}"},"query-input":{"@type":"PropertyValueSpecification","valueRequired":true,"valueName":"search_term_string"}}],"inLanguage":"de"}]}},"_links":{"self":[{"href":"https:\/\/dispotech.ch\/de\/wp-json\/wp\/v2\/pages\/19899","targetHints":{"allow":["GET"]}}],"collection":[{"href":"https:\/\/dispotech.ch\/de\/wp-json\/wp\/v2\/pages"}],"about":[{"href":"https:\/\/dispotech.ch\/de\/wp-json\/wp\/v2\/types\/page"}],"author":[{"embeddable":true,"href":"https:\/\/dispotech.ch\/de\/wp-json\/wp\/v2\/users\/1"}],"replies":[{"embeddable":true,"href":"https:\/\/dispotech.ch\/de\/wp-json\/wp\/v2\/comments?post=19899"}],"version-history":[{"count":5,"href":"https:\/\/dispotech.ch\/de\/wp-json\/wp\/v2\/pages\/19899\/revisions"}],"predecessor-version":[{"id":21597,"href":"https:\/\/dispotech.ch\/de\/wp-json\/wp\/v2\/pages\/19899\/revisions\/21597"}],"wp:attachment":[{"href":"https:\/\/dispotech.ch\/de\/wp-json\/wp\/v2\/media?parent=19899"}],"curies":[{"name":"wp","href":"https:\/\/api.w.org\/{rel}","templated":true}]}}