{"id":19902,"date":"2020-02-06T13:27:58","date_gmt":"2020-02-06T12:27:58","guid":{"rendered":"https:\/\/dispotech.test.ddss.ch\/datenschutz\/"},"modified":"2022-01-20T18:18:58","modified_gmt":"2022-01-20T17:18:58","slug":"datenschutz","status":"publish","type":"page","link":"https:\/\/dispotech.ch\/de\/datenschutz\/","title":{"rendered":"DATENSCHUTZ"},"content":{"rendered":"\n<h1 class=\"wp-block-heading\"><strong>DATENSCHUTZ&nbsp;<\/strong><\/h1>\n\n\n\n<p>Wir legen grossen Wert auf die Sicherheit der pers\u00f6nlichen Daten unserer Nutzer.<br>Alle Daten werden vertraulich und gem\u00e4ss den geltenden Gesetzen behandelt.&nbsp;<\/p>\n\n\n\n<p>Gem\u00e4ss Artikel 13 der Bundesverfassung und&nbsp;den staatlichen Normen zum&nbsp;Datenschutz&nbsp;(Bundesgesetz \u00fcber den&nbsp;Datenschutz DSG) hat jede Person das Recht auf den Schutz der Privatsph\u00e4re und den Schutz gegen eine unsachgem\u00e4sse Anwendung der pers\u00f6nlichen Daten.&nbsp;Wir respektieren diese Normen und garantieren, dass die pers\u00f6nlichen Daten vertraulich behandelt werden und nicht an Dritte verkauft oder weitergereicht werden.&nbsp;<\/p>\n\n\n\n<p>Ausserdem sehen&nbsp;wir&nbsp;es als&nbsp;unsere Pflicht&nbsp;das europ\u00e4ische Reglement bez\u00fcglich der Privatsph\u00e4re und den Schutz der pers\u00f6nlichen Daten zu respektieren&nbsp;(GDPR).&nbsp;<\/p>\n\n\n\n<p>Beim Einloggen auf unsere Webseite werden folgende Daten gespeichert:&nbsp;IP-Adresse, Datum, Uhrzeit, Browseranfrage und allgemeine Informationen&nbsp;bez\u00fcglich verwendeten Betriebssystems&nbsp;und Browser.&nbsp;Diese Verbraucherdaten bilden die Grundlage f\u00fcr anonyme statistische Auswertungen,&nbsp;damit die Tendenzen der Besucher besser identifiziert werden k\u00f6nnen und dementsprechend unser Angebot verbessert werden kann.&nbsp;<\/p>\n\n\n\n<p>Falls&nbsp;pers\u00f6nliche Daten&nbsp;wie Name, Adresse, E-Mail&nbsp;verlangt werden, ist die Angabe dieser Daten immer freiwillig.&nbsp;Alle gesammelten Daten werden nicht ohne explizite Erlaubnis an Dritte weitergegeben.&nbsp;<\/p>\n\n\n\n<h1 class=\"wp-block-heading\"><strong>LOGFILE AUF DEM SERVER&nbsp;<\/strong><\/h1>\n\n\n\n<p>Der Provider des&nbsp;Hostings&nbsp;greift automatisch auf einige Informationen zu und speichert diese in eigens daf\u00fcr vorgesehenen Files, sogenannten \u00abLog\u2013Files\u00bb.&nbsp;<br>Die Informationen, die gespeichert werden sind:&nbsp;Browser-Typ und -Version,&nbsp;verwendetes Betriebssystem,&nbsp;Herkunfts-URL,&nbsp;Hostname des Ursprungs-Computers, Uhrzeit der Serveranfrage.&nbsp;<br>Diese Daten k\u00f6nnen keiner spezifischen Person zugeordnet werden und werden nicht mit anderen Datentypen gepaart.&nbsp;Wir behalten uns das Recht vor alle Daten aus&nbsp;Sicherheitsgr\u00fcnden,&nbsp;wegen \u00dcbergriffen und unlauterer Nutzung der Webseite zu&nbsp;\u00fcberpr\u00fcfen.&nbsp;<\/p>\n\n\n\n<h1 class=\"wp-block-heading\"><strong>KONTAKTFORMULAR&nbsp;<\/strong><\/h1>\n\n\n\n<p>Bei einer allf\u00e4lligen Anwendung der auf der Webseite vorhandenen Kontaktformulare werden alle gelieferten pers\u00f6nlichen Daten gespeichert und verarbeitet, um der Anfrage nachkommen zu k\u00f6nnen.&nbsp;Diese Daten werden wir ohne explizite Erlaubnis niemals an Dritte weitergeben.&nbsp;<\/p>\n\n\n\n<h1 class=\"wp-block-heading\"><strong>SSL-SICHERHEIT&nbsp;<\/strong><\/h1>\n\n\n\n<p>Diese Webseite verwendet aus Sicherheitsgr\u00fcnden und&nbsp;zwecks Schutzes&nbsp;des sensiblen Datenverkehrs die&nbsp;SSL-Verschl\u00fcsselung.&nbsp;Man erkennt eine sichere Verbindung am Adressbalken des Browsers, wo ein gr\u00fcnes Vorh\u00e4ngeschloss sichtbar ist.\u202fWenn die SSL-Sicherheit aktiv ist, k\u00f6nnen die gesendeten Daten nicht von Dritten eingesehen werden.&nbsp;<\/p>\n\n\n\n<h1 class=\"wp-block-heading\"><strong>INFORMATIONSRECHT&nbsp;ODER L\u00d6SCHUNG&nbsp;<\/strong><\/h1>\n\n\n\n<p>Der Nutzer hat jederzeit das Recht zu wissen \u00fcber welche seiner pers\u00f6nlichen Daten wir verf\u00fcgen und wie diese genutzt werden.&nbsp;Wenn der Nutzer es w\u00fcnscht, k\u00f6nnen die Daten ge\u00e4ndert oder gel\u00f6scht werden.&nbsp;F\u00fcr weitere Informationen kann man sich jederzeit, mittels der auf der Webseite aufgef\u00fchrten Kontakte, mit uns in Verbindung setzen.&nbsp;&nbsp;<\/p>\n\n\n\n<h1 class=\"wp-block-heading\"><strong>COOKIES&nbsp;<\/strong><\/h1>\n\n\n\n<p>Cookies sind kleine Datentr\u00e4ger die vom Web-Server&nbsp;dem Navigationsger\u00e4t des Nutzers (Computer, Tablet, Smartphone, usw.)&nbsp;zur Verf\u00fcgung gestellt werden, um die Nutzung von&nbsp;verschiedenen Dienstleistungen&nbsp;zu erlauben. Cookies k\u00f6nnen das vom Nutzer verwendete Ger\u00e4t nicht&nbsp;besch\u00e4digen und enthalten keine Viren.&nbsp;Die Mehrheit der Cookies&nbsp;werden&nbsp;als \u201eSessions-Cookies\u201e&nbsp;bezeichnet und&nbsp;verschwinden automatisch wenn der Nutzer die Webseite schliesst.&nbsp;Andere Cookies hingegen bleiben auf den Ger\u00e4ten gespeichert bis sie&nbsp;manuell entfernt werden.&nbsp;Es ist m\u00f6glich jeden Browser so einzustellen, dass die Cookies nur f\u00fcr bestimmte Webseiten erscheinen oder man kann die automatische L\u00f6schfunktion f\u00fcr alle Cookies beim Schliessen des Browsers festlegen.&nbsp;Das Deaktivieren bestimmter Cookies f\u00fcr diese Webseite k\u00f6nnte einige Funktionen beeintr\u00e4chtigen.&nbsp;<\/p>\n\n\n\n<h1 class=\"wp-block-heading\"><strong>VON DRITTEN VERWALTETE COOKIES&nbsp;<\/strong><\/h1>\n\n\n\n<p>Unsere Lieferanten k\u00f6nnen&nbsp;ihrerseits Cookies installieren, damit die&nbsp;Dienstleistungen,&nbsp;die wir Ihnen anbieten korrekt funktionieren.&nbsp;Falls Sie Informationen bez\u00fcglich der Cookies von Dritten haben m\u00f6chten und wie man diese&nbsp;deaktiviert, bitten wir Sie die folgend aufgef\u00fchrten Links zu bet\u00e4tigen.&nbsp;<\/p>\n\n\n\n<p><strong>GOOGLE MAPS,&nbsp;<\/strong><strong>TECHNISCH UNERL\u00c4SSLICHES&nbsp;<\/strong><strong>COOKIE<\/strong><strong>&nbsp;<\/strong>&nbsp;<\/p>\n\n\n\n<p>Vertiefung:\u202f<a href=\"http:\/\/www.google.com\/intl\/it\/policies\/technologies\/cookies\/\">www.google.com\/intl\/it\/policies\/technologies\/cookies\/<\/a>\u202f\u202f&nbsp;<\/p>\n\n\n\n<p><strong>INFORMATION ZUR PRIVATSPH\u00c4RE F\u00dcR DIE VERWENDUNG VON FACEBOOK<\/strong><strong>&nbsp;PLUGIN<\/strong><strong>S<\/strong><strong>&nbsp;(LIKE-BUTTON)<\/strong>&nbsp;<\/p>\n\n\n\n<p>Auf unseren Seiten sind die&nbsp;Social\u2013Network-Plugins von&nbsp;Facebook, 1601 South California Avenue, Palo Alto, CA 94304, USA, vorhanden. Die&nbsp;Facebook-Plugins k\u00f6nnen aufgrund des&nbsp;Facebook-Logos&nbsp;oder der \u201egef\u00e4llt mir\u201e&nbsp;Funktion innerhalb der Inhalte auf unserer Webseite erkannt werden.<br>Ein \u00dcberblick \u00fcber alle Facebook-Plugins&nbsp;ist auf dieser Seite ersichtlich:\u202f<a href=\"http:\/\/developers.facebook.com\/docs\/plugins\/\">developers.facebook.com\/docs\/plugins\/<\/a>&nbsp;<\/p>\n\n\n\n<p>Wenn Du unsere Seite besuchst, stellt der Plugin&nbsp;eine direkte Verbindung zwischen&nbsp;deinem Browser und den Facebook-Servern her. Facebook&nbsp;erh\u00e4lt die Information, dass Du unsere Seite mit&nbsp;deiner IP-Adresse besucht hast. Wenn Du auf den \u201egef\u00e4llt mir\u201e&nbsp;Button dr\u00fcckst&nbsp;kannst Du die Inhalte unserer Seite mit deinem Facebook-Profil verbinden. Demnach wird&nbsp;Facebook&nbsp;wissen, dass Du eine bestimmte Seite besucht und&nbsp;bewertet&nbsp;hast.&nbsp;Wir m\u00f6chten darauf hinweisen, dass uns der Inhalt der \u00fcbermittelten Daten und deren Verwendung durch Facebook nicht bekannt ist.&nbsp;Weitere Informationen sind auf der&nbsp;Privacy-Erkl\u00e4rung von Facebook auf dieser Seite erh\u00e4ltlich:\u202f<a href=\"https:\/\/www.facebook.com\/about\/privacy\/\">www.facebook.com\/about\/privacy\/<\/a>&nbsp;<\/p>\n\n\n\n<p>Falls Du nicht m\u00f6chtest, dass&nbsp;Facebook&nbsp;den Besuch unserer Seite mit deinem Account in Verbindung bringt, bitten wir Dich deinen Facebook Account zu verlassen.&nbsp;<\/p>\n\n\n\n<p><strong>INFORMATIONEN ZUR PRIVATSPH\u00c4RE<\/strong><strong>&nbsp;F\u00dcR DIE VERWENDUNG VON<\/strong><strong>&nbsp;GOOGLE ANALYTICS<\/strong>&nbsp;<\/p>\n\n\n\n<p>Diese Webseite nutzt&nbsp;Google Analytics,&nbsp;ein Analyse-Werkzeug f\u00fcrs Netz, das von&nbsp;Google Inc.&nbsp;zur Verf\u00fcgung gestellt wird und die sogenannten \u201eCookies\u201e&nbsp;generiert, also&nbsp;Textfiles,&nbsp;die auf dem Ger\u00e4t des Nutzers gespeichert werden und die Verwendung der Webseite analysieren.&nbsp;Die generierten Informationen werden an einen&nbsp;Google&nbsp;Server in den Vereinigten Staaten weitergeleitet und dort archiviert. Falls jedoch auf dieser Webseite die IP-Anonymisierung aktiviert ist, wird die&nbsp;IP-Adresse zum Voraus von Google f\u00fcr alle Mitgliedstaaten der Europ\u00e4ischen Union oder andere Parteien des Europ\u00e4ischen Wirtschaftsabkommens gekappt.&nbsp;<\/p>\n\n\n\n<p>Nur in ausserordentlichen F\u00e4llen wird die vollst\u00e4ndige IP-Adresse an einen Google Server gesendet und danach abgek\u00fcrzt. Google&nbsp;wird diese Informationen nutzen, um den Gebrauch&nbsp;der Webseite&nbsp;zu beurteilen, Rapporte und Statistiken zu erstellen. Google&nbsp;kann diese Informationen falls vom Gesetz vorgesehen an Dritte weiterleiten oder zwecks&nbsp;Datenverarbeitung im Auftrag von Google. Die&nbsp;IP-Adresse, die&nbsp;Google Analytics&nbsp;erh\u00e4lt wird nicht mit anderen Daten oder Google-Dienstleistungen in Verbindung gebracht.&nbsp;<\/p>\n","protected":false},"excerpt":{"rendered":"<p>DATENSCHUTZ&nbsp; Wir legen grossen Wert auf die Sicherheit der pers\u00f6nlichen Daten unserer Nutzer.Alle Daten werden vertraulich und gem\u00e4ss den geltenden Gesetzen behandelt.&nbsp; Gem\u00e4ss Artikel 13 der Bundesverfassung und&nbsp;den staatlichen Normen zum&nbsp;Datenschutz&nbsp;(Bundesgesetz \u00fcber den&nbsp;Datenschutz DSG) hat jede Person das Recht auf den Schutz der Privatsph\u00e4re und den Schutz gegen eine unsachgem\u00e4sse Anwendung der pers\u00f6nlichen Daten.&nbsp;Wir respektieren [&hellip;]<\/p>\n","protected":false},"author":1,"featured_media":0,"parent":0,"menu_order":0,"comment_status":"closed","ping_status":"closed","template":"","meta":{"_acf_changed":false,"footnotes":""},"class_list":["post-19902","page","type-page","status-publish","hentry"],"acf":[],"yoast_head":"<!-- This site is optimized with the Yoast SEO plugin v27.3 - https:\/\/yoast.com\/product\/yoast-seo-wordpress\/ -->\n<title>DATENSCHUTZ - Dispotech Shop<\/title>\n<meta name=\"robots\" content=\"index, follow, max-snippet:-1, max-image-preview:large, max-video-preview:-1\" \/>\n<link rel=\"canonical\" href=\"https:\/\/dispotech.ch\/de\/datenschutz\/\" \/>\n<meta property=\"og:locale\" content=\"de_DE\" \/>\n<meta property=\"og:type\" content=\"article\" \/>\n<meta property=\"og:title\" content=\"DATENSCHUTZ - Dispotech Shop\" \/>\n<meta property=\"og:description\" content=\"DATENSCHUTZ&nbsp; Wir legen grossen Wert auf die Sicherheit der pers\u00f6nlichen Daten unserer Nutzer.Alle Daten werden vertraulich und gem\u00e4ss den geltenden Gesetzen behandelt.&nbsp; Gem\u00e4ss Artikel 13 der Bundesverfassung und&nbsp;den staatlichen Normen zum&nbsp;Datenschutz&nbsp;(Bundesgesetz \u00fcber den&nbsp;Datenschutz DSG) hat jede Person das Recht auf den Schutz der Privatsph\u00e4re und den Schutz gegen eine unsachgem\u00e4sse Anwendung der pers\u00f6nlichen Daten.&nbsp;Wir respektieren [&hellip;]\" \/>\n<meta property=\"og:url\" content=\"https:\/\/dispotech.ch\/de\/datenschutz\/\" \/>\n<meta property=\"og:site_name\" content=\"Dispotech Shop\" \/>\n<meta property=\"article:modified_time\" content=\"2022-01-20T17:18:58+00:00\" \/>\n<meta name=\"twitter:card\" content=\"summary_large_image\" \/>\n<meta name=\"twitter:label1\" content=\"Gesch\u00e4tzte Lesezeit\" \/>\n\t<meta name=\"twitter:data1\" content=\"6\u00a0Minuten\" \/>\n<script type=\"application\/ld+json\" class=\"yoast-schema-graph\">{\"@context\":\"https:\\\/\\\/schema.org\",\"@graph\":[{\"@type\":\"WebPage\",\"@id\":\"https:\\\/\\\/dispotech.ch\\\/de\\\/datenschutz\\\/\",\"url\":\"https:\\\/\\\/dispotech.ch\\\/de\\\/datenschutz\\\/\",\"name\":\"DATENSCHUTZ - Dispotech Shop\",\"isPartOf\":{\"@id\":\"https:\\\/\\\/dispotech.ch\\\/#website\"},\"datePublished\":\"2020-02-06T12:27:58+00:00\",\"dateModified\":\"2022-01-20T17:18:58+00:00\",\"breadcrumb\":{\"@id\":\"https:\\\/\\\/dispotech.ch\\\/de\\\/datenschutz\\\/#breadcrumb\"},\"inLanguage\":\"de\",\"potentialAction\":[{\"@type\":\"ReadAction\",\"target\":[\"https:\\\/\\\/dispotech.ch\\\/de\\\/datenschutz\\\/\"]}]},{\"@type\":\"BreadcrumbList\",\"@id\":\"https:\\\/\\\/dispotech.ch\\\/de\\\/datenschutz\\\/#breadcrumb\",\"itemListElement\":[{\"@type\":\"ListItem\",\"position\":1,\"name\":\"Home\",\"item\":\"https:\\\/\\\/dispotech.ch\\\/de\\\/\"},{\"@type\":\"ListItem\",\"position\":2,\"name\":\"DATENSCHUTZ\"}]},{\"@type\":\"WebSite\",\"@id\":\"https:\\\/\\\/dispotech.ch\\\/#website\",\"url\":\"https:\\\/\\\/dispotech.ch\\\/\",\"name\":\"Dispotech Shop\",\"description\":\"\",\"potentialAction\":[{\"@type\":\"SearchAction\",\"target\":{\"@type\":\"EntryPoint\",\"urlTemplate\":\"https:\\\/\\\/dispotech.ch\\\/?s={search_term_string}\"},\"query-input\":{\"@type\":\"PropertyValueSpecification\",\"valueRequired\":true,\"valueName\":\"search_term_string\"}}],\"inLanguage\":\"de\"}]}<\/script>\n<!-- \/ Yoast SEO plugin. -->","yoast_head_json":{"title":"DATENSCHUTZ - Dispotech Shop","robots":{"index":"index","follow":"follow","max-snippet":"max-snippet:-1","max-image-preview":"max-image-preview:large","max-video-preview":"max-video-preview:-1"},"canonical":"https:\/\/dispotech.ch\/de\/datenschutz\/","og_locale":"de_DE","og_type":"article","og_title":"DATENSCHUTZ - Dispotech Shop","og_description":"DATENSCHUTZ&nbsp; Wir legen grossen Wert auf die Sicherheit der pers\u00f6nlichen Daten unserer Nutzer.Alle Daten werden vertraulich und gem\u00e4ss den geltenden Gesetzen behandelt.&nbsp; Gem\u00e4ss Artikel 13 der Bundesverfassung und&nbsp;den staatlichen Normen zum&nbsp;Datenschutz&nbsp;(Bundesgesetz \u00fcber den&nbsp;Datenschutz DSG) hat jede Person das Recht auf den Schutz der Privatsph\u00e4re und den Schutz gegen eine unsachgem\u00e4sse Anwendung der pers\u00f6nlichen Daten.&nbsp;Wir respektieren [&hellip;]","og_url":"https:\/\/dispotech.ch\/de\/datenschutz\/","og_site_name":"Dispotech Shop","article_modified_time":"2022-01-20T17:18:58+00:00","twitter_card":"summary_large_image","twitter_misc":{"Gesch\u00e4tzte Lesezeit":"6\u00a0Minuten"},"schema":{"@context":"https:\/\/schema.org","@graph":[{"@type":"WebPage","@id":"https:\/\/dispotech.ch\/de\/datenschutz\/","url":"https:\/\/dispotech.ch\/de\/datenschutz\/","name":"DATENSCHUTZ - Dispotech Shop","isPartOf":{"@id":"https:\/\/dispotech.ch\/#website"},"datePublished":"2020-02-06T12:27:58+00:00","dateModified":"2022-01-20T17:18:58+00:00","breadcrumb":{"@id":"https:\/\/dispotech.ch\/de\/datenschutz\/#breadcrumb"},"inLanguage":"de","potentialAction":[{"@type":"ReadAction","target":["https:\/\/dispotech.ch\/de\/datenschutz\/"]}]},{"@type":"BreadcrumbList","@id":"https:\/\/dispotech.ch\/de\/datenschutz\/#breadcrumb","itemListElement":[{"@type":"ListItem","position":1,"name":"Home","item":"https:\/\/dispotech.ch\/de\/"},{"@type":"ListItem","position":2,"name":"DATENSCHUTZ"}]},{"@type":"WebSite","@id":"https:\/\/dispotech.ch\/#website","url":"https:\/\/dispotech.ch\/","name":"Dispotech Shop","description":"","potentialAction":[{"@type":"SearchAction","target":{"@type":"EntryPoint","urlTemplate":"https:\/\/dispotech.ch\/?s={search_term_string}"},"query-input":{"@type":"PropertyValueSpecification","valueRequired":true,"valueName":"search_term_string"}}],"inLanguage":"de"}]}},"_links":{"self":[{"href":"https:\/\/dispotech.ch\/de\/wp-json\/wp\/v2\/pages\/19902","targetHints":{"allow":["GET"]}}],"collection":[{"href":"https:\/\/dispotech.ch\/de\/wp-json\/wp\/v2\/pages"}],"about":[{"href":"https:\/\/dispotech.ch\/de\/wp-json\/wp\/v2\/types\/page"}],"author":[{"embeddable":true,"href":"https:\/\/dispotech.ch\/de\/wp-json\/wp\/v2\/users\/1"}],"replies":[{"embeddable":true,"href":"https:\/\/dispotech.ch\/de\/wp-json\/wp\/v2\/comments?post=19902"}],"version-history":[{"count":2,"href":"https:\/\/dispotech.ch\/de\/wp-json\/wp\/v2\/pages\/19902\/revisions"}],"predecessor-version":[{"id":21590,"href":"https:\/\/dispotech.ch\/de\/wp-json\/wp\/v2\/pages\/19902\/revisions\/21590"}],"wp:attachment":[{"href":"https:\/\/dispotech.ch\/de\/wp-json\/wp\/v2\/media?parent=19902"}],"curies":[{"name":"wp","href":"https:\/\/api.w.org\/{rel}","templated":true}]}}