{"id":21281,"date":"2021-06-15T10:19:46","date_gmt":"2021-06-15T08:19:46","guid":{"rendered":"https:\/\/shop.dispotech.ch\/haendler\/"},"modified":"2024-09-12T17:30:02","modified_gmt":"2024-09-12T15:30:02","slug":"haendler","status":"publish","type":"page","link":"https:\/\/dispotech.ch\/de\/haendler\/","title":{"rendered":"H\u00e4ndler"},"content":{"rendered":"\n<div class=\"wp-block-cover is-light first-content fullheight\"><span aria-hidden=\"true\" class=\"wp-block-cover__background has-background-dim-0 has-background-dim\"><\/span><img loading=\"lazy\" decoding=\"async\" width=\"1920\" height=\"1080\" class=\"wp-block-cover__image-background wp-image-21489\" alt=\"\" src=\"https:\/\/dispotech.ch\/wp-content\/uploads\/2021\/11\/contatti.jpeg\" data-object-fit=\"cover\" srcset=\"https:\/\/dispotech.ch\/wp-content\/uploads\/2021\/11\/contatti.jpeg 1920w, https:\/\/dispotech.ch\/wp-content\/uploads\/2021\/11\/contatti-720x405.jpeg 720w, https:\/\/dispotech.ch\/wp-content\/uploads\/2021\/11\/contatti-800x450.jpeg 800w, https:\/\/dispotech.ch\/wp-content\/uploads\/2021\/11\/contatti-300x169.jpeg 300w, https:\/\/dispotech.ch\/wp-content\/uploads\/2021\/11\/contatti-1024x576.jpeg 1024w, https:\/\/dispotech.ch\/wp-content\/uploads\/2021\/11\/contatti-768x432.jpeg 768w, https:\/\/dispotech.ch\/wp-content\/uploads\/2021\/11\/contatti-1536x864.jpeg 1536w\" sizes=\"auto, (max-width: 1920px) 100vw, 1920px\" \/><div class=\"wp-block-cover__inner-container is-layout-flow wp-block-cover-is-layout-flow\">\n<div class=\"wp-block-columns is-layout-flex wp-container-core-columns-is-layout-9d6595d7 wp-block-columns-is-layout-flex\">\n<div class=\"wp-block-column wrapper is-layout-flow wp-block-column-is-layout-flow\">\n<h2 class=\"wp-block-heading uppercase bigger has-white-color has-text-color\" id=\"sie-sind-wiederverkaufer-und-interessieren-sich-fur-produkte-von-dispotech-und-perfecto-dental-excellence\">Sie sind <span style=\"color:#34e3b6\" class=\"has-inline-color\">Wiederverk\u00e4ufer<\/span><br> und interessieren sich f\u00fcr <br>Produkte von Dispotech und <br>Perfecto Dental Excellence?<\/h2>\n<\/div>\n<\/div>\n<\/div><\/div>\n\n\n\n<div class=\"wp-block-columns is-layout-flex wp-container-core-columns-is-layout-9d6595d7 wp-block-columns-is-layout-flex\">\n<div class=\"wp-block-column content-padding wrap-left is-layout-flow wp-block-column-is-layout-flow\" style=\"flex-basis:40%\">\n<h3 class=\"wp-block-heading uppercase\" id=\"questi-sono-i-contatti-diretti-per-i-clienti-e-i-distributori-vogliono-commerciale-o-personalizzare-i-prodotti-monouso-dispotech\">Dies sind die direkten Kontakte f\u00fcr Kunden und Vertriebspartner, die Einwegprodukte von Dispotech kommerzialisieren oder anpassen m\u00f6chten.<\/h3>\n\n\n\n<hr class=\"wp-block-separator has-css-opacity\"\/>\n\n\n\n<div style=\"height:60px\" aria-hidden=\"true\" class=\"wp-block-spacer\"><\/div>\n\n\n\n<figure class=\"wp-block-image size-full\"><img loading=\"lazy\" decoding=\"async\" width=\"84\" height=\"85\" src=\"https:\/\/dispotech.ch\/wp-content\/uploads\/2021\/11\/address.png\" alt=\"\" class=\"wp-image-21709\"\/><\/figure>\n\n\n\n<p class=\"bigger\">Dispotech Sagl<br>Via Fabrica Ragazzi 2<br>CH-7742 Poschiavo Schweiz<\/p>\n\n\n\n<div style=\"height:60px\" aria-hidden=\"true\" class=\"wp-block-spacer\"><\/div>\n\n\n\n<figure class=\"wp-block-image size-full\"><img loading=\"lazy\" decoding=\"async\" width=\"88\" height=\"92\" src=\"https:\/\/dispotech.ch\/wp-content\/uploads\/2021\/11\/phone.png\" alt=\"\" class=\"wp-image-21710\"\/><\/figure>\n\n\n\n<p class=\"bigger\">+41 818346969<\/p>\n\n\n\n<div style=\"height:60px\" aria-hidden=\"true\" class=\"wp-block-spacer\"><\/div>\n\n\n\n<figure class=\"wp-block-image size-full\"><img loading=\"lazy\" decoding=\"async\" width=\"93\" height=\"81\" src=\"https:\/\/dispotech.ch\/wp-content\/uploads\/2021\/11\/email.png\" alt=\"\" class=\"wp-image-21711\"\/><\/figure>\n\n\n\n<p class=\"bigger\">info@dispotech.ch<\/p>\n\n\n\n<div style=\"height:60px\" aria-hidden=\"true\" class=\"wp-block-spacer\"><\/div>\n\n\n\n<div class=\"wp-block-columns is-layout-flex wp-container-core-columns-is-layout-9d6595d7 wp-block-columns-is-layout-flex\">\n<div class=\"wp-block-column flex-container icone-social-contatti is-layout-flow wp-block-column-is-layout-flow\">\n<figure class=\"wp-block-image size-full\"><a href=\"https:\/\/www.facebook.com\/Dispotech.ch\"><img loading=\"lazy\" decoding=\"async\" width=\"26\" height=\"47\" src=\"https:\/\/dispotech.ch\/wp-content\/uploads\/2021\/11\/Icon-awesome-facebook-f.png\" alt=\"\" class=\"wp-image-21712\"\/><\/a><\/figure>\n\n\n\n<figure class=\"wp-block-image size-full\"><a href=\"https:\/\/www.instagram.com\/dispotech.ch\/\"><img loading=\"lazy\" decoding=\"async\" width=\"48\" height=\"48\" src=\"https:\/\/dispotech.ch\/wp-content\/uploads\/2021\/11\/Icon-feather-instagram.png\" alt=\"\" class=\"wp-image-21713\"\/><\/a><\/figure>\n\n\n\n<figure class=\"wp-block-image size-full\"><a href=\"https:\/\/www.linkedin.com\/company\/dispotechswiss\/?viewAsMember=true\"><img loading=\"lazy\" decoding=\"async\" width=\"47\" height=\"47\" src=\"https:\/\/dispotech.ch\/wp-content\/uploads\/2021\/11\/Icon-awesome-linkedin-in.png\" alt=\"\" class=\"wp-image-21714\"\/><\/a><\/figure>\n<\/div>\n<\/div>\n<\/div>\n\n\n\n<div class=\"wp-block-column bg-verdino rounded-top-left content-padding is-layout-flow wp-block-column-is-layout-flow\" style=\"flex-basis:60%\">\n<div class=\"wp-block-columns is-layout-flex wp-container-core-columns-is-layout-9d6595d7 wp-block-columns-is-layout-flex\">\n<div class=\"wp-block-column wrapper is-layout-flow wp-block-column-is-layout-flow\"><p>[contact-form-7 id=&#8220;8&#8243; title=&#8220;Modulo di contatto 1&#8243;]<\/p>\n<\/div>\n<\/div>\n<\/div>\n<\/div>\n","protected":false},"excerpt":{"rendered":"<p>Dies sind die direkten Kontakte f\u00fcr Kunden und Vertriebspartner, die Einwegprodukte von Dispotech kommerzialisieren oder anpassen m\u00f6chten. Dispotech SaglVia Fabrica Ragazzi 2CH-7742 Poschiavo Schweiz +41 818346969 info@dispotech.ch<\/p>\n","protected":false},"author":2,"featured_media":0,"parent":0,"menu_order":0,"comment_status":"closed","ping_status":"closed","template":"template-fullwidth-cover.php","meta":{"_acf_changed":false,"footnotes":""},"class_list":["post-21281","page","type-page","status-publish","hentry"],"acf":[],"yoast_head":"<!-- This site is optimized with the Yoast SEO plugin v27.3 - https:\/\/yoast.com\/product\/yoast-seo-wordpress\/ -->\n<title>H\u00e4ndler - Dispotech Shop<\/title>\n<meta name=\"robots\" content=\"index, follow, max-snippet:-1, max-image-preview:large, max-video-preview:-1\" \/>\n<link rel=\"canonical\" href=\"https:\/\/dispotech.ch\/de\/haendler\/\" \/>\n<meta property=\"og:locale\" content=\"de_DE\" \/>\n<meta property=\"og:type\" content=\"article\" \/>\n<meta property=\"og:title\" content=\"H\u00e4ndler - Dispotech Shop\" \/>\n<meta property=\"og:description\" content=\"Dies sind die direkten Kontakte f\u00fcr Kunden und Vertriebspartner, die Einwegprodukte von Dispotech kommerzialisieren oder anpassen m\u00f6chten. Dispotech SaglVia Fabrica Ragazzi 2CH-7742 Poschiavo Schweiz +41 818346969 info@dispotech.ch\" \/>\n<meta property=\"og:url\" content=\"https:\/\/dispotech.ch\/de\/haendler\/\" \/>\n<meta property=\"og:site_name\" content=\"Dispotech Shop\" \/>\n<meta property=\"article:modified_time\" content=\"2024-09-12T15:30:02+00:00\" \/>\n<meta property=\"og:image\" content=\"https:\/\/dispotech.ch\/wp-content\/uploads\/2021\/11\/contatti.jpeg\" \/>\n<meta name=\"twitter:card\" content=\"summary_large_image\" \/>\n<meta name=\"twitter:label1\" content=\"Gesch\u00e4tzte Lesezeit\" \/>\n\t<meta name=\"twitter:data1\" content=\"2\u00a0Minuten\" \/>\n<script type=\"application\/ld+json\" class=\"yoast-schema-graph\">{\"@context\":\"https:\\\/\\\/schema.org\",\"@graph\":[{\"@type\":\"WebPage\",\"@id\":\"https:\\\/\\\/dispotech.ch\\\/de\\\/haendler\\\/\",\"url\":\"https:\\\/\\\/dispotech.ch\\\/de\\\/haendler\\\/\",\"name\":\"H\u00e4ndler - Dispotech Shop\",\"isPartOf\":{\"@id\":\"https:\\\/\\\/dispotech.ch\\\/#website\"},\"primaryImageOfPage\":{\"@id\":\"https:\\\/\\\/dispotech.ch\\\/de\\\/haendler\\\/#primaryimage\"},\"image\":{\"@id\":\"https:\\\/\\\/dispotech.ch\\\/de\\\/haendler\\\/#primaryimage\"},\"thumbnailUrl\":\"https:\\\/\\\/dispotech.ch\\\/wp-content\\\/uploads\\\/2021\\\/11\\\/contatti.jpeg\",\"datePublished\":\"2021-06-15T08:19:46+00:00\",\"dateModified\":\"2024-09-12T15:30:02+00:00\",\"breadcrumb\":{\"@id\":\"https:\\\/\\\/dispotech.ch\\\/de\\\/haendler\\\/#breadcrumb\"},\"inLanguage\":\"de\",\"potentialAction\":[{\"@type\":\"ReadAction\",\"target\":[\"https:\\\/\\\/dispotech.ch\\\/de\\\/haendler\\\/\"]}]},{\"@type\":\"ImageObject\",\"inLanguage\":\"de\",\"@id\":\"https:\\\/\\\/dispotech.ch\\\/de\\\/haendler\\\/#primaryimage\",\"url\":\"https:\\\/\\\/dispotech.ch\\\/wp-content\\\/uploads\\\/2021\\\/11\\\/contatti.jpeg\",\"contentUrl\":\"https:\\\/\\\/dispotech.ch\\\/wp-content\\\/uploads\\\/2021\\\/11\\\/contatti.jpeg\"},{\"@type\":\"BreadcrumbList\",\"@id\":\"https:\\\/\\\/dispotech.ch\\\/de\\\/haendler\\\/#breadcrumb\",\"itemListElement\":[{\"@type\":\"ListItem\",\"position\":1,\"name\":\"Home\",\"item\":\"https:\\\/\\\/dispotech.ch\\\/de\\\/\"},{\"@type\":\"ListItem\",\"position\":2,\"name\":\"H\u00e4ndler\"}]},{\"@type\":\"WebSite\",\"@id\":\"https:\\\/\\\/dispotech.ch\\\/#website\",\"url\":\"https:\\\/\\\/dispotech.ch\\\/\",\"name\":\"Dispotech Shop\",\"description\":\"\",\"potentialAction\":[{\"@type\":\"SearchAction\",\"target\":{\"@type\":\"EntryPoint\",\"urlTemplate\":\"https:\\\/\\\/dispotech.ch\\\/?s={search_term_string}\"},\"query-input\":{\"@type\":\"PropertyValueSpecification\",\"valueRequired\":true,\"valueName\":\"search_term_string\"}}],\"inLanguage\":\"de\"}]}<\/script>\n<!-- \/ Yoast SEO plugin. -->","yoast_head_json":{"title":"H\u00e4ndler - Dispotech Shop","robots":{"index":"index","follow":"follow","max-snippet":"max-snippet:-1","max-image-preview":"max-image-preview:large","max-video-preview":"max-video-preview:-1"},"canonical":"https:\/\/dispotech.ch\/de\/haendler\/","og_locale":"de_DE","og_type":"article","og_title":"H\u00e4ndler - Dispotech Shop","og_description":"Dies sind die direkten Kontakte f\u00fcr Kunden und Vertriebspartner, die Einwegprodukte von Dispotech kommerzialisieren oder anpassen m\u00f6chten. Dispotech SaglVia Fabrica Ragazzi 2CH-7742 Poschiavo Schweiz +41 818346969 info@dispotech.ch","og_url":"https:\/\/dispotech.ch\/de\/haendler\/","og_site_name":"Dispotech Shop","article_modified_time":"2024-09-12T15:30:02+00:00","og_image":[{"url":"https:\/\/dispotech.ch\/wp-content\/uploads\/2021\/11\/contatti.jpeg","type":"","width":"","height":""}],"twitter_card":"summary_large_image","twitter_misc":{"Gesch\u00e4tzte Lesezeit":"2\u00a0Minuten"},"schema":{"@context":"https:\/\/schema.org","@graph":[{"@type":"WebPage","@id":"https:\/\/dispotech.ch\/de\/haendler\/","url":"https:\/\/dispotech.ch\/de\/haendler\/","name":"H\u00e4ndler - Dispotech Shop","isPartOf":{"@id":"https:\/\/dispotech.ch\/#website"},"primaryImageOfPage":{"@id":"https:\/\/dispotech.ch\/de\/haendler\/#primaryimage"},"image":{"@id":"https:\/\/dispotech.ch\/de\/haendler\/#primaryimage"},"thumbnailUrl":"https:\/\/dispotech.ch\/wp-content\/uploads\/2021\/11\/contatti.jpeg","datePublished":"2021-06-15T08:19:46+00:00","dateModified":"2024-09-12T15:30:02+00:00","breadcrumb":{"@id":"https:\/\/dispotech.ch\/de\/haendler\/#breadcrumb"},"inLanguage":"de","potentialAction":[{"@type":"ReadAction","target":["https:\/\/dispotech.ch\/de\/haendler\/"]}]},{"@type":"ImageObject","inLanguage":"de","@id":"https:\/\/dispotech.ch\/de\/haendler\/#primaryimage","url":"https:\/\/dispotech.ch\/wp-content\/uploads\/2021\/11\/contatti.jpeg","contentUrl":"https:\/\/dispotech.ch\/wp-content\/uploads\/2021\/11\/contatti.jpeg"},{"@type":"BreadcrumbList","@id":"https:\/\/dispotech.ch\/de\/haendler\/#breadcrumb","itemListElement":[{"@type":"ListItem","position":1,"name":"Home","item":"https:\/\/dispotech.ch\/de\/"},{"@type":"ListItem","position":2,"name":"H\u00e4ndler"}]},{"@type":"WebSite","@id":"https:\/\/dispotech.ch\/#website","url":"https:\/\/dispotech.ch\/","name":"Dispotech Shop","description":"","potentialAction":[{"@type":"SearchAction","target":{"@type":"EntryPoint","urlTemplate":"https:\/\/dispotech.ch\/?s={search_term_string}"},"query-input":{"@type":"PropertyValueSpecification","valueRequired":true,"valueName":"search_term_string"}}],"inLanguage":"de"}]}},"_links":{"self":[{"href":"https:\/\/dispotech.ch\/de\/wp-json\/wp\/v2\/pages\/21281","targetHints":{"allow":["GET"]}}],"collection":[{"href":"https:\/\/dispotech.ch\/de\/wp-json\/wp\/v2\/pages"}],"about":[{"href":"https:\/\/dispotech.ch\/de\/wp-json\/wp\/v2\/types\/page"}],"author":[{"embeddable":true,"href":"https:\/\/dispotech.ch\/de\/wp-json\/wp\/v2\/users\/2"}],"replies":[{"embeddable":true,"href":"https:\/\/dispotech.ch\/de\/wp-json\/wp\/v2\/comments?post=21281"}],"version-history":[{"count":9,"href":"https:\/\/dispotech.ch\/de\/wp-json\/wp\/v2\/pages\/21281\/revisions"}],"predecessor-version":[{"id":26002,"href":"https:\/\/dispotech.ch\/de\/wp-json\/wp\/v2\/pages\/21281\/revisions\/26002"}],"wp:attachment":[{"href":"https:\/\/dispotech.ch\/de\/wp-json\/wp\/v2\/media?parent=21281"}],"curies":[{"name":"wp","href":"https:\/\/api.w.org\/{rel}","templated":true}]}}