{"id":21706,"date":"2022-02-02T09:24:43","date_gmt":"2022-02-02T08:24:43","guid":{"rendered":"https:\/\/shop.dispotech.ch\/kontakte\/"},"modified":"2024-09-12T10:35:44","modified_gmt":"2024-09-12T08:35:44","slug":"kontakte","status":"publish","type":"page","link":"https:\/\/dispotech.ch\/de\/kontakte\/","title":{"rendered":"Kontakte"},"content":{"rendered":"\n<div class=\"wp-block-cover first-content\"><span aria-hidden=\"true\" class=\"has-background-dim-0 wp-block-cover__gradient-background has-background-dim\"><\/span><img loading=\"lazy\" decoding=\"async\" width=\"1920\" height=\"686\" class=\"wp-block-cover__image-background wp-image-21708\" alt=\"\" src=\"https:\/\/dispotech.ch\/wp-content\/uploads\/2021\/11\/contatti-2.jpeg\" data-object-fit=\"cover\" srcset=\"https:\/\/dispotech.ch\/wp-content\/uploads\/2021\/11\/contatti-2.jpeg 1920w, https:\/\/dispotech.ch\/wp-content\/uploads\/2021\/11\/contatti-2-720x257.jpeg 720w, https:\/\/dispotech.ch\/wp-content\/uploads\/2021\/11\/contatti-2-800x286.jpeg 800w, https:\/\/dispotech.ch\/wp-content\/uploads\/2021\/11\/contatti-2-300x107.jpeg 300w, https:\/\/dispotech.ch\/wp-content\/uploads\/2021\/11\/contatti-2-1024x366.jpeg 1024w, https:\/\/dispotech.ch\/wp-content\/uploads\/2021\/11\/contatti-2-768x274.jpeg 768w, https:\/\/dispotech.ch\/wp-content\/uploads\/2021\/11\/contatti-2-1536x549.jpeg 1536w\" sizes=\"auto, (max-width: 1920px) 100vw, 1920px\" \/><div class=\"wp-block-cover__inner-container is-layout-flow wp-block-cover-is-layout-flow\">\n\n<div class=\"wp-block-columns is-layout-flex wp-container-core-columns-is-layout-9d6595d7 wp-block-columns-is-layout-flex\">\n\n<div class=\"wp-block-column wrapper is-layout-flow wp-block-column-is-layout-flow\">\n\n<h2 class=\"uppercase bigger wp-block-heading\" id=\"schreiben-sie-uns-eine-e-mailun-email\">Schreiben Sie uns<br>uns eine <mark style=\"background-color:rgba(0, 0, 0, 0);color:#70dfb9\" class=\"has-inline-color\">E-mail<\/mark>!<\/h2>\n\n<\/div>\n\n<\/div>\n\n<\/div><\/div>\n\n\n\n<div class=\"wp-block-columns is-layout-flex wp-container-core-columns-is-layout-9d6595d7 wp-block-columns-is-layout-flex\">\n<div class=\"wp-block-column content-padding wrap-left is-layout-flow wp-block-column-is-layout-flow\" style=\"flex-basis:40%\">\n<h3 class=\"wp-block-heading uppercase\" id=\"questi-sono-i-contatti-diretti-per-i-clienti-e-i-distributori-vogliono-commerciale-o-personalizzare-i-prodotti-monouso-dispotech\">Dies sind die direkten Ansprechpartner f\u00fcr Kunden und H\u00e4ndler, die Dispotech-Einwegprodukte vermarkten oder individuell anpassen m\u00f6chten.<\/h3>\n\n\n\n<hr class=\"wp-block-separator has-css-opacity\"\/>\n\n\n\n<div style=\"height:60px\" aria-hidden=\"true\" class=\"wp-block-spacer\"><\/div>\n\n\n\n<figure class=\"wp-block-image size-full\"><img loading=\"lazy\" decoding=\"async\" width=\"84\" height=\"85\" src=\"https:\/\/dispotech.ch\/wp-content\/uploads\/2021\/11\/address.png\" alt=\"\" class=\"wp-image-21709\"\/><\/figure>\n\n\n\n<p class=\"bigger\">Dispotech Sagl<br>Via Fabrica Ragazzi 2<br>CH-7742 Poschiavo Schweiz<\/p>\n\n\n\n<div style=\"height:60px\" aria-hidden=\"true\" class=\"wp-block-spacer\"><\/div>\n\n\n\n<figure class=\"wp-block-image size-full\"><img loading=\"lazy\" decoding=\"async\" width=\"88\" height=\"92\" src=\"https:\/\/dispotech.ch\/wp-content\/uploads\/2021\/11\/phone.png\" alt=\"\" class=\"wp-image-21710\"\/><\/figure>\n\n\n\n<p class=\"bigger\">+41 818346969<\/p>\n\n\n\n<div style=\"height:60px\" aria-hidden=\"true\" class=\"wp-block-spacer\"><\/div>\n\n\n\n<figure class=\"wp-block-image size-full\"><img loading=\"lazy\" decoding=\"async\" width=\"93\" height=\"81\" src=\"https:\/\/dispotech.ch\/wp-content\/uploads\/2021\/11\/email.png\" alt=\"\" class=\"wp-image-21711\"\/><\/figure>\n\n\n\n<p class=\"bigger\">info@dispotech.ch<\/p>\n\n\n\n<div style=\"height:60px\" aria-hidden=\"true\" class=\"wp-block-spacer\"><\/div>\n\n\n\n<div class=\"wp-block-columns is-layout-flex wp-container-core-columns-is-layout-9d6595d7 wp-block-columns-is-layout-flex\">\n<div class=\"wp-block-column flex-container icone-social-contatti is-layout-flow wp-block-column-is-layout-flow\">\n<figure class=\"wp-block-image size-full\"><a href=\"https:\/\/www.facebook.com\/Dispotech.ch\"><img loading=\"lazy\" decoding=\"async\" width=\"26\" height=\"47\" src=\"https:\/\/dispotech.ch\/wp-content\/uploads\/2021\/11\/Icon-awesome-facebook-f.png\" alt=\"\" class=\"wp-image-21712\"\/><\/a><\/figure>\n\n\n\n<figure class=\"wp-block-image size-full\"><a href=\"https:\/\/www.instagram.com\/dispotech.ch\/\"><img loading=\"lazy\" decoding=\"async\" width=\"48\" height=\"48\" src=\"https:\/\/dispotech.ch\/wp-content\/uploads\/2021\/11\/Icon-feather-instagram.png\" alt=\"\" class=\"wp-image-21713\"\/><\/a><\/figure>\n\n\n\n<figure class=\"wp-block-image size-full\"><a href=\"https:\/\/www.linkedin.com\/company\/dispotechswiss\/?viewAsMember=true\"><img loading=\"lazy\" decoding=\"async\" width=\"47\" height=\"47\" src=\"https:\/\/dispotech.ch\/wp-content\/uploads\/2021\/11\/Icon-awesome-linkedin-in.png\" alt=\"\" class=\"wp-image-21714\"\/><\/a><\/figure>\n<\/div>\n<\/div>\n<\/div>\n\n\n\n<div class=\"wp-block-column bg-verdino rounded-top-left content-padding is-layout-flow wp-block-column-is-layout-flow\" style=\"flex-basis:60%\">\n<div class=\"wp-block-columns is-layout-flex wp-container-core-columns-is-layout-9d6595d7 wp-block-columns-is-layout-flex\">\n<div class=\"wp-block-column wrapper is-layout-flow wp-block-column-is-layout-flow\">\n<h2 class=\"wp-block-heading\" id=\"inviaci-una-richiesta-risponderemo-il-prima-possibile\">HABEN SIE IRGENDWELCHE FRAGEN?<br>WIR WERDEN SO BALD WIE M\u00d6GLICH ANTWORTEN.<\/h2>\n\n\n\n<hr class=\"wp-block-separator has-css-opacity\"\/>\n\n\n\n<script charset=\"utf-8\" type=\"text\/javascript\" src=\"\/\/js.hsforms.net\/forms\/v2.js\"><\/script>\n\t\t\t<script>\n\t\t\thbspt.forms.create({\n\t\t\tregion: \"na1\",\n\t\t\tportalId: \"5744346\",\n\t\t\tformId: \"53bf68b8-a485-4d36-baec-314251c8f911\"\n\t\t\t});\n\t\t\t<\/script>\n<\/div>\n<\/div>\n<\/div>\n<\/div>\n","protected":false},"excerpt":{"rendered":"<p>Dies sind die direkten Ansprechpartner f\u00fcr Kunden und H\u00e4ndler, die Dispotech-Einwegprodukte vermarkten oder individuell anpassen m\u00f6chten. Dispotech SaglVia Fabrica Ragazzi 2CH-7742 Poschiavo Schweiz +41 818346969 info@dispotech.ch HABEN SIE IRGENDWELCHE FRAGEN?WIR WERDEN SO BALD WIE M\u00d6GLICH ANTWORTEN.<\/p>\n","protected":false},"author":1,"featured_media":0,"parent":0,"menu_order":0,"comment_status":"closed","ping_status":"closed","template":"template-fullwidth-cover.php","meta":{"_acf_changed":false,"footnotes":""},"class_list":["post-21706","page","type-page","status-publish","hentry"],"acf":[],"yoast_head":"<!-- This site is optimized with the Yoast SEO plugin v27.3 - https:\/\/yoast.com\/product\/yoast-seo-wordpress\/ -->\n<title>Kontaktieren sie Dispotech.ch und fordern sie ein angebot an<\/title>\n<meta name=\"description\" content=\"Kontaktieren sie uns und fordern sie ein angebot f\u00fcr ihre hochwertigen medizinischen und zahnmedizinischen lieferungen an\" \/>\n<meta name=\"robots\" content=\"index, follow, max-snippet:-1, max-image-preview:large, max-video-preview:-1\" \/>\n<link rel=\"canonical\" href=\"https:\/\/dispotech.ch\/de\/kontakte\/\" \/>\n<meta property=\"og:locale\" content=\"de_DE\" \/>\n<meta property=\"og:type\" content=\"article\" \/>\n<meta property=\"og:title\" content=\"Kontaktieren sie Dispotech.ch und fordern sie ein angebot an\" \/>\n<meta property=\"og:description\" content=\"Kontaktieren sie uns und fordern sie ein angebot f\u00fcr ihre hochwertigen medizinischen und zahnmedizinischen lieferungen an\" \/>\n<meta property=\"og:url\" content=\"https:\/\/dispotech.ch\/de\/kontakte\/\" \/>\n<meta property=\"og:site_name\" content=\"Dispotech Shop\" \/>\n<meta property=\"article:modified_time\" content=\"2024-09-12T08:35:44+00:00\" \/>\n<meta property=\"og:image\" content=\"https:\/\/dispotech.ch\/wp-content\/uploads\/2021\/11\/contatti-2.jpeg\" \/>\n<meta name=\"twitter:card\" content=\"summary_large_image\" \/>\n<meta name=\"twitter:label1\" content=\"Gesch\u00e4tzte Lesezeit\" \/>\n\t<meta name=\"twitter:data1\" content=\"2\u00a0Minuten\" \/>\n<script type=\"application\/ld+json\" class=\"yoast-schema-graph\">{\"@context\":\"https:\\\/\\\/schema.org\",\"@graph\":[{\"@type\":\"WebPage\",\"@id\":\"https:\\\/\\\/dispotech.ch\\\/de\\\/kontakte\\\/\",\"url\":\"https:\\\/\\\/dispotech.ch\\\/de\\\/kontakte\\\/\",\"name\":\"Kontaktieren sie Dispotech.ch und fordern sie ein angebot an\",\"isPartOf\":{\"@id\":\"https:\\\/\\\/dispotech.ch\\\/#website\"},\"primaryImageOfPage\":{\"@id\":\"https:\\\/\\\/dispotech.ch\\\/de\\\/kontakte\\\/#primaryimage\"},\"image\":{\"@id\":\"https:\\\/\\\/dispotech.ch\\\/de\\\/kontakte\\\/#primaryimage\"},\"thumbnailUrl\":\"https:\\\/\\\/dispotech.ch\\\/wp-content\\\/uploads\\\/2021\\\/11\\\/contatti-2.jpeg\",\"datePublished\":\"2022-02-02T08:24:43+00:00\",\"dateModified\":\"2024-09-12T08:35:44+00:00\",\"description\":\"Kontaktieren sie uns und fordern sie ein angebot f\u00fcr ihre hochwertigen medizinischen und zahnmedizinischen lieferungen an\",\"breadcrumb\":{\"@id\":\"https:\\\/\\\/dispotech.ch\\\/de\\\/kontakte\\\/#breadcrumb\"},\"inLanguage\":\"de\",\"potentialAction\":[{\"@type\":\"ReadAction\",\"target\":[\"https:\\\/\\\/dispotech.ch\\\/de\\\/kontakte\\\/\"]}]},{\"@type\":\"ImageObject\",\"inLanguage\":\"de\",\"@id\":\"https:\\\/\\\/dispotech.ch\\\/de\\\/kontakte\\\/#primaryimage\",\"url\":\"https:\\\/\\\/dispotech.ch\\\/wp-content\\\/uploads\\\/2021\\\/11\\\/contatti-2.jpeg\",\"contentUrl\":\"https:\\\/\\\/dispotech.ch\\\/wp-content\\\/uploads\\\/2021\\\/11\\\/contatti-2.jpeg\"},{\"@type\":\"BreadcrumbList\",\"@id\":\"https:\\\/\\\/dispotech.ch\\\/de\\\/kontakte\\\/#breadcrumb\",\"itemListElement\":[{\"@type\":\"ListItem\",\"position\":1,\"name\":\"Home\",\"item\":\"https:\\\/\\\/dispotech.ch\\\/de\\\/\"},{\"@type\":\"ListItem\",\"position\":2,\"name\":\"Kontakte\"}]},{\"@type\":\"WebSite\",\"@id\":\"https:\\\/\\\/dispotech.ch\\\/#website\",\"url\":\"https:\\\/\\\/dispotech.ch\\\/\",\"name\":\"Dispotech Shop\",\"description\":\"\",\"potentialAction\":[{\"@type\":\"SearchAction\",\"target\":{\"@type\":\"EntryPoint\",\"urlTemplate\":\"https:\\\/\\\/dispotech.ch\\\/?s={search_term_string}\"},\"query-input\":{\"@type\":\"PropertyValueSpecification\",\"valueRequired\":true,\"valueName\":\"search_term_string\"}}],\"inLanguage\":\"de\"}]}<\/script>\n<!-- \/ Yoast SEO plugin. -->","yoast_head_json":{"title":"Kontaktieren sie Dispotech.ch und fordern sie ein angebot an","description":"Kontaktieren sie uns und fordern sie ein angebot f\u00fcr ihre hochwertigen medizinischen und zahnmedizinischen lieferungen an","robots":{"index":"index","follow":"follow","max-snippet":"max-snippet:-1","max-image-preview":"max-image-preview:large","max-video-preview":"max-video-preview:-1"},"canonical":"https:\/\/dispotech.ch\/de\/kontakte\/","og_locale":"de_DE","og_type":"article","og_title":"Kontaktieren sie Dispotech.ch und fordern sie ein angebot an","og_description":"Kontaktieren sie uns und fordern sie ein angebot f\u00fcr ihre hochwertigen medizinischen und zahnmedizinischen lieferungen an","og_url":"https:\/\/dispotech.ch\/de\/kontakte\/","og_site_name":"Dispotech Shop","article_modified_time":"2024-09-12T08:35:44+00:00","og_image":[{"url":"https:\/\/dispotech.ch\/wp-content\/uploads\/2021\/11\/contatti-2.jpeg","type":"","width":"","height":""}],"twitter_card":"summary_large_image","twitter_misc":{"Gesch\u00e4tzte Lesezeit":"2\u00a0Minuten"},"schema":{"@context":"https:\/\/schema.org","@graph":[{"@type":"WebPage","@id":"https:\/\/dispotech.ch\/de\/kontakte\/","url":"https:\/\/dispotech.ch\/de\/kontakte\/","name":"Kontaktieren sie Dispotech.ch und fordern sie ein angebot an","isPartOf":{"@id":"https:\/\/dispotech.ch\/#website"},"primaryImageOfPage":{"@id":"https:\/\/dispotech.ch\/de\/kontakte\/#primaryimage"},"image":{"@id":"https:\/\/dispotech.ch\/de\/kontakte\/#primaryimage"},"thumbnailUrl":"https:\/\/dispotech.ch\/wp-content\/uploads\/2021\/11\/contatti-2.jpeg","datePublished":"2022-02-02T08:24:43+00:00","dateModified":"2024-09-12T08:35:44+00:00","description":"Kontaktieren sie uns und fordern sie ein angebot f\u00fcr ihre hochwertigen medizinischen und zahnmedizinischen lieferungen an","breadcrumb":{"@id":"https:\/\/dispotech.ch\/de\/kontakte\/#breadcrumb"},"inLanguage":"de","potentialAction":[{"@type":"ReadAction","target":["https:\/\/dispotech.ch\/de\/kontakte\/"]}]},{"@type":"ImageObject","inLanguage":"de","@id":"https:\/\/dispotech.ch\/de\/kontakte\/#primaryimage","url":"https:\/\/dispotech.ch\/wp-content\/uploads\/2021\/11\/contatti-2.jpeg","contentUrl":"https:\/\/dispotech.ch\/wp-content\/uploads\/2021\/11\/contatti-2.jpeg"},{"@type":"BreadcrumbList","@id":"https:\/\/dispotech.ch\/de\/kontakte\/#breadcrumb","itemListElement":[{"@type":"ListItem","position":1,"name":"Home","item":"https:\/\/dispotech.ch\/de\/"},{"@type":"ListItem","position":2,"name":"Kontakte"}]},{"@type":"WebSite","@id":"https:\/\/dispotech.ch\/#website","url":"https:\/\/dispotech.ch\/","name":"Dispotech Shop","description":"","potentialAction":[{"@type":"SearchAction","target":{"@type":"EntryPoint","urlTemplate":"https:\/\/dispotech.ch\/?s={search_term_string}"},"query-input":{"@type":"PropertyValueSpecification","valueRequired":true,"valueName":"search_term_string"}}],"inLanguage":"de"}]}},"_links":{"self":[{"href":"https:\/\/dispotech.ch\/de\/wp-json\/wp\/v2\/pages\/21706","targetHints":{"allow":["GET"]}}],"collection":[{"href":"https:\/\/dispotech.ch\/de\/wp-json\/wp\/v2\/pages"}],"about":[{"href":"https:\/\/dispotech.ch\/de\/wp-json\/wp\/v2\/types\/page"}],"author":[{"embeddable":true,"href":"https:\/\/dispotech.ch\/de\/wp-json\/wp\/v2\/users\/1"}],"replies":[{"embeddable":true,"href":"https:\/\/dispotech.ch\/de\/wp-json\/wp\/v2\/comments?post=21706"}],"version-history":[{"count":10,"href":"https:\/\/dispotech.ch\/de\/wp-json\/wp\/v2\/pages\/21706\/revisions"}],"predecessor-version":[{"id":25998,"href":"https:\/\/dispotech.ch\/de\/wp-json\/wp\/v2\/pages\/21706\/revisions\/25998"}],"wp:attachment":[{"href":"https:\/\/dispotech.ch\/de\/wp-json\/wp\/v2\/media?parent=21706"}],"curies":[{"name":"wp","href":"https:\/\/api.w.org\/{rel}","templated":true}]}}