{"id":19790,"date":"2020-02-04T10:01:44","date_gmt":"2020-02-04T09:01:44","guid":{"rendered":"https:\/\/dispotech.test.ddss.ch\/prodotto\/19786\/"},"modified":"2024-10-09T10:03:29","modified_gmt":"2024-10-09T08:03:29","slug":"easy-ice-pe","status":"publish","type":"product","link":"https:\/\/dispotech.ch\/de\/prodotto\/easy-ice-pe\/","title":{"rendered":"EASY ICE PE"},"content":{"rendered":"","protected":false},"excerpt":{"rendered":"<p><strong>Dispotech entwirft und produziert Einweg-Eisbeutel<\/strong>\u00a0<strong>Dispo ICE<\/strong> Im Koffer aus Polyethylen (PE) erh\u00e4ltlich.<\/p>\n<p>Diese Produkte leiten den K\u00fchlprozess sofort nach dem Dr\u00fccken der im Beutel enthaltenen Blase ein (-4 \u00b0C).<\/p>\n<p>Dispotech hat als erstes Unternehmen den Einweg-Eisbeutel mit der neuen Formel -4 \u00b0C\u00a0patentiert, sodass eine echte\u00a0<strong>Kryotherapie<\/strong>\u00a0erm\u00f6glicht wird.<\/p>\n<p>Der Einweg-Eisbeutel, der auch als Soforteis oder f\u00e4lschlicherweise als Trockeneis bezeichnet wird, findet seine Anwendung in der Kryotherapie.<\/p>\n<p>Die Beutel sind aus Polyethylen hergestellt. F\u00fcr Anwendungen auf empfindlichen K\u00f6rperstellen hat Dispotech eigens einen speziellen Bezug aus Vliesstoff entwickelt.<\/p>\n<p><strong>Dispo ICE<\/strong>\u00a0ist ein\u00a0<strong>Medizinprodukt der Klasse II a<\/strong>, das mit personalisierbarem Futteral erh\u00e4ltlich ist.<\/p>\n<p>Die Einweg-Eisbeutel finden in vielen Bereichen wie dem\u00a0<strong>Medizin-, Dental-, Sport-, Einzelhandelsketten-<\/strong>\u00a0und\u00a0<strong>Eigenmarkenbereich<\/strong>\u00a0Anwendung.<\/p>\n","protected":false},"featured_media":19791,"comment_status":"open","ping_status":"closed","template":"","meta":{"_acf_changed":false},"product_brand":[],"product_cat":[453],"product_tag":[],"class_list":{"0":"post-19790","1":"product","2":"type-product","3":"status-publish","4":"has-post-thumbnail","6":"product_cat-medical-de","8":"first","9":"instock","10":"taxable","11":"shipping-taxable","12":"purchasable","13":"product-type-simple"},"acf":[],"yoast_head":"<!-- This site is optimized with the Yoast SEO plugin v27.3 - https:\/\/yoast.com\/product\/yoast-seo-wordpress\/ -->\n<title>EASY ICE PE - Dispotech Shop<\/title>\n<meta name=\"robots\" content=\"index, follow, max-snippet:-1, max-image-preview:large, max-video-preview:-1\" \/>\n<link rel=\"canonical\" href=\"https:\/\/dispotech.ch\/de\/prodotto\/easy-ice-pe\/\" \/>\n<meta property=\"og:locale\" content=\"de_DE\" \/>\n<meta property=\"og:type\" content=\"article\" \/>\n<meta property=\"og:title\" content=\"EASY ICE PE - Dispotech Shop\" \/>\n<meta property=\"og:description\" content=\"Dispotech entwirft und produziert Einweg-Eisbeutel\u00a0Dispo ICE Im Koffer aus Polyethylen (PE) erh\u00e4ltlich.  Diese Produkte leiten den K\u00fchlprozess sofort nach dem Dr\u00fccken der im Beutel enthaltenen Blase ein (-4 \u00b0C).  Dispotech hat als erstes Unternehmen den Einweg-Eisbeutel mit der neuen Formel -4 \u00b0C\u00a0patentiert, sodass eine echte\u00a0Kryotherapie\u00a0erm\u00f6glicht wird.  Der Einweg-Eisbeutel, der auch als Soforteis oder f\u00e4lschlicherweise als Trockeneis bezeichnet wird, findet seine Anwendung in der Kryotherapie.  Die Beutel sind aus Polyethylen hergestellt. F\u00fcr Anwendungen auf empfindlichen K\u00f6rperstellen hat Dispotech eigens einen speziellen Bezug aus Vliesstoff entwickelt.  Dispo ICE\u00a0ist ein\u00a0Medizinprodukt der Klasse II a, das mit personalisierbarem Futteral erh\u00e4ltlich ist.  Die Einweg-Eisbeutel finden in vielen Bereichen wie dem\u00a0Medizin-, Dental-, Sport-, Einzelhandelsketten-\u00a0und\u00a0Eigenmarkenbereich\u00a0Anwendung.\" \/>\n<meta property=\"og:url\" content=\"https:\/\/dispotech.ch\/de\/prodotto\/easy-ice-pe\/\" \/>\n<meta property=\"og:site_name\" content=\"Dispotech Shop\" \/>\n<meta property=\"article:modified_time\" content=\"2024-10-09T08:03:29+00:00\" \/>\n<meta property=\"og:image\" content=\"https:\/\/dispotech.ch\/wp-content\/uploads\/2020\/02\/DispoIce_swiss4-scaled.jpg\" \/>\n\t<meta property=\"og:image:width\" content=\"1920\" \/>\n\t<meta property=\"og:image:height\" content=\"2560\" \/>\n\t<meta property=\"og:image:type\" content=\"image\/jpeg\" \/>\n<meta name=\"twitter:card\" content=\"summary_large_image\" \/>\n<meta name=\"twitter:label1\" content=\"Gesch\u00e4tzte Lesezeit\" \/>\n\t<meta name=\"twitter:data1\" content=\"1\u00a0Minute\" \/>\n<script type=\"application\/ld+json\" class=\"yoast-schema-graph\">{\"@context\":\"https:\\\/\\\/schema.org\",\"@graph\":[{\"@type\":\"WebPage\",\"@id\":\"https:\\\/\\\/dispotech.ch\\\/de\\\/prodotto\\\/easy-ice-pe\\\/\",\"url\":\"https:\\\/\\\/dispotech.ch\\\/de\\\/prodotto\\\/easy-ice-pe\\\/\",\"name\":\"EASY ICE PE - Dispotech Shop\",\"isPartOf\":{\"@id\":\"https:\\\/\\\/dispotech.ch\\\/#website\"},\"primaryImageOfPage\":{\"@id\":\"https:\\\/\\\/dispotech.ch\\\/de\\\/prodotto\\\/easy-ice-pe\\\/#primaryimage\"},\"image\":{\"@id\":\"https:\\\/\\\/dispotech.ch\\\/de\\\/prodotto\\\/easy-ice-pe\\\/#primaryimage\"},\"thumbnailUrl\":\"https:\\\/\\\/dispotech.ch\\\/wp-content\\\/uploads\\\/2020\\\/02\\\/DispoIce_swiss4-scaled.jpg\",\"datePublished\":\"2020-02-04T09:01:44+00:00\",\"dateModified\":\"2024-10-09T08:03:29+00:00\",\"breadcrumb\":{\"@id\":\"https:\\\/\\\/dispotech.ch\\\/de\\\/prodotto\\\/easy-ice-pe\\\/#breadcrumb\"},\"inLanguage\":\"de\",\"potentialAction\":[{\"@type\":\"ReadAction\",\"target\":[\"https:\\\/\\\/dispotech.ch\\\/de\\\/prodotto\\\/easy-ice-pe\\\/\"]}]},{\"@type\":\"ImageObject\",\"inLanguage\":\"de\",\"@id\":\"https:\\\/\\\/dispotech.ch\\\/de\\\/prodotto\\\/easy-ice-pe\\\/#primaryimage\",\"url\":\"https:\\\/\\\/dispotech.ch\\\/wp-content\\\/uploads\\\/2020\\\/02\\\/DispoIce_swiss4-scaled.jpg\",\"contentUrl\":\"https:\\\/\\\/dispotech.ch\\\/wp-content\\\/uploads\\\/2020\\\/02\\\/DispoIce_swiss4-scaled.jpg\",\"width\":1920,\"height\":2560},{\"@type\":\"BreadcrumbList\",\"@id\":\"https:\\\/\\\/dispotech.ch\\\/de\\\/prodotto\\\/easy-ice-pe\\\/#breadcrumb\",\"itemListElement\":[{\"@type\":\"ListItem\",\"position\":1,\"name\":\"Home\",\"item\":\"https:\\\/\\\/dispotech.ch\\\/de\\\/\"},{\"@type\":\"ListItem\",\"position\":2,\"name\":\"Shop\",\"item\":\"https:\\\/\\\/dispotech.ch\\\/de\\\/shop\\\/\"},{\"@type\":\"ListItem\",\"position\":3,\"name\":\"EASY ICE PE\"}]},{\"@type\":\"WebSite\",\"@id\":\"https:\\\/\\\/dispotech.ch\\\/#website\",\"url\":\"https:\\\/\\\/dispotech.ch\\\/\",\"name\":\"Dispotech Shop\",\"description\":\"\",\"potentialAction\":[{\"@type\":\"SearchAction\",\"target\":{\"@type\":\"EntryPoint\",\"urlTemplate\":\"https:\\\/\\\/dispotech.ch\\\/?s={search_term_string}\"},\"query-input\":{\"@type\":\"PropertyValueSpecification\",\"valueRequired\":true,\"valueName\":\"search_term_string\"}}],\"inLanguage\":\"de\"}]}<\/script>\n<!-- \/ Yoast SEO plugin. -->","yoast_head_json":{"title":"EASY ICE PE - Dispotech Shop","robots":{"index":"index","follow":"follow","max-snippet":"max-snippet:-1","max-image-preview":"max-image-preview:large","max-video-preview":"max-video-preview:-1"},"canonical":"https:\/\/dispotech.ch\/de\/prodotto\/easy-ice-pe\/","og_locale":"de_DE","og_type":"article","og_title":"EASY ICE PE - Dispotech Shop","og_description":"Dispotech entwirft und produziert Einweg-Eisbeutel\u00a0Dispo ICE Im Koffer aus Polyethylen (PE) erh\u00e4ltlich.  Diese Produkte leiten den K\u00fchlprozess sofort nach dem Dr\u00fccken der im Beutel enthaltenen Blase ein (-4 \u00b0C).  Dispotech hat als erstes Unternehmen den Einweg-Eisbeutel mit der neuen Formel -4 \u00b0C\u00a0patentiert, sodass eine echte\u00a0Kryotherapie\u00a0erm\u00f6glicht wird.  Der Einweg-Eisbeutel, der auch als Soforteis oder f\u00e4lschlicherweise als Trockeneis bezeichnet wird, findet seine Anwendung in der Kryotherapie.  Die Beutel sind aus Polyethylen hergestellt. F\u00fcr Anwendungen auf empfindlichen K\u00f6rperstellen hat Dispotech eigens einen speziellen Bezug aus Vliesstoff entwickelt.  Dispo ICE\u00a0ist ein\u00a0Medizinprodukt der Klasse II a, das mit personalisierbarem Futteral erh\u00e4ltlich ist.  Die Einweg-Eisbeutel finden in vielen Bereichen wie dem\u00a0Medizin-, Dental-, Sport-, Einzelhandelsketten-\u00a0und\u00a0Eigenmarkenbereich\u00a0Anwendung.","og_url":"https:\/\/dispotech.ch\/de\/prodotto\/easy-ice-pe\/","og_site_name":"Dispotech Shop","article_modified_time":"2024-10-09T08:03:29+00:00","og_image":[{"width":1920,"height":2560,"url":"https:\/\/dispotech.ch\/wp-content\/uploads\/2020\/02\/DispoIce_swiss4-scaled.jpg","type":"image\/jpeg"}],"twitter_card":"summary_large_image","twitter_misc":{"Gesch\u00e4tzte Lesezeit":"1\u00a0Minute"},"schema":{"@context":"https:\/\/schema.org","@graph":[{"@type":"WebPage","@id":"https:\/\/dispotech.ch\/de\/prodotto\/easy-ice-pe\/","url":"https:\/\/dispotech.ch\/de\/prodotto\/easy-ice-pe\/","name":"EASY ICE PE - Dispotech Shop","isPartOf":{"@id":"https:\/\/dispotech.ch\/#website"},"primaryImageOfPage":{"@id":"https:\/\/dispotech.ch\/de\/prodotto\/easy-ice-pe\/#primaryimage"},"image":{"@id":"https:\/\/dispotech.ch\/de\/prodotto\/easy-ice-pe\/#primaryimage"},"thumbnailUrl":"https:\/\/dispotech.ch\/wp-content\/uploads\/2020\/02\/DispoIce_swiss4-scaled.jpg","datePublished":"2020-02-04T09:01:44+00:00","dateModified":"2024-10-09T08:03:29+00:00","breadcrumb":{"@id":"https:\/\/dispotech.ch\/de\/prodotto\/easy-ice-pe\/#breadcrumb"},"inLanguage":"de","potentialAction":[{"@type":"ReadAction","target":["https:\/\/dispotech.ch\/de\/prodotto\/easy-ice-pe\/"]}]},{"@type":"ImageObject","inLanguage":"de","@id":"https:\/\/dispotech.ch\/de\/prodotto\/easy-ice-pe\/#primaryimage","url":"https:\/\/dispotech.ch\/wp-content\/uploads\/2020\/02\/DispoIce_swiss4-scaled.jpg","contentUrl":"https:\/\/dispotech.ch\/wp-content\/uploads\/2020\/02\/DispoIce_swiss4-scaled.jpg","width":1920,"height":2560},{"@type":"BreadcrumbList","@id":"https:\/\/dispotech.ch\/de\/prodotto\/easy-ice-pe\/#breadcrumb","itemListElement":[{"@type":"ListItem","position":1,"name":"Home","item":"https:\/\/dispotech.ch\/de\/"},{"@type":"ListItem","position":2,"name":"Shop","item":"https:\/\/dispotech.ch\/de\/shop\/"},{"@type":"ListItem","position":3,"name":"EASY ICE PE"}]},{"@type":"WebSite","@id":"https:\/\/dispotech.ch\/#website","url":"https:\/\/dispotech.ch\/","name":"Dispotech Shop","description":"","potentialAction":[{"@type":"SearchAction","target":{"@type":"EntryPoint","urlTemplate":"https:\/\/dispotech.ch\/?s={search_term_string}"},"query-input":{"@type":"PropertyValueSpecification","valueRequired":true,"valueName":"search_term_string"}}],"inLanguage":"de"}]}},"_links":{"self":[{"href":"https:\/\/dispotech.ch\/de\/wp-json\/wp\/v2\/product\/19790","targetHints":{"allow":["GET"]}}],"collection":[{"href":"https:\/\/dispotech.ch\/de\/wp-json\/wp\/v2\/product"}],"about":[{"href":"https:\/\/dispotech.ch\/de\/wp-json\/wp\/v2\/types\/product"}],"replies":[{"embeddable":true,"href":"https:\/\/dispotech.ch\/de\/wp-json\/wp\/v2\/comments?post=19790"}],"wp:featuredmedia":[{"embeddable":true,"href":"https:\/\/dispotech.ch\/de\/wp-json\/wp\/v2\/media\/19791"}],"wp:attachment":[{"href":"https:\/\/dispotech.ch\/de\/wp-json\/wp\/v2\/media?parent=19790"}],"wp:term":[{"taxonomy":"product_brand","embeddable":true,"href":"https:\/\/dispotech.ch\/de\/wp-json\/wp\/v2\/product_brand?post=19790"},{"taxonomy":"product_cat","embeddable":true,"href":"https:\/\/dispotech.ch\/de\/wp-json\/wp\/v2\/product_cat?post=19790"},{"taxonomy":"product_tag","embeddable":true,"href":"https:\/\/dispotech.ch\/de\/wp-json\/wp\/v2\/product_tag?post=19790"}],"curies":[{"name":"wp","href":"https:\/\/api.w.org\/{rel}","templated":true}]}}