{"id":19794,"date":"2020-02-04T10:14:05","date_gmt":"2020-02-04T09:14:05","guid":{"rendered":"https:\/\/dispotech.test.ddss.ch\/prodotto\/dispo-ice-spray\/"},"modified":"2025-11-24T13:12:54","modified_gmt":"2025-11-24T12:12:54","slug":"dispo-ice-spray","status":"publish","type":"product","link":"https:\/\/dispotech.ch\/de\/prodotto\/dispo-ice-spray\/","title":{"rendered":"DISPO ICE SPRAY"},"content":{"rendered":"","protected":false},"excerpt":{"rendered":"<p><strong>Dispo ICE SPRAY von Dispotech ist ein gebrauchsfertiges Eisspray aus der Spr\u00fchdose<\/strong>. Schmerzstillend und mit speziellem Spr\u00fchventil ausgestattet, das beim Spr\u00fchen auf den zu behandelnden Bereich fokussiert ist.<br \/>\nDas Spray ist insbesondere bei allen sportlichen Aktivit\u00e4ten f\u00fcr kleine Verletzungen oder Prellungen geeignet, findet aber auch im\u00a0<strong>Medizin-, Einzelhandelsketten-<\/strong>\u00a0und<strong>\u00a0Eigenmarkenbereich<\/strong>\u00a0Anwendung.<br \/>\nEs ist handlich im Gebrauch und erfordert nur eine einzige Vorsichtsma\u00fcnahme: Beim Spr\u00fchen muss ein Abstand von mindestens 20 cm zum betreffenden Bereich eingehalten werden, um Hautreizungen oder leichte Verbrennungen zu vermeiden.<br \/>\n<strong>Dispo ICE SPRAY<\/strong>\u00a0ist ein\u00a0<strong>Medizinprodukt der Klasse II a<\/strong>.<\/p>\n","protected":false},"featured_media":19795,"comment_status":"open","ping_status":"closed","template":"","meta":{"_acf_changed":false},"product_brand":[],"product_cat":[453],"product_tag":[],"class_list":{"0":"post-19794","1":"product","2":"type-product","3":"status-publish","4":"has-post-thumbnail","6":"product_cat-medical-de","8":"first","9":"instock","10":"taxable","11":"shipping-taxable","12":"purchasable","13":"product-type-simple"},"acf":[],"yoast_head":"<!-- This site is optimized with the Yoast SEO plugin v27.3 - https:\/\/yoast.com\/product\/yoast-seo-wordpress\/ -->\n<title>DISPO ICE SPRAY - Dispotech Shop<\/title>\n<meta name=\"robots\" content=\"index, follow, max-snippet:-1, max-image-preview:large, max-video-preview:-1\" \/>\n<link rel=\"canonical\" href=\"https:\/\/dispotech.ch\/de\/prodotto\/dispo-ice-spray\/\" \/>\n<meta property=\"og:locale\" content=\"de_DE\" \/>\n<meta property=\"og:type\" content=\"article\" \/>\n<meta property=\"og:title\" content=\"DISPO ICE SPRAY - Dispotech Shop\" \/>\n<meta property=\"og:description\" content=\"Dispo ICE SPRAY von Dispotech ist ein gebrauchsfertiges Eisspray aus der Spr\u00fchdose. Schmerzstillend und mit speziellem Spr\u00fchventil ausgestattet, das beim Spr\u00fchen auf den zu behandelnden Bereich fokussiert ist. Das Spray ist insbesondere bei allen sportlichen Aktivit\u00e4ten f\u00fcr kleine Verletzungen oder Prellungen geeignet, findet aber auch im\u00a0Medizin-, Einzelhandelsketten-\u00a0und\u00a0Eigenmarkenbereich\u00a0Anwendung. Es ist handlich im Gebrauch und erfordert nur eine einzige Vorsichtsma\u00fcnahme: Beim Spr\u00fchen muss ein Abstand von mindestens 20 cm zum betreffenden Bereich eingehalten werden, um Hautreizungen oder leichte Verbrennungen zu vermeiden. Dispo ICE SPRAY\u00a0ist ein\u00a0Medizinprodukt der Klasse II a.\" \/>\n<meta property=\"og:url\" content=\"https:\/\/dispotech.ch\/de\/prodotto\/dispo-ice-spray\/\" \/>\n<meta property=\"og:site_name\" content=\"Dispotech Shop\" \/>\n<meta property=\"article:modified_time\" content=\"2025-11-24T12:12:54+00:00\" \/>\n<meta property=\"og:image\" content=\"https:\/\/dispotech.ch\/wp-content\/uploads\/2020\/02\/Ice_spray_swiss1-scaled.jpg\" \/>\n\t<meta property=\"og:image:width\" content=\"1920\" \/>\n\t<meta property=\"og:image:height\" content=\"2560\" \/>\n\t<meta property=\"og:image:type\" content=\"image\/jpeg\" \/>\n<meta name=\"twitter:card\" content=\"summary_large_image\" \/>\n<script type=\"application\/ld+json\" class=\"yoast-schema-graph\">{\"@context\":\"https:\\\/\\\/schema.org\",\"@graph\":[{\"@type\":\"WebPage\",\"@id\":\"https:\\\/\\\/dispotech.ch\\\/de\\\/prodotto\\\/dispo-ice-spray\\\/\",\"url\":\"https:\\\/\\\/dispotech.ch\\\/de\\\/prodotto\\\/dispo-ice-spray\\\/\",\"name\":\"DISPO ICE SPRAY - Dispotech Shop\",\"isPartOf\":{\"@id\":\"https:\\\/\\\/dispotech.ch\\\/#website\"},\"primaryImageOfPage\":{\"@id\":\"https:\\\/\\\/dispotech.ch\\\/de\\\/prodotto\\\/dispo-ice-spray\\\/#primaryimage\"},\"image\":{\"@id\":\"https:\\\/\\\/dispotech.ch\\\/de\\\/prodotto\\\/dispo-ice-spray\\\/#primaryimage\"},\"thumbnailUrl\":\"https:\\\/\\\/dispotech.ch\\\/wp-content\\\/uploads\\\/2020\\\/02\\\/Ice_spray_swiss1-scaled.jpg\",\"datePublished\":\"2020-02-04T09:14:05+00:00\",\"dateModified\":\"2025-11-24T12:12:54+00:00\",\"breadcrumb\":{\"@id\":\"https:\\\/\\\/dispotech.ch\\\/de\\\/prodotto\\\/dispo-ice-spray\\\/#breadcrumb\"},\"inLanguage\":\"de\",\"potentialAction\":[{\"@type\":\"ReadAction\",\"target\":[\"https:\\\/\\\/dispotech.ch\\\/de\\\/prodotto\\\/dispo-ice-spray\\\/\"]}]},{\"@type\":\"ImageObject\",\"inLanguage\":\"de\",\"@id\":\"https:\\\/\\\/dispotech.ch\\\/de\\\/prodotto\\\/dispo-ice-spray\\\/#primaryimage\",\"url\":\"https:\\\/\\\/dispotech.ch\\\/wp-content\\\/uploads\\\/2020\\\/02\\\/Ice_spray_swiss1-scaled.jpg\",\"contentUrl\":\"https:\\\/\\\/dispotech.ch\\\/wp-content\\\/uploads\\\/2020\\\/02\\\/Ice_spray_swiss1-scaled.jpg\",\"width\":1920,\"height\":2560},{\"@type\":\"BreadcrumbList\",\"@id\":\"https:\\\/\\\/dispotech.ch\\\/de\\\/prodotto\\\/dispo-ice-spray\\\/#breadcrumb\",\"itemListElement\":[{\"@type\":\"ListItem\",\"position\":1,\"name\":\"Home\",\"item\":\"https:\\\/\\\/dispotech.ch\\\/de\\\/\"},{\"@type\":\"ListItem\",\"position\":2,\"name\":\"Shop\",\"item\":\"https:\\\/\\\/dispotech.ch\\\/de\\\/shop\\\/\"},{\"@type\":\"ListItem\",\"position\":3,\"name\":\"DISPO ICE SPRAY\"}]},{\"@type\":\"WebSite\",\"@id\":\"https:\\\/\\\/dispotech.ch\\\/#website\",\"url\":\"https:\\\/\\\/dispotech.ch\\\/\",\"name\":\"Dispotech Shop\",\"description\":\"\",\"potentialAction\":[{\"@type\":\"SearchAction\",\"target\":{\"@type\":\"EntryPoint\",\"urlTemplate\":\"https:\\\/\\\/dispotech.ch\\\/?s={search_term_string}\"},\"query-input\":{\"@type\":\"PropertyValueSpecification\",\"valueRequired\":true,\"valueName\":\"search_term_string\"}}],\"inLanguage\":\"de\"}]}<\/script>\n<!-- \/ Yoast SEO plugin. -->","yoast_head_json":{"title":"DISPO ICE SPRAY - Dispotech Shop","robots":{"index":"index","follow":"follow","max-snippet":"max-snippet:-1","max-image-preview":"max-image-preview:large","max-video-preview":"max-video-preview:-1"},"canonical":"https:\/\/dispotech.ch\/de\/prodotto\/dispo-ice-spray\/","og_locale":"de_DE","og_type":"article","og_title":"DISPO ICE SPRAY - Dispotech Shop","og_description":"Dispo ICE SPRAY von Dispotech ist ein gebrauchsfertiges Eisspray aus der Spr\u00fchdose. Schmerzstillend und mit speziellem Spr\u00fchventil ausgestattet, das beim Spr\u00fchen auf den zu behandelnden Bereich fokussiert ist. Das Spray ist insbesondere bei allen sportlichen Aktivit\u00e4ten f\u00fcr kleine Verletzungen oder Prellungen geeignet, findet aber auch im\u00a0Medizin-, Einzelhandelsketten-\u00a0und\u00a0Eigenmarkenbereich\u00a0Anwendung. Es ist handlich im Gebrauch und erfordert nur eine einzige Vorsichtsma\u00fcnahme: Beim Spr\u00fchen muss ein Abstand von mindestens 20 cm zum betreffenden Bereich eingehalten werden, um Hautreizungen oder leichte Verbrennungen zu vermeiden. Dispo ICE SPRAY\u00a0ist ein\u00a0Medizinprodukt der Klasse II a.","og_url":"https:\/\/dispotech.ch\/de\/prodotto\/dispo-ice-spray\/","og_site_name":"Dispotech Shop","article_modified_time":"2025-11-24T12:12:54+00:00","og_image":[{"width":1920,"height":2560,"url":"https:\/\/dispotech.ch\/wp-content\/uploads\/2020\/02\/Ice_spray_swiss1-scaled.jpg","type":"image\/jpeg"}],"twitter_card":"summary_large_image","schema":{"@context":"https:\/\/schema.org","@graph":[{"@type":"WebPage","@id":"https:\/\/dispotech.ch\/de\/prodotto\/dispo-ice-spray\/","url":"https:\/\/dispotech.ch\/de\/prodotto\/dispo-ice-spray\/","name":"DISPO ICE SPRAY - Dispotech Shop","isPartOf":{"@id":"https:\/\/dispotech.ch\/#website"},"primaryImageOfPage":{"@id":"https:\/\/dispotech.ch\/de\/prodotto\/dispo-ice-spray\/#primaryimage"},"image":{"@id":"https:\/\/dispotech.ch\/de\/prodotto\/dispo-ice-spray\/#primaryimage"},"thumbnailUrl":"https:\/\/dispotech.ch\/wp-content\/uploads\/2020\/02\/Ice_spray_swiss1-scaled.jpg","datePublished":"2020-02-04T09:14:05+00:00","dateModified":"2025-11-24T12:12:54+00:00","breadcrumb":{"@id":"https:\/\/dispotech.ch\/de\/prodotto\/dispo-ice-spray\/#breadcrumb"},"inLanguage":"de","potentialAction":[{"@type":"ReadAction","target":["https:\/\/dispotech.ch\/de\/prodotto\/dispo-ice-spray\/"]}]},{"@type":"ImageObject","inLanguage":"de","@id":"https:\/\/dispotech.ch\/de\/prodotto\/dispo-ice-spray\/#primaryimage","url":"https:\/\/dispotech.ch\/wp-content\/uploads\/2020\/02\/Ice_spray_swiss1-scaled.jpg","contentUrl":"https:\/\/dispotech.ch\/wp-content\/uploads\/2020\/02\/Ice_spray_swiss1-scaled.jpg","width":1920,"height":2560},{"@type":"BreadcrumbList","@id":"https:\/\/dispotech.ch\/de\/prodotto\/dispo-ice-spray\/#breadcrumb","itemListElement":[{"@type":"ListItem","position":1,"name":"Home","item":"https:\/\/dispotech.ch\/de\/"},{"@type":"ListItem","position":2,"name":"Shop","item":"https:\/\/dispotech.ch\/de\/shop\/"},{"@type":"ListItem","position":3,"name":"DISPO ICE SPRAY"}]},{"@type":"WebSite","@id":"https:\/\/dispotech.ch\/#website","url":"https:\/\/dispotech.ch\/","name":"Dispotech Shop","description":"","potentialAction":[{"@type":"SearchAction","target":{"@type":"EntryPoint","urlTemplate":"https:\/\/dispotech.ch\/?s={search_term_string}"},"query-input":{"@type":"PropertyValueSpecification","valueRequired":true,"valueName":"search_term_string"}}],"inLanguage":"de"}]}},"_links":{"self":[{"href":"https:\/\/dispotech.ch\/de\/wp-json\/wp\/v2\/product\/19794","targetHints":{"allow":["GET"]}}],"collection":[{"href":"https:\/\/dispotech.ch\/de\/wp-json\/wp\/v2\/product"}],"about":[{"href":"https:\/\/dispotech.ch\/de\/wp-json\/wp\/v2\/types\/product"}],"replies":[{"embeddable":true,"href":"https:\/\/dispotech.ch\/de\/wp-json\/wp\/v2\/comments?post=19794"}],"wp:featuredmedia":[{"embeddable":true,"href":"https:\/\/dispotech.ch\/de\/wp-json\/wp\/v2\/media\/19795"}],"wp:attachment":[{"href":"https:\/\/dispotech.ch\/de\/wp-json\/wp\/v2\/media?parent=19794"}],"wp:term":[{"taxonomy":"product_brand","embeddable":true,"href":"https:\/\/dispotech.ch\/de\/wp-json\/wp\/v2\/product_brand?post=19794"},{"taxonomy":"product_cat","embeddable":true,"href":"https:\/\/dispotech.ch\/de\/wp-json\/wp\/v2\/product_cat?post=19794"},{"taxonomy":"product_tag","embeddable":true,"href":"https:\/\/dispotech.ch\/de\/wp-json\/wp\/v2\/product_tag?post=19794"}],"curies":[{"name":"wp","href":"https:\/\/api.w.org\/{rel}","templated":true}]}}