{"id":20262,"date":"2021-06-11T15:00:03","date_gmt":"2021-06-11T13:00:03","guid":{"rendered":"https:\/\/shop.dispotech.ch\/prodotto\/speichelrollen\/"},"modified":"2021-06-11T15:06:27","modified_gmt":"2021-06-11T13:06:27","slug":"speichelrollen","status":"publish","type":"product","link":"https:\/\/dispotech.ch\/de\/prodotto\/speichelrollen\/","title":{"rendered":"Speichelrollen"},"content":{"rendered":"<p><\/p>\n","protected":false},"excerpt":{"rendered":"<p>Die Einweg-Speichelrollen PERFECTO ROLLS aus reiner, chlorfreier und langfasriger Baumwolle (Faserl\u00e4nge 11 bis 13&nbsp;mm) sind besonders saugf\u00e4hig (mehr als 20g\/g) und sinPerfecto Rollsd wasserunl\u00f6slich. Ihr Schmelzpunkt liegt bei 400&nbsp;\u00b0C.<\/p>\n<pre id=\"tw-target-text\" class=\"tw-data-text tw-text-large XcVN5d tw-ta\" dir=\"ltr\" data-placeholder=\"Traduzione\"><span class=\"Y2IQFc\" lang=\"de\">FALL MIT NR. 495 ST\u00dcCK SPEICHERROLLEN N. 3 - 12 mm\r\nFALL MIT NR. 600 ST\u00dcCK SPEICHERROLLEN N. 2 - 10 mm\r\nFALL MIT NR. 825 ST\u00dcCK SPEICHERROLLEN N. 1 - 8 mm<\/span><\/pre>\n","protected":false},"featured_media":22890,"comment_status":"open","ping_status":"closed","template":"","meta":{"_acf_changed":false},"product_brand":[],"product_cat":[289],"product_tag":[],"class_list":{"0":"post-20262","1":"product","2":"type-product","3":"status-publish","4":"has-post-thumbnail","6":"product_cat-dental-de-2","8":"first","9":"instock","10":"taxable","11":"shipping-taxable","12":"purchasable","13":"product-type-variable"},"acf":[],"yoast_head":"<!-- This site is optimized with the Yoast SEO plugin v27.3 - https:\/\/yoast.com\/product\/yoast-seo-wordpress\/ -->\n<title>Speichelrollen - Dispotech Shop<\/title>\n<meta name=\"robots\" content=\"index, follow, max-snippet:-1, max-image-preview:large, max-video-preview:-1\" \/>\n<link rel=\"canonical\" href=\"https:\/\/dispotech.ch\/de\/prodotto\/speichelrollen\/\" \/>\n<meta property=\"og:locale\" content=\"de_DE\" \/>\n<meta property=\"og:type\" content=\"article\" \/>\n<meta property=\"og:title\" content=\"Speichelrollen - Dispotech Shop\" \/>\n<meta property=\"og:description\" content=\"Die Einweg-Speichelrollen PERFECTO ROLLS aus reiner, chlorfreier und langfasriger Baumwolle (Faserl\u00e4nge 11 bis 13&nbsp;mm) sind besonders saugf\u00e4hig (mehr als 20g\/g) und sinPerfecto Rollsd wasserunl\u00f6slich. Ihr Schmelzpunkt liegt bei 400&nbsp;\u00b0C.FALL MIT NR. 495 ST\u00dcCK SPEICHERROLLEN N. 3 - 12 mm FALL MIT NR. 600 ST\u00dcCK SPEICHERROLLEN N. 2 - 10 mm FALL MIT NR. 825 ST\u00dcCK SPEICHERROLLEN N. 1 - 8 mm\" \/>\n<meta property=\"og:url\" content=\"https:\/\/dispotech.ch\/de\/prodotto\/speichelrollen\/\" \/>\n<meta property=\"og:site_name\" content=\"Dispotech Shop\" \/>\n<meta property=\"article:modified_time\" content=\"2021-06-11T13:06:27+00:00\" \/>\n<meta property=\"og:image\" content=\"https:\/\/dispotech.ch\/wp-content\/uploads\/2021\/06\/Rullisalivari-1-scaled.jpg\" \/>\n\t<meta property=\"og:image:width\" content=\"2560\" \/>\n\t<meta property=\"og:image:height\" content=\"1920\" \/>\n\t<meta property=\"og:image:type\" content=\"image\/jpeg\" \/>\n<meta name=\"twitter:card\" content=\"summary_large_image\" \/>\n<script type=\"application\/ld+json\" class=\"yoast-schema-graph\">{\"@context\":\"https:\\\/\\\/schema.org\",\"@graph\":[{\"@type\":\"WebPage\",\"@id\":\"https:\\\/\\\/dispotech.ch\\\/de\\\/prodotto\\\/speichelrollen\\\/\",\"url\":\"https:\\\/\\\/dispotech.ch\\\/de\\\/prodotto\\\/speichelrollen\\\/\",\"name\":\"Speichelrollen - Dispotech Shop\",\"isPartOf\":{\"@id\":\"https:\\\/\\\/dispotech.ch\\\/#website\"},\"primaryImageOfPage\":{\"@id\":\"https:\\\/\\\/dispotech.ch\\\/de\\\/prodotto\\\/speichelrollen\\\/#primaryimage\"},\"image\":{\"@id\":\"https:\\\/\\\/dispotech.ch\\\/de\\\/prodotto\\\/speichelrollen\\\/#primaryimage\"},\"thumbnailUrl\":\"https:\\\/\\\/dispotech.ch\\\/wp-content\\\/uploads\\\/2021\\\/06\\\/Rullisalivari-1-scaled.jpg\",\"datePublished\":\"2021-06-11T13:00:03+00:00\",\"dateModified\":\"2021-06-11T13:06:27+00:00\",\"breadcrumb\":{\"@id\":\"https:\\\/\\\/dispotech.ch\\\/de\\\/prodotto\\\/speichelrollen\\\/#breadcrumb\"},\"inLanguage\":\"de\",\"potentialAction\":[{\"@type\":\"ReadAction\",\"target\":[\"https:\\\/\\\/dispotech.ch\\\/de\\\/prodotto\\\/speichelrollen\\\/\"]}]},{\"@type\":\"ImageObject\",\"inLanguage\":\"de\",\"@id\":\"https:\\\/\\\/dispotech.ch\\\/de\\\/prodotto\\\/speichelrollen\\\/#primaryimage\",\"url\":\"https:\\\/\\\/dispotech.ch\\\/wp-content\\\/uploads\\\/2021\\\/06\\\/Rullisalivari-1-scaled.jpg\",\"contentUrl\":\"https:\\\/\\\/dispotech.ch\\\/wp-content\\\/uploads\\\/2021\\\/06\\\/Rullisalivari-1-scaled.jpg\",\"width\":2560,\"height\":1920},{\"@type\":\"BreadcrumbList\",\"@id\":\"https:\\\/\\\/dispotech.ch\\\/de\\\/prodotto\\\/speichelrollen\\\/#breadcrumb\",\"itemListElement\":[{\"@type\":\"ListItem\",\"position\":1,\"name\":\"Home\",\"item\":\"https:\\\/\\\/dispotech.ch\\\/de\\\/\"},{\"@type\":\"ListItem\",\"position\":2,\"name\":\"Shop\",\"item\":\"https:\\\/\\\/dispotech.ch\\\/de\\\/shop\\\/\"},{\"@type\":\"ListItem\",\"position\":3,\"name\":\"Speichelrollen\"}]},{\"@type\":\"WebSite\",\"@id\":\"https:\\\/\\\/dispotech.ch\\\/#website\",\"url\":\"https:\\\/\\\/dispotech.ch\\\/\",\"name\":\"Dispotech Shop\",\"description\":\"\",\"potentialAction\":[{\"@type\":\"SearchAction\",\"target\":{\"@type\":\"EntryPoint\",\"urlTemplate\":\"https:\\\/\\\/dispotech.ch\\\/?s={search_term_string}\"},\"query-input\":{\"@type\":\"PropertyValueSpecification\",\"valueRequired\":true,\"valueName\":\"search_term_string\"}}],\"inLanguage\":\"de\"}]}<\/script>\n<!-- \/ Yoast SEO plugin. -->","yoast_head_json":{"title":"Speichelrollen - Dispotech Shop","robots":{"index":"index","follow":"follow","max-snippet":"max-snippet:-1","max-image-preview":"max-image-preview:large","max-video-preview":"max-video-preview:-1"},"canonical":"https:\/\/dispotech.ch\/de\/prodotto\/speichelrollen\/","og_locale":"de_DE","og_type":"article","og_title":"Speichelrollen - Dispotech Shop","og_description":"Die Einweg-Speichelrollen PERFECTO ROLLS aus reiner, chlorfreier und langfasriger Baumwolle (Faserl\u00e4nge 11 bis 13&nbsp;mm) sind besonders saugf\u00e4hig (mehr als 20g\/g) und sinPerfecto Rollsd wasserunl\u00f6slich. Ihr Schmelzpunkt liegt bei 400&nbsp;\u00b0C.FALL MIT NR. 495 ST\u00dcCK SPEICHERROLLEN N. 3 - 12 mm FALL MIT NR. 600 ST\u00dcCK SPEICHERROLLEN N. 2 - 10 mm FALL MIT NR. 825 ST\u00dcCK SPEICHERROLLEN N. 1 - 8 mm","og_url":"https:\/\/dispotech.ch\/de\/prodotto\/speichelrollen\/","og_site_name":"Dispotech Shop","article_modified_time":"2021-06-11T13:06:27+00:00","og_image":[{"width":2560,"height":1920,"url":"https:\/\/dispotech.ch\/wp-content\/uploads\/2021\/06\/Rullisalivari-1-scaled.jpg","type":"image\/jpeg"}],"twitter_card":"summary_large_image","schema":{"@context":"https:\/\/schema.org","@graph":[{"@type":"WebPage","@id":"https:\/\/dispotech.ch\/de\/prodotto\/speichelrollen\/","url":"https:\/\/dispotech.ch\/de\/prodotto\/speichelrollen\/","name":"Speichelrollen - Dispotech Shop","isPartOf":{"@id":"https:\/\/dispotech.ch\/#website"},"primaryImageOfPage":{"@id":"https:\/\/dispotech.ch\/de\/prodotto\/speichelrollen\/#primaryimage"},"image":{"@id":"https:\/\/dispotech.ch\/de\/prodotto\/speichelrollen\/#primaryimage"},"thumbnailUrl":"https:\/\/dispotech.ch\/wp-content\/uploads\/2021\/06\/Rullisalivari-1-scaled.jpg","datePublished":"2021-06-11T13:00:03+00:00","dateModified":"2021-06-11T13:06:27+00:00","breadcrumb":{"@id":"https:\/\/dispotech.ch\/de\/prodotto\/speichelrollen\/#breadcrumb"},"inLanguage":"de","potentialAction":[{"@type":"ReadAction","target":["https:\/\/dispotech.ch\/de\/prodotto\/speichelrollen\/"]}]},{"@type":"ImageObject","inLanguage":"de","@id":"https:\/\/dispotech.ch\/de\/prodotto\/speichelrollen\/#primaryimage","url":"https:\/\/dispotech.ch\/wp-content\/uploads\/2021\/06\/Rullisalivari-1-scaled.jpg","contentUrl":"https:\/\/dispotech.ch\/wp-content\/uploads\/2021\/06\/Rullisalivari-1-scaled.jpg","width":2560,"height":1920},{"@type":"BreadcrumbList","@id":"https:\/\/dispotech.ch\/de\/prodotto\/speichelrollen\/#breadcrumb","itemListElement":[{"@type":"ListItem","position":1,"name":"Home","item":"https:\/\/dispotech.ch\/de\/"},{"@type":"ListItem","position":2,"name":"Shop","item":"https:\/\/dispotech.ch\/de\/shop\/"},{"@type":"ListItem","position":3,"name":"Speichelrollen"}]},{"@type":"WebSite","@id":"https:\/\/dispotech.ch\/#website","url":"https:\/\/dispotech.ch\/","name":"Dispotech Shop","description":"","potentialAction":[{"@type":"SearchAction","target":{"@type":"EntryPoint","urlTemplate":"https:\/\/dispotech.ch\/?s={search_term_string}"},"query-input":{"@type":"PropertyValueSpecification","valueRequired":true,"valueName":"search_term_string"}}],"inLanguage":"de"}]}},"_links":{"self":[{"href":"https:\/\/dispotech.ch\/de\/wp-json\/wp\/v2\/product\/20262","targetHints":{"allow":["GET"]}}],"collection":[{"href":"https:\/\/dispotech.ch\/de\/wp-json\/wp\/v2\/product"}],"about":[{"href":"https:\/\/dispotech.ch\/de\/wp-json\/wp\/v2\/types\/product"}],"replies":[{"embeddable":true,"href":"https:\/\/dispotech.ch\/de\/wp-json\/wp\/v2\/comments?post=20262"}],"wp:featuredmedia":[{"embeddable":true,"href":"https:\/\/dispotech.ch\/de\/wp-json\/wp\/v2\/media\/22890"}],"wp:attachment":[{"href":"https:\/\/dispotech.ch\/de\/wp-json\/wp\/v2\/media?parent=20262"}],"wp:term":[{"taxonomy":"product_brand","embeddable":true,"href":"https:\/\/dispotech.ch\/de\/wp-json\/wp\/v2\/product_brand?post=20262"},{"taxonomy":"product_cat","embeddable":true,"href":"https:\/\/dispotech.ch\/de\/wp-json\/wp\/v2\/product_cat?post=20262"},{"taxonomy":"product_tag","embeddable":true,"href":"https:\/\/dispotech.ch\/de\/wp-json\/wp\/v2\/product_tag?post=20262"}],"curies":[{"name":"wp","href":"https:\/\/api.w.org\/{rel}","templated":true}]}}