{"id":20493,"date":"2021-06-14T17:51:37","date_gmt":"2021-06-11T15:51:37","guid":{"rendered":"https:\/\/shop.dispotech.ch\/prodotto\/speichelsauger\/"},"modified":"2025-02-18T11:22:21","modified_gmt":"2025-02-18T10:22:21","slug":"speichelsauger","status":"publish","type":"product","link":"https:\/\/dispotech.ch\/de\/prodotto\/speichelsauger\/","title":{"rendered":"Speichelsauger"},"content":{"rendered":"","protected":false},"excerpt":{"rendered":"<p id=\"tw-target-text\" class=\"tw-data-text tw-text-large XcVN5d tw-ta\" dir=\"ltr\" data-placeholder=\"Traduzione\"><span class=\"Y2IQFc\" lang=\"de\">Dispotech bietet PERFECTO EJECTOR Einweg-Speichelsauger aus ungiftigem transparentem PVC an. PERFECTO EJECTOR Speichelsauger sind flexibel und verf\u00fcgen \u00fcber einen eingebauten Metalldraht zur korrekten Einhaltung des eingestellten Winkels. Ausgestattet mit einer abnehmbaren Rundkappe sind PERFECTO PERFECTO EJECTOR auch ideal f\u00fcr Operationen mit gereizten Schleimh\u00e4uten. PERFECTO PERFECTO EJECTOR ist ein Medizinprodukt der Klasse II. <\/span><\/p>\n<p class=\"tw-data-text tw-text-large XcVN5d tw-ta\" dir=\"ltr\" data-placeholder=\"Traduzione\"><strong><span class=\"Y2IQFc\" lang=\"de\">Verkauf in Packungen zu 100 St\u00fcck.<\/span><\/strong><\/p>\n","protected":false},"featured_media":22920,"comment_status":"open","ping_status":"closed","template":"","meta":{"_acf_changed":false},"product_brand":[],"product_cat":[451,289,418],"product_tag":[297,336],"class_list":{"0":"post-20493","1":"product","2":"type-product","3":"status-publish","4":"has-post-thumbnail","6":"product_cat-als-beweis","7":"product_cat-dental-de-2","8":"product_cat-novita-de","9":"product_tag-dental-de","10":"product_tag-speichelsauger","12":"first","13":"instock","14":"taxable","15":"shipping-taxable","16":"purchasable","17":"product-type-variable"},"acf":[],"yoast_head":"<!-- This site is optimized with the Yoast SEO plugin v27.3 - https:\/\/yoast.com\/product\/yoast-seo-wordpress\/ -->\n<title>Speichelsauger - Dispotech Shop<\/title>\n<meta name=\"robots\" content=\"index, follow, max-snippet:-1, max-image-preview:large, max-video-preview:-1\" \/>\n<link rel=\"canonical\" href=\"https:\/\/dispotech.ch\/de\/prodotto\/speichelsauger\/\" \/>\n<meta property=\"og:locale\" content=\"de_DE\" \/>\n<meta property=\"og:type\" content=\"article\" \/>\n<meta property=\"og:title\" content=\"Speichelsauger - Dispotech Shop\" \/>\n<meta property=\"og:description\" content=\"Dispotech bietet PERFECTO EJECTOR Einweg-Speichelsauger aus ungiftigem transparentem PVC an. PERFECTO EJECTOR Speichelsauger sind flexibel und verf\u00fcgen \u00fcber einen eingebauten Metalldraht zur korrekten Einhaltung des eingestellten Winkels. Ausgestattet mit einer abnehmbaren Rundkappe sind PERFECTO PERFECTO EJECTOR auch ideal f\u00fcr Operationen mit gereizten Schleimh\u00e4uten. PERFECTO PERFECTO EJECTOR ist ein Medizinprodukt der Klasse II.  Verkauf in Packungen zu 100 St\u00fcck.\" \/>\n<meta property=\"og:url\" content=\"https:\/\/dispotech.ch\/de\/prodotto\/speichelsauger\/\" \/>\n<meta property=\"og:site_name\" content=\"Dispotech Shop\" \/>\n<meta property=\"article:modified_time\" content=\"2025-02-18T10:22:21+00:00\" \/>\n<meta property=\"og:image\" content=\"https:\/\/dispotech.ch\/wp-content\/uploads\/2021\/06\/Aspirasaliva-trasp.png\" \/>\n\t<meta property=\"og:image:width\" content=\"1500\" \/>\n\t<meta property=\"og:image:height\" content=\"1125\" \/>\n\t<meta property=\"og:image:type\" content=\"image\/png\" \/>\n<meta name=\"twitter:card\" content=\"summary_large_image\" \/>\n<script type=\"application\/ld+json\" class=\"yoast-schema-graph\">{\"@context\":\"https:\\\/\\\/schema.org\",\"@graph\":[{\"@type\":\"WebPage\",\"@id\":\"https:\\\/\\\/dispotech.ch\\\/de\\\/prodotto\\\/speichelsauger\\\/\",\"url\":\"https:\\\/\\\/dispotech.ch\\\/de\\\/prodotto\\\/speichelsauger\\\/\",\"name\":\"Speichelsauger - Dispotech Shop\",\"isPartOf\":{\"@id\":\"https:\\\/\\\/dispotech.ch\\\/#website\"},\"primaryImageOfPage\":{\"@id\":\"https:\\\/\\\/dispotech.ch\\\/de\\\/prodotto\\\/speichelsauger\\\/#primaryimage\"},\"image\":{\"@id\":\"https:\\\/\\\/dispotech.ch\\\/de\\\/prodotto\\\/speichelsauger\\\/#primaryimage\"},\"thumbnailUrl\":\"https:\\\/\\\/dispotech.ch\\\/wp-content\\\/uploads\\\/2021\\\/06\\\/Aspirasaliva-trasp.png\",\"datePublished\":\"2021-06-11T15:51:37+00:00\",\"dateModified\":\"2025-02-18T10:22:21+00:00\",\"breadcrumb\":{\"@id\":\"https:\\\/\\\/dispotech.ch\\\/de\\\/prodotto\\\/speichelsauger\\\/#breadcrumb\"},\"inLanguage\":\"de\",\"potentialAction\":[{\"@type\":\"ReadAction\",\"target\":[\"https:\\\/\\\/dispotech.ch\\\/de\\\/prodotto\\\/speichelsauger\\\/\"]}]},{\"@type\":\"ImageObject\",\"inLanguage\":\"de\",\"@id\":\"https:\\\/\\\/dispotech.ch\\\/de\\\/prodotto\\\/speichelsauger\\\/#primaryimage\",\"url\":\"https:\\\/\\\/dispotech.ch\\\/wp-content\\\/uploads\\\/2021\\\/06\\\/Aspirasaliva-trasp.png\",\"contentUrl\":\"https:\\\/\\\/dispotech.ch\\\/wp-content\\\/uploads\\\/2021\\\/06\\\/Aspirasaliva-trasp.png\",\"width\":1500,\"height\":1125},{\"@type\":\"BreadcrumbList\",\"@id\":\"https:\\\/\\\/dispotech.ch\\\/de\\\/prodotto\\\/speichelsauger\\\/#breadcrumb\",\"itemListElement\":[{\"@type\":\"ListItem\",\"position\":1,\"name\":\"Home\",\"item\":\"https:\\\/\\\/dispotech.ch\\\/de\\\/\"},{\"@type\":\"ListItem\",\"position\":2,\"name\":\"Shop\",\"item\":\"https:\\\/\\\/dispotech.ch\\\/de\\\/shop\\\/\"},{\"@type\":\"ListItem\",\"position\":3,\"name\":\"Speichelsauger\"}]},{\"@type\":\"WebSite\",\"@id\":\"https:\\\/\\\/dispotech.ch\\\/#website\",\"url\":\"https:\\\/\\\/dispotech.ch\\\/\",\"name\":\"Dispotech Shop\",\"description\":\"\",\"potentialAction\":[{\"@type\":\"SearchAction\",\"target\":{\"@type\":\"EntryPoint\",\"urlTemplate\":\"https:\\\/\\\/dispotech.ch\\\/?s={search_term_string}\"},\"query-input\":{\"@type\":\"PropertyValueSpecification\",\"valueRequired\":true,\"valueName\":\"search_term_string\"}}],\"inLanguage\":\"de\"}]}<\/script>\n<!-- \/ Yoast SEO plugin. -->","yoast_head_json":{"title":"Speichelsauger - Dispotech Shop","robots":{"index":"index","follow":"follow","max-snippet":"max-snippet:-1","max-image-preview":"max-image-preview:large","max-video-preview":"max-video-preview:-1"},"canonical":"https:\/\/dispotech.ch\/de\/prodotto\/speichelsauger\/","og_locale":"de_DE","og_type":"article","og_title":"Speichelsauger - Dispotech Shop","og_description":"Dispotech bietet PERFECTO EJECTOR Einweg-Speichelsauger aus ungiftigem transparentem PVC an. PERFECTO EJECTOR Speichelsauger sind flexibel und verf\u00fcgen \u00fcber einen eingebauten Metalldraht zur korrekten Einhaltung des eingestellten Winkels. Ausgestattet mit einer abnehmbaren Rundkappe sind PERFECTO PERFECTO EJECTOR auch ideal f\u00fcr Operationen mit gereizten Schleimh\u00e4uten. PERFECTO PERFECTO EJECTOR ist ein Medizinprodukt der Klasse II.  Verkauf in Packungen zu 100 St\u00fcck.","og_url":"https:\/\/dispotech.ch\/de\/prodotto\/speichelsauger\/","og_site_name":"Dispotech Shop","article_modified_time":"2025-02-18T10:22:21+00:00","og_image":[{"width":1500,"height":1125,"url":"https:\/\/dispotech.ch\/wp-content\/uploads\/2021\/06\/Aspirasaliva-trasp.png","type":"image\/png"}],"twitter_card":"summary_large_image","schema":{"@context":"https:\/\/schema.org","@graph":[{"@type":"WebPage","@id":"https:\/\/dispotech.ch\/de\/prodotto\/speichelsauger\/","url":"https:\/\/dispotech.ch\/de\/prodotto\/speichelsauger\/","name":"Speichelsauger - Dispotech Shop","isPartOf":{"@id":"https:\/\/dispotech.ch\/#website"},"primaryImageOfPage":{"@id":"https:\/\/dispotech.ch\/de\/prodotto\/speichelsauger\/#primaryimage"},"image":{"@id":"https:\/\/dispotech.ch\/de\/prodotto\/speichelsauger\/#primaryimage"},"thumbnailUrl":"https:\/\/dispotech.ch\/wp-content\/uploads\/2021\/06\/Aspirasaliva-trasp.png","datePublished":"2021-06-11T15:51:37+00:00","dateModified":"2025-02-18T10:22:21+00:00","breadcrumb":{"@id":"https:\/\/dispotech.ch\/de\/prodotto\/speichelsauger\/#breadcrumb"},"inLanguage":"de","potentialAction":[{"@type":"ReadAction","target":["https:\/\/dispotech.ch\/de\/prodotto\/speichelsauger\/"]}]},{"@type":"ImageObject","inLanguage":"de","@id":"https:\/\/dispotech.ch\/de\/prodotto\/speichelsauger\/#primaryimage","url":"https:\/\/dispotech.ch\/wp-content\/uploads\/2021\/06\/Aspirasaliva-trasp.png","contentUrl":"https:\/\/dispotech.ch\/wp-content\/uploads\/2021\/06\/Aspirasaliva-trasp.png","width":1500,"height":1125},{"@type":"BreadcrumbList","@id":"https:\/\/dispotech.ch\/de\/prodotto\/speichelsauger\/#breadcrumb","itemListElement":[{"@type":"ListItem","position":1,"name":"Home","item":"https:\/\/dispotech.ch\/de\/"},{"@type":"ListItem","position":2,"name":"Shop","item":"https:\/\/dispotech.ch\/de\/shop\/"},{"@type":"ListItem","position":3,"name":"Speichelsauger"}]},{"@type":"WebSite","@id":"https:\/\/dispotech.ch\/#website","url":"https:\/\/dispotech.ch\/","name":"Dispotech Shop","description":"","potentialAction":[{"@type":"SearchAction","target":{"@type":"EntryPoint","urlTemplate":"https:\/\/dispotech.ch\/?s={search_term_string}"},"query-input":{"@type":"PropertyValueSpecification","valueRequired":true,"valueName":"search_term_string"}}],"inLanguage":"de"}]}},"_links":{"self":[{"href":"https:\/\/dispotech.ch\/de\/wp-json\/wp\/v2\/product\/20493","targetHints":{"allow":["GET"]}}],"collection":[{"href":"https:\/\/dispotech.ch\/de\/wp-json\/wp\/v2\/product"}],"about":[{"href":"https:\/\/dispotech.ch\/de\/wp-json\/wp\/v2\/types\/product"}],"replies":[{"embeddable":true,"href":"https:\/\/dispotech.ch\/de\/wp-json\/wp\/v2\/comments?post=20493"}],"wp:featuredmedia":[{"embeddable":true,"href":"https:\/\/dispotech.ch\/de\/wp-json\/wp\/v2\/media\/22920"}],"wp:attachment":[{"href":"https:\/\/dispotech.ch\/de\/wp-json\/wp\/v2\/media?parent=20493"}],"wp:term":[{"taxonomy":"product_brand","embeddable":true,"href":"https:\/\/dispotech.ch\/de\/wp-json\/wp\/v2\/product_brand?post=20493"},{"taxonomy":"product_cat","embeddable":true,"href":"https:\/\/dispotech.ch\/de\/wp-json\/wp\/v2\/product_cat?post=20493"},{"taxonomy":"product_tag","embeddable":true,"href":"https:\/\/dispotech.ch\/de\/wp-json\/wp\/v2\/product_tag?post=20493"}],"curies":[{"name":"wp","href":"https:\/\/api.w.org\/{rel}","templated":true}]}}