{"id":20887,"date":"2021-06-13T00:40:38","date_gmt":"2021-06-12T22:40:38","guid":{"rendered":"https:\/\/shop.dispotech.ch\/prodotto\/cutanplast-emostatiko\/"},"modified":"2021-07-05T16:05:31","modified_gmt":"2021-07-05T14:05:31","slug":"cutanplast-emostatiko","status":"publish","type":"product","link":"https:\/\/dispotech.ch\/de\/prodotto\/cutanplast-emostatiko\/","title":{"rendered":"Cutanplast &#8211; Emostatiko"},"content":{"rendered":"","protected":false},"excerpt":{"rendered":"<p>Perfecto stellt h\u00e4mostatische Schw\u00e4mme zur Verf\u00fcgung. Dies sind schwammartige W\u00fcrfel aus steriler h\u00e4mostatischer Gelatine vom Schwein, die speziell f\u00fcr den Dentalbereich entwickelt wurden. H\u00e4mostatische Schw\u00e4mme sind perfekt resorbierbar und werden in der Regel gezielt zur F\u00f6rderung der Heilung nach Extraktionen oder Operationen verwendet. Garantiert von Perfecto.<br \/>\nCUTANPLAST ist ein Medizinprodukt der Klasse III.<\/p>\n<p><strong>Verkauft in Schachteln mit 24 St\u00fcck und den Ma\u00dfen 10x10x10<\/strong><\/p>\n","protected":false},"featured_media":23303,"comment_status":"open","ping_status":"closed","template":"","meta":{"_acf_changed":false},"product_brand":[],"product_cat":[289,439],"product_tag":[367,368],"class_list":{"0":"post-20887","1":"product","2":"type-product","3":"status-publish","4":"has-post-thumbnail","6":"product_cat-dental-de-2","7":"product_cat-hamostatika","8":"product_tag-cutanplast-emostatiko","9":"product_tag-cutanplast-emostatiko-de","11":"first","12":"instock","13":"taxable","14":"shipping-taxable","15":"purchasable","16":"product-type-simple"},"acf":[],"yoast_head":"<!-- This site is optimized with the Yoast SEO plugin v27.3 - https:\/\/yoast.com\/product\/yoast-seo-wordpress\/ -->\n<title>Cutanplast - Emostatiko - Dispotech Shop<\/title>\n<meta name=\"robots\" content=\"index, follow, max-snippet:-1, max-image-preview:large, max-video-preview:-1\" \/>\n<link rel=\"canonical\" href=\"https:\/\/dispotech.ch\/de\/prodotto\/cutanplast-emostatiko\/\" \/>\n<meta property=\"og:locale\" content=\"de_DE\" \/>\n<meta property=\"og:type\" content=\"article\" \/>\n<meta property=\"og:title\" content=\"Cutanplast - Emostatiko - Dispotech Shop\" \/>\n<meta property=\"og:description\" content=\"Perfecto stellt h\u00e4mostatische Schw\u00e4mme zur Verf\u00fcgung. Dies sind schwammartige W\u00fcrfel aus steriler h\u00e4mostatischer Gelatine vom Schwein, die speziell f\u00fcr den Dentalbereich entwickelt wurden. H\u00e4mostatische Schw\u00e4mme sind perfekt resorbierbar und werden in der Regel gezielt zur F\u00f6rderung der Heilung nach Extraktionen oder Operationen verwendet. Garantiert von Perfecto. CUTANPLAST ist ein Medizinprodukt der Klasse III.  Verkauft in Schachteln mit 24 St\u00fcck und den Ma\u00dfen 10x10x10\" \/>\n<meta property=\"og:url\" content=\"https:\/\/dispotech.ch\/de\/prodotto\/cutanplast-emostatiko\/\" \/>\n<meta property=\"og:site_name\" content=\"Dispotech Shop\" \/>\n<meta property=\"article:modified_time\" content=\"2021-07-05T14:05:31+00:00\" \/>\n<meta property=\"og:image\" content=\"https:\/\/dispotech.ch\/wp-content\/uploads\/2021\/06\/Cutanplast_emostatico-05-scaled.jpg\" \/>\n\t<meta property=\"og:image:width\" content=\"2560\" \/>\n\t<meta property=\"og:image:height\" content=\"1920\" \/>\n\t<meta property=\"og:image:type\" content=\"image\/jpeg\" \/>\n<meta name=\"twitter:card\" content=\"summary_large_image\" \/>\n<script type=\"application\/ld+json\" class=\"yoast-schema-graph\">{\"@context\":\"https:\\\/\\\/schema.org\",\"@graph\":[{\"@type\":\"WebPage\",\"@id\":\"https:\\\/\\\/dispotech.ch\\\/de\\\/prodotto\\\/cutanplast-emostatiko\\\/\",\"url\":\"https:\\\/\\\/dispotech.ch\\\/de\\\/prodotto\\\/cutanplast-emostatiko\\\/\",\"name\":\"Cutanplast - Emostatiko - Dispotech Shop\",\"isPartOf\":{\"@id\":\"https:\\\/\\\/dispotech.ch\\\/#website\"},\"primaryImageOfPage\":{\"@id\":\"https:\\\/\\\/dispotech.ch\\\/de\\\/prodotto\\\/cutanplast-emostatiko\\\/#primaryimage\"},\"image\":{\"@id\":\"https:\\\/\\\/dispotech.ch\\\/de\\\/prodotto\\\/cutanplast-emostatiko\\\/#primaryimage\"},\"thumbnailUrl\":\"https:\\\/\\\/dispotech.ch\\\/wp-content\\\/uploads\\\/2021\\\/06\\\/Cutanplast_emostatico-05-scaled.jpg\",\"datePublished\":\"2021-06-12T22:40:38+00:00\",\"dateModified\":\"2021-07-05T14:05:31+00:00\",\"breadcrumb\":{\"@id\":\"https:\\\/\\\/dispotech.ch\\\/de\\\/prodotto\\\/cutanplast-emostatiko\\\/#breadcrumb\"},\"inLanguage\":\"de\",\"potentialAction\":[{\"@type\":\"ReadAction\",\"target\":[\"https:\\\/\\\/dispotech.ch\\\/de\\\/prodotto\\\/cutanplast-emostatiko\\\/\"]}]},{\"@type\":\"ImageObject\",\"inLanguage\":\"de\",\"@id\":\"https:\\\/\\\/dispotech.ch\\\/de\\\/prodotto\\\/cutanplast-emostatiko\\\/#primaryimage\",\"url\":\"https:\\\/\\\/dispotech.ch\\\/wp-content\\\/uploads\\\/2021\\\/06\\\/Cutanplast_emostatico-05-scaled.jpg\",\"contentUrl\":\"https:\\\/\\\/dispotech.ch\\\/wp-content\\\/uploads\\\/2021\\\/06\\\/Cutanplast_emostatico-05-scaled.jpg\",\"width\":2560,\"height\":1920},{\"@type\":\"BreadcrumbList\",\"@id\":\"https:\\\/\\\/dispotech.ch\\\/de\\\/prodotto\\\/cutanplast-emostatiko\\\/#breadcrumb\",\"itemListElement\":[{\"@type\":\"ListItem\",\"position\":1,\"name\":\"Home\",\"item\":\"https:\\\/\\\/dispotech.ch\\\/de\\\/\"},{\"@type\":\"ListItem\",\"position\":2,\"name\":\"Shop\",\"item\":\"https:\\\/\\\/dispotech.ch\\\/de\\\/shop\\\/\"},{\"@type\":\"ListItem\",\"position\":3,\"name\":\"Cutanplast &#8211; Emostatiko\"}]},{\"@type\":\"WebSite\",\"@id\":\"https:\\\/\\\/dispotech.ch\\\/#website\",\"url\":\"https:\\\/\\\/dispotech.ch\\\/\",\"name\":\"Dispotech Shop\",\"description\":\"\",\"potentialAction\":[{\"@type\":\"SearchAction\",\"target\":{\"@type\":\"EntryPoint\",\"urlTemplate\":\"https:\\\/\\\/dispotech.ch\\\/?s={search_term_string}\"},\"query-input\":{\"@type\":\"PropertyValueSpecification\",\"valueRequired\":true,\"valueName\":\"search_term_string\"}}],\"inLanguage\":\"de\"}]}<\/script>\n<!-- \/ Yoast SEO plugin. -->","yoast_head_json":{"title":"Cutanplast - Emostatiko - Dispotech Shop","robots":{"index":"index","follow":"follow","max-snippet":"max-snippet:-1","max-image-preview":"max-image-preview:large","max-video-preview":"max-video-preview:-1"},"canonical":"https:\/\/dispotech.ch\/de\/prodotto\/cutanplast-emostatiko\/","og_locale":"de_DE","og_type":"article","og_title":"Cutanplast - Emostatiko - Dispotech Shop","og_description":"Perfecto stellt h\u00e4mostatische Schw\u00e4mme zur Verf\u00fcgung. Dies sind schwammartige W\u00fcrfel aus steriler h\u00e4mostatischer Gelatine vom Schwein, die speziell f\u00fcr den Dentalbereich entwickelt wurden. H\u00e4mostatische Schw\u00e4mme sind perfekt resorbierbar und werden in der Regel gezielt zur F\u00f6rderung der Heilung nach Extraktionen oder Operationen verwendet. Garantiert von Perfecto. CUTANPLAST ist ein Medizinprodukt der Klasse III.  Verkauft in Schachteln mit 24 St\u00fcck und den Ma\u00dfen 10x10x10","og_url":"https:\/\/dispotech.ch\/de\/prodotto\/cutanplast-emostatiko\/","og_site_name":"Dispotech Shop","article_modified_time":"2021-07-05T14:05:31+00:00","og_image":[{"width":2560,"height":1920,"url":"https:\/\/dispotech.ch\/wp-content\/uploads\/2021\/06\/Cutanplast_emostatico-05-scaled.jpg","type":"image\/jpeg"}],"twitter_card":"summary_large_image","schema":{"@context":"https:\/\/schema.org","@graph":[{"@type":"WebPage","@id":"https:\/\/dispotech.ch\/de\/prodotto\/cutanplast-emostatiko\/","url":"https:\/\/dispotech.ch\/de\/prodotto\/cutanplast-emostatiko\/","name":"Cutanplast - Emostatiko - Dispotech Shop","isPartOf":{"@id":"https:\/\/dispotech.ch\/#website"},"primaryImageOfPage":{"@id":"https:\/\/dispotech.ch\/de\/prodotto\/cutanplast-emostatiko\/#primaryimage"},"image":{"@id":"https:\/\/dispotech.ch\/de\/prodotto\/cutanplast-emostatiko\/#primaryimage"},"thumbnailUrl":"https:\/\/dispotech.ch\/wp-content\/uploads\/2021\/06\/Cutanplast_emostatico-05-scaled.jpg","datePublished":"2021-06-12T22:40:38+00:00","dateModified":"2021-07-05T14:05:31+00:00","breadcrumb":{"@id":"https:\/\/dispotech.ch\/de\/prodotto\/cutanplast-emostatiko\/#breadcrumb"},"inLanguage":"de","potentialAction":[{"@type":"ReadAction","target":["https:\/\/dispotech.ch\/de\/prodotto\/cutanplast-emostatiko\/"]}]},{"@type":"ImageObject","inLanguage":"de","@id":"https:\/\/dispotech.ch\/de\/prodotto\/cutanplast-emostatiko\/#primaryimage","url":"https:\/\/dispotech.ch\/wp-content\/uploads\/2021\/06\/Cutanplast_emostatico-05-scaled.jpg","contentUrl":"https:\/\/dispotech.ch\/wp-content\/uploads\/2021\/06\/Cutanplast_emostatico-05-scaled.jpg","width":2560,"height":1920},{"@type":"BreadcrumbList","@id":"https:\/\/dispotech.ch\/de\/prodotto\/cutanplast-emostatiko\/#breadcrumb","itemListElement":[{"@type":"ListItem","position":1,"name":"Home","item":"https:\/\/dispotech.ch\/de\/"},{"@type":"ListItem","position":2,"name":"Shop","item":"https:\/\/dispotech.ch\/de\/shop\/"},{"@type":"ListItem","position":3,"name":"Cutanplast &#8211; Emostatiko"}]},{"@type":"WebSite","@id":"https:\/\/dispotech.ch\/#website","url":"https:\/\/dispotech.ch\/","name":"Dispotech Shop","description":"","potentialAction":[{"@type":"SearchAction","target":{"@type":"EntryPoint","urlTemplate":"https:\/\/dispotech.ch\/?s={search_term_string}"},"query-input":{"@type":"PropertyValueSpecification","valueRequired":true,"valueName":"search_term_string"}}],"inLanguage":"de"}]}},"_links":{"self":[{"href":"https:\/\/dispotech.ch\/de\/wp-json\/wp\/v2\/product\/20887","targetHints":{"allow":["GET"]}}],"collection":[{"href":"https:\/\/dispotech.ch\/de\/wp-json\/wp\/v2\/product"}],"about":[{"href":"https:\/\/dispotech.ch\/de\/wp-json\/wp\/v2\/types\/product"}],"replies":[{"embeddable":true,"href":"https:\/\/dispotech.ch\/de\/wp-json\/wp\/v2\/comments?post=20887"}],"wp:featuredmedia":[{"embeddable":true,"href":"https:\/\/dispotech.ch\/de\/wp-json\/wp\/v2\/media\/23303"}],"wp:attachment":[{"href":"https:\/\/dispotech.ch\/de\/wp-json\/wp\/v2\/media?parent=20887"}],"wp:term":[{"taxonomy":"product_brand","embeddable":true,"href":"https:\/\/dispotech.ch\/de\/wp-json\/wp\/v2\/product_brand?post=20887"},{"taxonomy":"product_cat","embeddable":true,"href":"https:\/\/dispotech.ch\/de\/wp-json\/wp\/v2\/product_cat?post=20887"},{"taxonomy":"product_tag","embeddable":true,"href":"https:\/\/dispotech.ch\/de\/wp-json\/wp\/v2\/product_tag?post=20887"}],"curies":[{"name":"wp","href":"https:\/\/api.w.org\/{rel}","templated":true}]}}