{"id":20934,"date":"2021-06-14T09:02:21","date_gmt":"2021-06-14T07:02:21","guid":{"rendered":"https:\/\/shop.dispotech.ch\/prodotto\/20934\/"},"modified":"2021-06-15T11:13:43","modified_gmt":"2021-06-15T09:13:43","slug":"20934","status":"publish","type":"product","link":"https:\/\/dispotech.ch\/de\/prodotto\/20934\/","title":{"rendered":"Ortho Bite &#038; Box"},"content":{"rendered":"","protected":false},"excerpt":{"rendered":"<div class=\"corpo\">PERFECTO ORTHO BOX ist einen praktischen, funktionellen Kunststoffbeh\u00e4lter f\u00fcr den Transport und die Aufbewahrung von kieferorthop\u00e4dischen Zahnspangen, Bissen oder funktionellen Klammern. Das Produkt ist ideal, um h\u00f6chste Hygiene w\u00e4hrend der Lagerung und des Transports der kieferorthop\u00e4dischen Zahnspangen zu gew\u00e4hrleisten. Die Beh\u00e4lter sind aus ungiftigem, kochbest\u00e4ndigem und langlebigem Kunststoff. Die Materialien wurden ausgew\u00e4hlt, um eine hochwertige Prothesenbox zu gew\u00e4hrleisten und ein langlebiges Produkt zu bieten, das gute Leistung im Laufe der Zeit gew\u00e4hrleistet.<\/div>\n<p><strong>Verkauft in Kartons mit 20 und gemischten Farben.<\/strong><\/p>\n","protected":false},"featured_media":22808,"comment_status":"open","ping_status":"closed","template":"","meta":{"_acf_changed":false},"product_brand":[],"product_cat":[289],"product_tag":[379,380],"class_list":{"0":"post-20934","1":"product","2":"type-product","3":"status-publish","4":"has-post-thumbnail","6":"product_cat-dental-de-2","7":"product_tag-bite-de","8":"product_tag-box-de","10":"first","11":"instock","12":"taxable","13":"shipping-taxable","14":"product-type-variable"},"acf":[],"yoast_head":"<!-- This site is optimized with the Yoast SEO plugin v27.3 - https:\/\/yoast.com\/product\/yoast-seo-wordpress\/ -->\n<title>Ortho Bite &amp; Box - Dispotech Shop<\/title>\n<meta name=\"robots\" content=\"index, follow, max-snippet:-1, max-image-preview:large, max-video-preview:-1\" \/>\n<link rel=\"canonical\" href=\"https:\/\/dispotech.ch\/de\/prodotto\/20934\/\" \/>\n<meta property=\"og:locale\" content=\"de_DE\" \/>\n<meta property=\"og:type\" content=\"article\" \/>\n<meta property=\"og:title\" content=\"Ortho Bite &amp; Box - Dispotech Shop\" \/>\n<meta property=\"og:description\" content=\"PERFECTO ORTHO BOX ist einen praktischen, funktionellen Kunststoffbeh\u00e4lter f\u00fcr den Transport und die Aufbewahrung von kieferorthop\u00e4dischen Zahnspangen, Bissen oder funktionellen Klammern. Das Produkt ist ideal, um h\u00f6chste Hygiene w\u00e4hrend der Lagerung und des Transports der kieferorthop\u00e4dischen Zahnspangen zu gew\u00e4hrleisten. Die Beh\u00e4lter sind aus ungiftigem, kochbest\u00e4ndigem und langlebigem Kunststoff. Die Materialien wurden ausgew\u00e4hlt, um eine hochwertige Prothesenbox zu gew\u00e4hrleisten und ein langlebiges Produkt zu bieten, das gute Leistung im Laufe der Zeit gew\u00e4hrleistet. Verkauft in Kartons mit 20 und gemischten Farben.\" \/>\n<meta property=\"og:url\" content=\"https:\/\/dispotech.ch\/de\/prodotto\/20934\/\" \/>\n<meta property=\"og:site_name\" content=\"Dispotech Shop\" \/>\n<meta property=\"article:modified_time\" content=\"2021-06-15T09:13:43+00:00\" \/>\n<meta property=\"og:image\" content=\"https:\/\/dispotech.ch\/wp-content\/uploads\/2021\/06\/Orthobitebox-copertina-scaled.jpg\" \/>\n\t<meta property=\"og:image:width\" content=\"2560\" \/>\n\t<meta property=\"og:image:height\" content=\"1920\" \/>\n\t<meta property=\"og:image:type\" content=\"image\/jpeg\" \/>\n<meta name=\"twitter:card\" content=\"summary_large_image\" \/>\n<script type=\"application\/ld+json\" class=\"yoast-schema-graph\">{\"@context\":\"https:\\\/\\\/schema.org\",\"@graph\":[{\"@type\":\"WebPage\",\"@id\":\"https:\\\/\\\/dispotech.ch\\\/de\\\/prodotto\\\/20934\\\/\",\"url\":\"https:\\\/\\\/dispotech.ch\\\/de\\\/prodotto\\\/20934\\\/\",\"name\":\"Ortho Bite & Box - Dispotech Shop\",\"isPartOf\":{\"@id\":\"https:\\\/\\\/dispotech.ch\\\/#website\"},\"primaryImageOfPage\":{\"@id\":\"https:\\\/\\\/dispotech.ch\\\/de\\\/prodotto\\\/20934\\\/#primaryimage\"},\"image\":{\"@id\":\"https:\\\/\\\/dispotech.ch\\\/de\\\/prodotto\\\/20934\\\/#primaryimage\"},\"thumbnailUrl\":\"https:\\\/\\\/dispotech.ch\\\/wp-content\\\/uploads\\\/2021\\\/06\\\/Orthobitebox-copertina-scaled.jpg\",\"datePublished\":\"2021-06-14T07:02:21+00:00\",\"dateModified\":\"2021-06-15T09:13:43+00:00\",\"breadcrumb\":{\"@id\":\"https:\\\/\\\/dispotech.ch\\\/de\\\/prodotto\\\/20934\\\/#breadcrumb\"},\"inLanguage\":\"de\",\"potentialAction\":[{\"@type\":\"ReadAction\",\"target\":[\"https:\\\/\\\/dispotech.ch\\\/de\\\/prodotto\\\/20934\\\/\"]}]},{\"@type\":\"ImageObject\",\"inLanguage\":\"de\",\"@id\":\"https:\\\/\\\/dispotech.ch\\\/de\\\/prodotto\\\/20934\\\/#primaryimage\",\"url\":\"https:\\\/\\\/dispotech.ch\\\/wp-content\\\/uploads\\\/2021\\\/06\\\/Orthobitebox-copertina-scaled.jpg\",\"contentUrl\":\"https:\\\/\\\/dispotech.ch\\\/wp-content\\\/uploads\\\/2021\\\/06\\\/Orthobitebox-copertina-scaled.jpg\",\"width\":2560,\"height\":1920},{\"@type\":\"BreadcrumbList\",\"@id\":\"https:\\\/\\\/dispotech.ch\\\/de\\\/prodotto\\\/20934\\\/#breadcrumb\",\"itemListElement\":[{\"@type\":\"ListItem\",\"position\":1,\"name\":\"Home\",\"item\":\"https:\\\/\\\/dispotech.ch\\\/de\\\/\"},{\"@type\":\"ListItem\",\"position\":2,\"name\":\"Shop\",\"item\":\"https:\\\/\\\/dispotech.ch\\\/de\\\/shop\\\/\"},{\"@type\":\"ListItem\",\"position\":3,\"name\":\"Ortho Bite &#038; Box\"}]},{\"@type\":\"WebSite\",\"@id\":\"https:\\\/\\\/dispotech.ch\\\/#website\",\"url\":\"https:\\\/\\\/dispotech.ch\\\/\",\"name\":\"Dispotech Shop\",\"description\":\"\",\"potentialAction\":[{\"@type\":\"SearchAction\",\"target\":{\"@type\":\"EntryPoint\",\"urlTemplate\":\"https:\\\/\\\/dispotech.ch\\\/?s={search_term_string}\"},\"query-input\":{\"@type\":\"PropertyValueSpecification\",\"valueRequired\":true,\"valueName\":\"search_term_string\"}}],\"inLanguage\":\"de\"}]}<\/script>\n<!-- \/ Yoast SEO plugin. -->","yoast_head_json":{"title":"Ortho Bite & Box - Dispotech Shop","robots":{"index":"index","follow":"follow","max-snippet":"max-snippet:-1","max-image-preview":"max-image-preview:large","max-video-preview":"max-video-preview:-1"},"canonical":"https:\/\/dispotech.ch\/de\/prodotto\/20934\/","og_locale":"de_DE","og_type":"article","og_title":"Ortho Bite & Box - Dispotech Shop","og_description":"PERFECTO ORTHO BOX ist einen praktischen, funktionellen Kunststoffbeh\u00e4lter f\u00fcr den Transport und die Aufbewahrung von kieferorthop\u00e4dischen Zahnspangen, Bissen oder funktionellen Klammern. Das Produkt ist ideal, um h\u00f6chste Hygiene w\u00e4hrend der Lagerung und des Transports der kieferorthop\u00e4dischen Zahnspangen zu gew\u00e4hrleisten. Die Beh\u00e4lter sind aus ungiftigem, kochbest\u00e4ndigem und langlebigem Kunststoff. Die Materialien wurden ausgew\u00e4hlt, um eine hochwertige Prothesenbox zu gew\u00e4hrleisten und ein langlebiges Produkt zu bieten, das gute Leistung im Laufe der Zeit gew\u00e4hrleistet. Verkauft in Kartons mit 20 und gemischten Farben.","og_url":"https:\/\/dispotech.ch\/de\/prodotto\/20934\/","og_site_name":"Dispotech Shop","article_modified_time":"2021-06-15T09:13:43+00:00","og_image":[{"width":2560,"height":1920,"url":"https:\/\/dispotech.ch\/wp-content\/uploads\/2021\/06\/Orthobitebox-copertina-scaled.jpg","type":"image\/jpeg"}],"twitter_card":"summary_large_image","schema":{"@context":"https:\/\/schema.org","@graph":[{"@type":"WebPage","@id":"https:\/\/dispotech.ch\/de\/prodotto\/20934\/","url":"https:\/\/dispotech.ch\/de\/prodotto\/20934\/","name":"Ortho Bite & Box - Dispotech Shop","isPartOf":{"@id":"https:\/\/dispotech.ch\/#website"},"primaryImageOfPage":{"@id":"https:\/\/dispotech.ch\/de\/prodotto\/20934\/#primaryimage"},"image":{"@id":"https:\/\/dispotech.ch\/de\/prodotto\/20934\/#primaryimage"},"thumbnailUrl":"https:\/\/dispotech.ch\/wp-content\/uploads\/2021\/06\/Orthobitebox-copertina-scaled.jpg","datePublished":"2021-06-14T07:02:21+00:00","dateModified":"2021-06-15T09:13:43+00:00","breadcrumb":{"@id":"https:\/\/dispotech.ch\/de\/prodotto\/20934\/#breadcrumb"},"inLanguage":"de","potentialAction":[{"@type":"ReadAction","target":["https:\/\/dispotech.ch\/de\/prodotto\/20934\/"]}]},{"@type":"ImageObject","inLanguage":"de","@id":"https:\/\/dispotech.ch\/de\/prodotto\/20934\/#primaryimage","url":"https:\/\/dispotech.ch\/wp-content\/uploads\/2021\/06\/Orthobitebox-copertina-scaled.jpg","contentUrl":"https:\/\/dispotech.ch\/wp-content\/uploads\/2021\/06\/Orthobitebox-copertina-scaled.jpg","width":2560,"height":1920},{"@type":"BreadcrumbList","@id":"https:\/\/dispotech.ch\/de\/prodotto\/20934\/#breadcrumb","itemListElement":[{"@type":"ListItem","position":1,"name":"Home","item":"https:\/\/dispotech.ch\/de\/"},{"@type":"ListItem","position":2,"name":"Shop","item":"https:\/\/dispotech.ch\/de\/shop\/"},{"@type":"ListItem","position":3,"name":"Ortho Bite &#038; Box"}]},{"@type":"WebSite","@id":"https:\/\/dispotech.ch\/#website","url":"https:\/\/dispotech.ch\/","name":"Dispotech Shop","description":"","potentialAction":[{"@type":"SearchAction","target":{"@type":"EntryPoint","urlTemplate":"https:\/\/dispotech.ch\/?s={search_term_string}"},"query-input":{"@type":"PropertyValueSpecification","valueRequired":true,"valueName":"search_term_string"}}],"inLanguage":"de"}]}},"_links":{"self":[{"href":"https:\/\/dispotech.ch\/de\/wp-json\/wp\/v2\/product\/20934","targetHints":{"allow":["GET"]}}],"collection":[{"href":"https:\/\/dispotech.ch\/de\/wp-json\/wp\/v2\/product"}],"about":[{"href":"https:\/\/dispotech.ch\/de\/wp-json\/wp\/v2\/types\/product"}],"replies":[{"embeddable":true,"href":"https:\/\/dispotech.ch\/de\/wp-json\/wp\/v2\/comments?post=20934"}],"wp:featuredmedia":[{"embeddable":true,"href":"https:\/\/dispotech.ch\/de\/wp-json\/wp\/v2\/media\/22808"}],"wp:attachment":[{"href":"https:\/\/dispotech.ch\/de\/wp-json\/wp\/v2\/media?parent=20934"}],"wp:term":[{"taxonomy":"product_brand","embeddable":true,"href":"https:\/\/dispotech.ch\/de\/wp-json\/wp\/v2\/product_brand?post=20934"},{"taxonomy":"product_cat","embeddable":true,"href":"https:\/\/dispotech.ch\/de\/wp-json\/wp\/v2\/product_cat?post=20934"},{"taxonomy":"product_tag","embeddable":true,"href":"https:\/\/dispotech.ch\/de\/wp-json\/wp\/v2\/product_tag?post=20934"}],"curies":[{"name":"wp","href":"https:\/\/api.w.org\/{rel}","templated":true}]}}