{"id":20944,"date":"2021-06-14T09:12:14","date_gmt":"2021-06-14T07:12:14","guid":{"rendered":"https:\/\/shop.dispotech.ch\/prodotto\/denture-box\/"},"modified":"2021-06-14T09:12:14","modified_gmt":"2021-06-14T07:12:14","slug":"denture-box","status":"publish","type":"product","link":"https:\/\/dispotech.ch\/de\/prodotto\/denture-box\/","title":{"rendered":"Denture Box"},"content":{"rendered":"","protected":false},"excerpt":{"rendered":"<p>Perfecto Denture Box ist einen Prothesenbeh\u00e4lter oder Prothesenaufnahme, der eine perfekte Reinigung f\u00fcr alle Arten von Prothesen und Zahnspangen gew\u00e4hrleistet. Das Produkt kann verwendet werden, um dentale Prothesen und Bissen mit h\u00f6chste Hygiene zu lagern. Die Materialien wurden ausgew\u00e4hlt, um den Reinigungsmittel zu widerstehen und eine langlebige und gleichbleibende Qualit\u00e4t zu gew\u00e4hrleisten. Der Beh\u00e4lter wurde entwickelt, um gleichzeitig eine obere und eine untere Prothese einzuhalten; es ist mit einem Innenfilter ausgestattet, um Reinigungsmittel und R\u00fcckst\u00e4nde auf dem Boden zu begleichen. Die Gr\u00f6\u00dfe jedes Prothesenbeh\u00e4lters betr\u00e4gt 90mm Durchmesser, 90mm H\u00f6he.<\/p>\n<p id=\"tw-target-text\" class=\"tw-data-text tw-text-large XcVN5d tw-ta\" dir=\"ltr\" data-placeholder=\"Traduzione\"><span class=\"Y2IQFc\" lang=\"de\"><strong>Verkauft in Kartons mit 20 und gemischten Farben<\/strong>.<\/span><\/p>\n","protected":false},"featured_media":22811,"comment_status":"open","ping_status":"closed","template":"","meta":{"_acf_changed":false},"product_brand":[],"product_cat":[289],"product_tag":[380,383],"class_list":{"0":"post-20944","1":"product","2":"type-product","3":"status-publish","4":"has-post-thumbnail","6":"product_cat-dental-de-2","7":"product_tag-box-de","8":"product_tag-denture-de","10":"first","11":"instock","12":"taxable","13":"shipping-taxable","14":"purchasable","15":"product-type-simple"},"acf":[],"yoast_head":"<!-- This site is optimized with the Yoast SEO plugin v27.3 - https:\/\/yoast.com\/product\/yoast-seo-wordpress\/ -->\n<title>Denture Box - Dispotech Shop<\/title>\n<meta name=\"robots\" content=\"index, follow, max-snippet:-1, max-image-preview:large, max-video-preview:-1\" \/>\n<link rel=\"canonical\" href=\"https:\/\/dispotech.ch\/de\/prodotto\/denture-box\/\" \/>\n<meta property=\"og:locale\" content=\"de_DE\" \/>\n<meta property=\"og:type\" content=\"article\" \/>\n<meta property=\"og:title\" content=\"Denture Box - Dispotech Shop\" \/>\n<meta property=\"og:description\" content=\"Perfecto Denture Box ist einen Prothesenbeh\u00e4lter oder Prothesenaufnahme, der eine perfekte Reinigung f\u00fcr alle Arten von Prothesen und Zahnspangen gew\u00e4hrleistet. Das Produkt kann verwendet werden, um dentale Prothesen und Bissen mit h\u00f6chste Hygiene zu lagern. Die Materialien wurden ausgew\u00e4hlt, um den Reinigungsmittel zu widerstehen und eine langlebige und gleichbleibende Qualit\u00e4t zu gew\u00e4hrleisten. Der Beh\u00e4lter wurde entwickelt, um gleichzeitig eine obere und eine untere Prothese einzuhalten; es ist mit einem Innenfilter ausgestattet, um Reinigungsmittel und R\u00fcckst\u00e4nde auf dem Boden zu begleichen. Die Gr\u00f6\u00dfe jedes Prothesenbeh\u00e4lters betr\u00e4gt 90mm Durchmesser, 90mm H\u00f6he. Verkauft in Kartons mit 20 und gemischten Farben.\" \/>\n<meta property=\"og:url\" content=\"https:\/\/dispotech.ch\/de\/prodotto\/denture-box\/\" \/>\n<meta property=\"og:site_name\" content=\"Dispotech Shop\" \/>\n<meta property=\"og:image\" content=\"https:\/\/dispotech.ch\/wp-content\/uploads\/2021\/06\/Denturebox-Copertina-scaled.jpg\" \/>\n\t<meta property=\"og:image:width\" content=\"2560\" \/>\n\t<meta property=\"og:image:height\" content=\"1920\" \/>\n\t<meta property=\"og:image:type\" content=\"image\/jpeg\" \/>\n<meta name=\"twitter:card\" content=\"summary_large_image\" \/>\n<script type=\"application\/ld+json\" class=\"yoast-schema-graph\">{\"@context\":\"https:\\\/\\\/schema.org\",\"@graph\":[{\"@type\":\"WebPage\",\"@id\":\"https:\\\/\\\/dispotech.ch\\\/de\\\/prodotto\\\/denture-box\\\/\",\"url\":\"https:\\\/\\\/dispotech.ch\\\/de\\\/prodotto\\\/denture-box\\\/\",\"name\":\"Denture Box - Dispotech Shop\",\"isPartOf\":{\"@id\":\"https:\\\/\\\/dispotech.ch\\\/#website\"},\"primaryImageOfPage\":{\"@id\":\"https:\\\/\\\/dispotech.ch\\\/de\\\/prodotto\\\/denture-box\\\/#primaryimage\"},\"image\":{\"@id\":\"https:\\\/\\\/dispotech.ch\\\/de\\\/prodotto\\\/denture-box\\\/#primaryimage\"},\"thumbnailUrl\":\"https:\\\/\\\/dispotech.ch\\\/wp-content\\\/uploads\\\/2021\\\/06\\\/Denturebox-Copertina-scaled.jpg\",\"datePublished\":\"2021-06-14T07:12:14+00:00\",\"breadcrumb\":{\"@id\":\"https:\\\/\\\/dispotech.ch\\\/de\\\/prodotto\\\/denture-box\\\/#breadcrumb\"},\"inLanguage\":\"de\",\"potentialAction\":[{\"@type\":\"ReadAction\",\"target\":[\"https:\\\/\\\/dispotech.ch\\\/de\\\/prodotto\\\/denture-box\\\/\"]}]},{\"@type\":\"ImageObject\",\"inLanguage\":\"de\",\"@id\":\"https:\\\/\\\/dispotech.ch\\\/de\\\/prodotto\\\/denture-box\\\/#primaryimage\",\"url\":\"https:\\\/\\\/dispotech.ch\\\/wp-content\\\/uploads\\\/2021\\\/06\\\/Denturebox-Copertina-scaled.jpg\",\"contentUrl\":\"https:\\\/\\\/dispotech.ch\\\/wp-content\\\/uploads\\\/2021\\\/06\\\/Denturebox-Copertina-scaled.jpg\",\"width\":2560,\"height\":1920},{\"@type\":\"BreadcrumbList\",\"@id\":\"https:\\\/\\\/dispotech.ch\\\/de\\\/prodotto\\\/denture-box\\\/#breadcrumb\",\"itemListElement\":[{\"@type\":\"ListItem\",\"position\":1,\"name\":\"Home\",\"item\":\"https:\\\/\\\/dispotech.ch\\\/de\\\/\"},{\"@type\":\"ListItem\",\"position\":2,\"name\":\"Shop\",\"item\":\"https:\\\/\\\/dispotech.ch\\\/de\\\/shop\\\/\"},{\"@type\":\"ListItem\",\"position\":3,\"name\":\"Denture Box\"}]},{\"@type\":\"WebSite\",\"@id\":\"https:\\\/\\\/dispotech.ch\\\/#website\",\"url\":\"https:\\\/\\\/dispotech.ch\\\/\",\"name\":\"Dispotech Shop\",\"description\":\"\",\"potentialAction\":[{\"@type\":\"SearchAction\",\"target\":{\"@type\":\"EntryPoint\",\"urlTemplate\":\"https:\\\/\\\/dispotech.ch\\\/?s={search_term_string}\"},\"query-input\":{\"@type\":\"PropertyValueSpecification\",\"valueRequired\":true,\"valueName\":\"search_term_string\"}}],\"inLanguage\":\"de\"}]}<\/script>\n<!-- \/ Yoast SEO plugin. -->","yoast_head_json":{"title":"Denture Box - Dispotech Shop","robots":{"index":"index","follow":"follow","max-snippet":"max-snippet:-1","max-image-preview":"max-image-preview:large","max-video-preview":"max-video-preview:-1"},"canonical":"https:\/\/dispotech.ch\/de\/prodotto\/denture-box\/","og_locale":"de_DE","og_type":"article","og_title":"Denture Box - Dispotech Shop","og_description":"Perfecto Denture Box ist einen Prothesenbeh\u00e4lter oder Prothesenaufnahme, der eine perfekte Reinigung f\u00fcr alle Arten von Prothesen und Zahnspangen gew\u00e4hrleistet. Das Produkt kann verwendet werden, um dentale Prothesen und Bissen mit h\u00f6chste Hygiene zu lagern. Die Materialien wurden ausgew\u00e4hlt, um den Reinigungsmittel zu widerstehen und eine langlebige und gleichbleibende Qualit\u00e4t zu gew\u00e4hrleisten. Der Beh\u00e4lter wurde entwickelt, um gleichzeitig eine obere und eine untere Prothese einzuhalten; es ist mit einem Innenfilter ausgestattet, um Reinigungsmittel und R\u00fcckst\u00e4nde auf dem Boden zu begleichen. Die Gr\u00f6\u00dfe jedes Prothesenbeh\u00e4lters betr\u00e4gt 90mm Durchmesser, 90mm H\u00f6he. Verkauft in Kartons mit 20 und gemischten Farben.","og_url":"https:\/\/dispotech.ch\/de\/prodotto\/denture-box\/","og_site_name":"Dispotech Shop","og_image":[{"width":2560,"height":1920,"url":"https:\/\/dispotech.ch\/wp-content\/uploads\/2021\/06\/Denturebox-Copertina-scaled.jpg","type":"image\/jpeg"}],"twitter_card":"summary_large_image","schema":{"@context":"https:\/\/schema.org","@graph":[{"@type":"WebPage","@id":"https:\/\/dispotech.ch\/de\/prodotto\/denture-box\/","url":"https:\/\/dispotech.ch\/de\/prodotto\/denture-box\/","name":"Denture Box - Dispotech Shop","isPartOf":{"@id":"https:\/\/dispotech.ch\/#website"},"primaryImageOfPage":{"@id":"https:\/\/dispotech.ch\/de\/prodotto\/denture-box\/#primaryimage"},"image":{"@id":"https:\/\/dispotech.ch\/de\/prodotto\/denture-box\/#primaryimage"},"thumbnailUrl":"https:\/\/dispotech.ch\/wp-content\/uploads\/2021\/06\/Denturebox-Copertina-scaled.jpg","datePublished":"2021-06-14T07:12:14+00:00","breadcrumb":{"@id":"https:\/\/dispotech.ch\/de\/prodotto\/denture-box\/#breadcrumb"},"inLanguage":"de","potentialAction":[{"@type":"ReadAction","target":["https:\/\/dispotech.ch\/de\/prodotto\/denture-box\/"]}]},{"@type":"ImageObject","inLanguage":"de","@id":"https:\/\/dispotech.ch\/de\/prodotto\/denture-box\/#primaryimage","url":"https:\/\/dispotech.ch\/wp-content\/uploads\/2021\/06\/Denturebox-Copertina-scaled.jpg","contentUrl":"https:\/\/dispotech.ch\/wp-content\/uploads\/2021\/06\/Denturebox-Copertina-scaled.jpg","width":2560,"height":1920},{"@type":"BreadcrumbList","@id":"https:\/\/dispotech.ch\/de\/prodotto\/denture-box\/#breadcrumb","itemListElement":[{"@type":"ListItem","position":1,"name":"Home","item":"https:\/\/dispotech.ch\/de\/"},{"@type":"ListItem","position":2,"name":"Shop","item":"https:\/\/dispotech.ch\/de\/shop\/"},{"@type":"ListItem","position":3,"name":"Denture Box"}]},{"@type":"WebSite","@id":"https:\/\/dispotech.ch\/#website","url":"https:\/\/dispotech.ch\/","name":"Dispotech Shop","description":"","potentialAction":[{"@type":"SearchAction","target":{"@type":"EntryPoint","urlTemplate":"https:\/\/dispotech.ch\/?s={search_term_string}"},"query-input":{"@type":"PropertyValueSpecification","valueRequired":true,"valueName":"search_term_string"}}],"inLanguage":"de"}]}},"_links":{"self":[{"href":"https:\/\/dispotech.ch\/de\/wp-json\/wp\/v2\/product\/20944","targetHints":{"allow":["GET"]}}],"collection":[{"href":"https:\/\/dispotech.ch\/de\/wp-json\/wp\/v2\/product"}],"about":[{"href":"https:\/\/dispotech.ch\/de\/wp-json\/wp\/v2\/types\/product"}],"replies":[{"embeddable":true,"href":"https:\/\/dispotech.ch\/de\/wp-json\/wp\/v2\/comments?post=20944"}],"wp:featuredmedia":[{"embeddable":true,"href":"https:\/\/dispotech.ch\/de\/wp-json\/wp\/v2\/media\/22811"}],"wp:attachment":[{"href":"https:\/\/dispotech.ch\/de\/wp-json\/wp\/v2\/media?parent=20944"}],"wp:term":[{"taxonomy":"product_brand","embeddable":true,"href":"https:\/\/dispotech.ch\/de\/wp-json\/wp\/v2\/product_brand?post=20944"},{"taxonomy":"product_cat","embeddable":true,"href":"https:\/\/dispotech.ch\/de\/wp-json\/wp\/v2\/product_cat?post=20944"},{"taxonomy":"product_tag","embeddable":true,"href":"https:\/\/dispotech.ch\/de\/wp-json\/wp\/v2\/product_tag?post=20944"}],"curies":[{"name":"wp","href":"https:\/\/api.w.org\/{rel}","templated":true}]}}