{"id":20964,"date":"2021-06-14T09:33:07","date_gmt":"2021-06-14T07:33:07","guid":{"rendered":"https:\/\/shop.dispotech.ch\/prodotto\/kopfstutzenabd\/"},"modified":"2021-06-24T11:12:43","modified_gmt":"2021-06-24T09:12:43","slug":"kopfstutzenabd","status":"publish","type":"product","link":"https:\/\/dispotech.ch\/de\/prodotto\/kopfstutzenabd\/","title":{"rendered":"Kopfst\u00fctzenabd"},"content":{"rendered":"","protected":false},"excerpt":{"rendered":"<p>PERFECTO HEADREST COVERS sind Kopfst\u00fctzenabdeckungen f\u00fcr St\u00fchle aus dem Zahnarztpraxis, die aus Polypropylen Vliesstoff 35 g\/m2 hergestellt sind. Da diese Stuhlbez\u00fcge sehr einfach zu entsorgen sind, gew\u00e4hrleisten sie ein hohes Hygieneniveau f\u00fcr Patienten und Fachleute. Da diese Kopfst\u00fctzenabdeckungen kinderleicht zu beseitigen sind, gew\u00e4hrleisten sie ein hohes Hygieneniveau f\u00fcr Patienten und Fachleute.<\/p>\n<p><strong>Verkauf in Packungen zu 100 St\u00fcck.<\/strong><\/p>\n","protected":false},"featured_media":23006,"comment_status":"open","ping_status":"closed","template":"","meta":{"_acf_changed":false},"product_brand":[],"product_cat":[289],"product_tag":[393],"class_list":{"0":"post-20964","1":"product","2":"type-product","3":"status-publish","4":"has-post-thumbnail","6":"product_cat-dental-de-2","7":"product_tag-kopfstutzenabd","9":"first","10":"instock","11":"taxable","12":"shipping-taxable","13":"product-type-variable"},"acf":[],"yoast_head":"<!-- This site is optimized with the Yoast SEO plugin v27.3 - https:\/\/yoast.com\/product\/yoast-seo-wordpress\/ -->\n<title>Kopfst\u00fctzenabd - Dispotech Shop<\/title>\n<meta name=\"robots\" content=\"index, follow, max-snippet:-1, max-image-preview:large, max-video-preview:-1\" \/>\n<link rel=\"canonical\" href=\"https:\/\/dispotech.ch\/de\/prodotto\/kopfstutzenabd\/\" \/>\n<meta property=\"og:locale\" content=\"de_DE\" \/>\n<meta property=\"og:type\" content=\"article\" \/>\n<meta property=\"og:title\" content=\"Kopfst\u00fctzenabd - Dispotech Shop\" \/>\n<meta property=\"og:description\" content=\"PERFECTO HEADREST COVERS sind Kopfst\u00fctzenabdeckungen f\u00fcr St\u00fchle aus dem Zahnarztpraxis, die aus Polypropylen Vliesstoff 35 g\/m2 hergestellt sind. Da diese Stuhlbez\u00fcge sehr einfach zu entsorgen sind, gew\u00e4hrleisten sie ein hohes Hygieneniveau f\u00fcr Patienten und Fachleute. Da diese Kopfst\u00fctzenabdeckungen kinderleicht zu beseitigen sind, gew\u00e4hrleisten sie ein hohes Hygieneniveau f\u00fcr Patienten und Fachleute.  Verkauf in Packungen zu 100 St\u00fcck.\" \/>\n<meta property=\"og:url\" content=\"https:\/\/dispotech.ch\/de\/prodotto\/kopfstutzenabd\/\" \/>\n<meta property=\"og:site_name\" content=\"Dispotech Shop\" \/>\n<meta property=\"article:modified_time\" content=\"2021-06-24T09:12:43+00:00\" \/>\n<meta property=\"og:image\" content=\"https:\/\/dispotech.ch\/wp-content\/uploads\/2021\/06\/Copritestiera-copertina-scaled.jpg\" \/>\n\t<meta property=\"og:image:width\" content=\"2560\" \/>\n\t<meta property=\"og:image:height\" content=\"1920\" \/>\n\t<meta property=\"og:image:type\" content=\"image\/jpeg\" \/>\n<meta name=\"twitter:card\" content=\"summary_large_image\" \/>\n<script type=\"application\/ld+json\" class=\"yoast-schema-graph\">{\"@context\":\"https:\\\/\\\/schema.org\",\"@graph\":[{\"@type\":\"WebPage\",\"@id\":\"https:\\\/\\\/dispotech.ch\\\/de\\\/prodotto\\\/kopfstutzenabd\\\/\",\"url\":\"https:\\\/\\\/dispotech.ch\\\/de\\\/prodotto\\\/kopfstutzenabd\\\/\",\"name\":\"Kopfst\u00fctzenabd - Dispotech Shop\",\"isPartOf\":{\"@id\":\"https:\\\/\\\/dispotech.ch\\\/#website\"},\"primaryImageOfPage\":{\"@id\":\"https:\\\/\\\/dispotech.ch\\\/de\\\/prodotto\\\/kopfstutzenabd\\\/#primaryimage\"},\"image\":{\"@id\":\"https:\\\/\\\/dispotech.ch\\\/de\\\/prodotto\\\/kopfstutzenabd\\\/#primaryimage\"},\"thumbnailUrl\":\"https:\\\/\\\/dispotech.ch\\\/wp-content\\\/uploads\\\/2021\\\/06\\\/Copritestiera-copertina-scaled.jpg\",\"datePublished\":\"2021-06-14T07:33:07+00:00\",\"dateModified\":\"2021-06-24T09:12:43+00:00\",\"breadcrumb\":{\"@id\":\"https:\\\/\\\/dispotech.ch\\\/de\\\/prodotto\\\/kopfstutzenabd\\\/#breadcrumb\"},\"inLanguage\":\"de\",\"potentialAction\":[{\"@type\":\"ReadAction\",\"target\":[\"https:\\\/\\\/dispotech.ch\\\/de\\\/prodotto\\\/kopfstutzenabd\\\/\"]}]},{\"@type\":\"ImageObject\",\"inLanguage\":\"de\",\"@id\":\"https:\\\/\\\/dispotech.ch\\\/de\\\/prodotto\\\/kopfstutzenabd\\\/#primaryimage\",\"url\":\"https:\\\/\\\/dispotech.ch\\\/wp-content\\\/uploads\\\/2021\\\/06\\\/Copritestiera-copertina-scaled.jpg\",\"contentUrl\":\"https:\\\/\\\/dispotech.ch\\\/wp-content\\\/uploads\\\/2021\\\/06\\\/Copritestiera-copertina-scaled.jpg\",\"width\":2560,\"height\":1920},{\"@type\":\"BreadcrumbList\",\"@id\":\"https:\\\/\\\/dispotech.ch\\\/de\\\/prodotto\\\/kopfstutzenabd\\\/#breadcrumb\",\"itemListElement\":[{\"@type\":\"ListItem\",\"position\":1,\"name\":\"Home\",\"item\":\"https:\\\/\\\/dispotech.ch\\\/de\\\/\"},{\"@type\":\"ListItem\",\"position\":2,\"name\":\"Shop\",\"item\":\"https:\\\/\\\/dispotech.ch\\\/de\\\/shop\\\/\"},{\"@type\":\"ListItem\",\"position\":3,\"name\":\"Kopfst\u00fctzenabd\"}]},{\"@type\":\"WebSite\",\"@id\":\"https:\\\/\\\/dispotech.ch\\\/#website\",\"url\":\"https:\\\/\\\/dispotech.ch\\\/\",\"name\":\"Dispotech Shop\",\"description\":\"\",\"potentialAction\":[{\"@type\":\"SearchAction\",\"target\":{\"@type\":\"EntryPoint\",\"urlTemplate\":\"https:\\\/\\\/dispotech.ch\\\/?s={search_term_string}\"},\"query-input\":{\"@type\":\"PropertyValueSpecification\",\"valueRequired\":true,\"valueName\":\"search_term_string\"}}],\"inLanguage\":\"de\"}]}<\/script>\n<!-- \/ Yoast SEO plugin. -->","yoast_head_json":{"title":"Kopfst\u00fctzenabd - Dispotech Shop","robots":{"index":"index","follow":"follow","max-snippet":"max-snippet:-1","max-image-preview":"max-image-preview:large","max-video-preview":"max-video-preview:-1"},"canonical":"https:\/\/dispotech.ch\/de\/prodotto\/kopfstutzenabd\/","og_locale":"de_DE","og_type":"article","og_title":"Kopfst\u00fctzenabd - Dispotech Shop","og_description":"PERFECTO HEADREST COVERS sind Kopfst\u00fctzenabdeckungen f\u00fcr St\u00fchle aus dem Zahnarztpraxis, die aus Polypropylen Vliesstoff 35 g\/m2 hergestellt sind. Da diese Stuhlbez\u00fcge sehr einfach zu entsorgen sind, gew\u00e4hrleisten sie ein hohes Hygieneniveau f\u00fcr Patienten und Fachleute. Da diese Kopfst\u00fctzenabdeckungen kinderleicht zu beseitigen sind, gew\u00e4hrleisten sie ein hohes Hygieneniveau f\u00fcr Patienten und Fachleute.  Verkauf in Packungen zu 100 St\u00fcck.","og_url":"https:\/\/dispotech.ch\/de\/prodotto\/kopfstutzenabd\/","og_site_name":"Dispotech Shop","article_modified_time":"2021-06-24T09:12:43+00:00","og_image":[{"width":2560,"height":1920,"url":"https:\/\/dispotech.ch\/wp-content\/uploads\/2021\/06\/Copritestiera-copertina-scaled.jpg","type":"image\/jpeg"}],"twitter_card":"summary_large_image","schema":{"@context":"https:\/\/schema.org","@graph":[{"@type":"WebPage","@id":"https:\/\/dispotech.ch\/de\/prodotto\/kopfstutzenabd\/","url":"https:\/\/dispotech.ch\/de\/prodotto\/kopfstutzenabd\/","name":"Kopfst\u00fctzenabd - Dispotech Shop","isPartOf":{"@id":"https:\/\/dispotech.ch\/#website"},"primaryImageOfPage":{"@id":"https:\/\/dispotech.ch\/de\/prodotto\/kopfstutzenabd\/#primaryimage"},"image":{"@id":"https:\/\/dispotech.ch\/de\/prodotto\/kopfstutzenabd\/#primaryimage"},"thumbnailUrl":"https:\/\/dispotech.ch\/wp-content\/uploads\/2021\/06\/Copritestiera-copertina-scaled.jpg","datePublished":"2021-06-14T07:33:07+00:00","dateModified":"2021-06-24T09:12:43+00:00","breadcrumb":{"@id":"https:\/\/dispotech.ch\/de\/prodotto\/kopfstutzenabd\/#breadcrumb"},"inLanguage":"de","potentialAction":[{"@type":"ReadAction","target":["https:\/\/dispotech.ch\/de\/prodotto\/kopfstutzenabd\/"]}]},{"@type":"ImageObject","inLanguage":"de","@id":"https:\/\/dispotech.ch\/de\/prodotto\/kopfstutzenabd\/#primaryimage","url":"https:\/\/dispotech.ch\/wp-content\/uploads\/2021\/06\/Copritestiera-copertina-scaled.jpg","contentUrl":"https:\/\/dispotech.ch\/wp-content\/uploads\/2021\/06\/Copritestiera-copertina-scaled.jpg","width":2560,"height":1920},{"@type":"BreadcrumbList","@id":"https:\/\/dispotech.ch\/de\/prodotto\/kopfstutzenabd\/#breadcrumb","itemListElement":[{"@type":"ListItem","position":1,"name":"Home","item":"https:\/\/dispotech.ch\/de\/"},{"@type":"ListItem","position":2,"name":"Shop","item":"https:\/\/dispotech.ch\/de\/shop\/"},{"@type":"ListItem","position":3,"name":"Kopfst\u00fctzenabd"}]},{"@type":"WebSite","@id":"https:\/\/dispotech.ch\/#website","url":"https:\/\/dispotech.ch\/","name":"Dispotech Shop","description":"","potentialAction":[{"@type":"SearchAction","target":{"@type":"EntryPoint","urlTemplate":"https:\/\/dispotech.ch\/?s={search_term_string}"},"query-input":{"@type":"PropertyValueSpecification","valueRequired":true,"valueName":"search_term_string"}}],"inLanguage":"de"}]}},"_links":{"self":[{"href":"https:\/\/dispotech.ch\/de\/wp-json\/wp\/v2\/product\/20964","targetHints":{"allow":["GET"]}}],"collection":[{"href":"https:\/\/dispotech.ch\/de\/wp-json\/wp\/v2\/product"}],"about":[{"href":"https:\/\/dispotech.ch\/de\/wp-json\/wp\/v2\/types\/product"}],"replies":[{"embeddable":true,"href":"https:\/\/dispotech.ch\/de\/wp-json\/wp\/v2\/comments?post=20964"}],"wp:featuredmedia":[{"embeddable":true,"href":"https:\/\/dispotech.ch\/de\/wp-json\/wp\/v2\/media\/23006"}],"wp:attachment":[{"href":"https:\/\/dispotech.ch\/de\/wp-json\/wp\/v2\/media?parent=20964"}],"wp:term":[{"taxonomy":"product_brand","embeddable":true,"href":"https:\/\/dispotech.ch\/de\/wp-json\/wp\/v2\/product_brand?post=20964"},{"taxonomy":"product_cat","embeddable":true,"href":"https:\/\/dispotech.ch\/de\/wp-json\/wp\/v2\/product_cat?post=20964"},{"taxonomy":"product_tag","embeddable":true,"href":"https:\/\/dispotech.ch\/de\/wp-json\/wp\/v2\/product_tag?post=20964"}],"curies":[{"name":"wp","href":"https:\/\/api.w.org\/{rel}","templated":true}]}}