{"id":20976,"date":"2021-06-14T09:42:03","date_gmt":"2021-06-14T07:42:03","guid":{"rendered":"https:\/\/shop.dispotech.ch\/prodotto\/einweg-kombi-stuhlabdeckungen\/"},"modified":"2021-06-14T09:42:03","modified_gmt":"2021-06-14T07:42:03","slug":"einweg-kombi-stuhlabdeckungen","status":"publish","type":"product","link":"https:\/\/dispotech.ch\/de\/prodotto\/einweg-kombi-stuhlabdeckungen\/","title":{"rendered":"Einweg-Kombi-Stuhlabdeckungen"},"content":{"rendered":"","protected":false},"excerpt":{"rendered":"<p>Die PERFECTO CHAIR COVERS sind Einweg-Kombi-Stuhlabdeckungen f\u00fcr die zahn\u00e4rztlichen und medizinischen Sektoren. Die Kombi-Stuhlabdeckungen sind aus weichem, antiallergischem und atmungsaktivem Vliesstoff hergestellt, der ideal f\u00fcr Einweggebrauch ist. Die Kombi-Stuhlbezug besteht aus 2 Teilen: 1 R\u00fcckenteilabdeckung und 1 Sitzabdeckung, Gewicht 35 g\/m2. Der PERFECTO CHAIR COVER hat eine Einheitsgr\u00f6\u00dfe, die sich dank des Elastikbunds und der Schn\u00fcrsenkel f\u00fcr alle Stuhlmodelle eignet und eine vollkommene Anpassbarkeit garantiert. Die Einweg-Kombi-Stuhlabdeckungen sind sehr hygienisch und leicht zu entsorgen, ihre Anwendung ist schnell und garantiert einen perfekten Schutz und den maximalen Komfort.<\/p>\n<p><strong>Verkauft in 25 St\u00fcck, blaue und wei\u00dfe Farben.<\/strong><\/p>\n","protected":false},"featured_media":23364,"comment_status":"open","ping_status":"closed","template":"","meta":{"_acf_changed":false},"product_brand":[],"product_cat":[289],"product_tag":[396],"class_list":{"0":"post-20976","1":"product","2":"type-product","3":"status-publish","4":"has-post-thumbnail","6":"product_cat-dental-de-2","7":"product_tag-einweg-kombi-stuhlabdeckungen","9":"first","10":"instock","11":"taxable","12":"shipping-taxable","13":"product-type-variable"},"acf":[],"yoast_head":"<!-- This site is optimized with the Yoast SEO plugin v27.3 - https:\/\/yoast.com\/product\/yoast-seo-wordpress\/ -->\n<title>Einweg-Kombi-Stuhlabdeckungen - Dispotech Shop<\/title>\n<meta name=\"robots\" content=\"index, follow, max-snippet:-1, max-image-preview:large, max-video-preview:-1\" \/>\n<link rel=\"canonical\" href=\"https:\/\/dispotech.ch\/de\/prodotto\/einweg-kombi-stuhlabdeckungen\/\" \/>\n<meta property=\"og:locale\" content=\"de_DE\" \/>\n<meta property=\"og:type\" content=\"article\" \/>\n<meta property=\"og:title\" content=\"Einweg-Kombi-Stuhlabdeckungen - Dispotech Shop\" \/>\n<meta property=\"og:description\" content=\"Die PERFECTO CHAIR COVERS sind Einweg-Kombi-Stuhlabdeckungen f\u00fcr die zahn\u00e4rztlichen und medizinischen Sektoren. Die Kombi-Stuhlabdeckungen sind aus weichem, antiallergischem und atmungsaktivem Vliesstoff hergestellt, der ideal f\u00fcr Einweggebrauch ist. Die Kombi-Stuhlbezug besteht aus 2 Teilen: 1 R\u00fcckenteilabdeckung und 1 Sitzabdeckung, Gewicht 35 g\/m2. Der PERFECTO CHAIR COVER hat eine Einheitsgr\u00f6\u00dfe, die sich dank des Elastikbunds und der Schn\u00fcrsenkel f\u00fcr alle Stuhlmodelle eignet und eine vollkommene Anpassbarkeit garantiert. Die Einweg-Kombi-Stuhlabdeckungen sind sehr hygienisch und leicht zu entsorgen, ihre Anwendung ist schnell und garantiert einen perfekten Schutz und den maximalen Komfort.  Verkauft in 25 St\u00fcck, blaue und wei\u00dfe Farben.\" \/>\n<meta property=\"og:url\" content=\"https:\/\/dispotech.ch\/de\/prodotto\/einweg-kombi-stuhlabdeckungen\/\" \/>\n<meta property=\"og:site_name\" content=\"Dispotech Shop\" \/>\n<meta property=\"og:image\" content=\"https:\/\/dispotech.ch\/wp-content\/uploads\/2021\/06\/Copririunito-1-scaled.jpg\" \/>\n\t<meta property=\"og:image:width\" content=\"2560\" \/>\n\t<meta property=\"og:image:height\" content=\"1920\" \/>\n\t<meta property=\"og:image:type\" content=\"image\/jpeg\" \/>\n<meta name=\"twitter:card\" content=\"summary_large_image\" \/>\n<script type=\"application\/ld+json\" class=\"yoast-schema-graph\">{\"@context\":\"https:\\\/\\\/schema.org\",\"@graph\":[{\"@type\":\"WebPage\",\"@id\":\"https:\\\/\\\/dispotech.ch\\\/de\\\/prodotto\\\/einweg-kombi-stuhlabdeckungen\\\/\",\"url\":\"https:\\\/\\\/dispotech.ch\\\/de\\\/prodotto\\\/einweg-kombi-stuhlabdeckungen\\\/\",\"name\":\"Einweg-Kombi-Stuhlabdeckungen - Dispotech Shop\",\"isPartOf\":{\"@id\":\"https:\\\/\\\/dispotech.ch\\\/#website\"},\"primaryImageOfPage\":{\"@id\":\"https:\\\/\\\/dispotech.ch\\\/de\\\/prodotto\\\/einweg-kombi-stuhlabdeckungen\\\/#primaryimage\"},\"image\":{\"@id\":\"https:\\\/\\\/dispotech.ch\\\/de\\\/prodotto\\\/einweg-kombi-stuhlabdeckungen\\\/#primaryimage\"},\"thumbnailUrl\":\"https:\\\/\\\/dispotech.ch\\\/wp-content\\\/uploads\\\/2021\\\/06\\\/Copririunito-1-scaled.jpg\",\"datePublished\":\"2021-06-14T07:42:03+00:00\",\"breadcrumb\":{\"@id\":\"https:\\\/\\\/dispotech.ch\\\/de\\\/prodotto\\\/einweg-kombi-stuhlabdeckungen\\\/#breadcrumb\"},\"inLanguage\":\"de\",\"potentialAction\":[{\"@type\":\"ReadAction\",\"target\":[\"https:\\\/\\\/dispotech.ch\\\/de\\\/prodotto\\\/einweg-kombi-stuhlabdeckungen\\\/\"]}]},{\"@type\":\"ImageObject\",\"inLanguage\":\"de\",\"@id\":\"https:\\\/\\\/dispotech.ch\\\/de\\\/prodotto\\\/einweg-kombi-stuhlabdeckungen\\\/#primaryimage\",\"url\":\"https:\\\/\\\/dispotech.ch\\\/wp-content\\\/uploads\\\/2021\\\/06\\\/Copririunito-1-scaled.jpg\",\"contentUrl\":\"https:\\\/\\\/dispotech.ch\\\/wp-content\\\/uploads\\\/2021\\\/06\\\/Copririunito-1-scaled.jpg\",\"width\":2560,\"height\":1920},{\"@type\":\"BreadcrumbList\",\"@id\":\"https:\\\/\\\/dispotech.ch\\\/de\\\/prodotto\\\/einweg-kombi-stuhlabdeckungen\\\/#breadcrumb\",\"itemListElement\":[{\"@type\":\"ListItem\",\"position\":1,\"name\":\"Home\",\"item\":\"https:\\\/\\\/dispotech.ch\\\/de\\\/\"},{\"@type\":\"ListItem\",\"position\":2,\"name\":\"Shop\",\"item\":\"https:\\\/\\\/dispotech.ch\\\/de\\\/shop\\\/\"},{\"@type\":\"ListItem\",\"position\":3,\"name\":\"Einweg-Kombi-Stuhlabdeckungen\"}]},{\"@type\":\"WebSite\",\"@id\":\"https:\\\/\\\/dispotech.ch\\\/#website\",\"url\":\"https:\\\/\\\/dispotech.ch\\\/\",\"name\":\"Dispotech Shop\",\"description\":\"\",\"potentialAction\":[{\"@type\":\"SearchAction\",\"target\":{\"@type\":\"EntryPoint\",\"urlTemplate\":\"https:\\\/\\\/dispotech.ch\\\/?s={search_term_string}\"},\"query-input\":{\"@type\":\"PropertyValueSpecification\",\"valueRequired\":true,\"valueName\":\"search_term_string\"}}],\"inLanguage\":\"de\"}]}<\/script>\n<!-- \/ Yoast SEO plugin. -->","yoast_head_json":{"title":"Einweg-Kombi-Stuhlabdeckungen - Dispotech Shop","robots":{"index":"index","follow":"follow","max-snippet":"max-snippet:-1","max-image-preview":"max-image-preview:large","max-video-preview":"max-video-preview:-1"},"canonical":"https:\/\/dispotech.ch\/de\/prodotto\/einweg-kombi-stuhlabdeckungen\/","og_locale":"de_DE","og_type":"article","og_title":"Einweg-Kombi-Stuhlabdeckungen - Dispotech Shop","og_description":"Die PERFECTO CHAIR COVERS sind Einweg-Kombi-Stuhlabdeckungen f\u00fcr die zahn\u00e4rztlichen und medizinischen Sektoren. Die Kombi-Stuhlabdeckungen sind aus weichem, antiallergischem und atmungsaktivem Vliesstoff hergestellt, der ideal f\u00fcr Einweggebrauch ist. Die Kombi-Stuhlbezug besteht aus 2 Teilen: 1 R\u00fcckenteilabdeckung und 1 Sitzabdeckung, Gewicht 35 g\/m2. Der PERFECTO CHAIR COVER hat eine Einheitsgr\u00f6\u00dfe, die sich dank des Elastikbunds und der Schn\u00fcrsenkel f\u00fcr alle Stuhlmodelle eignet und eine vollkommene Anpassbarkeit garantiert. Die Einweg-Kombi-Stuhlabdeckungen sind sehr hygienisch und leicht zu entsorgen, ihre Anwendung ist schnell und garantiert einen perfekten Schutz und den maximalen Komfort.  Verkauft in 25 St\u00fcck, blaue und wei\u00dfe Farben.","og_url":"https:\/\/dispotech.ch\/de\/prodotto\/einweg-kombi-stuhlabdeckungen\/","og_site_name":"Dispotech Shop","og_image":[{"width":2560,"height":1920,"url":"https:\/\/dispotech.ch\/wp-content\/uploads\/2021\/06\/Copririunito-1-scaled.jpg","type":"image\/jpeg"}],"twitter_card":"summary_large_image","schema":{"@context":"https:\/\/schema.org","@graph":[{"@type":"WebPage","@id":"https:\/\/dispotech.ch\/de\/prodotto\/einweg-kombi-stuhlabdeckungen\/","url":"https:\/\/dispotech.ch\/de\/prodotto\/einweg-kombi-stuhlabdeckungen\/","name":"Einweg-Kombi-Stuhlabdeckungen - Dispotech Shop","isPartOf":{"@id":"https:\/\/dispotech.ch\/#website"},"primaryImageOfPage":{"@id":"https:\/\/dispotech.ch\/de\/prodotto\/einweg-kombi-stuhlabdeckungen\/#primaryimage"},"image":{"@id":"https:\/\/dispotech.ch\/de\/prodotto\/einweg-kombi-stuhlabdeckungen\/#primaryimage"},"thumbnailUrl":"https:\/\/dispotech.ch\/wp-content\/uploads\/2021\/06\/Copririunito-1-scaled.jpg","datePublished":"2021-06-14T07:42:03+00:00","breadcrumb":{"@id":"https:\/\/dispotech.ch\/de\/prodotto\/einweg-kombi-stuhlabdeckungen\/#breadcrumb"},"inLanguage":"de","potentialAction":[{"@type":"ReadAction","target":["https:\/\/dispotech.ch\/de\/prodotto\/einweg-kombi-stuhlabdeckungen\/"]}]},{"@type":"ImageObject","inLanguage":"de","@id":"https:\/\/dispotech.ch\/de\/prodotto\/einweg-kombi-stuhlabdeckungen\/#primaryimage","url":"https:\/\/dispotech.ch\/wp-content\/uploads\/2021\/06\/Copririunito-1-scaled.jpg","contentUrl":"https:\/\/dispotech.ch\/wp-content\/uploads\/2021\/06\/Copririunito-1-scaled.jpg","width":2560,"height":1920},{"@type":"BreadcrumbList","@id":"https:\/\/dispotech.ch\/de\/prodotto\/einweg-kombi-stuhlabdeckungen\/#breadcrumb","itemListElement":[{"@type":"ListItem","position":1,"name":"Home","item":"https:\/\/dispotech.ch\/de\/"},{"@type":"ListItem","position":2,"name":"Shop","item":"https:\/\/dispotech.ch\/de\/shop\/"},{"@type":"ListItem","position":3,"name":"Einweg-Kombi-Stuhlabdeckungen"}]},{"@type":"WebSite","@id":"https:\/\/dispotech.ch\/#website","url":"https:\/\/dispotech.ch\/","name":"Dispotech Shop","description":"","potentialAction":[{"@type":"SearchAction","target":{"@type":"EntryPoint","urlTemplate":"https:\/\/dispotech.ch\/?s={search_term_string}"},"query-input":{"@type":"PropertyValueSpecification","valueRequired":true,"valueName":"search_term_string"}}],"inLanguage":"de"}]}},"_links":{"self":[{"href":"https:\/\/dispotech.ch\/de\/wp-json\/wp\/v2\/product\/20976","targetHints":{"allow":["GET"]}}],"collection":[{"href":"https:\/\/dispotech.ch\/de\/wp-json\/wp\/v2\/product"}],"about":[{"href":"https:\/\/dispotech.ch\/de\/wp-json\/wp\/v2\/types\/product"}],"replies":[{"embeddable":true,"href":"https:\/\/dispotech.ch\/de\/wp-json\/wp\/v2\/comments?post=20976"}],"wp:featuredmedia":[{"embeddable":true,"href":"https:\/\/dispotech.ch\/de\/wp-json\/wp\/v2\/media\/23364"}],"wp:attachment":[{"href":"https:\/\/dispotech.ch\/de\/wp-json\/wp\/v2\/media?parent=20976"}],"wp:term":[{"taxonomy":"product_brand","embeddable":true,"href":"https:\/\/dispotech.ch\/de\/wp-json\/wp\/v2\/product_brand?post=20976"},{"taxonomy":"product_cat","embeddable":true,"href":"https:\/\/dispotech.ch\/de\/wp-json\/wp\/v2\/product_cat?post=20976"},{"taxonomy":"product_tag","embeddable":true,"href":"https:\/\/dispotech.ch\/de\/wp-json\/wp\/v2\/product_tag?post=20976"}],"curies":[{"name":"wp","href":"https:\/\/api.w.org\/{rel}","templated":true}]}}