{"id":22585,"date":"2022-04-21T11:51:57","date_gmt":"2022-04-21T09:51:57","guid":{"rendered":"https:\/\/shop.dispotech.ch\/prodotto\/hose-fast-unisex\/"},"modified":"2022-06-22T07:41:04","modified_gmt":"2022-06-22T05:41:04","slug":"hose-fast-unisex","status":"publish","type":"product","link":"https:\/\/dispotech.ch\/de\/prodotto\/hose-fast-unisex\/","title":{"rendered":"Hose Fast Unisex"},"content":{"rendered":"","protected":false},"excerpt":{"rendered":"<p><strong>Leicht und bequem<\/strong> mit elastischem Bund und gro\u00dfen aufgesetzten Vordertaschen. Es wurde entwickelt, um Stil und Vielseitigkeit den ganzen Arbeitstag \u00fcber zu kombinieren.<\/p>\n<p>Die Eigenschaften der Fast Unisex Hose:<\/p>\n<p>Weiche Mikrofaser<br \/>\nKein B\u00fcgeln<br \/>\nAntibakteriell<br \/>\n9 brillante Farben<br \/>\nWaschbar in Bleichmittel oder bei 90\u00b0<\/p>\n<p><img loading=\"lazy\" decoding=\"async\" src=\"https:\/\/dispotech.ch\/wp-content\/uploads\/2022\/04\/Immagine-2022-06-22-073933.png\" alt=\"\" width=\"361\" height=\"237\" class=\"alignnone size-full wp-image-24926\" srcset=\"https:\/\/dispotech.ch\/wp-content\/uploads\/2022\/04\/Immagine-2022-06-22-073933.png 361w, https:\/\/dispotech.ch\/wp-content\/uploads\/2022\/04\/Immagine-2022-06-22-073933-300x197.png 300w\" sizes=\"auto, (max-width: 361px) 100vw, 361px\" \/><\/p>\n","protected":false},"featured_media":24950,"comment_status":"open","ping_status":"closed","template":"","meta":{"_acf_changed":false},"product_brand":[],"product_cat":[449],"product_tag":[297,476,477],"class_list":{"0":"post-22585","1":"product","2":"type-product","3":"status-publish","4":"has-post-thumbnail","6":"product_cat-quick-zahnaerztliche-kleidung","7":"product_tag-dental-de","8":"product_tag-hose","9":"product_tag-hose-dental","11":"first","12":"instock","13":"taxable","14":"shipping-taxable","15":"purchasable","16":"product-type-variable"},"acf":[],"yoast_head":"<!-- This site is optimized with the Yoast SEO plugin v27.3 - https:\/\/yoast.com\/product\/yoast-seo-wordpress\/ -->\n<title>Hose Fast Unisex - Dispotech Shop<\/title>\n<meta name=\"robots\" content=\"index, follow, max-snippet:-1, max-image-preview:large, max-video-preview:-1\" \/>\n<link rel=\"canonical\" href=\"https:\/\/dispotech.ch\/de\/prodotto\/hose-fast-unisex\/\" \/>\n<meta property=\"og:locale\" content=\"de_DE\" \/>\n<meta property=\"og:type\" content=\"article\" \/>\n<meta property=\"og:title\" content=\"Hose Fast Unisex - Dispotech Shop\" \/>\n<meta property=\"og:description\" content=\"Leicht und bequem mit elastischem Bund und gro\u00dfen aufgesetzten Vordertaschen. Es wurde entwickelt, um Stil und Vielseitigkeit den ganzen Arbeitstag \u00fcber zu kombinieren.  Die Eigenschaften der Fast Unisex Hose:  Weiche Mikrofaser Kein B\u00fcgeln Antibakteriell 9 brillante Farben Waschbar in Bleichmittel oder bei 90\u00b0\" \/>\n<meta property=\"og:url\" content=\"https:\/\/dispotech.ch\/de\/prodotto\/hose-fast-unisex\/\" \/>\n<meta property=\"og:site_name\" content=\"Dispotech Shop\" \/>\n<meta property=\"article:modified_time\" content=\"2022-06-22T05:41:04+00:00\" \/>\n<meta property=\"og:image\" content=\"https:\/\/dispotech.ch\/wp-content\/uploads\/2022\/04\/quick_medical_divisa_professionale_pantalone_fast_lungo_verde_chirugico_1_donna-800x1120-2.jpg\" \/>\n\t<meta property=\"og:image:width\" content=\"800\" \/>\n\t<meta property=\"og:image:height\" content=\"1120\" \/>\n\t<meta property=\"og:image:type\" content=\"image\/jpeg\" \/>\n<meta name=\"twitter:card\" content=\"summary_large_image\" \/>\n<script type=\"application\/ld+json\" class=\"yoast-schema-graph\">{\"@context\":\"https:\\\/\\\/schema.org\",\"@graph\":[{\"@type\":\"WebPage\",\"@id\":\"https:\\\/\\\/dispotech.ch\\\/de\\\/prodotto\\\/hose-fast-unisex\\\/\",\"url\":\"https:\\\/\\\/dispotech.ch\\\/de\\\/prodotto\\\/hose-fast-unisex\\\/\",\"name\":\"Hose Fast Unisex - Dispotech Shop\",\"isPartOf\":{\"@id\":\"https:\\\/\\\/dispotech.ch\\\/#website\"},\"primaryImageOfPage\":{\"@id\":\"https:\\\/\\\/dispotech.ch\\\/de\\\/prodotto\\\/hose-fast-unisex\\\/#primaryimage\"},\"image\":{\"@id\":\"https:\\\/\\\/dispotech.ch\\\/de\\\/prodotto\\\/hose-fast-unisex\\\/#primaryimage\"},\"thumbnailUrl\":\"https:\\\/\\\/dispotech.ch\\\/wp-content\\\/uploads\\\/2022\\\/04\\\/quick_medical_divisa_professionale_pantalone_fast_lungo_verde_chirugico_1_donna-800x1120-2.jpg\",\"datePublished\":\"2022-04-21T09:51:57+00:00\",\"dateModified\":\"2022-06-22T05:41:04+00:00\",\"breadcrumb\":{\"@id\":\"https:\\\/\\\/dispotech.ch\\\/de\\\/prodotto\\\/hose-fast-unisex\\\/#breadcrumb\"},\"inLanguage\":\"de\",\"potentialAction\":[{\"@type\":\"ReadAction\",\"target\":[\"https:\\\/\\\/dispotech.ch\\\/de\\\/prodotto\\\/hose-fast-unisex\\\/\"]}]},{\"@type\":\"ImageObject\",\"inLanguage\":\"de\",\"@id\":\"https:\\\/\\\/dispotech.ch\\\/de\\\/prodotto\\\/hose-fast-unisex\\\/#primaryimage\",\"url\":\"https:\\\/\\\/dispotech.ch\\\/wp-content\\\/uploads\\\/2022\\\/04\\\/quick_medical_divisa_professionale_pantalone_fast_lungo_verde_chirugico_1_donna-800x1120-2.jpg\",\"contentUrl\":\"https:\\\/\\\/dispotech.ch\\\/wp-content\\\/uploads\\\/2022\\\/04\\\/quick_medical_divisa_professionale_pantalone_fast_lungo_verde_chirugico_1_donna-800x1120-2.jpg\",\"width\":800,\"height\":1120},{\"@type\":\"BreadcrumbList\",\"@id\":\"https:\\\/\\\/dispotech.ch\\\/de\\\/prodotto\\\/hose-fast-unisex\\\/#breadcrumb\",\"itemListElement\":[{\"@type\":\"ListItem\",\"position\":1,\"name\":\"Home\",\"item\":\"https:\\\/\\\/dispotech.ch\\\/de\\\/\"},{\"@type\":\"ListItem\",\"position\":2,\"name\":\"Shop\",\"item\":\"https:\\\/\\\/dispotech.ch\\\/de\\\/shop\\\/\"},{\"@type\":\"ListItem\",\"position\":3,\"name\":\"Hose Fast Unisex\"}]},{\"@type\":\"WebSite\",\"@id\":\"https:\\\/\\\/dispotech.ch\\\/#website\",\"url\":\"https:\\\/\\\/dispotech.ch\\\/\",\"name\":\"Dispotech Shop\",\"description\":\"\",\"potentialAction\":[{\"@type\":\"SearchAction\",\"target\":{\"@type\":\"EntryPoint\",\"urlTemplate\":\"https:\\\/\\\/dispotech.ch\\\/?s={search_term_string}\"},\"query-input\":{\"@type\":\"PropertyValueSpecification\",\"valueRequired\":true,\"valueName\":\"search_term_string\"}}],\"inLanguage\":\"de\"}]}<\/script>\n<!-- \/ Yoast SEO plugin. -->","yoast_head_json":{"title":"Hose Fast Unisex - Dispotech Shop","robots":{"index":"index","follow":"follow","max-snippet":"max-snippet:-1","max-image-preview":"max-image-preview:large","max-video-preview":"max-video-preview:-1"},"canonical":"https:\/\/dispotech.ch\/de\/prodotto\/hose-fast-unisex\/","og_locale":"de_DE","og_type":"article","og_title":"Hose Fast Unisex - Dispotech Shop","og_description":"Leicht und bequem mit elastischem Bund und gro\u00dfen aufgesetzten Vordertaschen. Es wurde entwickelt, um Stil und Vielseitigkeit den ganzen Arbeitstag \u00fcber zu kombinieren.  Die Eigenschaften der Fast Unisex Hose:  Weiche Mikrofaser Kein B\u00fcgeln Antibakteriell 9 brillante Farben Waschbar in Bleichmittel oder bei 90\u00b0","og_url":"https:\/\/dispotech.ch\/de\/prodotto\/hose-fast-unisex\/","og_site_name":"Dispotech Shop","article_modified_time":"2022-06-22T05:41:04+00:00","og_image":[{"width":800,"height":1120,"url":"https:\/\/dispotech.ch\/wp-content\/uploads\/2022\/04\/quick_medical_divisa_professionale_pantalone_fast_lungo_verde_chirugico_1_donna-800x1120-2.jpg","type":"image\/jpeg"}],"twitter_card":"summary_large_image","schema":{"@context":"https:\/\/schema.org","@graph":[{"@type":"WebPage","@id":"https:\/\/dispotech.ch\/de\/prodotto\/hose-fast-unisex\/","url":"https:\/\/dispotech.ch\/de\/prodotto\/hose-fast-unisex\/","name":"Hose Fast Unisex - Dispotech Shop","isPartOf":{"@id":"https:\/\/dispotech.ch\/#website"},"primaryImageOfPage":{"@id":"https:\/\/dispotech.ch\/de\/prodotto\/hose-fast-unisex\/#primaryimage"},"image":{"@id":"https:\/\/dispotech.ch\/de\/prodotto\/hose-fast-unisex\/#primaryimage"},"thumbnailUrl":"https:\/\/dispotech.ch\/wp-content\/uploads\/2022\/04\/quick_medical_divisa_professionale_pantalone_fast_lungo_verde_chirugico_1_donna-800x1120-2.jpg","datePublished":"2022-04-21T09:51:57+00:00","dateModified":"2022-06-22T05:41:04+00:00","breadcrumb":{"@id":"https:\/\/dispotech.ch\/de\/prodotto\/hose-fast-unisex\/#breadcrumb"},"inLanguage":"de","potentialAction":[{"@type":"ReadAction","target":["https:\/\/dispotech.ch\/de\/prodotto\/hose-fast-unisex\/"]}]},{"@type":"ImageObject","inLanguage":"de","@id":"https:\/\/dispotech.ch\/de\/prodotto\/hose-fast-unisex\/#primaryimage","url":"https:\/\/dispotech.ch\/wp-content\/uploads\/2022\/04\/quick_medical_divisa_professionale_pantalone_fast_lungo_verde_chirugico_1_donna-800x1120-2.jpg","contentUrl":"https:\/\/dispotech.ch\/wp-content\/uploads\/2022\/04\/quick_medical_divisa_professionale_pantalone_fast_lungo_verde_chirugico_1_donna-800x1120-2.jpg","width":800,"height":1120},{"@type":"BreadcrumbList","@id":"https:\/\/dispotech.ch\/de\/prodotto\/hose-fast-unisex\/#breadcrumb","itemListElement":[{"@type":"ListItem","position":1,"name":"Home","item":"https:\/\/dispotech.ch\/de\/"},{"@type":"ListItem","position":2,"name":"Shop","item":"https:\/\/dispotech.ch\/de\/shop\/"},{"@type":"ListItem","position":3,"name":"Hose Fast Unisex"}]},{"@type":"WebSite","@id":"https:\/\/dispotech.ch\/#website","url":"https:\/\/dispotech.ch\/","name":"Dispotech Shop","description":"","potentialAction":[{"@type":"SearchAction","target":{"@type":"EntryPoint","urlTemplate":"https:\/\/dispotech.ch\/?s={search_term_string}"},"query-input":{"@type":"PropertyValueSpecification","valueRequired":true,"valueName":"search_term_string"}}],"inLanguage":"de"}]}},"_links":{"self":[{"href":"https:\/\/dispotech.ch\/de\/wp-json\/wp\/v2\/product\/22585","targetHints":{"allow":["GET"]}}],"collection":[{"href":"https:\/\/dispotech.ch\/de\/wp-json\/wp\/v2\/product"}],"about":[{"href":"https:\/\/dispotech.ch\/de\/wp-json\/wp\/v2\/types\/product"}],"replies":[{"embeddable":true,"href":"https:\/\/dispotech.ch\/de\/wp-json\/wp\/v2\/comments?post=22585"}],"wp:featuredmedia":[{"embeddable":true,"href":"https:\/\/dispotech.ch\/de\/wp-json\/wp\/v2\/media\/24950"}],"wp:attachment":[{"href":"https:\/\/dispotech.ch\/de\/wp-json\/wp\/v2\/media?parent=22585"}],"wp:term":[{"taxonomy":"product_brand","embeddable":true,"href":"https:\/\/dispotech.ch\/de\/wp-json\/wp\/v2\/product_brand?post=22585"},{"taxonomy":"product_cat","embeddable":true,"href":"https:\/\/dispotech.ch\/de\/wp-json\/wp\/v2\/product_cat?post=22585"},{"taxonomy":"product_tag","embeddable":true,"href":"https:\/\/dispotech.ch\/de\/wp-json\/wp\/v2\/product_tag?post=22585"}],"curies":[{"name":"wp","href":"https:\/\/api.w.org\/{rel}","templated":true}]}}