{"id":23335,"date":"2022-05-09T11:46:21","date_gmt":"2022-05-09T09:46:21","guid":{"rendered":"https:\/\/shop.dispotech.ch\/prodotto\/cutanplast-fast\/"},"modified":"2022-05-09T11:46:21","modified_gmt":"2022-05-09T09:46:21","slug":"cutanplast-fast","status":"publish","type":"product","link":"https:\/\/dispotech.ch\/de\/prodotto\/cutanplast-fast\/","title":{"rendered":"Cutanplast Fast"},"content":{"rendered":"","protected":false},"excerpt":{"rendered":"<p>CUTANPLAST FAST ist ein Gelatineprodukt tierischen Herkunft, das dank seiner besonderen Struktur ist in der Lage, um eine gro\u00dfe Fl\u00fcssigkeitmenge schnell zu absorbieren. Dank dieser Eigenschaft ist CUTANPLAST FAST in der Lage, die meisten arteriellen und ven\u00f6sen Blutungen zu kontrollieren und zu stoppen, die mit traditionellen h\u00e4mostatischen Methoden schwer zu verwalten sind. Das Produkt nimmt in der ersten Minute eine Fl\u00fcssigkeitsmenge auf, die dem 60-fachen seines Eigengewichts entspricht.<\/p>\n","protected":false},"featured_media":23336,"comment_status":"open","ping_status":"closed","template":"","meta":{"_acf_changed":false},"product_brand":[],"product_cat":[289,439],"product_tag":[309],"class_list":{"0":"post-23335","1":"product","2":"type-product","3":"status-publish","4":"has-post-thumbnail","6":"product_cat-dental-de-2","7":"product_cat-hamostatika","8":"product_tag-dental-de-2","10":"first","11":"instock","12":"taxable","13":"shipping-taxable","14":"purchasable","15":"product-type-variable"},"acf":[],"yoast_head":"<!-- This site is optimized with the Yoast SEO plugin v27.3 - https:\/\/yoast.com\/product\/yoast-seo-wordpress\/ -->\n<title>Cutanplast Fast - Dispotech Shop<\/title>\n<meta name=\"robots\" content=\"index, follow, max-snippet:-1, max-image-preview:large, max-video-preview:-1\" \/>\n<link rel=\"canonical\" href=\"https:\/\/dispotech.ch\/de\/prodotto\/cutanplast-fast\/\" \/>\n<meta property=\"og:locale\" content=\"de_DE\" \/>\n<meta property=\"og:type\" content=\"article\" \/>\n<meta property=\"og:title\" content=\"Cutanplast Fast - Dispotech Shop\" \/>\n<meta property=\"og:description\" content=\"CUTANPLAST FAST ist ein Gelatineprodukt tierischen Herkunft, das dank seiner besonderen Struktur ist in der Lage, um eine gro\u00dfe Fl\u00fcssigkeitmenge schnell zu absorbieren. Dank dieser Eigenschaft ist CUTANPLAST FAST in der Lage, die meisten arteriellen und ven\u00f6sen Blutungen zu kontrollieren und zu stoppen, die mit traditionellen h\u00e4mostatischen Methoden schwer zu verwalten sind. Das Produkt nimmt in der ersten Minute eine Fl\u00fcssigkeitsmenge auf, die dem 60-fachen seines Eigengewichts entspricht.\" \/>\n<meta property=\"og:url\" content=\"https:\/\/dispotech.ch\/de\/prodotto\/cutanplast-fast\/\" \/>\n<meta property=\"og:site_name\" content=\"Dispotech Shop\" \/>\n<meta property=\"og:image\" content=\"https:\/\/dispotech.ch\/wp-content\/uploads\/2022\/05\/Cutanplast_emostatico-04-scaled.jpg\" \/>\n\t<meta property=\"og:image:width\" content=\"2560\" \/>\n\t<meta property=\"og:image:height\" content=\"1920\" \/>\n\t<meta property=\"og:image:type\" content=\"image\/jpeg\" \/>\n<meta name=\"twitter:card\" content=\"summary_large_image\" \/>\n<script type=\"application\/ld+json\" class=\"yoast-schema-graph\">{\"@context\":\"https:\\\/\\\/schema.org\",\"@graph\":[{\"@type\":\"WebPage\",\"@id\":\"https:\\\/\\\/dispotech.ch\\\/de\\\/prodotto\\\/cutanplast-fast\\\/\",\"url\":\"https:\\\/\\\/dispotech.ch\\\/de\\\/prodotto\\\/cutanplast-fast\\\/\",\"name\":\"Cutanplast Fast - Dispotech Shop\",\"isPartOf\":{\"@id\":\"https:\\\/\\\/dispotech.ch\\\/#website\"},\"primaryImageOfPage\":{\"@id\":\"https:\\\/\\\/dispotech.ch\\\/de\\\/prodotto\\\/cutanplast-fast\\\/#primaryimage\"},\"image\":{\"@id\":\"https:\\\/\\\/dispotech.ch\\\/de\\\/prodotto\\\/cutanplast-fast\\\/#primaryimage\"},\"thumbnailUrl\":\"https:\\\/\\\/dispotech.ch\\\/wp-content\\\/uploads\\\/2022\\\/05\\\/Cutanplast_emostatico-04-scaled.jpg\",\"datePublished\":\"2022-05-09T09:46:21+00:00\",\"breadcrumb\":{\"@id\":\"https:\\\/\\\/dispotech.ch\\\/de\\\/prodotto\\\/cutanplast-fast\\\/#breadcrumb\"},\"inLanguage\":\"de\",\"potentialAction\":[{\"@type\":\"ReadAction\",\"target\":[\"https:\\\/\\\/dispotech.ch\\\/de\\\/prodotto\\\/cutanplast-fast\\\/\"]}]},{\"@type\":\"ImageObject\",\"inLanguage\":\"de\",\"@id\":\"https:\\\/\\\/dispotech.ch\\\/de\\\/prodotto\\\/cutanplast-fast\\\/#primaryimage\",\"url\":\"https:\\\/\\\/dispotech.ch\\\/wp-content\\\/uploads\\\/2022\\\/05\\\/Cutanplast_emostatico-04-scaled.jpg\",\"contentUrl\":\"https:\\\/\\\/dispotech.ch\\\/wp-content\\\/uploads\\\/2022\\\/05\\\/Cutanplast_emostatico-04-scaled.jpg\",\"width\":2560,\"height\":1920},{\"@type\":\"BreadcrumbList\",\"@id\":\"https:\\\/\\\/dispotech.ch\\\/de\\\/prodotto\\\/cutanplast-fast\\\/#breadcrumb\",\"itemListElement\":[{\"@type\":\"ListItem\",\"position\":1,\"name\":\"Home\",\"item\":\"https:\\\/\\\/dispotech.ch\\\/de\\\/\"},{\"@type\":\"ListItem\",\"position\":2,\"name\":\"Shop\",\"item\":\"https:\\\/\\\/dispotech.ch\\\/de\\\/shop\\\/\"},{\"@type\":\"ListItem\",\"position\":3,\"name\":\"Cutanplast Fast\"}]},{\"@type\":\"WebSite\",\"@id\":\"https:\\\/\\\/dispotech.ch\\\/#website\",\"url\":\"https:\\\/\\\/dispotech.ch\\\/\",\"name\":\"Dispotech Shop\",\"description\":\"\",\"potentialAction\":[{\"@type\":\"SearchAction\",\"target\":{\"@type\":\"EntryPoint\",\"urlTemplate\":\"https:\\\/\\\/dispotech.ch\\\/?s={search_term_string}\"},\"query-input\":{\"@type\":\"PropertyValueSpecification\",\"valueRequired\":true,\"valueName\":\"search_term_string\"}}],\"inLanguage\":\"de\"}]}<\/script>\n<!-- \/ Yoast SEO plugin. -->","yoast_head_json":{"title":"Cutanplast Fast - Dispotech Shop","robots":{"index":"index","follow":"follow","max-snippet":"max-snippet:-1","max-image-preview":"max-image-preview:large","max-video-preview":"max-video-preview:-1"},"canonical":"https:\/\/dispotech.ch\/de\/prodotto\/cutanplast-fast\/","og_locale":"de_DE","og_type":"article","og_title":"Cutanplast Fast - Dispotech Shop","og_description":"CUTANPLAST FAST ist ein Gelatineprodukt tierischen Herkunft, das dank seiner besonderen Struktur ist in der Lage, um eine gro\u00dfe Fl\u00fcssigkeitmenge schnell zu absorbieren. Dank dieser Eigenschaft ist CUTANPLAST FAST in der Lage, die meisten arteriellen und ven\u00f6sen Blutungen zu kontrollieren und zu stoppen, die mit traditionellen h\u00e4mostatischen Methoden schwer zu verwalten sind. Das Produkt nimmt in der ersten Minute eine Fl\u00fcssigkeitsmenge auf, die dem 60-fachen seines Eigengewichts entspricht.","og_url":"https:\/\/dispotech.ch\/de\/prodotto\/cutanplast-fast\/","og_site_name":"Dispotech Shop","og_image":[{"width":2560,"height":1920,"url":"https:\/\/dispotech.ch\/wp-content\/uploads\/2022\/05\/Cutanplast_emostatico-04-scaled.jpg","type":"image\/jpeg"}],"twitter_card":"summary_large_image","schema":{"@context":"https:\/\/schema.org","@graph":[{"@type":"WebPage","@id":"https:\/\/dispotech.ch\/de\/prodotto\/cutanplast-fast\/","url":"https:\/\/dispotech.ch\/de\/prodotto\/cutanplast-fast\/","name":"Cutanplast Fast - Dispotech Shop","isPartOf":{"@id":"https:\/\/dispotech.ch\/#website"},"primaryImageOfPage":{"@id":"https:\/\/dispotech.ch\/de\/prodotto\/cutanplast-fast\/#primaryimage"},"image":{"@id":"https:\/\/dispotech.ch\/de\/prodotto\/cutanplast-fast\/#primaryimage"},"thumbnailUrl":"https:\/\/dispotech.ch\/wp-content\/uploads\/2022\/05\/Cutanplast_emostatico-04-scaled.jpg","datePublished":"2022-05-09T09:46:21+00:00","breadcrumb":{"@id":"https:\/\/dispotech.ch\/de\/prodotto\/cutanplast-fast\/#breadcrumb"},"inLanguage":"de","potentialAction":[{"@type":"ReadAction","target":["https:\/\/dispotech.ch\/de\/prodotto\/cutanplast-fast\/"]}]},{"@type":"ImageObject","inLanguage":"de","@id":"https:\/\/dispotech.ch\/de\/prodotto\/cutanplast-fast\/#primaryimage","url":"https:\/\/dispotech.ch\/wp-content\/uploads\/2022\/05\/Cutanplast_emostatico-04-scaled.jpg","contentUrl":"https:\/\/dispotech.ch\/wp-content\/uploads\/2022\/05\/Cutanplast_emostatico-04-scaled.jpg","width":2560,"height":1920},{"@type":"BreadcrumbList","@id":"https:\/\/dispotech.ch\/de\/prodotto\/cutanplast-fast\/#breadcrumb","itemListElement":[{"@type":"ListItem","position":1,"name":"Home","item":"https:\/\/dispotech.ch\/de\/"},{"@type":"ListItem","position":2,"name":"Shop","item":"https:\/\/dispotech.ch\/de\/shop\/"},{"@type":"ListItem","position":3,"name":"Cutanplast Fast"}]},{"@type":"WebSite","@id":"https:\/\/dispotech.ch\/#website","url":"https:\/\/dispotech.ch\/","name":"Dispotech Shop","description":"","potentialAction":[{"@type":"SearchAction","target":{"@type":"EntryPoint","urlTemplate":"https:\/\/dispotech.ch\/?s={search_term_string}"},"query-input":{"@type":"PropertyValueSpecification","valueRequired":true,"valueName":"search_term_string"}}],"inLanguage":"de"}]}},"_links":{"self":[{"href":"https:\/\/dispotech.ch\/de\/wp-json\/wp\/v2\/product\/23335","targetHints":{"allow":["GET"]}}],"collection":[{"href":"https:\/\/dispotech.ch\/de\/wp-json\/wp\/v2\/product"}],"about":[{"href":"https:\/\/dispotech.ch\/de\/wp-json\/wp\/v2\/types\/product"}],"replies":[{"embeddable":true,"href":"https:\/\/dispotech.ch\/de\/wp-json\/wp\/v2\/comments?post=23335"}],"wp:featuredmedia":[{"embeddable":true,"href":"https:\/\/dispotech.ch\/de\/wp-json\/wp\/v2\/media\/23336"}],"wp:attachment":[{"href":"https:\/\/dispotech.ch\/de\/wp-json\/wp\/v2\/media?parent=23335"}],"wp:term":[{"taxonomy":"product_brand","embeddable":true,"href":"https:\/\/dispotech.ch\/de\/wp-json\/wp\/v2\/product_brand?post=23335"},{"taxonomy":"product_cat","embeddable":true,"href":"https:\/\/dispotech.ch\/de\/wp-json\/wp\/v2\/product_cat?post=23335"},{"taxonomy":"product_tag","embeddable":true,"href":"https:\/\/dispotech.ch\/de\/wp-json\/wp\/v2\/product_tag?post=23335"}],"curies":[{"name":"wp","href":"https:\/\/api.w.org\/{rel}","templated":true}]}}