{"id":24262,"date":"2022-05-11T17:17:24","date_gmt":"2022-05-11T15:17:32","guid":{"rendered":"https:\/\/shop.dispotech.ch\/?post_type=product&#038;p=24262"},"modified":"2024-06-20T09:13:16","modified_gmt":"2024-06-20T07:13:16","slug":"tunika-smart-unisex-kurze-armel","status":"publish","type":"product","link":"https:\/\/dispotech.ch\/de\/prodotto\/tunika-smart-unisex-kurze-armel\/","title":{"rendered":"Tunika Smart Unisex  kurze \u00c4rmel"},"content":{"rendered":"","protected":false},"excerpt":{"rendered":"<p>Die Tunika Smart hat eine weiche Linie mit V-Ausschnitt.<br \/>\nErh\u00e4ltlich mit kurzen oder langen \u00c4rmeln, letztere mit Strickb\u00fcndchen.<br \/>\nAusgestattet mit einer Brusttasche und zwei gro\u00dfen Fronttaschen, mit doppelt verst\u00e4rkten N\u00e4hten und Stiftf\u00e4chern auf der rechten Tasche.<br \/>\nDie beiden seitlichen Schlitze sorgen f\u00fcr volle Bewegungsfreiheit.<\/p>\n<p>Die Eigenschaften der smart Unisex-Jacke:<\/p>\n<p>Weiche Mikrofaser<br \/>\nKein B\u00fcgeln<br \/>\nAntibakteriell<br \/>\n9 brillante Farben<br \/>\nWaschbar in Bleichmittel oder bei 90\u00b0<br \/>\n<img loading=\"lazy\" decoding=\"async\" class=\"alignnone size-full wp-image-24914\" src=\"https:\/\/dispotech.ch\/wp-content\/uploads\/2020\/02\/Immagine-2022-06-22-072720-1.png\" alt=\"\" width=\"369\" height=\"250\" srcset=\"https:\/\/dispotech.ch\/wp-content\/uploads\/2020\/02\/Immagine-2022-06-22-072720-1.png 369w, https:\/\/dispotech.ch\/wp-content\/uploads\/2020\/02\/Immagine-2022-06-22-072720-1-300x203.png 300w\" sizes=\"auto, (max-width: 369px) 100vw, 369px\" \/><\/p>\n","protected":false},"featured_media":24910,"comment_status":"open","ping_status":"closed","template":"","meta":{"_acf_changed":false},"product_brand":[],"product_cat":[449],"product_tag":[471],"class_list":{"0":"post-24262","1":"product","2":"type-product","3":"status-publish","4":"has-post-thumbnail","6":"product_cat-quick-zahnaerztliche-kleidung","7":"product_tag-tunika-smart-unisex","9":"first","10":"instock","11":"taxable","12":"shipping-taxable","13":"purchasable","14":"product-type-variable"},"acf":[],"yoast_head":"<!-- This site is optimized with the Yoast SEO plugin v27.3 - https:\/\/yoast.com\/product\/yoast-seo-wordpress\/ -->\n<title>Tunika Smart Unisex kurze \u00c4rmel - Dispotech Shop<\/title>\n<meta name=\"robots\" content=\"index, follow, max-snippet:-1, max-image-preview:large, max-video-preview:-1\" \/>\n<link rel=\"canonical\" href=\"https:\/\/dispotech.ch\/de\/prodotto\/tunika-smart-unisex-kurze-armel\/\" \/>\n<meta property=\"og:locale\" content=\"de_DE\" \/>\n<meta property=\"og:type\" content=\"article\" \/>\n<meta property=\"og:title\" content=\"Tunika Smart Unisex kurze \u00c4rmel - Dispotech Shop\" \/>\n<meta property=\"og:description\" content=\"Die Tunika Smart hat eine weiche Linie mit V-Ausschnitt. Erh\u00e4ltlich mit kurzen oder langen \u00c4rmeln, letztere mit Strickb\u00fcndchen. Ausgestattet mit einer Brusttasche und zwei gro\u00dfen Fronttaschen, mit doppelt verst\u00e4rkten N\u00e4hten und Stiftf\u00e4chern auf der rechten Tasche. Die beiden seitlichen Schlitze sorgen f\u00fcr volle Bewegungsfreiheit.  Die Eigenschaften der smart Unisex-Jacke:  Weiche Mikrofaser Kein B\u00fcgeln Antibakteriell 9 brillante Farben Waschbar in Bleichmittel oder bei 90\u00b0\" \/>\n<meta property=\"og:url\" content=\"https:\/\/dispotech.ch\/de\/prodotto\/tunika-smart-unisex-kurze-armel\/\" \/>\n<meta property=\"og:site_name\" content=\"Dispotech Shop\" \/>\n<meta property=\"article:modified_time\" content=\"2024-06-20T07:13:16+00:00\" \/>\n<meta property=\"og:image\" content=\"https:\/\/dispotech.ch\/wp-content\/uploads\/2022\/05\/quick_medical_divisa_professionale_casacca_smart_corta_verde_chirurgico_2_uomo-1.jpg\" \/>\n\t<meta property=\"og:image:width\" content=\"1482\" \/>\n\t<meta property=\"og:image:height\" content=\"2074\" \/>\n\t<meta property=\"og:image:type\" content=\"image\/jpeg\" \/>\n<meta name=\"twitter:card\" content=\"summary_large_image\" \/>\n<script type=\"application\/ld+json\" class=\"yoast-schema-graph\">{\"@context\":\"https:\\\/\\\/schema.org\",\"@graph\":[{\"@type\":\"WebPage\",\"@id\":\"https:\\\/\\\/dispotech.ch\\\/de\\\/prodotto\\\/tunika-smart-unisex-kurze-armel\\\/\",\"url\":\"https:\\\/\\\/dispotech.ch\\\/de\\\/prodotto\\\/tunika-smart-unisex-kurze-armel\\\/\",\"name\":\"Tunika Smart Unisex kurze \u00c4rmel - Dispotech Shop\",\"isPartOf\":{\"@id\":\"https:\\\/\\\/dispotech.ch\\\/#website\"},\"primaryImageOfPage\":{\"@id\":\"https:\\\/\\\/dispotech.ch\\\/de\\\/prodotto\\\/tunika-smart-unisex-kurze-armel\\\/#primaryimage\"},\"image\":{\"@id\":\"https:\\\/\\\/dispotech.ch\\\/de\\\/prodotto\\\/tunika-smart-unisex-kurze-armel\\\/#primaryimage\"},\"thumbnailUrl\":\"https:\\\/\\\/dispotech.ch\\\/wp-content\\\/uploads\\\/2022\\\/05\\\/quick_medical_divisa_professionale_casacca_smart_corta_verde_chirurgico_2_uomo-1.jpg\",\"datePublished\":\"2022-05-11T15:17:32+00:00\",\"dateModified\":\"2024-06-20T07:13:16+00:00\",\"breadcrumb\":{\"@id\":\"https:\\\/\\\/dispotech.ch\\\/de\\\/prodotto\\\/tunika-smart-unisex-kurze-armel\\\/#breadcrumb\"},\"inLanguage\":\"de\",\"potentialAction\":[{\"@type\":\"ReadAction\",\"target\":[\"https:\\\/\\\/dispotech.ch\\\/de\\\/prodotto\\\/tunika-smart-unisex-kurze-armel\\\/\"]}]},{\"@type\":\"ImageObject\",\"inLanguage\":\"de\",\"@id\":\"https:\\\/\\\/dispotech.ch\\\/de\\\/prodotto\\\/tunika-smart-unisex-kurze-armel\\\/#primaryimage\",\"url\":\"https:\\\/\\\/dispotech.ch\\\/wp-content\\\/uploads\\\/2022\\\/05\\\/quick_medical_divisa_professionale_casacca_smart_corta_verde_chirurgico_2_uomo-1.jpg\",\"contentUrl\":\"https:\\\/\\\/dispotech.ch\\\/wp-content\\\/uploads\\\/2022\\\/05\\\/quick_medical_divisa_professionale_casacca_smart_corta_verde_chirurgico_2_uomo-1.jpg\",\"width\":1482,\"height\":2074},{\"@type\":\"BreadcrumbList\",\"@id\":\"https:\\\/\\\/dispotech.ch\\\/de\\\/prodotto\\\/tunika-smart-unisex-kurze-armel\\\/#breadcrumb\",\"itemListElement\":[{\"@type\":\"ListItem\",\"position\":1,\"name\":\"Home\",\"item\":\"https:\\\/\\\/dispotech.ch\\\/de\\\/\"},{\"@type\":\"ListItem\",\"position\":2,\"name\":\"Shop\",\"item\":\"https:\\\/\\\/dispotech.ch\\\/de\\\/shop\\\/\"},{\"@type\":\"ListItem\",\"position\":3,\"name\":\"Tunika Smart Unisex kurze \u00c4rmel\"}]},{\"@type\":\"WebSite\",\"@id\":\"https:\\\/\\\/dispotech.ch\\\/#website\",\"url\":\"https:\\\/\\\/dispotech.ch\\\/\",\"name\":\"Dispotech Shop\",\"description\":\"\",\"potentialAction\":[{\"@type\":\"SearchAction\",\"target\":{\"@type\":\"EntryPoint\",\"urlTemplate\":\"https:\\\/\\\/dispotech.ch\\\/?s={search_term_string}\"},\"query-input\":{\"@type\":\"PropertyValueSpecification\",\"valueRequired\":true,\"valueName\":\"search_term_string\"}}],\"inLanguage\":\"de\"}]}<\/script>\n<!-- \/ Yoast SEO plugin. -->","yoast_head_json":{"title":"Tunika Smart Unisex kurze \u00c4rmel - Dispotech Shop","robots":{"index":"index","follow":"follow","max-snippet":"max-snippet:-1","max-image-preview":"max-image-preview:large","max-video-preview":"max-video-preview:-1"},"canonical":"https:\/\/dispotech.ch\/de\/prodotto\/tunika-smart-unisex-kurze-armel\/","og_locale":"de_DE","og_type":"article","og_title":"Tunika Smart Unisex kurze \u00c4rmel - Dispotech Shop","og_description":"Die Tunika Smart hat eine weiche Linie mit V-Ausschnitt. Erh\u00e4ltlich mit kurzen oder langen \u00c4rmeln, letztere mit Strickb\u00fcndchen. Ausgestattet mit einer Brusttasche und zwei gro\u00dfen Fronttaschen, mit doppelt verst\u00e4rkten N\u00e4hten und Stiftf\u00e4chern auf der rechten Tasche. Die beiden seitlichen Schlitze sorgen f\u00fcr volle Bewegungsfreiheit.  Die Eigenschaften der smart Unisex-Jacke:  Weiche Mikrofaser Kein B\u00fcgeln Antibakteriell 9 brillante Farben Waschbar in Bleichmittel oder bei 90\u00b0","og_url":"https:\/\/dispotech.ch\/de\/prodotto\/tunika-smart-unisex-kurze-armel\/","og_site_name":"Dispotech Shop","article_modified_time":"2024-06-20T07:13:16+00:00","og_image":[{"width":1482,"height":2074,"url":"https:\/\/dispotech.ch\/wp-content\/uploads\/2022\/05\/quick_medical_divisa_professionale_casacca_smart_corta_verde_chirurgico_2_uomo-1.jpg","type":"image\/jpeg"}],"twitter_card":"summary_large_image","schema":{"@context":"https:\/\/schema.org","@graph":[{"@type":"WebPage","@id":"https:\/\/dispotech.ch\/de\/prodotto\/tunika-smart-unisex-kurze-armel\/","url":"https:\/\/dispotech.ch\/de\/prodotto\/tunika-smart-unisex-kurze-armel\/","name":"Tunika Smart Unisex kurze \u00c4rmel - Dispotech Shop","isPartOf":{"@id":"https:\/\/dispotech.ch\/#website"},"primaryImageOfPage":{"@id":"https:\/\/dispotech.ch\/de\/prodotto\/tunika-smart-unisex-kurze-armel\/#primaryimage"},"image":{"@id":"https:\/\/dispotech.ch\/de\/prodotto\/tunika-smart-unisex-kurze-armel\/#primaryimage"},"thumbnailUrl":"https:\/\/dispotech.ch\/wp-content\/uploads\/2022\/05\/quick_medical_divisa_professionale_casacca_smart_corta_verde_chirurgico_2_uomo-1.jpg","datePublished":"2022-05-11T15:17:32+00:00","dateModified":"2024-06-20T07:13:16+00:00","breadcrumb":{"@id":"https:\/\/dispotech.ch\/de\/prodotto\/tunika-smart-unisex-kurze-armel\/#breadcrumb"},"inLanguage":"de","potentialAction":[{"@type":"ReadAction","target":["https:\/\/dispotech.ch\/de\/prodotto\/tunika-smart-unisex-kurze-armel\/"]}]},{"@type":"ImageObject","inLanguage":"de","@id":"https:\/\/dispotech.ch\/de\/prodotto\/tunika-smart-unisex-kurze-armel\/#primaryimage","url":"https:\/\/dispotech.ch\/wp-content\/uploads\/2022\/05\/quick_medical_divisa_professionale_casacca_smart_corta_verde_chirurgico_2_uomo-1.jpg","contentUrl":"https:\/\/dispotech.ch\/wp-content\/uploads\/2022\/05\/quick_medical_divisa_professionale_casacca_smart_corta_verde_chirurgico_2_uomo-1.jpg","width":1482,"height":2074},{"@type":"BreadcrumbList","@id":"https:\/\/dispotech.ch\/de\/prodotto\/tunika-smart-unisex-kurze-armel\/#breadcrumb","itemListElement":[{"@type":"ListItem","position":1,"name":"Home","item":"https:\/\/dispotech.ch\/de\/"},{"@type":"ListItem","position":2,"name":"Shop","item":"https:\/\/dispotech.ch\/de\/shop\/"},{"@type":"ListItem","position":3,"name":"Tunika Smart Unisex kurze \u00c4rmel"}]},{"@type":"WebSite","@id":"https:\/\/dispotech.ch\/#website","url":"https:\/\/dispotech.ch\/","name":"Dispotech Shop","description":"","potentialAction":[{"@type":"SearchAction","target":{"@type":"EntryPoint","urlTemplate":"https:\/\/dispotech.ch\/?s={search_term_string}"},"query-input":{"@type":"PropertyValueSpecification","valueRequired":true,"valueName":"search_term_string"}}],"inLanguage":"de"}]}},"_links":{"self":[{"href":"https:\/\/dispotech.ch\/de\/wp-json\/wp\/v2\/product\/24262","targetHints":{"allow":["GET"]}}],"collection":[{"href":"https:\/\/dispotech.ch\/de\/wp-json\/wp\/v2\/product"}],"about":[{"href":"https:\/\/dispotech.ch\/de\/wp-json\/wp\/v2\/types\/product"}],"replies":[{"embeddable":true,"href":"https:\/\/dispotech.ch\/de\/wp-json\/wp\/v2\/comments?post=24262"}],"wp:featuredmedia":[{"embeddable":true,"href":"https:\/\/dispotech.ch\/de\/wp-json\/wp\/v2\/media\/24910"}],"wp:attachment":[{"href":"https:\/\/dispotech.ch\/de\/wp-json\/wp\/v2\/media?parent=24262"}],"wp:term":[{"taxonomy":"product_brand","embeddable":true,"href":"https:\/\/dispotech.ch\/de\/wp-json\/wp\/v2\/product_brand?post=24262"},{"taxonomy":"product_cat","embeddable":true,"href":"https:\/\/dispotech.ch\/de\/wp-json\/wp\/v2\/product_cat?post=24262"},{"taxonomy":"product_tag","embeddable":true,"href":"https:\/\/dispotech.ch\/de\/wp-json\/wp\/v2\/product_tag?post=24262"}],"curies":[{"name":"wp","href":"https:\/\/api.w.org\/{rel}","templated":true}]}}