{"id":24698,"date":"2022-05-12T05:53:16","date_gmt":"2022-05-12T03:53:16","guid":{"rendered":"https:\/\/shop.dispotech.ch\/prodotto\/next-tunika\/"},"modified":"2022-06-22T07:25:15","modified_gmt":"2022-06-22T05:25:15","slug":"next-tunika","status":"publish","type":"product","link":"https:\/\/dispotech.ch\/de\/prodotto\/next-tunika\/","title":{"rendered":"Next-Tunika"},"content":{"rendered":"","protected":false},"excerpt":{"rendered":"<p>Die Next-Tunika hat eine gerade Linie, einen hohen Kragen und einen durchgehenden umgekehrten Doppelschieber-Rei\u00dfverschluss (f\u00fcr maximalen Komfort auch im Sitzen).<\/p>\n<p>Ausgestattet mit einer Brusttasche und zwei gro\u00dfen Fronttaschen, mit doppelt verst\u00e4rkten N\u00e4hten und Stiftf\u00e4chern auf der rechten Tasche.<br \/>\nDie beiden seitlichen Schlitze sorgen f\u00fcr volle Bewegungsfreiheit.<\/p>\n<p>Das Produkt ist kurz\u00e4rmlig in 9 leuchtenden Farben.<\/p>\n<p>Weiche Mikrofaser<br \/>\nKein B\u00fcgeln<br \/>\nAntibakteriell<br \/>\nWaschbar in Bleichmittel oder bei 90\u00b0<\/p>\n<p><img loading=\"lazy\" decoding=\"async\" src=\"https:\/\/dispotech.ch\/wp-content\/uploads\/2022\/05\/Immagine-2022-06-22-071947.png\" alt=\"\" width=\"334\" height=\"205\" class=\"alignnone size-full wp-image-24903\" srcset=\"https:\/\/dispotech.ch\/wp-content\/uploads\/2022\/05\/Immagine-2022-06-22-071947.png 334w, https:\/\/dispotech.ch\/wp-content\/uploads\/2022\/05\/Immagine-2022-06-22-071947-300x184.png 300w\" sizes=\"auto, (max-width: 334px) 100vw, 334px\" \/><\/p>\n","protected":false},"featured_media":24904,"comment_status":"open","ping_status":"closed","template":"","meta":{"_acf_changed":false},"product_brand":[],"product_cat":[449],"product_tag":[309],"class_list":{"0":"post-24698","1":"product","2":"type-product","3":"status-publish","4":"has-post-thumbnail","6":"product_cat-quick-zahnaerztliche-kleidung","7":"product_tag-dental-de-2","9":"first","10":"instock","11":"taxable","12":"shipping-taxable","13":"purchasable","14":"product-type-variable"},"acf":[],"yoast_head":"<!-- This site is optimized with the Yoast SEO plugin v27.3 - https:\/\/yoast.com\/product\/yoast-seo-wordpress\/ -->\n<title>Next-Tunika - Dispotech Shop<\/title>\n<meta name=\"robots\" content=\"index, follow, max-snippet:-1, max-image-preview:large, max-video-preview:-1\" \/>\n<link rel=\"canonical\" href=\"https:\/\/dispotech.ch\/de\/prodotto\/next-tunika\/\" \/>\n<meta property=\"og:locale\" content=\"de_DE\" \/>\n<meta property=\"og:type\" content=\"article\" \/>\n<meta property=\"og:title\" content=\"Next-Tunika - Dispotech Shop\" \/>\n<meta property=\"og:description\" content=\"Die Next-Tunika hat eine gerade Linie, einen hohen Kragen und einen durchgehenden umgekehrten Doppelschieber-Rei\u00dfverschluss (f\u00fcr maximalen Komfort auch im Sitzen).  Ausgestattet mit einer Brusttasche und zwei gro\u00dfen Fronttaschen, mit doppelt verst\u00e4rkten N\u00e4hten und Stiftf\u00e4chern auf der rechten Tasche. Die beiden seitlichen Schlitze sorgen f\u00fcr volle Bewegungsfreiheit.  Das Produkt ist kurz\u00e4rmlig in 9 leuchtenden Farben.  Weiche Mikrofaser Kein B\u00fcgeln Antibakteriell Waschbar in Bleichmittel oder bei 90\u00b0\" \/>\n<meta property=\"og:url\" content=\"https:\/\/dispotech.ch\/de\/prodotto\/next-tunika\/\" \/>\n<meta property=\"og:site_name\" content=\"Dispotech Shop\" \/>\n<meta property=\"article:modified_time\" content=\"2022-06-22T05:25:15+00:00\" \/>\n<meta property=\"og:image\" content=\"https:\/\/dispotech.ch\/wp-content\/uploads\/2022\/05\/quick_medical_divisa_professionale_casacca_next_zip_corta_viola_2_donna-800x1120-1.jpg\" \/>\n\t<meta property=\"og:image:width\" content=\"800\" \/>\n\t<meta property=\"og:image:height\" content=\"1120\" \/>\n\t<meta property=\"og:image:type\" content=\"image\/jpeg\" \/>\n<meta name=\"twitter:card\" content=\"summary_large_image\" \/>\n<script type=\"application\/ld+json\" class=\"yoast-schema-graph\">{\"@context\":\"https:\\\/\\\/schema.org\",\"@graph\":[{\"@type\":\"WebPage\",\"@id\":\"https:\\\/\\\/dispotech.ch\\\/de\\\/prodotto\\\/next-tunika\\\/\",\"url\":\"https:\\\/\\\/dispotech.ch\\\/de\\\/prodotto\\\/next-tunika\\\/\",\"name\":\"Next-Tunika - Dispotech Shop\",\"isPartOf\":{\"@id\":\"https:\\\/\\\/dispotech.ch\\\/#website\"},\"primaryImageOfPage\":{\"@id\":\"https:\\\/\\\/dispotech.ch\\\/de\\\/prodotto\\\/next-tunika\\\/#primaryimage\"},\"image\":{\"@id\":\"https:\\\/\\\/dispotech.ch\\\/de\\\/prodotto\\\/next-tunika\\\/#primaryimage\"},\"thumbnailUrl\":\"https:\\\/\\\/dispotech.ch\\\/wp-content\\\/uploads\\\/2022\\\/05\\\/quick_medical_divisa_professionale_casacca_next_zip_corta_viola_2_donna-800x1120-1.jpg\",\"datePublished\":\"2022-05-12T03:53:16+00:00\",\"dateModified\":\"2022-06-22T05:25:15+00:00\",\"breadcrumb\":{\"@id\":\"https:\\\/\\\/dispotech.ch\\\/de\\\/prodotto\\\/next-tunika\\\/#breadcrumb\"},\"inLanguage\":\"de\",\"potentialAction\":[{\"@type\":\"ReadAction\",\"target\":[\"https:\\\/\\\/dispotech.ch\\\/de\\\/prodotto\\\/next-tunika\\\/\"]}]},{\"@type\":\"ImageObject\",\"inLanguage\":\"de\",\"@id\":\"https:\\\/\\\/dispotech.ch\\\/de\\\/prodotto\\\/next-tunika\\\/#primaryimage\",\"url\":\"https:\\\/\\\/dispotech.ch\\\/wp-content\\\/uploads\\\/2022\\\/05\\\/quick_medical_divisa_professionale_casacca_next_zip_corta_viola_2_donna-800x1120-1.jpg\",\"contentUrl\":\"https:\\\/\\\/dispotech.ch\\\/wp-content\\\/uploads\\\/2022\\\/05\\\/quick_medical_divisa_professionale_casacca_next_zip_corta_viola_2_donna-800x1120-1.jpg\",\"width\":800,\"height\":1120},{\"@type\":\"BreadcrumbList\",\"@id\":\"https:\\\/\\\/dispotech.ch\\\/de\\\/prodotto\\\/next-tunika\\\/#breadcrumb\",\"itemListElement\":[{\"@type\":\"ListItem\",\"position\":1,\"name\":\"Home\",\"item\":\"https:\\\/\\\/dispotech.ch\\\/de\\\/\"},{\"@type\":\"ListItem\",\"position\":2,\"name\":\"Shop\",\"item\":\"https:\\\/\\\/dispotech.ch\\\/de\\\/shop\\\/\"},{\"@type\":\"ListItem\",\"position\":3,\"name\":\"Next-Tunika\"}]},{\"@type\":\"WebSite\",\"@id\":\"https:\\\/\\\/dispotech.ch\\\/#website\",\"url\":\"https:\\\/\\\/dispotech.ch\\\/\",\"name\":\"Dispotech Shop\",\"description\":\"\",\"potentialAction\":[{\"@type\":\"SearchAction\",\"target\":{\"@type\":\"EntryPoint\",\"urlTemplate\":\"https:\\\/\\\/dispotech.ch\\\/?s={search_term_string}\"},\"query-input\":{\"@type\":\"PropertyValueSpecification\",\"valueRequired\":true,\"valueName\":\"search_term_string\"}}],\"inLanguage\":\"de\"}]}<\/script>\n<!-- \/ Yoast SEO plugin. -->","yoast_head_json":{"title":"Next-Tunika - Dispotech Shop","robots":{"index":"index","follow":"follow","max-snippet":"max-snippet:-1","max-image-preview":"max-image-preview:large","max-video-preview":"max-video-preview:-1"},"canonical":"https:\/\/dispotech.ch\/de\/prodotto\/next-tunika\/","og_locale":"de_DE","og_type":"article","og_title":"Next-Tunika - Dispotech Shop","og_description":"Die Next-Tunika hat eine gerade Linie, einen hohen Kragen und einen durchgehenden umgekehrten Doppelschieber-Rei\u00dfverschluss (f\u00fcr maximalen Komfort auch im Sitzen).  Ausgestattet mit einer Brusttasche und zwei gro\u00dfen Fronttaschen, mit doppelt verst\u00e4rkten N\u00e4hten und Stiftf\u00e4chern auf der rechten Tasche. Die beiden seitlichen Schlitze sorgen f\u00fcr volle Bewegungsfreiheit.  Das Produkt ist kurz\u00e4rmlig in 9 leuchtenden Farben.  Weiche Mikrofaser Kein B\u00fcgeln Antibakteriell Waschbar in Bleichmittel oder bei 90\u00b0","og_url":"https:\/\/dispotech.ch\/de\/prodotto\/next-tunika\/","og_site_name":"Dispotech Shop","article_modified_time":"2022-06-22T05:25:15+00:00","og_image":[{"width":800,"height":1120,"url":"https:\/\/dispotech.ch\/wp-content\/uploads\/2022\/05\/quick_medical_divisa_professionale_casacca_next_zip_corta_viola_2_donna-800x1120-1.jpg","type":"image\/jpeg"}],"twitter_card":"summary_large_image","schema":{"@context":"https:\/\/schema.org","@graph":[{"@type":"WebPage","@id":"https:\/\/dispotech.ch\/de\/prodotto\/next-tunika\/","url":"https:\/\/dispotech.ch\/de\/prodotto\/next-tunika\/","name":"Next-Tunika - Dispotech Shop","isPartOf":{"@id":"https:\/\/dispotech.ch\/#website"},"primaryImageOfPage":{"@id":"https:\/\/dispotech.ch\/de\/prodotto\/next-tunika\/#primaryimage"},"image":{"@id":"https:\/\/dispotech.ch\/de\/prodotto\/next-tunika\/#primaryimage"},"thumbnailUrl":"https:\/\/dispotech.ch\/wp-content\/uploads\/2022\/05\/quick_medical_divisa_professionale_casacca_next_zip_corta_viola_2_donna-800x1120-1.jpg","datePublished":"2022-05-12T03:53:16+00:00","dateModified":"2022-06-22T05:25:15+00:00","breadcrumb":{"@id":"https:\/\/dispotech.ch\/de\/prodotto\/next-tunika\/#breadcrumb"},"inLanguage":"de","potentialAction":[{"@type":"ReadAction","target":["https:\/\/dispotech.ch\/de\/prodotto\/next-tunika\/"]}]},{"@type":"ImageObject","inLanguage":"de","@id":"https:\/\/dispotech.ch\/de\/prodotto\/next-tunika\/#primaryimage","url":"https:\/\/dispotech.ch\/wp-content\/uploads\/2022\/05\/quick_medical_divisa_professionale_casacca_next_zip_corta_viola_2_donna-800x1120-1.jpg","contentUrl":"https:\/\/dispotech.ch\/wp-content\/uploads\/2022\/05\/quick_medical_divisa_professionale_casacca_next_zip_corta_viola_2_donna-800x1120-1.jpg","width":800,"height":1120},{"@type":"BreadcrumbList","@id":"https:\/\/dispotech.ch\/de\/prodotto\/next-tunika\/#breadcrumb","itemListElement":[{"@type":"ListItem","position":1,"name":"Home","item":"https:\/\/dispotech.ch\/de\/"},{"@type":"ListItem","position":2,"name":"Shop","item":"https:\/\/dispotech.ch\/de\/shop\/"},{"@type":"ListItem","position":3,"name":"Next-Tunika"}]},{"@type":"WebSite","@id":"https:\/\/dispotech.ch\/#website","url":"https:\/\/dispotech.ch\/","name":"Dispotech Shop","description":"","potentialAction":[{"@type":"SearchAction","target":{"@type":"EntryPoint","urlTemplate":"https:\/\/dispotech.ch\/?s={search_term_string}"},"query-input":{"@type":"PropertyValueSpecification","valueRequired":true,"valueName":"search_term_string"}}],"inLanguage":"de"}]}},"_links":{"self":[{"href":"https:\/\/dispotech.ch\/de\/wp-json\/wp\/v2\/product\/24698","targetHints":{"allow":["GET"]}}],"collection":[{"href":"https:\/\/dispotech.ch\/de\/wp-json\/wp\/v2\/product"}],"about":[{"href":"https:\/\/dispotech.ch\/de\/wp-json\/wp\/v2\/types\/product"}],"replies":[{"embeddable":true,"href":"https:\/\/dispotech.ch\/de\/wp-json\/wp\/v2\/comments?post=24698"}],"wp:featuredmedia":[{"embeddable":true,"href":"https:\/\/dispotech.ch\/de\/wp-json\/wp\/v2\/media\/24904"}],"wp:attachment":[{"href":"https:\/\/dispotech.ch\/de\/wp-json\/wp\/v2\/media?parent=24698"}],"wp:term":[{"taxonomy":"product_brand","embeddable":true,"href":"https:\/\/dispotech.ch\/de\/wp-json\/wp\/v2\/product_brand?post=24698"},{"taxonomy":"product_cat","embeddable":true,"href":"https:\/\/dispotech.ch\/de\/wp-json\/wp\/v2\/product_cat?post=24698"},{"taxonomy":"product_tag","embeddable":true,"href":"https:\/\/dispotech.ch\/de\/wp-json\/wp\/v2\/product_tag?post=24698"}],"curies":[{"name":"wp","href":"https:\/\/api.w.org\/{rel}","templated":true}]}}