{"id":25581,"date":"2023-10-06T09:16:14","date_gmt":"2023-10-06T07:16:18","guid":{"rendered":"https:\/\/dispotech.ch\/?post_type=product&#038;p=25581"},"modified":"2023-10-06T10:05:30","modified_gmt":"2023-10-06T08:05:30","slug":"neue-okologische-zahnarztservietten","status":"publish","type":"product","link":"https:\/\/dispotech.ch\/de\/prodotto\/neue-okologische-zahnarztservietten\/","title":{"rendered":"Neue \u00f6kologische Zahnarztservietten"},"content":{"rendered":"","protected":false},"excerpt":{"rendered":"<p>Patientenumh\u00e4nge werden in einem zwei-lagigen Verfahren hergestellt: die Front besteht aus hochabsorbierender Premiumzellulose, w\u00e4hrend die R\u00fcckseite aus wasserundurchl\u00e4ssigem Polyethylen (PP) gefertigt wird.<br \/>\nDiese Sch\u00fcrzen werden mit 42 % weniger Plastik hergestellt als normale Sch\u00fcrzen und behalten dabei die gleichen Eigenschaften bei.<br \/>\n<strong>50&#215;60 Zentimeter 80 Tr\u00e4nen.<\/strong><\/p>\n","protected":false},"featured_media":25615,"comment_status":"open","ping_status":"closed","template":"","meta":{"_acf_changed":false},"product_brand":[],"product_cat":[289],"product_tag":[],"class_list":{"0":"post-25581","1":"product","2":"type-product","3":"status-publish","4":"has-post-thumbnail","6":"product_cat-dental-de-2","8":"first","9":"instock","10":"taxable","11":"shipping-taxable","12":"purchasable","13":"product-type-variable"},"acf":[],"yoast_head":"<!-- This site is optimized with the Yoast SEO plugin v27.3 - https:\/\/yoast.com\/product\/yoast-seo-wordpress\/ -->\n<title>Neue \u00f6kologische Zahnarztservietten - Dispotech Shop<\/title>\n<meta name=\"robots\" content=\"index, follow, max-snippet:-1, max-image-preview:large, max-video-preview:-1\" \/>\n<link rel=\"canonical\" href=\"https:\/\/dispotech.ch\/de\/prodotto\/neue-okologische-zahnarztservietten\/\" \/>\n<meta property=\"og:locale\" content=\"de_DE\" \/>\n<meta property=\"og:type\" content=\"article\" \/>\n<meta property=\"og:title\" content=\"Neue \u00f6kologische Zahnarztservietten - Dispotech Shop\" \/>\n<meta property=\"og:description\" content=\"Patientenumh\u00e4nge werden in einem zwei-lagigen Verfahren hergestellt: die Front besteht aus hochabsorbierender Premiumzellulose, w\u00e4hrend die R\u00fcckseite aus wasserundurchl\u00e4ssigem Polyethylen (PP) gefertigt wird. Diese Sch\u00fcrzen werden mit 42 % weniger Plastik hergestellt als normale Sch\u00fcrzen und behalten dabei die gleichen Eigenschaften bei. 50x60 Zentimeter 80 Tr\u00e4nen.\" \/>\n<meta property=\"og:url\" content=\"https:\/\/dispotech.ch\/de\/prodotto\/neue-okologische-zahnarztservietten\/\" \/>\n<meta property=\"og:site_name\" content=\"Dispotech Shop\" \/>\n<meta property=\"article:modified_time\" content=\"2023-10-06T08:05:30+00:00\" \/>\n<meta property=\"og:image\" content=\"https:\/\/dispotech.ch\/wp-content\/uploads\/2023\/10\/Mantellina-eco-01-2-scaled.jpg\" \/>\n\t<meta property=\"og:image:width\" content=\"2560\" \/>\n\t<meta property=\"og:image:height\" content=\"1920\" \/>\n\t<meta property=\"og:image:type\" content=\"image\/jpeg\" \/>\n<meta name=\"twitter:card\" content=\"summary_large_image\" \/>\n<script type=\"application\/ld+json\" class=\"yoast-schema-graph\">{\"@context\":\"https:\\\/\\\/schema.org\",\"@graph\":[{\"@type\":\"WebPage\",\"@id\":\"https:\\\/\\\/dispotech.ch\\\/de\\\/prodotto\\\/neue-okologische-zahnarztservietten\\\/\",\"url\":\"https:\\\/\\\/dispotech.ch\\\/de\\\/prodotto\\\/neue-okologische-zahnarztservietten\\\/\",\"name\":\"Neue \u00f6kologische Zahnarztservietten - Dispotech Shop\",\"isPartOf\":{\"@id\":\"https:\\\/\\\/dispotech.ch\\\/#website\"},\"primaryImageOfPage\":{\"@id\":\"https:\\\/\\\/dispotech.ch\\\/de\\\/prodotto\\\/neue-okologische-zahnarztservietten\\\/#primaryimage\"},\"image\":{\"@id\":\"https:\\\/\\\/dispotech.ch\\\/de\\\/prodotto\\\/neue-okologische-zahnarztservietten\\\/#primaryimage\"},\"thumbnailUrl\":\"https:\\\/\\\/dispotech.ch\\\/wp-content\\\/uploads\\\/2023\\\/10\\\/Mantellina-eco-01-2-scaled.jpg\",\"datePublished\":\"2023-10-06T07:16:18+00:00\",\"dateModified\":\"2023-10-06T08:05:30+00:00\",\"breadcrumb\":{\"@id\":\"https:\\\/\\\/dispotech.ch\\\/de\\\/prodotto\\\/neue-okologische-zahnarztservietten\\\/#breadcrumb\"},\"inLanguage\":\"de\",\"potentialAction\":[{\"@type\":\"ReadAction\",\"target\":[\"https:\\\/\\\/dispotech.ch\\\/de\\\/prodotto\\\/neue-okologische-zahnarztservietten\\\/\"]}]},{\"@type\":\"ImageObject\",\"inLanguage\":\"de\",\"@id\":\"https:\\\/\\\/dispotech.ch\\\/de\\\/prodotto\\\/neue-okologische-zahnarztservietten\\\/#primaryimage\",\"url\":\"https:\\\/\\\/dispotech.ch\\\/wp-content\\\/uploads\\\/2023\\\/10\\\/Mantellina-eco-01-2-scaled.jpg\",\"contentUrl\":\"https:\\\/\\\/dispotech.ch\\\/wp-content\\\/uploads\\\/2023\\\/10\\\/Mantellina-eco-01-2-scaled.jpg\",\"width\":2560,\"height\":1920},{\"@type\":\"BreadcrumbList\",\"@id\":\"https:\\\/\\\/dispotech.ch\\\/de\\\/prodotto\\\/neue-okologische-zahnarztservietten\\\/#breadcrumb\",\"itemListElement\":[{\"@type\":\"ListItem\",\"position\":1,\"name\":\"Home\",\"item\":\"https:\\\/\\\/dispotech.ch\\\/de\\\/\"},{\"@type\":\"ListItem\",\"position\":2,\"name\":\"Shop\",\"item\":\"https:\\\/\\\/dispotech.ch\\\/de\\\/shop\\\/\"},{\"@type\":\"ListItem\",\"position\":3,\"name\":\"Neue \u00f6kologische Zahnarztservietten\"}]},{\"@type\":\"WebSite\",\"@id\":\"https:\\\/\\\/dispotech.ch\\\/#website\",\"url\":\"https:\\\/\\\/dispotech.ch\\\/\",\"name\":\"Dispotech Shop\",\"description\":\"\",\"potentialAction\":[{\"@type\":\"SearchAction\",\"target\":{\"@type\":\"EntryPoint\",\"urlTemplate\":\"https:\\\/\\\/dispotech.ch\\\/?s={search_term_string}\"},\"query-input\":{\"@type\":\"PropertyValueSpecification\",\"valueRequired\":true,\"valueName\":\"search_term_string\"}}],\"inLanguage\":\"de\"}]}<\/script>\n<!-- \/ Yoast SEO plugin. -->","yoast_head_json":{"title":"Neue \u00f6kologische Zahnarztservietten - Dispotech Shop","robots":{"index":"index","follow":"follow","max-snippet":"max-snippet:-1","max-image-preview":"max-image-preview:large","max-video-preview":"max-video-preview:-1"},"canonical":"https:\/\/dispotech.ch\/de\/prodotto\/neue-okologische-zahnarztservietten\/","og_locale":"de_DE","og_type":"article","og_title":"Neue \u00f6kologische Zahnarztservietten - Dispotech Shop","og_description":"Patientenumh\u00e4nge werden in einem zwei-lagigen Verfahren hergestellt: die Front besteht aus hochabsorbierender Premiumzellulose, w\u00e4hrend die R\u00fcckseite aus wasserundurchl\u00e4ssigem Polyethylen (PP) gefertigt wird. Diese Sch\u00fcrzen werden mit 42 % weniger Plastik hergestellt als normale Sch\u00fcrzen und behalten dabei die gleichen Eigenschaften bei. 50x60 Zentimeter 80 Tr\u00e4nen.","og_url":"https:\/\/dispotech.ch\/de\/prodotto\/neue-okologische-zahnarztservietten\/","og_site_name":"Dispotech Shop","article_modified_time":"2023-10-06T08:05:30+00:00","og_image":[{"width":2560,"height":1920,"url":"https:\/\/dispotech.ch\/wp-content\/uploads\/2023\/10\/Mantellina-eco-01-2-scaled.jpg","type":"image\/jpeg"}],"twitter_card":"summary_large_image","schema":{"@context":"https:\/\/schema.org","@graph":[{"@type":"WebPage","@id":"https:\/\/dispotech.ch\/de\/prodotto\/neue-okologische-zahnarztservietten\/","url":"https:\/\/dispotech.ch\/de\/prodotto\/neue-okologische-zahnarztservietten\/","name":"Neue \u00f6kologische Zahnarztservietten - Dispotech Shop","isPartOf":{"@id":"https:\/\/dispotech.ch\/#website"},"primaryImageOfPage":{"@id":"https:\/\/dispotech.ch\/de\/prodotto\/neue-okologische-zahnarztservietten\/#primaryimage"},"image":{"@id":"https:\/\/dispotech.ch\/de\/prodotto\/neue-okologische-zahnarztservietten\/#primaryimage"},"thumbnailUrl":"https:\/\/dispotech.ch\/wp-content\/uploads\/2023\/10\/Mantellina-eco-01-2-scaled.jpg","datePublished":"2023-10-06T07:16:18+00:00","dateModified":"2023-10-06T08:05:30+00:00","breadcrumb":{"@id":"https:\/\/dispotech.ch\/de\/prodotto\/neue-okologische-zahnarztservietten\/#breadcrumb"},"inLanguage":"de","potentialAction":[{"@type":"ReadAction","target":["https:\/\/dispotech.ch\/de\/prodotto\/neue-okologische-zahnarztservietten\/"]}]},{"@type":"ImageObject","inLanguage":"de","@id":"https:\/\/dispotech.ch\/de\/prodotto\/neue-okologische-zahnarztservietten\/#primaryimage","url":"https:\/\/dispotech.ch\/wp-content\/uploads\/2023\/10\/Mantellina-eco-01-2-scaled.jpg","contentUrl":"https:\/\/dispotech.ch\/wp-content\/uploads\/2023\/10\/Mantellina-eco-01-2-scaled.jpg","width":2560,"height":1920},{"@type":"BreadcrumbList","@id":"https:\/\/dispotech.ch\/de\/prodotto\/neue-okologische-zahnarztservietten\/#breadcrumb","itemListElement":[{"@type":"ListItem","position":1,"name":"Home","item":"https:\/\/dispotech.ch\/de\/"},{"@type":"ListItem","position":2,"name":"Shop","item":"https:\/\/dispotech.ch\/de\/shop\/"},{"@type":"ListItem","position":3,"name":"Neue \u00f6kologische Zahnarztservietten"}]},{"@type":"WebSite","@id":"https:\/\/dispotech.ch\/#website","url":"https:\/\/dispotech.ch\/","name":"Dispotech Shop","description":"","potentialAction":[{"@type":"SearchAction","target":{"@type":"EntryPoint","urlTemplate":"https:\/\/dispotech.ch\/?s={search_term_string}"},"query-input":{"@type":"PropertyValueSpecification","valueRequired":true,"valueName":"search_term_string"}}],"inLanguage":"de"}]}},"_links":{"self":[{"href":"https:\/\/dispotech.ch\/de\/wp-json\/wp\/v2\/product\/25581","targetHints":{"allow":["GET"]}}],"collection":[{"href":"https:\/\/dispotech.ch\/de\/wp-json\/wp\/v2\/product"}],"about":[{"href":"https:\/\/dispotech.ch\/de\/wp-json\/wp\/v2\/types\/product"}],"replies":[{"embeddable":true,"href":"https:\/\/dispotech.ch\/de\/wp-json\/wp\/v2\/comments?post=25581"}],"wp:featuredmedia":[{"embeddable":true,"href":"https:\/\/dispotech.ch\/de\/wp-json\/wp\/v2\/media\/25615"}],"wp:attachment":[{"href":"https:\/\/dispotech.ch\/de\/wp-json\/wp\/v2\/media?parent=25581"}],"wp:term":[{"taxonomy":"product_brand","embeddable":true,"href":"https:\/\/dispotech.ch\/de\/wp-json\/wp\/v2\/product_brand?post=25581"},{"taxonomy":"product_cat","embeddable":true,"href":"https:\/\/dispotech.ch\/de\/wp-json\/wp\/v2\/product_cat?post=25581"},{"taxonomy":"product_tag","embeddable":true,"href":"https:\/\/dispotech.ch\/de\/wp-json\/wp\/v2\/product_tag?post=25581"}],"curies":[{"name":"wp","href":"https:\/\/api.w.org\/{rel}","templated":true}]}}