{"id":26088,"date":"2024-11-21T15:02:11","date_gmt":"2024-11-21T14:02:17","guid":{"rendered":"https:\/\/dispotech.ch\/?post_type=product&#038;p=26088"},"modified":"2025-05-14T14:30:54","modified_gmt":"2025-05-14T12:30:54","slug":"unisex-bandanas-mit-mustern","status":"publish","type":"product","link":"https:\/\/dispotech.ch\/de\/prodotto\/unisex-bandanas-mit-mustern\/","title":{"rendered":"Unisex-Bandanas mit Mustern"},"content":{"rendered":"<h2><strong>Entdecken Sie unsere ausgefallenen Unisex-Bandanas in Fantasiemustern<\/strong><\/h2>\n<p>Verleihen Sie Ihrem Outfit einen Hauch von Farbe und Pers\u00f6nlichkeit mit unseren ausgefallenen Bandanas.<\/p>\n<p>Unsere Unisex-Bandanas aus hochwertigen Stoffen sind dank der praktischen hinteren B\u00e4nder verstellbar.<\/p>\n<p>Perfekt f\u00fcr das Personal in Zahnarztpraxen und Kliniken, Dentalhygieniker und medizinisches Fachpersonal, <strong>bieten sie Komfort und Stil f\u00fcr den Arbeitsalltag<\/strong>.<\/p>\n<p>Erh\u00e4ltlich in lebhaften Mustern, um Ihrem beruflichen Umfeld einen Hauch von Fr\u00f6hlichkeit zu verleihen.<\/p>\n","protected":false},"excerpt":{"rendered":"<h2><strong>Entdecken Sie unsere ausgefallenen Unisex-Bandanas in Fantasiemustern<\/strong><\/h2>\n<p>Verleihen Sie Ihrem Outfit einen Hauch von Farbe und Pers\u00f6nlichkeit mit unseren ausgefallenen Bandanas.<\/p>\n<p>Unsere Unisex-Bandanas aus hochwertigen Stoffen sind dank der praktischen hinteren B\u00e4nder verstellbar.<\/p>\n<p>Perfekt f\u00fcr das Personal in Zahnarztpraxen und Kliniken, Dentalhygieniker und medizinisches Fachpersonal, <strong>bieten sie Komfort und Stil f\u00fcr den Arbeitsalltag<\/strong>.<\/p>\n<p>Erh\u00e4ltlich in lebhaften Mustern, um Ihrem beruflichen Umfeld einen Hauch von Fr\u00f6hlichkeit zu verleihen.<\/p>\n<div class=\"flex max-w-full flex-col flex-grow\">\n<div class=\"min-h-8 text-message flex w-full flex-col items-end gap-2 whitespace-normal break-words [.text-message+&amp;]:mt-5\" dir=\"auto\" data-message-author-role=\"assistant\" data-message-id=\"8591fb24-032c-4a01-b18d-592ab147930a\" data-message-model-slug=\"gpt-4o\">\n<div class=\"flex w-full flex-col gap-1 empty:hidden first:pt-[3px]\">\n<div class=\"markdown prose w-full break-words dark:prose-invert light\">\n<h3>Die Eigenschaften der Unisex-Bandanas in Fantasiemustern<\/h3>\n<\/div>\n<\/div>\n<\/div>\n<\/div>\n<div class=\"mb-2 flex gap-3 empty:hidden -ml-2\">\n<div class=\"items-center justify-start rounded-xl p-1 flex\">\n<div class=\"flex items-center\">\n<ul>\n<li class=\"flex items-center pb-0\">Kein B\u00fcgeln<\/li>\n<li class=\"flex items-center pb-0\">Antibakteriell<\/li>\n<li class=\"flex items-center pb-0\">15 verschiedene Muster<\/li>\n<\/ul>\n<\/div>\n<\/div>\n<\/div>\n<p>&nbsp;<\/p>\n","protected":false},"featured_media":26149,"comment_status":"open","ping_status":"closed","template":"","meta":{"_acf_changed":false},"product_brand":[],"product_cat":[449],"product_tag":[504,503,480],"class_list":{"0":"post-26088","1":"product","2":"type-product","3":"status-publish","4":"has-post-thumbnail","6":"product_cat-quick-zahnaerztliche-kleidung","7":"product_tag-bandanas-mit-mustern","8":"product_tag-bandanas-unisex","9":"product_tag-dental-bandana-de","11":"first","12":"instock","13":"taxable","14":"shipping-taxable","15":"purchasable","16":"product-type-variable"},"acf":[],"yoast_head":"<!-- This site is optimized with the Yoast SEO plugin v27.3 - https:\/\/yoast.com\/product\/yoast-seo-wordpress\/ -->\n<title>Unisex-Bandanas mit Mustern f\u00fcr Dentalhygieniker, Zahn\u00e4rzte und \u00c4rzte | Dispotech<\/title>\n<meta name=\"description\" content=\"Unisex-Bandanas mit Mustern: Berufskleidung f\u00fcr Zahnarztpraxen, ideal f\u00fcr Dentalhygieniker und medizinisches Fachpersonal. Entdecken Sie die Muster, kaufen Sie sie jetzt!\" \/>\n<meta name=\"robots\" content=\"index, follow, max-snippet:-1, max-image-preview:large, max-video-preview:-1\" \/>\n<link rel=\"canonical\" href=\"https:\/\/dispotech.ch\/de\/prodotto\/unisex-bandanas-mit-mustern\/\" \/>\n<meta property=\"og:locale\" content=\"de_DE\" \/>\n<meta property=\"og:type\" content=\"article\" \/>\n<meta property=\"og:title\" content=\"Unisex-Bandanas mit Mustern f\u00fcr Dentalhygieniker, Zahn\u00e4rzte und \u00c4rzte | Dispotech\" \/>\n<meta property=\"og:description\" content=\"Unisex-Bandanas mit Mustern: Berufskleidung f\u00fcr Zahnarztpraxen, ideal f\u00fcr Dentalhygieniker und medizinisches Fachpersonal. Entdecken Sie die Muster, kaufen Sie sie jetzt!\" \/>\n<meta property=\"og:url\" content=\"https:\/\/dispotech.ch\/de\/prodotto\/unisex-bandanas-mit-mustern\/\" \/>\n<meta property=\"og:site_name\" content=\"Dispotech Shop\" \/>\n<meta property=\"article:modified_time\" content=\"2025-05-14T12:30:54+00:00\" \/>\n<meta property=\"og:image\" content=\"https:\/\/dispotech.ch\/wp-content\/uploads\/2024\/11\/Bandana_Fantasia_Unisex_02_Paws.jpg\" \/>\n\t<meta property=\"og:image:width\" content=\"600\" \/>\n\t<meta property=\"og:image:height\" content=\"900\" \/>\n\t<meta property=\"og:image:type\" content=\"image\/jpeg\" \/>\n<meta name=\"twitter:card\" content=\"summary_large_image\" \/>\n<meta name=\"twitter:label1\" content=\"Gesch\u00e4tzte Lesezeit\" \/>\n\t<meta name=\"twitter:data1\" content=\"1\u00a0Minute\" \/>\n<script type=\"application\/ld+json\" class=\"yoast-schema-graph\">{\"@context\":\"https:\\\/\\\/schema.org\",\"@graph\":[{\"@type\":\"WebPage\",\"@id\":\"https:\\\/\\\/dispotech.ch\\\/de\\\/prodotto\\\/unisex-bandanas-mit-mustern\\\/\",\"url\":\"https:\\\/\\\/dispotech.ch\\\/de\\\/prodotto\\\/unisex-bandanas-mit-mustern\\\/\",\"name\":\"Unisex-Bandanas mit Mustern f\u00fcr Dentalhygieniker, Zahn\u00e4rzte und \u00c4rzte | Dispotech\",\"isPartOf\":{\"@id\":\"https:\\\/\\\/dispotech.ch\\\/#website\"},\"primaryImageOfPage\":{\"@id\":\"https:\\\/\\\/dispotech.ch\\\/de\\\/prodotto\\\/unisex-bandanas-mit-mustern\\\/#primaryimage\"},\"image\":{\"@id\":\"https:\\\/\\\/dispotech.ch\\\/de\\\/prodotto\\\/unisex-bandanas-mit-mustern\\\/#primaryimage\"},\"thumbnailUrl\":\"https:\\\/\\\/dispotech.ch\\\/wp-content\\\/uploads\\\/2024\\\/11\\\/Bandana_Fantasia_Unisex_02_Paws.jpg\",\"datePublished\":\"2024-11-21T14:02:17+00:00\",\"dateModified\":\"2025-05-14T12:30:54+00:00\",\"description\":\"Unisex-Bandanas mit Mustern: Berufskleidung f\u00fcr Zahnarztpraxen, ideal f\u00fcr Dentalhygieniker und medizinisches Fachpersonal. Entdecken Sie die Muster, kaufen Sie sie jetzt!\",\"breadcrumb\":{\"@id\":\"https:\\\/\\\/dispotech.ch\\\/de\\\/prodotto\\\/unisex-bandanas-mit-mustern\\\/#breadcrumb\"},\"inLanguage\":\"de\",\"potentialAction\":[{\"@type\":\"ReadAction\",\"target\":[\"https:\\\/\\\/dispotech.ch\\\/de\\\/prodotto\\\/unisex-bandanas-mit-mustern\\\/\"]}]},{\"@type\":\"ImageObject\",\"inLanguage\":\"de\",\"@id\":\"https:\\\/\\\/dispotech.ch\\\/de\\\/prodotto\\\/unisex-bandanas-mit-mustern\\\/#primaryimage\",\"url\":\"https:\\\/\\\/dispotech.ch\\\/wp-content\\\/uploads\\\/2024\\\/11\\\/Bandana_Fantasia_Unisex_02_Paws.jpg\",\"contentUrl\":\"https:\\\/\\\/dispotech.ch\\\/wp-content\\\/uploads\\\/2024\\\/11\\\/Bandana_Fantasia_Unisex_02_Paws.jpg\",\"width\":600,\"height\":900,\"caption\":\"Bandanas Mit Mustern Unisex Pfoten\"},{\"@type\":\"BreadcrumbList\",\"@id\":\"https:\\\/\\\/dispotech.ch\\\/de\\\/prodotto\\\/unisex-bandanas-mit-mustern\\\/#breadcrumb\",\"itemListElement\":[{\"@type\":\"ListItem\",\"position\":1,\"name\":\"Home\",\"item\":\"https:\\\/\\\/dispotech.ch\\\/de\\\/\"},{\"@type\":\"ListItem\",\"position\":2,\"name\":\"Shop\",\"item\":\"https:\\\/\\\/dispotech.ch\\\/de\\\/shop\\\/\"},{\"@type\":\"ListItem\",\"position\":3,\"name\":\"Unisex-Bandanas mit Mustern\"}]},{\"@type\":\"WebSite\",\"@id\":\"https:\\\/\\\/dispotech.ch\\\/#website\",\"url\":\"https:\\\/\\\/dispotech.ch\\\/\",\"name\":\"Dispotech Shop\",\"description\":\"\",\"potentialAction\":[{\"@type\":\"SearchAction\",\"target\":{\"@type\":\"EntryPoint\",\"urlTemplate\":\"https:\\\/\\\/dispotech.ch\\\/?s={search_term_string}\"},\"query-input\":{\"@type\":\"PropertyValueSpecification\",\"valueRequired\":true,\"valueName\":\"search_term_string\"}}],\"inLanguage\":\"de\"}]}<\/script>\n<!-- \/ Yoast SEO plugin. -->","yoast_head_json":{"title":"Unisex-Bandanas mit Mustern f\u00fcr Dentalhygieniker, Zahn\u00e4rzte und \u00c4rzte | Dispotech","description":"Unisex-Bandanas mit Mustern: Berufskleidung f\u00fcr Zahnarztpraxen, ideal f\u00fcr Dentalhygieniker und medizinisches Fachpersonal. Entdecken Sie die Muster, kaufen Sie sie jetzt!","robots":{"index":"index","follow":"follow","max-snippet":"max-snippet:-1","max-image-preview":"max-image-preview:large","max-video-preview":"max-video-preview:-1"},"canonical":"https:\/\/dispotech.ch\/de\/prodotto\/unisex-bandanas-mit-mustern\/","og_locale":"de_DE","og_type":"article","og_title":"Unisex-Bandanas mit Mustern f\u00fcr Dentalhygieniker, Zahn\u00e4rzte und \u00c4rzte | Dispotech","og_description":"Unisex-Bandanas mit Mustern: Berufskleidung f\u00fcr Zahnarztpraxen, ideal f\u00fcr Dentalhygieniker und medizinisches Fachpersonal. Entdecken Sie die Muster, kaufen Sie sie jetzt!","og_url":"https:\/\/dispotech.ch\/de\/prodotto\/unisex-bandanas-mit-mustern\/","og_site_name":"Dispotech Shop","article_modified_time":"2025-05-14T12:30:54+00:00","og_image":[{"width":600,"height":900,"url":"https:\/\/dispotech.ch\/wp-content\/uploads\/2024\/11\/Bandana_Fantasia_Unisex_02_Paws.jpg","type":"image\/jpeg"}],"twitter_card":"summary_large_image","twitter_misc":{"Gesch\u00e4tzte Lesezeit":"1\u00a0Minute"},"schema":{"@context":"https:\/\/schema.org","@graph":[{"@type":"WebPage","@id":"https:\/\/dispotech.ch\/de\/prodotto\/unisex-bandanas-mit-mustern\/","url":"https:\/\/dispotech.ch\/de\/prodotto\/unisex-bandanas-mit-mustern\/","name":"Unisex-Bandanas mit Mustern f\u00fcr Dentalhygieniker, Zahn\u00e4rzte und \u00c4rzte | Dispotech","isPartOf":{"@id":"https:\/\/dispotech.ch\/#website"},"primaryImageOfPage":{"@id":"https:\/\/dispotech.ch\/de\/prodotto\/unisex-bandanas-mit-mustern\/#primaryimage"},"image":{"@id":"https:\/\/dispotech.ch\/de\/prodotto\/unisex-bandanas-mit-mustern\/#primaryimage"},"thumbnailUrl":"https:\/\/dispotech.ch\/wp-content\/uploads\/2024\/11\/Bandana_Fantasia_Unisex_02_Paws.jpg","datePublished":"2024-11-21T14:02:17+00:00","dateModified":"2025-05-14T12:30:54+00:00","description":"Unisex-Bandanas mit Mustern: Berufskleidung f\u00fcr Zahnarztpraxen, ideal f\u00fcr Dentalhygieniker und medizinisches Fachpersonal. Entdecken Sie die Muster, kaufen Sie sie jetzt!","breadcrumb":{"@id":"https:\/\/dispotech.ch\/de\/prodotto\/unisex-bandanas-mit-mustern\/#breadcrumb"},"inLanguage":"de","potentialAction":[{"@type":"ReadAction","target":["https:\/\/dispotech.ch\/de\/prodotto\/unisex-bandanas-mit-mustern\/"]}]},{"@type":"ImageObject","inLanguage":"de","@id":"https:\/\/dispotech.ch\/de\/prodotto\/unisex-bandanas-mit-mustern\/#primaryimage","url":"https:\/\/dispotech.ch\/wp-content\/uploads\/2024\/11\/Bandana_Fantasia_Unisex_02_Paws.jpg","contentUrl":"https:\/\/dispotech.ch\/wp-content\/uploads\/2024\/11\/Bandana_Fantasia_Unisex_02_Paws.jpg","width":600,"height":900,"caption":"Bandanas Mit Mustern Unisex Pfoten"},{"@type":"BreadcrumbList","@id":"https:\/\/dispotech.ch\/de\/prodotto\/unisex-bandanas-mit-mustern\/#breadcrumb","itemListElement":[{"@type":"ListItem","position":1,"name":"Home","item":"https:\/\/dispotech.ch\/de\/"},{"@type":"ListItem","position":2,"name":"Shop","item":"https:\/\/dispotech.ch\/de\/shop\/"},{"@type":"ListItem","position":3,"name":"Unisex-Bandanas mit Mustern"}]},{"@type":"WebSite","@id":"https:\/\/dispotech.ch\/#website","url":"https:\/\/dispotech.ch\/","name":"Dispotech Shop","description":"","potentialAction":[{"@type":"SearchAction","target":{"@type":"EntryPoint","urlTemplate":"https:\/\/dispotech.ch\/?s={search_term_string}"},"query-input":{"@type":"PropertyValueSpecification","valueRequired":true,"valueName":"search_term_string"}}],"inLanguage":"de"}]}},"_links":{"self":[{"href":"https:\/\/dispotech.ch\/de\/wp-json\/wp\/v2\/product\/26088","targetHints":{"allow":["GET"]}}],"collection":[{"href":"https:\/\/dispotech.ch\/de\/wp-json\/wp\/v2\/product"}],"about":[{"href":"https:\/\/dispotech.ch\/de\/wp-json\/wp\/v2\/types\/product"}],"replies":[{"embeddable":true,"href":"https:\/\/dispotech.ch\/de\/wp-json\/wp\/v2\/comments?post=26088"}],"wp:featuredmedia":[{"embeddable":true,"href":"https:\/\/dispotech.ch\/de\/wp-json\/wp\/v2\/media\/26149"}],"wp:attachment":[{"href":"https:\/\/dispotech.ch\/de\/wp-json\/wp\/v2\/media?parent=26088"}],"wp:term":[{"taxonomy":"product_brand","embeddable":true,"href":"https:\/\/dispotech.ch\/de\/wp-json\/wp\/v2\/product_brand?post=26088"},{"taxonomy":"product_cat","embeddable":true,"href":"https:\/\/dispotech.ch\/de\/wp-json\/wp\/v2\/product_cat?post=26088"},{"taxonomy":"product_tag","embeddable":true,"href":"https:\/\/dispotech.ch\/de\/wp-json\/wp\/v2\/product_tag?post=26088"}],"curies":[{"name":"wp","href":"https:\/\/api.w.org\/{rel}","templated":true}]}}