{"id":26276,"date":"2025-05-25T18:43:46","date_gmt":"2025-05-25T16:43:46","guid":{"rendered":"https:\/\/dispotech.ch\/?post_type=product&#038;p=26276"},"modified":"2026-02-18T12:38:56","modified_gmt":"2026-02-18T11:38:56","slug":"einweg-op-mundschutz-type-iir-2","status":"publish","type":"product","link":"https:\/\/dispotech.ch\/de\/prodotto\/einweg-op-mundschutz-type-iir-2\/","title":{"rendered":"Einweg-OP-Mundschutz Type IIR"},"content":{"rendered":"<p><strong>Dispo Mask sind Einwegmasken<\/strong> mit bequemen elastischen B\u00e4ndern und einem formbaren Nasenb\u00fcgel. Sie bestehen aus drei Schichten TNT und garantieren <strong>maximalen Komfort<\/strong>: Die \u00e4u\u00dfere Schicht ist atmungsaktiv, die mittlere Schicht hat eine hohe Filterwirkung (99 % B.F.E.) und die innere Schicht ist widerstandsf\u00e4hig und hypoallergen.<\/p>\n<p>Die Einwegmasken sind ein Medizinprodukt vom Typ IIR.<\/p>\n<h2>Verkauft in Kartons zu 50 St\u00fcck<\/h2>\n","protected":false},"excerpt":{"rendered":"<p><strong>Dispo Mask sind Einwegmasken<\/strong> mit bequemen elastischen B\u00e4ndern und einem formbaren Nasenb\u00fcgel. Sie bestehen aus drei Schichten TNT und garantieren <strong>maximalen Komfort<\/strong>: Die \u00e4u\u00dfere Schicht ist atmungsaktiv, die mittlere Schicht hat eine hohe Filterwirkung (99 % B.F.E.) und die innere Schicht ist widerstandsf\u00e4hig und hypoallergen.<\/p>\n<p>Die Einwegmasken sind ein Medizinprodukt vom Typ IIR.<\/p>\n<h2>Verkauft in Kartons zu 50 St\u00fcck<\/h2>\n","protected":false},"featured_media":26292,"comment_status":"open","ping_status":"closed","template":"","meta":{"_acf_changed":false},"product_brand":[],"product_cat":[289,453],"product_tag":[238,239,240],"class_list":{"0":"post-26276","1":"product","2":"type-product","3":"status-publish","4":"has-post-thumbnail","6":"product_cat-dental-de-2","7":"product_cat-medical-de","8":"product_tag-einweg-op-mundschutz-de","9":"product_tag-einweg-op-mundschutz-de-2","10":"product_tag-einweg-op-mundschutz-de-3","12":"first","13":"instock","14":"taxable","15":"shipping-taxable","16":"purchasable","17":"product-type-variable"},"acf":[],"yoast_head":"<!-- This site is optimized with the Yoast SEO plugin v27.3 - https:\/\/yoast.com\/product\/yoast-seo-wordpress\/ -->\n<title>Einweg-Gesichtsmasken in 7 verschiedenen Farben<\/title>\n<meta name=\"description\" content=\"Komfortable Einwegmasken mit elastischen B\u00e4ndern und anpassbarem Nasenb\u00fcgel. Hergestellt aus drei Schichten Vliesstoff (TNT) f\u00fcr maximalen Komfort. Erh\u00e4ltlich in 7 Farben.\" \/>\n<meta name=\"robots\" content=\"index, follow, max-snippet:-1, max-image-preview:large, max-video-preview:-1\" \/>\n<link rel=\"canonical\" href=\"https:\/\/dispotech.ch\/de\/prodotto\/einweg-op-mundschutz-type-iir-2\/\" \/>\n<meta property=\"og:locale\" content=\"de_DE\" \/>\n<meta property=\"og:type\" content=\"article\" \/>\n<meta property=\"og:title\" content=\"Einweg-Gesichtsmasken in 7 verschiedenen Farben\" \/>\n<meta property=\"og:description\" content=\"Komfortable Einwegmasken mit elastischen B\u00e4ndern und anpassbarem Nasenb\u00fcgel. Hergestellt aus drei Schichten Vliesstoff (TNT) f\u00fcr maximalen Komfort. Erh\u00e4ltlich in 7 Farben.\" \/>\n<meta property=\"og:url\" content=\"https:\/\/dispotech.ch\/de\/prodotto\/einweg-op-mundschutz-type-iir-2\/\" \/>\n<meta property=\"og:site_name\" content=\"Dispotech Shop\" \/>\n<meta property=\"article:modified_time\" content=\"2026-02-18T11:38:56+00:00\" \/>\n<meta property=\"og:image\" content=\"https:\/\/dispotech.ch\/wp-content\/uploads\/2020\/09\/Perfecto-.-Mascherina-.-Gamma-colori-2.jpg\" \/>\n\t<meta property=\"og:image:width\" content=\"2304\" \/>\n\t<meta property=\"og:image:height\" content=\"1727\" \/>\n\t<meta property=\"og:image:type\" content=\"image\/jpeg\" \/>\n<meta name=\"twitter:card\" content=\"summary_large_image\" \/>\n<meta name=\"twitter:label1\" content=\"Gesch\u00e4tzte Lesezeit\" \/>\n\t<meta name=\"twitter:data1\" content=\"1\u00a0Minute\" \/>\n<script type=\"application\/ld+json\" class=\"yoast-schema-graph\">{\"@context\":\"https:\\\/\\\/schema.org\",\"@graph\":[{\"@type\":\"WebPage\",\"@id\":\"https:\\\/\\\/dispotech.ch\\\/de\\\/prodotto\\\/einweg-op-mundschutz-type-iir-2\\\/\",\"url\":\"https:\\\/\\\/dispotech.ch\\\/de\\\/prodotto\\\/einweg-op-mundschutz-type-iir-2\\\/\",\"name\":\"Einweg-Gesichtsmasken in 7 verschiedenen Farben\",\"isPartOf\":{\"@id\":\"https:\\\/\\\/dispotech.ch\\\/#website\"},\"primaryImageOfPage\":{\"@id\":\"https:\\\/\\\/dispotech.ch\\\/de\\\/prodotto\\\/einweg-op-mundschutz-type-iir-2\\\/#primaryimage\"},\"image\":{\"@id\":\"https:\\\/\\\/dispotech.ch\\\/de\\\/prodotto\\\/einweg-op-mundschutz-type-iir-2\\\/#primaryimage\"},\"thumbnailUrl\":\"https:\\\/\\\/dispotech.ch\\\/wp-content\\\/uploads\\\/2020\\\/09\\\/Perfecto-.-Mascherina-.-Gamma-colori-2.jpg\",\"datePublished\":\"2025-05-25T16:43:46+00:00\",\"dateModified\":\"2026-02-18T11:38:56+00:00\",\"description\":\"Komfortable Einwegmasken mit elastischen B\u00e4ndern und anpassbarem Nasenb\u00fcgel. Hergestellt aus drei Schichten Vliesstoff (TNT) f\u00fcr maximalen Komfort. Erh\u00e4ltlich in 7 Farben.\",\"breadcrumb\":{\"@id\":\"https:\\\/\\\/dispotech.ch\\\/de\\\/prodotto\\\/einweg-op-mundschutz-type-iir-2\\\/#breadcrumb\"},\"inLanguage\":\"de\",\"potentialAction\":[{\"@type\":\"ReadAction\",\"target\":[\"https:\\\/\\\/dispotech.ch\\\/de\\\/prodotto\\\/einweg-op-mundschutz-type-iir-2\\\/\"]}]},{\"@type\":\"ImageObject\",\"inLanguage\":\"de\",\"@id\":\"https:\\\/\\\/dispotech.ch\\\/de\\\/prodotto\\\/einweg-op-mundschutz-type-iir-2\\\/#primaryimage\",\"url\":\"https:\\\/\\\/dispotech.ch\\\/wp-content\\\/uploads\\\/2020\\\/09\\\/Perfecto-.-Mascherina-.-Gamma-colori-2.jpg\",\"contentUrl\":\"https:\\\/\\\/dispotech.ch\\\/wp-content\\\/uploads\\\/2020\\\/09\\\/Perfecto-.-Mascherina-.-Gamma-colori-2.jpg\",\"width\":2304,\"height\":1727,\"caption\":\"Chirurgische Maske . Farbpalette 2\"},{\"@type\":\"BreadcrumbList\",\"@id\":\"https:\\\/\\\/dispotech.ch\\\/de\\\/prodotto\\\/einweg-op-mundschutz-type-iir-2\\\/#breadcrumb\",\"itemListElement\":[{\"@type\":\"ListItem\",\"position\":1,\"name\":\"Home\",\"item\":\"https:\\\/\\\/dispotech.ch\\\/de\\\/\"},{\"@type\":\"ListItem\",\"position\":2,\"name\":\"Shop\",\"item\":\"https:\\\/\\\/dispotech.ch\\\/de\\\/shop\\\/\"},{\"@type\":\"ListItem\",\"position\":3,\"name\":\"Einweg-OP-Mundschutz Type IIR\"}]},{\"@type\":\"WebSite\",\"@id\":\"https:\\\/\\\/dispotech.ch\\\/#website\",\"url\":\"https:\\\/\\\/dispotech.ch\\\/\",\"name\":\"Dispotech Shop\",\"description\":\"\",\"potentialAction\":[{\"@type\":\"SearchAction\",\"target\":{\"@type\":\"EntryPoint\",\"urlTemplate\":\"https:\\\/\\\/dispotech.ch\\\/?s={search_term_string}\"},\"query-input\":{\"@type\":\"PropertyValueSpecification\",\"valueRequired\":true,\"valueName\":\"search_term_string\"}}],\"inLanguage\":\"de\"}]}<\/script>\n<!-- \/ Yoast SEO plugin. -->","yoast_head_json":{"title":"Einweg-Gesichtsmasken in 7 verschiedenen Farben","description":"Komfortable Einwegmasken mit elastischen B\u00e4ndern und anpassbarem Nasenb\u00fcgel. Hergestellt aus drei Schichten Vliesstoff (TNT) f\u00fcr maximalen Komfort. Erh\u00e4ltlich in 7 Farben.","robots":{"index":"index","follow":"follow","max-snippet":"max-snippet:-1","max-image-preview":"max-image-preview:large","max-video-preview":"max-video-preview:-1"},"canonical":"https:\/\/dispotech.ch\/de\/prodotto\/einweg-op-mundschutz-type-iir-2\/","og_locale":"de_DE","og_type":"article","og_title":"Einweg-Gesichtsmasken in 7 verschiedenen Farben","og_description":"Komfortable Einwegmasken mit elastischen B\u00e4ndern und anpassbarem Nasenb\u00fcgel. Hergestellt aus drei Schichten Vliesstoff (TNT) f\u00fcr maximalen Komfort. Erh\u00e4ltlich in 7 Farben.","og_url":"https:\/\/dispotech.ch\/de\/prodotto\/einweg-op-mundschutz-type-iir-2\/","og_site_name":"Dispotech Shop","article_modified_time":"2026-02-18T11:38:56+00:00","og_image":[{"width":2304,"height":1727,"url":"https:\/\/dispotech.ch\/wp-content\/uploads\/2020\/09\/Perfecto-.-Mascherina-.-Gamma-colori-2.jpg","type":"image\/jpeg"}],"twitter_card":"summary_large_image","twitter_misc":{"Gesch\u00e4tzte Lesezeit":"1\u00a0Minute"},"schema":{"@context":"https:\/\/schema.org","@graph":[{"@type":"WebPage","@id":"https:\/\/dispotech.ch\/de\/prodotto\/einweg-op-mundschutz-type-iir-2\/","url":"https:\/\/dispotech.ch\/de\/prodotto\/einweg-op-mundschutz-type-iir-2\/","name":"Einweg-Gesichtsmasken in 7 verschiedenen Farben","isPartOf":{"@id":"https:\/\/dispotech.ch\/#website"},"primaryImageOfPage":{"@id":"https:\/\/dispotech.ch\/de\/prodotto\/einweg-op-mundschutz-type-iir-2\/#primaryimage"},"image":{"@id":"https:\/\/dispotech.ch\/de\/prodotto\/einweg-op-mundschutz-type-iir-2\/#primaryimage"},"thumbnailUrl":"https:\/\/dispotech.ch\/wp-content\/uploads\/2020\/09\/Perfecto-.-Mascherina-.-Gamma-colori-2.jpg","datePublished":"2025-05-25T16:43:46+00:00","dateModified":"2026-02-18T11:38:56+00:00","description":"Komfortable Einwegmasken mit elastischen B\u00e4ndern und anpassbarem Nasenb\u00fcgel. Hergestellt aus drei Schichten Vliesstoff (TNT) f\u00fcr maximalen Komfort. Erh\u00e4ltlich in 7 Farben.","breadcrumb":{"@id":"https:\/\/dispotech.ch\/de\/prodotto\/einweg-op-mundschutz-type-iir-2\/#breadcrumb"},"inLanguage":"de","potentialAction":[{"@type":"ReadAction","target":["https:\/\/dispotech.ch\/de\/prodotto\/einweg-op-mundschutz-type-iir-2\/"]}]},{"@type":"ImageObject","inLanguage":"de","@id":"https:\/\/dispotech.ch\/de\/prodotto\/einweg-op-mundschutz-type-iir-2\/#primaryimage","url":"https:\/\/dispotech.ch\/wp-content\/uploads\/2020\/09\/Perfecto-.-Mascherina-.-Gamma-colori-2.jpg","contentUrl":"https:\/\/dispotech.ch\/wp-content\/uploads\/2020\/09\/Perfecto-.-Mascherina-.-Gamma-colori-2.jpg","width":2304,"height":1727,"caption":"Chirurgische Maske . Farbpalette 2"},{"@type":"BreadcrumbList","@id":"https:\/\/dispotech.ch\/de\/prodotto\/einweg-op-mundschutz-type-iir-2\/#breadcrumb","itemListElement":[{"@type":"ListItem","position":1,"name":"Home","item":"https:\/\/dispotech.ch\/de\/"},{"@type":"ListItem","position":2,"name":"Shop","item":"https:\/\/dispotech.ch\/de\/shop\/"},{"@type":"ListItem","position":3,"name":"Einweg-OP-Mundschutz Type IIR"}]},{"@type":"WebSite","@id":"https:\/\/dispotech.ch\/#website","url":"https:\/\/dispotech.ch\/","name":"Dispotech Shop","description":"","potentialAction":[{"@type":"SearchAction","target":{"@type":"EntryPoint","urlTemplate":"https:\/\/dispotech.ch\/?s={search_term_string}"},"query-input":{"@type":"PropertyValueSpecification","valueRequired":true,"valueName":"search_term_string"}}],"inLanguage":"de"}]}},"_links":{"self":[{"href":"https:\/\/dispotech.ch\/de\/wp-json\/wp\/v2\/product\/26276","targetHints":{"allow":["GET"]}}],"collection":[{"href":"https:\/\/dispotech.ch\/de\/wp-json\/wp\/v2\/product"}],"about":[{"href":"https:\/\/dispotech.ch\/de\/wp-json\/wp\/v2\/types\/product"}],"replies":[{"embeddable":true,"href":"https:\/\/dispotech.ch\/de\/wp-json\/wp\/v2\/comments?post=26276"}],"wp:featuredmedia":[{"embeddable":true,"href":"https:\/\/dispotech.ch\/de\/wp-json\/wp\/v2\/media\/26292"}],"wp:attachment":[{"href":"https:\/\/dispotech.ch\/de\/wp-json\/wp\/v2\/media?parent=26276"}],"wp:term":[{"taxonomy":"product_brand","embeddable":true,"href":"https:\/\/dispotech.ch\/de\/wp-json\/wp\/v2\/product_brand?post=26276"},{"taxonomy":"product_cat","embeddable":true,"href":"https:\/\/dispotech.ch\/de\/wp-json\/wp\/v2\/product_cat?post=26276"},{"taxonomy":"product_tag","embeddable":true,"href":"https:\/\/dispotech.ch\/de\/wp-json\/wp\/v2\/product_tag?post=26276"}],"curies":[{"name":"wp","href":"https:\/\/api.w.org\/{rel}","templated":true}]}}