{"id":26369,"date":"2025-04-10T17:15:59","date_gmt":"2025-01-23T16:16:02","guid":{"rendered":"https:\/\/dispotech.ch\/?post_type=product&#038;p=26369"},"modified":"2025-05-15T17:50:05","modified_gmt":"2025-05-15T15:50:05","slug":"absaugkanuelen","status":"publish","type":"product","link":"https:\/\/dispotech.ch\/de\/prodotto\/absaugkanuelen\/","title":{"rendered":"Absaugkan\u00fclen"},"content":{"rendered":"<h2>Absaugkan\u00fclen: Komfort und Qualit\u00e4t<\/h2>\n<p><span style=\"font-weight: 400;\">Die Absaugkan\u00fclen sind die ideale L\u00f6sung f\u00fcr alle, die zuverl\u00e4ssige und ergonomische Instrumente suchen. <\/span><\/p>\n<p><span style=\"font-weight: 400;\">Diese Kan\u00fclen sind so konzipiert, dass sie bei medizinischen Eingriffen eine optimale Leistung erbringen und sowohl dem Bediener als auch dem Patienten Komfort bieten.<\/span><\/p>\n<p><span style=\"font-weight: 400;\">Die Kan\u00fclen sind in zwei verschiedenen Modellen erh\u00e4ltlich:<\/span><\/p>\n<ul>\n<li style=\"font-weight: 400;\" aria-level=\"1\"><b>EM19<\/b><span style=\"font-weight: 400;\">: L\u00e4nge 11,4 cm, ideal f\u00fcr Eingriffe, die Pr\u00e4zision erfordern.<\/span><\/li>\n<li style=\"font-weight: 400;\" aria-level=\"1\"><b>EM21<\/b><span style=\"font-weight: 400;\">: L\u00e4nge 12,9 cm, perfekt f\u00fcr anspruchsvollere Operationen.<\/span><\/li>\n<\/ul>\n<p><span style=\"font-weight: 400;\">Alle Modelle verf\u00fcgen \u00fcber einen <strong>ergonomischen, rutschfesten Griff<\/strong>, der die Handhabung erleichtert und auch bei l\u00e4ngerem Gebrauch Komfort bietet. <\/span><\/p>\n<p><span style=\"font-weight: 400;\">Das lineare Design sorgt f\u00fcr einen leisen Betrieb, wodurch die Arbeitsumgebung angenehmer gestaltet wird. <\/span><\/p>\n<p><span style=\"font-weight: 400;\">Dar\u00fcber hinaus gew\u00e4hrleistet das sorgf\u00e4ltige Design eine optimale Hygiene, die f\u00fcr medizinische Anwendungen entscheidend ist.<\/span><\/p>\n<p><span style=\"font-weight: 400;\"><strong>Die Patienten profitieren von dem hohen Komfort der Kan\u00fclen<\/strong>: Ihre abgerundete und kompakte Form minimiert den W\u00fcrgereflex und sorgt f\u00fcr ein angenehmes Erlebnis, auch bei empfindlichen Patienten.<\/span><\/p>\n<p><span style=\"font-weight: 400;\">Mit den Kan\u00fclen entscheiden Sie sich f\u00fcr ein Produkt, das Innovation, Qualit\u00e4t und Liebe zum Detail vereint.<\/span><\/p>\n<h2><em>Packung mit 10 St\u00fcck<\/em><\/h2>\n","protected":false},"excerpt":{"rendered":"<h2>Absaugkan\u00fclen: Komfort und Qualit\u00e4t<\/h2>\n<p><span style=\"font-weight: 400;\">Die Absaugkan\u00fclen sind die ideale L\u00f6sung f\u00fcr alle, die zuverl\u00e4ssige und ergonomische Instrumente suchen. <\/span><\/p>\n<p><span style=\"font-weight: 400;\">Diese Kan\u00fclen sind so konzipiert, dass sie bei medizinischen Eingriffen eine optimale Leistung erbringen und sowohl dem Bediener als auch dem Patienten Komfort bieten.<\/span><\/p>\n<p><span style=\"font-weight: 400;\">Die Kan\u00fclen sind in zwei verschiedenen Modellen erh\u00e4ltlich:<\/span><\/p>\n<ul>\n<li style=\"font-weight: 400;\" aria-level=\"1\"><b>EM19<\/b><span style=\"font-weight: 400;\">: L\u00e4nge 11,4 cm, ideal f\u00fcr Eingriffe, die Pr\u00e4zision erfordern.<\/span><\/li>\n<li style=\"font-weight: 400;\" aria-level=\"1\"><b>EM21<\/b><span style=\"font-weight: 400;\">: L\u00e4nge 12,9 cm, perfekt f\u00fcr anspruchsvollere Operationen.<\/span><\/li>\n<\/ul>\n<p><span style=\"font-weight: 400;\">Alle Modelle verf\u00fcgen \u00fcber einen <strong>ergonomischen, rutschfesten Griff<\/strong>, der die Handhabung erleichtert und auch bei l\u00e4ngerem Gebrauch Komfort bietet. <\/span><\/p>\n<p><span style=\"font-weight: 400;\">Das lineare Design sorgt f\u00fcr einen leisen Betrieb, wodurch die Arbeitsumgebung angenehmer gestaltet wird. <\/span><\/p>\n<p><span style=\"font-weight: 400;\">Dar\u00fcber hinaus gew\u00e4hrleistet das sorgf\u00e4ltige Design eine optimale Hygiene, die f\u00fcr medizinische Anwendungen entscheidend ist.<\/span><\/p>\n<p><span style=\"font-weight: 400;\"><strong>Die Patienten profitieren von dem hohen Komfort der Kan\u00fclen<\/strong>: Ihre abgerundete und kompakte Form minimiert den W\u00fcrgereflex und sorgt f\u00fcr ein angenehmes Erlebnis, auch bei empfindlichen Patienten.<\/span><\/p>\n<p><span style=\"font-weight: 400;\">Mit den Kan\u00fclen entscheiden Sie sich f\u00fcr ein Produkt, das Innovation, Qualit\u00e4t und Liebe zum Detail vereint.<\/span><\/p>\n<h2><em>Packung mit 10 St\u00fcck<\/em><\/h2>\n<p>Die Einwegmasken sind ein Medizinprodukt vom Typ IIR.<\/p>\n<h2>Verkauft in Kartons zu 50 St\u00fcck<\/h2>\n","protected":false},"featured_media":26665,"comment_status":"open","ping_status":"closed","template":"","meta":{"_acf_changed":false},"product_brand":[],"product_cat":[451,289,418],"product_tag":[239,240,238],"class_list":{"0":"post-26369","1":"product","2":"type-product","3":"status-publish","4":"has-post-thumbnail","6":"product_cat-als-beweis","7":"product_cat-dental-de-2","8":"product_cat-novita-de","9":"product_tag-einweg-op-mundschutz-de-2","10":"product_tag-einweg-op-mundschutz-de-3","11":"product_tag-einweg-op-mundschutz-de","13":"first","14":"instock","15":"taxable","16":"shipping-taxable","17":"purchasable","18":"product-type-variable"},"acf":[],"yoast_head":"<!-- This site is optimized with the Yoast SEO plugin v27.3 - https:\/\/yoast.com\/product\/yoast-seo-wordpress\/ -->\n<title>Absaugkan\u00fclen - Ergonomisch und Leise<\/title>\n<meta name=\"description\" content=\"Entdecken Sie die Absaugkan\u00fclen: ergonomisches Design, leiser Betrieb und maximaler Komfort f\u00fcr den Patienten, ideal zur Erleichterung der Arbeit des Fachpersonals.\" \/>\n<meta name=\"robots\" content=\"index, follow, max-snippet:-1, max-image-preview:large, max-video-preview:-1\" \/>\n<link rel=\"canonical\" href=\"https:\/\/dispotech.ch\/de\/prodotto\/absaugkanuelen\/\" \/>\n<meta property=\"og:locale\" content=\"de_DE\" \/>\n<meta property=\"og:type\" content=\"article\" \/>\n<meta property=\"og:title\" content=\"Absaugkan\u00fclen - Ergonomisch und Leise\" \/>\n<meta property=\"og:description\" content=\"Entdecken Sie die Absaugkan\u00fclen: ergonomisches Design, leiser Betrieb und maximaler Komfort f\u00fcr den Patienten, ideal zur Erleichterung der Arbeit des Fachpersonals.\" \/>\n<meta property=\"og:url\" content=\"https:\/\/dispotech.ch\/de\/prodotto\/absaugkanuelen\/\" \/>\n<meta property=\"og:site_name\" content=\"Dispotech Shop\" \/>\n<meta property=\"article:modified_time\" content=\"2025-05-15T15:50:05+00:00\" \/>\n<meta property=\"og:image\" content=\"https:\/\/dispotech.ch\/wp-content\/uploads\/2025\/04\/Group_EM21-Evo_F-1-1024x715.jpg\" \/>\n\t<meta property=\"og:image:width\" content=\"1024\" \/>\n\t<meta property=\"og:image:height\" content=\"715\" \/>\n\t<meta property=\"og:image:type\" content=\"image\/jpeg\" \/>\n<meta name=\"twitter:card\" content=\"summary_large_image\" \/>\n<meta name=\"twitter:label1\" content=\"Gesch\u00e4tzte Lesezeit\" \/>\n\t<meta name=\"twitter:data1\" content=\"2\u00a0Minuten\" \/>\n<script type=\"application\/ld+json\" class=\"yoast-schema-graph\">{\"@context\":\"https:\\\/\\\/schema.org\",\"@graph\":[{\"@type\":\"WebPage\",\"@id\":\"https:\\\/\\\/dispotech.ch\\\/de\\\/prodotto\\\/absaugkanuelen\\\/\",\"url\":\"https:\\\/\\\/dispotech.ch\\\/de\\\/prodotto\\\/absaugkanuelen\\\/\",\"name\":\"Absaugkan\u00fclen - Ergonomisch und Leise\",\"isPartOf\":{\"@id\":\"https:\\\/\\\/dispotech.ch\\\/#website\"},\"primaryImageOfPage\":{\"@id\":\"https:\\\/\\\/dispotech.ch\\\/de\\\/prodotto\\\/absaugkanuelen\\\/#primaryimage\"},\"image\":{\"@id\":\"https:\\\/\\\/dispotech.ch\\\/de\\\/prodotto\\\/absaugkanuelen\\\/#primaryimage\"},\"thumbnailUrl\":\"https:\\\/\\\/dispotech.ch\\\/wp-content\\\/uploads\\\/2025\\\/04\\\/Group_EM21-Evo_F-1.jpg\",\"datePublished\":\"2025-01-23T16:16:02+00:00\",\"dateModified\":\"2025-05-15T15:50:05+00:00\",\"description\":\"Entdecken Sie die Absaugkan\u00fclen: ergonomisches Design, leiser Betrieb und maximaler Komfort f\u00fcr den Patienten, ideal zur Erleichterung der Arbeit des Fachpersonals.\",\"breadcrumb\":{\"@id\":\"https:\\\/\\\/dispotech.ch\\\/de\\\/prodotto\\\/absaugkanuelen\\\/#breadcrumb\"},\"inLanguage\":\"de\",\"potentialAction\":[{\"@type\":\"ReadAction\",\"target\":[\"https:\\\/\\\/dispotech.ch\\\/de\\\/prodotto\\\/absaugkanuelen\\\/\"]}]},{\"@type\":\"ImageObject\",\"inLanguage\":\"de\",\"@id\":\"https:\\\/\\\/dispotech.ch\\\/de\\\/prodotto\\\/absaugkanuelen\\\/#primaryimage\",\"url\":\"https:\\\/\\\/dispotech.ch\\\/wp-content\\\/uploads\\\/2025\\\/04\\\/Group_EM21-Evo_F-1.jpg\",\"contentUrl\":\"https:\\\/\\\/dispotech.ch\\\/wp-content\\\/uploads\\\/2025\\\/04\\\/Group_EM21-Evo_F-1.jpg\",\"width\":7746,\"height\":5412},{\"@type\":\"BreadcrumbList\",\"@id\":\"https:\\\/\\\/dispotech.ch\\\/de\\\/prodotto\\\/absaugkanuelen\\\/#breadcrumb\",\"itemListElement\":[{\"@type\":\"ListItem\",\"position\":1,\"name\":\"Home\",\"item\":\"https:\\\/\\\/dispotech.ch\\\/de\\\/\"},{\"@type\":\"ListItem\",\"position\":2,\"name\":\"Shop\",\"item\":\"https:\\\/\\\/dispotech.ch\\\/de\\\/shop\\\/\"},{\"@type\":\"ListItem\",\"position\":3,\"name\":\"Absaugkan\u00fclen\"}]},{\"@type\":\"WebSite\",\"@id\":\"https:\\\/\\\/dispotech.ch\\\/#website\",\"url\":\"https:\\\/\\\/dispotech.ch\\\/\",\"name\":\"Dispotech Shop\",\"description\":\"\",\"potentialAction\":[{\"@type\":\"SearchAction\",\"target\":{\"@type\":\"EntryPoint\",\"urlTemplate\":\"https:\\\/\\\/dispotech.ch\\\/?s={search_term_string}\"},\"query-input\":{\"@type\":\"PropertyValueSpecification\",\"valueRequired\":true,\"valueName\":\"search_term_string\"}}],\"inLanguage\":\"de\"}]}<\/script>\n<!-- \/ Yoast SEO plugin. -->","yoast_head_json":{"title":"Absaugkan\u00fclen - Ergonomisch und Leise","description":"Entdecken Sie die Absaugkan\u00fclen: ergonomisches Design, leiser Betrieb und maximaler Komfort f\u00fcr den Patienten, ideal zur Erleichterung der Arbeit des Fachpersonals.","robots":{"index":"index","follow":"follow","max-snippet":"max-snippet:-1","max-image-preview":"max-image-preview:large","max-video-preview":"max-video-preview:-1"},"canonical":"https:\/\/dispotech.ch\/de\/prodotto\/absaugkanuelen\/","og_locale":"de_DE","og_type":"article","og_title":"Absaugkan\u00fclen - Ergonomisch und Leise","og_description":"Entdecken Sie die Absaugkan\u00fclen: ergonomisches Design, leiser Betrieb und maximaler Komfort f\u00fcr den Patienten, ideal zur Erleichterung der Arbeit des Fachpersonals.","og_url":"https:\/\/dispotech.ch\/de\/prodotto\/absaugkanuelen\/","og_site_name":"Dispotech Shop","article_modified_time":"2025-05-15T15:50:05+00:00","og_image":[{"width":1024,"height":715,"url":"https:\/\/dispotech.ch\/wp-content\/uploads\/2025\/04\/Group_EM21-Evo_F-1-1024x715.jpg","type":"image\/jpeg"}],"twitter_card":"summary_large_image","twitter_misc":{"Gesch\u00e4tzte Lesezeit":"2\u00a0Minuten"},"schema":{"@context":"https:\/\/schema.org","@graph":[{"@type":"WebPage","@id":"https:\/\/dispotech.ch\/de\/prodotto\/absaugkanuelen\/","url":"https:\/\/dispotech.ch\/de\/prodotto\/absaugkanuelen\/","name":"Absaugkan\u00fclen - Ergonomisch und Leise","isPartOf":{"@id":"https:\/\/dispotech.ch\/#website"},"primaryImageOfPage":{"@id":"https:\/\/dispotech.ch\/de\/prodotto\/absaugkanuelen\/#primaryimage"},"image":{"@id":"https:\/\/dispotech.ch\/de\/prodotto\/absaugkanuelen\/#primaryimage"},"thumbnailUrl":"https:\/\/dispotech.ch\/wp-content\/uploads\/2025\/04\/Group_EM21-Evo_F-1.jpg","datePublished":"2025-01-23T16:16:02+00:00","dateModified":"2025-05-15T15:50:05+00:00","description":"Entdecken Sie die Absaugkan\u00fclen: ergonomisches Design, leiser Betrieb und maximaler Komfort f\u00fcr den Patienten, ideal zur Erleichterung der Arbeit des Fachpersonals.","breadcrumb":{"@id":"https:\/\/dispotech.ch\/de\/prodotto\/absaugkanuelen\/#breadcrumb"},"inLanguage":"de","potentialAction":[{"@type":"ReadAction","target":["https:\/\/dispotech.ch\/de\/prodotto\/absaugkanuelen\/"]}]},{"@type":"ImageObject","inLanguage":"de","@id":"https:\/\/dispotech.ch\/de\/prodotto\/absaugkanuelen\/#primaryimage","url":"https:\/\/dispotech.ch\/wp-content\/uploads\/2025\/04\/Group_EM21-Evo_F-1.jpg","contentUrl":"https:\/\/dispotech.ch\/wp-content\/uploads\/2025\/04\/Group_EM21-Evo_F-1.jpg","width":7746,"height":5412},{"@type":"BreadcrumbList","@id":"https:\/\/dispotech.ch\/de\/prodotto\/absaugkanuelen\/#breadcrumb","itemListElement":[{"@type":"ListItem","position":1,"name":"Home","item":"https:\/\/dispotech.ch\/de\/"},{"@type":"ListItem","position":2,"name":"Shop","item":"https:\/\/dispotech.ch\/de\/shop\/"},{"@type":"ListItem","position":3,"name":"Absaugkan\u00fclen"}]},{"@type":"WebSite","@id":"https:\/\/dispotech.ch\/#website","url":"https:\/\/dispotech.ch\/","name":"Dispotech Shop","description":"","potentialAction":[{"@type":"SearchAction","target":{"@type":"EntryPoint","urlTemplate":"https:\/\/dispotech.ch\/?s={search_term_string}"},"query-input":{"@type":"PropertyValueSpecification","valueRequired":true,"valueName":"search_term_string"}}],"inLanguage":"de"}]}},"_links":{"self":[{"href":"https:\/\/dispotech.ch\/de\/wp-json\/wp\/v2\/product\/26369","targetHints":{"allow":["GET"]}}],"collection":[{"href":"https:\/\/dispotech.ch\/de\/wp-json\/wp\/v2\/product"}],"about":[{"href":"https:\/\/dispotech.ch\/de\/wp-json\/wp\/v2\/types\/product"}],"replies":[{"embeddable":true,"href":"https:\/\/dispotech.ch\/de\/wp-json\/wp\/v2\/comments?post=26369"}],"wp:featuredmedia":[{"embeddable":true,"href":"https:\/\/dispotech.ch\/de\/wp-json\/wp\/v2\/media\/26665"}],"wp:attachment":[{"href":"https:\/\/dispotech.ch\/de\/wp-json\/wp\/v2\/media?parent=26369"}],"wp:term":[{"taxonomy":"product_brand","embeddable":true,"href":"https:\/\/dispotech.ch\/de\/wp-json\/wp\/v2\/product_brand?post=26369"},{"taxonomy":"product_cat","embeddable":true,"href":"https:\/\/dispotech.ch\/de\/wp-json\/wp\/v2\/product_cat?post=26369"},{"taxonomy":"product_tag","embeddable":true,"href":"https:\/\/dispotech.ch\/de\/wp-json\/wp\/v2\/product_tag?post=26369"}],"curies":[{"name":"wp","href":"https:\/\/api.w.org\/{rel}","templated":true}]}}