{"id":26477,"date":"2025-04-10T10:00:19","date_gmt":"2025-04-10T08:00:19","guid":{"rendered":"https:\/\/dispotech.ch\/prodotto\/dispo-hot\/"},"modified":"2025-05-05T17:33:21","modified_gmt":"2025-05-05T15:33:21","slug":"dispo-hot","status":"publish","type":"product","link":"https:\/\/dispotech.ch\/de\/prodotto\/dispo-hot\/","title":{"rendered":"Dispo Hot"},"content":{"rendered":"<h2>Dispo Hot \u2013 Einweg-Sofort-W\u00e4rmekompresse f\u00fcr die Thermotherapie<b><br \/>\n<\/b><\/h2>\n<p><span style=\"font-weight: 400;\">Dispo Hot ist <\/span><span style=\"font-weight: 400;\">die <\/span><span style=\"font-weight: 400;\">selbstheizende <\/span><span style=\"font-weight: 400;\">Einweg-Sofort-W\u00e4rmekompresse<\/span><span style=\"font-weight: 400;\"> von <\/span><b>Dispotech<\/b><span style=\"font-weight: 400;\">, ideal f\u00fcr die <\/span><b>W\u00e4rmetherapie<\/b><span style=\"font-weight: 400;\">. Dank einer <\/span><b>exothermen Reaktion<\/b><span style=\"font-weight: 400;\"> erzeugt es sofort W\u00e4rme und lindert effektiv <\/span><b>Muskelschmerzen, Verspannungen, Gelenksteifheit und nicht-entz\u00fcndliche Verletzungen<\/b><span style=\"font-weight: 400;\">.<\/span><\/p>\n<h3><b>Wie funktioniert <\/b><b>sie<\/b><\/h3>\n<p><span style=\"font-weight: 400;\">Die Aktivierung ist einfach: Durch Dr\u00fccken des inneren Beutels wird die chemische Reaktion ausgel\u00f6st und die W\u00e4rme entsteht in wenigen Sekunden. Dispo Hot h\u00e4lt eine konstante Temperatur f\u00fcr <\/span><b>ca. 30 Minuten<\/b><span style=\"font-weight: 400;\">.<\/span><\/p>\n<h3>Wann sollte Dispo Hot verwendet werden?<\/h3>\n<p><span style=\"font-weight: 400;\">Dispo Hot ist ideal f\u00fcr:<\/span><\/p>\n<ul>\n<li style=\"font-weight: 400;\" aria-level=\"1\"><b>Muskelschmerzen und Gelenkbeschwerden<\/b><span style=\"font-weight: 400;\"> (Verspannungen, Nackensteifheit, R\u00fcckenschmerzen)<\/span><\/li>\n<li style=\"font-weight: 400;\" aria-level=\"1\"><b>Nicht-entz\u00fcndliche Verletzungen<\/b><span style=\"font-weight: 400;\"> (Verstauchungen, Prellungen)<\/span><\/li>\n<li style=\"font-weight: 400;\" aria-level=\"1\"><b>Muskelvorbereitung vor sportlicher Aktivit\u00e4t<\/b><\/li>\n<\/ul>\n<h3>Warum Dispo Hot w\u00e4hlen?<\/h3>\n<p><span style=\"font-weight: 400;\">\u2714 <\/span><b>Einmalgebrauch und sofort einsatzbereit<\/b><b><br \/>\n<\/b><span style=\"font-weight: 400;\">\u2714 <\/span><b>Sofortige W\u00e4rme ohne Mikrowelle oder Strom<\/b><b><br \/>\n<\/b><span style=\"font-weight: 400;\">\u2714 <\/span><b>Praktisch und sicher<\/b><span style=\"font-weight: 400;\">, \u00fcberall verwendbar<\/span><span style=\"font-weight: 400;\"><br \/>\n<\/span><span style=\"font-weight: 400;\">\u2714 <\/span><b>Effektiv f\u00fcr Rehabilitation und W\u00e4rmetherapie<\/b><\/p>\n<h3>Dispo Hot: Ihr Verb\u00fcndeter gegen Muskelschmerzen<\/h3>\n<p><span style=\"font-weight: 400;\">Ideal f\u00fcr <\/span><b>Krankenh\u00e4user, Physiotherapiepraxen, Sportzentren und den privaten Gebrauch<\/b><span style=\"font-weight: 400;\">, ist Dispo Hot die perfekte L\u00f6sung f\u00fcr eine schnelle und praktische Schmerzlinderung.<\/span><\/p>\n","protected":false},"excerpt":{"rendered":"<h2>Dispo Hot \u2013 Einweg-Sofort-W\u00e4rmekompresse f\u00fcr die Thermotherapie<b><br \/>\n<\/b><\/h2>\n<p><span style=\"font-weight: 400;\">Dispo Hot ist <\/span><span style=\"font-weight: 400;\">die <\/span><span style=\"font-weight: 400;\">selbstheizende <\/span><span style=\"font-weight: 400;\">Einweg-Sofort-W\u00e4rmekompresse<\/span><span style=\"font-weight: 400;\"> von <\/span><b>Dispotech<\/b><span style=\"font-weight: 400;\">, ideal f\u00fcr die <\/span><b>W\u00e4rmetherapie<\/b><span style=\"font-weight: 400;\">. Dank einer <\/span><b>exothermen Reaktion<\/b><span style=\"font-weight: 400;\"> erzeugt es sofort W\u00e4rme und lindert effektiv <\/span><b>Muskelschmerzen, Verspannungen, Gelenksteifheit und nicht-entz\u00fcndliche Verletzungen<\/b><span style=\"font-weight: 400;\">.<\/span><\/p>\n<h3><b>Wie funktioniert <\/b><b>sie<\/b><\/h3>\n<p><span style=\"font-weight: 400;\">Die Aktivierung ist einfach: Durch Dr\u00fccken des inneren Beutels wird die chemische Reaktion ausgel\u00f6st und die W\u00e4rme entsteht in wenigen Sekunden. Dispo Hot h\u00e4lt eine konstante Temperatur f\u00fcr <\/span><b>ca. 30 Minuten<\/b><span style=\"font-weight: 400;\">.<\/span><\/p>\n<h3>Wann sollte Dispo Hot verwendet werden?<\/h3>\n<p><span style=\"font-weight: 400;\">Dispo Hot ist ideal f\u00fcr:<\/span><\/p>\n<ul>\n<li style=\"font-weight: 400;\" aria-level=\"1\"><b>Muskelschmerzen und Gelenkbeschwerden<\/b><span style=\"font-weight: 400;\"> (Verspannungen, Nackensteifheit, R\u00fcckenschmerzen)<\/span><\/li>\n<li style=\"font-weight: 400;\" aria-level=\"1\"><b>Nicht-entz\u00fcndliche Verletzungen<\/b><span style=\"font-weight: 400;\"> (Verstauchungen, Prellungen)<\/span><\/li>\n<li style=\"font-weight: 400;\" aria-level=\"1\"><b>Muskelvorbereitung vor sportlicher Aktivit\u00e4t<\/b><\/li>\n<\/ul>\n<h3>Warum Dispo Hot w\u00e4hlen?<\/h3>\n<p><span style=\"font-weight: 400;\">\u2714 <\/span><b>Einmalgebrauch und sofort einsatzbereit<\/b><b><br \/>\n<\/b><span style=\"font-weight: 400;\">\u2714 <\/span><b>Sofortige W\u00e4rme ohne Mikrowelle oder Strom<\/b><b><br \/>\n<\/b><span style=\"font-weight: 400;\">\u2714 <\/span><b>Praktisch und sicher<\/b><span style=\"font-weight: 400;\">, \u00fcberall verwendbar<\/span><span style=\"font-weight: 400;\"><br \/>\n<\/span><span style=\"font-weight: 400;\">\u2714 <\/span><b>Effektiv f\u00fcr Rehabilitation und W\u00e4rmetherapie<\/b><\/p>\n<h3>Dispo Hot: Ihr Verb\u00fcndeter gegen Muskelschmerzen<\/h3>\n<p><span style=\"font-weight: 400;\">Ideal f\u00fcr <\/span><b>Krankenh\u00e4user, Physiotherapiepraxen, Sportzentren und den privaten Gebrauch<\/b><span style=\"font-weight: 400;\">, ist Dispo Hot die perfekte L\u00f6sung f\u00fcr eine schnelle und praktische Schmerzlinderung.<\/span><\/p>\n","protected":false},"featured_media":26472,"comment_status":"open","ping_status":"closed","template":"","meta":{"_acf_changed":false},"product_brand":[],"product_cat":[451,453,418],"product_tag":[],"class_list":{"0":"post-26477","1":"product","2":"type-product","3":"status-publish","4":"has-post-thumbnail","6":"product_cat-als-beweis","7":"product_cat-medical-de","8":"product_cat-novita-de","10":"first","11":"instock","12":"taxable","13":"shipping-taxable","14":"purchasable","15":"product-type-simple"},"acf":[],"yoast_head":"<!-- This site is optimized with the Yoast SEO plugin v27.3 - https:\/\/yoast.com\/product\/yoast-seo-wordpress\/ -->\n<title>Dispo Hot \u2013 Selbstheizende Einweg-Sofort-W\u00e4rmekompresse f\u00fcr die Thermotherapie<\/title>\n<meta name=\"description\" content=\"Entdecken Sie Dispo Hot, die selbstheizende Einweg-Sofort-W\u00e4rmekompresse von Dispotech. Sofortige Linderung von Muskel- und Gelenkschmerzen mit langanhaltender W\u00e4rme.\" \/>\n<meta name=\"robots\" content=\"index, follow, max-snippet:-1, max-image-preview:large, max-video-preview:-1\" \/>\n<link rel=\"canonical\" href=\"https:\/\/dispotech.ch\/de\/prodotto\/dispo-hot\/\" \/>\n<meta property=\"og:locale\" content=\"de_DE\" \/>\n<meta property=\"og:type\" content=\"article\" \/>\n<meta property=\"og:title\" content=\"Dispo Hot \u2013 Selbstheizende Einweg-Sofort-W\u00e4rmekompresse f\u00fcr die Thermotherapie\" \/>\n<meta property=\"og:description\" content=\"Entdecken Sie Dispo Hot, die selbstheizende Einweg-Sofort-W\u00e4rmekompresse von Dispotech. Sofortige Linderung von Muskel- und Gelenkschmerzen mit langanhaltender W\u00e4rme.\" \/>\n<meta property=\"og:url\" content=\"https:\/\/dispotech.ch\/de\/prodotto\/dispo-hot\/\" \/>\n<meta property=\"og:site_name\" content=\"Dispotech Shop\" \/>\n<meta property=\"article:modified_time\" content=\"2025-05-05T15:33:21+00:00\" \/>\n<meta property=\"og:image\" content=\"https:\/\/dispotech.ch\/wp-content\/uploads\/2025\/04\/TNT-Dispo-Hot_1.jpg\" \/>\n\t<meta property=\"og:image:width\" content=\"960\" \/>\n\t<meta property=\"og:image:height\" content=\"960\" \/>\n\t<meta property=\"og:image:type\" content=\"image\/jpeg\" \/>\n<meta name=\"twitter:card\" content=\"summary_large_image\" \/>\n<meta name=\"twitter:label1\" content=\"Gesch\u00e4tzte Lesezeit\" \/>\n\t<meta name=\"twitter:data1\" content=\"1\u00a0Minute\" \/>\n<script type=\"application\/ld+json\" class=\"yoast-schema-graph\">{\"@context\":\"https:\\\/\\\/schema.org\",\"@graph\":[{\"@type\":\"WebPage\",\"@id\":\"https:\\\/\\\/dispotech.ch\\\/de\\\/prodotto\\\/dispo-hot\\\/\",\"url\":\"https:\\\/\\\/dispotech.ch\\\/de\\\/prodotto\\\/dispo-hot\\\/\",\"name\":\"Dispo Hot \u2013 Selbstheizende Einweg-Sofort-W\u00e4rmekompresse f\u00fcr die Thermotherapie\",\"isPartOf\":{\"@id\":\"https:\\\/\\\/dispotech.ch\\\/#website\"},\"primaryImageOfPage\":{\"@id\":\"https:\\\/\\\/dispotech.ch\\\/de\\\/prodotto\\\/dispo-hot\\\/#primaryimage\"},\"image\":{\"@id\":\"https:\\\/\\\/dispotech.ch\\\/de\\\/prodotto\\\/dispo-hot\\\/#primaryimage\"},\"thumbnailUrl\":\"https:\\\/\\\/dispotech.ch\\\/wp-content\\\/uploads\\\/2025\\\/04\\\/TNT-Dispo-Hot_1.jpg\",\"datePublished\":\"2025-04-10T08:00:19+00:00\",\"dateModified\":\"2025-05-05T15:33:21+00:00\",\"description\":\"Entdecken Sie Dispo Hot, die selbstheizende Einweg-Sofort-W\u00e4rmekompresse von Dispotech. Sofortige Linderung von Muskel- und Gelenkschmerzen mit langanhaltender W\u00e4rme.\",\"breadcrumb\":{\"@id\":\"https:\\\/\\\/dispotech.ch\\\/de\\\/prodotto\\\/dispo-hot\\\/#breadcrumb\"},\"inLanguage\":\"de\",\"potentialAction\":[{\"@type\":\"ReadAction\",\"target\":[\"https:\\\/\\\/dispotech.ch\\\/de\\\/prodotto\\\/dispo-hot\\\/\"]}]},{\"@type\":\"ImageObject\",\"inLanguage\":\"de\",\"@id\":\"https:\\\/\\\/dispotech.ch\\\/de\\\/prodotto\\\/dispo-hot\\\/#primaryimage\",\"url\":\"https:\\\/\\\/dispotech.ch\\\/wp-content\\\/uploads\\\/2025\\\/04\\\/TNT-Dispo-Hot_1.jpg\",\"contentUrl\":\"https:\\\/\\\/dispotech.ch\\\/wp-content\\\/uploads\\\/2025\\\/04\\\/TNT-Dispo-Hot_1.jpg\",\"width\":960,\"height\":960,\"caption\":\"Dispo Hot\"},{\"@type\":\"BreadcrumbList\",\"@id\":\"https:\\\/\\\/dispotech.ch\\\/de\\\/prodotto\\\/dispo-hot\\\/#breadcrumb\",\"itemListElement\":[{\"@type\":\"ListItem\",\"position\":1,\"name\":\"Home\",\"item\":\"https:\\\/\\\/dispotech.ch\\\/de\\\/\"},{\"@type\":\"ListItem\",\"position\":2,\"name\":\"Shop\",\"item\":\"https:\\\/\\\/dispotech.ch\\\/de\\\/shop\\\/\"},{\"@type\":\"ListItem\",\"position\":3,\"name\":\"Dispo Hot\"}]},{\"@type\":\"WebSite\",\"@id\":\"https:\\\/\\\/dispotech.ch\\\/#website\",\"url\":\"https:\\\/\\\/dispotech.ch\\\/\",\"name\":\"Dispotech Shop\",\"description\":\"\",\"potentialAction\":[{\"@type\":\"SearchAction\",\"target\":{\"@type\":\"EntryPoint\",\"urlTemplate\":\"https:\\\/\\\/dispotech.ch\\\/?s={search_term_string}\"},\"query-input\":{\"@type\":\"PropertyValueSpecification\",\"valueRequired\":true,\"valueName\":\"search_term_string\"}}],\"inLanguage\":\"de\"}]}<\/script>\n<!-- \/ Yoast SEO plugin. -->","yoast_head_json":{"title":"Dispo Hot \u2013 Selbstheizende Einweg-Sofort-W\u00e4rmekompresse f\u00fcr die Thermotherapie","description":"Entdecken Sie Dispo Hot, die selbstheizende Einweg-Sofort-W\u00e4rmekompresse von Dispotech. Sofortige Linderung von Muskel- und Gelenkschmerzen mit langanhaltender W\u00e4rme.","robots":{"index":"index","follow":"follow","max-snippet":"max-snippet:-1","max-image-preview":"max-image-preview:large","max-video-preview":"max-video-preview:-1"},"canonical":"https:\/\/dispotech.ch\/de\/prodotto\/dispo-hot\/","og_locale":"de_DE","og_type":"article","og_title":"Dispo Hot \u2013 Selbstheizende Einweg-Sofort-W\u00e4rmekompresse f\u00fcr die Thermotherapie","og_description":"Entdecken Sie Dispo Hot, die selbstheizende Einweg-Sofort-W\u00e4rmekompresse von Dispotech. Sofortige Linderung von Muskel- und Gelenkschmerzen mit langanhaltender W\u00e4rme.","og_url":"https:\/\/dispotech.ch\/de\/prodotto\/dispo-hot\/","og_site_name":"Dispotech Shop","article_modified_time":"2025-05-05T15:33:21+00:00","og_image":[{"width":960,"height":960,"url":"https:\/\/dispotech.ch\/wp-content\/uploads\/2025\/04\/TNT-Dispo-Hot_1.jpg","type":"image\/jpeg"}],"twitter_card":"summary_large_image","twitter_misc":{"Gesch\u00e4tzte Lesezeit":"1\u00a0Minute"},"schema":{"@context":"https:\/\/schema.org","@graph":[{"@type":"WebPage","@id":"https:\/\/dispotech.ch\/de\/prodotto\/dispo-hot\/","url":"https:\/\/dispotech.ch\/de\/prodotto\/dispo-hot\/","name":"Dispo Hot \u2013 Selbstheizende Einweg-Sofort-W\u00e4rmekompresse f\u00fcr die Thermotherapie","isPartOf":{"@id":"https:\/\/dispotech.ch\/#website"},"primaryImageOfPage":{"@id":"https:\/\/dispotech.ch\/de\/prodotto\/dispo-hot\/#primaryimage"},"image":{"@id":"https:\/\/dispotech.ch\/de\/prodotto\/dispo-hot\/#primaryimage"},"thumbnailUrl":"https:\/\/dispotech.ch\/wp-content\/uploads\/2025\/04\/TNT-Dispo-Hot_1.jpg","datePublished":"2025-04-10T08:00:19+00:00","dateModified":"2025-05-05T15:33:21+00:00","description":"Entdecken Sie Dispo Hot, die selbstheizende Einweg-Sofort-W\u00e4rmekompresse von Dispotech. Sofortige Linderung von Muskel- und Gelenkschmerzen mit langanhaltender W\u00e4rme.","breadcrumb":{"@id":"https:\/\/dispotech.ch\/de\/prodotto\/dispo-hot\/#breadcrumb"},"inLanguage":"de","potentialAction":[{"@type":"ReadAction","target":["https:\/\/dispotech.ch\/de\/prodotto\/dispo-hot\/"]}]},{"@type":"ImageObject","inLanguage":"de","@id":"https:\/\/dispotech.ch\/de\/prodotto\/dispo-hot\/#primaryimage","url":"https:\/\/dispotech.ch\/wp-content\/uploads\/2025\/04\/TNT-Dispo-Hot_1.jpg","contentUrl":"https:\/\/dispotech.ch\/wp-content\/uploads\/2025\/04\/TNT-Dispo-Hot_1.jpg","width":960,"height":960,"caption":"Dispo Hot"},{"@type":"BreadcrumbList","@id":"https:\/\/dispotech.ch\/de\/prodotto\/dispo-hot\/#breadcrumb","itemListElement":[{"@type":"ListItem","position":1,"name":"Home","item":"https:\/\/dispotech.ch\/de\/"},{"@type":"ListItem","position":2,"name":"Shop","item":"https:\/\/dispotech.ch\/de\/shop\/"},{"@type":"ListItem","position":3,"name":"Dispo Hot"}]},{"@type":"WebSite","@id":"https:\/\/dispotech.ch\/#website","url":"https:\/\/dispotech.ch\/","name":"Dispotech Shop","description":"","potentialAction":[{"@type":"SearchAction","target":{"@type":"EntryPoint","urlTemplate":"https:\/\/dispotech.ch\/?s={search_term_string}"},"query-input":{"@type":"PropertyValueSpecification","valueRequired":true,"valueName":"search_term_string"}}],"inLanguage":"de"}]}},"_links":{"self":[{"href":"https:\/\/dispotech.ch\/de\/wp-json\/wp\/v2\/product\/26477","targetHints":{"allow":["GET"]}}],"collection":[{"href":"https:\/\/dispotech.ch\/de\/wp-json\/wp\/v2\/product"}],"about":[{"href":"https:\/\/dispotech.ch\/de\/wp-json\/wp\/v2\/types\/product"}],"replies":[{"embeddable":true,"href":"https:\/\/dispotech.ch\/de\/wp-json\/wp\/v2\/comments?post=26477"}],"wp:featuredmedia":[{"embeddable":true,"href":"https:\/\/dispotech.ch\/de\/wp-json\/wp\/v2\/media\/26472"}],"wp:attachment":[{"href":"https:\/\/dispotech.ch\/de\/wp-json\/wp\/v2\/media?parent=26477"}],"wp:term":[{"taxonomy":"product_brand","embeddable":true,"href":"https:\/\/dispotech.ch\/de\/wp-json\/wp\/v2\/product_brand?post=26477"},{"taxonomy":"product_cat","embeddable":true,"href":"https:\/\/dispotech.ch\/de\/wp-json\/wp\/v2\/product_cat?post=26477"},{"taxonomy":"product_tag","embeddable":true,"href":"https:\/\/dispotech.ch\/de\/wp-json\/wp\/v2\/product_tag?post=26477"}],"curies":[{"name":"wp","href":"https:\/\/api.w.org\/{rel}","templated":true}]}}