{"id":26492,"date":"2025-04-10T11:53:26","date_gmt":"2025-04-10T09:53:26","guid":{"rendered":"https:\/\/dispotech.ch\/prodotto\/dispo-band\/"},"modified":"2025-05-26T10:23:41","modified_gmt":"2025-05-26T08:23:41","slug":"dispo-band","status":"publish","type":"product","link":"https:\/\/dispotech.ch\/de\/prodotto\/dispo-band\/","title":{"rendered":"Dispo Band"},"content":{"rendered":"<h2>Dispo Band \u2013 Hygienische Einweg-Unterlage f\u00fcr Blutdruckmessger\u00e4te<\/h2>\n<p><span style=\"font-weight: 400;\">Dispo Band ist die ideale Einweg-Unterlage, um Hygiene und Schutz bei der Blutdruckmessung zu gew\u00e4hrleisten. <\/span><\/p>\n<p><span style=\"font-weight: 400;\"><strong>A<\/strong><strong style=\"font-weight: 400;\">us einer Lager Polyethylen und einer Lage reiner Zellstoffwatte<\/strong>, ist einfach anzuwenden: Die Schutzunterlage wird abgerissen, mit der Zelluloseseite auf die Haut gelegt und mit dem integrierten Klebestreifen fixiert. <\/span><\/p>\n<p><span style=\"font-weight: 400;\">Anschlie\u00dfend wird die Manschette des Blutdruckmessger\u00e4ts \u00fcber Dispo Band gelegt, um eine komfortable und hygienische Messung zu erm\u00f6glichen.<\/span><\/p>\n<p><span style=\"font-weight: 400;\">Perfekt f\u00fcr Arztpraxen, Krankenh\u00e4user und Apotheken \u2013 Dispo Band bietet eine praktische und effektive L\u00f6sung zur Einhaltung hoher Hygienestandards.<\/span><\/p>\n","protected":false},"excerpt":{"rendered":"<h2>Dispo Band \u2013 Hygienische Einweg-Unterlage f\u00fcr Blutdruckmessger\u00e4te<\/h2>\n<p><span style=\"font-weight: 400;\">Dispo Band ist die ideale Einweg-Unterlage, um Hygiene und Schutz bei der Blutdruckmessung zu gew\u00e4hrleisten. <\/span><\/p>\n<p><span style=\"font-weight: 400;\">Einfach anzuwenden: Die Schutzunterlage wird abgerissen, mit der Papierseite auf die Haut gelegt und mit dem integrierten Klebestreifen fixiert. <\/span><\/p>\n<p><span style=\"font-weight: 400;\">Anschlie\u00dfend wird die Manschette des Blutdruckmessger\u00e4ts \u00fcber Dispo Band gelegt, um eine komfortable und hygienische Messung zu erm\u00f6glichen.<\/span><\/p>\n<p><span style=\"font-weight: 400;\">Perfekt f\u00fcr Arztpraxen, Krankenh\u00e4user und Apotheken \u2013 Dispo Band bietet eine praktische und effektive L\u00f6sung zur Einhaltung hoher Hygienestandards.<\/span><\/p>\n","protected":false},"featured_media":26483,"comment_status":"open","ping_status":"closed","template":"","meta":{"_acf_changed":false},"product_brand":[],"product_cat":[451,453,418],"product_tag":[],"class_list":{"0":"post-26492","1":"product","2":"type-product","3":"status-publish","4":"has-post-thumbnail","6":"product_cat-als-beweis","7":"product_cat-medical-de","8":"product_cat-novita-de","10":"first","11":"instock","12":"taxable","13":"shipping-taxable","14":"purchasable","15":"product-type-simple"},"acf":[],"yoast_head":"<!-- This site is optimized with the Yoast SEO plugin v27.3 - https:\/\/yoast.com\/product\/yoast-seo-wordpress\/ -->\n<title>Dispo Band Hygienische Einweg-Unterlage f\u00fcr Blutdruckmessger\u00e4te<\/title>\n<meta name=\"description\" content=\"Entdecken Sie Dispo Band, die hygienische Einweg-Unterlage f\u00fcr Blutdruckmessger\u00e4te: praktisch, hygienisch und einfach anzuwenden. Ideal f\u00fcr Arztpraxen und Krankenh\u00e4user\" \/>\n<meta name=\"robots\" content=\"index, follow, max-snippet:-1, max-image-preview:large, max-video-preview:-1\" \/>\n<link rel=\"canonical\" href=\"https:\/\/dispotech.ch\/de\/prodotto\/dispo-band\/\" \/>\n<meta property=\"og:locale\" content=\"de_DE\" \/>\n<meta property=\"og:type\" content=\"article\" \/>\n<meta property=\"og:title\" content=\"Dispo Band Hygienische Einweg-Unterlage f\u00fcr Blutdruckmessger\u00e4te\" \/>\n<meta property=\"og:description\" content=\"Entdecken Sie Dispo Band, die hygienische Einweg-Unterlage f\u00fcr Blutdruckmessger\u00e4te: praktisch, hygienisch und einfach anzuwenden. Ideal f\u00fcr Arztpraxen und Krankenh\u00e4user\" \/>\n<meta property=\"og:url\" content=\"https:\/\/dispotech.ch\/de\/prodotto\/dispo-band\/\" \/>\n<meta property=\"og:site_name\" content=\"Dispotech Shop\" \/>\n<meta property=\"article:modified_time\" content=\"2025-05-26T08:23:41+00:00\" \/>\n<meta name=\"twitter:card\" content=\"summary_large_image\" \/>\n<meta name=\"twitter:label1\" content=\"Gesch\u00e4tzte Lesezeit\" \/>\n\t<meta name=\"twitter:data1\" content=\"1\u00a0Minute\" \/>\n<script type=\"application\/ld+json\" class=\"yoast-schema-graph\">{\"@context\":\"https:\\\/\\\/schema.org\",\"@graph\":[{\"@type\":\"WebPage\",\"@id\":\"https:\\\/\\\/dispotech.ch\\\/de\\\/prodotto\\\/dispo-band\\\/\",\"url\":\"https:\\\/\\\/dispotech.ch\\\/de\\\/prodotto\\\/dispo-band\\\/\",\"name\":\"Dispo Band Hygienische Einweg-Unterlage f\u00fcr Blutdruckmessger\u00e4te\",\"isPartOf\":{\"@id\":\"https:\\\/\\\/dispotech.ch\\\/#website\"},\"primaryImageOfPage\":{\"@id\":\"https:\\\/\\\/dispotech.ch\\\/de\\\/prodotto\\\/dispo-band\\\/#primaryimage\"},\"image\":{\"@id\":\"https:\\\/\\\/dispotech.ch\\\/de\\\/prodotto\\\/dispo-band\\\/#primaryimage\"},\"thumbnailUrl\":\"https:\\\/\\\/dispotech.ch\\\/wp-content\\\/uploads\\\/2025\\\/04\\\/Dispo-Band_1.png\",\"datePublished\":\"2025-04-10T09:53:26+00:00\",\"dateModified\":\"2025-05-26T08:23:41+00:00\",\"description\":\"Entdecken Sie Dispo Band, die hygienische Einweg-Unterlage f\u00fcr Blutdruckmessger\u00e4te: praktisch, hygienisch und einfach anzuwenden. Ideal f\u00fcr Arztpraxen und Krankenh\u00e4user\",\"breadcrumb\":{\"@id\":\"https:\\\/\\\/dispotech.ch\\\/de\\\/prodotto\\\/dispo-band\\\/#breadcrumb\"},\"inLanguage\":\"de\",\"potentialAction\":[{\"@type\":\"ReadAction\",\"target\":[\"https:\\\/\\\/dispotech.ch\\\/de\\\/prodotto\\\/dispo-band\\\/\"]}]},{\"@type\":\"ImageObject\",\"inLanguage\":\"de\",\"@id\":\"https:\\\/\\\/dispotech.ch\\\/de\\\/prodotto\\\/dispo-band\\\/#primaryimage\",\"url\":\"https:\\\/\\\/dispotech.ch\\\/wp-content\\\/uploads\\\/2025\\\/04\\\/Dispo-Band_1.png\",\"contentUrl\":\"https:\\\/\\\/dispotech.ch\\\/wp-content\\\/uploads\\\/2025\\\/04\\\/Dispo-Band_1.png\",\"width\":1080,\"height\":1080,\"caption\":\"Dispo Band\"},{\"@type\":\"BreadcrumbList\",\"@id\":\"https:\\\/\\\/dispotech.ch\\\/de\\\/prodotto\\\/dispo-band\\\/#breadcrumb\",\"itemListElement\":[{\"@type\":\"ListItem\",\"position\":1,\"name\":\"Home\",\"item\":\"https:\\\/\\\/dispotech.ch\\\/de\\\/\"},{\"@type\":\"ListItem\",\"position\":2,\"name\":\"Shop\",\"item\":\"https:\\\/\\\/dispotech.ch\\\/de\\\/shop\\\/\"},{\"@type\":\"ListItem\",\"position\":3,\"name\":\"Dispo Band\"}]},{\"@type\":\"WebSite\",\"@id\":\"https:\\\/\\\/dispotech.ch\\\/#website\",\"url\":\"https:\\\/\\\/dispotech.ch\\\/\",\"name\":\"Dispotech Shop\",\"description\":\"\",\"potentialAction\":[{\"@type\":\"SearchAction\",\"target\":{\"@type\":\"EntryPoint\",\"urlTemplate\":\"https:\\\/\\\/dispotech.ch\\\/?s={search_term_string}\"},\"query-input\":{\"@type\":\"PropertyValueSpecification\",\"valueRequired\":true,\"valueName\":\"search_term_string\"}}],\"inLanguage\":\"de\"}]}<\/script>\n<!-- \/ Yoast SEO plugin. -->","yoast_head_json":{"title":"Dispo Band Hygienische Einweg-Unterlage f\u00fcr Blutdruckmessger\u00e4te","description":"Entdecken Sie Dispo Band, die hygienische Einweg-Unterlage f\u00fcr Blutdruckmessger\u00e4te: praktisch, hygienisch und einfach anzuwenden. Ideal f\u00fcr Arztpraxen und Krankenh\u00e4user","robots":{"index":"index","follow":"follow","max-snippet":"max-snippet:-1","max-image-preview":"max-image-preview:large","max-video-preview":"max-video-preview:-1"},"canonical":"https:\/\/dispotech.ch\/de\/prodotto\/dispo-band\/","og_locale":"de_DE","og_type":"article","og_title":"Dispo Band Hygienische Einweg-Unterlage f\u00fcr Blutdruckmessger\u00e4te","og_description":"Entdecken Sie Dispo Band, die hygienische Einweg-Unterlage f\u00fcr Blutdruckmessger\u00e4te: praktisch, hygienisch und einfach anzuwenden. Ideal f\u00fcr Arztpraxen und Krankenh\u00e4user","og_url":"https:\/\/dispotech.ch\/de\/prodotto\/dispo-band\/","og_site_name":"Dispotech Shop","article_modified_time":"2025-05-26T08:23:41+00:00","twitter_card":"summary_large_image","twitter_misc":{"Gesch\u00e4tzte Lesezeit":"1\u00a0Minute"},"schema":{"@context":"https:\/\/schema.org","@graph":[{"@type":"WebPage","@id":"https:\/\/dispotech.ch\/de\/prodotto\/dispo-band\/","url":"https:\/\/dispotech.ch\/de\/prodotto\/dispo-band\/","name":"Dispo Band Hygienische Einweg-Unterlage f\u00fcr Blutdruckmessger\u00e4te","isPartOf":{"@id":"https:\/\/dispotech.ch\/#website"},"primaryImageOfPage":{"@id":"https:\/\/dispotech.ch\/de\/prodotto\/dispo-band\/#primaryimage"},"image":{"@id":"https:\/\/dispotech.ch\/de\/prodotto\/dispo-band\/#primaryimage"},"thumbnailUrl":"https:\/\/dispotech.ch\/wp-content\/uploads\/2025\/04\/Dispo-Band_1.png","datePublished":"2025-04-10T09:53:26+00:00","dateModified":"2025-05-26T08:23:41+00:00","description":"Entdecken Sie Dispo Band, die hygienische Einweg-Unterlage f\u00fcr Blutdruckmessger\u00e4te: praktisch, hygienisch und einfach anzuwenden. Ideal f\u00fcr Arztpraxen und Krankenh\u00e4user","breadcrumb":{"@id":"https:\/\/dispotech.ch\/de\/prodotto\/dispo-band\/#breadcrumb"},"inLanguage":"de","potentialAction":[{"@type":"ReadAction","target":["https:\/\/dispotech.ch\/de\/prodotto\/dispo-band\/"]}]},{"@type":"ImageObject","inLanguage":"de","@id":"https:\/\/dispotech.ch\/de\/prodotto\/dispo-band\/#primaryimage","url":"https:\/\/dispotech.ch\/wp-content\/uploads\/2025\/04\/Dispo-Band_1.png","contentUrl":"https:\/\/dispotech.ch\/wp-content\/uploads\/2025\/04\/Dispo-Band_1.png","width":1080,"height":1080,"caption":"Dispo Band"},{"@type":"BreadcrumbList","@id":"https:\/\/dispotech.ch\/de\/prodotto\/dispo-band\/#breadcrumb","itemListElement":[{"@type":"ListItem","position":1,"name":"Home","item":"https:\/\/dispotech.ch\/de\/"},{"@type":"ListItem","position":2,"name":"Shop","item":"https:\/\/dispotech.ch\/de\/shop\/"},{"@type":"ListItem","position":3,"name":"Dispo Band"}]},{"@type":"WebSite","@id":"https:\/\/dispotech.ch\/#website","url":"https:\/\/dispotech.ch\/","name":"Dispotech Shop","description":"","potentialAction":[{"@type":"SearchAction","target":{"@type":"EntryPoint","urlTemplate":"https:\/\/dispotech.ch\/?s={search_term_string}"},"query-input":{"@type":"PropertyValueSpecification","valueRequired":true,"valueName":"search_term_string"}}],"inLanguage":"de"}]}},"_links":{"self":[{"href":"https:\/\/dispotech.ch\/de\/wp-json\/wp\/v2\/product\/26492","targetHints":{"allow":["GET"]}}],"collection":[{"href":"https:\/\/dispotech.ch\/de\/wp-json\/wp\/v2\/product"}],"about":[{"href":"https:\/\/dispotech.ch\/de\/wp-json\/wp\/v2\/types\/product"}],"replies":[{"embeddable":true,"href":"https:\/\/dispotech.ch\/de\/wp-json\/wp\/v2\/comments?post=26492"}],"wp:featuredmedia":[{"embeddable":true,"href":"https:\/\/dispotech.ch\/de\/wp-json\/wp\/v2\/media\/26483"}],"wp:attachment":[{"href":"https:\/\/dispotech.ch\/de\/wp-json\/wp\/v2\/media?parent=26492"}],"wp:term":[{"taxonomy":"product_brand","embeddable":true,"href":"https:\/\/dispotech.ch\/de\/wp-json\/wp\/v2\/product_brand?post=26492"},{"taxonomy":"product_cat","embeddable":true,"href":"https:\/\/dispotech.ch\/de\/wp-json\/wp\/v2\/product_cat?post=26492"},{"taxonomy":"product_tag","embeddable":true,"href":"https:\/\/dispotech.ch\/de\/wp-json\/wp\/v2\/product_tag?post=26492"}],"curies":[{"name":"wp","href":"https:\/\/api.w.org\/{rel}","templated":true}]}}