{"id":26699,"date":"2025-05-05T17:45:04","date_gmt":"2025-05-05T15:45:04","guid":{"rendered":"https:\/\/dispotech.ch\/prodotto\/em40-aspiratore-per-trattamenti-odontoiatrici\/"},"modified":"2025-05-26T10:42:44","modified_gmt":"2025-05-26T08:42:44","slug":"em40-absauger-fuer-zahnaerztliche-behandlungen","status":"publish","type":"product","link":"https:\/\/dispotech.ch\/de\/prodotto\/em40-absauger-fuer-zahnaerztliche-behandlungen\/","title":{"rendered":"Absauger mit d\u00fcnnem, verl\u00e4ngertem Ende f\u00fcr zahn\u00e4rztliche Behandlungen"},"content":{"rendered":"<h2>Maximale Effizienz, minimales Volumen.<b><br \/>\n<\/b><\/h2>\n<p><span style=\"font-weight: 400;\">Die Absaugkan\u00fcle mit d\u00fcnnem, verl\u00e4ngertem Ende, die f\u00fcr <\/span><span style=\"font-weight: 400;\">maximalen <\/span><span style=\"font-weight: 400;\">Komfort w\u00e4hrend zahn\u00e4rztlicher Eingriffe entwickelt wurde. Hergestellt aus flexiblem, ungiftigem PVC-Material, verf\u00fcgt sie \u00fcber eine seitliche Sicherheits\u00f6ffnung, die den Saug-Effekt auf die Schleimh\u00e4ute verhindert und eine effektive Entfernung von Fl\u00fcssigkeiten und R\u00fcckst\u00e4nden w\u00e4hrend der Behandlung erm\u00f6glicht.<\/span><\/p>\n<h3>Hauptmerkmale:<\/h3>\n<ul>\n<li style=\"font-weight: 400;\" aria-level=\"1\"><b>Seitliches Sicherheitsloch<\/b><span style=\"font-weight: 400;\">: sch\u00fctzt Zahnfleisch und Schleimh\u00e4ute vor Verletzungen<\/span><\/li>\n<li style=\"font-weight: 400;\" aria-level=\"1\"><b>L\u00e4nge: 20 cm<\/b><span style=\"font-weight: 400;\"> \u2013 ideal f\u00fcr den intraoralen Einsatz<\/span><span style=\"font-weight: 400;\"><br \/>\n<\/span><b>Durchmesser: 1,1 cm<\/b><span style=\"font-weight: 400;\"> \u2013 f\u00fcr pr\u00e4zise und kontrollierte Absaugung<\/span><\/li>\n<li style=\"font-weight: 400;\" aria-level=\"1\"><b>Material<\/b><span style=\"font-weight: 400;\">: flexibles, medizinisches und ungiftiges PVC<\/span><\/li>\n<li style=\"font-weight: 400;\" aria-level=\"1\"><b>Autoklavierbar<\/b><span style=\"font-weight: 400;\">: bis 134 \u00b0C<\/span><\/li>\n<li style=\"font-weight: 400;\" aria-level=\"1\"><b>Farbe<\/b><span style=\"font-weight: 400;\">: Grau<\/span><span style=\"font-weight: 400;\"><br \/>\n<\/span><\/li>\n<\/ul>\n<h3>Warum diese Absaugkan\u00fcle w\u00e4hlen:<br \/>\n<span style=\"font-weight: 400;\">Sie wurde speziell f\u00fcr die orale Chirurgie entwickelt und bietet in jeder Phase der Behandlung Komfort und Sicherheit. Eine professionelle, zuverl\u00e4ssige L\u00f6sung, die h\u00f6chsten Standards im zahnmedizinischen Bereich entspricht.<\/span><\/h3>\n<h3><em>Erh\u00e4ltlich in Packungen zu 10 St\u00fcck.<\/em><b><\/b><\/h3>\n","protected":false},"excerpt":{"rendered":"<h2>Maximale Effizienz, minimales Volumen.<b><br \/>\n<\/b><\/h2>\n<p><span style=\"font-weight: 400;\">Die EM40 ist die Absaugkan\u00fcle, die f\u00fcr <\/span><span style=\"font-weight: 400;\">maximalen <\/span><span style=\"font-weight: 400;\">Komfort w\u00e4hrend zahn\u00e4rztlicher Eingriffe entwickelt wurde. Hergestellt aus flexiblem, ungiftigem PVC-Material, verf\u00fcgt sie \u00fcber eine seitliche Sicherheits\u00f6ffnung, die den Saug-Effekt auf die Schleimh\u00e4ute verhindert und eine effektive Entfernung von Fl\u00fcssigkeiten und R\u00fcckst\u00e4nden w\u00e4hrend der Behandlung erm\u00f6glicht.<\/span><\/p>\n<h3>Hauptmerkmale:<\/h3>\n<ul>\n<li style=\"font-weight: 400;\" aria-level=\"1\"><b>Seitliches Sicherheitsloch<\/b><span style=\"font-weight: 400;\">: sch\u00fctzt Zahnfleisch und Schleimh\u00e4ute vor Verletzungen<\/span><\/li>\n<li style=\"font-weight: 400;\" aria-level=\"1\"><b>L\u00e4nge: 20 cm<\/b><span style=\"font-weight: 400;\"> \u2013 ideal f\u00fcr den intraoralen Einsatz<\/span><span style=\"font-weight: 400;\"><br \/>\n<\/span><b>Durchmesser: 1,1 cm<\/b><span style=\"font-weight: 400;\"> \u2013 f\u00fcr pr\u00e4zise und kontrollierte Absaugung<\/span><\/li>\n<li style=\"font-weight: 400;\" aria-level=\"1\"><b>Material<\/b><span style=\"font-weight: 400;\">: flexibles, medizinisches und ungiftiges PVC<\/span><\/li>\n<li style=\"font-weight: 400;\" aria-level=\"1\"><b>Autoklavierbar<\/b><span style=\"font-weight: 400;\">: bis 134 \u00b0C<\/span><\/li>\n<li style=\"font-weight: 400;\" aria-level=\"1\"><b>Farbe<\/b><span style=\"font-weight: 400;\">: Grau<\/span><span style=\"font-weight: 400;\"><br \/>\n<\/span><\/li>\n<\/ul>\n<h3>Warum EM40 w\u00e4hlen:<br \/>\n<span style=\"font-weight: 400;\">Die EM40 wurde speziell f\u00fcr die orale Chirurgie entwickelt und bietet in jeder Phase der Behandlung Komfort und Sicherheit. Eine professionelle, zuverl\u00e4ssige L\u00f6sung, die h\u00f6chsten Standards im zahnmedizinischen Bereich entspricht.<\/span><\/h3>\n<h3><em>Erh\u00e4ltlich in Packungen zu 10 St\u00fcck.<\/em><b><br \/>\n<\/b><\/h3>\n<p><span style=\"font-weight: 400;\">Jetzt auf <\/span><b>dispotech.ch<\/b><span style=\"font-weight: 400;\"> bestellen und eine professionelle, sichere und komfortable Absaugung f\u00fcr Ihre Patienten sichern.<\/span><\/p>\n","protected":false},"featured_media":26700,"comment_status":"open","ping_status":"closed","template":"","meta":{"_acf_changed":false},"product_brand":[],"product_cat":[451,289,418],"product_tag":[],"class_list":{"0":"post-26699","1":"product","2":"type-product","3":"status-publish","4":"has-post-thumbnail","6":"product_cat-als-beweis","7":"product_cat-dental-de-2","8":"product_cat-novita-de","10":"first","11":"instock","12":"taxable","13":"shipping-taxable","14":"purchasable","15":"product-type-simple"},"acf":[],"yoast_head":"<!-- This site is optimized with the Yoast SEO plugin v27.3 - https:\/\/yoast.com\/product\/yoast-seo-wordpress\/ -->\n<title>EM40 Autoklavierbarer Absauger | Ideal f\u00fcr Zahnarztpraxen<\/title>\n<meta name=\"description\" content=\"Entdecken Sie EM40 \u2013 die autoklavierbare Absaugkan\u00fcle bis 134 \u00b0C: flexibel, sicher und ideal f\u00fcr jede zahn\u00e4rztliche Behandlung. Jetzt bestellen auf Dispotech.ch!\" \/>\n<meta name=\"robots\" content=\"index, follow, max-snippet:-1, max-image-preview:large, max-video-preview:-1\" \/>\n<link rel=\"canonical\" href=\"https:\/\/dispotech.ch\/de\/prodotto\/em40-absauger-fuer-zahnaerztliche-behandlungen\/\" \/>\n<meta property=\"og:locale\" content=\"de_DE\" \/>\n<meta property=\"og:type\" content=\"article\" \/>\n<meta property=\"og:title\" content=\"EM40 Autoklavierbarer Absauger | Ideal f\u00fcr Zahnarztpraxen\" \/>\n<meta property=\"og:description\" content=\"Entdecken Sie EM40 \u2013 die autoklavierbare Absaugkan\u00fcle bis 134 \u00b0C: flexibel, sicher und ideal f\u00fcr jede zahn\u00e4rztliche Behandlung. Jetzt bestellen auf Dispotech.ch!\" \/>\n<meta property=\"og:url\" content=\"https:\/\/dispotech.ch\/de\/prodotto\/em40-absauger-fuer-zahnaerztliche-behandlungen\/\" \/>\n<meta property=\"og:site_name\" content=\"Dispotech Shop\" \/>\n<meta property=\"article:modified_time\" content=\"2025-05-26T08:42:44+00:00\" \/>\n<meta property=\"og:image\" content=\"https:\/\/dispotech.ch\/wp-content\/uploads\/2025\/05\/EM40_Cannula_per_aspirazione.png\" \/>\n\t<meta property=\"og:image:width\" content=\"2726\" \/>\n\t<meta property=\"og:image:height\" content=\"3780\" \/>\n\t<meta property=\"og:image:type\" content=\"image\/png\" \/>\n<meta name=\"twitter:card\" content=\"summary_large_image\" \/>\n<meta name=\"twitter:label1\" content=\"Gesch\u00e4tzte Lesezeit\" \/>\n\t<meta name=\"twitter:data1\" content=\"1\u00a0Minute\" \/>\n<script type=\"application\/ld+json\" class=\"yoast-schema-graph\">{\"@context\":\"https:\\\/\\\/schema.org\",\"@graph\":[{\"@type\":\"WebPage\",\"@id\":\"https:\\\/\\\/dispotech.ch\\\/de\\\/prodotto\\\/em40-absauger-fuer-zahnaerztliche-behandlungen\\\/\",\"url\":\"https:\\\/\\\/dispotech.ch\\\/de\\\/prodotto\\\/em40-absauger-fuer-zahnaerztliche-behandlungen\\\/\",\"name\":\"EM40 Autoklavierbarer Absauger | Ideal f\u00fcr Zahnarztpraxen\",\"isPartOf\":{\"@id\":\"https:\\\/\\\/dispotech.ch\\\/#website\"},\"primaryImageOfPage\":{\"@id\":\"https:\\\/\\\/dispotech.ch\\\/de\\\/prodotto\\\/em40-absauger-fuer-zahnaerztliche-behandlungen\\\/#primaryimage\"},\"image\":{\"@id\":\"https:\\\/\\\/dispotech.ch\\\/de\\\/prodotto\\\/em40-absauger-fuer-zahnaerztliche-behandlungen\\\/#primaryimage\"},\"thumbnailUrl\":\"https:\\\/\\\/dispotech.ch\\\/wp-content\\\/uploads\\\/2025\\\/05\\\/EM40_Cannula_per_aspirazione.png\",\"datePublished\":\"2025-05-05T15:45:04+00:00\",\"dateModified\":\"2025-05-26T08:42:44+00:00\",\"description\":\"Entdecken Sie EM40 \u2013 die autoklavierbare Absaugkan\u00fcle bis 134 \u00b0C: flexibel, sicher und ideal f\u00fcr jede zahn\u00e4rztliche Behandlung. Jetzt bestellen auf Dispotech.ch!\",\"breadcrumb\":{\"@id\":\"https:\\\/\\\/dispotech.ch\\\/de\\\/prodotto\\\/em40-absauger-fuer-zahnaerztliche-behandlungen\\\/#breadcrumb\"},\"inLanguage\":\"de\",\"potentialAction\":[{\"@type\":\"ReadAction\",\"target\":[\"https:\\\/\\\/dispotech.ch\\\/de\\\/prodotto\\\/em40-absauger-fuer-zahnaerztliche-behandlungen\\\/\"]}]},{\"@type\":\"ImageObject\",\"inLanguage\":\"de\",\"@id\":\"https:\\\/\\\/dispotech.ch\\\/de\\\/prodotto\\\/em40-absauger-fuer-zahnaerztliche-behandlungen\\\/#primaryimage\",\"url\":\"https:\\\/\\\/dispotech.ch\\\/wp-content\\\/uploads\\\/2025\\\/05\\\/EM40_Cannula_per_aspirazione.png\",\"contentUrl\":\"https:\\\/\\\/dispotech.ch\\\/wp-content\\\/uploads\\\/2025\\\/05\\\/EM40_Cannula_per_aspirazione.png\",\"width\":2726,\"height\":3780,\"caption\":\"EM40 Autoklavierbarer Absauger\"},{\"@type\":\"BreadcrumbList\",\"@id\":\"https:\\\/\\\/dispotech.ch\\\/de\\\/prodotto\\\/em40-absauger-fuer-zahnaerztliche-behandlungen\\\/#breadcrumb\",\"itemListElement\":[{\"@type\":\"ListItem\",\"position\":1,\"name\":\"Home\",\"item\":\"https:\\\/\\\/dispotech.ch\\\/de\\\/\"},{\"@type\":\"ListItem\",\"position\":2,\"name\":\"Shop\",\"item\":\"https:\\\/\\\/dispotech.ch\\\/de\\\/shop\\\/\"},{\"@type\":\"ListItem\",\"position\":3,\"name\":\"Absauger mit d\u00fcnnem, verl\u00e4ngertem Ende f\u00fcr zahn\u00e4rztliche Behandlungen\"}]},{\"@type\":\"WebSite\",\"@id\":\"https:\\\/\\\/dispotech.ch\\\/#website\",\"url\":\"https:\\\/\\\/dispotech.ch\\\/\",\"name\":\"Dispotech Shop\",\"description\":\"\",\"potentialAction\":[{\"@type\":\"SearchAction\",\"target\":{\"@type\":\"EntryPoint\",\"urlTemplate\":\"https:\\\/\\\/dispotech.ch\\\/?s={search_term_string}\"},\"query-input\":{\"@type\":\"PropertyValueSpecification\",\"valueRequired\":true,\"valueName\":\"search_term_string\"}}],\"inLanguage\":\"de\"}]}<\/script>\n<!-- \/ Yoast SEO plugin. -->","yoast_head_json":{"title":"EM40 Autoklavierbarer Absauger | Ideal f\u00fcr Zahnarztpraxen","description":"Entdecken Sie EM40 \u2013 die autoklavierbare Absaugkan\u00fcle bis 134 \u00b0C: flexibel, sicher und ideal f\u00fcr jede zahn\u00e4rztliche Behandlung. Jetzt bestellen auf Dispotech.ch!","robots":{"index":"index","follow":"follow","max-snippet":"max-snippet:-1","max-image-preview":"max-image-preview:large","max-video-preview":"max-video-preview:-1"},"canonical":"https:\/\/dispotech.ch\/de\/prodotto\/em40-absauger-fuer-zahnaerztliche-behandlungen\/","og_locale":"de_DE","og_type":"article","og_title":"EM40 Autoklavierbarer Absauger | Ideal f\u00fcr Zahnarztpraxen","og_description":"Entdecken Sie EM40 \u2013 die autoklavierbare Absaugkan\u00fcle bis 134 \u00b0C: flexibel, sicher und ideal f\u00fcr jede zahn\u00e4rztliche Behandlung. Jetzt bestellen auf Dispotech.ch!","og_url":"https:\/\/dispotech.ch\/de\/prodotto\/em40-absauger-fuer-zahnaerztliche-behandlungen\/","og_site_name":"Dispotech Shop","article_modified_time":"2025-05-26T08:42:44+00:00","og_image":[{"width":2726,"height":3780,"url":"https:\/\/dispotech.ch\/wp-content\/uploads\/2025\/05\/EM40_Cannula_per_aspirazione.png","type":"image\/png"}],"twitter_card":"summary_large_image","twitter_misc":{"Gesch\u00e4tzte Lesezeit":"1\u00a0Minute"},"schema":{"@context":"https:\/\/schema.org","@graph":[{"@type":"WebPage","@id":"https:\/\/dispotech.ch\/de\/prodotto\/em40-absauger-fuer-zahnaerztliche-behandlungen\/","url":"https:\/\/dispotech.ch\/de\/prodotto\/em40-absauger-fuer-zahnaerztliche-behandlungen\/","name":"EM40 Autoklavierbarer Absauger | Ideal f\u00fcr Zahnarztpraxen","isPartOf":{"@id":"https:\/\/dispotech.ch\/#website"},"primaryImageOfPage":{"@id":"https:\/\/dispotech.ch\/de\/prodotto\/em40-absauger-fuer-zahnaerztliche-behandlungen\/#primaryimage"},"image":{"@id":"https:\/\/dispotech.ch\/de\/prodotto\/em40-absauger-fuer-zahnaerztliche-behandlungen\/#primaryimage"},"thumbnailUrl":"https:\/\/dispotech.ch\/wp-content\/uploads\/2025\/05\/EM40_Cannula_per_aspirazione.png","datePublished":"2025-05-05T15:45:04+00:00","dateModified":"2025-05-26T08:42:44+00:00","description":"Entdecken Sie EM40 \u2013 die autoklavierbare Absaugkan\u00fcle bis 134 \u00b0C: flexibel, sicher und ideal f\u00fcr jede zahn\u00e4rztliche Behandlung. Jetzt bestellen auf Dispotech.ch!","breadcrumb":{"@id":"https:\/\/dispotech.ch\/de\/prodotto\/em40-absauger-fuer-zahnaerztliche-behandlungen\/#breadcrumb"},"inLanguage":"de","potentialAction":[{"@type":"ReadAction","target":["https:\/\/dispotech.ch\/de\/prodotto\/em40-absauger-fuer-zahnaerztliche-behandlungen\/"]}]},{"@type":"ImageObject","inLanguage":"de","@id":"https:\/\/dispotech.ch\/de\/prodotto\/em40-absauger-fuer-zahnaerztliche-behandlungen\/#primaryimage","url":"https:\/\/dispotech.ch\/wp-content\/uploads\/2025\/05\/EM40_Cannula_per_aspirazione.png","contentUrl":"https:\/\/dispotech.ch\/wp-content\/uploads\/2025\/05\/EM40_Cannula_per_aspirazione.png","width":2726,"height":3780,"caption":"EM40 Autoklavierbarer Absauger"},{"@type":"BreadcrumbList","@id":"https:\/\/dispotech.ch\/de\/prodotto\/em40-absauger-fuer-zahnaerztliche-behandlungen\/#breadcrumb","itemListElement":[{"@type":"ListItem","position":1,"name":"Home","item":"https:\/\/dispotech.ch\/de\/"},{"@type":"ListItem","position":2,"name":"Shop","item":"https:\/\/dispotech.ch\/de\/shop\/"},{"@type":"ListItem","position":3,"name":"Absauger mit d\u00fcnnem, verl\u00e4ngertem Ende f\u00fcr zahn\u00e4rztliche Behandlungen"}]},{"@type":"WebSite","@id":"https:\/\/dispotech.ch\/#website","url":"https:\/\/dispotech.ch\/","name":"Dispotech Shop","description":"","potentialAction":[{"@type":"SearchAction","target":{"@type":"EntryPoint","urlTemplate":"https:\/\/dispotech.ch\/?s={search_term_string}"},"query-input":{"@type":"PropertyValueSpecification","valueRequired":true,"valueName":"search_term_string"}}],"inLanguage":"de"}]}},"_links":{"self":[{"href":"https:\/\/dispotech.ch\/de\/wp-json\/wp\/v2\/product\/26699","targetHints":{"allow":["GET"]}}],"collection":[{"href":"https:\/\/dispotech.ch\/de\/wp-json\/wp\/v2\/product"}],"about":[{"href":"https:\/\/dispotech.ch\/de\/wp-json\/wp\/v2\/types\/product"}],"replies":[{"embeddable":true,"href":"https:\/\/dispotech.ch\/de\/wp-json\/wp\/v2\/comments?post=26699"}],"wp:featuredmedia":[{"embeddable":true,"href":"https:\/\/dispotech.ch\/de\/wp-json\/wp\/v2\/media\/26700"}],"wp:attachment":[{"href":"https:\/\/dispotech.ch\/de\/wp-json\/wp\/v2\/media?parent=26699"}],"wp:term":[{"taxonomy":"product_brand","embeddable":true,"href":"https:\/\/dispotech.ch\/de\/wp-json\/wp\/v2\/product_brand?post=26699"},{"taxonomy":"product_cat","embeddable":true,"href":"https:\/\/dispotech.ch\/de\/wp-json\/wp\/v2\/product_cat?post=26699"},{"taxonomy":"product_tag","embeddable":true,"href":"https:\/\/dispotech.ch\/de\/wp-json\/wp\/v2\/product_tag?post=26699"}],"curies":[{"name":"wp","href":"https:\/\/api.w.org\/{rel}","templated":true}]}}