{"id":27199,"date":"2025-05-23T17:11:16","date_gmt":"2025-05-23T15:11:16","guid":{"rendered":"https:\/\/dispotech.ch\/prodotto\/hygoformic-l-bio\/"},"modified":"2025-05-26T11:18:49","modified_gmt":"2025-05-26T09:18:49","slug":"hygoformic-l-bio-fuer-kinder","status":"publish","type":"product","link":"https:\/\/dispotech.ch\/de\/prodotto\/hygoformic-l-bio-fuer-kinder\/","title":{"rendered":"Hygoformic L Bio &#8211; f\u00fcr Kinder"},"content":{"rendered":"<h2>Hygoformic L Bio \u2013 Flexibler und umweltfreundlicher Speichelsauger mit Zungenhalter f\u00fcr Kinder<\/h2>\n<p><span style=\"font-weight: 400;\">Hygoformic L Bio ist der <\/span><b>umweltfreundlicher einweg-Speichelzieher mit Zungenhalter<\/b><span style=\"font-weight: 400;\">, der speziell f\u00fcr Kinder entwickelt wurde. <\/span><\/p>\n<p><span style=\"font-weight: 400;\">Dank seiner geringen Gr\u00f6\u00dfe und seiner Flexibilit\u00e4t <\/span><b>passt er sich leicht an kleine M\u00fcnder an<\/b><span style=\"font-weight: 400;\">.<\/span><\/p>\n<p><span style=\"font-weight: 400;\">Hergestellt aus Green PE, einem vollst\u00e4ndig erneuerbaren Kunststoff pflanzlichen Ursprungs (Zuckerrohr), ist er<\/span><b> v\u00f6llig frei von fossilen Materialien<\/b><span style=\"font-weight: 400;\"> (wie Erd\u00f6l und Erdgas) und bietet eine <\/span><b>au\u00dfergew\u00f6hnliche Flexibilit\u00e4t<\/b><span style=\"font-weight: 400;\">, da er sich leicht an den Mund des kleinen Patienten anpasst, ohne dass zus\u00e4tzliche St\u00fctzen erforderlich sind.\u00a0<\/span><\/p>\n<p><span style=\"font-weight: 400;\">Perfekt f\u00fcr die umweltfreundliche Kinderzahnpflege.<\/span><\/p>\n<ul>\n<li><b>Einwegprodukt<\/b><span style=\"font-weight: 400;\">, nicht autoklavierbar<\/span><\/li>\n<li><span style=\"font-weight: 400;\">Hergestellt <\/span><b>aus organischem Polyethylen<\/b><span style=\"font-weight: 400;\"> aus Zuckerrohr<\/span><\/li>\n<li><span style=\"font-weight: 400;\">Hergestellt <\/span><b>ohne Erd\u00f6l oder Erdgas<\/b><\/li>\n<li><b>Verstellbar <\/b><span style=\"font-weight: 400;\">und weich im Griff<\/span><\/li>\n<li><b>Hohe Gewebevertr\u00e4glichkeit<\/b><\/li>\n<li><b>Zungenst\u00fctze<\/b><\/li>\n<li><span style=\"font-weight: 400;\">Steht von selbst <\/span><b>ohne zus\u00e4tzliches Eingreifen<\/b><span style=\"font-weight: 400;\"> an Ort und Stelle<\/span><\/li>\n<li>1 Packung mit <b>1000 St\u00fcck und Adaptern<\/b><\/li>\n<\/ul>\n<h2><em>Packung mit 1000 St\u00fcck mit Adaptern<\/em><\/h2>\n","protected":false},"excerpt":{"rendered":"<h2>Hygoformic L Bio \u2013 Flexibler und umweltfreundlicher Speichelsauger mit Zungenhalter f\u00fcr Kinder<\/h2>\n<p><span style=\"font-weight: 400;\">Hygoformic L Bio ist der <\/span><b>umweltfreundlicher einweg-Speichelzieher mit Zungenhalter<\/b><span style=\"font-weight: 400;\">, der speziell f\u00fcr Kinder entwickelt wurde. <\/span><\/p>\n<p><span style=\"font-weight: 400;\">Dank seiner geringen Gr\u00f6\u00dfe und seiner Flexibilit\u00e4t <\/span><b>passt er sich leicht an kleine M\u00fcnder an<\/b><span style=\"font-weight: 400;\">.<\/span><\/p>\n<p><span style=\"font-weight: 400;\">Hergestellt aus Green PE, einem vollst\u00e4ndig erneuerbaren Kunststoff pflanzlichen Ursprungs (Zuckerrohr), ist er<\/span><b> v\u00f6llig frei von fossilen Materialien<\/b><span style=\"font-weight: 400;\"> (wie Erd\u00f6l und Erdgas) und bietet eine <\/span><b>au\u00dfergew\u00f6hnliche Flexibilit\u00e4t<\/b><span style=\"font-weight: 400;\">, da er sich leicht an den Mund des kleinen Patienten anpasst, ohne dass zus\u00e4tzliche St\u00fctzen erforderlich sind.\u00a0<\/span><\/p>\n<p><span style=\"font-weight: 400;\">Perfekt f\u00fcr die umweltfreundliche Kinderzahnpflege.<\/span><\/p>\n<ul>\n<li><b>Einwegprodukt<\/b><span style=\"font-weight: 400;\">, nicht autoklavierbar<\/span><\/li>\n<li><span style=\"font-weight: 400;\">Hergestellt <\/span><b>aus organischem Polyethylen<\/b><span style=\"font-weight: 400;\"> aus Zuckerrohr<\/span><\/li>\n<li><span style=\"font-weight: 400;\">Hergestellt <\/span><b>ohne Erd\u00f6l oder Erdgas<\/b><\/li>\n<li><b>Verstellbar <\/b><span style=\"font-weight: 400;\">und weich im Griff<\/span><\/li>\n<li><b>Hohe Gewebevertr\u00e4glichkeit<\/b><\/li>\n<li><b>Zungenst\u00fctze<\/b><\/li>\n<li><span style=\"font-weight: 400;\">Steht von selbst <\/span><b>ohne zus\u00e4tzliches Eingreifen<\/b><span style=\"font-weight: 400;\"> an Ort und Stelle<\/span><\/li>\n<li>1 Packung mit <b>1000 St\u00fcck und Adaptern<\/b><\/li>\n<\/ul>\n<h2><em>Packung mit 1000 St\u00fcck mit Adaptern<\/em><\/h2>\n","protected":false},"featured_media":27188,"comment_status":"open","ping_status":"closed","template":"","meta":{"_acf_changed":false},"product_brand":[],"product_cat":[451,289,418],"product_tag":[],"class_list":{"0":"post-27199","1":"product","2":"type-product","3":"status-publish","4":"has-post-thumbnail","6":"product_cat-als-beweis","7":"product_cat-dental-de-2","8":"product_cat-novita-de","10":"first","11":"instock","12":"taxable","13":"shipping-taxable","14":"purchasable","15":"product-type-simple"},"acf":[],"yoast_head":"<!-- This site is optimized with the Yoast SEO plugin v27.3 - https:\/\/yoast.com\/product\/yoast-seo-wordpress\/ -->\n<title>Hygoformic L Bio f\u00fcr Kinder | Umweltfreundlicher Speichelzieher f\u00fcr Kinder mit Zungenhalter<\/title>\n<meta name=\"description\" content=\"Hygoformic L Bio: speziell f\u00fcr Kinder entwickelt. Ein umweltfreundlicher, flexibler Speichelsauger ohne Metall \u2013 ideal f\u00fcr kleine M\u00fcnder.\" \/>\n<meta name=\"robots\" content=\"index, follow, max-snippet:-1, max-image-preview:large, max-video-preview:-1\" \/>\n<link rel=\"canonical\" href=\"https:\/\/dispotech.ch\/de\/prodotto\/hygoformic-l-bio-fuer-kinder\/\" \/>\n<meta property=\"og:locale\" content=\"de_DE\" \/>\n<meta property=\"og:type\" content=\"article\" \/>\n<meta property=\"og:title\" content=\"Hygoformic L Bio f\u00fcr Kinder | Umweltfreundlicher Speichelzieher f\u00fcr Kinder mit Zungenhalter\" \/>\n<meta property=\"og:description\" content=\"Hygoformic L Bio: speziell f\u00fcr Kinder entwickelt. Ein umweltfreundlicher, flexibler Speichelsauger ohne Metall \u2013 ideal f\u00fcr kleine M\u00fcnder.\" \/>\n<meta property=\"og:url\" content=\"https:\/\/dispotech.ch\/de\/prodotto\/hygoformic-l-bio-fuer-kinder\/\" \/>\n<meta property=\"og:site_name\" content=\"Dispotech Shop\" \/>\n<meta property=\"article:modified_time\" content=\"2025-05-26T09:18:49+00:00\" \/>\n<meta name=\"twitter:card\" content=\"summary_large_image\" \/>\n<meta name=\"twitter:label1\" content=\"Gesch\u00e4tzte Lesezeit\" \/>\n\t<meta name=\"twitter:data1\" content=\"1\u00a0Minute\" \/>\n<script type=\"application\/ld+json\" class=\"yoast-schema-graph\">{\"@context\":\"https:\\\/\\\/schema.org\",\"@graph\":[{\"@type\":\"WebPage\",\"@id\":\"https:\\\/\\\/dispotech.ch\\\/de\\\/prodotto\\\/hygoformic-l-bio-fuer-kinder\\\/\",\"url\":\"https:\\\/\\\/dispotech.ch\\\/de\\\/prodotto\\\/hygoformic-l-bio-fuer-kinder\\\/\",\"name\":\"Hygoformic L Bio f\u00fcr Kinder | Umweltfreundlicher Speichelzieher f\u00fcr Kinder mit Zungenhalter\",\"isPartOf\":{\"@id\":\"https:\\\/\\\/dispotech.ch\\\/#website\"},\"primaryImageOfPage\":{\"@id\":\"https:\\\/\\\/dispotech.ch\\\/de\\\/prodotto\\\/hygoformic-l-bio-fuer-kinder\\\/#primaryimage\"},\"image\":{\"@id\":\"https:\\\/\\\/dispotech.ch\\\/de\\\/prodotto\\\/hygoformic-l-bio-fuer-kinder\\\/#primaryimage\"},\"thumbnailUrl\":\"https:\\\/\\\/dispotech.ch\\\/wp-content\\\/uploads\\\/2025\\\/05\\\/Hygoformic_L_Bio_2.jpg\",\"datePublished\":\"2025-05-23T15:11:16+00:00\",\"dateModified\":\"2025-05-26T09:18:49+00:00\",\"description\":\"Hygoformic L Bio: speziell f\u00fcr Kinder entwickelt. Ein umweltfreundlicher, flexibler Speichelsauger ohne Metall \u2013 ideal f\u00fcr kleine M\u00fcnder.\",\"breadcrumb\":{\"@id\":\"https:\\\/\\\/dispotech.ch\\\/de\\\/prodotto\\\/hygoformic-l-bio-fuer-kinder\\\/#breadcrumb\"},\"inLanguage\":\"de\",\"potentialAction\":[{\"@type\":\"ReadAction\",\"target\":[\"https:\\\/\\\/dispotech.ch\\\/de\\\/prodotto\\\/hygoformic-l-bio-fuer-kinder\\\/\"]}]},{\"@type\":\"ImageObject\",\"inLanguage\":\"de\",\"@id\":\"https:\\\/\\\/dispotech.ch\\\/de\\\/prodotto\\\/hygoformic-l-bio-fuer-kinder\\\/#primaryimage\",\"url\":\"https:\\\/\\\/dispotech.ch\\\/wp-content\\\/uploads\\\/2025\\\/05\\\/Hygoformic_L_Bio_2.jpg\",\"contentUrl\":\"https:\\\/\\\/dispotech.ch\\\/wp-content\\\/uploads\\\/2025\\\/05\\\/Hygoformic_L_Bio_2.jpg\",\"width\":2560,\"height\":1707,\"caption\":\"Hygoformic_L_Bio_2\"},{\"@type\":\"BreadcrumbList\",\"@id\":\"https:\\\/\\\/dispotech.ch\\\/de\\\/prodotto\\\/hygoformic-l-bio-fuer-kinder\\\/#breadcrumb\",\"itemListElement\":[{\"@type\":\"ListItem\",\"position\":1,\"name\":\"Home\",\"item\":\"https:\\\/\\\/dispotech.ch\\\/de\\\/\"},{\"@type\":\"ListItem\",\"position\":2,\"name\":\"Shop\",\"item\":\"https:\\\/\\\/dispotech.ch\\\/de\\\/shop\\\/\"},{\"@type\":\"ListItem\",\"position\":3,\"name\":\"Hygoformic L Bio &#8211; f\u00fcr Kinder\"}]},{\"@type\":\"WebSite\",\"@id\":\"https:\\\/\\\/dispotech.ch\\\/#website\",\"url\":\"https:\\\/\\\/dispotech.ch\\\/\",\"name\":\"Dispotech Shop\",\"description\":\"\",\"potentialAction\":[{\"@type\":\"SearchAction\",\"target\":{\"@type\":\"EntryPoint\",\"urlTemplate\":\"https:\\\/\\\/dispotech.ch\\\/?s={search_term_string}\"},\"query-input\":{\"@type\":\"PropertyValueSpecification\",\"valueRequired\":true,\"valueName\":\"search_term_string\"}}],\"inLanguage\":\"de\"}]}<\/script>\n<!-- \/ Yoast SEO plugin. -->","yoast_head_json":{"title":"Hygoformic L Bio f\u00fcr Kinder | Umweltfreundlicher Speichelzieher f\u00fcr Kinder mit Zungenhalter","description":"Hygoformic L Bio: speziell f\u00fcr Kinder entwickelt. Ein umweltfreundlicher, flexibler Speichelsauger ohne Metall \u2013 ideal f\u00fcr kleine M\u00fcnder.","robots":{"index":"index","follow":"follow","max-snippet":"max-snippet:-1","max-image-preview":"max-image-preview:large","max-video-preview":"max-video-preview:-1"},"canonical":"https:\/\/dispotech.ch\/de\/prodotto\/hygoformic-l-bio-fuer-kinder\/","og_locale":"de_DE","og_type":"article","og_title":"Hygoformic L Bio f\u00fcr Kinder | Umweltfreundlicher Speichelzieher f\u00fcr Kinder mit Zungenhalter","og_description":"Hygoformic L Bio: speziell f\u00fcr Kinder entwickelt. Ein umweltfreundlicher, flexibler Speichelsauger ohne Metall \u2013 ideal f\u00fcr kleine M\u00fcnder.","og_url":"https:\/\/dispotech.ch\/de\/prodotto\/hygoformic-l-bio-fuer-kinder\/","og_site_name":"Dispotech Shop","article_modified_time":"2025-05-26T09:18:49+00:00","twitter_card":"summary_large_image","twitter_misc":{"Gesch\u00e4tzte Lesezeit":"1\u00a0Minute"},"schema":{"@context":"https:\/\/schema.org","@graph":[{"@type":"WebPage","@id":"https:\/\/dispotech.ch\/de\/prodotto\/hygoformic-l-bio-fuer-kinder\/","url":"https:\/\/dispotech.ch\/de\/prodotto\/hygoformic-l-bio-fuer-kinder\/","name":"Hygoformic L Bio f\u00fcr Kinder | Umweltfreundlicher Speichelzieher f\u00fcr Kinder mit Zungenhalter","isPartOf":{"@id":"https:\/\/dispotech.ch\/#website"},"primaryImageOfPage":{"@id":"https:\/\/dispotech.ch\/de\/prodotto\/hygoformic-l-bio-fuer-kinder\/#primaryimage"},"image":{"@id":"https:\/\/dispotech.ch\/de\/prodotto\/hygoformic-l-bio-fuer-kinder\/#primaryimage"},"thumbnailUrl":"https:\/\/dispotech.ch\/wp-content\/uploads\/2025\/05\/Hygoformic_L_Bio_2.jpg","datePublished":"2025-05-23T15:11:16+00:00","dateModified":"2025-05-26T09:18:49+00:00","description":"Hygoformic L Bio: speziell f\u00fcr Kinder entwickelt. Ein umweltfreundlicher, flexibler Speichelsauger ohne Metall \u2013 ideal f\u00fcr kleine M\u00fcnder.","breadcrumb":{"@id":"https:\/\/dispotech.ch\/de\/prodotto\/hygoformic-l-bio-fuer-kinder\/#breadcrumb"},"inLanguage":"de","potentialAction":[{"@type":"ReadAction","target":["https:\/\/dispotech.ch\/de\/prodotto\/hygoformic-l-bio-fuer-kinder\/"]}]},{"@type":"ImageObject","inLanguage":"de","@id":"https:\/\/dispotech.ch\/de\/prodotto\/hygoformic-l-bio-fuer-kinder\/#primaryimage","url":"https:\/\/dispotech.ch\/wp-content\/uploads\/2025\/05\/Hygoformic_L_Bio_2.jpg","contentUrl":"https:\/\/dispotech.ch\/wp-content\/uploads\/2025\/05\/Hygoformic_L_Bio_2.jpg","width":2560,"height":1707,"caption":"Hygoformic_L_Bio_2"},{"@type":"BreadcrumbList","@id":"https:\/\/dispotech.ch\/de\/prodotto\/hygoformic-l-bio-fuer-kinder\/#breadcrumb","itemListElement":[{"@type":"ListItem","position":1,"name":"Home","item":"https:\/\/dispotech.ch\/de\/"},{"@type":"ListItem","position":2,"name":"Shop","item":"https:\/\/dispotech.ch\/de\/shop\/"},{"@type":"ListItem","position":3,"name":"Hygoformic L Bio &#8211; f\u00fcr Kinder"}]},{"@type":"WebSite","@id":"https:\/\/dispotech.ch\/#website","url":"https:\/\/dispotech.ch\/","name":"Dispotech Shop","description":"","potentialAction":[{"@type":"SearchAction","target":{"@type":"EntryPoint","urlTemplate":"https:\/\/dispotech.ch\/?s={search_term_string}"},"query-input":{"@type":"PropertyValueSpecification","valueRequired":true,"valueName":"search_term_string"}}],"inLanguage":"de"}]}},"_links":{"self":[{"href":"https:\/\/dispotech.ch\/de\/wp-json\/wp\/v2\/product\/27199","targetHints":{"allow":["GET"]}}],"collection":[{"href":"https:\/\/dispotech.ch\/de\/wp-json\/wp\/v2\/product"}],"about":[{"href":"https:\/\/dispotech.ch\/de\/wp-json\/wp\/v2\/types\/product"}],"replies":[{"embeddable":true,"href":"https:\/\/dispotech.ch\/de\/wp-json\/wp\/v2\/comments?post=27199"}],"wp:featuredmedia":[{"embeddable":true,"href":"https:\/\/dispotech.ch\/de\/wp-json\/wp\/v2\/media\/27188"}],"wp:attachment":[{"href":"https:\/\/dispotech.ch\/de\/wp-json\/wp\/v2\/media?parent=27199"}],"wp:term":[{"taxonomy":"product_brand","embeddable":true,"href":"https:\/\/dispotech.ch\/de\/wp-json\/wp\/v2\/product_brand?post=27199"},{"taxonomy":"product_cat","embeddable":true,"href":"https:\/\/dispotech.ch\/de\/wp-json\/wp\/v2\/product_cat?post=27199"},{"taxonomy":"product_tag","embeddable":true,"href":"https:\/\/dispotech.ch\/de\/wp-json\/wp\/v2\/product_tag?post=27199"}],"curies":[{"name":"wp","href":"https:\/\/api.w.org\/{rel}","templated":true}]}}