{"id":19911,"date":"2020-02-06T13:51:22","date_gmt":"2020-02-06T12:51:22","guid":{"rendered":"https:\/\/dispotech.test.ddss.ch\/impressum\/"},"modified":"2022-01-20T18:05:56","modified_gmt":"2022-01-20T17:05:56","slug":"impressum","status":"publish","type":"page","link":"https:\/\/dispotech.ch\/fr\/impressum\/","title":{"rendered":"impressum"},"content":{"rendered":"<p>[fusion_builder_container hundred_percent=\u00a0\u00bbno\u00a0\u00bb equal_height_columns=\u00a0\u00bbno\u00a0\u00bb menu_anchor=\u00a0\u00bb\u00a0\u00bb hide_on_mobile=\u00a0\u00bbsmall-visibility,medium-visibility,large-visibility\u00a0\u00bb class=\u00a0\u00bb\u00a0\u00bb id=\u00a0\u00bb\u00a0\u00bb background_color=\u00a0\u00bb\u00a0\u00bb background_image=\u00a0\u00bb\u00a0\u00bb background_position=\u00a0\u00bbcenter center\u00a0\u00bb background_repeat=\u00a0\u00bbno-repeat\u00a0\u00bb fade=\u00a0\u00bbno\u00a0\u00bb background_parallax=\u00a0\u00bbnone\u00a0\u00bb parallax_speed=\u00a0\u00bb0.3&Prime; video_mp4=\u00a0\u00bb\u00a0\u00bb video_webm=\u00a0\u00bb\u00a0\u00bb video_ogv=\u00a0\u00bb\u00a0\u00bb video_url=\u00a0\u00bb\u00a0\u00bb video_aspect_ratio=\u00a0\u00bb16:9&Prime; video_loop=\u00a0\u00bbyes\u00a0\u00bb video_mute=\u00a0\u00bbyes\u00a0\u00bb overlay_color=\u00a0\u00bb\u00a0\u00bb video_preview_image=\u00a0\u00bb\u00a0\u00bb border_size=\u00a0\u00bb\u00a0\u00bb border_color=\u00a0\u00bb\u00a0\u00bb border_style=\u00a0\u00bbsolid\u00a0\u00bb padding_top=\u00a0\u00bb\u00a0\u00bb padding_bottom=\u00a0\u00bb\u00a0\u00bb padding_left=\u00a0\u00bb\u00a0\u00bb padding_right=\u00a0\u00bb\u00a0\u00bb][fusion_builder_row][fusion_builder_column type=\u00a0\u00bb1_1&Prime; layout=\u00a0\u00bb1_1&Prime; background_position=\u00a0\u00bbleft top\u00a0\u00bb background_color=\u00a0\u00bb\u00a0\u00bb border_size=\u00a0\u00bb\u00a0\u00bb border_color=\u00a0\u00bb\u00a0\u00bb border_style=\u00a0\u00bbsolid\u00a0\u00bb border_position=\u00a0\u00bball\u00a0\u00bb spacing=\u00a0\u00bbyes\u00a0\u00bb background_image=\u00a0\u00bb\u00a0\u00bb background_repeat=\u00a0\u00bbno-repeat\u00a0\u00bb padding_top=\u00a0\u00bb\u00a0\u00bb padding_right=\u00a0\u00bb\u00a0\u00bb padding_bottom=\u00a0\u00bb\u00a0\u00bb padding_left=\u00a0\u00bb\u00a0\u00bb margin_top=\u00a0\u00bb0px\u00a0\u00bb margin_bottom=\u00a0\u00bb0px\u00a0\u00bb class=\u00a0\u00bb\u00a0\u00bb id=\u00a0\u00bb\u00a0\u00bb animation_type=\u00a0\u00bb\u00a0\u00bb animation_speed=\u00a0\u00bb0.3&Prime; animation_direction=\u00a0\u00bbleft\u00a0\u00bb hide_on_mobile=\u00a0\u00bbsmall-visibility,medium-visibility,large-visibility\u00a0\u00bb center_content=\u00a0\u00bbno\u00a0\u00bb last=\u00a0\u00bbno\u00a0\u00bb min_height=\u00a0\u00bb\u00a0\u00bb hover_type=\u00a0\u00bbnone\u00a0\u00bb link=\u00a0\u00bb\u00a0\u00bb][fusion_title title_type=\u00a0\u00bbtext\u00a0\u00bb rotation_effect=\u00a0\u00bbbounceIn\u00a0\u00bb display_time=\u00a0\u00bb1200&Prime; highlight_effect=\u00a0\u00bbcircle\u00a0\u00bb loop_animation=\u00a0\u00bboff\u00a0\u00bb highlight_width=\u00a0\u00bb9&Prime; highlight_top_margin=\u00a0\u00bb0&Prime; rotation_text=\u00a0\u00bb\u00a0\u00bb highlight_text=\u00a0\u00bb\u00a0\u00bb after_text=\u00a0\u00bb\u00a0\u00bb hide_on_mobile=\u00a0\u00bbsmall-visibility,medium-visibility,large-visibility\u00a0\u00bb class=\u00a0\u00bb\u00a0\u00bb id=\u00a0\u00bb\u00a0\u00bb before_text=\u00a0\u00bb\u00a0\u00bb content_align=\u00a0\u00bbleft\u00a0\u00bb size=\u00a0\u00bb1&Prime; font_size=\u00a0\u00bb\u00a0\u00bb animated_font_size=\u00a0\u00bb\u00a0\u00bb line_height=\u00a0\u00bb\u00a0\u00bb letter_spacing=\u00a0\u00bb\u00a0\u00bb margin_top=\u00a0\u00bb\u00a0\u00bb margin_bottom=\u00a0\u00bb\u00a0\u00bb margin_top_mobile=\u00a0\u00bb\u00a0\u00bb margin_bottom_mobile=\u00a0\u00bb\u00a0\u00bb text_color=\u00a0\u00bb\u00a0\u00bb animated_text_color=\u00a0\u00bb\u00a0\u00bb highlight_color=\u00a0\u00bb\u00a0\u00bb style_type=\u00a0\u00bbdefault\u00a0\u00bb sep_color=\u00a0\u00bb\u00a0\u00bb]<\/p>\n<p>IMPRESSUM<\/p>\n<p>[\/fusion_title][fusion_text columns=\u00a0\u00bb\u00a0\u00bb column_min_width=\u00a0\u00bb\u00a0\u00bb column_spacing=\u00a0\u00bb\u00a0\u00bb rule_style=\u00a0\u00bbdefault\u00a0\u00bb rule_size=\u00a0\u00bb\u00a0\u00bb rule_color=\u00a0\u00bb\u00a0\u00bb hide_on_mobile=\u00a0\u00bbsmall-visibility,medium-visibility,large-visibility\u00a0\u00bb class=\u00a0\u00bb\u00a0\u00bb id=\u00a0\u00bb\u00a0\u00bb animation_type=\u00a0\u00bb\u00a0\u00bb animation_direction=\u00a0\u00bbleft\u00a0\u00bb animation_speed=\u00a0\u00bb0.3&Prime; animation_offset=\u00a0\u00bb\u00a0\u00bb]<\/p>\n<p>Dispotech Sagl<\/p>\n<p>Via Fabrica Ragazzi 196A<\/p>\n<p>7742 Poschiavo<\/p>\n<p>Schweiz<\/p>\n<p>[\/fusion_text][fusion_title title_type=\u00a0\u00bbtext\u00a0\u00bb rotation_effect=\u00a0\u00bbbounceIn\u00a0\u00bb display_time=\u00a0\u00bb1200&Prime; highlight_effect=\u00a0\u00bbcircle\u00a0\u00bb loop_animation=\u00a0\u00bboff\u00a0\u00bb highlight_width=\u00a0\u00bb9&Prime; highlight_top_margin=\u00a0\u00bb0&Prime; rotation_text=\u00a0\u00bb\u00a0\u00bb highlight_text=\u00a0\u00bb\u00a0\u00bb after_text=\u00a0\u00bb\u00a0\u00bb hide_on_mobile=\u00a0\u00bbsmall-visibility,medium-visibility,large-visibility\u00a0\u00bb class=\u00a0\u00bb\u00a0\u00bb id=\u00a0\u00bb\u00a0\u00bb before_text=\u00a0\u00bb\u00a0\u00bb content_align=\u00a0\u00bbleft\u00a0\u00bb size=\u00a0\u00bb1&Prime; font_size=\u00a0\u00bb\u00a0\u00bb animated_font_size=\u00a0\u00bb\u00a0\u00bb line_height=\u00a0\u00bb\u00a0\u00bb letter_spacing=\u00a0\u00bb\u00a0\u00bb margin_top=\u00a0\u00bb\u00a0\u00bb margin_bottom=\u00a0\u00bb\u00a0\u00bb margin_top_mobile=\u00a0\u00bb\u00a0\u00bb margin_bottom_mobile=\u00a0\u00bb\u00a0\u00bb text_color=\u00a0\u00bb\u00a0\u00bb animated_text_color=\u00a0\u00bb\u00a0\u00bb highlight_color=\u00a0\u00bb\u00a0\u00bb style_type=\u00a0\u00bbdefault\u00a0\u00bb sep_color=\u00a0\u00bb\u00a0\u00bb]<\/p>\n<p>LE REGISTRE DU COMMERCE<\/p>\n<p>[\/fusion_title][fusion_text columns=\u00a0\u00bb\u00a0\u00bb column_min_width=\u00a0\u00bb\u00a0\u00bb column_spacing=\u00a0\u00bb\u00a0\u00bb rule_style=\u00a0\u00bbdefault\u00a0\u00bb rule_size=\u00a0\u00bb\u00a0\u00bb rule_color=\u00a0\u00bb\u00a0\u00bb hide_on_mobile=\u00a0\u00bbsmall-visibility,medium-visibility,large-visibility\u00a0\u00bb class=\u00a0\u00bb\u00a0\u00bb id=\u00a0\u00bb\u00a0\u00bb animation_type=\u00a0\u00bb\u00a0\u00bb animation_direction=\u00a0\u00bbleft\u00a0\u00bb animation_speed=\u00a0\u00bb0.3&Prime; animation_offset=\u00a0\u00bb\u00a0\u00bb]<\/p>\n<p>Nom de la soci\u00e9t\u00e9 : Dispotech Sagl<\/p>\n<p>Num\u00e9ro : CHE-330.001.017<\/p>\n<p>Registre du commerce : Sagl<\/p>\n<p>[\/fusion_text][fusion_title title_type=\u00a0\u00bbtext\u00a0\u00bb rotation_effect=\u00a0\u00bbbounceIn\u00a0\u00bb display_time=\u00a0\u00bb1200&Prime; highlight_effect=\u00a0\u00bbcircle\u00a0\u00bb loop_animation=\u00a0\u00bboff\u00a0\u00bb highlight_width=\u00a0\u00bb9&Prime; highlight_top_margin=\u00a0\u00bb0&Prime; rotation_text=\u00a0\u00bb\u00a0\u00bb highlight_text=\u00a0\u00bb\u00a0\u00bb after_text=\u00a0\u00bb\u00a0\u00bb hide_on_mobile=\u00a0\u00bbsmall-visibility,medium-visibility,large-visibility\u00a0\u00bb class=\u00a0\u00bb\u00a0\u00bb id=\u00a0\u00bb\u00a0\u00bb before_text=\u00a0\u00bb\u00a0\u00bb content_align=\u00a0\u00bbleft\u00a0\u00bb size=\u00a0\u00bb1&Prime; font_size=\u00a0\u00bb\u00a0\u00bb animated_font_size=\u00a0\u00bb\u00a0\u00bb line_height=\u00a0\u00bb\u00a0\u00bb letter_spacing=\u00a0\u00bb\u00a0\u00bb margin_top=\u00a0\u00bb\u00a0\u00bb margin_bottom=\u00a0\u00bb\u00a0\u00bb margin_top_mobile=\u00a0\u00bb\u00a0\u00bb margin_bottom_mobile=\u00a0\u00bb\u00a0\u00bb text_color=\u00a0\u00bb\u00a0\u00bb animated_text_color=\u00a0\u00bb\u00a0\u00bb highlight_color=\u00a0\u00bb\u00a0\u00bb style_type=\u00a0\u00bbdefault\u00a0\u00bb sep_color=\u00a0\u00bb\u00a0\u00bb]<\/p>\n<p>NUM\u00c9RO DE TVA<\/p>\n<p>[\/fusion_title][fusion_text columns=\u00a0\u00bb\u00a0\u00bb column_min_width=\u00a0\u00bb\u00a0\u00bb column_spacing=\u00a0\u00bb\u00a0\u00bb rule_style=\u00a0\u00bbdefault\u00a0\u00bb rule_size=\u00a0\u00bb\u00a0\u00bb rule_color=\u00a0\u00bb\u00a0\u00bb hide_on_mobile=\u00a0\u00bbsmall-visibility,medium-visibility,large-visibility\u00a0\u00bb class=\u00a0\u00bb\u00a0\u00bb id=\u00a0\u00bb\u00a0\u00bb animation_type=\u00a0\u00bb\u00a0\u00bb animation_direction=\u00a0\u00bbleft\u00a0\u00bb animation_speed=\u00a0\u00bb0.3&Prime; animation_offset=\u00a0\u00bb\u00a0\u00bb][\/fusion_text][fusion_title title_type=\u00a0\u00bbtext\u00a0\u00bb rotation_effect=\u00a0\u00bbbounceIn\u00a0\u00bb display_time=\u00a0\u00bb1200&Prime; highlight_effect=\u00a0\u00bbcircle\u00a0\u00bb loop_animation=\u00a0\u00bboff\u00a0\u00bb highlight_width=\u00a0\u00bb9&Prime; highlight_top_margin=\u00a0\u00bb0&Prime; rotation_text=\u00a0\u00bb\u00a0\u00bb highlight_text=\u00a0\u00bb\u00a0\u00bb after_text=\u00a0\u00bb\u00a0\u00bb hide_on_mobile=\u00a0\u00bbsmall-visibility,medium-visibility,large-visibility\u00a0\u00bb class=\u00a0\u00bb\u00a0\u00bb id=\u00a0\u00bb\u00a0\u00bb before_text=\u00a0\u00bb\u00a0\u00bb content_align=\u00a0\u00bbleft\u00a0\u00bb size=\u00a0\u00bb1&Prime; font_size=\u00a0\u00bb\u00a0\u00bb animated_font_size=\u00a0\u00bb\u00a0\u00bb line_height=\u00a0\u00bb\u00a0\u00bb letter_spacing=\u00a0\u00bb\u00a0\u00bb margin_top=\u00a0\u00bb\u00a0\u00bb margin_bottom=\u00a0\u00bb\u00a0\u00bb margin_top_mobile=\u00a0\u00bb\u00a0\u00bb margin_bottom_mobile=\u00a0\u00bb\u00a0\u00bb text_color=\u00a0\u00bb\u00a0\u00bb animated_text_color=\u00a0\u00bb\u00a0\u00bb highlight_color=\u00a0\u00bb\u00a0\u00bb style_type=\u00a0\u00bbdefault\u00a0\u00bb sep_color=\u00a0\u00bb\u00a0\u00bb]<\/p>\n<p>REALISATION<\/p>\n<p>[\/fusion_title][fusion_text columns=\u00a0\u00bb\u00a0\u00bb column_min_width=\u00a0\u00bb\u00a0\u00bb column_spacing=\u00a0\u00bb\u00a0\u00bb rule_style=\u00a0\u00bbdefault\u00a0\u00bb rule_size=\u00a0\u00bb\u00a0\u00bb rule_color=\u00a0\u00bb\u00a0\u00bb hide_on_mobile=\u00a0\u00bbsmall-visibility,medium-visibility,large-visibility\u00a0\u00bb class=\u00a0\u00bb\u00a0\u00bb id=\u00a0\u00bb\u00a0\u00bb animation_type=\u00a0\u00bb\u00a0\u00bb animation_direction=\u00a0\u00bbleft\u00a0\u00bb animation_speed=\u00a0\u00bb0.3&Prime; animation_offset=\u00a0\u00bb\u00a0\u00bb]<\/p>\n<p>dynamicstudio GmbH, 7742 Poschiavo<\/p>\n<p>www.dynamicstudio.ch<br \/>\nTous droits r\u00e9serv\u00e9s. La reproduction, m\u00eame par extraits, ne peut se faire qu&rsquo;avec l&rsquo;accord expr\u00e8s de l&rsquo;\u00e9diteur.<\/p>\n<p>[\/fusion_text][fusion_title title_type=\u00a0\u00bbtext\u00a0\u00bb rotation_effect=\u00a0\u00bbbounceIn\u00a0\u00bb display_time=\u00a0\u00bb1200&Prime; highlight_effect=\u00a0\u00bbcircle\u00a0\u00bb loop_animation=\u00a0\u00bboff\u00a0\u00bb highlight_width=\u00a0\u00bb9&Prime; highlight_top_margin=\u00a0\u00bb0&Prime; rotation_text=\u00a0\u00bb\u00a0\u00bb highlight_text=\u00a0\u00bb\u00a0\u00bb after_text=\u00a0\u00bb\u00a0\u00bb hide_on_mobile=\u00a0\u00bbsmall-visibility,medium-visibility,large-visibility\u00a0\u00bb class=\u00a0\u00bb\u00a0\u00bb id=\u00a0\u00bb\u00a0\u00bb before_text=\u00a0\u00bb\u00a0\u00bb content_align=\u00a0\u00bbleft\u00a0\u00bb size=\u00a0\u00bb1&Prime; font_size=\u00a0\u00bb\u00a0\u00bb animated_font_size=\u00a0\u00bb\u00a0\u00bb line_height=\u00a0\u00bb\u00a0\u00bb letter_spacing=\u00a0\u00bb\u00a0\u00bb margin_top=\u00a0\u00bb\u00a0\u00bb margin_bottom=\u00a0\u00bb\u00a0\u00bb margin_top_mobile=\u00a0\u00bb\u00a0\u00bb margin_bottom_mobile=\u00a0\u00bb\u00a0\u00bb text_color=\u00a0\u00bb\u00a0\u00bb animated_text_color=\u00a0\u00bb\u00a0\u00bb highlight_color=\u00a0\u00bb\u00a0\u00bb style_type=\u00a0\u00bbdefault\u00a0\u00bb sep_color=\u00a0\u00bb\u00a0\u00bb]<\/p>\n<p>AVERTISSEMENTS JURIDIQUES<\/p>\n<p>[\/fusion_title][fusion_text columns=\u00a0\u00bb\u00a0\u00bb column_min_width=\u00a0\u00bb\u00a0\u00bb column_spacing=\u00a0\u00bb\u00a0\u00bb rule_style=\u00a0\u00bbdefault\u00a0\u00bb rule_size=\u00a0\u00bb\u00a0\u00bb rule_color=\u00a0\u00bb\u00a0\u00bb hide_on_mobile=\u00a0\u00bbsmall-visibility,medium-visibility,large-visibility\u00a0\u00bb class=\u00a0\u00bb\u00a0\u00bb id=\u00a0\u00bb\u00a0\u00bb animation_type=\u00a0\u00bb\u00a0\u00bb animation_direction=\u00a0\u00bbleft\u00a0\u00bb animation_speed=\u00a0\u00bb0.3&Prime; animation_offset=\u00a0\u00bb\u00a0\u00bb]<\/p>\n<p>Dispotech Sagl n&rsquo;assume aucune responsabilit\u00e9 pour les donn\u00e9es fournies, ne garantit pas l&rsquo;exactitude et la mise \u00e0 jour constante de ces donn\u00e9es, n&rsquo;est pas responsable des cons\u00e9quences d&rsquo;\u00e9ventuelles erreurs sur Internet, des dommages caus\u00e9s par des tiers, du contenu des fichiers t\u00e9l\u00e9charg\u00e9s (virus, vers, chevaux de Troie) et des liens vers d&rsquo;autres sites web. Dispotech Sagl n&rsquo;a aucun contr\u00f4le sur le contenu et la forme des sites web autres que shop.dispotech.ch.<\/p>\n<p>Dispotech Sagl ne garantit pas le bon fonctionnement du mat\u00e9riel et des logiciels, informe que ce site peut contenir des inexactitudes techniques et des erreurs typographiques et se r\u00e9serve le droit de modifier ou de mettre \u00e0 jour les informations fournies par ce site \u00e0 tout moment, sans pr\u00e9avis. Il en va de m\u00eame pour toute am\u00e9lioration et\/ou modification des produits et programmes d\u00e9crits sur ce site.<\/p>\n<p>Dispotech Sagl n&rsquo;est pas responsable des dommages directs, indirects, sp\u00e9ciaux ou autres caus\u00e9s aux utilisateurs de ce site ou \u00e0 des tiers, r\u00e9sultant de l&rsquo;utilisation de ce site ou d&rsquo;un site li\u00e9 \u00e0 celui-ci. Est \u00e9galement exclue toute responsabilit\u00e9 pour les pertes financi\u00e8res, les interruptions de fonctionnement, la perte de programmes ou de donn\u00e9es dans votre syst\u00e8me informatique. Il en va de m\u00eame dans les cas o\u00f9 Dispotech Sagl vous informe express\u00e9ment de la possibilit\u00e9 de tels dommages. Les cookies sont des donn\u00e9es envoy\u00e9es par un site web \u00e0 votre navigateur pour mieux supporter les syst\u00e8mes bas\u00e9s sur des bases de donn\u00e9es. Toutefois, vous avez la possibilit\u00e9 de param\u00e9trer votre navigateur de mani\u00e8re \u00e0 savoir \u00e0 l&rsquo;avance que vous recevrez un cookie. Ainsi, c&rsquo;est \u00e0 l&rsquo;utilisateur de d\u00e9cider s&rsquo;il l&rsquo;accepte ou non.<\/p>\n<p>Dispotech Sagl n&rsquo;assume aucune responsabilit\u00e9 pour les liens et les r\u00e9f\u00e9rences \u00e0 des sites web tiers. L&rsquo;acc\u00e8s et l&rsquo;utilisation de ces sites web se font \u00e0 vos propres risques.<\/p>\n<p>[\/fusion_text][\/fusion_builder_column][\/fusion_builder_row][\/fusion_builder_container]<\/p>\n","protected":false},"excerpt":{"rendered":"<p>[fusion_builder_container hundred_percent=\u00a0\u00bbno\u00a0\u00bb equal_height_columns=\u00a0\u00bbno\u00a0\u00bb menu_anchor=\u00a0\u00bb\u00a0\u00bb hide_on_mobile=\u00a0\u00bbsmall-visibility,medium-visibility,large-visibility\u00a0\u00bb class=\u00a0\u00bb\u00a0\u00bb id=\u00a0\u00bb\u00a0\u00bb background_color=\u00a0\u00bb\u00a0\u00bb background_image=\u00a0\u00bb\u00a0\u00bb background_position=\u00a0\u00bbcenter center\u00a0\u00bb background_repeat=\u00a0\u00bbno-repeat\u00a0\u00bb fade=\u00a0\u00bbno\u00a0\u00bb background_parallax=\u00a0\u00bbnone\u00a0\u00bb parallax_speed=\u00a0\u00bb0.3&Prime; video_mp4=\u00a0\u00bb\u00a0\u00bb video_webm=\u00a0\u00bb\u00a0\u00bb video_ogv=\u00a0\u00bb\u00a0\u00bb video_url=\u00a0\u00bb\u00a0\u00bb video_aspect_ratio=\u00a0\u00bb16:9&Prime; video_loop=\u00a0\u00bbyes\u00a0\u00bb video_mute=\u00a0\u00bbyes\u00a0\u00bb overlay_color=\u00a0\u00bb\u00a0\u00bb video_preview_image=\u00a0\u00bb\u00a0\u00bb border_size=\u00a0\u00bb\u00a0\u00bb border_color=\u00a0\u00bb\u00a0\u00bb border_style=\u00a0\u00bbsolid\u00a0\u00bb padding_top=\u00a0\u00bb\u00a0\u00bb padding_bottom=\u00a0\u00bb\u00a0\u00bb padding_left=\u00a0\u00bb\u00a0\u00bb padding_right=\u00a0\u00bb\u00a0\u00bb][fusion_builder_row][fusion_builder_column type=\u00a0\u00bb1_1&Prime; layout=\u00a0\u00bb1_1&Prime; background_position=\u00a0\u00bbleft top\u00a0\u00bb background_color=\u00a0\u00bb\u00a0\u00bb border_size=\u00a0\u00bb\u00a0\u00bb border_color=\u00a0\u00bb\u00a0\u00bb border_style=\u00a0\u00bbsolid\u00a0\u00bb border_position=\u00a0\u00bball\u00a0\u00bb spacing=\u00a0\u00bbyes\u00a0\u00bb background_image=\u00a0\u00bb\u00a0\u00bb background_repeat=\u00a0\u00bbno-repeat\u00a0\u00bb padding_top=\u00a0\u00bb\u00a0\u00bb padding_right=\u00a0\u00bb\u00a0\u00bb padding_bottom=\u00a0\u00bb\u00a0\u00bb padding_left=\u00a0\u00bb\u00a0\u00bb margin_top=\u00a0\u00bb0px\u00a0\u00bb margin_bottom=\u00a0\u00bb0px\u00a0\u00bb class=\u00a0\u00bb\u00a0\u00bb id=\u00a0\u00bb\u00a0\u00bb animation_type=\u00a0\u00bb\u00a0\u00bb animation_speed=\u00a0\u00bb0.3&Prime; animation_direction=\u00a0\u00bbleft\u00a0\u00bb hide_on_mobile=\u00a0\u00bbsmall-visibility,medium-visibility,large-visibility\u00a0\u00bb [&hellip;]<\/p>\n","protected":false},"author":1,"featured_media":0,"parent":0,"menu_order":0,"comment_status":"closed","ping_status":"closed","template":"","meta":{"_acf_changed":false,"footnotes":""},"class_list":["post-19911","page","type-page","status-publish","hentry"],"acf":[],"yoast_head":"<!-- This site is optimized with the Yoast SEO plugin v27.3 - https:\/\/yoast.com\/product\/yoast-seo-wordpress\/ -->\n<title>impressum - Dispotech Shop<\/title>\n<meta name=\"robots\" content=\"index, follow, max-snippet:-1, max-image-preview:large, max-video-preview:-1\" \/>\n<link rel=\"canonical\" href=\"https:\/\/dispotech.ch\/fr\/impressum\/\" \/>\n<meta property=\"og:locale\" content=\"fr_FR\" \/>\n<meta property=\"og:type\" content=\"article\" \/>\n<meta property=\"og:title\" content=\"impressum - Dispotech Shop\" \/>\n<meta property=\"og:description\" content=\"[fusion_builder_container hundred_percent=\u00a0\u00bbno\u00a0\u00bb equal_height_columns=\u00a0\u00bbno\u00a0\u00bb menu_anchor=\u00a0\u00bb\u00a0\u00bb hide_on_mobile=\u00a0\u00bbsmall-visibility,medium-visibility,large-visibility\u00a0\u00bb class=\u00a0\u00bb\u00a0\u00bb id=\u00a0\u00bb\u00a0\u00bb background_color=\u00a0\u00bb\u00a0\u00bb background_image=\u00a0\u00bb\u00a0\u00bb background_position=\u00a0\u00bbcenter center\u00a0\u00bb background_repeat=\u00a0\u00bbno-repeat\u00a0\u00bb fade=\u00a0\u00bbno\u00a0\u00bb background_parallax=\u00a0\u00bbnone\u00a0\u00bb parallax_speed=\u00a0\u00bb0.3&Prime; video_mp4=\u00a0\u00bb\u00a0\u00bb video_webm=\u00a0\u00bb\u00a0\u00bb video_ogv=\u00a0\u00bb\u00a0\u00bb video_url=\u00a0\u00bb\u00a0\u00bb video_aspect_ratio=\u00a0\u00bb16:9&Prime; video_loop=\u00a0\u00bbyes\u00a0\u00bb video_mute=\u00a0\u00bbyes\u00a0\u00bb overlay_color=\u00a0\u00bb\u00a0\u00bb video_preview_image=\u00a0\u00bb\u00a0\u00bb border_size=\u00a0\u00bb\u00a0\u00bb border_color=\u00a0\u00bb\u00a0\u00bb border_style=\u00a0\u00bbsolid\u00a0\u00bb padding_top=\u00a0\u00bb\u00a0\u00bb padding_bottom=\u00a0\u00bb\u00a0\u00bb padding_left=\u00a0\u00bb\u00a0\u00bb padding_right=\u00a0\u00bb\u00a0\u00bb][fusion_builder_row][fusion_builder_column type=\u00a0\u00bb1_1&Prime; layout=\u00a0\u00bb1_1&Prime; background_position=\u00a0\u00bbleft top\u00a0\u00bb background_color=\u00a0\u00bb\u00a0\u00bb border_size=\u00a0\u00bb\u00a0\u00bb border_color=\u00a0\u00bb\u00a0\u00bb border_style=\u00a0\u00bbsolid\u00a0\u00bb border_position=\u00a0\u00bball\u00a0\u00bb spacing=\u00a0\u00bbyes\u00a0\u00bb background_image=\u00a0\u00bb\u00a0\u00bb background_repeat=\u00a0\u00bbno-repeat\u00a0\u00bb padding_top=\u00a0\u00bb\u00a0\u00bb padding_right=\u00a0\u00bb\u00a0\u00bb padding_bottom=\u00a0\u00bb\u00a0\u00bb padding_left=\u00a0\u00bb\u00a0\u00bb margin_top=\u00a0\u00bb0px\u00a0\u00bb margin_bottom=\u00a0\u00bb0px\u00a0\u00bb class=\u00a0\u00bb\u00a0\u00bb id=\u00a0\u00bb\u00a0\u00bb animation_type=\u00a0\u00bb\u00a0\u00bb animation_speed=\u00a0\u00bb0.3&Prime; animation_direction=\u00a0\u00bbleft\u00a0\u00bb hide_on_mobile=\u00a0\u00bbsmall-visibility,medium-visibility,large-visibility\u00a0\u00bb [&hellip;]\" \/>\n<meta property=\"og:url\" content=\"https:\/\/dispotech.ch\/fr\/impressum\/\" \/>\n<meta property=\"og:site_name\" content=\"Dispotech Shop\" \/>\n<meta property=\"article:modified_time\" content=\"2022-01-20T17:05:56+00:00\" \/>\n<meta name=\"twitter:card\" content=\"summary_large_image\" \/>\n<meta name=\"twitter:label1\" content=\"Dur\u00e9e de lecture estim\u00e9e\" \/>\n\t<meta name=\"twitter:data1\" content=\"5 minutes\" \/>\n<script type=\"application\/ld+json\" class=\"yoast-schema-graph\">{\"@context\":\"https:\\\/\\\/schema.org\",\"@graph\":[{\"@type\":\"WebPage\",\"@id\":\"https:\\\/\\\/dispotech.ch\\\/fr\\\/impressum\\\/\",\"url\":\"https:\\\/\\\/dispotech.ch\\\/fr\\\/impressum\\\/\",\"name\":\"impressum - Dispotech Shop\",\"isPartOf\":{\"@id\":\"https:\\\/\\\/dispotech.ch\\\/#website\"},\"datePublished\":\"2020-02-06T12:51:22+00:00\",\"dateModified\":\"2022-01-20T17:05:56+00:00\",\"breadcrumb\":{\"@id\":\"https:\\\/\\\/dispotech.ch\\\/fr\\\/impressum\\\/#breadcrumb\"},\"inLanguage\":\"fr-FR\",\"potentialAction\":[{\"@type\":\"ReadAction\",\"target\":[\"https:\\\/\\\/dispotech.ch\\\/fr\\\/impressum\\\/\"]}]},{\"@type\":\"BreadcrumbList\",\"@id\":\"https:\\\/\\\/dispotech.ch\\\/fr\\\/impressum\\\/#breadcrumb\",\"itemListElement\":[{\"@type\":\"ListItem\",\"position\":1,\"name\":\"Home\",\"item\":\"https:\\\/\\\/dispotech.ch\\\/fr\\\/\"},{\"@type\":\"ListItem\",\"position\":2,\"name\":\"impressum\"}]},{\"@type\":\"WebSite\",\"@id\":\"https:\\\/\\\/dispotech.ch\\\/#website\",\"url\":\"https:\\\/\\\/dispotech.ch\\\/\",\"name\":\"Dispotech Shop\",\"description\":\"\",\"potentialAction\":[{\"@type\":\"SearchAction\",\"target\":{\"@type\":\"EntryPoint\",\"urlTemplate\":\"https:\\\/\\\/dispotech.ch\\\/?s={search_term_string}\"},\"query-input\":{\"@type\":\"PropertyValueSpecification\",\"valueRequired\":true,\"valueName\":\"search_term_string\"}}],\"inLanguage\":\"fr-FR\"}]}<\/script>\n<!-- \/ Yoast SEO plugin. -->","yoast_head_json":{"title":"impressum - Dispotech Shop","robots":{"index":"index","follow":"follow","max-snippet":"max-snippet:-1","max-image-preview":"max-image-preview:large","max-video-preview":"max-video-preview:-1"},"canonical":"https:\/\/dispotech.ch\/fr\/impressum\/","og_locale":"fr_FR","og_type":"article","og_title":"impressum - Dispotech Shop","og_description":"[fusion_builder_container hundred_percent=\u00a0\u00bbno\u00a0\u00bb equal_height_columns=\u00a0\u00bbno\u00a0\u00bb menu_anchor=\u00a0\u00bb\u00a0\u00bb hide_on_mobile=\u00a0\u00bbsmall-visibility,medium-visibility,large-visibility\u00a0\u00bb class=\u00a0\u00bb\u00a0\u00bb id=\u00a0\u00bb\u00a0\u00bb background_color=\u00a0\u00bb\u00a0\u00bb background_image=\u00a0\u00bb\u00a0\u00bb background_position=\u00a0\u00bbcenter center\u00a0\u00bb background_repeat=\u00a0\u00bbno-repeat\u00a0\u00bb fade=\u00a0\u00bbno\u00a0\u00bb background_parallax=\u00a0\u00bbnone\u00a0\u00bb parallax_speed=\u00a0\u00bb0.3&Prime; video_mp4=\u00a0\u00bb\u00a0\u00bb video_webm=\u00a0\u00bb\u00a0\u00bb video_ogv=\u00a0\u00bb\u00a0\u00bb video_url=\u00a0\u00bb\u00a0\u00bb video_aspect_ratio=\u00a0\u00bb16:9&Prime; video_loop=\u00a0\u00bbyes\u00a0\u00bb video_mute=\u00a0\u00bbyes\u00a0\u00bb overlay_color=\u00a0\u00bb\u00a0\u00bb video_preview_image=\u00a0\u00bb\u00a0\u00bb border_size=\u00a0\u00bb\u00a0\u00bb border_color=\u00a0\u00bb\u00a0\u00bb border_style=\u00a0\u00bbsolid\u00a0\u00bb padding_top=\u00a0\u00bb\u00a0\u00bb padding_bottom=\u00a0\u00bb\u00a0\u00bb padding_left=\u00a0\u00bb\u00a0\u00bb padding_right=\u00a0\u00bb\u00a0\u00bb][fusion_builder_row][fusion_builder_column type=\u00a0\u00bb1_1&Prime; layout=\u00a0\u00bb1_1&Prime; background_position=\u00a0\u00bbleft top\u00a0\u00bb background_color=\u00a0\u00bb\u00a0\u00bb border_size=\u00a0\u00bb\u00a0\u00bb border_color=\u00a0\u00bb\u00a0\u00bb border_style=\u00a0\u00bbsolid\u00a0\u00bb border_position=\u00a0\u00bball\u00a0\u00bb spacing=\u00a0\u00bbyes\u00a0\u00bb background_image=\u00a0\u00bb\u00a0\u00bb background_repeat=\u00a0\u00bbno-repeat\u00a0\u00bb padding_top=\u00a0\u00bb\u00a0\u00bb padding_right=\u00a0\u00bb\u00a0\u00bb padding_bottom=\u00a0\u00bb\u00a0\u00bb padding_left=\u00a0\u00bb\u00a0\u00bb margin_top=\u00a0\u00bb0px\u00a0\u00bb margin_bottom=\u00a0\u00bb0px\u00a0\u00bb class=\u00a0\u00bb\u00a0\u00bb id=\u00a0\u00bb\u00a0\u00bb animation_type=\u00a0\u00bb\u00a0\u00bb animation_speed=\u00a0\u00bb0.3&Prime; animation_direction=\u00a0\u00bbleft\u00a0\u00bb hide_on_mobile=\u00a0\u00bbsmall-visibility,medium-visibility,large-visibility\u00a0\u00bb [&hellip;]","og_url":"https:\/\/dispotech.ch\/fr\/impressum\/","og_site_name":"Dispotech Shop","article_modified_time":"2022-01-20T17:05:56+00:00","twitter_card":"summary_large_image","twitter_misc":{"Dur\u00e9e de lecture estim\u00e9e":"5 minutes"},"schema":{"@context":"https:\/\/schema.org","@graph":[{"@type":"WebPage","@id":"https:\/\/dispotech.ch\/fr\/impressum\/","url":"https:\/\/dispotech.ch\/fr\/impressum\/","name":"impressum - Dispotech Shop","isPartOf":{"@id":"https:\/\/dispotech.ch\/#website"},"datePublished":"2020-02-06T12:51:22+00:00","dateModified":"2022-01-20T17:05:56+00:00","breadcrumb":{"@id":"https:\/\/dispotech.ch\/fr\/impressum\/#breadcrumb"},"inLanguage":"fr-FR","potentialAction":[{"@type":"ReadAction","target":["https:\/\/dispotech.ch\/fr\/impressum\/"]}]},{"@type":"BreadcrumbList","@id":"https:\/\/dispotech.ch\/fr\/impressum\/#breadcrumb","itemListElement":[{"@type":"ListItem","position":1,"name":"Home","item":"https:\/\/dispotech.ch\/fr\/"},{"@type":"ListItem","position":2,"name":"impressum"}]},{"@type":"WebSite","@id":"https:\/\/dispotech.ch\/#website","url":"https:\/\/dispotech.ch\/","name":"Dispotech Shop","description":"","potentialAction":[{"@type":"SearchAction","target":{"@type":"EntryPoint","urlTemplate":"https:\/\/dispotech.ch\/?s={search_term_string}"},"query-input":{"@type":"PropertyValueSpecification","valueRequired":true,"valueName":"search_term_string"}}],"inLanguage":"fr-FR"}]}},"_links":{"self":[{"href":"https:\/\/dispotech.ch\/fr\/wp-json\/wp\/v2\/pages\/19911","targetHints":{"allow":["GET"]}}],"collection":[{"href":"https:\/\/dispotech.ch\/fr\/wp-json\/wp\/v2\/pages"}],"about":[{"href":"https:\/\/dispotech.ch\/fr\/wp-json\/wp\/v2\/types\/page"}],"author":[{"embeddable":true,"href":"https:\/\/dispotech.ch\/fr\/wp-json\/wp\/v2\/users\/1"}],"replies":[{"embeddable":true,"href":"https:\/\/dispotech.ch\/fr\/wp-json\/wp\/v2\/comments?post=19911"}],"version-history":[{"count":3,"href":"https:\/\/dispotech.ch\/fr\/wp-json\/wp\/v2\/pages\/19911\/revisions"}],"predecessor-version":[{"id":21273,"href":"https:\/\/dispotech.ch\/fr\/wp-json\/wp\/v2\/pages\/19911\/revisions\/21273"}],"wp:attachment":[{"href":"https:\/\/dispotech.ch\/fr\/wp-json\/wp\/v2\/media?parent=19911"}],"curies":[{"name":"wp","href":"https:\/\/api.w.org\/{rel}","templated":true}]}}