{"id":19999,"date":"2020-07-16T16:38:25","date_gmt":"2020-07-16T14:38:25","guid":{"rendered":"https:\/\/shop.dispotech.ch\/home-2\/"},"modified":"2024-08-07T15:37:33","modified_gmt":"2024-08-07T13:37:33","slug":"home-fr","status":"publish","type":"page","link":"https:\/\/dispotech.ch\/fr\/","title":{"rendered":"Home"},"content":{"rendered":"\n<div class=\"wp-block-columns is-layout-flex wp-container-core-columns-is-layout-9d6595d7 wp-block-columns-is-layout-flex\">\n<div class=\"wp-block-column wrapper content-padding-small is-layout-flow wp-block-column-is-layout-flow\">\n<h2 class=\"has-text-align-center wp-block-heading\" id=\"prodotti-in-evidenza\">Produits populaires<\/h2>\n\n\n\n<hr class=\"wp-block-separator aligncenter center-hr\"\/>\n<\/div>\n<\/div>\n\n\n<div data-block-name=\"woocommerce\/product-category\" data-categories=\"[450]\" data-columns=\"2\" data-content-visibility=\"{&quot;title&quot;:true,&quot;price&quot;:true,&quot;rating&quot;:false,&quot;button&quot;:true}\" data-rows=\"2\" class=\"wc-block-grid wp-block-product-category wp-block-woocommerce-product-category wc-block-product-category has-2-columns has-multiple-rows featured-products no-margin\"><ul class=\"wc-block-grid__products\"><li class=\"wc-block-grid__product\">\n        <div class=\"image-wrap\">\n            <a href=\"https:\/\/dispotech.ch\/fr\/prodotto\/brosse-a-dents-avec-dentifrice\/\" class=\"wc-block-grid__product-link\"><div class=\"wc-block-grid__product-image\"><img loading=\"lazy\" decoding=\"async\" width=\"720\" height=\"720\" src=\"https:\/\/dispotech.ch\/wp-content\/uploads\/2025\/06\/Spazzolino_Dentifricio_composite-720x720.png\" class=\"attachment-woocommerce_thumbnail size-woocommerce_thumbnail\" alt=\"Spazzolino_Dentifricio_composite\" srcset=\"https:\/\/dispotech.ch\/wp-content\/uploads\/2025\/06\/Spazzolino_Dentifricio_composite-720x720.png 720w, https:\/\/dispotech.ch\/wp-content\/uploads\/2025\/06\/Spazzolino_Dentifricio_composite-300x300.png 300w, https:\/\/dispotech.ch\/wp-content\/uploads\/2025\/06\/Spazzolino_Dentifricio_composite-150x150.png 150w, https:\/\/dispotech.ch\/wp-content\/uploads\/2025\/06\/Spazzolino_Dentifricio_composite-768x768.png 768w, https:\/\/dispotech.ch\/wp-content\/uploads\/2025\/06\/Spazzolino_Dentifricio_composite-800x800.png 800w, https:\/\/dispotech.ch\/wp-content\/uploads\/2025\/06\/Spazzolino_Dentifricio_composite.png 1000w\" sizes=\"auto, (max-width: 720px) 100vw, 720px\" \/><\/div><\/a>\n            \n        <\/div>\n\t\t<div class=\"wp-block-button wc-block-grid__product-add-to-cart\"><a href=\"https:\/\/dispotech.ch\/fr\/prodotto\/brosse-a-dents-avec-dentifrice\/\" aria-label=\"S\u00e9lectionner les options pour &ldquo;Brosse \u00e0 dents jetable avec dentifrice&rdquo;\" data-quantity=\"1\" data-product_id=\"27241\" data-product_sku=\"\" data-price=\"7.5\" rel=\"nofollow\" class=\"wp-block-button__link  add_to_cart_button\"> <\/a><\/div>\n\t\t<div class=\"title-price-wrap\">\n        <h3><a href=\"https:\/\/dispotech.ch\/fr\/prodotto\/brosse-a-dents-avec-dentifrice\/\"><div class=\"wc-block-grid__product-title\">Brosse \u00e0 dents jetable avec dentifrice<\/div><\/a><\/h3>\n        \n        <div class=\"wc-block-grid__product-price price\"><span class=\"woocommerce-Price-amount amount\"><span class=\"woocommerce-Price-currencySymbol\">&#067;&#072;&#070;<\/span>7.50<\/span><\/div>\n        \n\t\t<\/div>\n\t<\/li><li class=\"wc-block-grid__product\">\n        <div class=\"image-wrap\">\n            <a href=\"https:\/\/dispotech.ch\/fr\/prodotto\/hygoformic-l-bio-pour-les-enfants\/\" class=\"wc-block-grid__product-link\"><div class=\"wc-block-grid__product-image\"><img loading=\"lazy\" decoding=\"async\" width=\"720\" height=\"480\" src=\"https:\/\/dispotech.ch\/wp-content\/uploads\/2025\/05\/Hygoformic_L_Bio_2-720x480.jpg\" class=\"attachment-woocommerce_thumbnail size-woocommerce_thumbnail\" alt=\"Hygoformic_L_Bio_2\" srcset=\"https:\/\/dispotech.ch\/wp-content\/uploads\/2025\/05\/Hygoformic_L_Bio_2-720x480.jpg 720w, https:\/\/dispotech.ch\/wp-content\/uploads\/2025\/05\/Hygoformic_L_Bio_2-300x200.jpg 300w, https:\/\/dispotech.ch\/wp-content\/uploads\/2025\/05\/Hygoformic_L_Bio_2-1024x683.jpg 1024w, https:\/\/dispotech.ch\/wp-content\/uploads\/2025\/05\/Hygoformic_L_Bio_2-768x512.jpg 768w, https:\/\/dispotech.ch\/wp-content\/uploads\/2025\/05\/Hygoformic_L_Bio_2-1536x1024.jpg 1536w, https:\/\/dispotech.ch\/wp-content\/uploads\/2025\/05\/Hygoformic_L_Bio_2-2048x1366.jpg 2048w, https:\/\/dispotech.ch\/wp-content\/uploads\/2025\/05\/Hygoformic_L_Bio_2-800x533.jpg 800w\" sizes=\"auto, (max-width: 720px) 100vw, 720px\" \/><\/div><\/a>\n            \n        <\/div>\n\t\t<div class=\"wp-block-button wc-block-grid__product-add-to-cart\"><a href=\"\/fr\/wp-json\/wp\/v2\/pages\/19999?add-to-cart=27193\" aria-label=\"Ajouter au panier\u00a0: &ldquo;Hygoformic L Bio - pour les enfants&rdquo;\" data-quantity=\"1\" data-product_id=\"27193\" data-product_sku=\"HYGOL-SOL\" data-price=\"80\" rel=\"nofollow\" class=\"wp-block-button__link  add_to_cart_button ajax_add_to_cart\"> <\/a><\/div>\n\t\t<div class=\"title-price-wrap\">\n        <h3><a href=\"https:\/\/dispotech.ch\/fr\/prodotto\/hygoformic-l-bio-pour-les-enfants\/\"><div class=\"wc-block-grid__product-title\">Hygoformic L Bio &#8211; pour les enfants<\/div><\/a><\/h3>\n        \n        <div class=\"wc-block-grid__product-price price\"><span class=\"woocommerce-Price-amount amount\"><span class=\"woocommerce-Price-currencySymbol\">&#067;&#072;&#070;<\/span>80.00<\/span><\/div>\n        \n\t\t<\/div>\n\t<\/li><li class=\"wc-block-grid__product\">\n        <div class=\"image-wrap\">\n            <a href=\"https:\/\/dispotech.ch\/fr\/prodotto\/hygoformic-bio-adaptor\/\" class=\"wc-block-grid__product-link\"><div class=\"wc-block-grid__product-image\"><img loading=\"lazy\" decoding=\"async\" width=\"636\" height=\"636\" src=\"https:\/\/dispotech.ch\/wp-content\/uploads\/2025\/05\/hygoformic_bio_adaptor_2.jpg\" class=\"attachment-woocommerce_thumbnail size-woocommerce_thumbnail\" alt=\"hygoformic_bio_adaptor_2\" srcset=\"https:\/\/dispotech.ch\/wp-content\/uploads\/2025\/05\/hygoformic_bio_adaptor_2.jpg 636w, https:\/\/dispotech.ch\/wp-content\/uploads\/2025\/05\/hygoformic_bio_adaptor_2-300x300.jpg 300w, https:\/\/dispotech.ch\/wp-content\/uploads\/2025\/05\/hygoformic_bio_adaptor_2-150x150.jpg 150w\" sizes=\"auto, (max-width: 636px) 100vw, 636px\" \/><\/div><\/a>\n            \n        <\/div>\n\t\t<div class=\"wp-block-button wc-block-grid__product-add-to-cart\"><a href=\"\/fr\/wp-json\/wp\/v2\/pages\/19999?add-to-cart=27172\" aria-label=\"Ajouter au panier\u00a0: &ldquo;Hygoformic Bio Adaptor&rdquo;\" data-quantity=\"1\" data-product_id=\"27172\" data-product_sku=\"HYGOADAPTOR-SOL\" data-price=\"5.9\" rel=\"nofollow\" class=\"wp-block-button__link  add_to_cart_button ajax_add_to_cart\"> <\/a><\/div>\n\t\t<div class=\"title-price-wrap\">\n        <h3><a href=\"https:\/\/dispotech.ch\/fr\/prodotto\/hygoformic-bio-adaptor\/\"><div class=\"wc-block-grid__product-title\">Hygoformic Bio Adaptor<\/div><\/a><\/h3>\n        \n        <div class=\"wc-block-grid__product-price price\"><span class=\"woocommerce-Price-amount amount\"><span class=\"woocommerce-Price-currencySymbol\">&#067;&#072;&#070;<\/span>5.90<\/span><\/div>\n        \n\t\t<\/div>\n\t<\/li><li class=\"wc-block-grid__product\">\n        <div class=\"image-wrap\">\n            <a href=\"https:\/\/dispotech.ch\/fr\/prodotto\/hygoformic-bio\/\" class=\"wc-block-grid__product-link\"><div class=\"wc-block-grid__product-image\"><img loading=\"lazy\" decoding=\"async\" width=\"720\" height=\"480\" src=\"https:\/\/dispotech.ch\/wp-content\/uploads\/2025\/05\/hygoformic_bio_7-720x480.jpg\" class=\"attachment-woocommerce_thumbnail size-woocommerce_thumbnail\" alt=\"hygoformic_bio_7\" srcset=\"https:\/\/dispotech.ch\/wp-content\/uploads\/2025\/05\/hygoformic_bio_7-720x480.jpg 720w, https:\/\/dispotech.ch\/wp-content\/uploads\/2025\/05\/hygoformic_bio_7-300x200.jpg 300w, https:\/\/dispotech.ch\/wp-content\/uploads\/2025\/05\/hygoformic_bio_7-1024x683.jpg 1024w, https:\/\/dispotech.ch\/wp-content\/uploads\/2025\/05\/hygoformic_bio_7-768x512.jpg 768w, https:\/\/dispotech.ch\/wp-content\/uploads\/2025\/05\/hygoformic_bio_7-1536x1024.jpg 1536w, https:\/\/dispotech.ch\/wp-content\/uploads\/2025\/05\/hygoformic_bio_7-2048x1366.jpg 2048w, https:\/\/dispotech.ch\/wp-content\/uploads\/2025\/05\/hygoformic_bio_7-800x533.jpg 800w\" sizes=\"auto, (max-width: 720px) 100vw, 720px\" \/><\/div><\/a>\n            \n        <\/div>\n\t\t<div class=\"wp-block-button wc-block-grid__product-add-to-cart\"><a href=\"\/fr\/wp-json\/wp\/v2\/pages\/19999?add-to-cart=27149\" aria-label=\"Ajouter au panier\u00a0: &ldquo;Hygoformic Bio&rdquo;\" data-quantity=\"1\" data-product_id=\"27149\" data-product_sku=\"HYGO-SOL\" data-price=\"7.8\" rel=\"nofollow\" class=\"wp-block-button__link  add_to_cart_button ajax_add_to_cart\"> <\/a><\/div>\n\t\t<div class=\"title-price-wrap\">\n        <h3><a href=\"https:\/\/dispotech.ch\/fr\/prodotto\/hygoformic-bio\/\"><div class=\"wc-block-grid__product-title\">Hygoformic Bio<\/div><\/a><\/h3>\n        \n        <div class=\"wc-block-grid__product-price price\"><span class=\"woocommerce-Price-amount amount\"><span class=\"woocommerce-Price-currencySymbol\">&#067;&#072;&#070;<\/span>7.80<\/span><\/div>\n        \n\t\t<\/div>\n\t<\/li><\/ul><\/div>\n\n\n<div class=\"wp-block-columns bg-viola no-margin is-layout-flex wp-container-core-columns-is-layout-9d6595d7 wp-block-columns-is-layout-flex\">\n<div class=\"wp-block-column content-padding wrap-left mobile-center is-layout-flow wp-block-column-is-layout-flow\" style=\"flex-basis:33.33%\">\n<h2 class=\"wp-block-heading\" id=\"perfectodentalexcellence\">PERFECTO\r\nDENTAL\r\nEXCELLENCE<\/h2>\n\n\n\n<hr class=\"wp-block-separator\"\/>\n\n\n\n<p>Gr\u00e2ce \u00e0 l&rsquo;engagement continu dans la recherche et le d\u00e9veloppement, Dispotech, reconnue dans le monde entier pour la production de produits jetables pour divers secteurs, tels que m\u00e9dical, dentaire, pharmaceutique, promotionnel, sportif et GDO &#8211; renouvelle et enrichit la gamme dentaire consolid\u00e9e avec des produits jetables suppl\u00e9mentaires et devient Perfecto, Dispotech Dental Excellence.<\/p>\n\n\n\n<div class=\"wp-block-buttons is-layout-flex wp-block-buttons-is-layout-flex\">\n<div class=\"wp-block-button\"><a class=\"wp-block-button__link has-black-color has-white-background-color has-text-color has-background\" href=\"https:\/\/dispotech.ch\/fr\/categorie\/dental-fr\/\"><strong>VOUS D\u00c9COUVREZ<\/strong><\/a><\/div>\n<\/div>\n<\/div>\n\n\n\n<div class=\"wp-block-column perfecto-dental-excellence is-layout-flow wp-block-column-is-layout-flow\" style=\"flex-basis:66.66%\"><\/div>\n<\/div>\n\n\n\n<div class=\"wp-block-columns wrapper content-padding block-768 is-layout-flex wp-container-core-columns-is-layout-9d6595d7 wp-block-columns-is-layout-flex\">\n<div class=\"wp-block-column is-layout-flow wp-block-column-is-layout-flow\">\n<div class=\"wp-block-image\"><figure class=\"aligncenter size-full is-resized\"><img loading=\"lazy\" decoding=\"async\" src=\"https:\/\/dispotech.ch\/wp-content\/uploads\/2021\/11\/Raggruppa-3066.png\" alt=\"\" class=\"wp-image-21572\" width=\"67\" height=\"72\"\/><\/figure><\/div>\n\n\n\n<h3 class=\"has-text-align-center wp-block-heading\" id=\"progettiamo\">NOUS CONCEVONS<\/h3>\n\n\n\n<p class=\"has-text-align-center\">Dispotech con\u00e7oit des produits a usage unique, d\u00e9veloppe des mat\u00e9riaux, des technologies, le tout sous un syst\u00e8me de contr\u00f4le qualit\u00e9 strict qui garantit l&rsquo;excellence des produits Dispotech dans le monde.<\/p>\n<\/div>\n\n\n\n<div class=\"wp-block-column is-layout-flow wp-block-column-is-layout-flow\">\n<div class=\"wp-block-image\"><figure class=\"aligncenter size-full is-resized\"><img loading=\"lazy\" decoding=\"async\" src=\"https:\/\/dispotech.ch\/wp-content\/uploads\/2021\/11\/Raggruppa-3067.png\" alt=\"\" class=\"wp-image-21573\" width=\"72\" height=\"72\"\/><\/figure><\/div>\n\n\n\n<h3 class=\"has-text-align-center wp-block-heading\" id=\"produciamo\">NOUS PRODUISONS<\/h3>\n\n\n\n<p class=\"has-text-align-center\">Dispotech produit des articles jetables de haute qualit\u00e9 pour les secteurs m\u00e9dical, dentaire, sportif, promotionnel et de la grande distribution gr\u00e2ce \u00e0 l&rsquo;optimisation des mat\u00e9riaux made in Italy et de chaque machine du cycle de production.<\/p>\n<\/div>\n\n\n\n<div class=\"wp-block-column is-layout-flow wp-block-column-is-layout-flow\">\n<div class=\"wp-block-image\"><figure class=\"aligncenter size-full is-resized\"><img loading=\"lazy\" decoding=\"async\" src=\"https:\/\/dispotech.ch\/wp-content\/uploads\/2021\/11\/Raggruppa-3068.png\" alt=\"\" class=\"wp-image-21574\" width=\"72\" height=\"72\"\/><\/figure><\/div>\n\n\n\n<h3 class=\"has-text-align-center wp-block-heading\" id=\"personalizziamo\">NOUS PERSONNALISONS<\/h3>\n\n\n\n<p class=\"has-text-align-center\">Gr\u00e2ce \u00e0 la flexibilit\u00e9 dans la conception et dans la Recherche et D\u00e9veloppement, Dispotech est en mesure de personnaliser, en fonction de vos besoins, le type et la taille des emballages, ainsi que le format de presque tous les articles \u00e0 usage unique.<\/p>\n<\/div>\n<\/div>\n\n\n\n<div class=\"wp-block-columns no-margin block-1000 is-layout-flex wp-container-core-columns-is-layout-9d6595d7 wp-block-columns-is-layout-flex\">\n<div class=\"wp-block-column has-background is-layout-flow wp-block-column-is-layout-flow\" style=\"background-color:#fbfbfe;flex-basis:66.66%\">\n<figure class=\"wp-block-video\"><video height=\"720\" style=\"aspect-ratio: 1280 \/ 720;\" width=\"1280\" autoplay controls muted src=\"https:\/\/dispotech.ch\/wp-content\/uploads\/2022\/02\/Perfecto-Dental-Disposable-FR.m4v\" playsinline><\/video><\/figure>\n<\/div>\n\n\n\n<div class=\"wp-block-column bg-viola content-padding wrap-right no-margin  mobile-center is-layout-flow wp-block-column-is-layout-flow\" style=\"flex-basis:33.33%\">\n<h2 class=\"wp-block-heading\" id=\"il-ghiaccioistantaneo\">LA POCHE DE FROID<\/h2>\n\n\n\n<hr class=\"wp-block-separator\"\/>\n\n\n\n<p>La poche de froid est le produit le plus c\u00e9l\u00e8bre de Dispotech, con\u00e7u sp\u00e9cifiquement pour la clinique dentaire, le secteur m\u00e9dical, la grande distribution et le sport.\r\nLa poche \u00e0 glace jetable, invent\u00e9e et brevet\u00e9e par Dispotech, garantit ce froid intense mais non agressif et gr\u00e2ce au rev\u00eatement TNT non agressif, doux au toucher, elle convient \u00e0 une utilisation sur le visage ou en PE. Le Perfecto Frost Bag atteint -4\u00b0C en quelques secondes \u00e0 temp\u00e9rature ambiante. Existe aussi en version plastique.<\/p>\n<\/div>\n<\/div>\n\n\n\n<div class=\"wp-block-columns no-margin is-layout-flex wp-container-core-columns-is-layout-9d6595d7 wp-block-columns-is-layout-flex\">\n<div class=\"wp-block-column bg-acqua content-padding-small no-margin-bottom is-layout-flow wp-block-column-is-layout-flow\">\n<div class=\"wp-block-columns wrapper cta-bottom is-layout-flex wp-container-core-columns-is-layout-9d6595d7 wp-block-columns-is-layout-flex\">\n<div class=\"wp-block-column is-layout-flow wp-block-column-is-layout-flow\" style=\"flex-basis:66.66%\">\n<h2 class=\"wp-block-heading\" id=\"sei-interessato-ai-prodotti-dispotech-cosa-aspetti-a-contattarci\">Les produits Dispotech vous int\u00e9ressent ? Qu&rsquo;attendez-vous pour nous contacter !<\/h2>\n<\/div>\n\n\n\n<div class=\"wp-block-column is-vertically-aligned-center is-layout-flow wp-block-column-is-layout-flow\" style=\"flex-basis:33.33%\">\n<div class=\"wp-block-buttons is-horizontal is-content-justification-right is-layout-flex wp-container-core-buttons-is-layout-ae2fe186 wp-block-buttons-is-layout-flex\">\n<div class=\"wp-block-button\"><a class=\"wp-block-button__link has-black-color has-white-background-color has-text-color has-background\" href=\"https:\/\/dispotech.ch\/fr\/contacts\/\"><strong>CONTACTS<\/strong><\/a><\/div>\n<\/div>\n<\/div>\n<\/div>\n<\/div>\n<\/div>\n","protected":false},"excerpt":{"rendered":"<p>Produits populaires PERFECTO DENTAL EXCELLENCE Gr\u00e2ce \u00e0 l&rsquo;engagement continu dans la recherche et le d\u00e9veloppement, Dispotech, reconnue dans le monde entier pour la production de produits jetables pour divers secteurs, tels que m\u00e9dical, dentaire, pharmaceutique, promotionnel, sportif et GDO &#8211; renouvelle et enrichit la gamme dentaire consolid\u00e9e avec des produits jetables suppl\u00e9mentaires et devient Perfecto, [&hellip;]<\/p>\n","protected":false},"author":1,"featured_media":0,"parent":0,"menu_order":0,"comment_status":"closed","ping_status":"closed","template":"template-home.php","meta":{"_acf_changed":false,"footnotes":""},"class_list":["post-19999","page","type-page","status-publish","hentry"],"acf":[],"yoast_head":"<!-- This site is optimized with the Yoast SEO plugin v27.3 - https:\/\/yoast.com\/product\/yoast-seo-wordpress\/ -->\n<title>Leader pour dispositifs jetables et v\u00eatements dentaires et m\u00e9dicaux<\/title>\n<meta name=\"description\" content=\"Dispotech.ch est leader en vente en ligne, distribution et assistance pour dispositifs jetables et v\u00eatements dentaires et m\u00e9dicaux.\" \/>\n<meta name=\"robots\" content=\"index, follow, max-snippet:-1, max-image-preview:large, max-video-preview:-1\" \/>\n<link rel=\"canonical\" href=\"https:\/\/dispotech.ch\/fr\/\" \/>\n<meta property=\"og:locale\" content=\"fr_FR\" \/>\n<meta property=\"og:type\" content=\"article\" \/>\n<meta property=\"og:title\" content=\"Leader pour dispositifs jetables et v\u00eatements dentaires et m\u00e9dicaux\" \/>\n<meta property=\"og:description\" content=\"Dispotech.ch est leader en vente en ligne, distribution et assistance pour dispositifs jetables et v\u00eatements dentaires et m\u00e9dicaux.\" \/>\n<meta property=\"og:url\" content=\"https:\/\/dispotech.ch\/fr\/\" \/>\n<meta property=\"og:site_name\" content=\"Dispotech Shop\" \/>\n<meta property=\"article:modified_time\" content=\"2024-08-07T13:37:33+00:00\" \/>\n<meta property=\"og:image\" content=\"https:\/\/dispotech.ch\/wp-content\/uploads\/2021\/06\/2U2A56381-scaled.jpg\" \/>\n\t<meta property=\"og:image:width\" content=\"2560\" \/>\n\t<meta property=\"og:image:height\" content=\"1763\" \/>\n\t<meta property=\"og:image:type\" content=\"image\/jpeg\" \/>\n<meta name=\"twitter:card\" content=\"summary_large_image\" \/>\n<meta name=\"twitter:label1\" content=\"Dur\u00e9e de lecture estim\u00e9e\" \/>\n\t<meta name=\"twitter:data1\" content=\"3 minutes\" \/>\n<script type=\"application\/ld+json\" class=\"yoast-schema-graph\">{\"@context\":\"https:\\\/\\\/schema.org\",\"@graph\":[{\"@type\":\"WebPage\",\"@id\":\"https:\\\/\\\/dispotech.ch\\\/fr\\\/\",\"url\":\"https:\\\/\\\/dispotech.ch\\\/fr\\\/\",\"name\":\"Leader pour dispositifs jetables et v\u00eatements dentaires et m\u00e9dicaux\",\"isPartOf\":{\"@id\":\"https:\\\/\\\/dispotech.ch\\\/#website\"},\"primaryImageOfPage\":{\"@id\":\"https:\\\/\\\/dispotech.ch\\\/fr\\\/#primaryimage\"},\"image\":{\"@id\":\"https:\\\/\\\/dispotech.ch\\\/fr\\\/#primaryimage\"},\"thumbnailUrl\":\"https:\\\/\\\/dispotech.ch\\\/wp-content\\\/uploads\\\/2021\\\/11\\\/Raggruppa-3066.png\",\"datePublished\":\"2020-07-16T14:38:25+00:00\",\"dateModified\":\"2024-08-07T13:37:33+00:00\",\"description\":\"Dispotech.ch est leader en vente en ligne, distribution et assistance pour dispositifs jetables et v\u00eatements dentaires et m\u00e9dicaux.\",\"breadcrumb\":{\"@id\":\"https:\\\/\\\/dispotech.ch\\\/fr\\\/#breadcrumb\"},\"inLanguage\":\"fr-FR\",\"potentialAction\":[{\"@type\":\"ReadAction\",\"target\":[\"https:\\\/\\\/dispotech.ch\\\/fr\\\/\"]}]},{\"@type\":\"ImageObject\",\"inLanguage\":\"fr-FR\",\"@id\":\"https:\\\/\\\/dispotech.ch\\\/fr\\\/#primaryimage\",\"url\":\"https:\\\/\\\/dispotech.ch\\\/wp-content\\\/uploads\\\/2021\\\/11\\\/Raggruppa-3066.png\",\"contentUrl\":\"https:\\\/\\\/dispotech.ch\\\/wp-content\\\/uploads\\\/2021\\\/11\\\/Raggruppa-3066.png\"},{\"@type\":\"BreadcrumbList\",\"@id\":\"https:\\\/\\\/dispotech.ch\\\/fr\\\/#breadcrumb\",\"itemListElement\":[{\"@type\":\"ListItem\",\"position\":1,\"name\":\"Home\",\"item\":\"https:\\\/\\\/dispotech.ch\\\/fr\\\/\"},{\"@type\":\"ListItem\",\"position\":2,\"name\":\"Home\"}]},{\"@type\":\"WebSite\",\"@id\":\"https:\\\/\\\/dispotech.ch\\\/#website\",\"url\":\"https:\\\/\\\/dispotech.ch\\\/\",\"name\":\"Dispotech Shop\",\"description\":\"\",\"potentialAction\":[{\"@type\":\"SearchAction\",\"target\":{\"@type\":\"EntryPoint\",\"urlTemplate\":\"https:\\\/\\\/dispotech.ch\\\/?s={search_term_string}\"},\"query-input\":{\"@type\":\"PropertyValueSpecification\",\"valueRequired\":true,\"valueName\":\"search_term_string\"}}],\"inLanguage\":\"fr-FR\"}]}<\/script>\n<!-- \/ Yoast SEO plugin. -->","yoast_head_json":{"title":"Leader pour dispositifs jetables et v\u00eatements dentaires et m\u00e9dicaux","description":"Dispotech.ch est leader en vente en ligne, distribution et assistance pour dispositifs jetables et v\u00eatements dentaires et m\u00e9dicaux.","robots":{"index":"index","follow":"follow","max-snippet":"max-snippet:-1","max-image-preview":"max-image-preview:large","max-video-preview":"max-video-preview:-1"},"canonical":"https:\/\/dispotech.ch\/fr\/","og_locale":"fr_FR","og_type":"article","og_title":"Leader pour dispositifs jetables et v\u00eatements dentaires et m\u00e9dicaux","og_description":"Dispotech.ch est leader en vente en ligne, distribution et assistance pour dispositifs jetables et v\u00eatements dentaires et m\u00e9dicaux.","og_url":"https:\/\/dispotech.ch\/fr\/","og_site_name":"Dispotech Shop","article_modified_time":"2024-08-07T13:37:33+00:00","og_image":[{"width":2560,"height":1763,"url":"https:\/\/dispotech.ch\/wp-content\/uploads\/2021\/06\/2U2A56381-scaled.jpg","type":"image\/jpeg"}],"twitter_card":"summary_large_image","twitter_misc":{"Dur\u00e9e de lecture estim\u00e9e":"3 minutes"},"schema":{"@context":"https:\/\/schema.org","@graph":[{"@type":"WebPage","@id":"https:\/\/dispotech.ch\/fr\/","url":"https:\/\/dispotech.ch\/fr\/","name":"Leader pour dispositifs jetables et v\u00eatements dentaires et m\u00e9dicaux","isPartOf":{"@id":"https:\/\/dispotech.ch\/#website"},"primaryImageOfPage":{"@id":"https:\/\/dispotech.ch\/fr\/#primaryimage"},"image":{"@id":"https:\/\/dispotech.ch\/fr\/#primaryimage"},"thumbnailUrl":"https:\/\/dispotech.ch\/wp-content\/uploads\/2021\/11\/Raggruppa-3066.png","datePublished":"2020-07-16T14:38:25+00:00","dateModified":"2024-08-07T13:37:33+00:00","description":"Dispotech.ch est leader en vente en ligne, distribution et assistance pour dispositifs jetables et v\u00eatements dentaires et m\u00e9dicaux.","breadcrumb":{"@id":"https:\/\/dispotech.ch\/fr\/#breadcrumb"},"inLanguage":"fr-FR","potentialAction":[{"@type":"ReadAction","target":["https:\/\/dispotech.ch\/fr\/"]}]},{"@type":"ImageObject","inLanguage":"fr-FR","@id":"https:\/\/dispotech.ch\/fr\/#primaryimage","url":"https:\/\/dispotech.ch\/wp-content\/uploads\/2021\/11\/Raggruppa-3066.png","contentUrl":"https:\/\/dispotech.ch\/wp-content\/uploads\/2021\/11\/Raggruppa-3066.png"},{"@type":"BreadcrumbList","@id":"https:\/\/dispotech.ch\/fr\/#breadcrumb","itemListElement":[{"@type":"ListItem","position":1,"name":"Home","item":"https:\/\/dispotech.ch\/fr\/"},{"@type":"ListItem","position":2,"name":"Home"}]},{"@type":"WebSite","@id":"https:\/\/dispotech.ch\/#website","url":"https:\/\/dispotech.ch\/","name":"Dispotech Shop","description":"","potentialAction":[{"@type":"SearchAction","target":{"@type":"EntryPoint","urlTemplate":"https:\/\/dispotech.ch\/?s={search_term_string}"},"query-input":{"@type":"PropertyValueSpecification","valueRequired":true,"valueName":"search_term_string"}}],"inLanguage":"fr-FR"}]}},"_links":{"self":[{"href":"https:\/\/dispotech.ch\/fr\/wp-json\/wp\/v2\/pages\/19999","targetHints":{"allow":["GET"]}}],"collection":[{"href":"https:\/\/dispotech.ch\/fr\/wp-json\/wp\/v2\/pages"}],"about":[{"href":"https:\/\/dispotech.ch\/fr\/wp-json\/wp\/v2\/types\/page"}],"author":[{"embeddable":true,"href":"https:\/\/dispotech.ch\/fr\/wp-json\/wp\/v2\/users\/1"}],"replies":[{"embeddable":true,"href":"https:\/\/dispotech.ch\/fr\/wp-json\/wp\/v2\/comments?post=19999"}],"version-history":[{"count":34,"href":"https:\/\/dispotech.ch\/fr\/wp-json\/wp\/v2\/pages\/19999\/revisions"}],"predecessor-version":[{"id":21893,"href":"https:\/\/dispotech.ch\/fr\/wp-json\/wp\/v2\/pages\/19999\/revisions\/21893"}],"wp:attachment":[{"href":"https:\/\/dispotech.ch\/fr\/wp-json\/wp\/v2\/media?parent=19999"}],"curies":[{"name":"wp","href":"https:\/\/api.w.org\/{rel}","templated":true}]}}