{"id":21260,"date":"2021-06-15T10:10:39","date_gmt":"2021-06-15T08:10:39","guid":{"rendered":"https:\/\/shop.dispotech.ch\/nous-sommes\/"},"modified":"2022-02-09T00:52:21","modified_gmt":"2022-02-08T23:52:21","slug":"nous-sommes","status":"publish","type":"page","link":"https:\/\/dispotech.ch\/fr\/nous-sommes\/","title":{"rendered":"Nous Sommes"},"content":{"rendered":"\n<div class=\"wp-block-columns bg-viola no-margin is-layout-flex wp-container-core-columns-is-layout-9d6595d7 wp-block-columns-is-layout-flex\">\n<div class=\"wp-block-column is-layout-flow wp-block-column-is-layout-flow\">\n<div class=\"wp-block-columns first-content wrapper page-header fullheight is-layout-flex wp-container-core-columns-is-layout-9d6595d7 wp-block-columns-is-layout-flex\">\n<div class=\"wp-block-column is-vertically-aligned-center is-layout-flow wp-block-column-is-layout-flow\" style=\"flex-basis:33.33%\">\n<figure class=\"wp-block-image size-full\"><img loading=\"lazy\" decoding=\"async\" width=\"117\" height=\"117\" src=\"https:\/\/dispotech.ch\/wp-content\/uploads\/2021\/11\/icona-chi-siamo.png\" alt=\"\" class=\"wp-image-21653\" srcset=\"https:\/\/dispotech.ch\/wp-content\/uploads\/2021\/11\/icona-chi-siamo.png 117w, https:\/\/dispotech.ch\/wp-content\/uploads\/2021\/11\/icona-chi-siamo-100x100.png 100w\" sizes=\"auto, (max-width: 117px) 100vw, 117px\" \/><\/figure>\n\n\n\n<h2 class=\"wp-block-heading\" id=\"fournisseurs-de-produits-medical-dans-le-monde\">FOURNISSEURS DE\r\nPRODUITS\r\nM\u00c9DICAL\r\nDANS LE <span class=\"has-inline-color\" style=\"color: #34e3b6;\">MONDE<\/span><\/h2>\n\n\n\n<div class=\"wp-block-buttons is-layout-flex wp-block-buttons-is-layout-flex\">\n<div class=\"wp-block-button\"><a class=\"wp-block-button__link has-white-background-color has-text-color has-background\" style=\"color:#3a2366\">Vous d\u00e9couvrez<\/a><\/div>\n\n\n\n<div class=\"wp-block-button\"><a class=\"wp-block-button__link has-text-color has-background\" style=\"background-color:#34e3b6;color:#3a2366\">TOUT LE PRODUITS<\/a><\/div>\n<\/div>\n<\/div>\n\n\n\n<div class=\"wp-block-column is-vertically-aligned-bottom is-layout-flow wp-block-column-is-layout-flow\" style=\"flex-basis:66.66%\">\n<figure class=\"wp-block-image size-large no-margin\"><img loading=\"lazy\" decoding=\"async\" width=\"1024\" height=\"788\" src=\"https:\/\/dispotech.ch\/wp-content\/uploads\/2021\/11\/dispotech_como-1024x788.png\" alt=\"\" class=\"wp-image-21453\" srcset=\"https:\/\/dispotech.ch\/wp-content\/uploads\/2021\/11\/dispotech_como-1024x788.png 1024w, https:\/\/dispotech.ch\/wp-content\/uploads\/2021\/11\/dispotech_como-720x554.png 720w, https:\/\/dispotech.ch\/wp-content\/uploads\/2021\/11\/dispotech_como-800x616.png 800w, https:\/\/dispotech.ch\/wp-content\/uploads\/2021\/11\/dispotech_como-300x231.png 300w, https:\/\/dispotech.ch\/wp-content\/uploads\/2021\/11\/dispotech_como-768x591.png 768w, https:\/\/dispotech.ch\/wp-content\/uploads\/2021\/11\/dispotech_como.png 1379w\" sizes=\"auto, (max-width: 1024px) 100vw, 1024px\" \/><\/figure>\n<\/div>\n<\/div>\n<\/div>\n<\/div>\n\n\n\n<div class=\"wp-block-columns is-layout-flex wp-container-core-columns-is-layout-9d6595d7 wp-block-columns-is-layout-flex\">\n<div class=\"wp-block-column bg-acqua content-padding-small no-margin is-layout-flow wp-block-column-is-layout-flow\">\n<div class=\"wp-block-columns is-layout-flex wp-container-core-columns-is-layout-9d6595d7 wp-block-columns-is-layout-flex\">\n<div class=\"wp-block-column wrapper is-layout-flow wp-block-column-is-layout-flow\">\n<h3 class=\"wp-block-heading\" id=\"production-de-produits-medicaux-depuis-1994\">PRODUCTION\r\nDE PRODUITS M\u00c9DICAUX\r\nDEPUIS 1994<\/h3>\n\n\n\n<hr class=\"wp-block-separator\"\/>\n\n\n\n<div class=\"wp-block-columns justify is-layout-flex wp-container-core-columns-is-layout-9d6595d7 wp-block-columns-is-layout-flex\">\n<div class=\"wp-block-column wrapper is-layout-flow wp-block-column-is-layout-flow\">\n<p>Dispotech est n\u00e9e d&rsquo;une intuition de Massimo Mortarotti en 1994 en tant qu&rsquo;entreprise de fabrication de produits m\u00e9dicaux pour les secteurs suivants : m\u00e9dical &#8211; dentaire &#8211; sportif &#8211; promotionnel\r\nApr\u00e8s dix ans de travail en tant qu&rsquo;entreprise d\u00e9di\u00e9e \u00e0 la conception et \u00e0 la production de produits m\u00e9dicaux jetables \u00e0 Gordona, Valchiavenna (Italie).<\/p>\n<\/div>\n\n\n\n<div class=\"wp-block-column is-layout-flow wp-block-column-is-layout-flow\">\n<p>Ces produits sont maintenant export\u00e9s dans le monde entier.\r\nAujourd&rsquo;hui, Dispotech est internationalement connue pour la production de produits m\u00e9dicaux de haute qualit\u00e9 \u00e0 la fois sous la marque Dispotech et Private Label &#8211; sur demande, en effet, les produits peuvent \u00eatre personnalis\u00e9s avec l&rsquo;ajout de logos, dans l&#8217;emballage ou dans les dimensions.&nbsp; &#8211; GDO<\/p>\n<\/div>\n\n\n\n<div class=\"wp-block-column is-layout-flow wp-block-column-is-layout-flow\">\n<p>Dispotech.ch ambitionne de devenir la r\u00e9f\u00e9rence sur le march\u00e9 suisse des produits jetables dentaires, m\u00e9dicaux et sportifs.<\/p>\n\n\n\n<p>La mission de l&rsquo;entreprise est de fournir un excellent produit de qualit\u00e9 sur l&rsquo;ensemble du territoire suisse.<\/p>\n<\/div>\n<\/div>\n<\/div>\n<\/div>\n<\/div>\n<\/div>\n\n\n\n<div class=\"wp-block-columns is-layout-flex wp-container-core-columns-is-layout-9d6595d7 wp-block-columns-is-layout-flex\">\n<div class=\"wp-block-column bg-viola content-padding no-margin is-layout-flow wp-block-column-is-layout-flow\">\n<div class=\"wp-block-columns is-layout-flex wp-container-core-columns-is-layout-9d6595d7 wp-block-columns-is-layout-flex\">\n<div class=\"wp-block-column narrow-wrapper is-layout-flow wp-block-column-is-layout-flow\">\n<h2 class=\"has-text-align-center wp-block-heading\" id=\"dispotech-ch-fait-partie-des-plus-grands-fournisseurs-de-produits-medicaux-en-suisse-et-dans-le-monde-pour\">Dispotech.ch fait partie des plus grands fournisseurs de produits m\u00e9dicaux en Suisse et dans le monde pour :<\/h2>\n\n\n\n<div class=\"wp-block-columns is-layout-flex wp-container-core-columns-is-layout-9d6595d7 wp-block-columns-is-layout-flex\">\n<div class=\"wp-block-column box-padding is-layout-flow wp-block-column-is-layout-flow\">\n<div class=\"wp-block-image\"><figure class=\"aligncenter size-full is-resized\"><img loading=\"lazy\" decoding=\"async\" src=\"https:\/\/dispotech.ch\/wp-content\/uploads\/2021\/11\/icona-ospedali.png\" alt=\"\" class=\"wp-image-21654\" width=\"92\" height=\"92\" srcset=\"https:\/\/dispotech.ch\/wp-content\/uploads\/2021\/11\/icona-ospedali.png 184w, https:\/\/dispotech.ch\/wp-content\/uploads\/2021\/11\/icona-ospedali-150x150.png 150w, https:\/\/dispotech.ch\/wp-content\/uploads\/2021\/11\/icona-ospedali-100x100.png 100w\" sizes=\"auto, (max-width: 92px) 100vw, 92px\" \/><\/figure><\/div>\n\n\n\n<p class=\"has-text-align-center uppercase bigger\">h\u00f4pitaux et cliniques dentaires<\/p>\n<\/div>\n\n\n\n<div class=\"wp-block-column box-padding is-layout-flow wp-block-column-is-layout-flow\">\n<div class=\"wp-block-image\"><figure class=\"aligncenter size-full is-resized\"><img loading=\"lazy\" decoding=\"async\" src=\"https:\/\/dispotech.ch\/wp-content\/uploads\/2021\/11\/icona-cure.png\" alt=\"\" class=\"wp-image-21655\" width=\"92\" height=\"92\" srcset=\"https:\/\/dispotech.ch\/wp-content\/uploads\/2021\/11\/icona-cure.png 184w, https:\/\/dispotech.ch\/wp-content\/uploads\/2021\/11\/icona-cure-150x150.png 150w, https:\/\/dispotech.ch\/wp-content\/uploads\/2021\/11\/icona-cure-100x100.png 100w\" sizes=\"auto, (max-width: 92px) 100vw, 92px\" \/><\/figure><\/div>\n\n\n\n<p class=\"has-text-align-center uppercase bigger\">maisons de repos<\/p>\n<\/div>\n<\/div>\n\n\n\n<div class=\"wp-block-columns is-layout-flex wp-container-core-columns-is-layout-9d6595d7 wp-block-columns-is-layout-flex\">\n<div class=\"wp-block-column box-padding is-layout-flow wp-block-column-is-layout-flow\">\n<div class=\"wp-block-image\"><figure class=\"aligncenter size-full is-resized\"><img loading=\"lazy\" decoding=\"async\" src=\"https:\/\/dispotech.ch\/wp-content\/uploads\/2021\/11\/icona-sport.png\" alt=\"\" class=\"wp-image-21656\" width=\"92\" height=\"92\" srcset=\"https:\/\/dispotech.ch\/wp-content\/uploads\/2021\/11\/icona-sport.png 184w, https:\/\/dispotech.ch\/wp-content\/uploads\/2021\/11\/icona-sport-150x150.png 150w, https:\/\/dispotech.ch\/wp-content\/uploads\/2021\/11\/icona-sport-100x100.png 100w\" sizes=\"auto, (max-width: 92px) 100vw, 92px\" \/><\/figure><\/div>\n\n\n\n<p class=\"has-text-align-center uppercase bigger\">installations sportives et op\u00e9rateurs<\/p>\n<\/div>\n\n\n\n<div class=\"wp-block-column box-padding is-layout-flow wp-block-column-is-layout-flow\">\n<div class=\"wp-block-image\"><figure class=\"aligncenter size-full is-resized\"><img loading=\"lazy\" decoding=\"async\" src=\"https:\/\/dispotech.ch\/wp-content\/uploads\/2021\/11\/icona-farmacie.png\" alt=\"\" class=\"wp-image-21657\" width=\"92\" height=\"92\" srcset=\"https:\/\/dispotech.ch\/wp-content\/uploads\/2021\/11\/icona-farmacie.png 184w, https:\/\/dispotech.ch\/wp-content\/uploads\/2021\/11\/icona-farmacie-150x150.png 150w, https:\/\/dispotech.ch\/wp-content\/uploads\/2021\/11\/icona-farmacie-100x100.png 100w\" sizes=\"auto, (max-width: 92px) 100vw, 92px\" \/><\/figure><\/div>\n\n\n\n<p class=\"has-text-align-center uppercase bigger\">pharmacies et grands distributeurs<\/p>\n<\/div>\n<\/div>\n<\/div>\n<\/div>\n<\/div>\n<\/div>\n\n\n\n<div class=\"wp-block-columns block-1000 is-layout-flex wp-container-core-columns-is-layout-9d6595d7 wp-block-columns-is-layout-flex\">\n<div class=\"wp-block-column is-vertically-aligned-center wrap-left content-padding is-layout-flow wp-block-column-is-layout-flow\">\n<p>Parmi les produits que nous fournissons, vous trouverez des blouses, des masques chirurgicaux, des sprays de glace, des poche froid, des poche chaud, des capes et des brosses \u00e0 dents jetables, des tapis d\u00e9contaminants, des gants et bien plus encore.<\/p>\n\n\n\n<p><strong>Notre point fort est que nous nous sommes distingu\u00e9s en tant que fournisseurs de produits m\u00e9dicaux a usage unique.<\/strong><\/p>\n\n\n\n<div class=\"wp-block-buttons is-layout-flex wp-block-buttons-is-layout-flex\">\n<div class=\"wp-block-button\"><a class=\"wp-block-button__link has-text-color has-background\" style=\"background-color:#34e3b6;color:#3a2366\">CATALOGUE<\/a><\/div>\n<\/div>\n<\/div>\n\n\n\n<div class=\"wp-block-column is-layout-flow wp-block-column-is-layout-flow\">\n<div class=\"wp-block-columns is-layout-flex wp-container-core-columns-is-layout-9d6595d7 wp-block-columns-is-layout-flex\">\n<div class=\"wp-block-column box-padding bg-viola is-layout-flow wp-block-column-is-layout-flow\">\n<h3 class=\"has-text-align-center uppercase wp-block-heading\" id=\"tres-hygienique\">tr\u00e8s\r\nhygi\u00e9nique<\/h3>\n<\/div>\n\n\n\n<div class=\"wp-block-column box-padding bg-acqua no-margin is-layout-flow wp-block-column-is-layout-flow\">\n<h3 class=\"has-text-align-center uppercase wp-block-heading\" id=\"fabrique-avec-des-materiaux-de-haute-qualite\">fabriqu\u00e9 avec des mat\u00e9riaux de haute qualit\u00e9<\/h3>\n<\/div>\n<\/div>\n\n\n\n<div class=\"wp-block-columns is-layout-flex wp-container-core-columns-is-layout-9d6595d7 wp-block-columns-is-layout-flex\">\n<div class=\"wp-block-column box-padding bg-verdino is-layout-flow wp-block-column-is-layout-flow\">\n<h3 class=\"has-text-align-center uppercase wp-block-heading\" id=\"facile-de-se-debarrasser\">facile de\r\nse d\u00e9barrasser<\/h3>\n<\/div>\n\n\n\n<div class=\"wp-block-column box-padding bg-violetto no-margin is-layout-flow wp-block-column-is-layout-flow\">\n<h3 class=\"has-text-align-center uppercase wp-block-heading\" id=\"personnalisable-avec-votre-logo-et-dans-l-emballage\">personnalisable avec votre logo et dans l&#8217;emballage<\/h3>\n<\/div>\n<\/div>\n<\/div>\n<\/div>\n\n\n\n<div class=\"wp-block-columns no-margin is-layout-flex wp-container-core-columns-is-layout-9d6595d7 wp-block-columns-is-layout-flex\">\n<div class=\"wp-block-column bg-acqua content-padding-small no-margin-bottom is-layout-flow wp-block-column-is-layout-flow\">\n<div class=\"wp-block-columns wrapper cta-bottom is-layout-flex wp-container-core-columns-is-layout-9d6595d7 wp-block-columns-is-layout-flex\">\n<div class=\"wp-block-column is-layout-flow wp-block-column-is-layout-flow\" style=\"flex-basis:66.66%\">\n<h2 class=\"wp-block-heading\" id=\"les-produits-dispotech-vous-interessent-qu-attendez-vous-pour-nous-contacter\">Les produits Dispotech vous int\u00e9ressent ? Qu&rsquo;attendez-vous pour nous contacter!<\/h2>\n<\/div>\n\n\n\n<div class=\"wp-block-column is-vertically-aligned-center is-layout-flow wp-block-column-is-layout-flow\" style=\"flex-basis:33.33%\">\n<div class=\"wp-block-buttons is-horizontal is-content-justification-right is-layout-flex wp-container-core-buttons-is-layout-ae2fe186 wp-block-buttons-is-layout-flex\">\n<div class=\"wp-block-button\"><a class=\"wp-block-button__link has-black-color has-white-background-color has-text-color has-background\" href=\"https:\/\/dispotech.ch\/fr\/contacts\/\">NOUS CONTACTER<\/a><\/div>\n<\/div>\n<\/div>\n<\/div>\n<\/div>\n<\/div>\n","protected":false},"excerpt":{"rendered":"<p>FOURNISSEURS DE PRODUITS M\u00c9DICAL DANS LE MONDE PRODUCTION DE PRODUITS M\u00c9DICAUX DEPUIS 1994 Dispotech est n\u00e9e d&rsquo;une intuition de Massimo Mortarotti en 1994 en tant qu&rsquo;entreprise de fabrication de produits m\u00e9dicaux pour les secteurs suivants : m\u00e9dical &#8211; dentaire &#8211; sportif &#8211; promotionnel Apr\u00e8s dix ans de travail en tant qu&rsquo;entreprise d\u00e9di\u00e9e \u00e0 la conception [&hellip;]<\/p>\n","protected":false},"author":2,"featured_media":0,"parent":0,"menu_order":0,"comment_status":"closed","ping_status":"closed","template":"template-fullwidth.php","meta":{"_acf_changed":false,"footnotes":""},"class_list":["post-21260","page","type-page","status-publish","hentry"],"acf":[],"yoast_head":"<!-- This site is optimized with the Yoast SEO plugin v27.3 - https:\/\/yoast.com\/product\/yoast-seo-wordpress\/ -->\n<title>Nous Sommes - Dispotech Shop<\/title>\n<meta name=\"robots\" content=\"index, follow, max-snippet:-1, max-image-preview:large, max-video-preview:-1\" \/>\n<link rel=\"canonical\" href=\"https:\/\/dispotech.ch\/fr\/nous-sommes\/\" \/>\n<meta property=\"og:locale\" content=\"fr_FR\" \/>\n<meta property=\"og:type\" content=\"article\" \/>\n<meta property=\"og:title\" content=\"Nous Sommes - Dispotech Shop\" \/>\n<meta property=\"og:description\" content=\"FOURNISSEURS DE PRODUITS M\u00c9DICAL DANS LE MONDE PRODUCTION DE PRODUITS M\u00c9DICAUX DEPUIS 1994 Dispotech est n\u00e9e d&rsquo;une intuition de Massimo Mortarotti en 1994 en tant qu&rsquo;entreprise de fabrication de produits m\u00e9dicaux pour les secteurs suivants : m\u00e9dical &#8211; dentaire &#8211; sportif &#8211; promotionnel Apr\u00e8s dix ans de travail en tant qu&rsquo;entreprise d\u00e9di\u00e9e \u00e0 la conception [&hellip;]\" \/>\n<meta property=\"og:url\" content=\"https:\/\/dispotech.ch\/fr\/nous-sommes\/\" \/>\n<meta property=\"og:site_name\" content=\"Dispotech Shop\" \/>\n<meta property=\"article:modified_time\" content=\"2022-02-08T23:52:21+00:00\" \/>\n<meta property=\"og:image\" content=\"https:\/\/dispotech.ch\/wp-content\/uploads\/2021\/11\/icona-chi-siamo.png\" \/>\n<meta name=\"twitter:card\" content=\"summary_large_image\" \/>\n<meta name=\"twitter:label1\" content=\"Dur\u00e9e de lecture estim\u00e9e\" \/>\n\t<meta name=\"twitter:data1\" content=\"2 minutes\" \/>\n<script type=\"application\/ld+json\" class=\"yoast-schema-graph\">{\"@context\":\"https:\\\/\\\/schema.org\",\"@graph\":[{\"@type\":\"WebPage\",\"@id\":\"https:\\\/\\\/dispotech.ch\\\/fr\\\/nous-sommes\\\/\",\"url\":\"https:\\\/\\\/dispotech.ch\\\/fr\\\/nous-sommes\\\/\",\"name\":\"Nous Sommes - Dispotech Shop\",\"isPartOf\":{\"@id\":\"https:\\\/\\\/dispotech.ch\\\/#website\"},\"primaryImageOfPage\":{\"@id\":\"https:\\\/\\\/dispotech.ch\\\/fr\\\/nous-sommes\\\/#primaryimage\"},\"image\":{\"@id\":\"https:\\\/\\\/dispotech.ch\\\/fr\\\/nous-sommes\\\/#primaryimage\"},\"thumbnailUrl\":\"https:\\\/\\\/dispotech.ch\\\/wp-content\\\/uploads\\\/2021\\\/11\\\/icona-chi-siamo.png\",\"datePublished\":\"2021-06-15T08:10:39+00:00\",\"dateModified\":\"2022-02-08T23:52:21+00:00\",\"breadcrumb\":{\"@id\":\"https:\\\/\\\/dispotech.ch\\\/fr\\\/nous-sommes\\\/#breadcrumb\"},\"inLanguage\":\"fr-FR\",\"potentialAction\":[{\"@type\":\"ReadAction\",\"target\":[\"https:\\\/\\\/dispotech.ch\\\/fr\\\/nous-sommes\\\/\"]}]},{\"@type\":\"ImageObject\",\"inLanguage\":\"fr-FR\",\"@id\":\"https:\\\/\\\/dispotech.ch\\\/fr\\\/nous-sommes\\\/#primaryimage\",\"url\":\"https:\\\/\\\/dispotech.ch\\\/wp-content\\\/uploads\\\/2021\\\/11\\\/icona-chi-siamo.png\",\"contentUrl\":\"https:\\\/\\\/dispotech.ch\\\/wp-content\\\/uploads\\\/2021\\\/11\\\/icona-chi-siamo.png\"},{\"@type\":\"BreadcrumbList\",\"@id\":\"https:\\\/\\\/dispotech.ch\\\/fr\\\/nous-sommes\\\/#breadcrumb\",\"itemListElement\":[{\"@type\":\"ListItem\",\"position\":1,\"name\":\"Home\",\"item\":\"https:\\\/\\\/dispotech.ch\\\/fr\\\/\"},{\"@type\":\"ListItem\",\"position\":2,\"name\":\"Nous Sommes\"}]},{\"@type\":\"WebSite\",\"@id\":\"https:\\\/\\\/dispotech.ch\\\/#website\",\"url\":\"https:\\\/\\\/dispotech.ch\\\/\",\"name\":\"Dispotech Shop\",\"description\":\"\",\"potentialAction\":[{\"@type\":\"SearchAction\",\"target\":{\"@type\":\"EntryPoint\",\"urlTemplate\":\"https:\\\/\\\/dispotech.ch\\\/?s={search_term_string}\"},\"query-input\":{\"@type\":\"PropertyValueSpecification\",\"valueRequired\":true,\"valueName\":\"search_term_string\"}}],\"inLanguage\":\"fr-FR\"}]}<\/script>\n<!-- \/ Yoast SEO plugin. -->","yoast_head_json":{"title":"Nous Sommes - Dispotech Shop","robots":{"index":"index","follow":"follow","max-snippet":"max-snippet:-1","max-image-preview":"max-image-preview:large","max-video-preview":"max-video-preview:-1"},"canonical":"https:\/\/dispotech.ch\/fr\/nous-sommes\/","og_locale":"fr_FR","og_type":"article","og_title":"Nous Sommes - Dispotech Shop","og_description":"FOURNISSEURS DE PRODUITS M\u00c9DICAL DANS LE MONDE PRODUCTION DE PRODUITS M\u00c9DICAUX DEPUIS 1994 Dispotech est n\u00e9e d&rsquo;une intuition de Massimo Mortarotti en 1994 en tant qu&rsquo;entreprise de fabrication de produits m\u00e9dicaux pour les secteurs suivants : m\u00e9dical &#8211; dentaire &#8211; sportif &#8211; promotionnel Apr\u00e8s dix ans de travail en tant qu&rsquo;entreprise d\u00e9di\u00e9e \u00e0 la conception [&hellip;]","og_url":"https:\/\/dispotech.ch\/fr\/nous-sommes\/","og_site_name":"Dispotech Shop","article_modified_time":"2022-02-08T23:52:21+00:00","og_image":[{"url":"https:\/\/dispotech.ch\/wp-content\/uploads\/2021\/11\/icona-chi-siamo.png","type":"","width":"","height":""}],"twitter_card":"summary_large_image","twitter_misc":{"Dur\u00e9e de lecture estim\u00e9e":"2 minutes"},"schema":{"@context":"https:\/\/schema.org","@graph":[{"@type":"WebPage","@id":"https:\/\/dispotech.ch\/fr\/nous-sommes\/","url":"https:\/\/dispotech.ch\/fr\/nous-sommes\/","name":"Nous Sommes - Dispotech Shop","isPartOf":{"@id":"https:\/\/dispotech.ch\/#website"},"primaryImageOfPage":{"@id":"https:\/\/dispotech.ch\/fr\/nous-sommes\/#primaryimage"},"image":{"@id":"https:\/\/dispotech.ch\/fr\/nous-sommes\/#primaryimage"},"thumbnailUrl":"https:\/\/dispotech.ch\/wp-content\/uploads\/2021\/11\/icona-chi-siamo.png","datePublished":"2021-06-15T08:10:39+00:00","dateModified":"2022-02-08T23:52:21+00:00","breadcrumb":{"@id":"https:\/\/dispotech.ch\/fr\/nous-sommes\/#breadcrumb"},"inLanguage":"fr-FR","potentialAction":[{"@type":"ReadAction","target":["https:\/\/dispotech.ch\/fr\/nous-sommes\/"]}]},{"@type":"ImageObject","inLanguage":"fr-FR","@id":"https:\/\/dispotech.ch\/fr\/nous-sommes\/#primaryimage","url":"https:\/\/dispotech.ch\/wp-content\/uploads\/2021\/11\/icona-chi-siamo.png","contentUrl":"https:\/\/dispotech.ch\/wp-content\/uploads\/2021\/11\/icona-chi-siamo.png"},{"@type":"BreadcrumbList","@id":"https:\/\/dispotech.ch\/fr\/nous-sommes\/#breadcrumb","itemListElement":[{"@type":"ListItem","position":1,"name":"Home","item":"https:\/\/dispotech.ch\/fr\/"},{"@type":"ListItem","position":2,"name":"Nous Sommes"}]},{"@type":"WebSite","@id":"https:\/\/dispotech.ch\/#website","url":"https:\/\/dispotech.ch\/","name":"Dispotech Shop","description":"","potentialAction":[{"@type":"SearchAction","target":{"@type":"EntryPoint","urlTemplate":"https:\/\/dispotech.ch\/?s={search_term_string}"},"query-input":{"@type":"PropertyValueSpecification","valueRequired":true,"valueName":"search_term_string"}}],"inLanguage":"fr-FR"}]}},"_links":{"self":[{"href":"https:\/\/dispotech.ch\/fr\/wp-json\/wp\/v2\/pages\/21260","targetHints":{"allow":["GET"]}}],"collection":[{"href":"https:\/\/dispotech.ch\/fr\/wp-json\/wp\/v2\/pages"}],"about":[{"href":"https:\/\/dispotech.ch\/fr\/wp-json\/wp\/v2\/types\/page"}],"author":[{"embeddable":true,"href":"https:\/\/dispotech.ch\/fr\/wp-json\/wp\/v2\/users\/2"}],"replies":[{"embeddable":true,"href":"https:\/\/dispotech.ch\/fr\/wp-json\/wp\/v2\/comments?post=21260"}],"version-history":[{"count":8,"href":"https:\/\/dispotech.ch\/fr\/wp-json\/wp\/v2\/pages\/21260\/revisions"}],"predecessor-version":[{"id":21874,"href":"https:\/\/dispotech.ch\/fr\/wp-json\/wp\/v2\/pages\/21260\/revisions\/21874"}],"wp:attachment":[{"href":"https:\/\/dispotech.ch\/fr\/wp-json\/wp\/v2\/media?parent=21260"}],"curies":[{"name":"wp","href":"https:\/\/api.w.org\/{rel}","templated":true}]}}