{"id":19756,"date":"2020-02-03T17:18:54","date_gmt":"2020-02-03T16:18:54","guid":{"rendered":"https:\/\/dispotech.test.ddss.ch\/prodotto\/19756\/"},"modified":"2024-08-28T10:26:58","modified_gmt":"2024-08-28T08:26:58","slug":"easy-ice-tnt","status":"publish","type":"product","link":"https:\/\/dispotech.ch\/fr\/prodotto\/easy-ice-tnt\/","title":{"rendered":"EASY ICE TNT"},"content":{"rendered":"","protected":false},"excerpt":{"rendered":"<p id=\"tw-target-text\" class=\"tw-data-text tw-text-large tw-ta\" dir=\"ltr\" data-placeholder=\"Traduzione\"><span lang=\"fr\">Easy Ice par Dispotech est un sac de gel jetable, disponible dans une bo\u00eete, en tissu non tiss\u00e9 (TNT) <\/span><\/p>\n<h2 class=\"tw-data-text tw-text-large tw-ta\" dir=\"ltr\" data-placeholder=\"Traduzione\"><span lang=\"fr\">CRYOTH\u00c9RAPIE AVEC SAC GELABLE JETABLE <\/span><\/h2>\n<p class=\"tw-data-text tw-text-large tw-ta\" dir=\"ltr\" data-placeholder=\"Traduzione\"><span lang=\"fr\">En pressant la bulle \u00e0 l&rsquo;int\u00e9rieur, un processus de refroidissement endothermique instantan\u00e9 (-4 \u00b0) d\u00e9marre, selon la formule de cryoth\u00e9rapie brevet\u00e9e par Dispotech. <\/span><\/p>\n<p class=\"tw-data-text tw-text-large tw-ta\" dir=\"ltr\" data-placeholder=\"Traduzione\"><span lang=\"fr\">Le sac de gel jetable est l&rsquo;un des dispositifs m\u00e9dicaux de classe IIa. <\/span><\/p>\n<p class=\"tw-data-text tw-text-large tw-ta\" dir=\"ltr\" data-placeholder=\"Traduzione\"><span lang=\"fr\">Le sac de gel jetable, parfois appel\u00e9 glace instantan\u00e9e ou glace s\u00e8che incorrecte, est utilis\u00e9 lorsque la cryoth\u00e9rapie est n\u00e9cessaire. <\/span><\/p>\n<p class=\"tw-data-text tw-text-large tw-ta\" dir=\"ltr\" data-placeholder=\"Traduzione\"><span lang=\"fr\">Ils sont en poly\u00e9thyl\u00e8ne et, pour les applications sur les parties sensibles du corps, Dispotech a cr\u00e9\u00e9 un rev\u00eatement TNT exclusif. <\/span><\/p>\n<p class=\"tw-data-text tw-text-large tw-ta\" dir=\"ltr\" data-placeholder=\"Traduzione\"><span lang=\"fr\">Dispo ICE est un appareil m\u00e9dical de classe II, disponible dans un \u00e9tui personnalisable. <\/span><\/p>\n<p class=\"tw-data-text tw-text-large tw-ta\" dir=\"ltr\" data-placeholder=\"Traduzione\"><span lang=\"fr\">Le sac de gel jetable trouve des applications dans de nombreux secteurs tels que le m\u00e9dical, le dentaire, le sport, la grande distribution et votre marque.<\/span><\/p>\n","protected":false},"featured_media":19757,"comment_status":"open","ping_status":"closed","template":"","meta":{"_acf_changed":false},"product_brand":[],"product_cat":[286,452],"product_tag":[],"class_list":{"0":"post-19756","1":"product","2":"type-product","3":"status-publish","4":"has-post-thumbnail","6":"product_cat-dental-fr","7":"product_cat-medical-fr","9":"first","10":"instock","11":"taxable","12":"shipping-taxable","13":"purchasable","14":"product-type-simple"},"acf":[],"yoast_head":"<!-- This site is optimized with the Yoast SEO plugin v27.3 - https:\/\/yoast.com\/product\/yoast-seo-wordpress\/ -->\n<title>EASY ICE TNT - Dispotech Shop<\/title>\n<meta name=\"robots\" content=\"index, follow, max-snippet:-1, max-image-preview:large, max-video-preview:-1\" \/>\n<link rel=\"canonical\" href=\"https:\/\/dispotech.ch\/fr\/prodotto\/easy-ice-tnt\/\" \/>\n<meta property=\"og:locale\" content=\"fr_FR\" \/>\n<meta property=\"og:type\" content=\"article\" \/>\n<meta property=\"og:title\" content=\"EASY ICE TNT - Dispotech Shop\" \/>\n<meta property=\"og:description\" content=\"Easy Ice par Dispotech est un sac de gel jetable, disponible dans une bo\u00eete, en tissu non tiss\u00e9 (TNT)   CRYOTH\u00c9RAPIE AVEC SAC GELABLE JETABLE  En pressant la bulle \u00e0 l&#039;int\u00e9rieur, un processus de refroidissement endothermique instantan\u00e9 (-4 \u00b0) d\u00e9marre, selon la formule de cryoth\u00e9rapie brevet\u00e9e par Dispotech.  Le sac de gel jetable est l&#039;un des dispositifs m\u00e9dicaux de classe IIa.  Le sac de gel jetable, parfois appel\u00e9 glace instantan\u00e9e ou glace s\u00e8che incorrecte, est utilis\u00e9 lorsque la cryoth\u00e9rapie est n\u00e9cessaire.  Ils sont en poly\u00e9thyl\u00e8ne et, pour les applications sur les parties sensibles du corps, Dispotech a cr\u00e9\u00e9 un rev\u00eatement TNT exclusif.  Dispo ICE est un appareil m\u00e9dical de classe II, disponible dans un \u00e9tui personnalisable.  Le sac de gel jetable trouve des applications dans de nombreux secteurs tels que le m\u00e9dical, le dentaire, le sport, la grande distribution et votre marque.\" \/>\n<meta property=\"og:url\" content=\"https:\/\/dispotech.ch\/fr\/prodotto\/easy-ice-tnt\/\" \/>\n<meta property=\"og:site_name\" content=\"Dispotech Shop\" \/>\n<meta property=\"article:modified_time\" content=\"2024-08-28T08:26:58+00:00\" \/>\n<meta property=\"og:image\" content=\"https:\/\/dispotech.ch\/wp-content\/uploads\/2020\/02\/DispoIce_swiss1-scaled.jpg\" \/>\n\t<meta property=\"og:image:width\" content=\"1920\" \/>\n\t<meta property=\"og:image:height\" content=\"2560\" \/>\n\t<meta property=\"og:image:type\" content=\"image\/jpeg\" \/>\n<meta name=\"twitter:card\" content=\"summary_large_image\" \/>\n<script type=\"application\/ld+json\" class=\"yoast-schema-graph\">{\"@context\":\"https:\\\/\\\/schema.org\",\"@graph\":[{\"@type\":\"WebPage\",\"@id\":\"https:\\\/\\\/dispotech.ch\\\/fr\\\/prodotto\\\/easy-ice-tnt\\\/\",\"url\":\"https:\\\/\\\/dispotech.ch\\\/fr\\\/prodotto\\\/easy-ice-tnt\\\/\",\"name\":\"EASY ICE TNT - Dispotech Shop\",\"isPartOf\":{\"@id\":\"https:\\\/\\\/dispotech.ch\\\/#website\"},\"primaryImageOfPage\":{\"@id\":\"https:\\\/\\\/dispotech.ch\\\/fr\\\/prodotto\\\/easy-ice-tnt\\\/#primaryimage\"},\"image\":{\"@id\":\"https:\\\/\\\/dispotech.ch\\\/fr\\\/prodotto\\\/easy-ice-tnt\\\/#primaryimage\"},\"thumbnailUrl\":\"https:\\\/\\\/dispotech.ch\\\/wp-content\\\/uploads\\\/2020\\\/02\\\/DispoIce_swiss1-scaled.jpg\",\"datePublished\":\"2020-02-03T16:18:54+00:00\",\"dateModified\":\"2024-08-28T08:26:58+00:00\",\"breadcrumb\":{\"@id\":\"https:\\\/\\\/dispotech.ch\\\/fr\\\/prodotto\\\/easy-ice-tnt\\\/#breadcrumb\"},\"inLanguage\":\"fr-FR\",\"potentialAction\":[{\"@type\":\"ReadAction\",\"target\":[\"https:\\\/\\\/dispotech.ch\\\/fr\\\/prodotto\\\/easy-ice-tnt\\\/\"]}]},{\"@type\":\"ImageObject\",\"inLanguage\":\"fr-FR\",\"@id\":\"https:\\\/\\\/dispotech.ch\\\/fr\\\/prodotto\\\/easy-ice-tnt\\\/#primaryimage\",\"url\":\"https:\\\/\\\/dispotech.ch\\\/wp-content\\\/uploads\\\/2020\\\/02\\\/DispoIce_swiss1-scaled.jpg\",\"contentUrl\":\"https:\\\/\\\/dispotech.ch\\\/wp-content\\\/uploads\\\/2020\\\/02\\\/DispoIce_swiss1-scaled.jpg\",\"width\":1920,\"height\":2560},{\"@type\":\"BreadcrumbList\",\"@id\":\"https:\\\/\\\/dispotech.ch\\\/fr\\\/prodotto\\\/easy-ice-tnt\\\/#breadcrumb\",\"itemListElement\":[{\"@type\":\"ListItem\",\"position\":1,\"name\":\"Home\",\"item\":\"https:\\\/\\\/dispotech.ch\\\/fr\\\/\"},{\"@type\":\"ListItem\",\"position\":2,\"name\":\"Shop\",\"item\":\"https:\\\/\\\/dispotech.ch\\\/fr\\\/shop-2\\\/\"},{\"@type\":\"ListItem\",\"position\":3,\"name\":\"EASY ICE TNT\"}]},{\"@type\":\"WebSite\",\"@id\":\"https:\\\/\\\/dispotech.ch\\\/#website\",\"url\":\"https:\\\/\\\/dispotech.ch\\\/\",\"name\":\"Dispotech Shop\",\"description\":\"\",\"potentialAction\":[{\"@type\":\"SearchAction\",\"target\":{\"@type\":\"EntryPoint\",\"urlTemplate\":\"https:\\\/\\\/dispotech.ch\\\/?s={search_term_string}\"},\"query-input\":{\"@type\":\"PropertyValueSpecification\",\"valueRequired\":true,\"valueName\":\"search_term_string\"}}],\"inLanguage\":\"fr-FR\"}]}<\/script>\n<!-- \/ Yoast SEO plugin. -->","yoast_head_json":{"title":"EASY ICE TNT - Dispotech Shop","robots":{"index":"index","follow":"follow","max-snippet":"max-snippet:-1","max-image-preview":"max-image-preview:large","max-video-preview":"max-video-preview:-1"},"canonical":"https:\/\/dispotech.ch\/fr\/prodotto\/easy-ice-tnt\/","og_locale":"fr_FR","og_type":"article","og_title":"EASY ICE TNT - Dispotech Shop","og_description":"Easy Ice par Dispotech est un sac de gel jetable, disponible dans une bo\u00eete, en tissu non tiss\u00e9 (TNT)   CRYOTH\u00c9RAPIE AVEC SAC GELABLE JETABLE  En pressant la bulle \u00e0 l'int\u00e9rieur, un processus de refroidissement endothermique instantan\u00e9 (-4 \u00b0) d\u00e9marre, selon la formule de cryoth\u00e9rapie brevet\u00e9e par Dispotech.  Le sac de gel jetable est l'un des dispositifs m\u00e9dicaux de classe IIa.  Le sac de gel jetable, parfois appel\u00e9 glace instantan\u00e9e ou glace s\u00e8che incorrecte, est utilis\u00e9 lorsque la cryoth\u00e9rapie est n\u00e9cessaire.  Ils sont en poly\u00e9thyl\u00e8ne et, pour les applications sur les parties sensibles du corps, Dispotech a cr\u00e9\u00e9 un rev\u00eatement TNT exclusif.  Dispo ICE est un appareil m\u00e9dical de classe II, disponible dans un \u00e9tui personnalisable.  Le sac de gel jetable trouve des applications dans de nombreux secteurs tels que le m\u00e9dical, le dentaire, le sport, la grande distribution et votre marque.","og_url":"https:\/\/dispotech.ch\/fr\/prodotto\/easy-ice-tnt\/","og_site_name":"Dispotech Shop","article_modified_time":"2024-08-28T08:26:58+00:00","og_image":[{"width":1920,"height":2560,"url":"https:\/\/dispotech.ch\/wp-content\/uploads\/2020\/02\/DispoIce_swiss1-scaled.jpg","type":"image\/jpeg"}],"twitter_card":"summary_large_image","schema":{"@context":"https:\/\/schema.org","@graph":[{"@type":"WebPage","@id":"https:\/\/dispotech.ch\/fr\/prodotto\/easy-ice-tnt\/","url":"https:\/\/dispotech.ch\/fr\/prodotto\/easy-ice-tnt\/","name":"EASY ICE TNT - Dispotech Shop","isPartOf":{"@id":"https:\/\/dispotech.ch\/#website"},"primaryImageOfPage":{"@id":"https:\/\/dispotech.ch\/fr\/prodotto\/easy-ice-tnt\/#primaryimage"},"image":{"@id":"https:\/\/dispotech.ch\/fr\/prodotto\/easy-ice-tnt\/#primaryimage"},"thumbnailUrl":"https:\/\/dispotech.ch\/wp-content\/uploads\/2020\/02\/DispoIce_swiss1-scaled.jpg","datePublished":"2020-02-03T16:18:54+00:00","dateModified":"2024-08-28T08:26:58+00:00","breadcrumb":{"@id":"https:\/\/dispotech.ch\/fr\/prodotto\/easy-ice-tnt\/#breadcrumb"},"inLanguage":"fr-FR","potentialAction":[{"@type":"ReadAction","target":["https:\/\/dispotech.ch\/fr\/prodotto\/easy-ice-tnt\/"]}]},{"@type":"ImageObject","inLanguage":"fr-FR","@id":"https:\/\/dispotech.ch\/fr\/prodotto\/easy-ice-tnt\/#primaryimage","url":"https:\/\/dispotech.ch\/wp-content\/uploads\/2020\/02\/DispoIce_swiss1-scaled.jpg","contentUrl":"https:\/\/dispotech.ch\/wp-content\/uploads\/2020\/02\/DispoIce_swiss1-scaled.jpg","width":1920,"height":2560},{"@type":"BreadcrumbList","@id":"https:\/\/dispotech.ch\/fr\/prodotto\/easy-ice-tnt\/#breadcrumb","itemListElement":[{"@type":"ListItem","position":1,"name":"Home","item":"https:\/\/dispotech.ch\/fr\/"},{"@type":"ListItem","position":2,"name":"Shop","item":"https:\/\/dispotech.ch\/fr\/shop-2\/"},{"@type":"ListItem","position":3,"name":"EASY ICE TNT"}]},{"@type":"WebSite","@id":"https:\/\/dispotech.ch\/#website","url":"https:\/\/dispotech.ch\/","name":"Dispotech Shop","description":"","potentialAction":[{"@type":"SearchAction","target":{"@type":"EntryPoint","urlTemplate":"https:\/\/dispotech.ch\/?s={search_term_string}"},"query-input":{"@type":"PropertyValueSpecification","valueRequired":true,"valueName":"search_term_string"}}],"inLanguage":"fr-FR"}]}},"_links":{"self":[{"href":"https:\/\/dispotech.ch\/fr\/wp-json\/wp\/v2\/product\/19756","targetHints":{"allow":["GET"]}}],"collection":[{"href":"https:\/\/dispotech.ch\/fr\/wp-json\/wp\/v2\/product"}],"about":[{"href":"https:\/\/dispotech.ch\/fr\/wp-json\/wp\/v2\/types\/product"}],"replies":[{"embeddable":true,"href":"https:\/\/dispotech.ch\/fr\/wp-json\/wp\/v2\/comments?post=19756"}],"wp:featuredmedia":[{"embeddable":true,"href":"https:\/\/dispotech.ch\/fr\/wp-json\/wp\/v2\/media\/19757"}],"wp:attachment":[{"href":"https:\/\/dispotech.ch\/fr\/wp-json\/wp\/v2\/media?parent=19756"}],"wp:term":[{"taxonomy":"product_brand","embeddable":true,"href":"https:\/\/dispotech.ch\/fr\/wp-json\/wp\/v2\/product_brand?post=19756"},{"taxonomy":"product_cat","embeddable":true,"href":"https:\/\/dispotech.ch\/fr\/wp-json\/wp\/v2\/product_cat?post=19756"},{"taxonomy":"product_tag","embeddable":true,"href":"https:\/\/dispotech.ch\/fr\/wp-json\/wp\/v2\/product_tag?post=19756"}],"curies":[{"name":"wp","href":"https:\/\/api.w.org\/{rel}","templated":true}]}}