{"id":19788,"date":"2020-02-04T10:01:44","date_gmt":"2020-02-04T09:01:44","guid":{"rendered":"https:\/\/dispotech.test.ddss.ch\/prodotto\/19786\/"},"modified":"2024-10-09T10:03:00","modified_gmt":"2024-10-09T08:03:00","slug":"easy-ice-pe","status":"publish","type":"product","link":"https:\/\/dispotech.ch\/fr\/prodotto\/easy-ice-pe\/","title":{"rendered":"EASY ICE PE"},"content":{"rendered":"","protected":false},"excerpt":{"rendered":"<p>Dispotech con\u00e7oit et r\u00e9alise la poche de froid \u00e0 usage unique Dispo ICE en deux versions diff\u00e9rentes : \u00a0la\u00a0<strong>poche de froid instantan\u00e9 multicouche en poly\u00e9thyl\u00e8ne imprim\u00e9.<\/strong><\/p>\n<h2>POCHE DE FROID INSTANTAN\u00c9\u00a0: FONCTIONNEMENT<\/h2>\n<p><strong>En appuyant sur la boule \u00e0 l\u2019int\u00e9rieu<\/strong>r, un processus endothermique de\u00a0<strong>refroidissement instantan\u00e9<\/strong>\u00a0(-4\u00b0) commence, selon la formule de cryoth\u00e9rapie brevet\u00e9e par Dispotech.<\/p>\n<p>La\u00a0<strong>poche de froid istantan\u00e9 \u00e0 usage unique<\/strong>, parfois appel\u00e9\u00a0<strong>sachet de glace instantan\u00e9e<\/strong>\u00a0ou, incorrectement,\u00a0<strong>glace s\u00e8che<\/strong>, est employ\u00e9e pour les besoins de cryoth\u00e9rapie. Les sachets de la\u00a0<strong>poche froid instantan\u00e9<\/strong>\u00a0sont r\u00e9alis\u00e9s en poly\u00e9thyl\u00e8ne, et pour les applications sur les parties sensibles du corps, Dispotech a cr\u00e9\u00e9 en plus un rev\u00eatement exclusif de la\u00a0<strong>poche froid<\/strong>\u00a0en textile non-tiss\u00e9.<\/p>\n","protected":false},"featured_media":19789,"comment_status":"open","ping_status":"closed","template":"","meta":{"_acf_changed":false},"product_brand":[],"product_cat":[452],"product_tag":[],"class_list":{"0":"post-19788","1":"product","2":"type-product","3":"status-publish","4":"has-post-thumbnail","6":"product_cat-medical-fr","8":"first","9":"instock","10":"taxable","11":"shipping-taxable","12":"purchasable","13":"product-type-simple"},"acf":[],"yoast_head":"<!-- This site is optimized with the Yoast SEO plugin v27.3 - https:\/\/yoast.com\/product\/yoast-seo-wordpress\/ -->\n<title>EASY ICE PE - Dispotech Shop<\/title>\n<meta name=\"robots\" content=\"index, follow, max-snippet:-1, max-image-preview:large, max-video-preview:-1\" \/>\n<link rel=\"canonical\" href=\"https:\/\/dispotech.ch\/fr\/prodotto\/easy-ice-pe\/\" \/>\n<meta property=\"og:locale\" content=\"fr_FR\" \/>\n<meta property=\"og:type\" content=\"article\" \/>\n<meta property=\"og:title\" content=\"EASY ICE PE - Dispotech Shop\" \/>\n<meta property=\"og:description\" content=\"Dispotech con\u00e7oit et r\u00e9alise la poche de froid \u00e0 usage unique Dispo ICE en deux versions diff\u00e9rentes : \u00a0la\u00a0poche de froid instantan\u00e9 multicouche en poly\u00e9thyl\u00e8ne imprim\u00e9. POCHE DE FROID INSTANTAN\u00c9\u00a0: FONCTIONNEMENT En appuyant sur la boule \u00e0 l\u2019int\u00e9rieur, un processus endothermique de\u00a0refroidissement instantan\u00e9\u00a0(-4\u00b0) commence, selon la formule de cryoth\u00e9rapie brevet\u00e9e par Dispotech.  La\u00a0poche de froid istantan\u00e9 \u00e0 usage unique, parfois appel\u00e9\u00a0sachet de glace instantan\u00e9e\u00a0ou, incorrectement,\u00a0glace s\u00e8che, est employ\u00e9e pour les besoins de cryoth\u00e9rapie. Les sachets de la\u00a0poche froid instantan\u00e9\u00a0sont r\u00e9alis\u00e9s en poly\u00e9thyl\u00e8ne, et pour les applications sur les parties sensibles du corps, Dispotech a cr\u00e9\u00e9 en plus un rev\u00eatement exclusif de la\u00a0poche froid\u00a0en textile non-tiss\u00e9.\" \/>\n<meta property=\"og:url\" content=\"https:\/\/dispotech.ch\/fr\/prodotto\/easy-ice-pe\/\" \/>\n<meta property=\"og:site_name\" content=\"Dispotech Shop\" \/>\n<meta property=\"article:modified_time\" content=\"2024-10-09T08:03:00+00:00\" \/>\n<meta property=\"og:image\" content=\"https:\/\/dispotech.ch\/wp-content\/uploads\/2020\/02\/DispoIce_swiss4-scaled.jpg\" \/>\n\t<meta property=\"og:image:width\" content=\"1920\" \/>\n\t<meta property=\"og:image:height\" content=\"2560\" \/>\n\t<meta property=\"og:image:type\" content=\"image\/jpeg\" \/>\n<meta name=\"twitter:card\" content=\"summary_large_image\" \/>\n<meta name=\"twitter:label1\" content=\"Dur\u00e9e de lecture estim\u00e9e\" \/>\n\t<meta name=\"twitter:data1\" content=\"1 minute\" \/>\n<script type=\"application\/ld+json\" class=\"yoast-schema-graph\">{\"@context\":\"https:\\\/\\\/schema.org\",\"@graph\":[{\"@type\":\"WebPage\",\"@id\":\"https:\\\/\\\/dispotech.ch\\\/fr\\\/prodotto\\\/easy-ice-pe\\\/\",\"url\":\"https:\\\/\\\/dispotech.ch\\\/fr\\\/prodotto\\\/easy-ice-pe\\\/\",\"name\":\"EASY ICE PE - Dispotech Shop\",\"isPartOf\":{\"@id\":\"https:\\\/\\\/dispotech.ch\\\/#website\"},\"primaryImageOfPage\":{\"@id\":\"https:\\\/\\\/dispotech.ch\\\/fr\\\/prodotto\\\/easy-ice-pe\\\/#primaryimage\"},\"image\":{\"@id\":\"https:\\\/\\\/dispotech.ch\\\/fr\\\/prodotto\\\/easy-ice-pe\\\/#primaryimage\"},\"thumbnailUrl\":\"https:\\\/\\\/dispotech.ch\\\/wp-content\\\/uploads\\\/2020\\\/02\\\/DispoIce_swiss4-scaled.jpg\",\"datePublished\":\"2020-02-04T09:01:44+00:00\",\"dateModified\":\"2024-10-09T08:03:00+00:00\",\"breadcrumb\":{\"@id\":\"https:\\\/\\\/dispotech.ch\\\/fr\\\/prodotto\\\/easy-ice-pe\\\/#breadcrumb\"},\"inLanguage\":\"fr-FR\",\"potentialAction\":[{\"@type\":\"ReadAction\",\"target\":[\"https:\\\/\\\/dispotech.ch\\\/fr\\\/prodotto\\\/easy-ice-pe\\\/\"]}]},{\"@type\":\"ImageObject\",\"inLanguage\":\"fr-FR\",\"@id\":\"https:\\\/\\\/dispotech.ch\\\/fr\\\/prodotto\\\/easy-ice-pe\\\/#primaryimage\",\"url\":\"https:\\\/\\\/dispotech.ch\\\/wp-content\\\/uploads\\\/2020\\\/02\\\/DispoIce_swiss4-scaled.jpg\",\"contentUrl\":\"https:\\\/\\\/dispotech.ch\\\/wp-content\\\/uploads\\\/2020\\\/02\\\/DispoIce_swiss4-scaled.jpg\",\"width\":1920,\"height\":2560},{\"@type\":\"BreadcrumbList\",\"@id\":\"https:\\\/\\\/dispotech.ch\\\/fr\\\/prodotto\\\/easy-ice-pe\\\/#breadcrumb\",\"itemListElement\":[{\"@type\":\"ListItem\",\"position\":1,\"name\":\"Home\",\"item\":\"https:\\\/\\\/dispotech.ch\\\/fr\\\/\"},{\"@type\":\"ListItem\",\"position\":2,\"name\":\"Shop\",\"item\":\"https:\\\/\\\/dispotech.ch\\\/fr\\\/shop-2\\\/\"},{\"@type\":\"ListItem\",\"position\":3,\"name\":\"EASY ICE PE\"}]},{\"@type\":\"WebSite\",\"@id\":\"https:\\\/\\\/dispotech.ch\\\/#website\",\"url\":\"https:\\\/\\\/dispotech.ch\\\/\",\"name\":\"Dispotech Shop\",\"description\":\"\",\"potentialAction\":[{\"@type\":\"SearchAction\",\"target\":{\"@type\":\"EntryPoint\",\"urlTemplate\":\"https:\\\/\\\/dispotech.ch\\\/?s={search_term_string}\"},\"query-input\":{\"@type\":\"PropertyValueSpecification\",\"valueRequired\":true,\"valueName\":\"search_term_string\"}}],\"inLanguage\":\"fr-FR\"}]}<\/script>\n<!-- \/ Yoast SEO plugin. -->","yoast_head_json":{"title":"EASY ICE PE - Dispotech Shop","robots":{"index":"index","follow":"follow","max-snippet":"max-snippet:-1","max-image-preview":"max-image-preview:large","max-video-preview":"max-video-preview:-1"},"canonical":"https:\/\/dispotech.ch\/fr\/prodotto\/easy-ice-pe\/","og_locale":"fr_FR","og_type":"article","og_title":"EASY ICE PE - Dispotech Shop","og_description":"Dispotech con\u00e7oit et r\u00e9alise la poche de froid \u00e0 usage unique Dispo ICE en deux versions diff\u00e9rentes : \u00a0la\u00a0poche de froid instantan\u00e9 multicouche en poly\u00e9thyl\u00e8ne imprim\u00e9. POCHE DE FROID INSTANTAN\u00c9\u00a0: FONCTIONNEMENT En appuyant sur la boule \u00e0 l\u2019int\u00e9rieur, un processus endothermique de\u00a0refroidissement instantan\u00e9\u00a0(-4\u00b0) commence, selon la formule de cryoth\u00e9rapie brevet\u00e9e par Dispotech.  La\u00a0poche de froid istantan\u00e9 \u00e0 usage unique, parfois appel\u00e9\u00a0sachet de glace instantan\u00e9e\u00a0ou, incorrectement,\u00a0glace s\u00e8che, est employ\u00e9e pour les besoins de cryoth\u00e9rapie. Les sachets de la\u00a0poche froid instantan\u00e9\u00a0sont r\u00e9alis\u00e9s en poly\u00e9thyl\u00e8ne, et pour les applications sur les parties sensibles du corps, Dispotech a cr\u00e9\u00e9 en plus un rev\u00eatement exclusif de la\u00a0poche froid\u00a0en textile non-tiss\u00e9.","og_url":"https:\/\/dispotech.ch\/fr\/prodotto\/easy-ice-pe\/","og_site_name":"Dispotech Shop","article_modified_time":"2024-10-09T08:03:00+00:00","og_image":[{"width":1920,"height":2560,"url":"https:\/\/dispotech.ch\/wp-content\/uploads\/2020\/02\/DispoIce_swiss4-scaled.jpg","type":"image\/jpeg"}],"twitter_card":"summary_large_image","twitter_misc":{"Dur\u00e9e de lecture estim\u00e9e":"1 minute"},"schema":{"@context":"https:\/\/schema.org","@graph":[{"@type":"WebPage","@id":"https:\/\/dispotech.ch\/fr\/prodotto\/easy-ice-pe\/","url":"https:\/\/dispotech.ch\/fr\/prodotto\/easy-ice-pe\/","name":"EASY ICE PE - Dispotech Shop","isPartOf":{"@id":"https:\/\/dispotech.ch\/#website"},"primaryImageOfPage":{"@id":"https:\/\/dispotech.ch\/fr\/prodotto\/easy-ice-pe\/#primaryimage"},"image":{"@id":"https:\/\/dispotech.ch\/fr\/prodotto\/easy-ice-pe\/#primaryimage"},"thumbnailUrl":"https:\/\/dispotech.ch\/wp-content\/uploads\/2020\/02\/DispoIce_swiss4-scaled.jpg","datePublished":"2020-02-04T09:01:44+00:00","dateModified":"2024-10-09T08:03:00+00:00","breadcrumb":{"@id":"https:\/\/dispotech.ch\/fr\/prodotto\/easy-ice-pe\/#breadcrumb"},"inLanguage":"fr-FR","potentialAction":[{"@type":"ReadAction","target":["https:\/\/dispotech.ch\/fr\/prodotto\/easy-ice-pe\/"]}]},{"@type":"ImageObject","inLanguage":"fr-FR","@id":"https:\/\/dispotech.ch\/fr\/prodotto\/easy-ice-pe\/#primaryimage","url":"https:\/\/dispotech.ch\/wp-content\/uploads\/2020\/02\/DispoIce_swiss4-scaled.jpg","contentUrl":"https:\/\/dispotech.ch\/wp-content\/uploads\/2020\/02\/DispoIce_swiss4-scaled.jpg","width":1920,"height":2560},{"@type":"BreadcrumbList","@id":"https:\/\/dispotech.ch\/fr\/prodotto\/easy-ice-pe\/#breadcrumb","itemListElement":[{"@type":"ListItem","position":1,"name":"Home","item":"https:\/\/dispotech.ch\/fr\/"},{"@type":"ListItem","position":2,"name":"Shop","item":"https:\/\/dispotech.ch\/fr\/shop-2\/"},{"@type":"ListItem","position":3,"name":"EASY ICE PE"}]},{"@type":"WebSite","@id":"https:\/\/dispotech.ch\/#website","url":"https:\/\/dispotech.ch\/","name":"Dispotech Shop","description":"","potentialAction":[{"@type":"SearchAction","target":{"@type":"EntryPoint","urlTemplate":"https:\/\/dispotech.ch\/?s={search_term_string}"},"query-input":{"@type":"PropertyValueSpecification","valueRequired":true,"valueName":"search_term_string"}}],"inLanguage":"fr-FR"}]}},"_links":{"self":[{"href":"https:\/\/dispotech.ch\/fr\/wp-json\/wp\/v2\/product\/19788","targetHints":{"allow":["GET"]}}],"collection":[{"href":"https:\/\/dispotech.ch\/fr\/wp-json\/wp\/v2\/product"}],"about":[{"href":"https:\/\/dispotech.ch\/fr\/wp-json\/wp\/v2\/types\/product"}],"replies":[{"embeddable":true,"href":"https:\/\/dispotech.ch\/fr\/wp-json\/wp\/v2\/comments?post=19788"}],"wp:featuredmedia":[{"embeddable":true,"href":"https:\/\/dispotech.ch\/fr\/wp-json\/wp\/v2\/media\/19789"}],"wp:attachment":[{"href":"https:\/\/dispotech.ch\/fr\/wp-json\/wp\/v2\/media?parent=19788"}],"wp:term":[{"taxonomy":"product_brand","embeddable":true,"href":"https:\/\/dispotech.ch\/fr\/wp-json\/wp\/v2\/product_brand?post=19788"},{"taxonomy":"product_cat","embeddable":true,"href":"https:\/\/dispotech.ch\/fr\/wp-json\/wp\/v2\/product_cat?post=19788"},{"taxonomy":"product_tag","embeddable":true,"href":"https:\/\/dispotech.ch\/fr\/wp-json\/wp\/v2\/product_tag?post=19788"}],"curies":[{"name":"wp","href":"https:\/\/api.w.org\/{rel}","templated":true}]}}