{"id":19796,"date":"2020-02-04T10:14:05","date_gmt":"2020-02-04T09:14:05","guid":{"rendered":"https:\/\/dispotech.test.ddss.ch\/prodotto\/dispo-ice-spray\/"},"modified":"2021-07-05T16:12:57","modified_gmt":"2021-07-05T14:12:57","slug":"dispo-ice-spray","status":"publish","type":"product","link":"https:\/\/dispotech.ch\/fr\/prodotto\/dispo-ice-spray\/","title":{"rendered":"DISPO ICE SPRAY"},"content":{"rendered":"","protected":false},"excerpt":{"rendered":"<p>Dispotech propose le\u00a0<strong>spray froid<\/strong>\u00a0Dispo ICE SPRAY, le spray cryog\u00e9nique en bombe pr\u00eat \u00e0 l\u2019usage.<\/p>\n<h2>SPRAY FROID SPORT : CARACT\u00c9RISTIQUES<\/h2>\n<p>Le\u00a0<strong>spray froid sport Dispotech<\/strong>\u00a0calme la douleur et il est dot\u00e9 d\u2019une valve de distribution particuli\u00e8re qui dirige le flux vers la zone \u00e0 traiter.<\/p>\n<h2>SPRAY FROID SPORT\u00a0: APPLICATION<\/h2>\n<p>Le\u00a0<strong>spray froid sport<\/strong>\u00a0est particuli\u00e8rement indiqu\u00e9 dans\u00a0<strong>toutes les activit\u00e9s sportives<\/strong>\u00a0; il est adapt\u00e9 aux\u00a0<strong>petits traumas et contusions<\/strong>, mais peut \u00eatre \u00e9galement employ\u00e9 dans le secteur m\u00e9dical, de la grande distribution et your brand.<\/p>\n<p>Le\u00a0<strong>spray froid<\/strong>\u00a0Dispotech est en plus facile \u00e0 utiliser, il n\u2019y a qu\u2019une seule consigne \u00e0 suivre : vaporiser le\u00a0<strong>spray froid sport<\/strong>\u00a0\u00e0 au moins 20 cm de la zone \u00e0 traiter afin d\u2019\u00e9viter des irritations de la peau ou de l\u00e9g\u00e8res br\u00fblures.<\/p>\n<h3>Le\u00a0<strong>spray froid<\/strong>\u00a0Dispo ICE SPRAY est un dispositif m\u00e9dical de classe IIa.<\/h3>\n","protected":false},"featured_media":19797,"comment_status":"open","ping_status":"closed","template":"","meta":{"_acf_changed":false},"product_brand":[],"product_cat":[452],"product_tag":[],"class_list":{"0":"post-19796","1":"product","2":"type-product","3":"status-publish","4":"has-post-thumbnail","6":"product_cat-medical-fr","8":"first","9":"instock","10":"taxable","11":"shipping-taxable","12":"purchasable","13":"product-type-simple"},"acf":[],"yoast_head":"<!-- This site is optimized with the Yoast SEO plugin v27.3 - https:\/\/yoast.com\/product\/yoast-seo-wordpress\/ -->\n<title>DISPO ICE SPRAY - Dispotech Shop<\/title>\n<meta name=\"robots\" content=\"index, follow, max-snippet:-1, max-image-preview:large, max-video-preview:-1\" \/>\n<link rel=\"canonical\" href=\"https:\/\/dispotech.ch\/fr\/prodotto\/dispo-ice-spray\/\" \/>\n<meta property=\"og:locale\" content=\"fr_FR\" \/>\n<meta property=\"og:type\" content=\"article\" \/>\n<meta property=\"og:title\" content=\"DISPO ICE SPRAY - Dispotech Shop\" \/>\n<meta property=\"og:description\" content=\"Dispotech propose le\u00a0spray froid\u00a0Dispo ICE SPRAY, le spray cryog\u00e9nique en bombe pr\u00eat \u00e0 l\u2019usage. SPRAY FROID SPORT : CARACT\u00c9RISTIQUES Le\u00a0spray froid sport Dispotech\u00a0calme la douleur et il est dot\u00e9 d\u2019une valve de distribution particuli\u00e8re qui dirige le flux vers la zone \u00e0 traiter. SPRAY FROID SPORT\u00a0: APPLICATION Le\u00a0spray froid sport\u00a0est particuli\u00e8rement indiqu\u00e9 dans\u00a0toutes les activit\u00e9s sportives\u00a0; il est adapt\u00e9 aux\u00a0petits traumas et contusions, mais peut \u00eatre \u00e9galement employ\u00e9 dans le secteur m\u00e9dical, de la grande distribution et your brand.  Le\u00a0spray froid\u00a0Dispotech est en plus facile \u00e0 utiliser, il n\u2019y a qu\u2019une seule consigne \u00e0 suivre : vaporiser le\u00a0spray froid sport\u00a0\u00e0 au moins 20 cm de la zone \u00e0 traiter afin d\u2019\u00e9viter des irritations de la peau ou de l\u00e9g\u00e8res br\u00fblures. Le\u00a0spray froid\u00a0Dispo ICE SPRAY est un dispositif m\u00e9dical de classe IIa.\" \/>\n<meta property=\"og:url\" content=\"https:\/\/dispotech.ch\/fr\/prodotto\/dispo-ice-spray\/\" \/>\n<meta property=\"og:site_name\" content=\"Dispotech Shop\" \/>\n<meta property=\"article:modified_time\" content=\"2021-07-05T14:12:57+00:00\" \/>\n<meta property=\"og:image\" content=\"https:\/\/dispotech.ch\/wp-content\/uploads\/2020\/02\/Ice_spray_swiss1-scaled.jpg\" \/>\n\t<meta property=\"og:image:width\" content=\"1920\" \/>\n\t<meta property=\"og:image:height\" content=\"2560\" \/>\n\t<meta property=\"og:image:type\" content=\"image\/jpeg\" \/>\n<meta name=\"twitter:card\" content=\"summary_large_image\" \/>\n<script type=\"application\/ld+json\" class=\"yoast-schema-graph\">{\"@context\":\"https:\\\/\\\/schema.org\",\"@graph\":[{\"@type\":\"WebPage\",\"@id\":\"https:\\\/\\\/dispotech.ch\\\/fr\\\/prodotto\\\/dispo-ice-spray\\\/\",\"url\":\"https:\\\/\\\/dispotech.ch\\\/fr\\\/prodotto\\\/dispo-ice-spray\\\/\",\"name\":\"DISPO ICE SPRAY - Dispotech Shop\",\"isPartOf\":{\"@id\":\"https:\\\/\\\/dispotech.ch\\\/#website\"},\"primaryImageOfPage\":{\"@id\":\"https:\\\/\\\/dispotech.ch\\\/fr\\\/prodotto\\\/dispo-ice-spray\\\/#primaryimage\"},\"image\":{\"@id\":\"https:\\\/\\\/dispotech.ch\\\/fr\\\/prodotto\\\/dispo-ice-spray\\\/#primaryimage\"},\"thumbnailUrl\":\"https:\\\/\\\/dispotech.ch\\\/wp-content\\\/uploads\\\/2020\\\/02\\\/Ice_spray_swiss1-scaled.jpg\",\"datePublished\":\"2020-02-04T09:14:05+00:00\",\"dateModified\":\"2021-07-05T14:12:57+00:00\",\"breadcrumb\":{\"@id\":\"https:\\\/\\\/dispotech.ch\\\/fr\\\/prodotto\\\/dispo-ice-spray\\\/#breadcrumb\"},\"inLanguage\":\"fr-FR\",\"potentialAction\":[{\"@type\":\"ReadAction\",\"target\":[\"https:\\\/\\\/dispotech.ch\\\/fr\\\/prodotto\\\/dispo-ice-spray\\\/\"]}]},{\"@type\":\"ImageObject\",\"inLanguage\":\"fr-FR\",\"@id\":\"https:\\\/\\\/dispotech.ch\\\/fr\\\/prodotto\\\/dispo-ice-spray\\\/#primaryimage\",\"url\":\"https:\\\/\\\/dispotech.ch\\\/wp-content\\\/uploads\\\/2020\\\/02\\\/Ice_spray_swiss1-scaled.jpg\",\"contentUrl\":\"https:\\\/\\\/dispotech.ch\\\/wp-content\\\/uploads\\\/2020\\\/02\\\/Ice_spray_swiss1-scaled.jpg\",\"width\":1920,\"height\":2560},{\"@type\":\"BreadcrumbList\",\"@id\":\"https:\\\/\\\/dispotech.ch\\\/fr\\\/prodotto\\\/dispo-ice-spray\\\/#breadcrumb\",\"itemListElement\":[{\"@type\":\"ListItem\",\"position\":1,\"name\":\"Home\",\"item\":\"https:\\\/\\\/dispotech.ch\\\/fr\\\/\"},{\"@type\":\"ListItem\",\"position\":2,\"name\":\"Shop\",\"item\":\"https:\\\/\\\/dispotech.ch\\\/fr\\\/shop-2\\\/\"},{\"@type\":\"ListItem\",\"position\":3,\"name\":\"DISPO ICE SPRAY\"}]},{\"@type\":\"WebSite\",\"@id\":\"https:\\\/\\\/dispotech.ch\\\/#website\",\"url\":\"https:\\\/\\\/dispotech.ch\\\/\",\"name\":\"Dispotech Shop\",\"description\":\"\",\"potentialAction\":[{\"@type\":\"SearchAction\",\"target\":{\"@type\":\"EntryPoint\",\"urlTemplate\":\"https:\\\/\\\/dispotech.ch\\\/?s={search_term_string}\"},\"query-input\":{\"@type\":\"PropertyValueSpecification\",\"valueRequired\":true,\"valueName\":\"search_term_string\"}}],\"inLanguage\":\"fr-FR\"}]}<\/script>\n<!-- \/ Yoast SEO plugin. -->","yoast_head_json":{"title":"DISPO ICE SPRAY - Dispotech Shop","robots":{"index":"index","follow":"follow","max-snippet":"max-snippet:-1","max-image-preview":"max-image-preview:large","max-video-preview":"max-video-preview:-1"},"canonical":"https:\/\/dispotech.ch\/fr\/prodotto\/dispo-ice-spray\/","og_locale":"fr_FR","og_type":"article","og_title":"DISPO ICE SPRAY - Dispotech Shop","og_description":"Dispotech propose le\u00a0spray froid\u00a0Dispo ICE SPRAY, le spray cryog\u00e9nique en bombe pr\u00eat \u00e0 l\u2019usage. SPRAY FROID SPORT : CARACT\u00c9RISTIQUES Le\u00a0spray froid sport Dispotech\u00a0calme la douleur et il est dot\u00e9 d\u2019une valve de distribution particuli\u00e8re qui dirige le flux vers la zone \u00e0 traiter. SPRAY FROID SPORT\u00a0: APPLICATION Le\u00a0spray froid sport\u00a0est particuli\u00e8rement indiqu\u00e9 dans\u00a0toutes les activit\u00e9s sportives\u00a0; il est adapt\u00e9 aux\u00a0petits traumas et contusions, mais peut \u00eatre \u00e9galement employ\u00e9 dans le secteur m\u00e9dical, de la grande distribution et your brand.  Le\u00a0spray froid\u00a0Dispotech est en plus facile \u00e0 utiliser, il n\u2019y a qu\u2019une seule consigne \u00e0 suivre : vaporiser le\u00a0spray froid sport\u00a0\u00e0 au moins 20 cm de la zone \u00e0 traiter afin d\u2019\u00e9viter des irritations de la peau ou de l\u00e9g\u00e8res br\u00fblures. Le\u00a0spray froid\u00a0Dispo ICE SPRAY est un dispositif m\u00e9dical de classe IIa.","og_url":"https:\/\/dispotech.ch\/fr\/prodotto\/dispo-ice-spray\/","og_site_name":"Dispotech Shop","article_modified_time":"2021-07-05T14:12:57+00:00","og_image":[{"width":1920,"height":2560,"url":"https:\/\/dispotech.ch\/wp-content\/uploads\/2020\/02\/Ice_spray_swiss1-scaled.jpg","type":"image\/jpeg"}],"twitter_card":"summary_large_image","schema":{"@context":"https:\/\/schema.org","@graph":[{"@type":"WebPage","@id":"https:\/\/dispotech.ch\/fr\/prodotto\/dispo-ice-spray\/","url":"https:\/\/dispotech.ch\/fr\/prodotto\/dispo-ice-spray\/","name":"DISPO ICE SPRAY - Dispotech Shop","isPartOf":{"@id":"https:\/\/dispotech.ch\/#website"},"primaryImageOfPage":{"@id":"https:\/\/dispotech.ch\/fr\/prodotto\/dispo-ice-spray\/#primaryimage"},"image":{"@id":"https:\/\/dispotech.ch\/fr\/prodotto\/dispo-ice-spray\/#primaryimage"},"thumbnailUrl":"https:\/\/dispotech.ch\/wp-content\/uploads\/2020\/02\/Ice_spray_swiss1-scaled.jpg","datePublished":"2020-02-04T09:14:05+00:00","dateModified":"2021-07-05T14:12:57+00:00","breadcrumb":{"@id":"https:\/\/dispotech.ch\/fr\/prodotto\/dispo-ice-spray\/#breadcrumb"},"inLanguage":"fr-FR","potentialAction":[{"@type":"ReadAction","target":["https:\/\/dispotech.ch\/fr\/prodotto\/dispo-ice-spray\/"]}]},{"@type":"ImageObject","inLanguage":"fr-FR","@id":"https:\/\/dispotech.ch\/fr\/prodotto\/dispo-ice-spray\/#primaryimage","url":"https:\/\/dispotech.ch\/wp-content\/uploads\/2020\/02\/Ice_spray_swiss1-scaled.jpg","contentUrl":"https:\/\/dispotech.ch\/wp-content\/uploads\/2020\/02\/Ice_spray_swiss1-scaled.jpg","width":1920,"height":2560},{"@type":"BreadcrumbList","@id":"https:\/\/dispotech.ch\/fr\/prodotto\/dispo-ice-spray\/#breadcrumb","itemListElement":[{"@type":"ListItem","position":1,"name":"Home","item":"https:\/\/dispotech.ch\/fr\/"},{"@type":"ListItem","position":2,"name":"Shop","item":"https:\/\/dispotech.ch\/fr\/shop-2\/"},{"@type":"ListItem","position":3,"name":"DISPO ICE SPRAY"}]},{"@type":"WebSite","@id":"https:\/\/dispotech.ch\/#website","url":"https:\/\/dispotech.ch\/","name":"Dispotech Shop","description":"","potentialAction":[{"@type":"SearchAction","target":{"@type":"EntryPoint","urlTemplate":"https:\/\/dispotech.ch\/?s={search_term_string}"},"query-input":{"@type":"PropertyValueSpecification","valueRequired":true,"valueName":"search_term_string"}}],"inLanguage":"fr-FR"}]}},"_links":{"self":[{"href":"https:\/\/dispotech.ch\/fr\/wp-json\/wp\/v2\/product\/19796","targetHints":{"allow":["GET"]}}],"collection":[{"href":"https:\/\/dispotech.ch\/fr\/wp-json\/wp\/v2\/product"}],"about":[{"href":"https:\/\/dispotech.ch\/fr\/wp-json\/wp\/v2\/types\/product"}],"replies":[{"embeddable":true,"href":"https:\/\/dispotech.ch\/fr\/wp-json\/wp\/v2\/comments?post=19796"}],"wp:featuredmedia":[{"embeddable":true,"href":"https:\/\/dispotech.ch\/fr\/wp-json\/wp\/v2\/media\/19797"}],"wp:attachment":[{"href":"https:\/\/dispotech.ch\/fr\/wp-json\/wp\/v2\/media?parent=19796"}],"wp:term":[{"taxonomy":"product_brand","embeddable":true,"href":"https:\/\/dispotech.ch\/fr\/wp-json\/wp\/v2\/product_brand?post=19796"},{"taxonomy":"product_cat","embeddable":true,"href":"https:\/\/dispotech.ch\/fr\/wp-json\/wp\/v2\/product_cat?post=19796"},{"taxonomy":"product_tag","embeddable":true,"href":"https:\/\/dispotech.ch\/fr\/wp-json\/wp\/v2\/product_tag?post=19796"}],"curies":[{"name":"wp","href":"https:\/\/api.w.org\/{rel}","templated":true}]}}