{"id":19802,"date":"2020-02-04T10:27:32","date_gmt":"2020-02-04T09:27:32","guid":{"rendered":"https:\/\/dispotech.test.ddss.ch\/prodotto\/dispo-gel\/"},"modified":"2024-02-08T11:43:23","modified_gmt":"2024-02-08T10:43:23","slug":"dispo-gel","status":"publish","type":"product","link":"https:\/\/dispotech.ch\/fr\/prodotto\/dispo-gel\/","title":{"rendered":"DISPO GEL"},"content":{"rendered":"","protected":false},"excerpt":{"rendered":"<p><strong>ispo Gel\u00a0<\/strong>est un type de<strong>\u00a0g\u00e9latine r\u00e9utilisable chaud\/froid\u00a0<\/strong>con\u00e7u et fabriqu\u00e9 par Dispotech, totalement atoxique, \u00e9galement adapt\u00e9e pour un usage m\u00e9dical. La poche de gel peut \u00eatre utilis\u00e9e pour deux types de th\u00e9rapie\u00a0: si mise au micro-ondes ou dans l\u2019eau bouillante, elle est adapt\u00e9e pour la\u00a0<strong>th\u00e9rapie \u00e0 la chaleur<\/strong>; si mise au cong\u00e9lateur est id\u00e9ale pour la\u00a0<strong>th\u00e9rapie du froid<\/strong>.<\/p>\n<p>La poche de gel froid est aussi disponible avec une pochette de protection, pens\u00e9e pour \u00e9viter les br\u00fblures.<\/p>\n<h2>POCHE DE GEL FROID R\u00c9UTILISABLE\u00a0: APPLICATIONS<\/h2>\n<p>Le\u00a0<strong>gel froid<\/strong>\u00a0r\u00e9utilisable trouve son application dans de nombreux secteurs : m\u00e9dical, dentaire, sportif, grande distribution et your brand. Le\u00a0<strong>gel froid Dispo GEL<\/strong>\u00a0est aussi disponible avec poche conteneur adapt\u00e9e en textile non tiss\u00e9 ou en tissu avec \u00e9lastique pour un meilleur confort.<\/p>\n<h3>Le gel froid Dispo GEL est un dispositif m\u00e9dical de classe I, vendu \u00e9galement en bo\u00eete personnalisable.<\/h3>\n","protected":false},"featured_media":19923,"comment_status":"open","ping_status":"closed","template":"","meta":{"_acf_changed":false},"product_brand":[],"product_cat":[452],"product_tag":[],"class_list":{"0":"post-19802","1":"product","2":"type-product","3":"status-publish","4":"has-post-thumbnail","6":"product_cat-medical-fr","8":"first","9":"instock","10":"sale","11":"taxable","12":"shipping-taxable","13":"purchasable","14":"product-type-variable"},"acf":[],"yoast_head":"<!-- This site is optimized with the Yoast SEO plugin v27.3 - https:\/\/yoast.com\/product\/yoast-seo-wordpress\/ -->\n<title>DISPO GEL - Dispotech Shop<\/title>\n<meta name=\"robots\" content=\"index, follow, max-snippet:-1, max-image-preview:large, max-video-preview:-1\" \/>\n<link rel=\"canonical\" href=\"https:\/\/dispotech.ch\/fr\/prodotto\/dispo-gel\/\" \/>\n<meta property=\"og:locale\" content=\"fr_FR\" \/>\n<meta property=\"og:type\" content=\"article\" \/>\n<meta property=\"og:title\" content=\"DISPO GEL - Dispotech Shop\" \/>\n<meta property=\"og:description\" content=\"ispo Gel\u00a0est un type de\u00a0g\u00e9latine r\u00e9utilisable chaud\/froid\u00a0con\u00e7u et fabriqu\u00e9 par Dispotech, totalement atoxique, \u00e9galement adapt\u00e9e pour un usage m\u00e9dical. La poche de gel peut \u00eatre utilis\u00e9e pour deux types de th\u00e9rapie\u00a0: si mise au micro-ondes ou dans l\u2019eau bouillante, elle est adapt\u00e9e pour la\u00a0th\u00e9rapie \u00e0 la chaleur; si mise au cong\u00e9lateur est id\u00e9ale pour la\u00a0th\u00e9rapie du froid.  La poche de gel froid est aussi disponible avec une pochette de protection, pens\u00e9e pour \u00e9viter les br\u00fblures. POCHE DE GEL FROID R\u00c9UTILISABLE\u00a0: APPLICATIONS Le\u00a0gel froid\u00a0r\u00e9utilisable trouve son application dans de nombreux secteurs : m\u00e9dical, dentaire, sportif, grande distribution et your brand. Le\u00a0gel froid Dispo GEL\u00a0est aussi disponible avec poche conteneur adapt\u00e9e en textile non tiss\u00e9 ou en tissu avec \u00e9lastique pour un meilleur confort. Le gel froid Dispo GEL est un dispositif m\u00e9dical de classe I, vendu \u00e9galement en bo\u00eete personnalisable.\" \/>\n<meta property=\"og:url\" content=\"https:\/\/dispotech.ch\/fr\/prodotto\/dispo-gel\/\" \/>\n<meta property=\"og:site_name\" content=\"Dispotech Shop\" \/>\n<meta property=\"article:modified_time\" content=\"2024-02-08T10:43:23+00:00\" \/>\n<meta property=\"og:image\" content=\"https:\/\/dispotech.ch\/wp-content\/uploads\/2020\/02\/Gelconastuccio-2-768x1024.png\" \/>\n\t<meta property=\"og:image:width\" content=\"768\" \/>\n\t<meta property=\"og:image:height\" content=\"1024\" \/>\n\t<meta property=\"og:image:type\" content=\"image\/png\" \/>\n<meta name=\"twitter:card\" content=\"summary_large_image\" \/>\n<script type=\"application\/ld+json\" class=\"yoast-schema-graph\">{\"@context\":\"https:\\\/\\\/schema.org\",\"@graph\":[{\"@type\":\"WebPage\",\"@id\":\"https:\\\/\\\/dispotech.ch\\\/fr\\\/prodotto\\\/dispo-gel\\\/\",\"url\":\"https:\\\/\\\/dispotech.ch\\\/fr\\\/prodotto\\\/dispo-gel\\\/\",\"name\":\"DISPO GEL - Dispotech Shop\",\"isPartOf\":{\"@id\":\"https:\\\/\\\/dispotech.ch\\\/#website\"},\"primaryImageOfPage\":{\"@id\":\"https:\\\/\\\/dispotech.ch\\\/fr\\\/prodotto\\\/dispo-gel\\\/#primaryimage\"},\"image\":{\"@id\":\"https:\\\/\\\/dispotech.ch\\\/fr\\\/prodotto\\\/dispo-gel\\\/#primaryimage\"},\"thumbnailUrl\":\"https:\\\/\\\/dispotech.ch\\\/wp-content\\\/uploads\\\/2020\\\/02\\\/Gelconastuccio-2.png\",\"datePublished\":\"2020-02-04T09:27:32+00:00\",\"dateModified\":\"2024-02-08T10:43:23+00:00\",\"breadcrumb\":{\"@id\":\"https:\\\/\\\/dispotech.ch\\\/fr\\\/prodotto\\\/dispo-gel\\\/#breadcrumb\"},\"inLanguage\":\"fr-FR\",\"potentialAction\":[{\"@type\":\"ReadAction\",\"target\":[\"https:\\\/\\\/dispotech.ch\\\/fr\\\/prodotto\\\/dispo-gel\\\/\"]}]},{\"@type\":\"ImageObject\",\"inLanguage\":\"fr-FR\",\"@id\":\"https:\\\/\\\/dispotech.ch\\\/fr\\\/prodotto\\\/dispo-gel\\\/#primaryimage\",\"url\":\"https:\\\/\\\/dispotech.ch\\\/wp-content\\\/uploads\\\/2020\\\/02\\\/Gelconastuccio-2.png\",\"contentUrl\":\"https:\\\/\\\/dispotech.ch\\\/wp-content\\\/uploads\\\/2020\\\/02\\\/Gelconastuccio-2.png\",\"width\":1920,\"height\":2560},{\"@type\":\"BreadcrumbList\",\"@id\":\"https:\\\/\\\/dispotech.ch\\\/fr\\\/prodotto\\\/dispo-gel\\\/#breadcrumb\",\"itemListElement\":[{\"@type\":\"ListItem\",\"position\":1,\"name\":\"Home\",\"item\":\"https:\\\/\\\/dispotech.ch\\\/fr\\\/\"},{\"@type\":\"ListItem\",\"position\":2,\"name\":\"Shop\",\"item\":\"https:\\\/\\\/dispotech.ch\\\/fr\\\/shop-2\\\/\"},{\"@type\":\"ListItem\",\"position\":3,\"name\":\"DISPO GEL\"}]},{\"@type\":\"WebSite\",\"@id\":\"https:\\\/\\\/dispotech.ch\\\/#website\",\"url\":\"https:\\\/\\\/dispotech.ch\\\/\",\"name\":\"Dispotech Shop\",\"description\":\"\",\"potentialAction\":[{\"@type\":\"SearchAction\",\"target\":{\"@type\":\"EntryPoint\",\"urlTemplate\":\"https:\\\/\\\/dispotech.ch\\\/?s={search_term_string}\"},\"query-input\":{\"@type\":\"PropertyValueSpecification\",\"valueRequired\":true,\"valueName\":\"search_term_string\"}}],\"inLanguage\":\"fr-FR\"}]}<\/script>\n<!-- \/ Yoast SEO plugin. -->","yoast_head_json":{"title":"DISPO GEL - Dispotech Shop","robots":{"index":"index","follow":"follow","max-snippet":"max-snippet:-1","max-image-preview":"max-image-preview:large","max-video-preview":"max-video-preview:-1"},"canonical":"https:\/\/dispotech.ch\/fr\/prodotto\/dispo-gel\/","og_locale":"fr_FR","og_type":"article","og_title":"DISPO GEL - Dispotech Shop","og_description":"ispo Gel\u00a0est un type de\u00a0g\u00e9latine r\u00e9utilisable chaud\/froid\u00a0con\u00e7u et fabriqu\u00e9 par Dispotech, totalement atoxique, \u00e9galement adapt\u00e9e pour un usage m\u00e9dical. La poche de gel peut \u00eatre utilis\u00e9e pour deux types de th\u00e9rapie\u00a0: si mise au micro-ondes ou dans l\u2019eau bouillante, elle est adapt\u00e9e pour la\u00a0th\u00e9rapie \u00e0 la chaleur; si mise au cong\u00e9lateur est id\u00e9ale pour la\u00a0th\u00e9rapie du froid.  La poche de gel froid est aussi disponible avec une pochette de protection, pens\u00e9e pour \u00e9viter les br\u00fblures. POCHE DE GEL FROID R\u00c9UTILISABLE\u00a0: APPLICATIONS Le\u00a0gel froid\u00a0r\u00e9utilisable trouve son application dans de nombreux secteurs : m\u00e9dical, dentaire, sportif, grande distribution et your brand. Le\u00a0gel froid Dispo GEL\u00a0est aussi disponible avec poche conteneur adapt\u00e9e en textile non tiss\u00e9 ou en tissu avec \u00e9lastique pour un meilleur confort. Le gel froid Dispo GEL est un dispositif m\u00e9dical de classe I, vendu \u00e9galement en bo\u00eete personnalisable.","og_url":"https:\/\/dispotech.ch\/fr\/prodotto\/dispo-gel\/","og_site_name":"Dispotech Shop","article_modified_time":"2024-02-08T10:43:23+00:00","og_image":[{"width":768,"height":1024,"url":"https:\/\/dispotech.ch\/wp-content\/uploads\/2020\/02\/Gelconastuccio-2-768x1024.png","type":"image\/png"}],"twitter_card":"summary_large_image","schema":{"@context":"https:\/\/schema.org","@graph":[{"@type":"WebPage","@id":"https:\/\/dispotech.ch\/fr\/prodotto\/dispo-gel\/","url":"https:\/\/dispotech.ch\/fr\/prodotto\/dispo-gel\/","name":"DISPO GEL - Dispotech Shop","isPartOf":{"@id":"https:\/\/dispotech.ch\/#website"},"primaryImageOfPage":{"@id":"https:\/\/dispotech.ch\/fr\/prodotto\/dispo-gel\/#primaryimage"},"image":{"@id":"https:\/\/dispotech.ch\/fr\/prodotto\/dispo-gel\/#primaryimage"},"thumbnailUrl":"https:\/\/dispotech.ch\/wp-content\/uploads\/2020\/02\/Gelconastuccio-2.png","datePublished":"2020-02-04T09:27:32+00:00","dateModified":"2024-02-08T10:43:23+00:00","breadcrumb":{"@id":"https:\/\/dispotech.ch\/fr\/prodotto\/dispo-gel\/#breadcrumb"},"inLanguage":"fr-FR","potentialAction":[{"@type":"ReadAction","target":["https:\/\/dispotech.ch\/fr\/prodotto\/dispo-gel\/"]}]},{"@type":"ImageObject","inLanguage":"fr-FR","@id":"https:\/\/dispotech.ch\/fr\/prodotto\/dispo-gel\/#primaryimage","url":"https:\/\/dispotech.ch\/wp-content\/uploads\/2020\/02\/Gelconastuccio-2.png","contentUrl":"https:\/\/dispotech.ch\/wp-content\/uploads\/2020\/02\/Gelconastuccio-2.png","width":1920,"height":2560},{"@type":"BreadcrumbList","@id":"https:\/\/dispotech.ch\/fr\/prodotto\/dispo-gel\/#breadcrumb","itemListElement":[{"@type":"ListItem","position":1,"name":"Home","item":"https:\/\/dispotech.ch\/fr\/"},{"@type":"ListItem","position":2,"name":"Shop","item":"https:\/\/dispotech.ch\/fr\/shop-2\/"},{"@type":"ListItem","position":3,"name":"DISPO GEL"}]},{"@type":"WebSite","@id":"https:\/\/dispotech.ch\/#website","url":"https:\/\/dispotech.ch\/","name":"Dispotech Shop","description":"","potentialAction":[{"@type":"SearchAction","target":{"@type":"EntryPoint","urlTemplate":"https:\/\/dispotech.ch\/?s={search_term_string}"},"query-input":{"@type":"PropertyValueSpecification","valueRequired":true,"valueName":"search_term_string"}}],"inLanguage":"fr-FR"}]}},"_links":{"self":[{"href":"https:\/\/dispotech.ch\/fr\/wp-json\/wp\/v2\/product\/19802","targetHints":{"allow":["GET"]}}],"collection":[{"href":"https:\/\/dispotech.ch\/fr\/wp-json\/wp\/v2\/product"}],"about":[{"href":"https:\/\/dispotech.ch\/fr\/wp-json\/wp\/v2\/types\/product"}],"replies":[{"embeddable":true,"href":"https:\/\/dispotech.ch\/fr\/wp-json\/wp\/v2\/comments?post=19802"}],"wp:featuredmedia":[{"embeddable":true,"href":"https:\/\/dispotech.ch\/fr\/wp-json\/wp\/v2\/media\/19923"}],"wp:attachment":[{"href":"https:\/\/dispotech.ch\/fr\/wp-json\/wp\/v2\/media?parent=19802"}],"wp:term":[{"taxonomy":"product_brand","embeddable":true,"href":"https:\/\/dispotech.ch\/fr\/wp-json\/wp\/v2\/product_brand?post=19802"},{"taxonomy":"product_cat","embeddable":true,"href":"https:\/\/dispotech.ch\/fr\/wp-json\/wp\/v2\/product_cat?post=19802"},{"taxonomy":"product_tag","embeddable":true,"href":"https:\/\/dispotech.ch\/fr\/wp-json\/wp\/v2\/product_tag?post=19802"}],"curies":[{"name":"wp","href":"https:\/\/api.w.org\/{rel}","templated":true}]}}