{"id":20257,"date":"2021-06-11T15:00:03","date_gmt":"2021-06-11T13:00:03","guid":{"rendered":"https:\/\/shop.dispotech.ch\/prodotto\/rouleaux-salivaires\/"},"modified":"2021-06-11T15:05:55","modified_gmt":"2021-06-11T13:05:55","slug":"rouleaux-salivaires","status":"publish","type":"product","link":"https:\/\/dispotech.ch\/fr\/prodotto\/rouleaux-salivaires\/","title":{"rendered":"Rouleaux salivaires"},"content":{"rendered":"<p><br data-mce-bogus=\"1\"><\/p>\n","protected":false},"excerpt":{"rendered":"<p>Les&nbsp;<strong>rouleaux salivaires<\/strong>&nbsp;PERFECTO ROLLS en coton pur non chlor\u00e9 \u00e0 longue fibre ( longueur fibre 11-13 mm ) ont un pouvoir absorbant \u00e9lev\u00e9 ( sup\u00e9rieur \u00e0 20g\/g ) et sont insolubles dans l\u2019eau. Leur point de fusion est atteint \u00e0 400\u00b0C. Les rouleaux sont un produit&nbsp;\u00e0 usage unique, ils&nbsp;font partie de la ligne du&nbsp;<a href=\"https:\/\/www.dispotech.com\/fr\/materiel-dentaire-jetable\" data-mce-href=\"https:\/\/www.dispotech.com\/fr\/materiel-dentaire-jetable\">mat\u00e9riel dentaire jetable<\/a>&nbsp;Dispotech.<\/p>\n<h4>ROULEAUX DE COTON SALIVAIRES:&nbsp;FORT POUVOIR ABSORBANT<\/h4>\n<p>Les&nbsp;<strong>rouleaux salivaires<\/strong>&nbsp;sont garantis 100 % coton, non st\u00e9riles et \u00e0 usage unique, ils se caract\u00e9risent par leur fort pouvoir absorbant et par leur r\u00e9sistance aux liquides.<\/p>\n<pre id=\"tw-target-text\" class=\"tw-data-text tw-text-large XcVN5d tw-ta\" dir=\"ltr\" data-placeholder=\"Traduzione\"><span class=\"Y2IQFc\" lang=\"fr\">CAS AVEC NO. 495 PIECES ROULEAUX SALIVAIRES N. 3 - 12 mm\r\nCAS AVEC NO. ROULEAUX SALIVAIRES 600 PI\u00c8CES N. 2 - 10 mm\r\nCAS AVEC NO. 825 PIECES ROULEAUX SALIVAIRES N. 1 - 8 mm<\/span><\/pre>\n","protected":false},"featured_media":22890,"comment_status":"open","ping_status":"closed","template":"","meta":{"_acf_changed":false},"product_brand":[],"product_cat":[286],"product_tag":[],"class_list":{"0":"post-20257","1":"product","2":"type-product","3":"status-publish","4":"has-post-thumbnail","6":"product_cat-dental-fr","8":"first","9":"instock","10":"taxable","11":"shipping-taxable","12":"purchasable","13":"product-type-variable"},"acf":[],"yoast_head":"<!-- This site is optimized with the Yoast SEO plugin v27.3 - https:\/\/yoast.com\/product\/yoast-seo-wordpress\/ -->\n<title>Rouleaux salivaires - Dispotech Shop<\/title>\n<meta name=\"robots\" content=\"index, follow, max-snippet:-1, max-image-preview:large, max-video-preview:-1\" \/>\n<link rel=\"canonical\" href=\"https:\/\/dispotech.ch\/fr\/prodotto\/rouleaux-salivaires\/\" \/>\n<meta property=\"og:locale\" content=\"fr_FR\" \/>\n<meta property=\"og:type\" content=\"article\" \/>\n<meta property=\"og:title\" content=\"Rouleaux salivaires - Dispotech Shop\" \/>\n<meta property=\"og:description\" content=\"Les&nbsp;rouleaux salivaires&nbsp;PERFECTO ROLLS en coton pur non chlor\u00e9 \u00e0 longue fibre ( longueur fibre 11-13 mm ) ont un pouvoir absorbant \u00e9lev\u00e9 ( sup\u00e9rieur \u00e0 20g\/g ) et sont insolubles dans l\u2019eau. Leur point de fusion est atteint \u00e0 400\u00b0C. Les rouleaux sont un produit&nbsp;\u00e0 usage unique, ils&nbsp;font partie de la ligne du&nbsp;mat\u00e9riel dentaire jetable&nbsp;Dispotech.ROULEAUX DE COTON SALIVAIRES:&nbsp;FORT POUVOIR ABSORBANTLes&nbsp;rouleaux salivaires&nbsp;sont garantis 100 % coton, non st\u00e9riles et \u00e0 usage unique, ils se caract\u00e9risent par leur fort pouvoir absorbant et par leur r\u00e9sistance aux liquides.CAS AVEC NO. 495 PIECES ROULEAUX SALIVAIRES N. 3 - 12 mm CAS AVEC NO. ROULEAUX SALIVAIRES 600 PI\u00c8CES N. 2 - 10 mm CAS AVEC NO. 825 PIECES ROULEAUX SALIVAIRES N. 1 - 8 mm\" \/>\n<meta property=\"og:url\" content=\"https:\/\/dispotech.ch\/fr\/prodotto\/rouleaux-salivaires\/\" \/>\n<meta property=\"og:site_name\" content=\"Dispotech Shop\" \/>\n<meta property=\"article:modified_time\" content=\"2021-06-11T13:05:55+00:00\" \/>\n<meta property=\"og:image\" content=\"https:\/\/dispotech.ch\/wp-content\/uploads\/2021\/06\/Rullisalivari-1-scaled.jpg\" \/>\n\t<meta property=\"og:image:width\" content=\"2560\" \/>\n\t<meta property=\"og:image:height\" content=\"1920\" \/>\n\t<meta property=\"og:image:type\" content=\"image\/jpeg\" \/>\n<meta name=\"twitter:card\" content=\"summary_large_image\" \/>\n<script type=\"application\/ld+json\" class=\"yoast-schema-graph\">{\"@context\":\"https:\\\/\\\/schema.org\",\"@graph\":[{\"@type\":\"WebPage\",\"@id\":\"https:\\\/\\\/dispotech.ch\\\/fr\\\/prodotto\\\/rouleaux-salivaires\\\/\",\"url\":\"https:\\\/\\\/dispotech.ch\\\/fr\\\/prodotto\\\/rouleaux-salivaires\\\/\",\"name\":\"Rouleaux salivaires - Dispotech Shop\",\"isPartOf\":{\"@id\":\"https:\\\/\\\/dispotech.ch\\\/#website\"},\"primaryImageOfPage\":{\"@id\":\"https:\\\/\\\/dispotech.ch\\\/fr\\\/prodotto\\\/rouleaux-salivaires\\\/#primaryimage\"},\"image\":{\"@id\":\"https:\\\/\\\/dispotech.ch\\\/fr\\\/prodotto\\\/rouleaux-salivaires\\\/#primaryimage\"},\"thumbnailUrl\":\"https:\\\/\\\/dispotech.ch\\\/wp-content\\\/uploads\\\/2021\\\/06\\\/Rullisalivari-1-scaled.jpg\",\"datePublished\":\"2021-06-11T13:00:03+00:00\",\"dateModified\":\"2021-06-11T13:05:55+00:00\",\"breadcrumb\":{\"@id\":\"https:\\\/\\\/dispotech.ch\\\/fr\\\/prodotto\\\/rouleaux-salivaires\\\/#breadcrumb\"},\"inLanguage\":\"fr-FR\",\"potentialAction\":[{\"@type\":\"ReadAction\",\"target\":[\"https:\\\/\\\/dispotech.ch\\\/fr\\\/prodotto\\\/rouleaux-salivaires\\\/\"]}]},{\"@type\":\"ImageObject\",\"inLanguage\":\"fr-FR\",\"@id\":\"https:\\\/\\\/dispotech.ch\\\/fr\\\/prodotto\\\/rouleaux-salivaires\\\/#primaryimage\",\"url\":\"https:\\\/\\\/dispotech.ch\\\/wp-content\\\/uploads\\\/2021\\\/06\\\/Rullisalivari-1-scaled.jpg\",\"contentUrl\":\"https:\\\/\\\/dispotech.ch\\\/wp-content\\\/uploads\\\/2021\\\/06\\\/Rullisalivari-1-scaled.jpg\",\"width\":2560,\"height\":1920},{\"@type\":\"BreadcrumbList\",\"@id\":\"https:\\\/\\\/dispotech.ch\\\/fr\\\/prodotto\\\/rouleaux-salivaires\\\/#breadcrumb\",\"itemListElement\":[{\"@type\":\"ListItem\",\"position\":1,\"name\":\"Home\",\"item\":\"https:\\\/\\\/dispotech.ch\\\/fr\\\/\"},{\"@type\":\"ListItem\",\"position\":2,\"name\":\"Shop\",\"item\":\"https:\\\/\\\/dispotech.ch\\\/fr\\\/shop-2\\\/\"},{\"@type\":\"ListItem\",\"position\":3,\"name\":\"Rouleaux salivaires\"}]},{\"@type\":\"WebSite\",\"@id\":\"https:\\\/\\\/dispotech.ch\\\/#website\",\"url\":\"https:\\\/\\\/dispotech.ch\\\/\",\"name\":\"Dispotech Shop\",\"description\":\"\",\"potentialAction\":[{\"@type\":\"SearchAction\",\"target\":{\"@type\":\"EntryPoint\",\"urlTemplate\":\"https:\\\/\\\/dispotech.ch\\\/?s={search_term_string}\"},\"query-input\":{\"@type\":\"PropertyValueSpecification\",\"valueRequired\":true,\"valueName\":\"search_term_string\"}}],\"inLanguage\":\"fr-FR\"}]}<\/script>\n<!-- \/ Yoast SEO plugin. -->","yoast_head_json":{"title":"Rouleaux salivaires - Dispotech Shop","robots":{"index":"index","follow":"follow","max-snippet":"max-snippet:-1","max-image-preview":"max-image-preview:large","max-video-preview":"max-video-preview:-1"},"canonical":"https:\/\/dispotech.ch\/fr\/prodotto\/rouleaux-salivaires\/","og_locale":"fr_FR","og_type":"article","og_title":"Rouleaux salivaires - Dispotech Shop","og_description":"Les&nbsp;rouleaux salivaires&nbsp;PERFECTO ROLLS en coton pur non chlor\u00e9 \u00e0 longue fibre ( longueur fibre 11-13 mm ) ont un pouvoir absorbant \u00e9lev\u00e9 ( sup\u00e9rieur \u00e0 20g\/g ) et sont insolubles dans l\u2019eau. Leur point de fusion est atteint \u00e0 400\u00b0C. Les rouleaux sont un produit&nbsp;\u00e0 usage unique, ils&nbsp;font partie de la ligne du&nbsp;mat\u00e9riel dentaire jetable&nbsp;Dispotech.ROULEAUX DE COTON SALIVAIRES:&nbsp;FORT POUVOIR ABSORBANTLes&nbsp;rouleaux salivaires&nbsp;sont garantis 100 % coton, non st\u00e9riles et \u00e0 usage unique, ils se caract\u00e9risent par leur fort pouvoir absorbant et par leur r\u00e9sistance aux liquides.CAS AVEC NO. 495 PIECES ROULEAUX SALIVAIRES N. 3 - 12 mm CAS AVEC NO. ROULEAUX SALIVAIRES 600 PI\u00c8CES N. 2 - 10 mm CAS AVEC NO. 825 PIECES ROULEAUX SALIVAIRES N. 1 - 8 mm","og_url":"https:\/\/dispotech.ch\/fr\/prodotto\/rouleaux-salivaires\/","og_site_name":"Dispotech Shop","article_modified_time":"2021-06-11T13:05:55+00:00","og_image":[{"width":2560,"height":1920,"url":"https:\/\/dispotech.ch\/wp-content\/uploads\/2021\/06\/Rullisalivari-1-scaled.jpg","type":"image\/jpeg"}],"twitter_card":"summary_large_image","schema":{"@context":"https:\/\/schema.org","@graph":[{"@type":"WebPage","@id":"https:\/\/dispotech.ch\/fr\/prodotto\/rouleaux-salivaires\/","url":"https:\/\/dispotech.ch\/fr\/prodotto\/rouleaux-salivaires\/","name":"Rouleaux salivaires - Dispotech Shop","isPartOf":{"@id":"https:\/\/dispotech.ch\/#website"},"primaryImageOfPage":{"@id":"https:\/\/dispotech.ch\/fr\/prodotto\/rouleaux-salivaires\/#primaryimage"},"image":{"@id":"https:\/\/dispotech.ch\/fr\/prodotto\/rouleaux-salivaires\/#primaryimage"},"thumbnailUrl":"https:\/\/dispotech.ch\/wp-content\/uploads\/2021\/06\/Rullisalivari-1-scaled.jpg","datePublished":"2021-06-11T13:00:03+00:00","dateModified":"2021-06-11T13:05:55+00:00","breadcrumb":{"@id":"https:\/\/dispotech.ch\/fr\/prodotto\/rouleaux-salivaires\/#breadcrumb"},"inLanguage":"fr-FR","potentialAction":[{"@type":"ReadAction","target":["https:\/\/dispotech.ch\/fr\/prodotto\/rouleaux-salivaires\/"]}]},{"@type":"ImageObject","inLanguage":"fr-FR","@id":"https:\/\/dispotech.ch\/fr\/prodotto\/rouleaux-salivaires\/#primaryimage","url":"https:\/\/dispotech.ch\/wp-content\/uploads\/2021\/06\/Rullisalivari-1-scaled.jpg","contentUrl":"https:\/\/dispotech.ch\/wp-content\/uploads\/2021\/06\/Rullisalivari-1-scaled.jpg","width":2560,"height":1920},{"@type":"BreadcrumbList","@id":"https:\/\/dispotech.ch\/fr\/prodotto\/rouleaux-salivaires\/#breadcrumb","itemListElement":[{"@type":"ListItem","position":1,"name":"Home","item":"https:\/\/dispotech.ch\/fr\/"},{"@type":"ListItem","position":2,"name":"Shop","item":"https:\/\/dispotech.ch\/fr\/shop-2\/"},{"@type":"ListItem","position":3,"name":"Rouleaux salivaires"}]},{"@type":"WebSite","@id":"https:\/\/dispotech.ch\/#website","url":"https:\/\/dispotech.ch\/","name":"Dispotech Shop","description":"","potentialAction":[{"@type":"SearchAction","target":{"@type":"EntryPoint","urlTemplate":"https:\/\/dispotech.ch\/?s={search_term_string}"},"query-input":{"@type":"PropertyValueSpecification","valueRequired":true,"valueName":"search_term_string"}}],"inLanguage":"fr-FR"}]}},"_links":{"self":[{"href":"https:\/\/dispotech.ch\/fr\/wp-json\/wp\/v2\/product\/20257","targetHints":{"allow":["GET"]}}],"collection":[{"href":"https:\/\/dispotech.ch\/fr\/wp-json\/wp\/v2\/product"}],"about":[{"href":"https:\/\/dispotech.ch\/fr\/wp-json\/wp\/v2\/types\/product"}],"replies":[{"embeddable":true,"href":"https:\/\/dispotech.ch\/fr\/wp-json\/wp\/v2\/comments?post=20257"}],"wp:featuredmedia":[{"embeddable":true,"href":"https:\/\/dispotech.ch\/fr\/wp-json\/wp\/v2\/media\/22890"}],"wp:attachment":[{"href":"https:\/\/dispotech.ch\/fr\/wp-json\/wp\/v2\/media?parent=20257"}],"wp:term":[{"taxonomy":"product_brand","embeddable":true,"href":"https:\/\/dispotech.ch\/fr\/wp-json\/wp\/v2\/product_brand?post=20257"},{"taxonomy":"product_cat","embeddable":true,"href":"https:\/\/dispotech.ch\/fr\/wp-json\/wp\/v2\/product_cat?post=20257"},{"taxonomy":"product_tag","embeddable":true,"href":"https:\/\/dispotech.ch\/fr\/wp-json\/wp\/v2\/product_tag?post=20257"}],"curies":[{"name":"wp","href":"https:\/\/api.w.org\/{rel}","templated":true}]}}