{"id":20288,"date":"2021-06-11T15:40:14","date_gmt":"2021-06-11T13:40:14","guid":{"rendered":"https:\/\/shop.dispotech.ch\/prodotto\/blouse-visiteur\/"},"modified":"2021-06-24T11:08:03","modified_gmt":"2021-06-24T09:08:03","slug":"blouse-visiteur","status":"publish","type":"product","link":"https:\/\/dispotech.ch\/fr\/prodotto\/blouse-visiteur\/","title":{"rendered":"Blouse visiteur"},"content":{"rendered":"","protected":false},"excerpt":{"rendered":"<p id=\"tw-target-text\" class=\"tw-data-text tw-text-large XcVN5d tw-ta\" dir=\"ltr\" data-placeholder=\"Traduzione\"><span class=\"Y2IQFc\" lang=\"fr\">BLOUSE EN POLY\u00c9THYL\u00c8NE BLEU NON ST\u00c9RILE 35 g\/m2 &#8211; TAILLE 120 cm DISPOSITIF M\u00c9DICAL<\/span><\/p>\n<p dir=\"ltr\" data-placeholder=\"Traduzione\"><strong>Vendu en une seule pi\u00e8ce<\/strong><\/p>\n","protected":false},"featured_media":23029,"comment_status":"open","ping_status":"closed","template":"","meta":{"_acf_changed":false},"product_brand":[],"product_cat":[286],"product_tag":[294,295],"class_list":{"0":"post-20288","1":"product","2":"type-product","3":"status-publish","4":"has-post-thumbnail","6":"product_cat-dental-fr","7":"product_tag-blouse","8":"product_tag-dental","10":"first","11":"instock","12":"taxable","13":"shipping-taxable","14":"purchasable","15":"product-type-simple"},"acf":[],"yoast_head":"<!-- This site is optimized with the Yoast SEO plugin v27.3 - https:\/\/yoast.com\/product\/yoast-seo-wordpress\/ -->\n<title>Blouse visiteur - Dispotech Shop<\/title>\n<meta name=\"robots\" content=\"index, follow, max-snippet:-1, max-image-preview:large, max-video-preview:-1\" \/>\n<link rel=\"canonical\" href=\"https:\/\/dispotech.ch\/fr\/prodotto\/blouse-visiteur\/\" \/>\n<meta property=\"og:locale\" content=\"fr_FR\" \/>\n<meta property=\"og:type\" content=\"article\" \/>\n<meta property=\"og:title\" content=\"Blouse visiteur - Dispotech Shop\" \/>\n<meta property=\"og:description\" content=\"BLOUSE EN POLY\u00c9THYL\u00c8NE BLEU NON ST\u00c9RILE 35 g\/m2 - TAILLE 120 cm DISPOSITIF M\u00c9DICAL Vendu en une seule pi\u00e8ce\" \/>\n<meta property=\"og:url\" content=\"https:\/\/dispotech.ch\/fr\/prodotto\/blouse-visiteur\/\" \/>\n<meta property=\"og:site_name\" content=\"Dispotech Shop\" \/>\n<meta property=\"article:modified_time\" content=\"2021-06-24T09:08:03+00:00\" \/>\n<meta property=\"og:image\" content=\"https:\/\/dispotech.ch\/wp-content\/uploads\/2021\/06\/Camice1-copertina-scaled.jpg\" \/>\n\t<meta property=\"og:image:width\" content=\"2560\" \/>\n\t<meta property=\"og:image:height\" content=\"1920\" \/>\n\t<meta property=\"og:image:type\" content=\"image\/jpeg\" \/>\n<meta name=\"twitter:card\" content=\"summary_large_image\" \/>\n<script type=\"application\/ld+json\" class=\"yoast-schema-graph\">{\"@context\":\"https:\\\/\\\/schema.org\",\"@graph\":[{\"@type\":\"WebPage\",\"@id\":\"https:\\\/\\\/dispotech.ch\\\/fr\\\/prodotto\\\/blouse-visiteur\\\/\",\"url\":\"https:\\\/\\\/dispotech.ch\\\/fr\\\/prodotto\\\/blouse-visiteur\\\/\",\"name\":\"Blouse visiteur - Dispotech Shop\",\"isPartOf\":{\"@id\":\"https:\\\/\\\/dispotech.ch\\\/#website\"},\"primaryImageOfPage\":{\"@id\":\"https:\\\/\\\/dispotech.ch\\\/fr\\\/prodotto\\\/blouse-visiteur\\\/#primaryimage\"},\"image\":{\"@id\":\"https:\\\/\\\/dispotech.ch\\\/fr\\\/prodotto\\\/blouse-visiteur\\\/#primaryimage\"},\"thumbnailUrl\":\"https:\\\/\\\/dispotech.ch\\\/wp-content\\\/uploads\\\/2021\\\/06\\\/Camice1-copertina-scaled.jpg\",\"datePublished\":\"2021-06-11T13:40:14+00:00\",\"dateModified\":\"2021-06-24T09:08:03+00:00\",\"breadcrumb\":{\"@id\":\"https:\\\/\\\/dispotech.ch\\\/fr\\\/prodotto\\\/blouse-visiteur\\\/#breadcrumb\"},\"inLanguage\":\"fr-FR\",\"potentialAction\":[{\"@type\":\"ReadAction\",\"target\":[\"https:\\\/\\\/dispotech.ch\\\/fr\\\/prodotto\\\/blouse-visiteur\\\/\"]}]},{\"@type\":\"ImageObject\",\"inLanguage\":\"fr-FR\",\"@id\":\"https:\\\/\\\/dispotech.ch\\\/fr\\\/prodotto\\\/blouse-visiteur\\\/#primaryimage\",\"url\":\"https:\\\/\\\/dispotech.ch\\\/wp-content\\\/uploads\\\/2021\\\/06\\\/Camice1-copertina-scaled.jpg\",\"contentUrl\":\"https:\\\/\\\/dispotech.ch\\\/wp-content\\\/uploads\\\/2021\\\/06\\\/Camice1-copertina-scaled.jpg\",\"width\":2560,\"height\":1920},{\"@type\":\"BreadcrumbList\",\"@id\":\"https:\\\/\\\/dispotech.ch\\\/fr\\\/prodotto\\\/blouse-visiteur\\\/#breadcrumb\",\"itemListElement\":[{\"@type\":\"ListItem\",\"position\":1,\"name\":\"Home\",\"item\":\"https:\\\/\\\/dispotech.ch\\\/fr\\\/\"},{\"@type\":\"ListItem\",\"position\":2,\"name\":\"Shop\",\"item\":\"https:\\\/\\\/dispotech.ch\\\/fr\\\/shop-2\\\/\"},{\"@type\":\"ListItem\",\"position\":3,\"name\":\"Blouse visiteur\"}]},{\"@type\":\"WebSite\",\"@id\":\"https:\\\/\\\/dispotech.ch\\\/#website\",\"url\":\"https:\\\/\\\/dispotech.ch\\\/\",\"name\":\"Dispotech Shop\",\"description\":\"\",\"potentialAction\":[{\"@type\":\"SearchAction\",\"target\":{\"@type\":\"EntryPoint\",\"urlTemplate\":\"https:\\\/\\\/dispotech.ch\\\/?s={search_term_string}\"},\"query-input\":{\"@type\":\"PropertyValueSpecification\",\"valueRequired\":true,\"valueName\":\"search_term_string\"}}],\"inLanguage\":\"fr-FR\"}]}<\/script>\n<!-- \/ Yoast SEO plugin. -->","yoast_head_json":{"title":"Blouse visiteur - Dispotech Shop","robots":{"index":"index","follow":"follow","max-snippet":"max-snippet:-1","max-image-preview":"max-image-preview:large","max-video-preview":"max-video-preview:-1"},"canonical":"https:\/\/dispotech.ch\/fr\/prodotto\/blouse-visiteur\/","og_locale":"fr_FR","og_type":"article","og_title":"Blouse visiteur - Dispotech Shop","og_description":"BLOUSE EN POLY\u00c9THYL\u00c8NE BLEU NON ST\u00c9RILE 35 g\/m2 - TAILLE 120 cm DISPOSITIF M\u00c9DICAL Vendu en une seule pi\u00e8ce","og_url":"https:\/\/dispotech.ch\/fr\/prodotto\/blouse-visiteur\/","og_site_name":"Dispotech Shop","article_modified_time":"2021-06-24T09:08:03+00:00","og_image":[{"width":2560,"height":1920,"url":"https:\/\/dispotech.ch\/wp-content\/uploads\/2021\/06\/Camice1-copertina-scaled.jpg","type":"image\/jpeg"}],"twitter_card":"summary_large_image","schema":{"@context":"https:\/\/schema.org","@graph":[{"@type":"WebPage","@id":"https:\/\/dispotech.ch\/fr\/prodotto\/blouse-visiteur\/","url":"https:\/\/dispotech.ch\/fr\/prodotto\/blouse-visiteur\/","name":"Blouse visiteur - Dispotech Shop","isPartOf":{"@id":"https:\/\/dispotech.ch\/#website"},"primaryImageOfPage":{"@id":"https:\/\/dispotech.ch\/fr\/prodotto\/blouse-visiteur\/#primaryimage"},"image":{"@id":"https:\/\/dispotech.ch\/fr\/prodotto\/blouse-visiteur\/#primaryimage"},"thumbnailUrl":"https:\/\/dispotech.ch\/wp-content\/uploads\/2021\/06\/Camice1-copertina-scaled.jpg","datePublished":"2021-06-11T13:40:14+00:00","dateModified":"2021-06-24T09:08:03+00:00","breadcrumb":{"@id":"https:\/\/dispotech.ch\/fr\/prodotto\/blouse-visiteur\/#breadcrumb"},"inLanguage":"fr-FR","potentialAction":[{"@type":"ReadAction","target":["https:\/\/dispotech.ch\/fr\/prodotto\/blouse-visiteur\/"]}]},{"@type":"ImageObject","inLanguage":"fr-FR","@id":"https:\/\/dispotech.ch\/fr\/prodotto\/blouse-visiteur\/#primaryimage","url":"https:\/\/dispotech.ch\/wp-content\/uploads\/2021\/06\/Camice1-copertina-scaled.jpg","contentUrl":"https:\/\/dispotech.ch\/wp-content\/uploads\/2021\/06\/Camice1-copertina-scaled.jpg","width":2560,"height":1920},{"@type":"BreadcrumbList","@id":"https:\/\/dispotech.ch\/fr\/prodotto\/blouse-visiteur\/#breadcrumb","itemListElement":[{"@type":"ListItem","position":1,"name":"Home","item":"https:\/\/dispotech.ch\/fr\/"},{"@type":"ListItem","position":2,"name":"Shop","item":"https:\/\/dispotech.ch\/fr\/shop-2\/"},{"@type":"ListItem","position":3,"name":"Blouse visiteur"}]},{"@type":"WebSite","@id":"https:\/\/dispotech.ch\/#website","url":"https:\/\/dispotech.ch\/","name":"Dispotech Shop","description":"","potentialAction":[{"@type":"SearchAction","target":{"@type":"EntryPoint","urlTemplate":"https:\/\/dispotech.ch\/?s={search_term_string}"},"query-input":{"@type":"PropertyValueSpecification","valueRequired":true,"valueName":"search_term_string"}}],"inLanguage":"fr-FR"}]}},"_links":{"self":[{"href":"https:\/\/dispotech.ch\/fr\/wp-json\/wp\/v2\/product\/20288","targetHints":{"allow":["GET"]}}],"collection":[{"href":"https:\/\/dispotech.ch\/fr\/wp-json\/wp\/v2\/product"}],"about":[{"href":"https:\/\/dispotech.ch\/fr\/wp-json\/wp\/v2\/types\/product"}],"replies":[{"embeddable":true,"href":"https:\/\/dispotech.ch\/fr\/wp-json\/wp\/v2\/comments?post=20288"}],"wp:featuredmedia":[{"embeddable":true,"href":"https:\/\/dispotech.ch\/fr\/wp-json\/wp\/v2\/media\/23029"}],"wp:attachment":[{"href":"https:\/\/dispotech.ch\/fr\/wp-json\/wp\/v2\/media?parent=20288"}],"wp:term":[{"taxonomy":"product_brand","embeddable":true,"href":"https:\/\/dispotech.ch\/fr\/wp-json\/wp\/v2\/product_brand?post=20288"},{"taxonomy":"product_cat","embeddable":true,"href":"https:\/\/dispotech.ch\/fr\/wp-json\/wp\/v2\/product_cat?post=20288"},{"taxonomy":"product_tag","embeddable":true,"href":"https:\/\/dispotech.ch\/fr\/wp-json\/wp\/v2\/product_tag?post=20288"}],"curies":[{"name":"wp","href":"https:\/\/api.w.org\/{rel}","templated":true}]}}