{"id":20335,"date":"2021-06-11T16:24:30","date_gmt":"2021-06-11T14:24:30","guid":{"rendered":"https:\/\/shop.dispotech.ch\/prodotto\/drap\/"},"modified":"2021-06-24T10:53:18","modified_gmt":"2021-06-24T08:53:18","slug":"drap","status":"publish","type":"product","link":"https:\/\/dispotech.ch\/fr\/prodotto\/drap\/","title":{"rendered":"Drap"},"content":{"rendered":"","protected":false},"excerpt":{"rendered":"<p>La ligne PERFECTO Drape Dispotech s\u2019est enrichie gr\u00e2ce \u00e0 une gamme de draperie st\u00e9rile \u00e0 usage unique. R\u00e9alis\u00e9s en associant le TNT et le PE, ils offrent une excellent capacit\u00e9 d\u2019absorption. Conditionn\u00e9s s\u00e9par\u00e9ment, ils permettent une s\u00e9curit\u00e9 \u00e9lev\u00e9e et un certain niveau de st\u00e9rilisation \u00e0 l\u2019op\u00e9rateur.<\/p>\n<h3 id=\"tw-target-text\" class=\"tw-data-text tw-text-large XcVN5d tw-ta\" dir=\"ltr\" data-placeholder=\"Traduzione\"><span class=\"Y2IQFc\" lang=\"fr\">En paquets de 10 pi\u00e8ces<\/span><\/h3>\n","protected":false},"featured_media":23316,"comment_status":"open","ping_status":"closed","template":"","meta":{"_acf_changed":false},"product_brand":[],"product_cat":[286],"product_tag":[312,313],"class_list":{"0":"post-20335","1":"product","2":"type-product","3":"status-publish","4":"has-post-thumbnail","6":"product_cat-dental-fr","7":"product_tag-drape","8":"product_tag-drape-steril","10":"first","11":"instock","12":"taxable","13":"shipping-taxable","14":"product-type-variable"},"acf":[],"yoast_head":"<!-- This site is optimized with the Yoast SEO plugin v27.3 - https:\/\/yoast.com\/product\/yoast-seo-wordpress\/ -->\n<title>Drap - Dispotech Shop<\/title>\n<meta name=\"robots\" content=\"index, follow, max-snippet:-1, max-image-preview:large, max-video-preview:-1\" \/>\n<link rel=\"canonical\" href=\"https:\/\/dispotech.ch\/fr\/prodotto\/drap\/\" \/>\n<meta property=\"og:locale\" content=\"fr_FR\" \/>\n<meta property=\"og:type\" content=\"article\" \/>\n<meta property=\"og:title\" content=\"Drap - Dispotech Shop\" \/>\n<meta property=\"og:description\" content=\"La ligne PERFECTO Drape Dispotech s\u2019est enrichie gr\u00e2ce \u00e0 une gamme de draperie st\u00e9rile \u00e0 usage unique. R\u00e9alis\u00e9s en associant le TNT et le PE, ils offrent une excellent capacit\u00e9 d\u2019absorption. Conditionn\u00e9s s\u00e9par\u00e9ment, ils permettent une s\u00e9curit\u00e9 \u00e9lev\u00e9e et un certain niveau de st\u00e9rilisation \u00e0 l\u2019op\u00e9rateur. En paquets de 10 pi\u00e8ces\" \/>\n<meta property=\"og:url\" content=\"https:\/\/dispotech.ch\/fr\/prodotto\/drap\/\" \/>\n<meta property=\"og:site_name\" content=\"Dispotech Shop\" \/>\n<meta property=\"article:modified_time\" content=\"2021-06-24T08:53:18+00:00\" \/>\n<meta property=\"og:image\" content=\"https:\/\/dispotech.ch\/wp-content\/uploads\/2021\/06\/Telisterili-scaled.jpg\" \/>\n\t<meta property=\"og:image:width\" content=\"2560\" \/>\n\t<meta property=\"og:image:height\" content=\"1920\" \/>\n\t<meta property=\"og:image:type\" content=\"image\/jpeg\" \/>\n<meta name=\"twitter:card\" content=\"summary_large_image\" \/>\n<script type=\"application\/ld+json\" class=\"yoast-schema-graph\">{\"@context\":\"https:\\\/\\\/schema.org\",\"@graph\":[{\"@type\":\"WebPage\",\"@id\":\"https:\\\/\\\/dispotech.ch\\\/fr\\\/prodotto\\\/drap\\\/\",\"url\":\"https:\\\/\\\/dispotech.ch\\\/fr\\\/prodotto\\\/drap\\\/\",\"name\":\"Drap - Dispotech Shop\",\"isPartOf\":{\"@id\":\"https:\\\/\\\/dispotech.ch\\\/#website\"},\"primaryImageOfPage\":{\"@id\":\"https:\\\/\\\/dispotech.ch\\\/fr\\\/prodotto\\\/drap\\\/#primaryimage\"},\"image\":{\"@id\":\"https:\\\/\\\/dispotech.ch\\\/fr\\\/prodotto\\\/drap\\\/#primaryimage\"},\"thumbnailUrl\":\"https:\\\/\\\/dispotech.ch\\\/wp-content\\\/uploads\\\/2021\\\/06\\\/Telisterili-scaled.jpg\",\"datePublished\":\"2021-06-11T14:24:30+00:00\",\"dateModified\":\"2021-06-24T08:53:18+00:00\",\"breadcrumb\":{\"@id\":\"https:\\\/\\\/dispotech.ch\\\/fr\\\/prodotto\\\/drap\\\/#breadcrumb\"},\"inLanguage\":\"fr-FR\",\"potentialAction\":[{\"@type\":\"ReadAction\",\"target\":[\"https:\\\/\\\/dispotech.ch\\\/fr\\\/prodotto\\\/drap\\\/\"]}]},{\"@type\":\"ImageObject\",\"inLanguage\":\"fr-FR\",\"@id\":\"https:\\\/\\\/dispotech.ch\\\/fr\\\/prodotto\\\/drap\\\/#primaryimage\",\"url\":\"https:\\\/\\\/dispotech.ch\\\/wp-content\\\/uploads\\\/2021\\\/06\\\/Telisterili-scaled.jpg\",\"contentUrl\":\"https:\\\/\\\/dispotech.ch\\\/wp-content\\\/uploads\\\/2021\\\/06\\\/Telisterili-scaled.jpg\",\"width\":2560,\"height\":1920},{\"@type\":\"BreadcrumbList\",\"@id\":\"https:\\\/\\\/dispotech.ch\\\/fr\\\/prodotto\\\/drap\\\/#breadcrumb\",\"itemListElement\":[{\"@type\":\"ListItem\",\"position\":1,\"name\":\"Home\",\"item\":\"https:\\\/\\\/dispotech.ch\\\/fr\\\/\"},{\"@type\":\"ListItem\",\"position\":2,\"name\":\"Shop\",\"item\":\"https:\\\/\\\/dispotech.ch\\\/fr\\\/shop-2\\\/\"},{\"@type\":\"ListItem\",\"position\":3,\"name\":\"Drap\"}]},{\"@type\":\"WebSite\",\"@id\":\"https:\\\/\\\/dispotech.ch\\\/#website\",\"url\":\"https:\\\/\\\/dispotech.ch\\\/\",\"name\":\"Dispotech Shop\",\"description\":\"\",\"potentialAction\":[{\"@type\":\"SearchAction\",\"target\":{\"@type\":\"EntryPoint\",\"urlTemplate\":\"https:\\\/\\\/dispotech.ch\\\/?s={search_term_string}\"},\"query-input\":{\"@type\":\"PropertyValueSpecification\",\"valueRequired\":true,\"valueName\":\"search_term_string\"}}],\"inLanguage\":\"fr-FR\"}]}<\/script>\n<!-- \/ Yoast SEO plugin. -->","yoast_head_json":{"title":"Drap - Dispotech Shop","robots":{"index":"index","follow":"follow","max-snippet":"max-snippet:-1","max-image-preview":"max-image-preview:large","max-video-preview":"max-video-preview:-1"},"canonical":"https:\/\/dispotech.ch\/fr\/prodotto\/drap\/","og_locale":"fr_FR","og_type":"article","og_title":"Drap - Dispotech Shop","og_description":"La ligne PERFECTO Drape Dispotech s\u2019est enrichie gr\u00e2ce \u00e0 une gamme de draperie st\u00e9rile \u00e0 usage unique. R\u00e9alis\u00e9s en associant le TNT et le PE, ils offrent une excellent capacit\u00e9 d\u2019absorption. Conditionn\u00e9s s\u00e9par\u00e9ment, ils permettent une s\u00e9curit\u00e9 \u00e9lev\u00e9e et un certain niveau de st\u00e9rilisation \u00e0 l\u2019op\u00e9rateur. En paquets de 10 pi\u00e8ces","og_url":"https:\/\/dispotech.ch\/fr\/prodotto\/drap\/","og_site_name":"Dispotech Shop","article_modified_time":"2021-06-24T08:53:18+00:00","og_image":[{"width":2560,"height":1920,"url":"https:\/\/dispotech.ch\/wp-content\/uploads\/2021\/06\/Telisterili-scaled.jpg","type":"image\/jpeg"}],"twitter_card":"summary_large_image","schema":{"@context":"https:\/\/schema.org","@graph":[{"@type":"WebPage","@id":"https:\/\/dispotech.ch\/fr\/prodotto\/drap\/","url":"https:\/\/dispotech.ch\/fr\/prodotto\/drap\/","name":"Drap - Dispotech Shop","isPartOf":{"@id":"https:\/\/dispotech.ch\/#website"},"primaryImageOfPage":{"@id":"https:\/\/dispotech.ch\/fr\/prodotto\/drap\/#primaryimage"},"image":{"@id":"https:\/\/dispotech.ch\/fr\/prodotto\/drap\/#primaryimage"},"thumbnailUrl":"https:\/\/dispotech.ch\/wp-content\/uploads\/2021\/06\/Telisterili-scaled.jpg","datePublished":"2021-06-11T14:24:30+00:00","dateModified":"2021-06-24T08:53:18+00:00","breadcrumb":{"@id":"https:\/\/dispotech.ch\/fr\/prodotto\/drap\/#breadcrumb"},"inLanguage":"fr-FR","potentialAction":[{"@type":"ReadAction","target":["https:\/\/dispotech.ch\/fr\/prodotto\/drap\/"]}]},{"@type":"ImageObject","inLanguage":"fr-FR","@id":"https:\/\/dispotech.ch\/fr\/prodotto\/drap\/#primaryimage","url":"https:\/\/dispotech.ch\/wp-content\/uploads\/2021\/06\/Telisterili-scaled.jpg","contentUrl":"https:\/\/dispotech.ch\/wp-content\/uploads\/2021\/06\/Telisterili-scaled.jpg","width":2560,"height":1920},{"@type":"BreadcrumbList","@id":"https:\/\/dispotech.ch\/fr\/prodotto\/drap\/#breadcrumb","itemListElement":[{"@type":"ListItem","position":1,"name":"Home","item":"https:\/\/dispotech.ch\/fr\/"},{"@type":"ListItem","position":2,"name":"Shop","item":"https:\/\/dispotech.ch\/fr\/shop-2\/"},{"@type":"ListItem","position":3,"name":"Drap"}]},{"@type":"WebSite","@id":"https:\/\/dispotech.ch\/#website","url":"https:\/\/dispotech.ch\/","name":"Dispotech Shop","description":"","potentialAction":[{"@type":"SearchAction","target":{"@type":"EntryPoint","urlTemplate":"https:\/\/dispotech.ch\/?s={search_term_string}"},"query-input":{"@type":"PropertyValueSpecification","valueRequired":true,"valueName":"search_term_string"}}],"inLanguage":"fr-FR"}]}},"_links":{"self":[{"href":"https:\/\/dispotech.ch\/fr\/wp-json\/wp\/v2\/product\/20335","targetHints":{"allow":["GET"]}}],"collection":[{"href":"https:\/\/dispotech.ch\/fr\/wp-json\/wp\/v2\/product"}],"about":[{"href":"https:\/\/dispotech.ch\/fr\/wp-json\/wp\/v2\/types\/product"}],"replies":[{"embeddable":true,"href":"https:\/\/dispotech.ch\/fr\/wp-json\/wp\/v2\/comments?post=20335"}],"wp:featuredmedia":[{"embeddable":true,"href":"https:\/\/dispotech.ch\/fr\/wp-json\/wp\/v2\/media\/23316"}],"wp:attachment":[{"href":"https:\/\/dispotech.ch\/fr\/wp-json\/wp\/v2\/media?parent=20335"}],"wp:term":[{"taxonomy":"product_brand","embeddable":true,"href":"https:\/\/dispotech.ch\/fr\/wp-json\/wp\/v2\/product_brand?post=20335"},{"taxonomy":"product_cat","embeddable":true,"href":"https:\/\/dispotech.ch\/fr\/wp-json\/wp\/v2\/product_cat?post=20335"},{"taxonomy":"product_tag","embeddable":true,"href":"https:\/\/dispotech.ch\/fr\/wp-json\/wp\/v2\/product_tag?post=20335"}],"curies":[{"name":"wp","href":"https:\/\/api.w.org\/{rel}","templated":true}]}}