{"id":20433,"date":"2021-06-11T17:19:50","date_gmt":"2021-06-11T15:19:50","guid":{"rendered":"https:\/\/shop.dispotech.ch\/prodotto\/micro-applicateurs\/"},"modified":"2021-06-24T11:00:18","modified_gmt":"2021-06-24T09:00:18","slug":"micro-applicateurs","status":"publish","type":"product","link":"https:\/\/dispotech.ch\/fr\/prodotto\/micro-applicateurs\/","title":{"rendered":"Micro Applicateurs"},"content":{"rendered":"<p><br data-mce-bogus=\"1\"><\/p>\n","protected":false},"excerpt":{"rendered":"<p id=\"tw-target-text\" class=\"tw-data-text tw-text-large XcVN5d tw-ta\" dir=\"ltr\" data-placeholder=\"Traduzione\"><span class=\"Y2IQFc\" lang=\"fr\">Les micro-applicateurs jetables PERFECTO MICRO-APPLICATOR sont r\u00e9sistants et non absorbants, avec un applicateur compact et une poign\u00e9e en plastique r\u00e9glable qui permet une application pr\u00e9cise et localis\u00e9e de liquides et de divers mat\u00e9riaux.<\/span><\/p>\n<p dir=\"ltr\" data-placeholder=\"Traduzione\"><strong>Vendu par carton de 4 pi\u00e8ces<\/strong><\/p>\n","protected":false},"featured_media":22938,"comment_status":"open","ping_status":"closed","template":"","meta":{"_acf_changed":false},"product_brand":[],"product_cat":[286],"product_tag":[295,332],"class_list":{"0":"post-20433","1":"product","2":"type-product","3":"status-publish","4":"has-post-thumbnail","6":"product_cat-dental-fr","7":"product_tag-dental","8":"product_tag-micro-applicateurs","10":"first","11":"instock","12":"taxable","13":"shipping-taxable","14":"purchasable","15":"product-type-variable"},"acf":[],"yoast_head":"<!-- This site is optimized with the Yoast SEO plugin v27.3 - https:\/\/yoast.com\/product\/yoast-seo-wordpress\/ -->\n<title>Micro Applicateurs - Dispotech Shop<\/title>\n<meta name=\"robots\" content=\"index, follow, max-snippet:-1, max-image-preview:large, max-video-preview:-1\" \/>\n<link rel=\"canonical\" href=\"https:\/\/dispotech.ch\/fr\/prodotto\/micro-applicateurs\/\" \/>\n<meta property=\"og:locale\" content=\"fr_FR\" \/>\n<meta property=\"og:type\" content=\"article\" \/>\n<meta property=\"og:title\" content=\"Micro Applicateurs - Dispotech Shop\" \/>\n<meta property=\"og:description\" content=\"Les micro-applicateurs jetables PERFECTO MICRO-APPLICATOR sont r\u00e9sistants et non absorbants, avec un applicateur compact et une poign\u00e9e en plastique r\u00e9glable qui permet une application pr\u00e9cise et localis\u00e9e de liquides et de divers mat\u00e9riaux.Vendu par carton de 4 pi\u00e8ces\" \/>\n<meta property=\"og:url\" content=\"https:\/\/dispotech.ch\/fr\/prodotto\/micro-applicateurs\/\" \/>\n<meta property=\"og:site_name\" content=\"Dispotech Shop\" \/>\n<meta property=\"article:modified_time\" content=\"2021-06-24T09:00:18+00:00\" \/>\n<meta property=\"og:image\" content=\"https:\/\/dispotech.ch\/wp-content\/uploads\/2021\/06\/Microapplicatori-copertina-scaled.jpg\" \/>\n\t<meta property=\"og:image:width\" content=\"2560\" \/>\n\t<meta property=\"og:image:height\" content=\"1920\" \/>\n\t<meta property=\"og:image:type\" content=\"image\/jpeg\" \/>\n<meta name=\"twitter:card\" content=\"summary_large_image\" \/>\n<script type=\"application\/ld+json\" class=\"yoast-schema-graph\">{\"@context\":\"https:\\\/\\\/schema.org\",\"@graph\":[{\"@type\":\"WebPage\",\"@id\":\"https:\\\/\\\/dispotech.ch\\\/fr\\\/prodotto\\\/micro-applicateurs\\\/\",\"url\":\"https:\\\/\\\/dispotech.ch\\\/fr\\\/prodotto\\\/micro-applicateurs\\\/\",\"name\":\"Micro Applicateurs - Dispotech Shop\",\"isPartOf\":{\"@id\":\"https:\\\/\\\/dispotech.ch\\\/#website\"},\"primaryImageOfPage\":{\"@id\":\"https:\\\/\\\/dispotech.ch\\\/fr\\\/prodotto\\\/micro-applicateurs\\\/#primaryimage\"},\"image\":{\"@id\":\"https:\\\/\\\/dispotech.ch\\\/fr\\\/prodotto\\\/micro-applicateurs\\\/#primaryimage\"},\"thumbnailUrl\":\"https:\\\/\\\/dispotech.ch\\\/wp-content\\\/uploads\\\/2021\\\/06\\\/Microapplicatori-copertina-scaled.jpg\",\"datePublished\":\"2021-06-11T15:19:50+00:00\",\"dateModified\":\"2021-06-24T09:00:18+00:00\",\"breadcrumb\":{\"@id\":\"https:\\\/\\\/dispotech.ch\\\/fr\\\/prodotto\\\/micro-applicateurs\\\/#breadcrumb\"},\"inLanguage\":\"fr-FR\",\"potentialAction\":[{\"@type\":\"ReadAction\",\"target\":[\"https:\\\/\\\/dispotech.ch\\\/fr\\\/prodotto\\\/micro-applicateurs\\\/\"]}]},{\"@type\":\"ImageObject\",\"inLanguage\":\"fr-FR\",\"@id\":\"https:\\\/\\\/dispotech.ch\\\/fr\\\/prodotto\\\/micro-applicateurs\\\/#primaryimage\",\"url\":\"https:\\\/\\\/dispotech.ch\\\/wp-content\\\/uploads\\\/2021\\\/06\\\/Microapplicatori-copertina-scaled.jpg\",\"contentUrl\":\"https:\\\/\\\/dispotech.ch\\\/wp-content\\\/uploads\\\/2021\\\/06\\\/Microapplicatori-copertina-scaled.jpg\",\"width\":2560,\"height\":1920},{\"@type\":\"BreadcrumbList\",\"@id\":\"https:\\\/\\\/dispotech.ch\\\/fr\\\/prodotto\\\/micro-applicateurs\\\/#breadcrumb\",\"itemListElement\":[{\"@type\":\"ListItem\",\"position\":1,\"name\":\"Home\",\"item\":\"https:\\\/\\\/dispotech.ch\\\/fr\\\/\"},{\"@type\":\"ListItem\",\"position\":2,\"name\":\"Shop\",\"item\":\"https:\\\/\\\/dispotech.ch\\\/fr\\\/shop-2\\\/\"},{\"@type\":\"ListItem\",\"position\":3,\"name\":\"Micro Applicateurs\"}]},{\"@type\":\"WebSite\",\"@id\":\"https:\\\/\\\/dispotech.ch\\\/#website\",\"url\":\"https:\\\/\\\/dispotech.ch\\\/\",\"name\":\"Dispotech Shop\",\"description\":\"\",\"potentialAction\":[{\"@type\":\"SearchAction\",\"target\":{\"@type\":\"EntryPoint\",\"urlTemplate\":\"https:\\\/\\\/dispotech.ch\\\/?s={search_term_string}\"},\"query-input\":{\"@type\":\"PropertyValueSpecification\",\"valueRequired\":true,\"valueName\":\"search_term_string\"}}],\"inLanguage\":\"fr-FR\"}]}<\/script>\n<!-- \/ Yoast SEO plugin. -->","yoast_head_json":{"title":"Micro Applicateurs - Dispotech Shop","robots":{"index":"index","follow":"follow","max-snippet":"max-snippet:-1","max-image-preview":"max-image-preview:large","max-video-preview":"max-video-preview:-1"},"canonical":"https:\/\/dispotech.ch\/fr\/prodotto\/micro-applicateurs\/","og_locale":"fr_FR","og_type":"article","og_title":"Micro Applicateurs - Dispotech Shop","og_description":"Les micro-applicateurs jetables PERFECTO MICRO-APPLICATOR sont r\u00e9sistants et non absorbants, avec un applicateur compact et une poign\u00e9e en plastique r\u00e9glable qui permet une application pr\u00e9cise et localis\u00e9e de liquides et de divers mat\u00e9riaux.Vendu par carton de 4 pi\u00e8ces","og_url":"https:\/\/dispotech.ch\/fr\/prodotto\/micro-applicateurs\/","og_site_name":"Dispotech Shop","article_modified_time":"2021-06-24T09:00:18+00:00","og_image":[{"width":2560,"height":1920,"url":"https:\/\/dispotech.ch\/wp-content\/uploads\/2021\/06\/Microapplicatori-copertina-scaled.jpg","type":"image\/jpeg"}],"twitter_card":"summary_large_image","schema":{"@context":"https:\/\/schema.org","@graph":[{"@type":"WebPage","@id":"https:\/\/dispotech.ch\/fr\/prodotto\/micro-applicateurs\/","url":"https:\/\/dispotech.ch\/fr\/prodotto\/micro-applicateurs\/","name":"Micro Applicateurs - Dispotech Shop","isPartOf":{"@id":"https:\/\/dispotech.ch\/#website"},"primaryImageOfPage":{"@id":"https:\/\/dispotech.ch\/fr\/prodotto\/micro-applicateurs\/#primaryimage"},"image":{"@id":"https:\/\/dispotech.ch\/fr\/prodotto\/micro-applicateurs\/#primaryimage"},"thumbnailUrl":"https:\/\/dispotech.ch\/wp-content\/uploads\/2021\/06\/Microapplicatori-copertina-scaled.jpg","datePublished":"2021-06-11T15:19:50+00:00","dateModified":"2021-06-24T09:00:18+00:00","breadcrumb":{"@id":"https:\/\/dispotech.ch\/fr\/prodotto\/micro-applicateurs\/#breadcrumb"},"inLanguage":"fr-FR","potentialAction":[{"@type":"ReadAction","target":["https:\/\/dispotech.ch\/fr\/prodotto\/micro-applicateurs\/"]}]},{"@type":"ImageObject","inLanguage":"fr-FR","@id":"https:\/\/dispotech.ch\/fr\/prodotto\/micro-applicateurs\/#primaryimage","url":"https:\/\/dispotech.ch\/wp-content\/uploads\/2021\/06\/Microapplicatori-copertina-scaled.jpg","contentUrl":"https:\/\/dispotech.ch\/wp-content\/uploads\/2021\/06\/Microapplicatori-copertina-scaled.jpg","width":2560,"height":1920},{"@type":"BreadcrumbList","@id":"https:\/\/dispotech.ch\/fr\/prodotto\/micro-applicateurs\/#breadcrumb","itemListElement":[{"@type":"ListItem","position":1,"name":"Home","item":"https:\/\/dispotech.ch\/fr\/"},{"@type":"ListItem","position":2,"name":"Shop","item":"https:\/\/dispotech.ch\/fr\/shop-2\/"},{"@type":"ListItem","position":3,"name":"Micro Applicateurs"}]},{"@type":"WebSite","@id":"https:\/\/dispotech.ch\/#website","url":"https:\/\/dispotech.ch\/","name":"Dispotech Shop","description":"","potentialAction":[{"@type":"SearchAction","target":{"@type":"EntryPoint","urlTemplate":"https:\/\/dispotech.ch\/?s={search_term_string}"},"query-input":{"@type":"PropertyValueSpecification","valueRequired":true,"valueName":"search_term_string"}}],"inLanguage":"fr-FR"}]}},"_links":{"self":[{"href":"https:\/\/dispotech.ch\/fr\/wp-json\/wp\/v2\/product\/20433","targetHints":{"allow":["GET"]}}],"collection":[{"href":"https:\/\/dispotech.ch\/fr\/wp-json\/wp\/v2\/product"}],"about":[{"href":"https:\/\/dispotech.ch\/fr\/wp-json\/wp\/v2\/types\/product"}],"replies":[{"embeddable":true,"href":"https:\/\/dispotech.ch\/fr\/wp-json\/wp\/v2\/comments?post=20433"}],"wp:featuredmedia":[{"embeddable":true,"href":"https:\/\/dispotech.ch\/fr\/wp-json\/wp\/v2\/media\/22938"}],"wp:attachment":[{"href":"https:\/\/dispotech.ch\/fr\/wp-json\/wp\/v2\/media?parent=20433"}],"wp:term":[{"taxonomy":"product_brand","embeddable":true,"href":"https:\/\/dispotech.ch\/fr\/wp-json\/wp\/v2\/product_brand?post=20433"},{"taxonomy":"product_cat","embeddable":true,"href":"https:\/\/dispotech.ch\/fr\/wp-json\/wp\/v2\/product_cat?post=20433"},{"taxonomy":"product_tag","embeddable":true,"href":"https:\/\/dispotech.ch\/fr\/wp-json\/wp\/v2\/product_tag?post=20433"}],"curies":[{"name":"wp","href":"https:\/\/api.w.org\/{rel}","templated":true}]}}