{"id":20546,"date":"2021-06-11T18:10:22","date_gmt":"2021-06-11T16:10:22","guid":{"rendered":"https:\/\/shop.dispotech.ch\/prodotto\/bavettes-dentaires\/"},"modified":"2022-05-23T23:25:49","modified_gmt":"2022-05-23T21:25:49","slug":"bavettes-dentaires","status":"publish","type":"product","link":"https:\/\/dispotech.ch\/fr\/prodotto\/bavettes-dentaires\/","title":{"rendered":"Bavettes dentaires"},"content":{"rendered":"","protected":false},"excerpt":{"rendered":"<p id=\"tw-target-text\" class=\"tw-data-text tw-text-large XcVN5d tw-ta\" dir=\"ltr\" data-placeholder=\"Traduzione\"><span class=\"Y2IQFc\" lang=\"fr\">Dispotech fabrique des serviettes jetables PERFECTO NAPKINS compos\u00e9es de pure ouate de cellulose associ\u00e9e \u00e0 un voile de poly\u00e9thyl\u00e8ne. Caract\u00e9ris\u00e9 par une capacit\u00e9 d&rsquo;absorption et une imperm\u00e9abilit\u00e9 \u00e9lev\u00e9es, PERFECTO NAPKINS est \u00e9galement r\u00e9sistant \u00e0 la d\u00e9chirure. Coloris disponibles : 2 plis papier + 1 pli poly\u00e9thyl\u00e8ne : blanc, bleu clair, vert, rose, jaune, bleu clair, b\u00e9b\u00e9, bleu cara\u00efbe et p\u00eache Couleurs claires : 1 carte v\u00e9lo + 1 v\u00e9lo poly\u00e9thyl\u00e8ne : bleu m\u00e9diterran\u00e9en, noir, vert pomme, rouge vin, fuchsia, lilas et orange (couleurs fonc\u00e9es). <\/span><\/p>\n<p class=\"tw-data-text tw-text-large XcVN5d tw-ta\" dir=\"ltr\" data-placeholder=\"Traduzione\"><strong><span class=\"Y2IQFc\" lang=\"fr\">Vendu par paquet de 500 pi\u00e8ces.<\/span><\/strong><\/p>\n","protected":false},"featured_media":23181,"comment_status":"open","ping_status":"closed","template":"","meta":{"_acf_changed":false},"product_brand":[],"product_cat":[286,450],"product_tag":[],"class_list":{"0":"post-20546","1":"product","2":"type-product","3":"status-publish","4":"has-post-thumbnail","6":"product_cat-dental-fr","7":"product_cat-en-evidence","9":"first","10":"instock","11":"taxable","12":"shipping-taxable","13":"product-type-variable"},"acf":[],"yoast_head":"<!-- This site is optimized with the Yoast SEO plugin v27.3 - https:\/\/yoast.com\/product\/yoast-seo-wordpress\/ -->\n<title>Bavettes dentaires - Dispotech Shop<\/title>\n<meta name=\"robots\" content=\"index, follow, max-snippet:-1, max-image-preview:large, max-video-preview:-1\" \/>\n<link rel=\"canonical\" href=\"https:\/\/dispotech.ch\/fr\/prodotto\/bavettes-dentaires\/\" \/>\n<meta property=\"og:locale\" content=\"fr_FR\" \/>\n<meta property=\"og:type\" content=\"article\" \/>\n<meta property=\"og:title\" content=\"Bavettes dentaires - Dispotech Shop\" \/>\n<meta property=\"og:description\" content=\"Dispotech fabrique des serviettes jetables PERFECTO NAPKINS compos\u00e9es de pure ouate de cellulose associ\u00e9e \u00e0 un voile de poly\u00e9thyl\u00e8ne. Caract\u00e9ris\u00e9 par une capacit\u00e9 d&#039;absorption et une imperm\u00e9abilit\u00e9 \u00e9lev\u00e9es, PERFECTO NAPKINS est \u00e9galement r\u00e9sistant \u00e0 la d\u00e9chirure. Coloris disponibles : 2 plis papier + 1 pli poly\u00e9thyl\u00e8ne : blanc, bleu clair, vert, rose, jaune, bleu clair, b\u00e9b\u00e9, bleu cara\u00efbe et p\u00eache Couleurs claires : 1 carte v\u00e9lo + 1 v\u00e9lo poly\u00e9thyl\u00e8ne : bleu m\u00e9diterran\u00e9en, noir, vert pomme, rouge vin, fuchsia, lilas et orange (couleurs fonc\u00e9es).  Vendu par paquet de 500 pi\u00e8ces.\" \/>\n<meta property=\"og:url\" content=\"https:\/\/dispotech.ch\/fr\/prodotto\/bavettes-dentaires\/\" \/>\n<meta property=\"og:site_name\" content=\"Dispotech Shop\" \/>\n<meta property=\"article:modified_time\" content=\"2022-05-23T21:25:49+00:00\" \/>\n<meta property=\"og:image\" content=\"https:\/\/dispotech.ch\/wp-content\/uploads\/2021\/06\/Napkins-trasp.png\" \/>\n\t<meta property=\"og:image:width\" content=\"3000\" \/>\n\t<meta property=\"og:image:height\" content=\"2250\" \/>\n\t<meta property=\"og:image:type\" content=\"image\/png\" \/>\n<meta name=\"twitter:card\" content=\"summary_large_image\" \/>\n<script type=\"application\/ld+json\" class=\"yoast-schema-graph\">{\"@context\":\"https:\\\/\\\/schema.org\",\"@graph\":[{\"@type\":\"WebPage\",\"@id\":\"https:\\\/\\\/dispotech.ch\\\/fr\\\/prodotto\\\/bavettes-dentaires\\\/\",\"url\":\"https:\\\/\\\/dispotech.ch\\\/fr\\\/prodotto\\\/bavettes-dentaires\\\/\",\"name\":\"Bavettes dentaires - Dispotech Shop\",\"isPartOf\":{\"@id\":\"https:\\\/\\\/dispotech.ch\\\/#website\"},\"primaryImageOfPage\":{\"@id\":\"https:\\\/\\\/dispotech.ch\\\/fr\\\/prodotto\\\/bavettes-dentaires\\\/#primaryimage\"},\"image\":{\"@id\":\"https:\\\/\\\/dispotech.ch\\\/fr\\\/prodotto\\\/bavettes-dentaires\\\/#primaryimage\"},\"thumbnailUrl\":\"https:\\\/\\\/dispotech.ch\\\/wp-content\\\/uploads\\\/2021\\\/06\\\/Napkins-trasp.png\",\"datePublished\":\"2021-06-11T16:10:22+00:00\",\"dateModified\":\"2022-05-23T21:25:49+00:00\",\"breadcrumb\":{\"@id\":\"https:\\\/\\\/dispotech.ch\\\/fr\\\/prodotto\\\/bavettes-dentaires\\\/#breadcrumb\"},\"inLanguage\":\"fr-FR\",\"potentialAction\":[{\"@type\":\"ReadAction\",\"target\":[\"https:\\\/\\\/dispotech.ch\\\/fr\\\/prodotto\\\/bavettes-dentaires\\\/\"]}]},{\"@type\":\"ImageObject\",\"inLanguage\":\"fr-FR\",\"@id\":\"https:\\\/\\\/dispotech.ch\\\/fr\\\/prodotto\\\/bavettes-dentaires\\\/#primaryimage\",\"url\":\"https:\\\/\\\/dispotech.ch\\\/wp-content\\\/uploads\\\/2021\\\/06\\\/Napkins-trasp.png\",\"contentUrl\":\"https:\\\/\\\/dispotech.ch\\\/wp-content\\\/uploads\\\/2021\\\/06\\\/Napkins-trasp.png\",\"width\":3000,\"height\":2250},{\"@type\":\"BreadcrumbList\",\"@id\":\"https:\\\/\\\/dispotech.ch\\\/fr\\\/prodotto\\\/bavettes-dentaires\\\/#breadcrumb\",\"itemListElement\":[{\"@type\":\"ListItem\",\"position\":1,\"name\":\"Home\",\"item\":\"https:\\\/\\\/dispotech.ch\\\/fr\\\/\"},{\"@type\":\"ListItem\",\"position\":2,\"name\":\"Shop\",\"item\":\"https:\\\/\\\/dispotech.ch\\\/fr\\\/shop-2\\\/\"},{\"@type\":\"ListItem\",\"position\":3,\"name\":\"Bavettes dentaires\"}]},{\"@type\":\"WebSite\",\"@id\":\"https:\\\/\\\/dispotech.ch\\\/#website\",\"url\":\"https:\\\/\\\/dispotech.ch\\\/\",\"name\":\"Dispotech Shop\",\"description\":\"\",\"potentialAction\":[{\"@type\":\"SearchAction\",\"target\":{\"@type\":\"EntryPoint\",\"urlTemplate\":\"https:\\\/\\\/dispotech.ch\\\/?s={search_term_string}\"},\"query-input\":{\"@type\":\"PropertyValueSpecification\",\"valueRequired\":true,\"valueName\":\"search_term_string\"}}],\"inLanguage\":\"fr-FR\"}]}<\/script>\n<!-- \/ Yoast SEO plugin. -->","yoast_head_json":{"title":"Bavettes dentaires - Dispotech Shop","robots":{"index":"index","follow":"follow","max-snippet":"max-snippet:-1","max-image-preview":"max-image-preview:large","max-video-preview":"max-video-preview:-1"},"canonical":"https:\/\/dispotech.ch\/fr\/prodotto\/bavettes-dentaires\/","og_locale":"fr_FR","og_type":"article","og_title":"Bavettes dentaires - Dispotech Shop","og_description":"Dispotech fabrique des serviettes jetables PERFECTO NAPKINS compos\u00e9es de pure ouate de cellulose associ\u00e9e \u00e0 un voile de poly\u00e9thyl\u00e8ne. Caract\u00e9ris\u00e9 par une capacit\u00e9 d'absorption et une imperm\u00e9abilit\u00e9 \u00e9lev\u00e9es, PERFECTO NAPKINS est \u00e9galement r\u00e9sistant \u00e0 la d\u00e9chirure. Coloris disponibles : 2 plis papier + 1 pli poly\u00e9thyl\u00e8ne : blanc, bleu clair, vert, rose, jaune, bleu clair, b\u00e9b\u00e9, bleu cara\u00efbe et p\u00eache Couleurs claires : 1 carte v\u00e9lo + 1 v\u00e9lo poly\u00e9thyl\u00e8ne : bleu m\u00e9diterran\u00e9en, noir, vert pomme, rouge vin, fuchsia, lilas et orange (couleurs fonc\u00e9es).  Vendu par paquet de 500 pi\u00e8ces.","og_url":"https:\/\/dispotech.ch\/fr\/prodotto\/bavettes-dentaires\/","og_site_name":"Dispotech Shop","article_modified_time":"2022-05-23T21:25:49+00:00","og_image":[{"width":3000,"height":2250,"url":"https:\/\/dispotech.ch\/wp-content\/uploads\/2021\/06\/Napkins-trasp.png","type":"image\/png"}],"twitter_card":"summary_large_image","schema":{"@context":"https:\/\/schema.org","@graph":[{"@type":"WebPage","@id":"https:\/\/dispotech.ch\/fr\/prodotto\/bavettes-dentaires\/","url":"https:\/\/dispotech.ch\/fr\/prodotto\/bavettes-dentaires\/","name":"Bavettes dentaires - Dispotech Shop","isPartOf":{"@id":"https:\/\/dispotech.ch\/#website"},"primaryImageOfPage":{"@id":"https:\/\/dispotech.ch\/fr\/prodotto\/bavettes-dentaires\/#primaryimage"},"image":{"@id":"https:\/\/dispotech.ch\/fr\/prodotto\/bavettes-dentaires\/#primaryimage"},"thumbnailUrl":"https:\/\/dispotech.ch\/wp-content\/uploads\/2021\/06\/Napkins-trasp.png","datePublished":"2021-06-11T16:10:22+00:00","dateModified":"2022-05-23T21:25:49+00:00","breadcrumb":{"@id":"https:\/\/dispotech.ch\/fr\/prodotto\/bavettes-dentaires\/#breadcrumb"},"inLanguage":"fr-FR","potentialAction":[{"@type":"ReadAction","target":["https:\/\/dispotech.ch\/fr\/prodotto\/bavettes-dentaires\/"]}]},{"@type":"ImageObject","inLanguage":"fr-FR","@id":"https:\/\/dispotech.ch\/fr\/prodotto\/bavettes-dentaires\/#primaryimage","url":"https:\/\/dispotech.ch\/wp-content\/uploads\/2021\/06\/Napkins-trasp.png","contentUrl":"https:\/\/dispotech.ch\/wp-content\/uploads\/2021\/06\/Napkins-trasp.png","width":3000,"height":2250},{"@type":"BreadcrumbList","@id":"https:\/\/dispotech.ch\/fr\/prodotto\/bavettes-dentaires\/#breadcrumb","itemListElement":[{"@type":"ListItem","position":1,"name":"Home","item":"https:\/\/dispotech.ch\/fr\/"},{"@type":"ListItem","position":2,"name":"Shop","item":"https:\/\/dispotech.ch\/fr\/shop-2\/"},{"@type":"ListItem","position":3,"name":"Bavettes dentaires"}]},{"@type":"WebSite","@id":"https:\/\/dispotech.ch\/#website","url":"https:\/\/dispotech.ch\/","name":"Dispotech Shop","description":"","potentialAction":[{"@type":"SearchAction","target":{"@type":"EntryPoint","urlTemplate":"https:\/\/dispotech.ch\/?s={search_term_string}"},"query-input":{"@type":"PropertyValueSpecification","valueRequired":true,"valueName":"search_term_string"}}],"inLanguage":"fr-FR"}]}},"_links":{"self":[{"href":"https:\/\/dispotech.ch\/fr\/wp-json\/wp\/v2\/product\/20546","targetHints":{"allow":["GET"]}}],"collection":[{"href":"https:\/\/dispotech.ch\/fr\/wp-json\/wp\/v2\/product"}],"about":[{"href":"https:\/\/dispotech.ch\/fr\/wp-json\/wp\/v2\/types\/product"}],"replies":[{"embeddable":true,"href":"https:\/\/dispotech.ch\/fr\/wp-json\/wp\/v2\/comments?post=20546"}],"wp:featuredmedia":[{"embeddable":true,"href":"https:\/\/dispotech.ch\/fr\/wp-json\/wp\/v2\/media\/23181"}],"wp:attachment":[{"href":"https:\/\/dispotech.ch\/fr\/wp-json\/wp\/v2\/media?parent=20546"}],"wp:term":[{"taxonomy":"product_brand","embeddable":true,"href":"https:\/\/dispotech.ch\/fr\/wp-json\/wp\/v2\/product_brand?post=20546"},{"taxonomy":"product_cat","embeddable":true,"href":"https:\/\/dispotech.ch\/fr\/wp-json\/wp\/v2\/product_cat?post=20546"},{"taxonomy":"product_tag","embeddable":true,"href":"https:\/\/dispotech.ch\/fr\/wp-json\/wp\/v2\/product_tag?post=20546"}],"curies":[{"name":"wp","href":"https:\/\/api.w.org\/{rel}","templated":true}]}}