{"id":20780,"date":"2021-06-13T00:05:55","date_gmt":"2021-06-12T22:05:55","guid":{"rendered":"https:\/\/shop.dispotech.ch\/prodotto\/film-adhesif-de-protection-equipements-et-surface\/"},"modified":"2021-07-05T16:03:11","modified_gmt":"2021-07-05T14:03:11","slug":"film-adhesif-de-protection-equipements-et-surface","status":"publish","type":"product","link":"https:\/\/dispotech.ch\/fr\/prodotto\/film-adhesif-de-protection-equipements-et-surface\/","title":{"rendered":"Film Adh\u00e9sif de protection \u00e9quipements et surface"},"content":{"rendered":"","protected":false},"excerpt":{"rendered":"<p>La pellicule adh\u00e9sive de protection PERFECTO , rouleau de 1200 pcs, fournies dans un distributeur pratique, est id\u00e9ale pour la protection des \u00e9quipements et surfaces, et ne laisse aucun r\u00e9sidu apr\u00e8s le retrait. Box de 1200 pcs.\u00f9<\/p>\n<p id=\"tw-target-text\" class=\"tw-data-text tw-text-large XcVN5d tw-ta\" dir=\"ltr\" data-placeholder=\"Traduzione\"><strong><span class=\"Y2IQFc\" lang=\"fr\">Vendu en pi\u00e8ce unique.<\/span><\/strong><\/p>\n","protected":false},"featured_media":22821,"comment_status":"open","ping_status":"closed","template":"","meta":{"_acf_changed":false},"product_brand":[],"product_cat":[286,417],"product_tag":[349],"class_list":{"0":"post-20780","1":"product","2":"type-product","3":"status-publish","4":"has-post-thumbnail","6":"product_cat-dental-fr","7":"product_cat-novita-fr","8":"product_tag-film-adhesif-de-protection-equipements-et-surface","10":"first","11":"instock","12":"taxable","13":"shipping-taxable","14":"product-type-variable"},"acf":[],"yoast_head":"<!-- This site is optimized with the Yoast SEO plugin v27.3 - https:\/\/yoast.com\/product\/yoast-seo-wordpress\/ -->\n<title>Film Adh\u00e9sif de protection \u00e9quipements et surface - Dispotech Shop<\/title>\n<meta name=\"robots\" content=\"index, follow, max-snippet:-1, max-image-preview:large, max-video-preview:-1\" \/>\n<link rel=\"canonical\" href=\"https:\/\/dispotech.ch\/fr\/prodotto\/film-adhesif-de-protection-equipements-et-surface\/\" \/>\n<meta property=\"og:locale\" content=\"fr_FR\" \/>\n<meta property=\"og:type\" content=\"article\" \/>\n<meta property=\"og:title\" content=\"Film Adh\u00e9sif de protection \u00e9quipements et surface - Dispotech Shop\" \/>\n<meta property=\"og:description\" content=\"La pellicule adh\u00e9sive de protection PERFECTO , rouleau de 1200 pcs, fournies dans un distributeur pratique, est id\u00e9ale pour la protection des \u00e9quipements et surfaces, et ne laisse aucun r\u00e9sidu apr\u00e8s le retrait. Box de 1200 pcs.\u00f9 Vendu en pi\u00e8ce unique.\" \/>\n<meta property=\"og:url\" content=\"https:\/\/dispotech.ch\/fr\/prodotto\/film-adhesif-de-protection-equipements-et-surface\/\" \/>\n<meta property=\"og:site_name\" content=\"Dispotech Shop\" \/>\n<meta property=\"article:modified_time\" content=\"2021-07-05T14:03:11+00:00\" \/>\n<meta property=\"og:image\" content=\"https:\/\/dispotech.ch\/wp-content\/uploads\/2021\/06\/Barrierfilm-copertina-scaled.jpg\" \/>\n\t<meta property=\"og:image:width\" content=\"2560\" \/>\n\t<meta property=\"og:image:height\" content=\"1920\" \/>\n\t<meta property=\"og:image:type\" content=\"image\/jpeg\" \/>\n<meta name=\"twitter:card\" content=\"summary_large_image\" \/>\n<script type=\"application\/ld+json\" class=\"yoast-schema-graph\">{\"@context\":\"https:\\\/\\\/schema.org\",\"@graph\":[{\"@type\":\"WebPage\",\"@id\":\"https:\\\/\\\/dispotech.ch\\\/fr\\\/prodotto\\\/film-adhesif-de-protection-equipements-et-surface\\\/\",\"url\":\"https:\\\/\\\/dispotech.ch\\\/fr\\\/prodotto\\\/film-adhesif-de-protection-equipements-et-surface\\\/\",\"name\":\"Film Adh\u00e9sif de protection \u00e9quipements et surface - Dispotech Shop\",\"isPartOf\":{\"@id\":\"https:\\\/\\\/dispotech.ch\\\/#website\"},\"primaryImageOfPage\":{\"@id\":\"https:\\\/\\\/dispotech.ch\\\/fr\\\/prodotto\\\/film-adhesif-de-protection-equipements-et-surface\\\/#primaryimage\"},\"image\":{\"@id\":\"https:\\\/\\\/dispotech.ch\\\/fr\\\/prodotto\\\/film-adhesif-de-protection-equipements-et-surface\\\/#primaryimage\"},\"thumbnailUrl\":\"https:\\\/\\\/dispotech.ch\\\/wp-content\\\/uploads\\\/2021\\\/06\\\/Barrierfilm-copertina-scaled.jpg\",\"datePublished\":\"2021-06-12T22:05:55+00:00\",\"dateModified\":\"2021-07-05T14:03:11+00:00\",\"breadcrumb\":{\"@id\":\"https:\\\/\\\/dispotech.ch\\\/fr\\\/prodotto\\\/film-adhesif-de-protection-equipements-et-surface\\\/#breadcrumb\"},\"inLanguage\":\"fr-FR\",\"potentialAction\":[{\"@type\":\"ReadAction\",\"target\":[\"https:\\\/\\\/dispotech.ch\\\/fr\\\/prodotto\\\/film-adhesif-de-protection-equipements-et-surface\\\/\"]}]},{\"@type\":\"ImageObject\",\"inLanguage\":\"fr-FR\",\"@id\":\"https:\\\/\\\/dispotech.ch\\\/fr\\\/prodotto\\\/film-adhesif-de-protection-equipements-et-surface\\\/#primaryimage\",\"url\":\"https:\\\/\\\/dispotech.ch\\\/wp-content\\\/uploads\\\/2021\\\/06\\\/Barrierfilm-copertina-scaled.jpg\",\"contentUrl\":\"https:\\\/\\\/dispotech.ch\\\/wp-content\\\/uploads\\\/2021\\\/06\\\/Barrierfilm-copertina-scaled.jpg\",\"width\":2560,\"height\":1920},{\"@type\":\"BreadcrumbList\",\"@id\":\"https:\\\/\\\/dispotech.ch\\\/fr\\\/prodotto\\\/film-adhesif-de-protection-equipements-et-surface\\\/#breadcrumb\",\"itemListElement\":[{\"@type\":\"ListItem\",\"position\":1,\"name\":\"Home\",\"item\":\"https:\\\/\\\/dispotech.ch\\\/fr\\\/\"},{\"@type\":\"ListItem\",\"position\":2,\"name\":\"Shop\",\"item\":\"https:\\\/\\\/dispotech.ch\\\/fr\\\/shop-2\\\/\"},{\"@type\":\"ListItem\",\"position\":3,\"name\":\"Film Adh\u00e9sif de protection \u00e9quipements et surface\"}]},{\"@type\":\"WebSite\",\"@id\":\"https:\\\/\\\/dispotech.ch\\\/#website\",\"url\":\"https:\\\/\\\/dispotech.ch\\\/\",\"name\":\"Dispotech Shop\",\"description\":\"\",\"potentialAction\":[{\"@type\":\"SearchAction\",\"target\":{\"@type\":\"EntryPoint\",\"urlTemplate\":\"https:\\\/\\\/dispotech.ch\\\/?s={search_term_string}\"},\"query-input\":{\"@type\":\"PropertyValueSpecification\",\"valueRequired\":true,\"valueName\":\"search_term_string\"}}],\"inLanguage\":\"fr-FR\"}]}<\/script>\n<!-- \/ Yoast SEO plugin. -->","yoast_head_json":{"title":"Film Adh\u00e9sif de protection \u00e9quipements et surface - Dispotech Shop","robots":{"index":"index","follow":"follow","max-snippet":"max-snippet:-1","max-image-preview":"max-image-preview:large","max-video-preview":"max-video-preview:-1"},"canonical":"https:\/\/dispotech.ch\/fr\/prodotto\/film-adhesif-de-protection-equipements-et-surface\/","og_locale":"fr_FR","og_type":"article","og_title":"Film Adh\u00e9sif de protection \u00e9quipements et surface - Dispotech Shop","og_description":"La pellicule adh\u00e9sive de protection PERFECTO , rouleau de 1200 pcs, fournies dans un distributeur pratique, est id\u00e9ale pour la protection des \u00e9quipements et surfaces, et ne laisse aucun r\u00e9sidu apr\u00e8s le retrait. Box de 1200 pcs.\u00f9 Vendu en pi\u00e8ce unique.","og_url":"https:\/\/dispotech.ch\/fr\/prodotto\/film-adhesif-de-protection-equipements-et-surface\/","og_site_name":"Dispotech Shop","article_modified_time":"2021-07-05T14:03:11+00:00","og_image":[{"width":2560,"height":1920,"url":"https:\/\/dispotech.ch\/wp-content\/uploads\/2021\/06\/Barrierfilm-copertina-scaled.jpg","type":"image\/jpeg"}],"twitter_card":"summary_large_image","schema":{"@context":"https:\/\/schema.org","@graph":[{"@type":"WebPage","@id":"https:\/\/dispotech.ch\/fr\/prodotto\/film-adhesif-de-protection-equipements-et-surface\/","url":"https:\/\/dispotech.ch\/fr\/prodotto\/film-adhesif-de-protection-equipements-et-surface\/","name":"Film Adh\u00e9sif de protection \u00e9quipements et surface - Dispotech Shop","isPartOf":{"@id":"https:\/\/dispotech.ch\/#website"},"primaryImageOfPage":{"@id":"https:\/\/dispotech.ch\/fr\/prodotto\/film-adhesif-de-protection-equipements-et-surface\/#primaryimage"},"image":{"@id":"https:\/\/dispotech.ch\/fr\/prodotto\/film-adhesif-de-protection-equipements-et-surface\/#primaryimage"},"thumbnailUrl":"https:\/\/dispotech.ch\/wp-content\/uploads\/2021\/06\/Barrierfilm-copertina-scaled.jpg","datePublished":"2021-06-12T22:05:55+00:00","dateModified":"2021-07-05T14:03:11+00:00","breadcrumb":{"@id":"https:\/\/dispotech.ch\/fr\/prodotto\/film-adhesif-de-protection-equipements-et-surface\/#breadcrumb"},"inLanguage":"fr-FR","potentialAction":[{"@type":"ReadAction","target":["https:\/\/dispotech.ch\/fr\/prodotto\/film-adhesif-de-protection-equipements-et-surface\/"]}]},{"@type":"ImageObject","inLanguage":"fr-FR","@id":"https:\/\/dispotech.ch\/fr\/prodotto\/film-adhesif-de-protection-equipements-et-surface\/#primaryimage","url":"https:\/\/dispotech.ch\/wp-content\/uploads\/2021\/06\/Barrierfilm-copertina-scaled.jpg","contentUrl":"https:\/\/dispotech.ch\/wp-content\/uploads\/2021\/06\/Barrierfilm-copertina-scaled.jpg","width":2560,"height":1920},{"@type":"BreadcrumbList","@id":"https:\/\/dispotech.ch\/fr\/prodotto\/film-adhesif-de-protection-equipements-et-surface\/#breadcrumb","itemListElement":[{"@type":"ListItem","position":1,"name":"Home","item":"https:\/\/dispotech.ch\/fr\/"},{"@type":"ListItem","position":2,"name":"Shop","item":"https:\/\/dispotech.ch\/fr\/shop-2\/"},{"@type":"ListItem","position":3,"name":"Film Adh\u00e9sif de protection \u00e9quipements et surface"}]},{"@type":"WebSite","@id":"https:\/\/dispotech.ch\/#website","url":"https:\/\/dispotech.ch\/","name":"Dispotech Shop","description":"","potentialAction":[{"@type":"SearchAction","target":{"@type":"EntryPoint","urlTemplate":"https:\/\/dispotech.ch\/?s={search_term_string}"},"query-input":{"@type":"PropertyValueSpecification","valueRequired":true,"valueName":"search_term_string"}}],"inLanguage":"fr-FR"}]}},"_links":{"self":[{"href":"https:\/\/dispotech.ch\/fr\/wp-json\/wp\/v2\/product\/20780","targetHints":{"allow":["GET"]}}],"collection":[{"href":"https:\/\/dispotech.ch\/fr\/wp-json\/wp\/v2\/product"}],"about":[{"href":"https:\/\/dispotech.ch\/fr\/wp-json\/wp\/v2\/types\/product"}],"replies":[{"embeddable":true,"href":"https:\/\/dispotech.ch\/fr\/wp-json\/wp\/v2\/comments?post=20780"}],"wp:featuredmedia":[{"embeddable":true,"href":"https:\/\/dispotech.ch\/fr\/wp-json\/wp\/v2\/media\/22821"}],"wp:attachment":[{"href":"https:\/\/dispotech.ch\/fr\/wp-json\/wp\/v2\/media?parent=20780"}],"wp:term":[{"taxonomy":"product_brand","embeddable":true,"href":"https:\/\/dispotech.ch\/fr\/wp-json\/wp\/v2\/product_brand?post=20780"},{"taxonomy":"product_cat","embeddable":true,"href":"https:\/\/dispotech.ch\/fr\/wp-json\/wp\/v2\/product_cat?post=20780"},{"taxonomy":"product_tag","embeddable":true,"href":"https:\/\/dispotech.ch\/fr\/wp-json\/wp\/v2\/product_tag?post=20780"}],"curies":[{"name":"wp","href":"https:\/\/api.w.org\/{rel}","templated":true}]}}