{"id":20898,"date":"2021-06-13T00:49:41","date_gmt":"2021-06-12T22:49:41","guid":{"rendered":"https:\/\/shop.dispotech.ch\/prodotto\/coiffes\/"},"modified":"2022-06-24T18:20:54","modified_gmt":"2022-06-24T16:20:54","slug":"coiffes","status":"publish","type":"product","link":"https:\/\/dispotech.ch\/fr\/prodotto\/coiffes\/","title":{"rendered":"Coiffes"},"content":{"rendered":"","protected":false},"excerpt":{"rendered":"<p>Coiffes Perfecto rondes \u00e0 \u00e9lastique Perfecto Elastic Cap. R\u00e9alis\u00e9es en TNT 12gr\/m2, disponibles en couleurs vari\u00e9es, id\u00e9ales pour regrouper les cheveux des patients et des op\u00e9rateurs.<\/p>\n<p>Les\u00a0<strong>calots chirurgicaux \u00e0 usage unique avec lacets<\/strong>\u00a0Perfecto Laces Cap sont r\u00e9alis\u00e9s en tissu non tiss\u00e9 respirant polypropyl\u00e8ne 18 gr.\/m2.<\/p>\n<p id=\"tw-target-text\" class=\"tw-data-text tw-text-large XcVN5d tw-ta\" dir=\"ltr\" data-placeholder=\"Traduzione\"><strong><span class=\"Y2IQFc\" lang=\"fr\">Disponible en bleu, vert et vendu en bo\u00eetes de 100 pi\u00e8ces.<\/span><\/strong><\/p>\n","protected":false},"featured_media":23362,"comment_status":"open","ping_status":"closed","template":"","meta":{"_acf_changed":false},"product_brand":[],"product_cat":[286],"product_tag":[370],"class_list":{"0":"post-20898","1":"product","2":"type-product","3":"status-publish","4":"has-post-thumbnail","6":"product_cat-dental-fr","7":"product_tag-coiffes","9":"first","10":"instock","11":"taxable","12":"shipping-taxable","13":"product-type-variable"},"acf":[],"yoast_head":"<!-- This site is optimized with the Yoast SEO plugin v27.3 - https:\/\/yoast.com\/product\/yoast-seo-wordpress\/ -->\n<title>Coiffes - Dispotech Shop<\/title>\n<meta name=\"robots\" content=\"index, follow, max-snippet:-1, max-image-preview:large, max-video-preview:-1\" \/>\n<link rel=\"canonical\" href=\"https:\/\/dispotech.ch\/fr\/prodotto\/coiffes\/\" \/>\n<meta property=\"og:locale\" content=\"fr_FR\" \/>\n<meta property=\"og:type\" content=\"article\" \/>\n<meta property=\"og:title\" content=\"Coiffes - Dispotech Shop\" \/>\n<meta property=\"og:description\" content=\"Coiffes Perfecto rondes \u00e0 \u00e9lastique Perfecto Elastic Cap. R\u00e9alis\u00e9es en TNT 12gr\/m2, disponibles en couleurs vari\u00e9es, id\u00e9ales pour regrouper les cheveux des patients et des op\u00e9rateurs.  Les\u00a0calots chirurgicaux \u00e0 usage unique avec lacets\u00a0Perfecto Laces Cap sont r\u00e9alis\u00e9s en tissu non tiss\u00e9 respirant polypropyl\u00e8ne 18 gr.\/m2. Disponible en bleu, vert et vendu en bo\u00eetes de 100 pi\u00e8ces.\" \/>\n<meta property=\"og:url\" content=\"https:\/\/dispotech.ch\/fr\/prodotto\/coiffes\/\" \/>\n<meta property=\"og:site_name\" content=\"Dispotech Shop\" \/>\n<meta property=\"article:modified_time\" content=\"2022-06-24T16:20:54+00:00\" \/>\n<meta property=\"og:image\" content=\"https:\/\/dispotech.ch\/wp-content\/uploads\/2021\/06\/Cuffietta-azzurro-2-scaled.jpg\" \/>\n\t<meta property=\"og:image:width\" content=\"2560\" \/>\n\t<meta property=\"og:image:height\" content=\"1920\" \/>\n\t<meta property=\"og:image:type\" content=\"image\/jpeg\" \/>\n<meta name=\"twitter:card\" content=\"summary_large_image\" \/>\n<script type=\"application\/ld+json\" class=\"yoast-schema-graph\">{\"@context\":\"https:\\\/\\\/schema.org\",\"@graph\":[{\"@type\":\"WebPage\",\"@id\":\"https:\\\/\\\/dispotech.ch\\\/fr\\\/prodotto\\\/coiffes\\\/\",\"url\":\"https:\\\/\\\/dispotech.ch\\\/fr\\\/prodotto\\\/coiffes\\\/\",\"name\":\"Coiffes - Dispotech Shop\",\"isPartOf\":{\"@id\":\"https:\\\/\\\/dispotech.ch\\\/#website\"},\"primaryImageOfPage\":{\"@id\":\"https:\\\/\\\/dispotech.ch\\\/fr\\\/prodotto\\\/coiffes\\\/#primaryimage\"},\"image\":{\"@id\":\"https:\\\/\\\/dispotech.ch\\\/fr\\\/prodotto\\\/coiffes\\\/#primaryimage\"},\"thumbnailUrl\":\"https:\\\/\\\/dispotech.ch\\\/wp-content\\\/uploads\\\/2021\\\/06\\\/Cuffietta-azzurro-2-scaled.jpg\",\"datePublished\":\"2021-06-12T22:49:41+00:00\",\"dateModified\":\"2022-06-24T16:20:54+00:00\",\"breadcrumb\":{\"@id\":\"https:\\\/\\\/dispotech.ch\\\/fr\\\/prodotto\\\/coiffes\\\/#breadcrumb\"},\"inLanguage\":\"fr-FR\",\"potentialAction\":[{\"@type\":\"ReadAction\",\"target\":[\"https:\\\/\\\/dispotech.ch\\\/fr\\\/prodotto\\\/coiffes\\\/\"]}]},{\"@type\":\"ImageObject\",\"inLanguage\":\"fr-FR\",\"@id\":\"https:\\\/\\\/dispotech.ch\\\/fr\\\/prodotto\\\/coiffes\\\/#primaryimage\",\"url\":\"https:\\\/\\\/dispotech.ch\\\/wp-content\\\/uploads\\\/2021\\\/06\\\/Cuffietta-azzurro-2-scaled.jpg\",\"contentUrl\":\"https:\\\/\\\/dispotech.ch\\\/wp-content\\\/uploads\\\/2021\\\/06\\\/Cuffietta-azzurro-2-scaled.jpg\",\"width\":2560,\"height\":1920},{\"@type\":\"BreadcrumbList\",\"@id\":\"https:\\\/\\\/dispotech.ch\\\/fr\\\/prodotto\\\/coiffes\\\/#breadcrumb\",\"itemListElement\":[{\"@type\":\"ListItem\",\"position\":1,\"name\":\"Home\",\"item\":\"https:\\\/\\\/dispotech.ch\\\/fr\\\/\"},{\"@type\":\"ListItem\",\"position\":2,\"name\":\"Shop\",\"item\":\"https:\\\/\\\/dispotech.ch\\\/fr\\\/shop-2\\\/\"},{\"@type\":\"ListItem\",\"position\":3,\"name\":\"Coiffes\"}]},{\"@type\":\"WebSite\",\"@id\":\"https:\\\/\\\/dispotech.ch\\\/#website\",\"url\":\"https:\\\/\\\/dispotech.ch\\\/\",\"name\":\"Dispotech Shop\",\"description\":\"\",\"potentialAction\":[{\"@type\":\"SearchAction\",\"target\":{\"@type\":\"EntryPoint\",\"urlTemplate\":\"https:\\\/\\\/dispotech.ch\\\/?s={search_term_string}\"},\"query-input\":{\"@type\":\"PropertyValueSpecification\",\"valueRequired\":true,\"valueName\":\"search_term_string\"}}],\"inLanguage\":\"fr-FR\"}]}<\/script>\n<!-- \/ Yoast SEO plugin. -->","yoast_head_json":{"title":"Coiffes - Dispotech Shop","robots":{"index":"index","follow":"follow","max-snippet":"max-snippet:-1","max-image-preview":"max-image-preview:large","max-video-preview":"max-video-preview:-1"},"canonical":"https:\/\/dispotech.ch\/fr\/prodotto\/coiffes\/","og_locale":"fr_FR","og_type":"article","og_title":"Coiffes - Dispotech Shop","og_description":"Coiffes Perfecto rondes \u00e0 \u00e9lastique Perfecto Elastic Cap. R\u00e9alis\u00e9es en TNT 12gr\/m2, disponibles en couleurs vari\u00e9es, id\u00e9ales pour regrouper les cheveux des patients et des op\u00e9rateurs.  Les\u00a0calots chirurgicaux \u00e0 usage unique avec lacets\u00a0Perfecto Laces Cap sont r\u00e9alis\u00e9s en tissu non tiss\u00e9 respirant polypropyl\u00e8ne 18 gr.\/m2. Disponible en bleu, vert et vendu en bo\u00eetes de 100 pi\u00e8ces.","og_url":"https:\/\/dispotech.ch\/fr\/prodotto\/coiffes\/","og_site_name":"Dispotech Shop","article_modified_time":"2022-06-24T16:20:54+00:00","og_image":[{"width":2560,"height":1920,"url":"https:\/\/dispotech.ch\/wp-content\/uploads\/2021\/06\/Cuffietta-azzurro-2-scaled.jpg","type":"image\/jpeg"}],"twitter_card":"summary_large_image","schema":{"@context":"https:\/\/schema.org","@graph":[{"@type":"WebPage","@id":"https:\/\/dispotech.ch\/fr\/prodotto\/coiffes\/","url":"https:\/\/dispotech.ch\/fr\/prodotto\/coiffes\/","name":"Coiffes - Dispotech Shop","isPartOf":{"@id":"https:\/\/dispotech.ch\/#website"},"primaryImageOfPage":{"@id":"https:\/\/dispotech.ch\/fr\/prodotto\/coiffes\/#primaryimage"},"image":{"@id":"https:\/\/dispotech.ch\/fr\/prodotto\/coiffes\/#primaryimage"},"thumbnailUrl":"https:\/\/dispotech.ch\/wp-content\/uploads\/2021\/06\/Cuffietta-azzurro-2-scaled.jpg","datePublished":"2021-06-12T22:49:41+00:00","dateModified":"2022-06-24T16:20:54+00:00","breadcrumb":{"@id":"https:\/\/dispotech.ch\/fr\/prodotto\/coiffes\/#breadcrumb"},"inLanguage":"fr-FR","potentialAction":[{"@type":"ReadAction","target":["https:\/\/dispotech.ch\/fr\/prodotto\/coiffes\/"]}]},{"@type":"ImageObject","inLanguage":"fr-FR","@id":"https:\/\/dispotech.ch\/fr\/prodotto\/coiffes\/#primaryimage","url":"https:\/\/dispotech.ch\/wp-content\/uploads\/2021\/06\/Cuffietta-azzurro-2-scaled.jpg","contentUrl":"https:\/\/dispotech.ch\/wp-content\/uploads\/2021\/06\/Cuffietta-azzurro-2-scaled.jpg","width":2560,"height":1920},{"@type":"BreadcrumbList","@id":"https:\/\/dispotech.ch\/fr\/prodotto\/coiffes\/#breadcrumb","itemListElement":[{"@type":"ListItem","position":1,"name":"Home","item":"https:\/\/dispotech.ch\/fr\/"},{"@type":"ListItem","position":2,"name":"Shop","item":"https:\/\/dispotech.ch\/fr\/shop-2\/"},{"@type":"ListItem","position":3,"name":"Coiffes"}]},{"@type":"WebSite","@id":"https:\/\/dispotech.ch\/#website","url":"https:\/\/dispotech.ch\/","name":"Dispotech Shop","description":"","potentialAction":[{"@type":"SearchAction","target":{"@type":"EntryPoint","urlTemplate":"https:\/\/dispotech.ch\/?s={search_term_string}"},"query-input":{"@type":"PropertyValueSpecification","valueRequired":true,"valueName":"search_term_string"}}],"inLanguage":"fr-FR"}]}},"_links":{"self":[{"href":"https:\/\/dispotech.ch\/fr\/wp-json\/wp\/v2\/product\/20898","targetHints":{"allow":["GET"]}}],"collection":[{"href":"https:\/\/dispotech.ch\/fr\/wp-json\/wp\/v2\/product"}],"about":[{"href":"https:\/\/dispotech.ch\/fr\/wp-json\/wp\/v2\/types\/product"}],"replies":[{"embeddable":true,"href":"https:\/\/dispotech.ch\/fr\/wp-json\/wp\/v2\/comments?post=20898"}],"wp:featuredmedia":[{"embeddable":true,"href":"https:\/\/dispotech.ch\/fr\/wp-json\/wp\/v2\/media\/23362"}],"wp:attachment":[{"href":"https:\/\/dispotech.ch\/fr\/wp-json\/wp\/v2\/media?parent=20898"}],"wp:term":[{"taxonomy":"product_brand","embeddable":true,"href":"https:\/\/dispotech.ch\/fr\/wp-json\/wp\/v2\/product_brand?post=20898"},{"taxonomy":"product_cat","embeddable":true,"href":"https:\/\/dispotech.ch\/fr\/wp-json\/wp\/v2\/product_cat?post=20898"},{"taxonomy":"product_tag","embeddable":true,"href":"https:\/\/dispotech.ch\/fr\/wp-json\/wp\/v2\/product_tag?post=20898"}],"curies":[{"name":"wp","href":"https:\/\/api.w.org\/{rel}","templated":true}]}}