{"id":20928,"date":"2021-06-14T09:02:21","date_gmt":"2021-06-14T07:02:21","guid":{"rendered":"https:\/\/shop.dispotech.ch\/prodotto\/20928\/"},"modified":"2021-07-05T16:04:01","modified_gmt":"2021-07-05T14:04:01","slug":"ortho-bite-box","status":"publish","type":"product","link":"https:\/\/dispotech.ch\/fr\/prodotto\/ortho-bite-box\/","title":{"rendered":"Ortho Bite &#038; Box"},"content":{"rendered":"","protected":false},"excerpt":{"rendered":"<p>PERFECTO ORTHO BITE est une bo\u00eete \u00e0 goutti\u00e8re pratique et fonctionnelle pour transporter des appareils orthodontiques, des morsures ou des braquets fonctionnels. Taille par pi\u00e8ce (78x76x30) mm.<\/p>\n<p>PERFECTO ORTHO BOX est une bo\u00eete \u00e0 proth\u00e8ses pratique et fonctionnelle pour transporter des appareils orthodontiques, des morsures ou des braquets fonctionnels.\u00a0 Taille par pi\u00e8ce (65x76x40) mm.<\/p>\n<p id=\"tw-target-text\" class=\"tw-data-text tw-text-large XcVN5d tw-ta\" dir=\"ltr\" data-placeholder=\"Traduzione\"><strong><span class=\"Y2IQFc\" lang=\"fr\">Vendu en bo\u00eetes de 20 pi\u00e8ces et couleurs m\u00e9lang\u00e9es.<\/span><\/strong><\/p>\n","protected":false},"featured_media":22809,"comment_status":"open","ping_status":"closed","template":"","meta":{"_acf_changed":false},"product_brand":[],"product_cat":[286],"product_tag":[377,378],"class_list":{"0":"post-20928","1":"product","2":"type-product","3":"status-publish","4":"has-post-thumbnail","6":"product_cat-dental-fr","7":"product_tag-bite-fr","8":"product_tag-box-fr","10":"first","11":"instock","12":"taxable","13":"shipping-taxable","14":"product-type-variable"},"acf":[],"yoast_head":"<!-- This site is optimized with the Yoast SEO plugin v27.3 - https:\/\/yoast.com\/product\/yoast-seo-wordpress\/ -->\n<title>Ortho Bite &amp; Box - Dispotech Shop<\/title>\n<meta name=\"robots\" content=\"index, follow, max-snippet:-1, max-image-preview:large, max-video-preview:-1\" \/>\n<link rel=\"canonical\" href=\"https:\/\/dispotech.ch\/fr\/prodotto\/ortho-bite-box\/\" \/>\n<meta property=\"og:locale\" content=\"fr_FR\" \/>\n<meta property=\"og:type\" content=\"article\" \/>\n<meta property=\"og:title\" content=\"Ortho Bite &amp; Box - Dispotech Shop\" \/>\n<meta property=\"og:description\" content=\"PERFECTO ORTHO BITE est une bo\u00eete \u00e0 goutti\u00e8re pratique et fonctionnelle pour transporter des appareils orthodontiques, des morsures ou des braquets fonctionnels. Taille par pi\u00e8ce (78x76x30) mm.  PERFECTO ORTHO BOX est une bo\u00eete \u00e0 proth\u00e8ses pratique et fonctionnelle pour transporter des appareils orthodontiques, des morsures ou des braquets fonctionnels.\u00a0 Taille par pi\u00e8ce (65x76x40) mm. Vendu en bo\u00eetes de 20 pi\u00e8ces et couleurs m\u00e9lang\u00e9es.\" \/>\n<meta property=\"og:url\" content=\"https:\/\/dispotech.ch\/fr\/prodotto\/ortho-bite-box\/\" \/>\n<meta property=\"og:site_name\" content=\"Dispotech Shop\" \/>\n<meta property=\"article:modified_time\" content=\"2021-07-05T14:04:01+00:00\" \/>\n<meta property=\"og:image\" content=\"https:\/\/dispotech.ch\/wp-content\/uploads\/2021\/06\/Orthobitebox-copertina-scaled.jpg\" \/>\n\t<meta property=\"og:image:width\" content=\"2560\" \/>\n\t<meta property=\"og:image:height\" content=\"1920\" \/>\n\t<meta property=\"og:image:type\" content=\"image\/jpeg\" \/>\n<meta name=\"twitter:card\" content=\"summary_large_image\" \/>\n<script type=\"application\/ld+json\" class=\"yoast-schema-graph\">{\"@context\":\"https:\\\/\\\/schema.org\",\"@graph\":[{\"@type\":\"WebPage\",\"@id\":\"https:\\\/\\\/dispotech.ch\\\/fr\\\/prodotto\\\/ortho-bite-box\\\/\",\"url\":\"https:\\\/\\\/dispotech.ch\\\/fr\\\/prodotto\\\/ortho-bite-box\\\/\",\"name\":\"Ortho Bite & Box - Dispotech Shop\",\"isPartOf\":{\"@id\":\"https:\\\/\\\/dispotech.ch\\\/#website\"},\"primaryImageOfPage\":{\"@id\":\"https:\\\/\\\/dispotech.ch\\\/fr\\\/prodotto\\\/ortho-bite-box\\\/#primaryimage\"},\"image\":{\"@id\":\"https:\\\/\\\/dispotech.ch\\\/fr\\\/prodotto\\\/ortho-bite-box\\\/#primaryimage\"},\"thumbnailUrl\":\"https:\\\/\\\/dispotech.ch\\\/wp-content\\\/uploads\\\/2021\\\/06\\\/Orthobitebox-copertina-scaled.jpg\",\"datePublished\":\"2021-06-14T07:02:21+00:00\",\"dateModified\":\"2021-07-05T14:04:01+00:00\",\"breadcrumb\":{\"@id\":\"https:\\\/\\\/dispotech.ch\\\/fr\\\/prodotto\\\/ortho-bite-box\\\/#breadcrumb\"},\"inLanguage\":\"fr-FR\",\"potentialAction\":[{\"@type\":\"ReadAction\",\"target\":[\"https:\\\/\\\/dispotech.ch\\\/fr\\\/prodotto\\\/ortho-bite-box\\\/\"]}]},{\"@type\":\"ImageObject\",\"inLanguage\":\"fr-FR\",\"@id\":\"https:\\\/\\\/dispotech.ch\\\/fr\\\/prodotto\\\/ortho-bite-box\\\/#primaryimage\",\"url\":\"https:\\\/\\\/dispotech.ch\\\/wp-content\\\/uploads\\\/2021\\\/06\\\/Orthobitebox-copertina-scaled.jpg\",\"contentUrl\":\"https:\\\/\\\/dispotech.ch\\\/wp-content\\\/uploads\\\/2021\\\/06\\\/Orthobitebox-copertina-scaled.jpg\",\"width\":2560,\"height\":1920},{\"@type\":\"BreadcrumbList\",\"@id\":\"https:\\\/\\\/dispotech.ch\\\/fr\\\/prodotto\\\/ortho-bite-box\\\/#breadcrumb\",\"itemListElement\":[{\"@type\":\"ListItem\",\"position\":1,\"name\":\"Home\",\"item\":\"https:\\\/\\\/dispotech.ch\\\/fr\\\/\"},{\"@type\":\"ListItem\",\"position\":2,\"name\":\"Shop\",\"item\":\"https:\\\/\\\/dispotech.ch\\\/fr\\\/shop-2\\\/\"},{\"@type\":\"ListItem\",\"position\":3,\"name\":\"Ortho Bite &#038; Box\"}]},{\"@type\":\"WebSite\",\"@id\":\"https:\\\/\\\/dispotech.ch\\\/#website\",\"url\":\"https:\\\/\\\/dispotech.ch\\\/\",\"name\":\"Dispotech Shop\",\"description\":\"\",\"potentialAction\":[{\"@type\":\"SearchAction\",\"target\":{\"@type\":\"EntryPoint\",\"urlTemplate\":\"https:\\\/\\\/dispotech.ch\\\/?s={search_term_string}\"},\"query-input\":{\"@type\":\"PropertyValueSpecification\",\"valueRequired\":true,\"valueName\":\"search_term_string\"}}],\"inLanguage\":\"fr-FR\"}]}<\/script>\n<!-- \/ Yoast SEO plugin. -->","yoast_head_json":{"title":"Ortho Bite & Box - Dispotech Shop","robots":{"index":"index","follow":"follow","max-snippet":"max-snippet:-1","max-image-preview":"max-image-preview:large","max-video-preview":"max-video-preview:-1"},"canonical":"https:\/\/dispotech.ch\/fr\/prodotto\/ortho-bite-box\/","og_locale":"fr_FR","og_type":"article","og_title":"Ortho Bite & Box - Dispotech Shop","og_description":"PERFECTO ORTHO BITE est une bo\u00eete \u00e0 goutti\u00e8re pratique et fonctionnelle pour transporter des appareils orthodontiques, des morsures ou des braquets fonctionnels. Taille par pi\u00e8ce (78x76x30) mm.  PERFECTO ORTHO BOX est une bo\u00eete \u00e0 proth\u00e8ses pratique et fonctionnelle pour transporter des appareils orthodontiques, des morsures ou des braquets fonctionnels.\u00a0 Taille par pi\u00e8ce (65x76x40) mm. Vendu en bo\u00eetes de 20 pi\u00e8ces et couleurs m\u00e9lang\u00e9es.","og_url":"https:\/\/dispotech.ch\/fr\/prodotto\/ortho-bite-box\/","og_site_name":"Dispotech Shop","article_modified_time":"2021-07-05T14:04:01+00:00","og_image":[{"width":2560,"height":1920,"url":"https:\/\/dispotech.ch\/wp-content\/uploads\/2021\/06\/Orthobitebox-copertina-scaled.jpg","type":"image\/jpeg"}],"twitter_card":"summary_large_image","schema":{"@context":"https:\/\/schema.org","@graph":[{"@type":"WebPage","@id":"https:\/\/dispotech.ch\/fr\/prodotto\/ortho-bite-box\/","url":"https:\/\/dispotech.ch\/fr\/prodotto\/ortho-bite-box\/","name":"Ortho Bite & Box - Dispotech Shop","isPartOf":{"@id":"https:\/\/dispotech.ch\/#website"},"primaryImageOfPage":{"@id":"https:\/\/dispotech.ch\/fr\/prodotto\/ortho-bite-box\/#primaryimage"},"image":{"@id":"https:\/\/dispotech.ch\/fr\/prodotto\/ortho-bite-box\/#primaryimage"},"thumbnailUrl":"https:\/\/dispotech.ch\/wp-content\/uploads\/2021\/06\/Orthobitebox-copertina-scaled.jpg","datePublished":"2021-06-14T07:02:21+00:00","dateModified":"2021-07-05T14:04:01+00:00","breadcrumb":{"@id":"https:\/\/dispotech.ch\/fr\/prodotto\/ortho-bite-box\/#breadcrumb"},"inLanguage":"fr-FR","potentialAction":[{"@type":"ReadAction","target":["https:\/\/dispotech.ch\/fr\/prodotto\/ortho-bite-box\/"]}]},{"@type":"ImageObject","inLanguage":"fr-FR","@id":"https:\/\/dispotech.ch\/fr\/prodotto\/ortho-bite-box\/#primaryimage","url":"https:\/\/dispotech.ch\/wp-content\/uploads\/2021\/06\/Orthobitebox-copertina-scaled.jpg","contentUrl":"https:\/\/dispotech.ch\/wp-content\/uploads\/2021\/06\/Orthobitebox-copertina-scaled.jpg","width":2560,"height":1920},{"@type":"BreadcrumbList","@id":"https:\/\/dispotech.ch\/fr\/prodotto\/ortho-bite-box\/#breadcrumb","itemListElement":[{"@type":"ListItem","position":1,"name":"Home","item":"https:\/\/dispotech.ch\/fr\/"},{"@type":"ListItem","position":2,"name":"Shop","item":"https:\/\/dispotech.ch\/fr\/shop-2\/"},{"@type":"ListItem","position":3,"name":"Ortho Bite &#038; Box"}]},{"@type":"WebSite","@id":"https:\/\/dispotech.ch\/#website","url":"https:\/\/dispotech.ch\/","name":"Dispotech Shop","description":"","potentialAction":[{"@type":"SearchAction","target":{"@type":"EntryPoint","urlTemplate":"https:\/\/dispotech.ch\/?s={search_term_string}"},"query-input":{"@type":"PropertyValueSpecification","valueRequired":true,"valueName":"search_term_string"}}],"inLanguage":"fr-FR"}]}},"_links":{"self":[{"href":"https:\/\/dispotech.ch\/fr\/wp-json\/wp\/v2\/product\/20928","targetHints":{"allow":["GET"]}}],"collection":[{"href":"https:\/\/dispotech.ch\/fr\/wp-json\/wp\/v2\/product"}],"about":[{"href":"https:\/\/dispotech.ch\/fr\/wp-json\/wp\/v2\/types\/product"}],"replies":[{"embeddable":true,"href":"https:\/\/dispotech.ch\/fr\/wp-json\/wp\/v2\/comments?post=20928"}],"wp:featuredmedia":[{"embeddable":true,"href":"https:\/\/dispotech.ch\/fr\/wp-json\/wp\/v2\/media\/22809"}],"wp:attachment":[{"href":"https:\/\/dispotech.ch\/fr\/wp-json\/wp\/v2\/media?parent=20928"}],"wp:term":[{"taxonomy":"product_brand","embeddable":true,"href":"https:\/\/dispotech.ch\/fr\/wp-json\/wp\/v2\/product_brand?post=20928"},{"taxonomy":"product_cat","embeddable":true,"href":"https:\/\/dispotech.ch\/fr\/wp-json\/wp\/v2\/product_cat?post=20928"},{"taxonomy":"product_tag","embeddable":true,"href":"https:\/\/dispotech.ch\/fr\/wp-json\/wp\/v2\/product_tag?post=20928"}],"curies":[{"name":"wp","href":"https:\/\/api.w.org\/{rel}","templated":true}]}}