{"id":20942,"date":"2021-06-14T09:12:14","date_gmt":"2021-06-14T07:12:14","guid":{"rendered":"https:\/\/shop.dispotech.ch\/prodotto\/20942\/"},"modified":"2021-07-05T16:03:37","modified_gmt":"2021-07-05T14:03:37","slug":"denture-box","status":"publish","type":"product","link":"https:\/\/dispotech.ch\/fr\/prodotto\/denture-box\/","title":{"rendered":"Denture Box"},"content":{"rendered":"","protected":false},"excerpt":{"rendered":"<p>Dispotech met \u00e0 disposition Perfecto DENTURE BOX, les bo\u00eetes orthodontiques et porte-proth\u00e8se pour assurer le nettoyage de tous les types de proth\u00e8ses et appareils. Disponibles dans une vaste gamme de couleurs, elles peuvent contenir simultan\u00e9ment une proth\u00e8se sup\u00e9rieure et une inf\u00e9rieure. Les bo\u00eetes sont dot\u00e9es aussi d&rsquo;un filtre interne.<\/p>\n<p><strong>Vendu par bo\u00eetes de 20 et couleurs m\u00e9lang\u00e9es.<\/strong><\/p>\n<p>&nbsp;<\/p>\n","protected":false},"featured_media":22812,"comment_status":"open","ping_status":"closed","template":"","meta":{"_acf_changed":false},"product_brand":[],"product_cat":[286],"product_tag":[378,382],"class_list":{"0":"post-20942","1":"product","2":"type-product","3":"status-publish","4":"has-post-thumbnail","6":"product_cat-dental-fr","7":"product_tag-box-fr","8":"product_tag-denture-fr","10":"first","11":"instock","12":"taxable","13":"shipping-taxable","14":"purchasable","15":"product-type-simple"},"acf":[],"yoast_head":"<!-- This site is optimized with the Yoast SEO plugin v27.3 - https:\/\/yoast.com\/product\/yoast-seo-wordpress\/ -->\n<title>Denture Box - Dispotech Shop<\/title>\n<meta name=\"robots\" content=\"index, follow, max-snippet:-1, max-image-preview:large, max-video-preview:-1\" \/>\n<link rel=\"canonical\" href=\"https:\/\/dispotech.ch\/fr\/prodotto\/denture-box\/\" \/>\n<meta property=\"og:locale\" content=\"fr_FR\" \/>\n<meta property=\"og:type\" content=\"article\" \/>\n<meta property=\"og:title\" content=\"Denture Box - Dispotech Shop\" \/>\n<meta property=\"og:description\" content=\"Dispotech met \u00e0 disposition Perfecto DENTURE BOX, les bo\u00eetes orthodontiques et porte-proth\u00e8se pour assurer le nettoyage de tous les types de proth\u00e8ses et appareils. Disponibles dans une vaste gamme de couleurs, elles peuvent contenir simultan\u00e9ment une proth\u00e8se sup\u00e9rieure et une inf\u00e9rieure. Les bo\u00eetes sont dot\u00e9es aussi d&#039;un filtre interne.  Vendu par bo\u00eetes de 20 et couleurs m\u00e9lang\u00e9es.  &nbsp;\" \/>\n<meta property=\"og:url\" content=\"https:\/\/dispotech.ch\/fr\/prodotto\/denture-box\/\" \/>\n<meta property=\"og:site_name\" content=\"Dispotech Shop\" \/>\n<meta property=\"article:modified_time\" content=\"2021-07-05T14:03:37+00:00\" \/>\n<meta property=\"og:image\" content=\"https:\/\/dispotech.ch\/wp-content\/uploads\/2021\/06\/Denturebox-Copertina-scaled.jpg\" \/>\n\t<meta property=\"og:image:width\" content=\"2560\" \/>\n\t<meta property=\"og:image:height\" content=\"1920\" \/>\n\t<meta property=\"og:image:type\" content=\"image\/jpeg\" \/>\n<meta name=\"twitter:card\" content=\"summary_large_image\" \/>\n<script type=\"application\/ld+json\" class=\"yoast-schema-graph\">{\"@context\":\"https:\\\/\\\/schema.org\",\"@graph\":[{\"@type\":\"WebPage\",\"@id\":\"https:\\\/\\\/dispotech.ch\\\/fr\\\/prodotto\\\/denture-box\\\/\",\"url\":\"https:\\\/\\\/dispotech.ch\\\/fr\\\/prodotto\\\/denture-box\\\/\",\"name\":\"Denture Box - Dispotech Shop\",\"isPartOf\":{\"@id\":\"https:\\\/\\\/dispotech.ch\\\/#website\"},\"primaryImageOfPage\":{\"@id\":\"https:\\\/\\\/dispotech.ch\\\/fr\\\/prodotto\\\/denture-box\\\/#primaryimage\"},\"image\":{\"@id\":\"https:\\\/\\\/dispotech.ch\\\/fr\\\/prodotto\\\/denture-box\\\/#primaryimage\"},\"thumbnailUrl\":\"https:\\\/\\\/dispotech.ch\\\/wp-content\\\/uploads\\\/2021\\\/06\\\/Denturebox-Copertina-scaled.jpg\",\"datePublished\":\"2021-06-14T07:12:14+00:00\",\"dateModified\":\"2021-07-05T14:03:37+00:00\",\"breadcrumb\":{\"@id\":\"https:\\\/\\\/dispotech.ch\\\/fr\\\/prodotto\\\/denture-box\\\/#breadcrumb\"},\"inLanguage\":\"fr-FR\",\"potentialAction\":[{\"@type\":\"ReadAction\",\"target\":[\"https:\\\/\\\/dispotech.ch\\\/fr\\\/prodotto\\\/denture-box\\\/\"]}]},{\"@type\":\"ImageObject\",\"inLanguage\":\"fr-FR\",\"@id\":\"https:\\\/\\\/dispotech.ch\\\/fr\\\/prodotto\\\/denture-box\\\/#primaryimage\",\"url\":\"https:\\\/\\\/dispotech.ch\\\/wp-content\\\/uploads\\\/2021\\\/06\\\/Denturebox-Copertina-scaled.jpg\",\"contentUrl\":\"https:\\\/\\\/dispotech.ch\\\/wp-content\\\/uploads\\\/2021\\\/06\\\/Denturebox-Copertina-scaled.jpg\",\"width\":2560,\"height\":1920},{\"@type\":\"BreadcrumbList\",\"@id\":\"https:\\\/\\\/dispotech.ch\\\/fr\\\/prodotto\\\/denture-box\\\/#breadcrumb\",\"itemListElement\":[{\"@type\":\"ListItem\",\"position\":1,\"name\":\"Home\",\"item\":\"https:\\\/\\\/dispotech.ch\\\/fr\\\/\"},{\"@type\":\"ListItem\",\"position\":2,\"name\":\"Shop\",\"item\":\"https:\\\/\\\/dispotech.ch\\\/fr\\\/shop-2\\\/\"},{\"@type\":\"ListItem\",\"position\":3,\"name\":\"Denture Box\"}]},{\"@type\":\"WebSite\",\"@id\":\"https:\\\/\\\/dispotech.ch\\\/#website\",\"url\":\"https:\\\/\\\/dispotech.ch\\\/\",\"name\":\"Dispotech Shop\",\"description\":\"\",\"potentialAction\":[{\"@type\":\"SearchAction\",\"target\":{\"@type\":\"EntryPoint\",\"urlTemplate\":\"https:\\\/\\\/dispotech.ch\\\/?s={search_term_string}\"},\"query-input\":{\"@type\":\"PropertyValueSpecification\",\"valueRequired\":true,\"valueName\":\"search_term_string\"}}],\"inLanguage\":\"fr-FR\"}]}<\/script>\n<!-- \/ Yoast SEO plugin. -->","yoast_head_json":{"title":"Denture Box - Dispotech Shop","robots":{"index":"index","follow":"follow","max-snippet":"max-snippet:-1","max-image-preview":"max-image-preview:large","max-video-preview":"max-video-preview:-1"},"canonical":"https:\/\/dispotech.ch\/fr\/prodotto\/denture-box\/","og_locale":"fr_FR","og_type":"article","og_title":"Denture Box - Dispotech Shop","og_description":"Dispotech met \u00e0 disposition Perfecto DENTURE BOX, les bo\u00eetes orthodontiques et porte-proth\u00e8se pour assurer le nettoyage de tous les types de proth\u00e8ses et appareils. Disponibles dans une vaste gamme de couleurs, elles peuvent contenir simultan\u00e9ment une proth\u00e8se sup\u00e9rieure et une inf\u00e9rieure. Les bo\u00eetes sont dot\u00e9es aussi d'un filtre interne.  Vendu par bo\u00eetes de 20 et couleurs m\u00e9lang\u00e9es.  &nbsp;","og_url":"https:\/\/dispotech.ch\/fr\/prodotto\/denture-box\/","og_site_name":"Dispotech Shop","article_modified_time":"2021-07-05T14:03:37+00:00","og_image":[{"width":2560,"height":1920,"url":"https:\/\/dispotech.ch\/wp-content\/uploads\/2021\/06\/Denturebox-Copertina-scaled.jpg","type":"image\/jpeg"}],"twitter_card":"summary_large_image","schema":{"@context":"https:\/\/schema.org","@graph":[{"@type":"WebPage","@id":"https:\/\/dispotech.ch\/fr\/prodotto\/denture-box\/","url":"https:\/\/dispotech.ch\/fr\/prodotto\/denture-box\/","name":"Denture Box - Dispotech Shop","isPartOf":{"@id":"https:\/\/dispotech.ch\/#website"},"primaryImageOfPage":{"@id":"https:\/\/dispotech.ch\/fr\/prodotto\/denture-box\/#primaryimage"},"image":{"@id":"https:\/\/dispotech.ch\/fr\/prodotto\/denture-box\/#primaryimage"},"thumbnailUrl":"https:\/\/dispotech.ch\/wp-content\/uploads\/2021\/06\/Denturebox-Copertina-scaled.jpg","datePublished":"2021-06-14T07:12:14+00:00","dateModified":"2021-07-05T14:03:37+00:00","breadcrumb":{"@id":"https:\/\/dispotech.ch\/fr\/prodotto\/denture-box\/#breadcrumb"},"inLanguage":"fr-FR","potentialAction":[{"@type":"ReadAction","target":["https:\/\/dispotech.ch\/fr\/prodotto\/denture-box\/"]}]},{"@type":"ImageObject","inLanguage":"fr-FR","@id":"https:\/\/dispotech.ch\/fr\/prodotto\/denture-box\/#primaryimage","url":"https:\/\/dispotech.ch\/wp-content\/uploads\/2021\/06\/Denturebox-Copertina-scaled.jpg","contentUrl":"https:\/\/dispotech.ch\/wp-content\/uploads\/2021\/06\/Denturebox-Copertina-scaled.jpg","width":2560,"height":1920},{"@type":"BreadcrumbList","@id":"https:\/\/dispotech.ch\/fr\/prodotto\/denture-box\/#breadcrumb","itemListElement":[{"@type":"ListItem","position":1,"name":"Home","item":"https:\/\/dispotech.ch\/fr\/"},{"@type":"ListItem","position":2,"name":"Shop","item":"https:\/\/dispotech.ch\/fr\/shop-2\/"},{"@type":"ListItem","position":3,"name":"Denture Box"}]},{"@type":"WebSite","@id":"https:\/\/dispotech.ch\/#website","url":"https:\/\/dispotech.ch\/","name":"Dispotech Shop","description":"","potentialAction":[{"@type":"SearchAction","target":{"@type":"EntryPoint","urlTemplate":"https:\/\/dispotech.ch\/?s={search_term_string}"},"query-input":{"@type":"PropertyValueSpecification","valueRequired":true,"valueName":"search_term_string"}}],"inLanguage":"fr-FR"}]}},"_links":{"self":[{"href":"https:\/\/dispotech.ch\/fr\/wp-json\/wp\/v2\/product\/20942","targetHints":{"allow":["GET"]}}],"collection":[{"href":"https:\/\/dispotech.ch\/fr\/wp-json\/wp\/v2\/product"}],"about":[{"href":"https:\/\/dispotech.ch\/fr\/wp-json\/wp\/v2\/types\/product"}],"replies":[{"embeddable":true,"href":"https:\/\/dispotech.ch\/fr\/wp-json\/wp\/v2\/comments?post=20942"}],"wp:featuredmedia":[{"embeddable":true,"href":"https:\/\/dispotech.ch\/fr\/wp-json\/wp\/v2\/media\/22812"}],"wp:attachment":[{"href":"https:\/\/dispotech.ch\/fr\/wp-json\/wp\/v2\/media?parent=20942"}],"wp:term":[{"taxonomy":"product_brand","embeddable":true,"href":"https:\/\/dispotech.ch\/fr\/wp-json\/wp\/v2\/product_brand?post=20942"},{"taxonomy":"product_cat","embeddable":true,"href":"https:\/\/dispotech.ch\/fr\/wp-json\/wp\/v2\/product_cat?post=20942"},{"taxonomy":"product_tag","embeddable":true,"href":"https:\/\/dispotech.ch\/fr\/wp-json\/wp\/v2\/product_tag?post=20942"}],"curies":[{"name":"wp","href":"https:\/\/api.w.org\/{rel}","templated":true}]}}