{"id":22104,"date":"2022-04-21T09:50:16","date_gmt":"2022-04-21T07:50:16","guid":{"rendered":"https:\/\/shop.dispotech.ch\/prodotto\/tunique-power-femme\/"},"modified":"2024-06-18T08:46:46","modified_gmt":"2024-06-18T06:46:46","slug":"tunique-power-femme","status":"publish","type":"product","link":"https:\/\/dispotech.ch\/fr\/prodotto\/tunique-power-femme\/","title":{"rendered":"Tunique Power Femme &#8211; Manches courtes"},"content":{"rendered":"","protected":false},"excerpt":{"rendered":"<p>La tunique Power a une coupe f\u00e9minine et ajust\u00e9e, avec une encolure en V.<br \/>\nDisponible avec des manches courtes ou longues, cette derni\u00e8re avec un revers en tricot cha\u00eene.<br \/>\n\u00c9quip\u00e9 de deux grandes poches avant, avec double couture renforc\u00e9e et compartiments stylos sur la poche droite.<br \/>\nLes deux fentes lat\u00e9rales assurent une totale libert\u00e9 de mouvement.<\/p>\n<p>Les caract\u00e9ristiques de la veste power femme :<\/p>\n<p>Microfibre douce<br \/>\nPas de repassage<br \/>\nAnti bact\u00e9rien<br \/>\n9 couleurs brillantes<br \/>\nLavable \u00e0 l&rsquo;eau de Javel ou \u00e0 90\u00b0<br \/>\n<img loading=\"lazy\" decoding=\"async\" class=\"alignnone size-full wp-image-24918\" src=\"https:\/\/dispotech.ch\/wp-content\/uploads\/2022\/04\/Immagine-2022-06-22-073302.png\" alt=\"\" width=\"463\" height=\"171\" srcset=\"https:\/\/dispotech.ch\/wp-content\/uploads\/2022\/04\/Immagine-2022-06-22-073302.png 463w, https:\/\/dispotech.ch\/wp-content\/uploads\/2022\/04\/Immagine-2022-06-22-073302-300x111.png 300w\" sizes=\"auto, (max-width: 463px) 100vw, 463px\" \/><\/p>\n","protected":false},"featured_media":24920,"comment_status":"open","ping_status":"closed","template":"","meta":{"_acf_changed":false},"product_brand":[],"product_cat":[448],"product_tag":[295,467],"class_list":{"0":"post-22104","1":"product","2":"type-product","3":"status-publish","4":"has-post-thumbnail","6":"product_cat-vetements-dentaires","7":"product_tag-dental","8":"product_tag-veste","10":"first","11":"instock","12":"taxable","13":"shipping-taxable","14":"purchasable","15":"product-type-variable"},"acf":[],"yoast_head":"<!-- This site is optimized with the Yoast SEO plugin v27.3 - https:\/\/yoast.com\/product\/yoast-seo-wordpress\/ -->\n<title>Tunique Power Femme - Manches courtes - Dispotech Shop<\/title>\n<meta name=\"robots\" content=\"index, follow, max-snippet:-1, max-image-preview:large, max-video-preview:-1\" \/>\n<link rel=\"canonical\" href=\"https:\/\/dispotech.ch\/fr\/prodotto\/tunique-power-femme\/\" \/>\n<meta property=\"og:locale\" content=\"fr_FR\" \/>\n<meta property=\"og:type\" content=\"article\" \/>\n<meta property=\"og:title\" content=\"Tunique Power Femme - Manches courtes - Dispotech Shop\" \/>\n<meta property=\"og:description\" content=\"La tunique Power a une coupe f\u00e9minine et ajust\u00e9e, avec une encolure en V. Disponible avec des manches courtes ou longues, cette derni\u00e8re avec un revers en tricot cha\u00eene. \u00c9quip\u00e9 de deux grandes poches avant, avec double couture renforc\u00e9e et compartiments stylos sur la poche droite. Les deux fentes lat\u00e9rales assurent une totale libert\u00e9 de mouvement.  Les caract\u00e9ristiques de la veste power femme :  Microfibre douce Pas de repassage Anti bact\u00e9rien 9 couleurs brillantes Lavable \u00e0 l&#039;eau de Javel ou \u00e0 90\u00b0\" \/>\n<meta property=\"og:url\" content=\"https:\/\/dispotech.ch\/fr\/prodotto\/tunique-power-femme\/\" \/>\n<meta property=\"og:site_name\" content=\"Dispotech Shop\" \/>\n<meta property=\"article:modified_time\" content=\"2024-06-18T06:46:46+00:00\" \/>\n<meta property=\"og:image\" content=\"https:\/\/dispotech.ch\/wp-content\/uploads\/2022\/04\/quick_medical_divisa_professionale_casacca_power_corta_grigio_1_donna-800x1120-1.jpg\" \/>\n\t<meta property=\"og:image:width\" content=\"800\" \/>\n\t<meta property=\"og:image:height\" content=\"1120\" \/>\n\t<meta property=\"og:image:type\" content=\"image\/jpeg\" \/>\n<meta name=\"twitter:card\" content=\"summary_large_image\" \/>\n<script type=\"application\/ld+json\" class=\"yoast-schema-graph\">{\"@context\":\"https:\\\/\\\/schema.org\",\"@graph\":[{\"@type\":\"WebPage\",\"@id\":\"https:\\\/\\\/dispotech.ch\\\/fr\\\/prodotto\\\/tunique-power-femme\\\/\",\"url\":\"https:\\\/\\\/dispotech.ch\\\/fr\\\/prodotto\\\/tunique-power-femme\\\/\",\"name\":\"Tunique Power Femme - Manches courtes - Dispotech Shop\",\"isPartOf\":{\"@id\":\"https:\\\/\\\/dispotech.ch\\\/#website\"},\"primaryImageOfPage\":{\"@id\":\"https:\\\/\\\/dispotech.ch\\\/fr\\\/prodotto\\\/tunique-power-femme\\\/#primaryimage\"},\"image\":{\"@id\":\"https:\\\/\\\/dispotech.ch\\\/fr\\\/prodotto\\\/tunique-power-femme\\\/#primaryimage\"},\"thumbnailUrl\":\"https:\\\/\\\/dispotech.ch\\\/wp-content\\\/uploads\\\/2022\\\/04\\\/quick_medical_divisa_professionale_casacca_power_corta_grigio_1_donna-800x1120-1.jpg\",\"datePublished\":\"2022-04-21T07:50:16+00:00\",\"dateModified\":\"2024-06-18T06:46:46+00:00\",\"breadcrumb\":{\"@id\":\"https:\\\/\\\/dispotech.ch\\\/fr\\\/prodotto\\\/tunique-power-femme\\\/#breadcrumb\"},\"inLanguage\":\"fr-FR\",\"potentialAction\":[{\"@type\":\"ReadAction\",\"target\":[\"https:\\\/\\\/dispotech.ch\\\/fr\\\/prodotto\\\/tunique-power-femme\\\/\"]}]},{\"@type\":\"ImageObject\",\"inLanguage\":\"fr-FR\",\"@id\":\"https:\\\/\\\/dispotech.ch\\\/fr\\\/prodotto\\\/tunique-power-femme\\\/#primaryimage\",\"url\":\"https:\\\/\\\/dispotech.ch\\\/wp-content\\\/uploads\\\/2022\\\/04\\\/quick_medical_divisa_professionale_casacca_power_corta_grigio_1_donna-800x1120-1.jpg\",\"contentUrl\":\"https:\\\/\\\/dispotech.ch\\\/wp-content\\\/uploads\\\/2022\\\/04\\\/quick_medical_divisa_professionale_casacca_power_corta_grigio_1_donna-800x1120-1.jpg\",\"width\":800,\"height\":1120},{\"@type\":\"BreadcrumbList\",\"@id\":\"https:\\\/\\\/dispotech.ch\\\/fr\\\/prodotto\\\/tunique-power-femme\\\/#breadcrumb\",\"itemListElement\":[{\"@type\":\"ListItem\",\"position\":1,\"name\":\"Home\",\"item\":\"https:\\\/\\\/dispotech.ch\\\/fr\\\/\"},{\"@type\":\"ListItem\",\"position\":2,\"name\":\"Shop\",\"item\":\"https:\\\/\\\/dispotech.ch\\\/fr\\\/shop-2\\\/\"},{\"@type\":\"ListItem\",\"position\":3,\"name\":\"Tunique Power Femme &#8211; Manches courtes\"}]},{\"@type\":\"WebSite\",\"@id\":\"https:\\\/\\\/dispotech.ch\\\/#website\",\"url\":\"https:\\\/\\\/dispotech.ch\\\/\",\"name\":\"Dispotech Shop\",\"description\":\"\",\"potentialAction\":[{\"@type\":\"SearchAction\",\"target\":{\"@type\":\"EntryPoint\",\"urlTemplate\":\"https:\\\/\\\/dispotech.ch\\\/?s={search_term_string}\"},\"query-input\":{\"@type\":\"PropertyValueSpecification\",\"valueRequired\":true,\"valueName\":\"search_term_string\"}}],\"inLanguage\":\"fr-FR\"}]}<\/script>\n<!-- \/ Yoast SEO plugin. -->","yoast_head_json":{"title":"Tunique Power Femme - Manches courtes - Dispotech Shop","robots":{"index":"index","follow":"follow","max-snippet":"max-snippet:-1","max-image-preview":"max-image-preview:large","max-video-preview":"max-video-preview:-1"},"canonical":"https:\/\/dispotech.ch\/fr\/prodotto\/tunique-power-femme\/","og_locale":"fr_FR","og_type":"article","og_title":"Tunique Power Femme - Manches courtes - Dispotech Shop","og_description":"La tunique Power a une coupe f\u00e9minine et ajust\u00e9e, avec une encolure en V. Disponible avec des manches courtes ou longues, cette derni\u00e8re avec un revers en tricot cha\u00eene. \u00c9quip\u00e9 de deux grandes poches avant, avec double couture renforc\u00e9e et compartiments stylos sur la poche droite. Les deux fentes lat\u00e9rales assurent une totale libert\u00e9 de mouvement.  Les caract\u00e9ristiques de la veste power femme :  Microfibre douce Pas de repassage Anti bact\u00e9rien 9 couleurs brillantes Lavable \u00e0 l'eau de Javel ou \u00e0 90\u00b0","og_url":"https:\/\/dispotech.ch\/fr\/prodotto\/tunique-power-femme\/","og_site_name":"Dispotech Shop","article_modified_time":"2024-06-18T06:46:46+00:00","og_image":[{"width":800,"height":1120,"url":"https:\/\/dispotech.ch\/wp-content\/uploads\/2022\/04\/quick_medical_divisa_professionale_casacca_power_corta_grigio_1_donna-800x1120-1.jpg","type":"image\/jpeg"}],"twitter_card":"summary_large_image","schema":{"@context":"https:\/\/schema.org","@graph":[{"@type":"WebPage","@id":"https:\/\/dispotech.ch\/fr\/prodotto\/tunique-power-femme\/","url":"https:\/\/dispotech.ch\/fr\/prodotto\/tunique-power-femme\/","name":"Tunique Power Femme - Manches courtes - Dispotech Shop","isPartOf":{"@id":"https:\/\/dispotech.ch\/#website"},"primaryImageOfPage":{"@id":"https:\/\/dispotech.ch\/fr\/prodotto\/tunique-power-femme\/#primaryimage"},"image":{"@id":"https:\/\/dispotech.ch\/fr\/prodotto\/tunique-power-femme\/#primaryimage"},"thumbnailUrl":"https:\/\/dispotech.ch\/wp-content\/uploads\/2022\/04\/quick_medical_divisa_professionale_casacca_power_corta_grigio_1_donna-800x1120-1.jpg","datePublished":"2022-04-21T07:50:16+00:00","dateModified":"2024-06-18T06:46:46+00:00","breadcrumb":{"@id":"https:\/\/dispotech.ch\/fr\/prodotto\/tunique-power-femme\/#breadcrumb"},"inLanguage":"fr-FR","potentialAction":[{"@type":"ReadAction","target":["https:\/\/dispotech.ch\/fr\/prodotto\/tunique-power-femme\/"]}]},{"@type":"ImageObject","inLanguage":"fr-FR","@id":"https:\/\/dispotech.ch\/fr\/prodotto\/tunique-power-femme\/#primaryimage","url":"https:\/\/dispotech.ch\/wp-content\/uploads\/2022\/04\/quick_medical_divisa_professionale_casacca_power_corta_grigio_1_donna-800x1120-1.jpg","contentUrl":"https:\/\/dispotech.ch\/wp-content\/uploads\/2022\/04\/quick_medical_divisa_professionale_casacca_power_corta_grigio_1_donna-800x1120-1.jpg","width":800,"height":1120},{"@type":"BreadcrumbList","@id":"https:\/\/dispotech.ch\/fr\/prodotto\/tunique-power-femme\/#breadcrumb","itemListElement":[{"@type":"ListItem","position":1,"name":"Home","item":"https:\/\/dispotech.ch\/fr\/"},{"@type":"ListItem","position":2,"name":"Shop","item":"https:\/\/dispotech.ch\/fr\/shop-2\/"},{"@type":"ListItem","position":3,"name":"Tunique Power Femme &#8211; Manches courtes"}]},{"@type":"WebSite","@id":"https:\/\/dispotech.ch\/#website","url":"https:\/\/dispotech.ch\/","name":"Dispotech Shop","description":"","potentialAction":[{"@type":"SearchAction","target":{"@type":"EntryPoint","urlTemplate":"https:\/\/dispotech.ch\/?s={search_term_string}"},"query-input":{"@type":"PropertyValueSpecification","valueRequired":true,"valueName":"search_term_string"}}],"inLanguage":"fr-FR"}]}},"_links":{"self":[{"href":"https:\/\/dispotech.ch\/fr\/wp-json\/wp\/v2\/product\/22104","targetHints":{"allow":["GET"]}}],"collection":[{"href":"https:\/\/dispotech.ch\/fr\/wp-json\/wp\/v2\/product"}],"about":[{"href":"https:\/\/dispotech.ch\/fr\/wp-json\/wp\/v2\/types\/product"}],"replies":[{"embeddable":true,"href":"https:\/\/dispotech.ch\/fr\/wp-json\/wp\/v2\/comments?post=22104"}],"wp:featuredmedia":[{"embeddable":true,"href":"https:\/\/dispotech.ch\/fr\/wp-json\/wp\/v2\/media\/24920"}],"wp:attachment":[{"href":"https:\/\/dispotech.ch\/fr\/wp-json\/wp\/v2\/media?parent=22104"}],"wp:term":[{"taxonomy":"product_brand","embeddable":true,"href":"https:\/\/dispotech.ch\/fr\/wp-json\/wp\/v2\/product_brand?post=22104"},{"taxonomy":"product_cat","embeddable":true,"href":"https:\/\/dispotech.ch\/fr\/wp-json\/wp\/v2\/product_cat?post=22104"},{"taxonomy":"product_tag","embeddable":true,"href":"https:\/\/dispotech.ch\/fr\/wp-json\/wp\/v2\/product_tag?post=22104"}],"curies":[{"name":"wp","href":"https:\/\/api.w.org\/{rel}","templated":true}]}}