{"id":22303,"date":"2022-04-21T11:38:36","date_gmt":"2022-04-21T09:38:36","guid":{"rendered":"https:\/\/shop.dispotech.ch\/prodotto\/tunique-smart-unisex\/"},"modified":"2022-06-22T07:50:39","modified_gmt":"2022-06-22T05:50:39","slug":"tunique-smart-unisex-manches-longues","status":"publish","type":"product","link":"https:\/\/dispotech.ch\/fr\/prodotto\/tunique-smart-unisex-manches-longues\/","title":{"rendered":"Tunique Smart Unisex Manches longues"},"content":{"rendered":"","protected":false},"excerpt":{"rendered":"<p>La tunique Smart a une ligne douce, avec un d\u00e9collet\u00e9 en V.<br \/>\nDisponible avec des manches courtes ou longues, cette derni\u00e8re avec un revers en tricot cha\u00eene.<br \/>\n\u00c9quip\u00e9 d&rsquo;une poche poitrine et de deux grandes poches avant, avec double couture renforc\u00e9e et compartiments stylos sur la poche droite.<br \/>\nLes deux fentes lat\u00e9rales assurent une totale libert\u00e9 de mouvement.<\/p>\n<p>&nbsp;<\/p>\n<p>Les caract\u00e9ristiques de la veste smart unisex :<\/p>\n<p>Microfibre douce<br \/>\nPas de repassage<br \/>\nAnti bact\u00e9rien<br \/>\n3 couleurs brillantes<br \/>\nLavable \u00e0 l&rsquo;eau de Javel ou \u00e0 90\u00b0<\/p>\n<p><img loading=\"lazy\" decoding=\"async\" src=\"https:\/\/dispotech.ch\/wp-content\/uploads\/2020\/02\/Immagine-2022-06-22-072720-2.png\" alt=\"\" width=\"369\" height=\"250\" class=\"alignnone size-full wp-image-24941\" srcset=\"https:\/\/dispotech.ch\/wp-content\/uploads\/2020\/02\/Immagine-2022-06-22-072720-2.png 369w, https:\/\/dispotech.ch\/wp-content\/uploads\/2020\/02\/Immagine-2022-06-22-072720-2-300x203.png 300w\" sizes=\"auto, (max-width: 369px) 100vw, 369px\" \/><\/p>\n","protected":false},"featured_media":24940,"comment_status":"open","ping_status":"closed","template":"","meta":{"_acf_changed":false},"product_brand":[],"product_cat":[448],"product_tag":[470],"class_list":{"0":"post-22303","1":"product","2":"type-product","3":"status-publish","4":"has-post-thumbnail","6":"product_cat-vetements-dentaires","7":"product_tag-tunique-smart-unisex","9":"first","10":"instock","11":"taxable","12":"shipping-taxable","13":"purchasable","14":"product-type-variable"},"acf":[],"yoast_head":"<!-- This site is optimized with the Yoast SEO plugin v27.3 - https:\/\/yoast.com\/product\/yoast-seo-wordpress\/ -->\n<title>Tunique Smart Unisex Manches longues - Dispotech Shop<\/title>\n<meta name=\"robots\" content=\"index, follow, max-snippet:-1, max-image-preview:large, max-video-preview:-1\" \/>\n<link rel=\"canonical\" href=\"https:\/\/dispotech.ch\/fr\/prodotto\/tunique-smart-unisex-manches-longues\/\" \/>\n<meta property=\"og:locale\" content=\"fr_FR\" \/>\n<meta property=\"og:type\" content=\"article\" \/>\n<meta property=\"og:title\" content=\"Tunique Smart Unisex Manches longues - Dispotech Shop\" \/>\n<meta property=\"og:description\" content=\"La tunique Smart a une ligne douce, avec un d\u00e9collet\u00e9 en V. Disponible avec des manches courtes ou longues, cette derni\u00e8re avec un revers en tricot cha\u00eene. \u00c9quip\u00e9 d&#039;une poche poitrine et de deux grandes poches avant, avec double couture renforc\u00e9e et compartiments stylos sur la poche droite. Les deux fentes lat\u00e9rales assurent une totale libert\u00e9 de mouvement.  &nbsp;  Les caract\u00e9ristiques de la veste smart unisex :  Microfibre douce Pas de repassage Anti bact\u00e9rien 3 couleurs brillantes Lavable \u00e0 l&#039;eau de Javel ou \u00e0 90\u00b0\" \/>\n<meta property=\"og:url\" content=\"https:\/\/dispotech.ch\/fr\/prodotto\/tunique-smart-unisex-manches-longues\/\" \/>\n<meta property=\"og:site_name\" content=\"Dispotech Shop\" \/>\n<meta property=\"article:modified_time\" content=\"2022-06-22T05:50:39+00:00\" \/>\n<meta property=\"og:image\" content=\"https:\/\/dispotech.ch\/wp-content\/uploads\/2022\/04\/quick_medical_divisa_professionale_casacca_smart_lunga_turchese_2_uomo_unisex-800x1120-1.jpg\" \/>\n\t<meta property=\"og:image:width\" content=\"800\" \/>\n\t<meta property=\"og:image:height\" content=\"1120\" \/>\n\t<meta property=\"og:image:type\" content=\"image\/jpeg\" \/>\n<meta name=\"twitter:card\" content=\"summary_large_image\" \/>\n<script type=\"application\/ld+json\" class=\"yoast-schema-graph\">{\"@context\":\"https:\\\/\\\/schema.org\",\"@graph\":[{\"@type\":\"WebPage\",\"@id\":\"https:\\\/\\\/dispotech.ch\\\/fr\\\/prodotto\\\/tunique-smart-unisex-manches-longues\\\/\",\"url\":\"https:\\\/\\\/dispotech.ch\\\/fr\\\/prodotto\\\/tunique-smart-unisex-manches-longues\\\/\",\"name\":\"Tunique Smart Unisex Manches longues - Dispotech Shop\",\"isPartOf\":{\"@id\":\"https:\\\/\\\/dispotech.ch\\\/#website\"},\"primaryImageOfPage\":{\"@id\":\"https:\\\/\\\/dispotech.ch\\\/fr\\\/prodotto\\\/tunique-smart-unisex-manches-longues\\\/#primaryimage\"},\"image\":{\"@id\":\"https:\\\/\\\/dispotech.ch\\\/fr\\\/prodotto\\\/tunique-smart-unisex-manches-longues\\\/#primaryimage\"},\"thumbnailUrl\":\"https:\\\/\\\/dispotech.ch\\\/wp-content\\\/uploads\\\/2022\\\/04\\\/quick_medical_divisa_professionale_casacca_smart_lunga_turchese_2_uomo_unisex-800x1120-1.jpg\",\"datePublished\":\"2022-04-21T09:38:36+00:00\",\"dateModified\":\"2022-06-22T05:50:39+00:00\",\"breadcrumb\":{\"@id\":\"https:\\\/\\\/dispotech.ch\\\/fr\\\/prodotto\\\/tunique-smart-unisex-manches-longues\\\/#breadcrumb\"},\"inLanguage\":\"fr-FR\",\"potentialAction\":[{\"@type\":\"ReadAction\",\"target\":[\"https:\\\/\\\/dispotech.ch\\\/fr\\\/prodotto\\\/tunique-smart-unisex-manches-longues\\\/\"]}]},{\"@type\":\"ImageObject\",\"inLanguage\":\"fr-FR\",\"@id\":\"https:\\\/\\\/dispotech.ch\\\/fr\\\/prodotto\\\/tunique-smart-unisex-manches-longues\\\/#primaryimage\",\"url\":\"https:\\\/\\\/dispotech.ch\\\/wp-content\\\/uploads\\\/2022\\\/04\\\/quick_medical_divisa_professionale_casacca_smart_lunga_turchese_2_uomo_unisex-800x1120-1.jpg\",\"contentUrl\":\"https:\\\/\\\/dispotech.ch\\\/wp-content\\\/uploads\\\/2022\\\/04\\\/quick_medical_divisa_professionale_casacca_smart_lunga_turchese_2_uomo_unisex-800x1120-1.jpg\",\"width\":800,\"height\":1120},{\"@type\":\"BreadcrumbList\",\"@id\":\"https:\\\/\\\/dispotech.ch\\\/fr\\\/prodotto\\\/tunique-smart-unisex-manches-longues\\\/#breadcrumb\",\"itemListElement\":[{\"@type\":\"ListItem\",\"position\":1,\"name\":\"Home\",\"item\":\"https:\\\/\\\/dispotech.ch\\\/fr\\\/\"},{\"@type\":\"ListItem\",\"position\":2,\"name\":\"Shop\",\"item\":\"https:\\\/\\\/dispotech.ch\\\/fr\\\/shop-2\\\/\"},{\"@type\":\"ListItem\",\"position\":3,\"name\":\"Tunique Smart Unisex Manches longues\"}]},{\"@type\":\"WebSite\",\"@id\":\"https:\\\/\\\/dispotech.ch\\\/#website\",\"url\":\"https:\\\/\\\/dispotech.ch\\\/\",\"name\":\"Dispotech Shop\",\"description\":\"\",\"potentialAction\":[{\"@type\":\"SearchAction\",\"target\":{\"@type\":\"EntryPoint\",\"urlTemplate\":\"https:\\\/\\\/dispotech.ch\\\/?s={search_term_string}\"},\"query-input\":{\"@type\":\"PropertyValueSpecification\",\"valueRequired\":true,\"valueName\":\"search_term_string\"}}],\"inLanguage\":\"fr-FR\"}]}<\/script>\n<!-- \/ Yoast SEO plugin. -->","yoast_head_json":{"title":"Tunique Smart Unisex Manches longues - Dispotech Shop","robots":{"index":"index","follow":"follow","max-snippet":"max-snippet:-1","max-image-preview":"max-image-preview:large","max-video-preview":"max-video-preview:-1"},"canonical":"https:\/\/dispotech.ch\/fr\/prodotto\/tunique-smart-unisex-manches-longues\/","og_locale":"fr_FR","og_type":"article","og_title":"Tunique Smart Unisex Manches longues - Dispotech Shop","og_description":"La tunique Smart a une ligne douce, avec un d\u00e9collet\u00e9 en V. Disponible avec des manches courtes ou longues, cette derni\u00e8re avec un revers en tricot cha\u00eene. \u00c9quip\u00e9 d'une poche poitrine et de deux grandes poches avant, avec double couture renforc\u00e9e et compartiments stylos sur la poche droite. Les deux fentes lat\u00e9rales assurent une totale libert\u00e9 de mouvement.  &nbsp;  Les caract\u00e9ristiques de la veste smart unisex :  Microfibre douce Pas de repassage Anti bact\u00e9rien 3 couleurs brillantes Lavable \u00e0 l'eau de Javel ou \u00e0 90\u00b0","og_url":"https:\/\/dispotech.ch\/fr\/prodotto\/tunique-smart-unisex-manches-longues\/","og_site_name":"Dispotech Shop","article_modified_time":"2022-06-22T05:50:39+00:00","og_image":[{"width":800,"height":1120,"url":"https:\/\/dispotech.ch\/wp-content\/uploads\/2022\/04\/quick_medical_divisa_professionale_casacca_smart_lunga_turchese_2_uomo_unisex-800x1120-1.jpg","type":"image\/jpeg"}],"twitter_card":"summary_large_image","schema":{"@context":"https:\/\/schema.org","@graph":[{"@type":"WebPage","@id":"https:\/\/dispotech.ch\/fr\/prodotto\/tunique-smart-unisex-manches-longues\/","url":"https:\/\/dispotech.ch\/fr\/prodotto\/tunique-smart-unisex-manches-longues\/","name":"Tunique Smart Unisex Manches longues - Dispotech Shop","isPartOf":{"@id":"https:\/\/dispotech.ch\/#website"},"primaryImageOfPage":{"@id":"https:\/\/dispotech.ch\/fr\/prodotto\/tunique-smart-unisex-manches-longues\/#primaryimage"},"image":{"@id":"https:\/\/dispotech.ch\/fr\/prodotto\/tunique-smart-unisex-manches-longues\/#primaryimage"},"thumbnailUrl":"https:\/\/dispotech.ch\/wp-content\/uploads\/2022\/04\/quick_medical_divisa_professionale_casacca_smart_lunga_turchese_2_uomo_unisex-800x1120-1.jpg","datePublished":"2022-04-21T09:38:36+00:00","dateModified":"2022-06-22T05:50:39+00:00","breadcrumb":{"@id":"https:\/\/dispotech.ch\/fr\/prodotto\/tunique-smart-unisex-manches-longues\/#breadcrumb"},"inLanguage":"fr-FR","potentialAction":[{"@type":"ReadAction","target":["https:\/\/dispotech.ch\/fr\/prodotto\/tunique-smart-unisex-manches-longues\/"]}]},{"@type":"ImageObject","inLanguage":"fr-FR","@id":"https:\/\/dispotech.ch\/fr\/prodotto\/tunique-smart-unisex-manches-longues\/#primaryimage","url":"https:\/\/dispotech.ch\/wp-content\/uploads\/2022\/04\/quick_medical_divisa_professionale_casacca_smart_lunga_turchese_2_uomo_unisex-800x1120-1.jpg","contentUrl":"https:\/\/dispotech.ch\/wp-content\/uploads\/2022\/04\/quick_medical_divisa_professionale_casacca_smart_lunga_turchese_2_uomo_unisex-800x1120-1.jpg","width":800,"height":1120},{"@type":"BreadcrumbList","@id":"https:\/\/dispotech.ch\/fr\/prodotto\/tunique-smart-unisex-manches-longues\/#breadcrumb","itemListElement":[{"@type":"ListItem","position":1,"name":"Home","item":"https:\/\/dispotech.ch\/fr\/"},{"@type":"ListItem","position":2,"name":"Shop","item":"https:\/\/dispotech.ch\/fr\/shop-2\/"},{"@type":"ListItem","position":3,"name":"Tunique Smart Unisex Manches longues"}]},{"@type":"WebSite","@id":"https:\/\/dispotech.ch\/#website","url":"https:\/\/dispotech.ch\/","name":"Dispotech Shop","description":"","potentialAction":[{"@type":"SearchAction","target":{"@type":"EntryPoint","urlTemplate":"https:\/\/dispotech.ch\/?s={search_term_string}"},"query-input":{"@type":"PropertyValueSpecification","valueRequired":true,"valueName":"search_term_string"}}],"inLanguage":"fr-FR"}]}},"_links":{"self":[{"href":"https:\/\/dispotech.ch\/fr\/wp-json\/wp\/v2\/product\/22303","targetHints":{"allow":["GET"]}}],"collection":[{"href":"https:\/\/dispotech.ch\/fr\/wp-json\/wp\/v2\/product"}],"about":[{"href":"https:\/\/dispotech.ch\/fr\/wp-json\/wp\/v2\/types\/product"}],"replies":[{"embeddable":true,"href":"https:\/\/dispotech.ch\/fr\/wp-json\/wp\/v2\/comments?post=22303"}],"wp:featuredmedia":[{"embeddable":true,"href":"https:\/\/dispotech.ch\/fr\/wp-json\/wp\/v2\/media\/24940"}],"wp:attachment":[{"href":"https:\/\/dispotech.ch\/fr\/wp-json\/wp\/v2\/media?parent=22303"}],"wp:term":[{"taxonomy":"product_brand","embeddable":true,"href":"https:\/\/dispotech.ch\/fr\/wp-json\/wp\/v2\/product_brand?post=22303"},{"taxonomy":"product_cat","embeddable":true,"href":"https:\/\/dispotech.ch\/fr\/wp-json\/wp\/v2\/product_cat?post=22303"},{"taxonomy":"product_tag","embeddable":true,"href":"https:\/\/dispotech.ch\/fr\/wp-json\/wp\/v2\/product_tag?post=22303"}],"curies":[{"name":"wp","href":"https:\/\/api.w.org\/{rel}","templated":true}]}}