{"id":22965,"date":"2022-05-09T10:56:31","date_gmt":"2022-05-09T08:56:31","guid":{"rendered":"https:\/\/shop.dispotech.ch\/prodotto\/perfecto-housse-de-tete-de-lit-cell-pe\/"},"modified":"2025-05-12T15:20:16","modified_gmt":"2025-05-12T13:20:16","slug":"perfecto-housse-de-tete-de-lit-cell-pe","status":"publish","type":"product","link":"https:\/\/dispotech.ch\/fr\/prodotto\/perfecto-housse-de-tete-de-lit-cell-pe\/","title":{"rendered":"Perfecto Housse de t\u00eate de lit CELL + PE"},"content":{"rendered":"","protected":false},"excerpt":{"rendered":"<p>Les housses de t\u00eate de lit Perfecto sont une excellente solution pour prot\u00e9ger la housse de t\u00eate de lit de votre fauteuil dentaire.<\/p>\n<p>Ils sont constitu\u00e9s de deux couches : de la pure cellulose de qualit\u00e9 premium (26 g\/m\u00b2) et une couche inf\u00e9rieure en poly\u00e9thyl\u00e8ne (PE) pour une protection maximale contre l&rsquo;eau.<\/p>\n","protected":false},"featured_media":22966,"comment_status":"open","ping_status":"closed","template":"","meta":{"_acf_changed":false},"product_brand":[],"product_cat":[286],"product_tag":[306],"class_list":{"0":"post-22965","1":"product","2":"type-product","3":"status-publish","4":"has-post-thumbnail","6":"product_cat-dental-fr","7":"product_tag-dental-fr","9":"first","10":"instock","11":"taxable","12":"shipping-taxable","13":"purchasable","14":"product-type-variable"},"acf":[],"yoast_head":"<!-- This site is optimized with the Yoast SEO plugin v27.3 - https:\/\/yoast.com\/product\/yoast-seo-wordpress\/ -->\n<title>Perfecto Housse de t\u00eate de lit CELL + PE - Dispotech Shop<\/title>\n<meta name=\"robots\" content=\"index, follow, max-snippet:-1, max-image-preview:large, max-video-preview:-1\" \/>\n<link rel=\"canonical\" href=\"https:\/\/dispotech.ch\/fr\/prodotto\/perfecto-housse-de-tete-de-lit-cell-pe\/\" \/>\n<meta property=\"og:locale\" content=\"fr_FR\" \/>\n<meta property=\"og:type\" content=\"article\" \/>\n<meta property=\"og:title\" content=\"Perfecto Housse de t\u00eate de lit CELL + PE - Dispotech Shop\" \/>\n<meta property=\"og:description\" content=\"Les housses de t\u00eate de lit Perfecto sont une excellente solution pour prot\u00e9ger la housse de t\u00eate de lit de votre fauteuil dentaire.  Ils sont constitu\u00e9s de deux couches : de la pure cellulose de qualit\u00e9 premium (26 g\/m\u00b2) et une couche inf\u00e9rieure en poly\u00e9thyl\u00e8ne (PE) pour une protection maximale contre l&#039;eau.\" \/>\n<meta property=\"og:url\" content=\"https:\/\/dispotech.ch\/fr\/prodotto\/perfecto-housse-de-tete-de-lit-cell-pe\/\" \/>\n<meta property=\"og:site_name\" content=\"Dispotech Shop\" \/>\n<meta property=\"article:modified_time\" content=\"2025-05-12T13:20:16+00:00\" \/>\n<meta property=\"og:image\" content=\"https:\/\/dispotech.ch\/wp-content\/uploads\/2022\/05\/Copritestiera1-copertina-scaled.jpg\" \/>\n\t<meta property=\"og:image:width\" content=\"2560\" \/>\n\t<meta property=\"og:image:height\" content=\"1920\" \/>\n\t<meta property=\"og:image:type\" content=\"image\/jpeg\" \/>\n<meta name=\"twitter:card\" content=\"summary_large_image\" \/>\n<script type=\"application\/ld+json\" class=\"yoast-schema-graph\">{\"@context\":\"https:\\\/\\\/schema.org\",\"@graph\":[{\"@type\":\"WebPage\",\"@id\":\"https:\\\/\\\/dispotech.ch\\\/fr\\\/prodotto\\\/perfecto-housse-de-tete-de-lit-cell-pe\\\/\",\"url\":\"https:\\\/\\\/dispotech.ch\\\/fr\\\/prodotto\\\/perfecto-housse-de-tete-de-lit-cell-pe\\\/\",\"name\":\"Perfecto Housse de t\u00eate de lit CELL + PE - Dispotech Shop\",\"isPartOf\":{\"@id\":\"https:\\\/\\\/dispotech.ch\\\/#website\"},\"primaryImageOfPage\":{\"@id\":\"https:\\\/\\\/dispotech.ch\\\/fr\\\/prodotto\\\/perfecto-housse-de-tete-de-lit-cell-pe\\\/#primaryimage\"},\"image\":{\"@id\":\"https:\\\/\\\/dispotech.ch\\\/fr\\\/prodotto\\\/perfecto-housse-de-tete-de-lit-cell-pe\\\/#primaryimage\"},\"thumbnailUrl\":\"https:\\\/\\\/dispotech.ch\\\/wp-content\\\/uploads\\\/2022\\\/05\\\/Copritestiera1-copertina-scaled.jpg\",\"datePublished\":\"2022-05-09T08:56:31+00:00\",\"dateModified\":\"2025-05-12T13:20:16+00:00\",\"breadcrumb\":{\"@id\":\"https:\\\/\\\/dispotech.ch\\\/fr\\\/prodotto\\\/perfecto-housse-de-tete-de-lit-cell-pe\\\/#breadcrumb\"},\"inLanguage\":\"fr-FR\",\"potentialAction\":[{\"@type\":\"ReadAction\",\"target\":[\"https:\\\/\\\/dispotech.ch\\\/fr\\\/prodotto\\\/perfecto-housse-de-tete-de-lit-cell-pe\\\/\"]}]},{\"@type\":\"ImageObject\",\"inLanguage\":\"fr-FR\",\"@id\":\"https:\\\/\\\/dispotech.ch\\\/fr\\\/prodotto\\\/perfecto-housse-de-tete-de-lit-cell-pe\\\/#primaryimage\",\"url\":\"https:\\\/\\\/dispotech.ch\\\/wp-content\\\/uploads\\\/2022\\\/05\\\/Copritestiera1-copertina-scaled.jpg\",\"contentUrl\":\"https:\\\/\\\/dispotech.ch\\\/wp-content\\\/uploads\\\/2022\\\/05\\\/Copritestiera1-copertina-scaled.jpg\",\"width\":2560,\"height\":1920},{\"@type\":\"BreadcrumbList\",\"@id\":\"https:\\\/\\\/dispotech.ch\\\/fr\\\/prodotto\\\/perfecto-housse-de-tete-de-lit-cell-pe\\\/#breadcrumb\",\"itemListElement\":[{\"@type\":\"ListItem\",\"position\":1,\"name\":\"Home\",\"item\":\"https:\\\/\\\/dispotech.ch\\\/fr\\\/\"},{\"@type\":\"ListItem\",\"position\":2,\"name\":\"Shop\",\"item\":\"https:\\\/\\\/dispotech.ch\\\/fr\\\/shop-2\\\/\"},{\"@type\":\"ListItem\",\"position\":3,\"name\":\"Perfecto Housse de t\u00eate de lit CELL + PE\"}]},{\"@type\":\"WebSite\",\"@id\":\"https:\\\/\\\/dispotech.ch\\\/#website\",\"url\":\"https:\\\/\\\/dispotech.ch\\\/\",\"name\":\"Dispotech Shop\",\"description\":\"\",\"potentialAction\":[{\"@type\":\"SearchAction\",\"target\":{\"@type\":\"EntryPoint\",\"urlTemplate\":\"https:\\\/\\\/dispotech.ch\\\/?s={search_term_string}\"},\"query-input\":{\"@type\":\"PropertyValueSpecification\",\"valueRequired\":true,\"valueName\":\"search_term_string\"}}],\"inLanguage\":\"fr-FR\"}]}<\/script>\n<!-- \/ Yoast SEO plugin. -->","yoast_head_json":{"title":"Perfecto Housse de t\u00eate de lit CELL + PE - Dispotech Shop","robots":{"index":"index","follow":"follow","max-snippet":"max-snippet:-1","max-image-preview":"max-image-preview:large","max-video-preview":"max-video-preview:-1"},"canonical":"https:\/\/dispotech.ch\/fr\/prodotto\/perfecto-housse-de-tete-de-lit-cell-pe\/","og_locale":"fr_FR","og_type":"article","og_title":"Perfecto Housse de t\u00eate de lit CELL + PE - Dispotech Shop","og_description":"Les housses de t\u00eate de lit Perfecto sont une excellente solution pour prot\u00e9ger la housse de t\u00eate de lit de votre fauteuil dentaire.  Ils sont constitu\u00e9s de deux couches : de la pure cellulose de qualit\u00e9 premium (26 g\/m\u00b2) et une couche inf\u00e9rieure en poly\u00e9thyl\u00e8ne (PE) pour une protection maximale contre l'eau.","og_url":"https:\/\/dispotech.ch\/fr\/prodotto\/perfecto-housse-de-tete-de-lit-cell-pe\/","og_site_name":"Dispotech Shop","article_modified_time":"2025-05-12T13:20:16+00:00","og_image":[{"width":2560,"height":1920,"url":"https:\/\/dispotech.ch\/wp-content\/uploads\/2022\/05\/Copritestiera1-copertina-scaled.jpg","type":"image\/jpeg"}],"twitter_card":"summary_large_image","schema":{"@context":"https:\/\/schema.org","@graph":[{"@type":"WebPage","@id":"https:\/\/dispotech.ch\/fr\/prodotto\/perfecto-housse-de-tete-de-lit-cell-pe\/","url":"https:\/\/dispotech.ch\/fr\/prodotto\/perfecto-housse-de-tete-de-lit-cell-pe\/","name":"Perfecto Housse de t\u00eate de lit CELL + PE - Dispotech Shop","isPartOf":{"@id":"https:\/\/dispotech.ch\/#website"},"primaryImageOfPage":{"@id":"https:\/\/dispotech.ch\/fr\/prodotto\/perfecto-housse-de-tete-de-lit-cell-pe\/#primaryimage"},"image":{"@id":"https:\/\/dispotech.ch\/fr\/prodotto\/perfecto-housse-de-tete-de-lit-cell-pe\/#primaryimage"},"thumbnailUrl":"https:\/\/dispotech.ch\/wp-content\/uploads\/2022\/05\/Copritestiera1-copertina-scaled.jpg","datePublished":"2022-05-09T08:56:31+00:00","dateModified":"2025-05-12T13:20:16+00:00","breadcrumb":{"@id":"https:\/\/dispotech.ch\/fr\/prodotto\/perfecto-housse-de-tete-de-lit-cell-pe\/#breadcrumb"},"inLanguage":"fr-FR","potentialAction":[{"@type":"ReadAction","target":["https:\/\/dispotech.ch\/fr\/prodotto\/perfecto-housse-de-tete-de-lit-cell-pe\/"]}]},{"@type":"ImageObject","inLanguage":"fr-FR","@id":"https:\/\/dispotech.ch\/fr\/prodotto\/perfecto-housse-de-tete-de-lit-cell-pe\/#primaryimage","url":"https:\/\/dispotech.ch\/wp-content\/uploads\/2022\/05\/Copritestiera1-copertina-scaled.jpg","contentUrl":"https:\/\/dispotech.ch\/wp-content\/uploads\/2022\/05\/Copritestiera1-copertina-scaled.jpg","width":2560,"height":1920},{"@type":"BreadcrumbList","@id":"https:\/\/dispotech.ch\/fr\/prodotto\/perfecto-housse-de-tete-de-lit-cell-pe\/#breadcrumb","itemListElement":[{"@type":"ListItem","position":1,"name":"Home","item":"https:\/\/dispotech.ch\/fr\/"},{"@type":"ListItem","position":2,"name":"Shop","item":"https:\/\/dispotech.ch\/fr\/shop-2\/"},{"@type":"ListItem","position":3,"name":"Perfecto Housse de t\u00eate de lit CELL + PE"}]},{"@type":"WebSite","@id":"https:\/\/dispotech.ch\/#website","url":"https:\/\/dispotech.ch\/","name":"Dispotech Shop","description":"","potentialAction":[{"@type":"SearchAction","target":{"@type":"EntryPoint","urlTemplate":"https:\/\/dispotech.ch\/?s={search_term_string}"},"query-input":{"@type":"PropertyValueSpecification","valueRequired":true,"valueName":"search_term_string"}}],"inLanguage":"fr-FR"}]}},"_links":{"self":[{"href":"https:\/\/dispotech.ch\/fr\/wp-json\/wp\/v2\/product\/22965","targetHints":{"allow":["GET"]}}],"collection":[{"href":"https:\/\/dispotech.ch\/fr\/wp-json\/wp\/v2\/product"}],"about":[{"href":"https:\/\/dispotech.ch\/fr\/wp-json\/wp\/v2\/types\/product"}],"replies":[{"embeddable":true,"href":"https:\/\/dispotech.ch\/fr\/wp-json\/wp\/v2\/comments?post=22965"}],"wp:featuredmedia":[{"embeddable":true,"href":"https:\/\/dispotech.ch\/fr\/wp-json\/wp\/v2\/media\/22966"}],"wp:attachment":[{"href":"https:\/\/dispotech.ch\/fr\/wp-json\/wp\/v2\/media?parent=22965"}],"wp:term":[{"taxonomy":"product_brand","embeddable":true,"href":"https:\/\/dispotech.ch\/fr\/wp-json\/wp\/v2\/product_brand?post=22965"},{"taxonomy":"product_cat","embeddable":true,"href":"https:\/\/dispotech.ch\/fr\/wp-json\/wp\/v2\/product_cat?post=22965"},{"taxonomy":"product_tag","embeddable":true,"href":"https:\/\/dispotech.ch\/fr\/wp-json\/wp\/v2\/product_tag?post=22965"}],"curies":[{"name":"wp","href":"https:\/\/api.w.org\/{rel}","templated":true}]}}