{"id":23349,"date":"2022-05-09T11:56:40","date_gmt":"2022-05-09T09:56:40","guid":{"rendered":"https:\/\/shop.dispotech.ch\/prodotto\/perfecto-couvre-siege\/"},"modified":"2022-05-09T11:56:40","modified_gmt":"2022-05-09T09:56:40","slug":"perfecto-couvre-siege","status":"publish","type":"product","link":"https:\/\/dispotech.ch\/fr\/prodotto\/perfecto-couvre-siege\/","title":{"rendered":"Perfecto Couvre-si\u00e8ge"},"content":{"rendered":"","protected":false},"excerpt":{"rendered":"<p>Le couvre-si\u00e8ge PERFECTO SEAT COVER, id\u00e9al pour tous les si\u00e8ges pr\u00e9sents dans un cabinet dentaire, est r\u00e9alis\u00e9 en TNT 35 g\/m2, PERFECTO SEAT COVER est caract\u00e9ris\u00e9 par la r\u00e9sistance \u00e9lev\u00e9e de ses actions m\u00e9caniques, il est transpirant et adaptable par son \u00e9lasticit\u00e9 r\u00e9sistante.<\/p>\n","protected":false},"featured_media":23356,"comment_status":"open","ping_status":"closed","template":"","meta":{"_acf_changed":false},"product_brand":[],"product_cat":[286],"product_tag":[306],"class_list":{"0":"post-23349","1":"product","2":"type-product","3":"status-publish","4":"has-post-thumbnail","6":"product_cat-dental-fr","7":"product_tag-dental-fr","9":"first","10":"instock","11":"taxable","12":"shipping-taxable","13":"purchasable","14":"product-type-simple"},"acf":[],"yoast_head":"<!-- This site is optimized with the Yoast SEO plugin v27.3 - https:\/\/yoast.com\/product\/yoast-seo-wordpress\/ -->\n<title>Perfecto Couvre-si\u00e8ge - Dispotech Shop<\/title>\n<meta name=\"robots\" content=\"index, follow, max-snippet:-1, max-image-preview:large, max-video-preview:-1\" \/>\n<link rel=\"canonical\" href=\"https:\/\/dispotech.ch\/fr\/prodotto\/perfecto-couvre-siege\/\" \/>\n<meta property=\"og:locale\" content=\"fr_FR\" \/>\n<meta property=\"og:type\" content=\"article\" \/>\n<meta property=\"og:title\" content=\"Perfecto Couvre-si\u00e8ge - Dispotech Shop\" \/>\n<meta property=\"og:description\" content=\"Le couvre-si\u00e8ge PERFECTO SEAT COVER, id\u00e9al pour tous les si\u00e8ges pr\u00e9sents dans un cabinet dentaire, est r\u00e9alis\u00e9 en TNT 35 g\/m2, PERFECTO SEAT COVER est caract\u00e9ris\u00e9 par la r\u00e9sistance \u00e9lev\u00e9e de ses actions m\u00e9caniques, il est transpirant et adaptable par son \u00e9lasticit\u00e9 r\u00e9sistante.\" \/>\n<meta property=\"og:url\" content=\"https:\/\/dispotech.ch\/fr\/prodotto\/perfecto-couvre-siege\/\" \/>\n<meta property=\"og:site_name\" content=\"Dispotech Shop\" \/>\n<meta property=\"og:image\" content=\"https:\/\/dispotech.ch\/wp-content\/uploads\/2022\/05\/Copri-sedia-scaled.jpg\" \/>\n\t<meta property=\"og:image:width\" content=\"2560\" \/>\n\t<meta property=\"og:image:height\" content=\"1920\" \/>\n\t<meta property=\"og:image:type\" content=\"image\/jpeg\" \/>\n<meta name=\"twitter:card\" content=\"summary_large_image\" \/>\n<script type=\"application\/ld+json\" class=\"yoast-schema-graph\">{\"@context\":\"https:\\\/\\\/schema.org\",\"@graph\":[{\"@type\":\"WebPage\",\"@id\":\"https:\\\/\\\/dispotech.ch\\\/fr\\\/prodotto\\\/perfecto-couvre-siege\\\/\",\"url\":\"https:\\\/\\\/dispotech.ch\\\/fr\\\/prodotto\\\/perfecto-couvre-siege\\\/\",\"name\":\"Perfecto Couvre-si\u00e8ge - Dispotech Shop\",\"isPartOf\":{\"@id\":\"https:\\\/\\\/dispotech.ch\\\/#website\"},\"primaryImageOfPage\":{\"@id\":\"https:\\\/\\\/dispotech.ch\\\/fr\\\/prodotto\\\/perfecto-couvre-siege\\\/#primaryimage\"},\"image\":{\"@id\":\"https:\\\/\\\/dispotech.ch\\\/fr\\\/prodotto\\\/perfecto-couvre-siege\\\/#primaryimage\"},\"thumbnailUrl\":\"https:\\\/\\\/dispotech.ch\\\/wp-content\\\/uploads\\\/2022\\\/05\\\/Copri-sedia-scaled.jpg\",\"datePublished\":\"2022-05-09T09:56:40+00:00\",\"breadcrumb\":{\"@id\":\"https:\\\/\\\/dispotech.ch\\\/fr\\\/prodotto\\\/perfecto-couvre-siege\\\/#breadcrumb\"},\"inLanguage\":\"fr-FR\",\"potentialAction\":[{\"@type\":\"ReadAction\",\"target\":[\"https:\\\/\\\/dispotech.ch\\\/fr\\\/prodotto\\\/perfecto-couvre-siege\\\/\"]}]},{\"@type\":\"ImageObject\",\"inLanguage\":\"fr-FR\",\"@id\":\"https:\\\/\\\/dispotech.ch\\\/fr\\\/prodotto\\\/perfecto-couvre-siege\\\/#primaryimage\",\"url\":\"https:\\\/\\\/dispotech.ch\\\/wp-content\\\/uploads\\\/2022\\\/05\\\/Copri-sedia-scaled.jpg\",\"contentUrl\":\"https:\\\/\\\/dispotech.ch\\\/wp-content\\\/uploads\\\/2022\\\/05\\\/Copri-sedia-scaled.jpg\",\"width\":2560,\"height\":1920},{\"@type\":\"BreadcrumbList\",\"@id\":\"https:\\\/\\\/dispotech.ch\\\/fr\\\/prodotto\\\/perfecto-couvre-siege\\\/#breadcrumb\",\"itemListElement\":[{\"@type\":\"ListItem\",\"position\":1,\"name\":\"Home\",\"item\":\"https:\\\/\\\/dispotech.ch\\\/fr\\\/\"},{\"@type\":\"ListItem\",\"position\":2,\"name\":\"Shop\",\"item\":\"https:\\\/\\\/dispotech.ch\\\/fr\\\/shop-2\\\/\"},{\"@type\":\"ListItem\",\"position\":3,\"name\":\"Perfecto Couvre-si\u00e8ge\"}]},{\"@type\":\"WebSite\",\"@id\":\"https:\\\/\\\/dispotech.ch\\\/#website\",\"url\":\"https:\\\/\\\/dispotech.ch\\\/\",\"name\":\"Dispotech Shop\",\"description\":\"\",\"potentialAction\":[{\"@type\":\"SearchAction\",\"target\":{\"@type\":\"EntryPoint\",\"urlTemplate\":\"https:\\\/\\\/dispotech.ch\\\/?s={search_term_string}\"},\"query-input\":{\"@type\":\"PropertyValueSpecification\",\"valueRequired\":true,\"valueName\":\"search_term_string\"}}],\"inLanguage\":\"fr-FR\"}]}<\/script>\n<!-- \/ Yoast SEO plugin. -->","yoast_head_json":{"title":"Perfecto Couvre-si\u00e8ge - Dispotech Shop","robots":{"index":"index","follow":"follow","max-snippet":"max-snippet:-1","max-image-preview":"max-image-preview:large","max-video-preview":"max-video-preview:-1"},"canonical":"https:\/\/dispotech.ch\/fr\/prodotto\/perfecto-couvre-siege\/","og_locale":"fr_FR","og_type":"article","og_title":"Perfecto Couvre-si\u00e8ge - Dispotech Shop","og_description":"Le couvre-si\u00e8ge PERFECTO SEAT COVER, id\u00e9al pour tous les si\u00e8ges pr\u00e9sents dans un cabinet dentaire, est r\u00e9alis\u00e9 en TNT 35 g\/m2, PERFECTO SEAT COVER est caract\u00e9ris\u00e9 par la r\u00e9sistance \u00e9lev\u00e9e de ses actions m\u00e9caniques, il est transpirant et adaptable par son \u00e9lasticit\u00e9 r\u00e9sistante.","og_url":"https:\/\/dispotech.ch\/fr\/prodotto\/perfecto-couvre-siege\/","og_site_name":"Dispotech Shop","og_image":[{"width":2560,"height":1920,"url":"https:\/\/dispotech.ch\/wp-content\/uploads\/2022\/05\/Copri-sedia-scaled.jpg","type":"image\/jpeg"}],"twitter_card":"summary_large_image","schema":{"@context":"https:\/\/schema.org","@graph":[{"@type":"WebPage","@id":"https:\/\/dispotech.ch\/fr\/prodotto\/perfecto-couvre-siege\/","url":"https:\/\/dispotech.ch\/fr\/prodotto\/perfecto-couvre-siege\/","name":"Perfecto Couvre-si\u00e8ge - Dispotech Shop","isPartOf":{"@id":"https:\/\/dispotech.ch\/#website"},"primaryImageOfPage":{"@id":"https:\/\/dispotech.ch\/fr\/prodotto\/perfecto-couvre-siege\/#primaryimage"},"image":{"@id":"https:\/\/dispotech.ch\/fr\/prodotto\/perfecto-couvre-siege\/#primaryimage"},"thumbnailUrl":"https:\/\/dispotech.ch\/wp-content\/uploads\/2022\/05\/Copri-sedia-scaled.jpg","datePublished":"2022-05-09T09:56:40+00:00","breadcrumb":{"@id":"https:\/\/dispotech.ch\/fr\/prodotto\/perfecto-couvre-siege\/#breadcrumb"},"inLanguage":"fr-FR","potentialAction":[{"@type":"ReadAction","target":["https:\/\/dispotech.ch\/fr\/prodotto\/perfecto-couvre-siege\/"]}]},{"@type":"ImageObject","inLanguage":"fr-FR","@id":"https:\/\/dispotech.ch\/fr\/prodotto\/perfecto-couvre-siege\/#primaryimage","url":"https:\/\/dispotech.ch\/wp-content\/uploads\/2022\/05\/Copri-sedia-scaled.jpg","contentUrl":"https:\/\/dispotech.ch\/wp-content\/uploads\/2022\/05\/Copri-sedia-scaled.jpg","width":2560,"height":1920},{"@type":"BreadcrumbList","@id":"https:\/\/dispotech.ch\/fr\/prodotto\/perfecto-couvre-siege\/#breadcrumb","itemListElement":[{"@type":"ListItem","position":1,"name":"Home","item":"https:\/\/dispotech.ch\/fr\/"},{"@type":"ListItem","position":2,"name":"Shop","item":"https:\/\/dispotech.ch\/fr\/shop-2\/"},{"@type":"ListItem","position":3,"name":"Perfecto Couvre-si\u00e8ge"}]},{"@type":"WebSite","@id":"https:\/\/dispotech.ch\/#website","url":"https:\/\/dispotech.ch\/","name":"Dispotech Shop","description":"","potentialAction":[{"@type":"SearchAction","target":{"@type":"EntryPoint","urlTemplate":"https:\/\/dispotech.ch\/?s={search_term_string}"},"query-input":{"@type":"PropertyValueSpecification","valueRequired":true,"valueName":"search_term_string"}}],"inLanguage":"fr-FR"}]}},"_links":{"self":[{"href":"https:\/\/dispotech.ch\/fr\/wp-json\/wp\/v2\/product\/23349","targetHints":{"allow":["GET"]}}],"collection":[{"href":"https:\/\/dispotech.ch\/fr\/wp-json\/wp\/v2\/product"}],"about":[{"href":"https:\/\/dispotech.ch\/fr\/wp-json\/wp\/v2\/types\/product"}],"replies":[{"embeddable":true,"href":"https:\/\/dispotech.ch\/fr\/wp-json\/wp\/v2\/comments?post=23349"}],"wp:featuredmedia":[{"embeddable":true,"href":"https:\/\/dispotech.ch\/fr\/wp-json\/wp\/v2\/media\/23356"}],"wp:attachment":[{"href":"https:\/\/dispotech.ch\/fr\/wp-json\/wp\/v2\/media?parent=23349"}],"wp:term":[{"taxonomy":"product_brand","embeddable":true,"href":"https:\/\/dispotech.ch\/fr\/wp-json\/wp\/v2\/product_brand?post=23349"},{"taxonomy":"product_cat","embeddable":true,"href":"https:\/\/dispotech.ch\/fr\/wp-json\/wp\/v2\/product_cat?post=23349"},{"taxonomy":"product_tag","embeddable":true,"href":"https:\/\/dispotech.ch\/fr\/wp-json\/wp\/v2\/product_tag?post=23349"}],"curies":[{"name":"wp","href":"https:\/\/api.w.org\/{rel}","templated":true}]}}