{"id":25595,"date":"2023-10-06T09:16:14","date_gmt":"2023-10-06T07:16:22","guid":{"rendered":"https:\/\/dispotech.ch\/?post_type=product&#038;p=25595"},"modified":"2023-10-06T09:29:37","modified_gmt":"2023-10-06T07:29:37","slug":"bavoirs-ecologiques","status":"publish","type":"product","link":"https:\/\/dispotech.ch\/fr\/prodotto\/bavoirs-ecologiques\/","title":{"rendered":"Bavoirs \u00c9cologiques"},"content":{"rendered":"","protected":false},"excerpt":{"rendered":"<p>R\u00e9alis\u00e9s en rouleaux de ouate\/poly\u00e9thyl\u00e8ne et ont une capacit\u00e9 d\u2019absorption \u00e9lev\u00e9e. Il est imperm\u00e9able et r\u00e9siste aux d\u00e9chirures. 50 x 60 CM * 80 bavoirs<\/p>\n<p>Ces bavoirs sont fabriqu\u00e9s avec 42 % de plastique en moins par rapport aux tabliers classiques, tout en conservant les m\u00eames caract\u00e9ristiques.<br \/>\n&nbsp;<\/p>\n","protected":false},"featured_media":25617,"comment_status":"open","ping_status":"closed","template":"","meta":{"_acf_changed":false},"product_brand":[],"product_cat":[286],"product_tag":[386],"class_list":{"0":"post-25595","1":"product","2":"type-product","3":"status-publish","4":"has-post-thumbnail","6":"product_cat-dental-fr","7":"product_tag-mantelline-fr","9":"first","10":"instock","11":"taxable","12":"shipping-taxable","13":"purchasable","14":"product-type-variable"},"acf":[],"yoast_head":"<!-- This site is optimized with the Yoast SEO plugin v27.3 - https:\/\/yoast.com\/product\/yoast-seo-wordpress\/ -->\n<title>Bavoirs \u00c9cologiques - Dispotech Shop<\/title>\n<meta name=\"robots\" content=\"index, follow, max-snippet:-1, max-image-preview:large, max-video-preview:-1\" \/>\n<link rel=\"canonical\" href=\"https:\/\/dispotech.ch\/fr\/prodotto\/bavoirs-ecologiques\/\" \/>\n<meta property=\"og:locale\" content=\"fr_FR\" \/>\n<meta property=\"og:type\" content=\"article\" \/>\n<meta property=\"og:title\" content=\"Bavoirs \u00c9cologiques - Dispotech Shop\" \/>\n<meta property=\"og:description\" content=\"R\u00e9alis\u00e9s en rouleaux de ouate\/poly\u00e9thyl\u00e8ne et ont une capacit\u00e9 d\u2019absorption \u00e9lev\u00e9e. Il est imperm\u00e9able et r\u00e9siste aux d\u00e9chirures. 50 x 60 CM * 80 bavoirs  Ces bavoirs sont fabriqu\u00e9s avec 42 % de plastique en moins par rapport aux tabliers classiques, tout en conservant les m\u00eames caract\u00e9ristiques. &nbsp;\" \/>\n<meta property=\"og:url\" content=\"https:\/\/dispotech.ch\/fr\/prodotto\/bavoirs-ecologiques\/\" \/>\n<meta property=\"og:site_name\" content=\"Dispotech Shop\" \/>\n<meta property=\"article:modified_time\" content=\"2023-10-06T07:29:37+00:00\" \/>\n<meta property=\"og:image\" content=\"https:\/\/dispotech.ch\/wp-content\/uploads\/2023\/10\/Mantellina-eco-01-2-scaled.jpg\" \/>\n\t<meta property=\"og:image:width\" content=\"2560\" \/>\n\t<meta property=\"og:image:height\" content=\"1920\" \/>\n\t<meta property=\"og:image:type\" content=\"image\/jpeg\" \/>\n<meta name=\"twitter:card\" content=\"summary_large_image\" \/>\n<script type=\"application\/ld+json\" class=\"yoast-schema-graph\">{\"@context\":\"https:\\\/\\\/schema.org\",\"@graph\":[{\"@type\":\"WebPage\",\"@id\":\"https:\\\/\\\/dispotech.ch\\\/fr\\\/prodotto\\\/bavoirs-ecologiques\\\/\",\"url\":\"https:\\\/\\\/dispotech.ch\\\/fr\\\/prodotto\\\/bavoirs-ecologiques\\\/\",\"name\":\"Bavoirs \u00c9cologiques - Dispotech Shop\",\"isPartOf\":{\"@id\":\"https:\\\/\\\/dispotech.ch\\\/#website\"},\"primaryImageOfPage\":{\"@id\":\"https:\\\/\\\/dispotech.ch\\\/fr\\\/prodotto\\\/bavoirs-ecologiques\\\/#primaryimage\"},\"image\":{\"@id\":\"https:\\\/\\\/dispotech.ch\\\/fr\\\/prodotto\\\/bavoirs-ecologiques\\\/#primaryimage\"},\"thumbnailUrl\":\"https:\\\/\\\/dispotech.ch\\\/wp-content\\\/uploads\\\/2023\\\/10\\\/Mantellina-eco-01-2-scaled.jpg\",\"datePublished\":\"2023-10-06T07:16:22+00:00\",\"dateModified\":\"2023-10-06T07:29:37+00:00\",\"breadcrumb\":{\"@id\":\"https:\\\/\\\/dispotech.ch\\\/fr\\\/prodotto\\\/bavoirs-ecologiques\\\/#breadcrumb\"},\"inLanguage\":\"fr-FR\",\"potentialAction\":[{\"@type\":\"ReadAction\",\"target\":[\"https:\\\/\\\/dispotech.ch\\\/fr\\\/prodotto\\\/bavoirs-ecologiques\\\/\"]}]},{\"@type\":\"ImageObject\",\"inLanguage\":\"fr-FR\",\"@id\":\"https:\\\/\\\/dispotech.ch\\\/fr\\\/prodotto\\\/bavoirs-ecologiques\\\/#primaryimage\",\"url\":\"https:\\\/\\\/dispotech.ch\\\/wp-content\\\/uploads\\\/2023\\\/10\\\/Mantellina-eco-01-2-scaled.jpg\",\"contentUrl\":\"https:\\\/\\\/dispotech.ch\\\/wp-content\\\/uploads\\\/2023\\\/10\\\/Mantellina-eco-01-2-scaled.jpg\",\"width\":2560,\"height\":1920},{\"@type\":\"BreadcrumbList\",\"@id\":\"https:\\\/\\\/dispotech.ch\\\/fr\\\/prodotto\\\/bavoirs-ecologiques\\\/#breadcrumb\",\"itemListElement\":[{\"@type\":\"ListItem\",\"position\":1,\"name\":\"Home\",\"item\":\"https:\\\/\\\/dispotech.ch\\\/fr\\\/\"},{\"@type\":\"ListItem\",\"position\":2,\"name\":\"Shop\",\"item\":\"https:\\\/\\\/dispotech.ch\\\/fr\\\/shop-2\\\/\"},{\"@type\":\"ListItem\",\"position\":3,\"name\":\"Bavoirs \u00c9cologiques\"}]},{\"@type\":\"WebSite\",\"@id\":\"https:\\\/\\\/dispotech.ch\\\/#website\",\"url\":\"https:\\\/\\\/dispotech.ch\\\/\",\"name\":\"Dispotech Shop\",\"description\":\"\",\"potentialAction\":[{\"@type\":\"SearchAction\",\"target\":{\"@type\":\"EntryPoint\",\"urlTemplate\":\"https:\\\/\\\/dispotech.ch\\\/?s={search_term_string}\"},\"query-input\":{\"@type\":\"PropertyValueSpecification\",\"valueRequired\":true,\"valueName\":\"search_term_string\"}}],\"inLanguage\":\"fr-FR\"}]}<\/script>\n<!-- \/ Yoast SEO plugin. -->","yoast_head_json":{"title":"Bavoirs \u00c9cologiques - Dispotech Shop","robots":{"index":"index","follow":"follow","max-snippet":"max-snippet:-1","max-image-preview":"max-image-preview:large","max-video-preview":"max-video-preview:-1"},"canonical":"https:\/\/dispotech.ch\/fr\/prodotto\/bavoirs-ecologiques\/","og_locale":"fr_FR","og_type":"article","og_title":"Bavoirs \u00c9cologiques - Dispotech Shop","og_description":"R\u00e9alis\u00e9s en rouleaux de ouate\/poly\u00e9thyl\u00e8ne et ont une capacit\u00e9 d\u2019absorption \u00e9lev\u00e9e. Il est imperm\u00e9able et r\u00e9siste aux d\u00e9chirures. 50 x 60 CM * 80 bavoirs  Ces bavoirs sont fabriqu\u00e9s avec 42 % de plastique en moins par rapport aux tabliers classiques, tout en conservant les m\u00eames caract\u00e9ristiques. &nbsp;","og_url":"https:\/\/dispotech.ch\/fr\/prodotto\/bavoirs-ecologiques\/","og_site_name":"Dispotech Shop","article_modified_time":"2023-10-06T07:29:37+00:00","og_image":[{"width":2560,"height":1920,"url":"https:\/\/dispotech.ch\/wp-content\/uploads\/2023\/10\/Mantellina-eco-01-2-scaled.jpg","type":"image\/jpeg"}],"twitter_card":"summary_large_image","schema":{"@context":"https:\/\/schema.org","@graph":[{"@type":"WebPage","@id":"https:\/\/dispotech.ch\/fr\/prodotto\/bavoirs-ecologiques\/","url":"https:\/\/dispotech.ch\/fr\/prodotto\/bavoirs-ecologiques\/","name":"Bavoirs \u00c9cologiques - Dispotech Shop","isPartOf":{"@id":"https:\/\/dispotech.ch\/#website"},"primaryImageOfPage":{"@id":"https:\/\/dispotech.ch\/fr\/prodotto\/bavoirs-ecologiques\/#primaryimage"},"image":{"@id":"https:\/\/dispotech.ch\/fr\/prodotto\/bavoirs-ecologiques\/#primaryimage"},"thumbnailUrl":"https:\/\/dispotech.ch\/wp-content\/uploads\/2023\/10\/Mantellina-eco-01-2-scaled.jpg","datePublished":"2023-10-06T07:16:22+00:00","dateModified":"2023-10-06T07:29:37+00:00","breadcrumb":{"@id":"https:\/\/dispotech.ch\/fr\/prodotto\/bavoirs-ecologiques\/#breadcrumb"},"inLanguage":"fr-FR","potentialAction":[{"@type":"ReadAction","target":["https:\/\/dispotech.ch\/fr\/prodotto\/bavoirs-ecologiques\/"]}]},{"@type":"ImageObject","inLanguage":"fr-FR","@id":"https:\/\/dispotech.ch\/fr\/prodotto\/bavoirs-ecologiques\/#primaryimage","url":"https:\/\/dispotech.ch\/wp-content\/uploads\/2023\/10\/Mantellina-eco-01-2-scaled.jpg","contentUrl":"https:\/\/dispotech.ch\/wp-content\/uploads\/2023\/10\/Mantellina-eco-01-2-scaled.jpg","width":2560,"height":1920},{"@type":"BreadcrumbList","@id":"https:\/\/dispotech.ch\/fr\/prodotto\/bavoirs-ecologiques\/#breadcrumb","itemListElement":[{"@type":"ListItem","position":1,"name":"Home","item":"https:\/\/dispotech.ch\/fr\/"},{"@type":"ListItem","position":2,"name":"Shop","item":"https:\/\/dispotech.ch\/fr\/shop-2\/"},{"@type":"ListItem","position":3,"name":"Bavoirs \u00c9cologiques"}]},{"@type":"WebSite","@id":"https:\/\/dispotech.ch\/#website","url":"https:\/\/dispotech.ch\/","name":"Dispotech Shop","description":"","potentialAction":[{"@type":"SearchAction","target":{"@type":"EntryPoint","urlTemplate":"https:\/\/dispotech.ch\/?s={search_term_string}"},"query-input":{"@type":"PropertyValueSpecification","valueRequired":true,"valueName":"search_term_string"}}],"inLanguage":"fr-FR"}]}},"_links":{"self":[{"href":"https:\/\/dispotech.ch\/fr\/wp-json\/wp\/v2\/product\/25595","targetHints":{"allow":["GET"]}}],"collection":[{"href":"https:\/\/dispotech.ch\/fr\/wp-json\/wp\/v2\/product"}],"about":[{"href":"https:\/\/dispotech.ch\/fr\/wp-json\/wp\/v2\/types\/product"}],"replies":[{"embeddable":true,"href":"https:\/\/dispotech.ch\/fr\/wp-json\/wp\/v2\/comments?post=25595"}],"wp:featuredmedia":[{"embeddable":true,"href":"https:\/\/dispotech.ch\/fr\/wp-json\/wp\/v2\/media\/25617"}],"wp:attachment":[{"href":"https:\/\/dispotech.ch\/fr\/wp-json\/wp\/v2\/media?parent=25595"}],"wp:term":[{"taxonomy":"product_brand","embeddable":true,"href":"https:\/\/dispotech.ch\/fr\/wp-json\/wp\/v2\/product_brand?post=25595"},{"taxonomy":"product_cat","embeddable":true,"href":"https:\/\/dispotech.ch\/fr\/wp-json\/wp\/v2\/product_cat?post=25595"},{"taxonomy":"product_tag","embeddable":true,"href":"https:\/\/dispotech.ch\/fr\/wp-json\/wp\/v2\/product_tag?post=25595"}],"curies":[{"name":"wp","href":"https:\/\/api.w.org\/{rel}","templated":true}]}}