{"id":25935,"date":"2025-09-24T12:03:08","date_gmt":"2025-09-24T10:03:08","guid":{"rendered":"https:\/\/dispotech.ch\/?post_type=product&#038;p=25935"},"modified":"2025-09-26T12:38:04","modified_gmt":"2025-09-26T10:38:04","slug":"easy-ice-mini","status":"publish","type":"product","link":"https:\/\/dispotech.ch\/fr\/prodotto\/easy-ice-mini\/","title":{"rendered":"Easy Ice Mini"},"content":{"rendered":"","protected":false},"excerpt":{"rendered":"<p><strong>Easy Ice Mini de Dispotech est une compresse de froid instantan\u00e9 (\u00e0 usage unique)<\/strong>\u00a0en poly\u00e9thyl\u00e8ne (PE).<\/p>\n<h2><strong>Easy Ice Mini<\/strong> : sp\u00e9cifications du produit<\/h2>\n<ul>\n<li>Description : <strong>poche de froid \u00e0 usage imm\u00e9diat<\/strong><\/li>\n<li>Dimensions : <strong>8 x 13 cm <\/strong><\/li>\n<li>Classification : <strong>Dispositif M\u00e9dical Classe IIA <\/strong><\/li>\n<li>Sac ext\u00e9rieur : <strong>PE doubl\u00e9<\/strong>\u00a0avec soudures thermiques pour garantir <strong>la<\/strong> <strong>r\u00e9sistance, la thermosoudabilit\u00e9 et l&rsquo;imperm\u00e9abilit\u00e9<\/strong>.<\/li>\n<li>Bulle d&rsquo;eau int\u00e9rieure : r\u00e9alis\u00e9e en mat\u00e9riau bicouche. <strong>Se casse en exer\u00e7ant une l\u00e9g\u00e8re pression avec les doigts <\/strong><\/li>\n<li>Stockage : <strong>conserver \u00e0 temp\u00e9rature ambiante<\/strong>, loin des sources de chaleur, des flammes nues ou des \u00e9tincelles<\/li>\n<li>Emballage : <strong>Cartons<\/strong>.<\/li>\n<\/ul>\n<h3>Easy Ice Mini : domaines d&rsquo;utilisation<\/h3>\n<p>Easy Ice Mini est une compresse de froid instantan\u00e9, facile \u00e0 utiliser, id\u00e9ale pour la cryoth\u00e9rapie.<\/p>\n<p><strong>Contre le stress thermique ou les coups de chaleur<\/strong> : peut fournir un soulagement rafra\u00eechissant rapide.<\/p>\n<p><strong>Pendant les activit\u00e9s sportives en plein air<\/strong> : soulage rapidement la douleur et le gonflement des petits traumatismes.<\/p>\n<p><strong>En cas de travaux intenses sous le soleil<\/strong> : permet de travailler plus confortablement m\u00eame pendant les journ\u00e9es les plus chaudes.<\/p>\n","protected":false},"featured_media":27396,"comment_status":"open","ping_status":"closed","template":"","meta":{"_acf_changed":false},"product_brand":[],"product_cat":[452,417,440],"product_tag":[],"class_list":{"0":"post-25935","1":"product","2":"type-product","3":"status-publish","4":"has-post-thumbnail","6":"product_cat-medical-fr","7":"product_cat-novita-fr","8":"product_cat-poche-de-froid","10":"first","11":"instock","12":"taxable","13":"shipping-taxable","14":"purchasable","15":"product-type-variable"},"acf":[],"yoast_head":"<!-- This site is optimized with the Yoast SEO plugin v27.3 - https:\/\/yoast.com\/product\/yoast-seo-wordpress\/ -->\n<title>Easy Ice Mini Dispotech | Glace instantan\u00e9e jetable<\/title>\n<meta name=\"description\" content=\"D\u00e9couvrez Easy Ice Mini de Dispotech : glace instantan\u00e9e pr\u00eate \u00e0 l\u2019emploi, pratique et s\u00fbre pour petits traumatismes et premiers secours.\" \/>\n<meta name=\"robots\" content=\"index, follow, max-snippet:-1, max-image-preview:large, max-video-preview:-1\" \/>\n<link rel=\"canonical\" href=\"https:\/\/dispotech.ch\/fr\/prodotto\/easy-ice-mini\/\" \/>\n<meta property=\"og:locale\" content=\"fr_FR\" \/>\n<meta property=\"og:type\" content=\"article\" \/>\n<meta property=\"og:title\" content=\"Easy Ice Mini Dispotech | Glace instantan\u00e9e jetable\" \/>\n<meta property=\"og:description\" content=\"D\u00e9couvrez Easy Ice Mini de Dispotech : glace instantan\u00e9e pr\u00eate \u00e0 l\u2019emploi, pratique et s\u00fbre pour petits traumatismes et premiers secours.\" \/>\n<meta property=\"og:url\" content=\"https:\/\/dispotech.ch\/fr\/prodotto\/easy-ice-mini\/\" \/>\n<meta property=\"og:site_name\" content=\"Dispotech Shop\" \/>\n<meta property=\"article:modified_time\" content=\"2025-09-26T10:38:04+00:00\" \/>\n<meta property=\"og:image\" content=\"https:\/\/dispotech.ch\/wp-content\/uploads\/2025\/09\/easy-ice-mini-1.jpg\" \/>\n\t<meta property=\"og:image:width\" content=\"1200\" \/>\n\t<meta property=\"og:image:height\" content=\"1200\" \/>\n\t<meta property=\"og:image:type\" content=\"image\/jpeg\" \/>\n<meta name=\"twitter:card\" content=\"summary_large_image\" \/>\n<meta name=\"twitter:label1\" content=\"Dur\u00e9e de lecture estim\u00e9e\" \/>\n\t<meta name=\"twitter:data1\" content=\"1 minute\" \/>\n<script type=\"application\/ld+json\" class=\"yoast-schema-graph\">{\"@context\":\"https:\\\/\\\/schema.org\",\"@graph\":[{\"@type\":\"WebPage\",\"@id\":\"https:\\\/\\\/dispotech.ch\\\/fr\\\/prodotto\\\/easy-ice-mini\\\/\",\"url\":\"https:\\\/\\\/dispotech.ch\\\/fr\\\/prodotto\\\/easy-ice-mini\\\/\",\"name\":\"Easy Ice Mini Dispotech | Glace instantan\u00e9e jetable\",\"isPartOf\":{\"@id\":\"https:\\\/\\\/dispotech.ch\\\/#website\"},\"primaryImageOfPage\":{\"@id\":\"https:\\\/\\\/dispotech.ch\\\/fr\\\/prodotto\\\/easy-ice-mini\\\/#primaryimage\"},\"image\":{\"@id\":\"https:\\\/\\\/dispotech.ch\\\/fr\\\/prodotto\\\/easy-ice-mini\\\/#primaryimage\"},\"thumbnailUrl\":\"https:\\\/\\\/dispotech.ch\\\/wp-content\\\/uploads\\\/2025\\\/09\\\/easy-ice-mini-1.jpg\",\"datePublished\":\"2025-09-24T10:03:08+00:00\",\"dateModified\":\"2025-09-26T10:38:04+00:00\",\"description\":\"D\u00e9couvrez Easy Ice Mini de Dispotech : glace instantan\u00e9e pr\u00eate \u00e0 l\u2019emploi, pratique et s\u00fbre pour petits traumatismes et premiers secours.\",\"breadcrumb\":{\"@id\":\"https:\\\/\\\/dispotech.ch\\\/fr\\\/prodotto\\\/easy-ice-mini\\\/#breadcrumb\"},\"inLanguage\":\"fr-FR\",\"potentialAction\":[{\"@type\":\"ReadAction\",\"target\":[\"https:\\\/\\\/dispotech.ch\\\/fr\\\/prodotto\\\/easy-ice-mini\\\/\"]}]},{\"@type\":\"ImageObject\",\"inLanguage\":\"fr-FR\",\"@id\":\"https:\\\/\\\/dispotech.ch\\\/fr\\\/prodotto\\\/easy-ice-mini\\\/#primaryimage\",\"url\":\"https:\\\/\\\/dispotech.ch\\\/wp-content\\\/uploads\\\/2025\\\/09\\\/easy-ice-mini-1.jpg\",\"contentUrl\":\"https:\\\/\\\/dispotech.ch\\\/wp-content\\\/uploads\\\/2025\\\/09\\\/easy-ice-mini-1.jpg\",\"width\":1200,\"height\":1200,\"caption\":\"Easy Ice Mini\"},{\"@type\":\"BreadcrumbList\",\"@id\":\"https:\\\/\\\/dispotech.ch\\\/fr\\\/prodotto\\\/easy-ice-mini\\\/#breadcrumb\",\"itemListElement\":[{\"@type\":\"ListItem\",\"position\":1,\"name\":\"Home\",\"item\":\"https:\\\/\\\/dispotech.ch\\\/fr\\\/\"},{\"@type\":\"ListItem\",\"position\":2,\"name\":\"Shop\",\"item\":\"https:\\\/\\\/dispotech.ch\\\/fr\\\/shop-2\\\/\"},{\"@type\":\"ListItem\",\"position\":3,\"name\":\"Easy Ice Mini\"}]},{\"@type\":\"WebSite\",\"@id\":\"https:\\\/\\\/dispotech.ch\\\/#website\",\"url\":\"https:\\\/\\\/dispotech.ch\\\/\",\"name\":\"Dispotech Shop\",\"description\":\"\",\"potentialAction\":[{\"@type\":\"SearchAction\",\"target\":{\"@type\":\"EntryPoint\",\"urlTemplate\":\"https:\\\/\\\/dispotech.ch\\\/?s={search_term_string}\"},\"query-input\":{\"@type\":\"PropertyValueSpecification\",\"valueRequired\":true,\"valueName\":\"search_term_string\"}}],\"inLanguage\":\"fr-FR\"}]}<\/script>\n<!-- \/ Yoast SEO plugin. -->","yoast_head_json":{"title":"Easy Ice Mini Dispotech | Glace instantan\u00e9e jetable","description":"D\u00e9couvrez Easy Ice Mini de Dispotech : glace instantan\u00e9e pr\u00eate \u00e0 l\u2019emploi, pratique et s\u00fbre pour petits traumatismes et premiers secours.","robots":{"index":"index","follow":"follow","max-snippet":"max-snippet:-1","max-image-preview":"max-image-preview:large","max-video-preview":"max-video-preview:-1"},"canonical":"https:\/\/dispotech.ch\/fr\/prodotto\/easy-ice-mini\/","og_locale":"fr_FR","og_type":"article","og_title":"Easy Ice Mini Dispotech | Glace instantan\u00e9e jetable","og_description":"D\u00e9couvrez Easy Ice Mini de Dispotech : glace instantan\u00e9e pr\u00eate \u00e0 l\u2019emploi, pratique et s\u00fbre pour petits traumatismes et premiers secours.","og_url":"https:\/\/dispotech.ch\/fr\/prodotto\/easy-ice-mini\/","og_site_name":"Dispotech Shop","article_modified_time":"2025-09-26T10:38:04+00:00","og_image":[{"width":1200,"height":1200,"url":"https:\/\/dispotech.ch\/wp-content\/uploads\/2025\/09\/easy-ice-mini-1.jpg","type":"image\/jpeg"}],"twitter_card":"summary_large_image","twitter_misc":{"Dur\u00e9e de lecture estim\u00e9e":"1 minute"},"schema":{"@context":"https:\/\/schema.org","@graph":[{"@type":"WebPage","@id":"https:\/\/dispotech.ch\/fr\/prodotto\/easy-ice-mini\/","url":"https:\/\/dispotech.ch\/fr\/prodotto\/easy-ice-mini\/","name":"Easy Ice Mini Dispotech | Glace instantan\u00e9e jetable","isPartOf":{"@id":"https:\/\/dispotech.ch\/#website"},"primaryImageOfPage":{"@id":"https:\/\/dispotech.ch\/fr\/prodotto\/easy-ice-mini\/#primaryimage"},"image":{"@id":"https:\/\/dispotech.ch\/fr\/prodotto\/easy-ice-mini\/#primaryimage"},"thumbnailUrl":"https:\/\/dispotech.ch\/wp-content\/uploads\/2025\/09\/easy-ice-mini-1.jpg","datePublished":"2025-09-24T10:03:08+00:00","dateModified":"2025-09-26T10:38:04+00:00","description":"D\u00e9couvrez Easy Ice Mini de Dispotech : glace instantan\u00e9e pr\u00eate \u00e0 l\u2019emploi, pratique et s\u00fbre pour petits traumatismes et premiers secours.","breadcrumb":{"@id":"https:\/\/dispotech.ch\/fr\/prodotto\/easy-ice-mini\/#breadcrumb"},"inLanguage":"fr-FR","potentialAction":[{"@type":"ReadAction","target":["https:\/\/dispotech.ch\/fr\/prodotto\/easy-ice-mini\/"]}]},{"@type":"ImageObject","inLanguage":"fr-FR","@id":"https:\/\/dispotech.ch\/fr\/prodotto\/easy-ice-mini\/#primaryimage","url":"https:\/\/dispotech.ch\/wp-content\/uploads\/2025\/09\/easy-ice-mini-1.jpg","contentUrl":"https:\/\/dispotech.ch\/wp-content\/uploads\/2025\/09\/easy-ice-mini-1.jpg","width":1200,"height":1200,"caption":"Easy Ice Mini"},{"@type":"BreadcrumbList","@id":"https:\/\/dispotech.ch\/fr\/prodotto\/easy-ice-mini\/#breadcrumb","itemListElement":[{"@type":"ListItem","position":1,"name":"Home","item":"https:\/\/dispotech.ch\/fr\/"},{"@type":"ListItem","position":2,"name":"Shop","item":"https:\/\/dispotech.ch\/fr\/shop-2\/"},{"@type":"ListItem","position":3,"name":"Easy Ice Mini"}]},{"@type":"WebSite","@id":"https:\/\/dispotech.ch\/#website","url":"https:\/\/dispotech.ch\/","name":"Dispotech Shop","description":"","potentialAction":[{"@type":"SearchAction","target":{"@type":"EntryPoint","urlTemplate":"https:\/\/dispotech.ch\/?s={search_term_string}"},"query-input":{"@type":"PropertyValueSpecification","valueRequired":true,"valueName":"search_term_string"}}],"inLanguage":"fr-FR"}]}},"_links":{"self":[{"href":"https:\/\/dispotech.ch\/fr\/wp-json\/wp\/v2\/product\/25935","targetHints":{"allow":["GET"]}}],"collection":[{"href":"https:\/\/dispotech.ch\/fr\/wp-json\/wp\/v2\/product"}],"about":[{"href":"https:\/\/dispotech.ch\/fr\/wp-json\/wp\/v2\/types\/product"}],"replies":[{"embeddable":true,"href":"https:\/\/dispotech.ch\/fr\/wp-json\/wp\/v2\/comments?post=25935"}],"wp:featuredmedia":[{"embeddable":true,"href":"https:\/\/dispotech.ch\/fr\/wp-json\/wp\/v2\/media\/27396"}],"wp:attachment":[{"href":"https:\/\/dispotech.ch\/fr\/wp-json\/wp\/v2\/media?parent=25935"}],"wp:term":[{"taxonomy":"product_brand","embeddable":true,"href":"https:\/\/dispotech.ch\/fr\/wp-json\/wp\/v2\/product_brand?post=25935"},{"taxonomy":"product_cat","embeddable":true,"href":"https:\/\/dispotech.ch\/fr\/wp-json\/wp\/v2\/product_cat?post=25935"},{"taxonomy":"product_tag","embeddable":true,"href":"https:\/\/dispotech.ch\/fr\/wp-json\/wp\/v2\/product_tag?post=25935"}],"curies":[{"name":"wp","href":"https:\/\/api.w.org\/{rel}","templated":true}]}}