{"id":26275,"date":"2025-05-25T18:43:46","date_gmt":"2025-05-25T16:43:46","guid":{"rendered":"https:\/\/dispotech.ch\/?post_type=product&#038;p=26275"},"modified":"2024-12-06T12:00:40","modified_gmt":"2024-12-06T11:00:40","slug":"masque-medical-type-iir-2","status":"publish","type":"product","link":"https:\/\/dispotech.ch\/fr\/prodotto\/masque-medical-type-iir-2\/","title":{"rendered":"masque m\u00e9dical Type IIR"},"content":{"rendered":"<p>Les masques Dispo sont des <strong>masques jetables<\/strong> avec des sangles \u00e9lastiques confortables et un clip nasal ajustable. Ils sont compos\u00e9s de trois couches de tissu non tiss\u00e9 (TNT) et garantissent un <strong>confort optimal<\/strong> : la couche ext\u00e9rieure est respirante, la couche interm\u00e9diaire offre une haute efficacit\u00e9 de filtration \u00e9lev\u00e9 (99 % B.F.E.) et la couche int\u00e9rieure est r\u00e9sistante et hypoallerg\u00e9nique.<\/p>\n<p>Les masques jetables sont des dispositifs m\u00e9dicaux de type IIR.<\/p>\n<h2><strong>Vendu en cartons de 50 pi\u00e8ces<\/strong><\/h2>\n<p>&nbsp;<\/p>\n","protected":false},"excerpt":{"rendered":"<p>Les masques Dispo sont des <strong>masques jetables<\/strong> avec des sangles \u00e9lastiques confortables et un clip nasal ajustable. Ils sont compos\u00e9s de trois couches de tissu non tiss\u00e9 (TNT) et garantissent un <strong>confort optimal<\/strong> : la couche ext\u00e9rieure est respirante, la couche interm\u00e9diaire offre une haute efficacit\u00e9 de filtration \u00e9lev\u00e9 (99 % B.F.E.) et la couche int\u00e9rieure est r\u00e9sistante et hypoallerg\u00e9nique.<\/p>\n<p>Les masques jetables sont des dispositifs m\u00e9dicaux de type IIR.<\/p>\n<h2><strong>Vendu en cartons de 50 pi\u00e8ces<\/strong><\/h2>\n","protected":false},"featured_media":26293,"comment_status":"open","ping_status":"closed","template":"","meta":{"_acf_changed":false},"product_brand":[],"product_cat":[286,452],"product_tag":[237,235,236],"class_list":{"0":"post-26275","1":"product","2":"type-product","3":"status-publish","4":"has-post-thumbnail","6":"product_cat-dental-fr","7":"product_cat-medical-fr","8":"product_tag-masque-fr-3","9":"product_tag-masque-fr","10":"product_tag-masque-fr-2","12":"first","13":"instock","14":"taxable","15":"shipping-taxable","16":"purchasable","17":"product-type-variable"},"acf":[],"yoast_head":"<!-- This site is optimized with the Yoast SEO plugin v27.3 - https:\/\/yoast.com\/product\/yoast-seo-wordpress\/ -->\n<title>Masques jetables confortables en 7 couleurs diff\u00e9rentes<\/title>\n<meta name=\"description\" content=\"Masques jetables avec \u00e9lastiques et barrette nasale ajustable. Fabriqu\u00e9s en trois couches de non-tiss\u00e9, ils garantissent un confort optimal. Disponibles en 7 couleurs.\" \/>\n<meta name=\"robots\" content=\"index, follow, max-snippet:-1, max-image-preview:large, max-video-preview:-1\" \/>\n<link rel=\"canonical\" href=\"https:\/\/dispotech.ch\/fr\/prodotto\/masque-medical-type-iir-2\/\" \/>\n<meta property=\"og:locale\" content=\"fr_FR\" \/>\n<meta property=\"og:type\" content=\"article\" \/>\n<meta property=\"og:title\" content=\"Masques jetables confortables en 7 couleurs diff\u00e9rentes\" \/>\n<meta property=\"og:description\" content=\"Masques jetables avec \u00e9lastiques et barrette nasale ajustable. Fabriqu\u00e9s en trois couches de non-tiss\u00e9, ils garantissent un confort optimal. Disponibles en 7 couleurs.\" \/>\n<meta property=\"og:url\" content=\"https:\/\/dispotech.ch\/fr\/prodotto\/masque-medical-type-iir-2\/\" \/>\n<meta property=\"og:site_name\" content=\"Dispotech Shop\" \/>\n<meta property=\"og:image\" content=\"https:\/\/dispotech.ch\/wp-content\/uploads\/2020\/09\/Perfecto-.-Mascherina-.-Gamma-colori-2.jpg\" \/>\n\t<meta property=\"og:image:width\" content=\"2304\" \/>\n\t<meta property=\"og:image:height\" content=\"1727\" \/>\n\t<meta property=\"og:image:type\" content=\"image\/jpeg\" \/>\n<meta name=\"twitter:card\" content=\"summary_large_image\" \/>\n<meta name=\"twitter:label1\" content=\"Dur\u00e9e de lecture estim\u00e9e\" \/>\n\t<meta name=\"twitter:data1\" content=\"1 minute\" \/>\n<script type=\"application\/ld+json\" class=\"yoast-schema-graph\">{\"@context\":\"https:\\\/\\\/schema.org\",\"@graph\":[{\"@type\":\"WebPage\",\"@id\":\"https:\\\/\\\/dispotech.ch\\\/fr\\\/prodotto\\\/masque-medical-type-iir-2\\\/\",\"url\":\"https:\\\/\\\/dispotech.ch\\\/fr\\\/prodotto\\\/masque-medical-type-iir-2\\\/\",\"name\":\"Masques jetables confortables en 7 couleurs diff\u00e9rentes\",\"isPartOf\":{\"@id\":\"https:\\\/\\\/dispotech.ch\\\/#website\"},\"primaryImageOfPage\":{\"@id\":\"https:\\\/\\\/dispotech.ch\\\/fr\\\/prodotto\\\/masque-medical-type-iir-2\\\/#primaryimage\"},\"image\":{\"@id\":\"https:\\\/\\\/dispotech.ch\\\/fr\\\/prodotto\\\/masque-medical-type-iir-2\\\/#primaryimage\"},\"thumbnailUrl\":\"https:\\\/\\\/dispotech.ch\\\/wp-content\\\/uploads\\\/2020\\\/09\\\/Perfecto-.-Mascherina-.-Gamma-colori-2.jpg\",\"datePublished\":\"2025-05-25T16:43:46+00:00\",\"description\":\"Masques jetables avec \u00e9lastiques et barrette nasale ajustable. Fabriqu\u00e9s en trois couches de non-tiss\u00e9, ils garantissent un confort optimal. Disponibles en 7 couleurs.\",\"breadcrumb\":{\"@id\":\"https:\\\/\\\/dispotech.ch\\\/fr\\\/prodotto\\\/masque-medical-type-iir-2\\\/#breadcrumb\"},\"inLanguage\":\"fr-FR\",\"potentialAction\":[{\"@type\":\"ReadAction\",\"target\":[\"https:\\\/\\\/dispotech.ch\\\/fr\\\/prodotto\\\/masque-medical-type-iir-2\\\/\"]}]},{\"@type\":\"ImageObject\",\"inLanguage\":\"fr-FR\",\"@id\":\"https:\\\/\\\/dispotech.ch\\\/fr\\\/prodotto\\\/masque-medical-type-iir-2\\\/#primaryimage\",\"url\":\"https:\\\/\\\/dispotech.ch\\\/wp-content\\\/uploads\\\/2020\\\/09\\\/Perfecto-.-Mascherina-.-Gamma-colori-2.jpg\",\"contentUrl\":\"https:\\\/\\\/dispotech.ch\\\/wp-content\\\/uploads\\\/2020\\\/09\\\/Perfecto-.-Mascherina-.-Gamma-colori-2.jpg\",\"width\":2304,\"height\":1727,\"caption\":\"Masque . coleurs 2\"},{\"@type\":\"BreadcrumbList\",\"@id\":\"https:\\\/\\\/dispotech.ch\\\/fr\\\/prodotto\\\/masque-medical-type-iir-2\\\/#breadcrumb\",\"itemListElement\":[{\"@type\":\"ListItem\",\"position\":1,\"name\":\"Home\",\"item\":\"https:\\\/\\\/dispotech.ch\\\/fr\\\/\"},{\"@type\":\"ListItem\",\"position\":2,\"name\":\"Shop\",\"item\":\"https:\\\/\\\/dispotech.ch\\\/fr\\\/shop-2\\\/\"},{\"@type\":\"ListItem\",\"position\":3,\"name\":\"masque m\u00e9dical Type IIR\"}]},{\"@type\":\"WebSite\",\"@id\":\"https:\\\/\\\/dispotech.ch\\\/#website\",\"url\":\"https:\\\/\\\/dispotech.ch\\\/\",\"name\":\"Dispotech Shop\",\"description\":\"\",\"potentialAction\":[{\"@type\":\"SearchAction\",\"target\":{\"@type\":\"EntryPoint\",\"urlTemplate\":\"https:\\\/\\\/dispotech.ch\\\/?s={search_term_string}\"},\"query-input\":{\"@type\":\"PropertyValueSpecification\",\"valueRequired\":true,\"valueName\":\"search_term_string\"}}],\"inLanguage\":\"fr-FR\"}]}<\/script>\n<!-- \/ Yoast SEO plugin. -->","yoast_head_json":{"title":"Masques jetables confortables en 7 couleurs diff\u00e9rentes","description":"Masques jetables avec \u00e9lastiques et barrette nasale ajustable. Fabriqu\u00e9s en trois couches de non-tiss\u00e9, ils garantissent un confort optimal. Disponibles en 7 couleurs.","robots":{"index":"index","follow":"follow","max-snippet":"max-snippet:-1","max-image-preview":"max-image-preview:large","max-video-preview":"max-video-preview:-1"},"canonical":"https:\/\/dispotech.ch\/fr\/prodotto\/masque-medical-type-iir-2\/","og_locale":"fr_FR","og_type":"article","og_title":"Masques jetables confortables en 7 couleurs diff\u00e9rentes","og_description":"Masques jetables avec \u00e9lastiques et barrette nasale ajustable. Fabriqu\u00e9s en trois couches de non-tiss\u00e9, ils garantissent un confort optimal. Disponibles en 7 couleurs.","og_url":"https:\/\/dispotech.ch\/fr\/prodotto\/masque-medical-type-iir-2\/","og_site_name":"Dispotech Shop","og_image":[{"width":2304,"height":1727,"url":"https:\/\/dispotech.ch\/wp-content\/uploads\/2020\/09\/Perfecto-.-Mascherina-.-Gamma-colori-2.jpg","type":"image\/jpeg"}],"twitter_card":"summary_large_image","twitter_misc":{"Dur\u00e9e de lecture estim\u00e9e":"1 minute"},"schema":{"@context":"https:\/\/schema.org","@graph":[{"@type":"WebPage","@id":"https:\/\/dispotech.ch\/fr\/prodotto\/masque-medical-type-iir-2\/","url":"https:\/\/dispotech.ch\/fr\/prodotto\/masque-medical-type-iir-2\/","name":"Masques jetables confortables en 7 couleurs diff\u00e9rentes","isPartOf":{"@id":"https:\/\/dispotech.ch\/#website"},"primaryImageOfPage":{"@id":"https:\/\/dispotech.ch\/fr\/prodotto\/masque-medical-type-iir-2\/#primaryimage"},"image":{"@id":"https:\/\/dispotech.ch\/fr\/prodotto\/masque-medical-type-iir-2\/#primaryimage"},"thumbnailUrl":"https:\/\/dispotech.ch\/wp-content\/uploads\/2020\/09\/Perfecto-.-Mascherina-.-Gamma-colori-2.jpg","datePublished":"2025-05-25T16:43:46+00:00","description":"Masques jetables avec \u00e9lastiques et barrette nasale ajustable. Fabriqu\u00e9s en trois couches de non-tiss\u00e9, ils garantissent un confort optimal. Disponibles en 7 couleurs.","breadcrumb":{"@id":"https:\/\/dispotech.ch\/fr\/prodotto\/masque-medical-type-iir-2\/#breadcrumb"},"inLanguage":"fr-FR","potentialAction":[{"@type":"ReadAction","target":["https:\/\/dispotech.ch\/fr\/prodotto\/masque-medical-type-iir-2\/"]}]},{"@type":"ImageObject","inLanguage":"fr-FR","@id":"https:\/\/dispotech.ch\/fr\/prodotto\/masque-medical-type-iir-2\/#primaryimage","url":"https:\/\/dispotech.ch\/wp-content\/uploads\/2020\/09\/Perfecto-.-Mascherina-.-Gamma-colori-2.jpg","contentUrl":"https:\/\/dispotech.ch\/wp-content\/uploads\/2020\/09\/Perfecto-.-Mascherina-.-Gamma-colori-2.jpg","width":2304,"height":1727,"caption":"Masque . coleurs 2"},{"@type":"BreadcrumbList","@id":"https:\/\/dispotech.ch\/fr\/prodotto\/masque-medical-type-iir-2\/#breadcrumb","itemListElement":[{"@type":"ListItem","position":1,"name":"Home","item":"https:\/\/dispotech.ch\/fr\/"},{"@type":"ListItem","position":2,"name":"Shop","item":"https:\/\/dispotech.ch\/fr\/shop-2\/"},{"@type":"ListItem","position":3,"name":"masque m\u00e9dical Type IIR"}]},{"@type":"WebSite","@id":"https:\/\/dispotech.ch\/#website","url":"https:\/\/dispotech.ch\/","name":"Dispotech Shop","description":"","potentialAction":[{"@type":"SearchAction","target":{"@type":"EntryPoint","urlTemplate":"https:\/\/dispotech.ch\/?s={search_term_string}"},"query-input":{"@type":"PropertyValueSpecification","valueRequired":true,"valueName":"search_term_string"}}],"inLanguage":"fr-FR"}]}},"_links":{"self":[{"href":"https:\/\/dispotech.ch\/fr\/wp-json\/wp\/v2\/product\/26275","targetHints":{"allow":["GET"]}}],"collection":[{"href":"https:\/\/dispotech.ch\/fr\/wp-json\/wp\/v2\/product"}],"about":[{"href":"https:\/\/dispotech.ch\/fr\/wp-json\/wp\/v2\/types\/product"}],"replies":[{"embeddable":true,"href":"https:\/\/dispotech.ch\/fr\/wp-json\/wp\/v2\/comments?post=26275"}],"wp:featuredmedia":[{"embeddable":true,"href":"https:\/\/dispotech.ch\/fr\/wp-json\/wp\/v2\/media\/26293"}],"wp:attachment":[{"href":"https:\/\/dispotech.ch\/fr\/wp-json\/wp\/v2\/media?parent=26275"}],"wp:term":[{"taxonomy":"product_brand","embeddable":true,"href":"https:\/\/dispotech.ch\/fr\/wp-json\/wp\/v2\/product_brand?post=26275"},{"taxonomy":"product_cat","embeddable":true,"href":"https:\/\/dispotech.ch\/fr\/wp-json\/wp\/v2\/product_cat?post=26275"},{"taxonomy":"product_tag","embeddable":true,"href":"https:\/\/dispotech.ch\/fr\/wp-json\/wp\/v2\/product_tag?post=26275"}],"curies":[{"name":"wp","href":"https:\/\/api.w.org\/{rel}","templated":true}]}}