{"id":26361,"date":"2025-04-10T17:15:59","date_gmt":"2025-04-10T15:15:59","guid":{"rendered":"https:\/\/dispotech.ch\/?post_type=product&#038;p=26361"},"modified":"2025-05-15T17:48:16","modified_gmt":"2025-05-15T15:48:16","slug":"canules-d-aspiration","status":"publish","type":"product","link":"https:\/\/dispotech.ch\/fr\/prodotto\/canules-d-aspiration\/","title":{"rendered":"Canules d\u2019Aspiration"},"content":{"rendered":"<h2>Canules d\u2019Aspiration : Confort et Qualit\u00e9<b><br \/>\n<\/b><\/h2>\n<p><span style=\"font-weight: 400;\">Les canules d\u2019aspiration sont la solution id\u00e9ale pour ceux qui recherchent des dispositifs fiables et ergonomiques. <\/span><\/p>\n<p><span style=\"font-weight: 400;\">Con\u00e7us pour garantir des performances optimales lors des proc\u00e9dures m\u00e9dicales, ces instruments offrent un confort tant aux praticiens qu\u2019aux patients.<\/span><\/p>\n<p><span style=\"font-weight: 400;\">Les canules sont disponibles en deux mod\u00e8les distincts :<\/span><\/p>\n<ul>\n<li style=\"font-weight: 400;\" aria-level=\"1\"><b>EM19<\/b><span style=\"font-weight: 400;\"> : longueur de 11,4 cm, id\u00e9ale pour les interventions n\u00e9cessitant une grande pr\u00e9cision.<\/span><\/li>\n<li style=\"font-weight: 400;\" aria-level=\"1\"><b>EM21<\/b><span style=\"font-weight: 400;\"> : longueur de 12,9 cm, parfaite pour des op\u00e9rations plus exigeantes.<\/span><\/li>\n<\/ul>\n<p><span style=\"font-weight: 400;\">Tous les mod\u00e8les <\/span><span style=\"font-weight: 400;\">poss\u00e8dent une <strong>prise ergonomique antid\u00e9rapante<\/strong> qui facilite leur manipulation <\/span><span style=\"font-weight: 400;\">et permet <strong>une utilisation prolong\u00e9e sans fatigue<\/strong>. <\/span><\/p>\n<p><span style=\"font-weight: 400;\">Leur forme lin\u00e9aire contribue \u00e0 r\u00e9duire les bruits lors de l\u2019utilisation, cr\u00e9ant ainsi un environnement de travail plus confortable. <\/span><\/p>\n<p><span style=\"font-weight: 400;\">De plus, leur conception soign\u00e9e garantit une hygi\u00e8ne optimale, un facteur essentiel <\/span><span style=\"font-weight: 400;\">dans les contextes m\u00e9dicaux<\/span><span style=\"font-weight: 400;\">.<\/span><\/p>\n<p><span style=\"font-weight: 400;\">Les patients b\u00e9n\u00e9ficient \u00e9galement d\u2019un <strong>grand confort gr\u00e2ce \u00e0 leur forme arrondie et compacte, qui r\u00e9duit le r\u00e9flexe pharyng\u00e9<\/strong><\/span><span style=\"font-weight: 400;\">, ce qui garantit une exp\u00e9rience plus agr\u00e9able, m\u00eame pour les patients les plus sensibles.<\/span><\/p>\n<p><span style=\"font-weight: 400;\">Choisir ces canules, c\u2019est opter pour un produit qui allie innovation, qualit\u00e9 et souci du d\u00e9tail.<\/span><\/p>\n<h2><em>Paquet de 10 pi\u00e8ces<\/em><\/h2>\n","protected":false},"excerpt":{"rendered":"<h2>Canules d\u2019Aspiration : Confort et Qualit\u00e9<b><br \/>\n<\/b><\/h2>\n<p><span style=\"font-weight: 400;\">Les canules d\u2019aspiration sont la solution id\u00e9ale pour ceux qui recherchent des dispositifs fiables et ergonomiques. <\/span><\/p>\n<p><span style=\"font-weight: 400;\">Con\u00e7us pour garantir des performances optimales lors des proc\u00e9dures m\u00e9dicales, ces instruments offrent un confort tant aux praticiens qu\u2019aux patients.<\/span><\/p>\n<p><span style=\"font-weight: 400;\">Les canules sont disponibles en deux mod\u00e8les distincts :<\/span><\/p>\n<ul>\n<li style=\"font-weight: 400;\" aria-level=\"1\"><b>EM19<\/b><span style=\"font-weight: 400;\"> : longueur de 11,4 cm, id\u00e9ale pour les interventions n\u00e9cessitant une grande pr\u00e9cision.<\/span><\/li>\n<li style=\"font-weight: 400;\" aria-level=\"1\"><b>EM21<\/b><span style=\"font-weight: 400;\"> : longueur de 12,9 cm, parfaite pour des op\u00e9rations plus exigeantes.<\/span><\/li>\n<\/ul>\n<p><span style=\"font-weight: 400;\">Tous les mod\u00e8les <\/span><span style=\"font-weight: 400;\">poss\u00e8dent une <strong>prise ergonomique antid\u00e9rapante<\/strong> qui facilite leur manipulation <\/span><span style=\"font-weight: 400;\">et permet <strong>une utilisation prolong\u00e9e sans fatigue<\/strong>. <\/span><\/p>\n<p><span style=\"font-weight: 400;\">Leur forme lin\u00e9aire contribue \u00e0 r\u00e9duire les bruits lors de l\u2019utilisation, cr\u00e9ant ainsi un environnement de travail plus confortable. <\/span><\/p>\n<p><span style=\"font-weight: 400;\">De plus, leur conception soign\u00e9e garantit une hygi\u00e8ne optimale, un facteur essentiel <\/span><span style=\"font-weight: 400;\">dans les contextes m\u00e9dicaux<\/span><span style=\"font-weight: 400;\">.<\/span><\/p>\n<p><span style=\"font-weight: 400;\">Les patients b\u00e9n\u00e9ficient \u00e9galement d\u2019un <strong>grand confort gr\u00e2ce \u00e0 leur forme arrondie et compacte, qui r\u00e9duit le r\u00e9flexe pharyng\u00e9<\/strong><\/span><span style=\"font-weight: 400;\">, ce qui garantit une exp\u00e9rience plus agr\u00e9able, m\u00eame pour les patients les plus sensibles.<\/span><\/p>\n<p><span style=\"font-weight: 400;\">Choisir ces canules, c\u2019est opter pour un produit qui allie innovation, qualit\u00e9 et souci du d\u00e9tail.<\/span><\/p>\n<h2><em>Paquet de 10 pi\u00e8ces<\/em><\/h2>\n","protected":false},"featured_media":26657,"comment_status":"open","ping_status":"closed","template":"","meta":{"_acf_changed":false},"product_brand":[],"product_cat":[286,450,417],"product_tag":[235,236,237],"class_list":{"0":"post-26361","1":"product","2":"type-product","3":"status-publish","4":"has-post-thumbnail","6":"product_cat-dental-fr","7":"product_cat-en-evidence","8":"product_cat-novita-fr","9":"product_tag-masque-fr","10":"product_tag-masque-fr-2","11":"product_tag-masque-fr-3","13":"first","14":"instock","15":"taxable","16":"shipping-taxable","17":"purchasable","18":"product-type-variable"},"acf":[],"yoast_head":"<!-- This site is optimized with the Yoast SEO plugin v27.3 - https:\/\/yoast.com\/product\/yoast-seo-wordpress\/ -->\n<title>Canules d&#039;Aspiration - Ergonomiques et Silencieuses<\/title>\n<meta name=\"description\" content=\"D\u00e9couvrez les canules d&#039;aspiration : design ergonomique, fonctionnement silencieux et confort optimal pour le patient, id\u00e9ales pour faciliter le travail des professionnels.\" \/>\n<meta name=\"robots\" content=\"index, follow, max-snippet:-1, max-image-preview:large, max-video-preview:-1\" \/>\n<link rel=\"canonical\" href=\"https:\/\/dispotech.ch\/fr\/prodotto\/canules-d-aspiration\/\" \/>\n<meta property=\"og:locale\" content=\"fr_FR\" \/>\n<meta property=\"og:type\" content=\"article\" \/>\n<meta property=\"og:title\" content=\"Canules d&#039;Aspiration - Ergonomiques et Silencieuses\" \/>\n<meta property=\"og:description\" content=\"D\u00e9couvrez les canules d&#039;aspiration : design ergonomique, fonctionnement silencieux et confort optimal pour le patient, id\u00e9ales pour faciliter le travail des professionnels.\" \/>\n<meta property=\"og:url\" content=\"https:\/\/dispotech.ch\/fr\/prodotto\/canules-d-aspiration\/\" \/>\n<meta property=\"og:site_name\" content=\"Dispotech Shop\" \/>\n<meta property=\"article:modified_time\" content=\"2025-05-15T15:48:16+00:00\" \/>\n<meta property=\"og:image\" content=\"https:\/\/dispotech.ch\/wp-content\/uploads\/2025\/04\/Group_EM21-Evo_F-1-1024x715.jpg\" \/>\n\t<meta property=\"og:image:width\" content=\"1024\" \/>\n\t<meta property=\"og:image:height\" content=\"715\" \/>\n\t<meta property=\"og:image:type\" content=\"image\/jpeg\" \/>\n<meta name=\"twitter:card\" content=\"summary_large_image\" \/>\n<meta name=\"twitter:label1\" content=\"Dur\u00e9e de lecture estim\u00e9e\" \/>\n\t<meta name=\"twitter:data1\" content=\"2 minutes\" \/>\n<script type=\"application\/ld+json\" class=\"yoast-schema-graph\">{\"@context\":\"https:\\\/\\\/schema.org\",\"@graph\":[{\"@type\":\"WebPage\",\"@id\":\"https:\\\/\\\/dispotech.ch\\\/fr\\\/prodotto\\\/canules-d-aspiration\\\/\",\"url\":\"https:\\\/\\\/dispotech.ch\\\/fr\\\/prodotto\\\/canules-d-aspiration\\\/\",\"name\":\"Canules d'Aspiration - Ergonomiques et Silencieuses\",\"isPartOf\":{\"@id\":\"https:\\\/\\\/dispotech.ch\\\/#website\"},\"primaryImageOfPage\":{\"@id\":\"https:\\\/\\\/dispotech.ch\\\/fr\\\/prodotto\\\/canules-d-aspiration\\\/#primaryimage\"},\"image\":{\"@id\":\"https:\\\/\\\/dispotech.ch\\\/fr\\\/prodotto\\\/canules-d-aspiration\\\/#primaryimage\"},\"thumbnailUrl\":\"https:\\\/\\\/dispotech.ch\\\/wp-content\\\/uploads\\\/2025\\\/04\\\/Group_EM21-Evo_F-1.jpg\",\"datePublished\":\"2025-04-10T15:15:59+00:00\",\"dateModified\":\"2025-05-15T15:48:16+00:00\",\"description\":\"D\u00e9couvrez les canules d'aspiration : design ergonomique, fonctionnement silencieux et confort optimal pour le patient, id\u00e9ales pour faciliter le travail des professionnels.\",\"breadcrumb\":{\"@id\":\"https:\\\/\\\/dispotech.ch\\\/fr\\\/prodotto\\\/canules-d-aspiration\\\/#breadcrumb\"},\"inLanguage\":\"fr-FR\",\"potentialAction\":[{\"@type\":\"ReadAction\",\"target\":[\"https:\\\/\\\/dispotech.ch\\\/fr\\\/prodotto\\\/canules-d-aspiration\\\/\"]}]},{\"@type\":\"ImageObject\",\"inLanguage\":\"fr-FR\",\"@id\":\"https:\\\/\\\/dispotech.ch\\\/fr\\\/prodotto\\\/canules-d-aspiration\\\/#primaryimage\",\"url\":\"https:\\\/\\\/dispotech.ch\\\/wp-content\\\/uploads\\\/2025\\\/04\\\/Group_EM21-Evo_F-1.jpg\",\"contentUrl\":\"https:\\\/\\\/dispotech.ch\\\/wp-content\\\/uploads\\\/2025\\\/04\\\/Group_EM21-Evo_F-1.jpg\",\"width\":7746,\"height\":5412},{\"@type\":\"BreadcrumbList\",\"@id\":\"https:\\\/\\\/dispotech.ch\\\/fr\\\/prodotto\\\/canules-d-aspiration\\\/#breadcrumb\",\"itemListElement\":[{\"@type\":\"ListItem\",\"position\":1,\"name\":\"Home\",\"item\":\"https:\\\/\\\/dispotech.ch\\\/fr\\\/\"},{\"@type\":\"ListItem\",\"position\":2,\"name\":\"Shop\",\"item\":\"https:\\\/\\\/dispotech.ch\\\/fr\\\/shop-2\\\/\"},{\"@type\":\"ListItem\",\"position\":3,\"name\":\"Canules d\u2019Aspiration\"}]},{\"@type\":\"WebSite\",\"@id\":\"https:\\\/\\\/dispotech.ch\\\/#website\",\"url\":\"https:\\\/\\\/dispotech.ch\\\/\",\"name\":\"Dispotech Shop\",\"description\":\"\",\"potentialAction\":[{\"@type\":\"SearchAction\",\"target\":{\"@type\":\"EntryPoint\",\"urlTemplate\":\"https:\\\/\\\/dispotech.ch\\\/?s={search_term_string}\"},\"query-input\":{\"@type\":\"PropertyValueSpecification\",\"valueRequired\":true,\"valueName\":\"search_term_string\"}}],\"inLanguage\":\"fr-FR\"}]}<\/script>\n<!-- \/ Yoast SEO plugin. -->","yoast_head_json":{"title":"Canules d'Aspiration - Ergonomiques et Silencieuses","description":"D\u00e9couvrez les canules d'aspiration : design ergonomique, fonctionnement silencieux et confort optimal pour le patient, id\u00e9ales pour faciliter le travail des professionnels.","robots":{"index":"index","follow":"follow","max-snippet":"max-snippet:-1","max-image-preview":"max-image-preview:large","max-video-preview":"max-video-preview:-1"},"canonical":"https:\/\/dispotech.ch\/fr\/prodotto\/canules-d-aspiration\/","og_locale":"fr_FR","og_type":"article","og_title":"Canules d'Aspiration - Ergonomiques et Silencieuses","og_description":"D\u00e9couvrez les canules d'aspiration : design ergonomique, fonctionnement silencieux et confort optimal pour le patient, id\u00e9ales pour faciliter le travail des professionnels.","og_url":"https:\/\/dispotech.ch\/fr\/prodotto\/canules-d-aspiration\/","og_site_name":"Dispotech Shop","article_modified_time":"2025-05-15T15:48:16+00:00","og_image":[{"width":1024,"height":715,"url":"https:\/\/dispotech.ch\/wp-content\/uploads\/2025\/04\/Group_EM21-Evo_F-1-1024x715.jpg","type":"image\/jpeg"}],"twitter_card":"summary_large_image","twitter_misc":{"Dur\u00e9e de lecture estim\u00e9e":"2 minutes"},"schema":{"@context":"https:\/\/schema.org","@graph":[{"@type":"WebPage","@id":"https:\/\/dispotech.ch\/fr\/prodotto\/canules-d-aspiration\/","url":"https:\/\/dispotech.ch\/fr\/prodotto\/canules-d-aspiration\/","name":"Canules d'Aspiration - Ergonomiques et Silencieuses","isPartOf":{"@id":"https:\/\/dispotech.ch\/#website"},"primaryImageOfPage":{"@id":"https:\/\/dispotech.ch\/fr\/prodotto\/canules-d-aspiration\/#primaryimage"},"image":{"@id":"https:\/\/dispotech.ch\/fr\/prodotto\/canules-d-aspiration\/#primaryimage"},"thumbnailUrl":"https:\/\/dispotech.ch\/wp-content\/uploads\/2025\/04\/Group_EM21-Evo_F-1.jpg","datePublished":"2025-04-10T15:15:59+00:00","dateModified":"2025-05-15T15:48:16+00:00","description":"D\u00e9couvrez les canules d'aspiration : design ergonomique, fonctionnement silencieux et confort optimal pour le patient, id\u00e9ales pour faciliter le travail des professionnels.","breadcrumb":{"@id":"https:\/\/dispotech.ch\/fr\/prodotto\/canules-d-aspiration\/#breadcrumb"},"inLanguage":"fr-FR","potentialAction":[{"@type":"ReadAction","target":["https:\/\/dispotech.ch\/fr\/prodotto\/canules-d-aspiration\/"]}]},{"@type":"ImageObject","inLanguage":"fr-FR","@id":"https:\/\/dispotech.ch\/fr\/prodotto\/canules-d-aspiration\/#primaryimage","url":"https:\/\/dispotech.ch\/wp-content\/uploads\/2025\/04\/Group_EM21-Evo_F-1.jpg","contentUrl":"https:\/\/dispotech.ch\/wp-content\/uploads\/2025\/04\/Group_EM21-Evo_F-1.jpg","width":7746,"height":5412},{"@type":"BreadcrumbList","@id":"https:\/\/dispotech.ch\/fr\/prodotto\/canules-d-aspiration\/#breadcrumb","itemListElement":[{"@type":"ListItem","position":1,"name":"Home","item":"https:\/\/dispotech.ch\/fr\/"},{"@type":"ListItem","position":2,"name":"Shop","item":"https:\/\/dispotech.ch\/fr\/shop-2\/"},{"@type":"ListItem","position":3,"name":"Canules d\u2019Aspiration"}]},{"@type":"WebSite","@id":"https:\/\/dispotech.ch\/#website","url":"https:\/\/dispotech.ch\/","name":"Dispotech Shop","description":"","potentialAction":[{"@type":"SearchAction","target":{"@type":"EntryPoint","urlTemplate":"https:\/\/dispotech.ch\/?s={search_term_string}"},"query-input":{"@type":"PropertyValueSpecification","valueRequired":true,"valueName":"search_term_string"}}],"inLanguage":"fr-FR"}]}},"_links":{"self":[{"href":"https:\/\/dispotech.ch\/fr\/wp-json\/wp\/v2\/product\/26361","targetHints":{"allow":["GET"]}}],"collection":[{"href":"https:\/\/dispotech.ch\/fr\/wp-json\/wp\/v2\/product"}],"about":[{"href":"https:\/\/dispotech.ch\/fr\/wp-json\/wp\/v2\/types\/product"}],"replies":[{"embeddable":true,"href":"https:\/\/dispotech.ch\/fr\/wp-json\/wp\/v2\/comments?post=26361"}],"wp:featuredmedia":[{"embeddable":true,"href":"https:\/\/dispotech.ch\/fr\/wp-json\/wp\/v2\/media\/26657"}],"wp:attachment":[{"href":"https:\/\/dispotech.ch\/fr\/wp-json\/wp\/v2\/media?parent=26361"}],"wp:term":[{"taxonomy":"product_brand","embeddable":true,"href":"https:\/\/dispotech.ch\/fr\/wp-json\/wp\/v2\/product_brand?post=26361"},{"taxonomy":"product_cat","embeddable":true,"href":"https:\/\/dispotech.ch\/fr\/wp-json\/wp\/v2\/product_cat?post=26361"},{"taxonomy":"product_tag","embeddable":true,"href":"https:\/\/dispotech.ch\/fr\/wp-json\/wp\/v2\/product_tag?post=26361"}],"curies":[{"name":"wp","href":"https:\/\/api.w.org\/{rel}","templated":true}]}}