{"id":26487,"date":"2025-04-10T11:53:26","date_gmt":"2025-04-10T09:53:26","guid":{"rendered":"https:\/\/dispotech.ch\/prodotto\/dispo-band\/"},"modified":"2025-05-05T17:32:00","modified_gmt":"2025-05-05T15:32:00","slug":"dispo-band","status":"publish","type":"product","link":"https:\/\/dispotech.ch\/fr\/prodotto\/dispo-band\/","title":{"rendered":"Dispo Band"},"content":{"rendered":"","protected":false},"excerpt":{"rendered":"<h2>Dispo Band \u2013 Sous-bras hygi\u00e9nique jetable pour les tensiom\u00e8tres<\/h2>\n<p><span style=\"font-weight: 400;\">Dispo Band est la <strong>protection jetable<\/strong> id\u00e9ale <strong>pour garantir l&rsquo;hygi\u00e8ne et la protection lors de la mesure de la pression<\/strong> art\u00e9rielle. <\/span><\/p>\n<p><span style=\"font-weight: 400;\">Facile \u00e0 appliquer, <strong>il se d\u00e9tache et se place sur le bras<\/strong> avec le c\u00f4t\u00e9 papier en contact avec la peau, <strong>puis se fixe \u00e0 l\u2019aide de l\u2019adh\u00e9sif int\u00e9gr\u00e9<\/strong>. <\/span><\/p>\n<p><span style=\"font-weight: 400;\">Une fois en place, <strong>le brassard du tensiom\u00e8tre se superpose \u00e0 Dispo Band<\/strong>, garantissant un contr\u00f4le confortable et hygi\u00e9nique.<\/span><\/p>\n<p><span style=\"font-weight: 400;\">Parfait pour les cabinets m\u00e9dicaux, les h\u00f4pitaux et les pharmacies, Dispo Band est une solution pratique et efficace pour maintenir des normes d\u2019hygi\u00e8ne \u00e9lev\u00e9es.<\/span><\/p>\n","protected":false},"featured_media":26483,"comment_status":"open","ping_status":"closed","template":"","meta":{"_acf_changed":false},"product_brand":[],"product_cat":[450,452,417],"product_tag":[],"class_list":{"0":"post-26487","1":"product","2":"type-product","3":"status-publish","4":"has-post-thumbnail","6":"product_cat-en-evidence","7":"product_cat-medical-fr","8":"product_cat-novita-fr","10":"first","11":"instock","12":"taxable","13":"shipping-taxable","14":"purchasable","15":"product-type-simple"},"acf":[],"yoast_head":"<!-- This site is optimized with the Yoast SEO plugin v27.3 - https:\/\/yoast.com\/product\/yoast-seo-wordpress\/ -->\n<title>Dispo Band Protection hygi\u00e9nique jetable pour tensiom\u00e8tres<\/title>\n<meta name=\"description\" content=\"D\u00e9couvrez Dispo Band, la protection jetable pour tensiom\u00e8tres : pratique, hygi\u00e9nique et facile \u00e0 appliquer. Id\u00e9al pour les cabinets m\u00e9dicaux et les h\u00f4pitaux.\" \/>\n<meta name=\"robots\" content=\"index, follow, max-snippet:-1, max-image-preview:large, max-video-preview:-1\" \/>\n<link rel=\"canonical\" href=\"https:\/\/dispotech.ch\/fr\/prodotto\/dispo-band\/\" \/>\n<meta property=\"og:locale\" content=\"fr_FR\" \/>\n<meta property=\"og:type\" content=\"article\" \/>\n<meta property=\"og:title\" content=\"Dispo Band Protection hygi\u00e9nique jetable pour tensiom\u00e8tres\" \/>\n<meta property=\"og:description\" content=\"D\u00e9couvrez Dispo Band, la protection jetable pour tensiom\u00e8tres : pratique, hygi\u00e9nique et facile \u00e0 appliquer. Id\u00e9al pour les cabinets m\u00e9dicaux et les h\u00f4pitaux.\" \/>\n<meta property=\"og:url\" content=\"https:\/\/dispotech.ch\/fr\/prodotto\/dispo-band\/\" \/>\n<meta property=\"og:site_name\" content=\"Dispotech Shop\" \/>\n<meta property=\"article:modified_time\" content=\"2025-05-05T15:32:00+00:00\" \/>\n<meta property=\"og:image\" content=\"https:\/\/dispotech.ch\/wp-content\/uploads\/2025\/04\/Dispo-Band_3.png\" \/>\n\t<meta property=\"og:image:width\" content=\"1080\" \/>\n\t<meta property=\"og:image:height\" content=\"1080\" \/>\n\t<meta property=\"og:image:type\" content=\"image\/png\" \/>\n<meta name=\"twitter:card\" content=\"summary_large_image\" \/>\n<script type=\"application\/ld+json\" class=\"yoast-schema-graph\">{\"@context\":\"https:\\\/\\\/schema.org\",\"@graph\":[{\"@type\":\"WebPage\",\"@id\":\"https:\\\/\\\/dispotech.ch\\\/fr\\\/prodotto\\\/dispo-band\\\/\",\"url\":\"https:\\\/\\\/dispotech.ch\\\/fr\\\/prodotto\\\/dispo-band\\\/\",\"name\":\"Dispo Band Protection hygi\u00e9nique jetable pour tensiom\u00e8tres\",\"isPartOf\":{\"@id\":\"https:\\\/\\\/dispotech.ch\\\/#website\"},\"primaryImageOfPage\":{\"@id\":\"https:\\\/\\\/dispotech.ch\\\/fr\\\/prodotto\\\/dispo-band\\\/#primaryimage\"},\"image\":{\"@id\":\"https:\\\/\\\/dispotech.ch\\\/fr\\\/prodotto\\\/dispo-band\\\/#primaryimage\"},\"thumbnailUrl\":\"https:\\\/\\\/dispotech.ch\\\/wp-content\\\/uploads\\\/2025\\\/04\\\/Dispo-Band_1.png\",\"datePublished\":\"2025-04-10T09:53:26+00:00\",\"dateModified\":\"2025-05-05T15:32:00+00:00\",\"description\":\"D\u00e9couvrez Dispo Band, la protection jetable pour tensiom\u00e8tres : pratique, hygi\u00e9nique et facile \u00e0 appliquer. Id\u00e9al pour les cabinets m\u00e9dicaux et les h\u00f4pitaux.\",\"breadcrumb\":{\"@id\":\"https:\\\/\\\/dispotech.ch\\\/fr\\\/prodotto\\\/dispo-band\\\/#breadcrumb\"},\"inLanguage\":\"fr-FR\",\"potentialAction\":[{\"@type\":\"ReadAction\",\"target\":[\"https:\\\/\\\/dispotech.ch\\\/fr\\\/prodotto\\\/dispo-band\\\/\"]}]},{\"@type\":\"ImageObject\",\"inLanguage\":\"fr-FR\",\"@id\":\"https:\\\/\\\/dispotech.ch\\\/fr\\\/prodotto\\\/dispo-band\\\/#primaryimage\",\"url\":\"https:\\\/\\\/dispotech.ch\\\/wp-content\\\/uploads\\\/2025\\\/04\\\/Dispo-Band_1.png\",\"contentUrl\":\"https:\\\/\\\/dispotech.ch\\\/wp-content\\\/uploads\\\/2025\\\/04\\\/Dispo-Band_1.png\",\"width\":1080,\"height\":1080,\"caption\":\"Dispo Band\"},{\"@type\":\"BreadcrumbList\",\"@id\":\"https:\\\/\\\/dispotech.ch\\\/fr\\\/prodotto\\\/dispo-band\\\/#breadcrumb\",\"itemListElement\":[{\"@type\":\"ListItem\",\"position\":1,\"name\":\"Home\",\"item\":\"https:\\\/\\\/dispotech.ch\\\/fr\\\/\"},{\"@type\":\"ListItem\",\"position\":2,\"name\":\"Shop\",\"item\":\"https:\\\/\\\/dispotech.ch\\\/fr\\\/shop-2\\\/\"},{\"@type\":\"ListItem\",\"position\":3,\"name\":\"Dispo Band\"}]},{\"@type\":\"WebSite\",\"@id\":\"https:\\\/\\\/dispotech.ch\\\/#website\",\"url\":\"https:\\\/\\\/dispotech.ch\\\/\",\"name\":\"Dispotech Shop\",\"description\":\"\",\"potentialAction\":[{\"@type\":\"SearchAction\",\"target\":{\"@type\":\"EntryPoint\",\"urlTemplate\":\"https:\\\/\\\/dispotech.ch\\\/?s={search_term_string}\"},\"query-input\":{\"@type\":\"PropertyValueSpecification\",\"valueRequired\":true,\"valueName\":\"search_term_string\"}}],\"inLanguage\":\"fr-FR\"}]}<\/script>\n<!-- \/ Yoast SEO plugin. -->","yoast_head_json":{"title":"Dispo Band Protection hygi\u00e9nique jetable pour tensiom\u00e8tres","description":"D\u00e9couvrez Dispo Band, la protection jetable pour tensiom\u00e8tres : pratique, hygi\u00e9nique et facile \u00e0 appliquer. Id\u00e9al pour les cabinets m\u00e9dicaux et les h\u00f4pitaux.","robots":{"index":"index","follow":"follow","max-snippet":"max-snippet:-1","max-image-preview":"max-image-preview:large","max-video-preview":"max-video-preview:-1"},"canonical":"https:\/\/dispotech.ch\/fr\/prodotto\/dispo-band\/","og_locale":"fr_FR","og_type":"article","og_title":"Dispo Band Protection hygi\u00e9nique jetable pour tensiom\u00e8tres","og_description":"D\u00e9couvrez Dispo Band, la protection jetable pour tensiom\u00e8tres : pratique, hygi\u00e9nique et facile \u00e0 appliquer. Id\u00e9al pour les cabinets m\u00e9dicaux et les h\u00f4pitaux.","og_url":"https:\/\/dispotech.ch\/fr\/prodotto\/dispo-band\/","og_site_name":"Dispotech Shop","article_modified_time":"2025-05-05T15:32:00+00:00","og_image":[{"width":1080,"height":1080,"url":"https:\/\/dispotech.ch\/wp-content\/uploads\/2025\/04\/Dispo-Band_3.png","type":"image\/png"}],"twitter_card":"summary_large_image","schema":{"@context":"https:\/\/schema.org","@graph":[{"@type":"WebPage","@id":"https:\/\/dispotech.ch\/fr\/prodotto\/dispo-band\/","url":"https:\/\/dispotech.ch\/fr\/prodotto\/dispo-band\/","name":"Dispo Band Protection hygi\u00e9nique jetable pour tensiom\u00e8tres","isPartOf":{"@id":"https:\/\/dispotech.ch\/#website"},"primaryImageOfPage":{"@id":"https:\/\/dispotech.ch\/fr\/prodotto\/dispo-band\/#primaryimage"},"image":{"@id":"https:\/\/dispotech.ch\/fr\/prodotto\/dispo-band\/#primaryimage"},"thumbnailUrl":"https:\/\/dispotech.ch\/wp-content\/uploads\/2025\/04\/Dispo-Band_1.png","datePublished":"2025-04-10T09:53:26+00:00","dateModified":"2025-05-05T15:32:00+00:00","description":"D\u00e9couvrez Dispo Band, la protection jetable pour tensiom\u00e8tres : pratique, hygi\u00e9nique et facile \u00e0 appliquer. Id\u00e9al pour les cabinets m\u00e9dicaux et les h\u00f4pitaux.","breadcrumb":{"@id":"https:\/\/dispotech.ch\/fr\/prodotto\/dispo-band\/#breadcrumb"},"inLanguage":"fr-FR","potentialAction":[{"@type":"ReadAction","target":["https:\/\/dispotech.ch\/fr\/prodotto\/dispo-band\/"]}]},{"@type":"ImageObject","inLanguage":"fr-FR","@id":"https:\/\/dispotech.ch\/fr\/prodotto\/dispo-band\/#primaryimage","url":"https:\/\/dispotech.ch\/wp-content\/uploads\/2025\/04\/Dispo-Band_1.png","contentUrl":"https:\/\/dispotech.ch\/wp-content\/uploads\/2025\/04\/Dispo-Band_1.png","width":1080,"height":1080,"caption":"Dispo Band"},{"@type":"BreadcrumbList","@id":"https:\/\/dispotech.ch\/fr\/prodotto\/dispo-band\/#breadcrumb","itemListElement":[{"@type":"ListItem","position":1,"name":"Home","item":"https:\/\/dispotech.ch\/fr\/"},{"@type":"ListItem","position":2,"name":"Shop","item":"https:\/\/dispotech.ch\/fr\/shop-2\/"},{"@type":"ListItem","position":3,"name":"Dispo Band"}]},{"@type":"WebSite","@id":"https:\/\/dispotech.ch\/#website","url":"https:\/\/dispotech.ch\/","name":"Dispotech Shop","description":"","potentialAction":[{"@type":"SearchAction","target":{"@type":"EntryPoint","urlTemplate":"https:\/\/dispotech.ch\/?s={search_term_string}"},"query-input":{"@type":"PropertyValueSpecification","valueRequired":true,"valueName":"search_term_string"}}],"inLanguage":"fr-FR"}]}},"_links":{"self":[{"href":"https:\/\/dispotech.ch\/fr\/wp-json\/wp\/v2\/product\/26487","targetHints":{"allow":["GET"]}}],"collection":[{"href":"https:\/\/dispotech.ch\/fr\/wp-json\/wp\/v2\/product"}],"about":[{"href":"https:\/\/dispotech.ch\/fr\/wp-json\/wp\/v2\/types\/product"}],"replies":[{"embeddable":true,"href":"https:\/\/dispotech.ch\/fr\/wp-json\/wp\/v2\/comments?post=26487"}],"wp:featuredmedia":[{"embeddable":true,"href":"https:\/\/dispotech.ch\/fr\/wp-json\/wp\/v2\/media\/26483"}],"wp:attachment":[{"href":"https:\/\/dispotech.ch\/fr\/wp-json\/wp\/v2\/media?parent=26487"}],"wp:term":[{"taxonomy":"product_brand","embeddable":true,"href":"https:\/\/dispotech.ch\/fr\/wp-json\/wp\/v2\/product_brand?post=26487"},{"taxonomy":"product_cat","embeddable":true,"href":"https:\/\/dispotech.ch\/fr\/wp-json\/wp\/v2\/product_cat?post=26487"},{"taxonomy":"product_tag","embeddable":true,"href":"https:\/\/dispotech.ch\/fr\/wp-json\/wp\/v2\/product_tag?post=26487"}],"curies":[{"name":"wp","href":"https:\/\/api.w.org\/{rel}","templated":true}]}}